{"id":4461,"date":"2025-10-07T07:31:17","date_gmt":"2025-10-07T07:31:17","guid":{"rendered":"https:\/\/www.sdapakuote.lt\/?page_id=4461"},"modified":"2025-10-07T07:36:22","modified_gmt":"2025-10-07T07:36:22","slug":"maisini-sasu-kukam-baumkuchen","status":"publish","type":"page","link":"https:\/\/www.sdapakuote.lt\/lv\/produkti\/polietilena-maisini\/cpp-bopp-maisini\/maisini-sasu-kukam-baumkuchen\/","title":{"rendered":"Maisi\u0146i \u0161a\u0161u k\u016bk\u0101m (baumkuchen)"},"content":{"rendered":"<p data-start=\"388\" data-end=\"705\"><strong data-start=\"388\" data-end=\"403\">SDA Pakuot\u0117<\/strong> pied\u0101v\u0101 augstas kvalit\u0101tes <strong data-start=\"431\" data-end=\"454\">CPP \/ BOPP maisi\u0146us<\/strong>, kas izgatavoti no caursp\u012bd\u012bgas polipropil\u0113na pl\u0113ves ar \u012bpa\u0161i skaidru un glanc\u0113tu virsmu.<br data-start=\"544\" data-end=\"547\" \/><br \/>\n\u0160ie maisi\u0146i <strong data-start=\"559\" data-end=\"596\">izce\u013c produkta skaistumu un formu<\/strong>, padarot \u0161a\u0161u k\u016bku par galveno uzman\u012bbas centru, bet iepakojumu \u2014 par <strong data-start=\"667\" data-end=\"703\">vieglu, est\u0113tisku papildin\u0101jumu.<\/strong><\/p>\n<p data-start=\"707\" data-end=\"869\"><strong data-start=\"707\" data-end=\"729\">Maisi\u0146i \u0161a\u0161u k\u016bk\u0101m<\/strong> ir <strong data-start=\"733\" data-end=\"758\">ekonomisks risin\u0101jums<\/strong>, sal\u012bdzinot ar kartona iepakojumu, vienlaikus saglab\u0101jot <strong data-start=\"816\" data-end=\"867\">vizu\u0101lo pievilc\u012bbu un profesion\u0101lu noform\u0113jumu.<\/strong><\/p>\n<p data-start=\"871\" data-end=\"1090\">Svar\u012bga priek\u0161roc\u012bba \u2014 maisi\u0146os ir <strong data-start=\"906\" data-end=\"965\">\u010detri mazi ventil\u0101cijas caurumi (apm\u0113ram 1 cm diametr\u0101)<\/strong>, kas \u013cauj produktam \u201celpot\u201d.<br data-start=\"994\" data-end=\"997\" \/><br \/>\nPateicoties tam, <strong data-start=\"1014\" data-end=\"1088\">\u0161a\u0161u k\u016bka ilg\u0101k saglab\u0101 svaigumu, neboj\u0101jas un nezaud\u0113 savu kvalit\u0101ti.<\/strong><\/p>\n<p data-start=\"1092\" data-end=\"1351\"><strong data-start=\"1092\" data-end=\"1155\">Caursp\u012bd\u012bgie CPP \/ BOPP maisi\u0146i konditorejas izstr\u0101d\u0101jumiem<\/strong> ir <strong data-start=\"1159\" data-end=\"1217\">\u0113rts, higi\u0113nisks un profesion\u0101ls iepakojuma risin\u0101jums<\/strong>, kas piem\u0113rots gan <strong data-start=\"1237\" data-end=\"1282\">maz\u0101m maizn\u012bc\u0101m, gan liel\u0101kiem ra\u017eot\u0101jiem<\/strong>, kuri v\u0113las saglab\u0101t savu produkciju svaigu un vizu\u0101li pievilc\u012bgu.<\/p>\n","protected":false},"excerpt":{"rendered":"<p>SDA Pakuot\u0117 pied\u0101v\u0101 augstas kvalit\u0101tes CPP \/ BOPP maisi\u0146us, kas izgatavoti no caursp\u012bd\u012bgas polipropil\u0113na pl\u0113ves ar \u012bpa\u0161i skaidru un glanc\u0113tu virsmu. \u0160ie maisi\u0146i izce\u013c produkta skaistumu un formu, padarot \u0161a\u0161u k\u016bku par galveno uzman\u012bbas centru, bet iepakojumu \u2014 par vieglu, est\u0113tisku papildin\u0101jumu. Maisi\u0146i \u0161a\u0161u k\u016bk\u0101m ir ekonomisks risin\u0101jums, sal\u012bdzinot ar kartona iepakojumu, vienlaikus saglab\u0101jot vizu\u0101lo [&hellip;]<\/p>\n","protected":false},"author":2,"featured_media":4462,"parent":4439,"menu_order":0,"comment_status":"closed","ping_status":"closed","template":"page-single-product.php","meta":{"_acf_changed":false,"footnotes":""},"class_list":["post-4461","page","type-page","status-publish","has-post-thumbnail","hentry"],"acf":[],"yoast_head":"<!-- This site is optimized with the Yoast SEO plugin v27.4 - https:\/\/yoast.com\/product\/yoast-seo-wordpress\/ -->\n<title>Maisi\u0146i \u0161a\u0161u k\u016bk\u0101m (baumkuchen) - sdapakuote.lt<\/title>\n<meta name=\"description\" content=\"Caursp\u012bd\u012bgi CPP\/BOPP maisi\u0146i \u0161a\u0161u k\u016bk\u0101m ar ventil\u0101cijas caurumiem. Saglab\u0101 svaigumu un pie\u0161\u0137ir est\u0113tisku izskatu.\" \/>\n<meta name=\"robots\" content=\"index, follow, max-snippet:-1, max-image-preview:large, max-video-preview:-1\" \/>\n<link rel=\"canonical\" href=\"https:\/\/www.sdapakuote.lt\/lv\/produkti\/polietilena-maisini\/cpp-bopp-maisini\/maisini-sasu-kukam-baumkuchen\/\" \/>\n<meta property=\"og:locale\" content=\"lv_LV\" \/>\n<meta property=\"og:type\" content=\"article\" \/>\n<meta property=\"og:title\" content=\"Maisi\u0146i \u0161a\u0161u k\u016bk\u0101m (baumkuchen) - sdapakuote.lt\" \/>\n<meta property=\"og:description\" content=\"Caursp\u012bd\u012bgi CPP\/BOPP maisi\u0146i \u0161a\u0161u k\u016bk\u0101m ar ventil\u0101cijas caurumiem. Saglab\u0101 svaigumu un pie\u0161\u0137ir est\u0113tisku izskatu.\" \/>\n<meta property=\"og:url\" content=\"https:\/\/www.sdapakuote.lt\/lv\/produkti\/polietilena-maisini\/cpp-bopp-maisini\/maisini-sasu-kukam-baumkuchen\/\" \/>\n<meta property=\"og:site_name\" content=\"sdapakuote.lt\" \/>\n<meta property=\"article:modified_time\" content=\"2025-10-07T07:36:22+00:00\" \/>\n<meta property=\"og:image\" content=\"https:\/\/www.sdapakuote.lt\/wp-content\/uploads\/2021\/09\/maiseliai-sakociams.jpg\" \/>\n\t<meta property=\"og:image:width\" content=\"550\" \/>\n\t<meta property=\"og:image:height\" content=\"1000\" \/>\n\t<meta property=\"og:image:type\" content=\"image\/jpeg\" \/>\n<meta name=\"twitter:card\" content=\"summary_large_image\" \/>\n<meta name=\"twitter:label1\" content=\"Est. reading time\" \/>\n\t<meta name=\"twitter:data1\" content=\"1 minute\" \/>\n<script type=\"application\/ld+json\" class=\"yoast-schema-graph\">{\"@context\":\"https:\\\/\\\/schema.org\",\"@graph\":[{\"@type\":\"WebPage\",\"@id\":\"https:\\\/\\\/www.sdapakuote.lt\\\/lv\\\/produkti\\\/polietilena-maisini\\\/cpp-bopp-maisini\\\/maisini-sasu-kukam-baumkuchen\\\/\",\"url\":\"https:\\\/\\\/www.sdapakuote.lt\\\/lv\\\/produkti\\\/polietilena-maisini\\\/cpp-bopp-maisini\\\/maisini-sasu-kukam-baumkuchen\\\/\",\"name\":\"Maisi\u0146i \u0161a\u0161u k\u016bk\u0101m (baumkuchen) - sdapakuote.lt\",\"isPartOf\":{\"@id\":\"https:\\\/\\\/www.sdapakuote.lt\\\/lv\\\/#website\"},\"primaryImageOfPage\":{\"@id\":\"https:\\\/\\\/www.sdapakuote.lt\\\/lv\\\/produkti\\\/polietilena-maisini\\\/cpp-bopp-maisini\\\/maisini-sasu-kukam-baumkuchen\\\/#primaryimage\"},\"image\":{\"@id\":\"https:\\\/\\\/www.sdapakuote.lt\\\/lv\\\/produkti\\\/polietilena-maisini\\\/cpp-bopp-maisini\\\/maisini-sasu-kukam-baumkuchen\\\/#primaryimage\"},\"thumbnailUrl\":\"https:\\\/\\\/www.sdapakuote.lt\\\/wp-content\\\/uploads\\\/2021\\\/09\\\/maiseliai-sakociams.jpg\",\"datePublished\":\"2025-10-07T07:31:17+00:00\",\"dateModified\":\"2025-10-07T07:36:22+00:00\",\"description\":\"Caursp\u012bd\u012bgi CPP\\\/BOPP maisi\u0146i \u0161a\u0161u k\u016bk\u0101m ar ventil\u0101cijas caurumiem. Saglab\u0101 svaigumu un pie\u0161\u0137ir est\u0113tisku izskatu.\",\"breadcrumb\":{\"@id\":\"https:\\\/\\\/www.sdapakuote.lt\\\/lv\\\/produkti\\\/polietilena-maisini\\\/cpp-bopp-maisini\\\/maisini-sasu-kukam-baumkuchen\\\/#breadcrumb\"},\"inLanguage\":\"lv-LV\",\"potentialAction\":[{\"@type\":\"ReadAction\",\"target\":[\"https:\\\/\\\/www.sdapakuote.lt\\\/lv\\\/produkti\\\/polietilena-maisini\\\/cpp-bopp-maisini\\\/maisini-sasu-kukam-baumkuchen\\\/\"]}]},{\"@type\":\"ImageObject\",\"inLanguage\":\"lv-LV\",\"@id\":\"https:\\\/\\\/www.sdapakuote.lt\\\/lv\\\/produkti\\\/polietilena-maisini\\\/cpp-bopp-maisini\\\/maisini-sasu-kukam-baumkuchen\\\/#primaryimage\",\"url\":\"https:\\\/\\\/www.sdapakuote.lt\\\/wp-content\\\/uploads\\\/2021\\\/09\\\/maiseliai-sakociams.jpg\",\"contentUrl\":\"https:\\\/\\\/www.sdapakuote.lt\\\/wp-content\\\/uploads\\\/2021\\\/09\\\/maiseliai-sakociams.jpg\",\"width\":550,\"height\":1000,\"caption\":\"Mai\u0161eli\u0173 \u0161ako\u010diams gamyba\"},{\"@type\":\"BreadcrumbList\",\"@id\":\"https:\\\/\\\/www.sdapakuote.lt\\\/lv\\\/produkti\\\/polietilena-maisini\\\/cpp-bopp-maisini\\\/maisini-sasu-kukam-baumkuchen\\\/#breadcrumb\",\"itemListElement\":[{\"@type\":\"ListItem\",\"position\":1,\"name\":\"Home\",\"item\":\"https:\\\/\\\/www.sdapakuote.lt\\\/lv\\\/\"},{\"@type\":\"ListItem\",\"position\":2,\"name\":\"Produkti\",\"item\":\"https:\\\/\\\/www.sdapakuote.lt\\\/lv\\\/produkti\\\/\"},{\"@type\":\"ListItem\",\"position\":3,\"name\":\"Polietil\u0113na maisi\u0146i\",\"item\":\"https:\\\/\\\/www.sdapakuote.lt\\\/lv\\\/produkti\\\/polietilena-maisini\\\/\"},{\"@type\":\"ListItem\",\"position\":4,\"name\":\"CPP \\\/ BOPP maisi\u0146i\",\"item\":\"https:\\\/\\\/www.sdapakuote.lt\\\/lv\\\/produkti\\\/polietilena-maisini\\\/cpp-bopp-maisini\\\/\"},{\"@type\":\"ListItem\",\"position\":5,\"name\":\"Maisi\u0146i \u0161a\u0161u k\u016bk\u0101m (baumkuchen)\"}]},{\"@type\":\"WebSite\",\"@id\":\"https:\\\/\\\/www.sdapakuote.lt\\\/lv\\\/#website\",\"url\":\"https:\\\/\\\/www.sdapakuote.lt\\\/lv\\\/\",\"name\":\"sdapakuote.lt\",\"description\":\"Kol kas tik dar vienas WordPress tinklalapis\",\"potentialAction\":[{\"@type\":\"SearchAction\",\"target\":{\"@type\":\"EntryPoint\",\"urlTemplate\":\"https:\\\/\\\/www.sdapakuote.lt\\\/lv\\\/?s={search_term_string}\"},\"query-input\":{\"@type\":\"PropertyValueSpecification\",\"valueRequired\":true,\"valueName\":\"search_term_string\"}}],\"inLanguage\":\"lv-LV\"}]}<\/script>\n<!-- \/ Yoast SEO plugin. -->","yoast_head_json":{"title":"Maisi\u0146i \u0161a\u0161u k\u016bk\u0101m (baumkuchen) - sdapakuote.lt","description":"Caursp\u012bd\u012bgi CPP\/BOPP maisi\u0146i \u0161a\u0161u k\u016bk\u0101m ar ventil\u0101cijas caurumiem. Saglab\u0101 svaigumu un pie\u0161\u0137ir est\u0113tisku izskatu.","robots":{"index":"index","follow":"follow","max-snippet":"max-snippet:-1","max-image-preview":"max-image-preview:large","max-video-preview":"max-video-preview:-1"},"canonical":"https:\/\/www.sdapakuote.lt\/lv\/produkti\/polietilena-maisini\/cpp-bopp-maisini\/maisini-sasu-kukam-baumkuchen\/","og_locale":"lv_LV","og_type":"article","og_title":"Maisi\u0146i \u0161a\u0161u k\u016bk\u0101m (baumkuchen) - sdapakuote.lt","og_description":"Caursp\u012bd\u012bgi CPP\/BOPP maisi\u0146i \u0161a\u0161u k\u016bk\u0101m ar ventil\u0101cijas caurumiem. Saglab\u0101 svaigumu un pie\u0161\u0137ir est\u0113tisku izskatu.","og_url":"https:\/\/www.sdapakuote.lt\/lv\/produkti\/polietilena-maisini\/cpp-bopp-maisini\/maisini-sasu-kukam-baumkuchen\/","og_site_name":"sdapakuote.lt","article_modified_time":"2025-10-07T07:36:22+00:00","og_image":[{"width":550,"height":1000,"url":"https:\/\/www.sdapakuote.lt\/wp-content\/uploads\/2021\/09\/maiseliai-sakociams.jpg","type":"image\/jpeg"}],"twitter_card":"summary_large_image","twitter_misc":{"Est. reading time":"1 minute"},"schema":{"@context":"https:\/\/schema.org","@graph":[{"@type":"WebPage","@id":"https:\/\/www.sdapakuote.lt\/lv\/produkti\/polietilena-maisini\/cpp-bopp-maisini\/maisini-sasu-kukam-baumkuchen\/","url":"https:\/\/www.sdapakuote.lt\/lv\/produkti\/polietilena-maisini\/cpp-bopp-maisini\/maisini-sasu-kukam-baumkuchen\/","name":"Maisi\u0146i \u0161a\u0161u k\u016bk\u0101m (baumkuchen) - sdapakuote.lt","isPartOf":{"@id":"https:\/\/www.sdapakuote.lt\/lv\/#website"},"primaryImageOfPage":{"@id":"https:\/\/www.sdapakuote.lt\/lv\/produkti\/polietilena-maisini\/cpp-bopp-maisini\/maisini-sasu-kukam-baumkuchen\/#primaryimage"},"image":{"@id":"https:\/\/www.sdapakuote.lt\/lv\/produkti\/polietilena-maisini\/cpp-bopp-maisini\/maisini-sasu-kukam-baumkuchen\/#primaryimage"},"thumbnailUrl":"https:\/\/www.sdapakuote.lt\/wp-content\/uploads\/2021\/09\/maiseliai-sakociams.jpg","datePublished":"2025-10-07T07:31:17+00:00","dateModified":"2025-10-07T07:36:22+00:00","description":"Caursp\u012bd\u012bgi CPP\/BOPP maisi\u0146i \u0161a\u0161u k\u016bk\u0101m ar ventil\u0101cijas caurumiem. Saglab\u0101 svaigumu un pie\u0161\u0137ir est\u0113tisku izskatu.","breadcrumb":{"@id":"https:\/\/www.sdapakuote.lt\/lv\/produkti\/polietilena-maisini\/cpp-bopp-maisini\/maisini-sasu-kukam-baumkuchen\/#breadcrumb"},"inLanguage":"lv-LV","potentialAction":[{"@type":"ReadAction","target":["https:\/\/www.sdapakuote.lt\/lv\/produkti\/polietilena-maisini\/cpp-bopp-maisini\/maisini-sasu-kukam-baumkuchen\/"]}]},{"@type":"ImageObject","inLanguage":"lv-LV","@id":"https:\/\/www.sdapakuote.lt\/lv\/produkti\/polietilena-maisini\/cpp-bopp-maisini\/maisini-sasu-kukam-baumkuchen\/#primaryimage","url":"https:\/\/www.sdapakuote.lt\/wp-content\/uploads\/2021\/09\/maiseliai-sakociams.jpg","contentUrl":"https:\/\/www.sdapakuote.lt\/wp-content\/uploads\/2021\/09\/maiseliai-sakociams.jpg","width":550,"height":1000,"caption":"Mai\u0161eli\u0173 \u0161ako\u010diams gamyba"},{"@type":"BreadcrumbList","@id":"https:\/\/www.sdapakuote.lt\/lv\/produkti\/polietilena-maisini\/cpp-bopp-maisini\/maisini-sasu-kukam-baumkuchen\/#breadcrumb","itemListElement":[{"@type":"ListItem","position":1,"name":"Home","item":"https:\/\/www.sdapakuote.lt\/lv\/"},{"@type":"ListItem","position":2,"name":"Produkti","item":"https:\/\/www.sdapakuote.lt\/lv\/produkti\/"},{"@type":"ListItem","position":3,"name":"Polietil\u0113na maisi\u0146i","item":"https:\/\/www.sdapakuote.lt\/lv\/produkti\/polietilena-maisini\/"},{"@type":"ListItem","position":4,"name":"CPP \/ BOPP maisi\u0146i","item":"https:\/\/www.sdapakuote.lt\/lv\/produkti\/polietilena-maisini\/cpp-bopp-maisini\/"},{"@type":"ListItem","position":5,"name":"Maisi\u0146i \u0161a\u0161u k\u016bk\u0101m (baumkuchen)"}]},{"@type":"WebSite","@id":"https:\/\/www.sdapakuote.lt\/lv\/#website","url":"https:\/\/www.sdapakuote.lt\/lv\/","name":"sdapakuote.lt","description":"Kol kas tik dar vienas WordPress tinklalapis","potentialAction":[{"@type":"SearchAction","target":{"@type":"EntryPoint","urlTemplate":"https:\/\/www.sdapakuote.lt\/lv\/?s={search_term_string}"},"query-input":{"@type":"PropertyValueSpecification","valueRequired":true,"valueName":"search_term_string"}}],"inLanguage":"lv-LV"}]}},"_links":{"self":[{"href":"https:\/\/www.sdapakuote.lt\/lv\/wp-json\/wp\/v2\/pages\/4461","targetHints":{"allow":["GET"]}}],"collection":[{"href":"https:\/\/www.sdapakuote.lt\/lv\/wp-json\/wp\/v2\/pages"}],"about":[{"href":"https:\/\/www.sdapakuote.lt\/lv\/wp-json\/wp\/v2\/types\/page"}],"author":[{"embeddable":true,"href":"https:\/\/www.sdapakuote.lt\/lv\/wp-json\/wp\/v2\/users\/2"}],"replies":[{"embeddable":true,"href":"https:\/\/www.sdapakuote.lt\/lv\/wp-json\/wp\/v2\/comments?post=4461"}],"version-history":[{"count":1,"href":"https:\/\/www.sdapakuote.lt\/lv\/wp-json\/wp\/v2\/pages\/4461\/revisions"}],"predecessor-version":[{"id":4463,"href":"https:\/\/www.sdapakuote.lt\/lv\/wp-json\/wp\/v2\/pages\/4461\/revisions\/4463"}],"up":[{"embeddable":true,"href":"https:\/\/www.sdapakuote.lt\/lv\/wp-json\/wp\/v2\/pages\/4439"}],"wp:featuredmedia":[{"embeddable":true,"href":"https:\/\/www.sdapakuote.lt\/lv\/wp-json\/wp\/v2\/media\/4462"}],"wp:attachment":[{"href":"https:\/\/www.sdapakuote.lt\/lv\/wp-json\/wp\/v2\/media?parent=4461"}],"curies":[{"name":"wp","href":"https:\/\/api.w.org\/{rel}","templated":true}]}}