{"id":4458,"date":"2025-10-07T07:29:04","date_gmt":"2025-10-07T07:29:04","guid":{"rendered":"https:\/\/www.sdapakuote.lt\/?page_id=4458"},"modified":"2025-10-07T07:29:09","modified_gmt":"2025-10-07T07:29:09","slug":"maisini-garsvielam","status":"publish","type":"page","link":"https:\/\/www.sdapakuote.lt\/lv\/produkti\/polietilena-maisini\/cpp-bopp-maisini\/maisini-garsvielam\/","title":{"rendered":"Maisi\u0146i gar\u0161viel\u0101m"},"content":{"rendered":"<p data-start=\"332\" data-end=\"593\"><strong data-start=\"332\" data-end=\"347\">SDA Pakuot\u0117<\/strong> pied\u0101v\u0101 augstas kvalit\u0101tes <strong data-start=\"375\" data-end=\"398\">mais\u012b\u0146us gar\u0161viel\u0101m<\/strong>, kas izgatavoti no <strong data-start=\"418\" data-end=\"460\">BOPP (orient\u0113t\u0101 polipropil\u0113na) pl\u0113ves.<\/strong><br data-start=\"460\" data-end=\"463\" \/><br \/>\n\u0160ie maisi\u0146i izce\u013cas ar <strong data-start=\"486\" data-end=\"509\">\u012bpa\u0161u caursp\u012bd\u012bgumu<\/strong>, \u013caujot pat\u0113r\u0113t\u0101jam skaidri redz\u0113t produktu un padarot to <strong data-start=\"568\" data-end=\"590\">vizu\u0101li pievilc\u012bgu<\/strong>.<\/p>\n<p data-start=\"595\" data-end=\"840\">Maisi\u0146iem ir <strong data-start=\"608\" data-end=\"629\">praktiska \u012bpa\u0161\u012bba<\/strong> \u2013 iegrie\u017eot st\u016br\u012bti, tie <strong data-start=\"655\" data-end=\"679\">pl\u012bst vien\u0101 virzien\u0101<\/strong>, kas \u013cauj <strong data-start=\"690\" data-end=\"719\">\u0113rt\u0101k izmantot gar\u0161vielas<\/strong> no da\u013c\u0113ji atv\u0113rtas pakas, nezaud\u0113jot produkta svaigumu. Tas nodro\u0161ina <strong data-start=\"790\" data-end=\"838\">\u0113rtu lieto\u0161anu un ilg\u0101ku uzglab\u0101\u0161anas laiku.<\/strong><\/p>\n<p data-start=\"842\" data-end=\"1046\">Turkl\u0101t <strong data-start=\"850\" data-end=\"894\">BOPP maisi\u0146i gar\u0161viel\u0101m ir antistatiz\u0113ti<\/strong>, t\u0101d\u0113j\u0101di <strong data-start=\"905\" data-end=\"967\">fas\u0113\u0161anas laik\u0101 gar\u0161vielas nepiel\u012bp pie maisi\u0146a iek\u0161puses.<\/strong><br data-start=\"967\" data-end=\"970\" \/><br \/>\nTas atvieglo iepako\u0161anas procesu un paaugstina <strong data-start=\"1017\" data-end=\"1044\">ra\u017eo\u0161anas efektivit\u0101ti.<\/strong><\/p>\n<p data-start=\"1048\" data-end=\"1296\">\u0160os maisi\u0146us var <strong data-start=\"1065\" data-end=\"1126\">\u0113rti ieg\u0101d\u0101ties nelielos daudzumos m\u016bsu interneta veikal\u0101<\/strong>, bet liel\u0101kiem pas\u016bt\u012bjumiem vai citiem izm\u0113riem <strong data-start=\"1175\" data-end=\"1221\">aicin\u0101m sazin\u0101ties pa t\u0101lruni vai e-past\u0101.<\/strong><br data-start=\"1221\" data-end=\"1224\" \/><br \/>\nM\u0113s piemekl\u0113sim <strong data-start=\"1240\" data-end=\"1266\">piem\u0113rot\u0101ko risin\u0101jumu<\/strong> atbilsto\u0161i j\u016bsu vajadz\u012bb\u0101m.<\/p>\n","protected":false},"excerpt":{"rendered":"<p>SDA Pakuot\u0117 pied\u0101v\u0101 augstas kvalit\u0101tes mais\u012b\u0146us gar\u0161viel\u0101m, kas izgatavoti no BOPP (orient\u0113t\u0101 polipropil\u0113na) pl\u0113ves. \u0160ie maisi\u0146i izce\u013cas ar \u012bpa\u0161u caursp\u012bd\u012bgumu, \u013caujot pat\u0113r\u0113t\u0101jam skaidri redz\u0113t produktu un padarot to vizu\u0101li pievilc\u012bgu. Maisi\u0146iem ir praktiska \u012bpa\u0161\u012bba \u2013 iegrie\u017eot st\u016br\u012bti, tie pl\u012bst vien\u0101 virzien\u0101, kas \u013cauj \u0113rt\u0101k izmantot gar\u0161vielas no da\u013c\u0113ji atv\u0113rtas pakas, nezaud\u0113jot produkta svaigumu. Tas nodro\u0161ina [&hellip;]<\/p>\n","protected":false},"author":2,"featured_media":4459,"parent":4439,"menu_order":0,"comment_status":"closed","ping_status":"closed","template":"page-single-product.php","meta":{"_acf_changed":false,"footnotes":""},"class_list":["post-4458","page","type-page","status-publish","has-post-thumbnail","hentry"],"acf":[],"yoast_head":"<!-- This site is optimized with the Yoast SEO plugin v27.4 - https:\/\/yoast.com\/product\/yoast-seo-wordpress\/ -->\n<title>Maisi\u0146i gar\u0161viel\u0101m - sdapakuote.lt<\/title>\n<meta name=\"description\" content=\"Caursp\u012bd\u012bgi un antistatiz\u0113ti BOPP maisi\u0146i gar\u0161vielu fas\u0113\u0161anai. \u0112rti, est\u0113tiski un piem\u0113roti p\u0101rtikas produktiem.\" \/>\n<meta name=\"robots\" content=\"index, follow, max-snippet:-1, max-image-preview:large, max-video-preview:-1\" \/>\n<link rel=\"canonical\" href=\"https:\/\/www.sdapakuote.lt\/lv\/produkti\/polietilena-maisini\/cpp-bopp-maisini\/maisini-garsvielam\/\" \/>\n<meta property=\"og:locale\" content=\"lv_LV\" \/>\n<meta property=\"og:type\" content=\"article\" \/>\n<meta property=\"og:title\" content=\"Maisi\u0146i gar\u0161viel\u0101m - sdapakuote.lt\" \/>\n<meta property=\"og:description\" content=\"Caursp\u012bd\u012bgi un antistatiz\u0113ti BOPP maisi\u0146i gar\u0161vielu fas\u0113\u0161anai. \u0112rti, est\u0113tiski un piem\u0113roti p\u0101rtikas produktiem.\" \/>\n<meta property=\"og:url\" content=\"https:\/\/www.sdapakuote.lt\/lv\/produkti\/polietilena-maisini\/cpp-bopp-maisini\/maisini-garsvielam\/\" \/>\n<meta property=\"og:site_name\" content=\"sdapakuote.lt\" \/>\n<meta property=\"article:modified_time\" content=\"2025-10-07T07:29:09+00:00\" \/>\n<meta property=\"og:image\" content=\"https:\/\/www.sdapakuote.lt\/wp-content\/uploads\/2021\/09\/maiseliai-prieskoniams.jpg\" \/>\n\t<meta property=\"og:image:width\" content=\"570\" \/>\n\t<meta property=\"og:image:height\" content=\"456\" \/>\n\t<meta property=\"og:image:type\" content=\"image\/jpeg\" \/>\n<meta name=\"twitter:card\" content=\"summary_large_image\" \/>\n<meta name=\"twitter:label1\" content=\"Est. reading time\" \/>\n\t<meta name=\"twitter:data1\" content=\"1 minute\" \/>\n<script type=\"application\/ld+json\" class=\"yoast-schema-graph\">{\"@context\":\"https:\\\/\\\/schema.org\",\"@graph\":[{\"@type\":\"WebPage\",\"@id\":\"https:\\\/\\\/www.sdapakuote.lt\\\/lv\\\/produkti\\\/polietilena-maisini\\\/cpp-bopp-maisini\\\/maisini-garsvielam\\\/\",\"url\":\"https:\\\/\\\/www.sdapakuote.lt\\\/lv\\\/produkti\\\/polietilena-maisini\\\/cpp-bopp-maisini\\\/maisini-garsvielam\\\/\",\"name\":\"Maisi\u0146i gar\u0161viel\u0101m - sdapakuote.lt\",\"isPartOf\":{\"@id\":\"https:\\\/\\\/www.sdapakuote.lt\\\/lv\\\/#website\"},\"primaryImageOfPage\":{\"@id\":\"https:\\\/\\\/www.sdapakuote.lt\\\/lv\\\/produkti\\\/polietilena-maisini\\\/cpp-bopp-maisini\\\/maisini-garsvielam\\\/#primaryimage\"},\"image\":{\"@id\":\"https:\\\/\\\/www.sdapakuote.lt\\\/lv\\\/produkti\\\/polietilena-maisini\\\/cpp-bopp-maisini\\\/maisini-garsvielam\\\/#primaryimage\"},\"thumbnailUrl\":\"https:\\\/\\\/www.sdapakuote.lt\\\/wp-content\\\/uploads\\\/2021\\\/09\\\/maiseliai-prieskoniams.jpg\",\"datePublished\":\"2025-10-07T07:29:04+00:00\",\"dateModified\":\"2025-10-07T07:29:09+00:00\",\"description\":\"Caursp\u012bd\u012bgi un antistatiz\u0113ti BOPP maisi\u0146i gar\u0161vielu fas\u0113\u0161anai. \u0112rti, est\u0113tiski un piem\u0113roti p\u0101rtikas produktiem.\",\"breadcrumb\":{\"@id\":\"https:\\\/\\\/www.sdapakuote.lt\\\/lv\\\/produkti\\\/polietilena-maisini\\\/cpp-bopp-maisini\\\/maisini-garsvielam\\\/#breadcrumb\"},\"inLanguage\":\"lv-LV\",\"potentialAction\":[{\"@type\":\"ReadAction\",\"target\":[\"https:\\\/\\\/www.sdapakuote.lt\\\/lv\\\/produkti\\\/polietilena-maisini\\\/cpp-bopp-maisini\\\/maisini-garsvielam\\\/\"]}]},{\"@type\":\"ImageObject\",\"inLanguage\":\"lv-LV\",\"@id\":\"https:\\\/\\\/www.sdapakuote.lt\\\/lv\\\/produkti\\\/polietilena-maisini\\\/cpp-bopp-maisini\\\/maisini-garsvielam\\\/#primaryimage\",\"url\":\"https:\\\/\\\/www.sdapakuote.lt\\\/wp-content\\\/uploads\\\/2021\\\/09\\\/maiseliai-prieskoniams.jpg\",\"contentUrl\":\"https:\\\/\\\/www.sdapakuote.lt\\\/wp-content\\\/uploads\\\/2021\\\/09\\\/maiseliai-prieskoniams.jpg\",\"width\":570,\"height\":456},{\"@type\":\"BreadcrumbList\",\"@id\":\"https:\\\/\\\/www.sdapakuote.lt\\\/lv\\\/produkti\\\/polietilena-maisini\\\/cpp-bopp-maisini\\\/maisini-garsvielam\\\/#breadcrumb\",\"itemListElement\":[{\"@type\":\"ListItem\",\"position\":1,\"name\":\"Home\",\"item\":\"https:\\\/\\\/www.sdapakuote.lt\\\/lv\\\/\"},{\"@type\":\"ListItem\",\"position\":2,\"name\":\"Produkti\",\"item\":\"https:\\\/\\\/www.sdapakuote.lt\\\/lv\\\/produkti\\\/\"},{\"@type\":\"ListItem\",\"position\":3,\"name\":\"Polietil\u0113na maisi\u0146i\",\"item\":\"https:\\\/\\\/www.sdapakuote.lt\\\/lv\\\/produkti\\\/polietilena-maisini\\\/\"},{\"@type\":\"ListItem\",\"position\":4,\"name\":\"CPP \\\/ BOPP maisi\u0146i\",\"item\":\"https:\\\/\\\/www.sdapakuote.lt\\\/lv\\\/produkti\\\/polietilena-maisini\\\/cpp-bopp-maisini\\\/\"},{\"@type\":\"ListItem\",\"position\":5,\"name\":\"Maisi\u0146i gar\u0161viel\u0101m\"}]},{\"@type\":\"WebSite\",\"@id\":\"https:\\\/\\\/www.sdapakuote.lt\\\/lv\\\/#website\",\"url\":\"https:\\\/\\\/www.sdapakuote.lt\\\/lv\\\/\",\"name\":\"sdapakuote.lt\",\"description\":\"Kol kas tik dar vienas WordPress tinklalapis\",\"potentialAction\":[{\"@type\":\"SearchAction\",\"target\":{\"@type\":\"EntryPoint\",\"urlTemplate\":\"https:\\\/\\\/www.sdapakuote.lt\\\/lv\\\/?s={search_term_string}\"},\"query-input\":{\"@type\":\"PropertyValueSpecification\",\"valueRequired\":true,\"valueName\":\"search_term_string\"}}],\"inLanguage\":\"lv-LV\"}]}<\/script>\n<!-- \/ Yoast SEO plugin. -->","yoast_head_json":{"title":"Maisi\u0146i gar\u0161viel\u0101m - sdapakuote.lt","description":"Caursp\u012bd\u012bgi un antistatiz\u0113ti BOPP maisi\u0146i gar\u0161vielu fas\u0113\u0161anai. \u0112rti, est\u0113tiski un piem\u0113roti p\u0101rtikas produktiem.","robots":{"index":"index","follow":"follow","max-snippet":"max-snippet:-1","max-image-preview":"max-image-preview:large","max-video-preview":"max-video-preview:-1"},"canonical":"https:\/\/www.sdapakuote.lt\/lv\/produkti\/polietilena-maisini\/cpp-bopp-maisini\/maisini-garsvielam\/","og_locale":"lv_LV","og_type":"article","og_title":"Maisi\u0146i gar\u0161viel\u0101m - sdapakuote.lt","og_description":"Caursp\u012bd\u012bgi un antistatiz\u0113ti BOPP maisi\u0146i gar\u0161vielu fas\u0113\u0161anai. \u0112rti, est\u0113tiski un piem\u0113roti p\u0101rtikas produktiem.","og_url":"https:\/\/www.sdapakuote.lt\/lv\/produkti\/polietilena-maisini\/cpp-bopp-maisini\/maisini-garsvielam\/","og_site_name":"sdapakuote.lt","article_modified_time":"2025-10-07T07:29:09+00:00","og_image":[{"width":570,"height":456,"url":"https:\/\/www.sdapakuote.lt\/wp-content\/uploads\/2021\/09\/maiseliai-prieskoniams.jpg","type":"image\/jpeg"}],"twitter_card":"summary_large_image","twitter_misc":{"Est. reading time":"1 minute"},"schema":{"@context":"https:\/\/schema.org","@graph":[{"@type":"WebPage","@id":"https:\/\/www.sdapakuote.lt\/lv\/produkti\/polietilena-maisini\/cpp-bopp-maisini\/maisini-garsvielam\/","url":"https:\/\/www.sdapakuote.lt\/lv\/produkti\/polietilena-maisini\/cpp-bopp-maisini\/maisini-garsvielam\/","name":"Maisi\u0146i gar\u0161viel\u0101m - sdapakuote.lt","isPartOf":{"@id":"https:\/\/www.sdapakuote.lt\/lv\/#website"},"primaryImageOfPage":{"@id":"https:\/\/www.sdapakuote.lt\/lv\/produkti\/polietilena-maisini\/cpp-bopp-maisini\/maisini-garsvielam\/#primaryimage"},"image":{"@id":"https:\/\/www.sdapakuote.lt\/lv\/produkti\/polietilena-maisini\/cpp-bopp-maisini\/maisini-garsvielam\/#primaryimage"},"thumbnailUrl":"https:\/\/www.sdapakuote.lt\/wp-content\/uploads\/2021\/09\/maiseliai-prieskoniams.jpg","datePublished":"2025-10-07T07:29:04+00:00","dateModified":"2025-10-07T07:29:09+00:00","description":"Caursp\u012bd\u012bgi un antistatiz\u0113ti BOPP maisi\u0146i gar\u0161vielu fas\u0113\u0161anai. \u0112rti, est\u0113tiski un piem\u0113roti p\u0101rtikas produktiem.","breadcrumb":{"@id":"https:\/\/www.sdapakuote.lt\/lv\/produkti\/polietilena-maisini\/cpp-bopp-maisini\/maisini-garsvielam\/#breadcrumb"},"inLanguage":"lv-LV","potentialAction":[{"@type":"ReadAction","target":["https:\/\/www.sdapakuote.lt\/lv\/produkti\/polietilena-maisini\/cpp-bopp-maisini\/maisini-garsvielam\/"]}]},{"@type":"ImageObject","inLanguage":"lv-LV","@id":"https:\/\/www.sdapakuote.lt\/lv\/produkti\/polietilena-maisini\/cpp-bopp-maisini\/maisini-garsvielam\/#primaryimage","url":"https:\/\/www.sdapakuote.lt\/wp-content\/uploads\/2021\/09\/maiseliai-prieskoniams.jpg","contentUrl":"https:\/\/www.sdapakuote.lt\/wp-content\/uploads\/2021\/09\/maiseliai-prieskoniams.jpg","width":570,"height":456},{"@type":"BreadcrumbList","@id":"https:\/\/www.sdapakuote.lt\/lv\/produkti\/polietilena-maisini\/cpp-bopp-maisini\/maisini-garsvielam\/#breadcrumb","itemListElement":[{"@type":"ListItem","position":1,"name":"Home","item":"https:\/\/www.sdapakuote.lt\/lv\/"},{"@type":"ListItem","position":2,"name":"Produkti","item":"https:\/\/www.sdapakuote.lt\/lv\/produkti\/"},{"@type":"ListItem","position":3,"name":"Polietil\u0113na maisi\u0146i","item":"https:\/\/www.sdapakuote.lt\/lv\/produkti\/polietilena-maisini\/"},{"@type":"ListItem","position":4,"name":"CPP \/ BOPP maisi\u0146i","item":"https:\/\/www.sdapakuote.lt\/lv\/produkti\/polietilena-maisini\/cpp-bopp-maisini\/"},{"@type":"ListItem","position":5,"name":"Maisi\u0146i gar\u0161viel\u0101m"}]},{"@type":"WebSite","@id":"https:\/\/www.sdapakuote.lt\/lv\/#website","url":"https:\/\/www.sdapakuote.lt\/lv\/","name":"sdapakuote.lt","description":"Kol kas tik dar vienas WordPress tinklalapis","potentialAction":[{"@type":"SearchAction","target":{"@type":"EntryPoint","urlTemplate":"https:\/\/www.sdapakuote.lt\/lv\/?s={search_term_string}"},"query-input":{"@type":"PropertyValueSpecification","valueRequired":true,"valueName":"search_term_string"}}],"inLanguage":"lv-LV"}]}},"_links":{"self":[{"href":"https:\/\/www.sdapakuote.lt\/lv\/wp-json\/wp\/v2\/pages\/4458","targetHints":{"allow":["GET"]}}],"collection":[{"href":"https:\/\/www.sdapakuote.lt\/lv\/wp-json\/wp\/v2\/pages"}],"about":[{"href":"https:\/\/www.sdapakuote.lt\/lv\/wp-json\/wp\/v2\/types\/page"}],"author":[{"embeddable":true,"href":"https:\/\/www.sdapakuote.lt\/lv\/wp-json\/wp\/v2\/users\/2"}],"replies":[{"embeddable":true,"href":"https:\/\/www.sdapakuote.lt\/lv\/wp-json\/wp\/v2\/comments?post=4458"}],"version-history":[{"count":1,"href":"https:\/\/www.sdapakuote.lt\/lv\/wp-json\/wp\/v2\/pages\/4458\/revisions"}],"predecessor-version":[{"id":4460,"href":"https:\/\/www.sdapakuote.lt\/lv\/wp-json\/wp\/v2\/pages\/4458\/revisions\/4460"}],"up":[{"embeddable":true,"href":"https:\/\/www.sdapakuote.lt\/lv\/wp-json\/wp\/v2\/pages\/4439"}],"wp:featuredmedia":[{"embeddable":true,"href":"https:\/\/www.sdapakuote.lt\/lv\/wp-json\/wp\/v2\/media\/4459"}],"wp:attachment":[{"href":"https:\/\/www.sdapakuote.lt\/lv\/wp-json\/wp\/v2\/media?parent=4458"}],"curies":[{"name":"wp","href":"https:\/\/api.w.org\/{rel}","templated":true}]}}