{"id":4455,"date":"2025-10-07T07:27:04","date_gmt":"2025-10-07T07:27:04","guid":{"rendered":"https:\/\/www.sdapakuote.lt\/?page_id=4455"},"modified":"2025-10-07T07:27:09","modified_gmt":"2025-10-07T07:27:09","slug":"maisini-kalendariem-un-zurnaliem","status":"publish","type":"page","link":"https:\/\/www.sdapakuote.lt\/lv\/produkti\/polietilena-maisini\/cpp-bopp-maisini\/maisini-kalendariem-un-zurnaliem\/","title":{"rendered":"Maisi\u0146i kalend\u0101riem un \u017eurn\u0101liem"},"content":{"rendered":"<p data-start=\"387\" data-end=\"691\"><strong data-start=\"387\" data-end=\"402\">SDA Pakuot\u0117<\/strong> pied\u0101v\u0101 <strong data-start=\"411\" data-end=\"434\">CPP \/ BOPP maisi\u0146us<\/strong>, kas izgatavoti no <strong data-start=\"454\" data-end=\"497\">\u012bpa\u0161i caursp\u012bd\u012bgas polipropil\u0113na pl\u0113ves<\/strong>, nodro\u0161inot iepakoto produktu <strong data-start=\"528\" data-end=\"566\">est\u0113tisku un profesion\u0101lu izskatu.<\/strong><br data-start=\"566\" data-end=\"569\" \/><br \/>\nPateicoties savam <strong data-start=\"587\" data-end=\"617\">sp\u012bdumam un caursp\u012bd\u012bgumam<\/strong>, \u0161ie maisi\u0146i pal\u012bdz produktiem <strong data-start=\"649\" data-end=\"689\">izcelties un izskat\u012bties pievilc\u012bgi.<\/strong><\/p>\n<p data-start=\"693\" data-end=\"936\">\u0160\u0101da veida maisi\u0146i ir <strong data-start=\"715\" data-end=\"755\">\u012bpa\u0161i popul\u0101ri kalend\u0101ru iepako\u0161anai<\/strong>, k\u0101 ar\u012b tiek pla\u0161i izmantoti <strong data-start=\"785\" data-end=\"814\">mazu produktu iepako\u0161anai<\/strong> \u2014 \u0161okol\u0101dei, konfekt\u0113m, cepumiem, atsl\u0113gu piekari\u0146iem, d\u0101vanu kart\u0113m, CD diskiem un <strong data-start=\"899\" data-end=\"934\">rekl\u0101mas vai d\u0101vanu produktiem.<\/strong><\/p>\n<p data-start=\"938\" data-end=\"1193\">Maisi\u0146a aug\u0161pus\u0113 atrodas <strong data-start=\"963\" data-end=\"997\">daudzk\u0101rt izmantojama l\u012bmlente<\/strong> \u2014 ievietojot preci, atliek tikai <strong data-start=\"1031\" data-end=\"1090\">no\u0146emt aizsargpl\u0113vi, aizloc\u012bt un piel\u012bm\u0113t aug\u0161\u0113jo malu.<\/strong><br data-start=\"1090\" data-end=\"1093\" \/><br \/>\nTas ir <strong data-start=\"1100\" data-end=\"1134\">\u0113rts un \u0101trs iepako\u0161anas veids<\/strong>, kas \u013cauj vajadz\u012bbas gad\u012bjum\u0101 <strong data-start=\"1165\" data-end=\"1190\">paku atv\u0113rt atk\u0101rtoti<\/strong>.<\/p>\n<p data-start=\"1195\" data-end=\"1414\">\u0160os <strong data-start=\"1199\" data-end=\"1247\">caursp\u012bd\u012bgos CPP \/ BOPP maisi\u0146us ar l\u012bmlenti<\/strong> var ieg\u0101d\u0101ties <strong data-start=\"1263\" data-end=\"1308\">nelielos daudzumos m\u016bsu interneta veikal\u0101<\/strong>, bet <strong data-start=\"1314\" data-end=\"1365\">liel\u0101kiem pas\u016bt\u012bjumiem vai nestandarta izm\u0113riem<\/strong> aicin\u0101m sazin\u0101ties <strong data-start=\"1385\" data-end=\"1412\">pa t\u0101lruni vai e-past\u0101.<\/strong><\/p>\n","protected":false},"excerpt":{"rendered":"<p>SDA Pakuot\u0117 pied\u0101v\u0101 CPP \/ BOPP maisi\u0146us, kas izgatavoti no \u012bpa\u0161i caursp\u012bd\u012bgas polipropil\u0113na pl\u0113ves, nodro\u0161inot iepakoto produktu est\u0113tisku un profesion\u0101lu izskatu. Pateicoties savam sp\u012bdumam un caursp\u012bd\u012bgumam, \u0161ie maisi\u0146i pal\u012bdz produktiem izcelties un izskat\u012bties pievilc\u012bgi. \u0160\u0101da veida maisi\u0146i ir \u012bpa\u0161i popul\u0101ri kalend\u0101ru iepako\u0161anai, k\u0101 ar\u012b tiek pla\u0161i izmantoti mazu produktu iepako\u0161anai \u2014 \u0161okol\u0101dei, konfekt\u0113m, cepumiem, atsl\u0113gu [&hellip;]<\/p>\n","protected":false},"author":2,"featured_media":4456,"parent":4439,"menu_order":0,"comment_status":"closed","ping_status":"closed","template":"page-single-product.php","meta":{"_acf_changed":false,"footnotes":""},"class_list":["post-4455","page","type-page","status-publish","has-post-thumbnail","hentry"],"acf":[],"yoast_head":"<!-- This site is optimized with the Yoast SEO plugin v27.4 - https:\/\/yoast.com\/product\/yoast-seo-wordpress\/ -->\n<title>Maisi\u0146i kalend\u0101riem un \u017eurn\u0101liem - sdapakuote.lt<\/title>\n<meta name=\"description\" content=\"Caursp\u012bd\u012bgi CPP \/ BOPP maisi\u0146i ar l\u012bmlenti kalend\u0101riem un d\u0101van\u0101m. \u0112rti, est\u0113tiski un atk\u0101rtoti aizverami iepakojuma risin\u0101jumi.\" \/>\n<meta name=\"robots\" content=\"index, follow, max-snippet:-1, max-image-preview:large, max-video-preview:-1\" \/>\n<link rel=\"canonical\" href=\"https:\/\/www.sdapakuote.lt\/lv\/produkti\/polietilena-maisini\/cpp-bopp-maisini\/maisini-kalendariem-un-zurnaliem\/\" \/>\n<meta property=\"og:locale\" content=\"lv_LV\" \/>\n<meta property=\"og:type\" content=\"article\" \/>\n<meta property=\"og:title\" content=\"Maisi\u0146i kalend\u0101riem un \u017eurn\u0101liem - sdapakuote.lt\" \/>\n<meta property=\"og:description\" content=\"Caursp\u012bd\u012bgi CPP \/ BOPP maisi\u0146i ar l\u012bmlenti kalend\u0101riem un d\u0101van\u0101m. \u0112rti, est\u0113tiski un atk\u0101rtoti aizverami iepakojuma risin\u0101jumi.\" \/>\n<meta property=\"og:url\" content=\"https:\/\/www.sdapakuote.lt\/lv\/produkti\/polietilena-maisini\/cpp-bopp-maisini\/maisini-kalendariem-un-zurnaliem\/\" \/>\n<meta property=\"og:site_name\" content=\"sdapakuote.lt\" \/>\n<meta property=\"article:modified_time\" content=\"2025-10-07T07:27:09+00:00\" \/>\n<meta property=\"og:image\" content=\"https:\/\/www.sdapakuote.lt\/wp-content\/uploads\/2021\/09\/maiseliai-kalendoriams.jpg\" \/>\n\t<meta property=\"og:image:width\" content=\"1000\" \/>\n\t<meta property=\"og:image:height\" content=\"570\" \/>\n\t<meta property=\"og:image:type\" content=\"image\/jpeg\" \/>\n<meta name=\"twitter:card\" content=\"summary_large_image\" \/>\n<meta name=\"twitter:label1\" content=\"Est. reading time\" \/>\n\t<meta name=\"twitter:data1\" content=\"1 minute\" \/>\n<script type=\"application\/ld+json\" class=\"yoast-schema-graph\">{\"@context\":\"https:\\\/\\\/schema.org\",\"@graph\":[{\"@type\":\"WebPage\",\"@id\":\"https:\\\/\\\/www.sdapakuote.lt\\\/lv\\\/produkti\\\/polietilena-maisini\\\/cpp-bopp-maisini\\\/maisini-kalendariem-un-zurnaliem\\\/\",\"url\":\"https:\\\/\\\/www.sdapakuote.lt\\\/lv\\\/produkti\\\/polietilena-maisini\\\/cpp-bopp-maisini\\\/maisini-kalendariem-un-zurnaliem\\\/\",\"name\":\"Maisi\u0146i kalend\u0101riem un \u017eurn\u0101liem - sdapakuote.lt\",\"isPartOf\":{\"@id\":\"https:\\\/\\\/www.sdapakuote.lt\\\/lv\\\/#website\"},\"primaryImageOfPage\":{\"@id\":\"https:\\\/\\\/www.sdapakuote.lt\\\/lv\\\/produkti\\\/polietilena-maisini\\\/cpp-bopp-maisini\\\/maisini-kalendariem-un-zurnaliem\\\/#primaryimage\"},\"image\":{\"@id\":\"https:\\\/\\\/www.sdapakuote.lt\\\/lv\\\/produkti\\\/polietilena-maisini\\\/cpp-bopp-maisini\\\/maisini-kalendariem-un-zurnaliem\\\/#primaryimage\"},\"thumbnailUrl\":\"https:\\\/\\\/www.sdapakuote.lt\\\/wp-content\\\/uploads\\\/2021\\\/09\\\/maiseliai-kalendoriams.jpg\",\"datePublished\":\"2025-10-07T07:27:04+00:00\",\"dateModified\":\"2025-10-07T07:27:09+00:00\",\"description\":\"Caursp\u012bd\u012bgi CPP \\\/ BOPP maisi\u0146i ar l\u012bmlenti kalend\u0101riem un d\u0101van\u0101m. \u0112rti, est\u0113tiski un atk\u0101rtoti aizverami iepakojuma risin\u0101jumi.\",\"breadcrumb\":{\"@id\":\"https:\\\/\\\/www.sdapakuote.lt\\\/lv\\\/produkti\\\/polietilena-maisini\\\/cpp-bopp-maisini\\\/maisini-kalendariem-un-zurnaliem\\\/#breadcrumb\"},\"inLanguage\":\"lv-LV\",\"potentialAction\":[{\"@type\":\"ReadAction\",\"target\":[\"https:\\\/\\\/www.sdapakuote.lt\\\/lv\\\/produkti\\\/polietilena-maisini\\\/cpp-bopp-maisini\\\/maisini-kalendariem-un-zurnaliem\\\/\"]}]},{\"@type\":\"ImageObject\",\"inLanguage\":\"lv-LV\",\"@id\":\"https:\\\/\\\/www.sdapakuote.lt\\\/lv\\\/produkti\\\/polietilena-maisini\\\/cpp-bopp-maisini\\\/maisini-kalendariem-un-zurnaliem\\\/#primaryimage\",\"url\":\"https:\\\/\\\/www.sdapakuote.lt\\\/wp-content\\\/uploads\\\/2021\\\/09\\\/maiseliai-kalendoriams.jpg\",\"contentUrl\":\"https:\\\/\\\/www.sdapakuote.lt\\\/wp-content\\\/uploads\\\/2021\\\/09\\\/maiseliai-kalendoriams.jpg\",\"width\":1000,\"height\":570},{\"@type\":\"BreadcrumbList\",\"@id\":\"https:\\\/\\\/www.sdapakuote.lt\\\/lv\\\/produkti\\\/polietilena-maisini\\\/cpp-bopp-maisini\\\/maisini-kalendariem-un-zurnaliem\\\/#breadcrumb\",\"itemListElement\":[{\"@type\":\"ListItem\",\"position\":1,\"name\":\"Home\",\"item\":\"https:\\\/\\\/www.sdapakuote.lt\\\/lv\\\/\"},{\"@type\":\"ListItem\",\"position\":2,\"name\":\"Produkti\",\"item\":\"https:\\\/\\\/www.sdapakuote.lt\\\/lv\\\/produkti\\\/\"},{\"@type\":\"ListItem\",\"position\":3,\"name\":\"Polietil\u0113na maisi\u0146i\",\"item\":\"https:\\\/\\\/www.sdapakuote.lt\\\/lv\\\/produkti\\\/polietilena-maisini\\\/\"},{\"@type\":\"ListItem\",\"position\":4,\"name\":\"CPP \\\/ BOPP maisi\u0146i\",\"item\":\"https:\\\/\\\/www.sdapakuote.lt\\\/lv\\\/produkti\\\/polietilena-maisini\\\/cpp-bopp-maisini\\\/\"},{\"@type\":\"ListItem\",\"position\":5,\"name\":\"Maisi\u0146i kalend\u0101riem un \u017eurn\u0101liem\"}]},{\"@type\":\"WebSite\",\"@id\":\"https:\\\/\\\/www.sdapakuote.lt\\\/lv\\\/#website\",\"url\":\"https:\\\/\\\/www.sdapakuote.lt\\\/lv\\\/\",\"name\":\"sdapakuote.lt\",\"description\":\"Kol kas tik dar vienas WordPress tinklalapis\",\"potentialAction\":[{\"@type\":\"SearchAction\",\"target\":{\"@type\":\"EntryPoint\",\"urlTemplate\":\"https:\\\/\\\/www.sdapakuote.lt\\\/lv\\\/?s={search_term_string}\"},\"query-input\":{\"@type\":\"PropertyValueSpecification\",\"valueRequired\":true,\"valueName\":\"search_term_string\"}}],\"inLanguage\":\"lv-LV\"}]}<\/script>\n<!-- \/ Yoast SEO plugin. -->","yoast_head_json":{"title":"Maisi\u0146i kalend\u0101riem un \u017eurn\u0101liem - sdapakuote.lt","description":"Caursp\u012bd\u012bgi CPP \/ BOPP maisi\u0146i ar l\u012bmlenti kalend\u0101riem un d\u0101van\u0101m. \u0112rti, est\u0113tiski un atk\u0101rtoti aizverami iepakojuma risin\u0101jumi.","robots":{"index":"index","follow":"follow","max-snippet":"max-snippet:-1","max-image-preview":"max-image-preview:large","max-video-preview":"max-video-preview:-1"},"canonical":"https:\/\/www.sdapakuote.lt\/lv\/produkti\/polietilena-maisini\/cpp-bopp-maisini\/maisini-kalendariem-un-zurnaliem\/","og_locale":"lv_LV","og_type":"article","og_title":"Maisi\u0146i kalend\u0101riem un \u017eurn\u0101liem - sdapakuote.lt","og_description":"Caursp\u012bd\u012bgi CPP \/ BOPP maisi\u0146i ar l\u012bmlenti kalend\u0101riem un d\u0101van\u0101m. \u0112rti, est\u0113tiski un atk\u0101rtoti aizverami iepakojuma risin\u0101jumi.","og_url":"https:\/\/www.sdapakuote.lt\/lv\/produkti\/polietilena-maisini\/cpp-bopp-maisini\/maisini-kalendariem-un-zurnaliem\/","og_site_name":"sdapakuote.lt","article_modified_time":"2025-10-07T07:27:09+00:00","og_image":[{"width":1000,"height":570,"url":"https:\/\/www.sdapakuote.lt\/wp-content\/uploads\/2021\/09\/maiseliai-kalendoriams.jpg","type":"image\/jpeg"}],"twitter_card":"summary_large_image","twitter_misc":{"Est. reading time":"1 minute"},"schema":{"@context":"https:\/\/schema.org","@graph":[{"@type":"WebPage","@id":"https:\/\/www.sdapakuote.lt\/lv\/produkti\/polietilena-maisini\/cpp-bopp-maisini\/maisini-kalendariem-un-zurnaliem\/","url":"https:\/\/www.sdapakuote.lt\/lv\/produkti\/polietilena-maisini\/cpp-bopp-maisini\/maisini-kalendariem-un-zurnaliem\/","name":"Maisi\u0146i kalend\u0101riem un \u017eurn\u0101liem - sdapakuote.lt","isPartOf":{"@id":"https:\/\/www.sdapakuote.lt\/lv\/#website"},"primaryImageOfPage":{"@id":"https:\/\/www.sdapakuote.lt\/lv\/produkti\/polietilena-maisini\/cpp-bopp-maisini\/maisini-kalendariem-un-zurnaliem\/#primaryimage"},"image":{"@id":"https:\/\/www.sdapakuote.lt\/lv\/produkti\/polietilena-maisini\/cpp-bopp-maisini\/maisini-kalendariem-un-zurnaliem\/#primaryimage"},"thumbnailUrl":"https:\/\/www.sdapakuote.lt\/wp-content\/uploads\/2021\/09\/maiseliai-kalendoriams.jpg","datePublished":"2025-10-07T07:27:04+00:00","dateModified":"2025-10-07T07:27:09+00:00","description":"Caursp\u012bd\u012bgi CPP \/ BOPP maisi\u0146i ar l\u012bmlenti kalend\u0101riem un d\u0101van\u0101m. \u0112rti, est\u0113tiski un atk\u0101rtoti aizverami iepakojuma risin\u0101jumi.","breadcrumb":{"@id":"https:\/\/www.sdapakuote.lt\/lv\/produkti\/polietilena-maisini\/cpp-bopp-maisini\/maisini-kalendariem-un-zurnaliem\/#breadcrumb"},"inLanguage":"lv-LV","potentialAction":[{"@type":"ReadAction","target":["https:\/\/www.sdapakuote.lt\/lv\/produkti\/polietilena-maisini\/cpp-bopp-maisini\/maisini-kalendariem-un-zurnaliem\/"]}]},{"@type":"ImageObject","inLanguage":"lv-LV","@id":"https:\/\/www.sdapakuote.lt\/lv\/produkti\/polietilena-maisini\/cpp-bopp-maisini\/maisini-kalendariem-un-zurnaliem\/#primaryimage","url":"https:\/\/www.sdapakuote.lt\/wp-content\/uploads\/2021\/09\/maiseliai-kalendoriams.jpg","contentUrl":"https:\/\/www.sdapakuote.lt\/wp-content\/uploads\/2021\/09\/maiseliai-kalendoriams.jpg","width":1000,"height":570},{"@type":"BreadcrumbList","@id":"https:\/\/www.sdapakuote.lt\/lv\/produkti\/polietilena-maisini\/cpp-bopp-maisini\/maisini-kalendariem-un-zurnaliem\/#breadcrumb","itemListElement":[{"@type":"ListItem","position":1,"name":"Home","item":"https:\/\/www.sdapakuote.lt\/lv\/"},{"@type":"ListItem","position":2,"name":"Produkti","item":"https:\/\/www.sdapakuote.lt\/lv\/produkti\/"},{"@type":"ListItem","position":3,"name":"Polietil\u0113na maisi\u0146i","item":"https:\/\/www.sdapakuote.lt\/lv\/produkti\/polietilena-maisini\/"},{"@type":"ListItem","position":4,"name":"CPP \/ BOPP maisi\u0146i","item":"https:\/\/www.sdapakuote.lt\/lv\/produkti\/polietilena-maisini\/cpp-bopp-maisini\/"},{"@type":"ListItem","position":5,"name":"Maisi\u0146i kalend\u0101riem un \u017eurn\u0101liem"}]},{"@type":"WebSite","@id":"https:\/\/www.sdapakuote.lt\/lv\/#website","url":"https:\/\/www.sdapakuote.lt\/lv\/","name":"sdapakuote.lt","description":"Kol kas tik dar vienas WordPress tinklalapis","potentialAction":[{"@type":"SearchAction","target":{"@type":"EntryPoint","urlTemplate":"https:\/\/www.sdapakuote.lt\/lv\/?s={search_term_string}"},"query-input":{"@type":"PropertyValueSpecification","valueRequired":true,"valueName":"search_term_string"}}],"inLanguage":"lv-LV"}]}},"_links":{"self":[{"href":"https:\/\/www.sdapakuote.lt\/lv\/wp-json\/wp\/v2\/pages\/4455","targetHints":{"allow":["GET"]}}],"collection":[{"href":"https:\/\/www.sdapakuote.lt\/lv\/wp-json\/wp\/v2\/pages"}],"about":[{"href":"https:\/\/www.sdapakuote.lt\/lv\/wp-json\/wp\/v2\/types\/page"}],"author":[{"embeddable":true,"href":"https:\/\/www.sdapakuote.lt\/lv\/wp-json\/wp\/v2\/users\/2"}],"replies":[{"embeddable":true,"href":"https:\/\/www.sdapakuote.lt\/lv\/wp-json\/wp\/v2\/comments?post=4455"}],"version-history":[{"count":1,"href":"https:\/\/www.sdapakuote.lt\/lv\/wp-json\/wp\/v2\/pages\/4455\/revisions"}],"predecessor-version":[{"id":4457,"href":"https:\/\/www.sdapakuote.lt\/lv\/wp-json\/wp\/v2\/pages\/4455\/revisions\/4457"}],"up":[{"embeddable":true,"href":"https:\/\/www.sdapakuote.lt\/lv\/wp-json\/wp\/v2\/pages\/4439"}],"wp:featuredmedia":[{"embeddable":true,"href":"https:\/\/www.sdapakuote.lt\/lv\/wp-json\/wp\/v2\/media\/4456"}],"wp:attachment":[{"href":"https:\/\/www.sdapakuote.lt\/lv\/wp-json\/wp\/v2\/media?parent=4455"}],"curies":[{"name":"wp","href":"https:\/\/api.w.org\/{rel}","templated":true}]}}