{"id":4452,"date":"2025-10-07T07:23:34","date_gmt":"2025-10-07T07:23:34","guid":{"rendered":"https:\/\/www.sdapakuote.lt\/?page_id=4452"},"modified":"2025-10-07T07:23:39","modified_gmt":"2025-10-07T07:23:39","slug":"maisini-maizes-un-konditorejas-izstradajumiem","status":"publish","type":"page","link":"https:\/\/www.sdapakuote.lt\/lv\/produkti\/polietilena-maisini\/cpp-bopp-maisini\/maisini-maizes-un-konditorejas-izstradajumiem\/","title":{"rendered":"Maisi\u0146i maizes un konditorejas izstr\u0101d\u0101jumiem"},"content":{"rendered":"<p data-start=\"377\" data-end=\"668\"><strong data-start=\"377\" data-end=\"392\">SDA Pakuot\u0117<\/strong> pied\u0101v\u0101 <strong data-start=\"401\" data-end=\"424\">CPP \/ BOPP maisi\u0146us<\/strong>, kas izgatavoti no <strong data-start=\"444\" data-end=\"480\">krauk\u0161\u0137\u012bgas polipropil\u0113na pl\u0113ves<\/strong> ar \u012bpa\u0161i augstu caursp\u012bd\u012bgumu un pat\u012bkamu tekst\u016bru.<br data-start=\"532\" data-end=\"535\" \/><br \/>\n\u0160ie maisi\u0146i ir <strong data-start=\"550\" data-end=\"588\">est\u0113tiski un pat\u012bkami piesk\u0101rienam<\/strong>, pie\u0161\u0137irot iepakotajam produktam <strong data-start=\"622\" data-end=\"665\">papildu pievilc\u012bbu un kvalit\u0101tes saj\u016btu<\/strong>.<\/p>\n<p data-start=\"670\" data-end=\"1043\"><strong data-start=\"670\" data-end=\"705\">Caursp\u012bd\u012bgie CPP \/ BOPP maisi\u0146i<\/strong> \u013cauj pat\u0113r\u0113t\u0101jiem skaidri redz\u0113t produktu, bet to <strong data-start=\"756\" data-end=\"783\">sp\u012bdums un krauk\u0161\u0137\u012bgums<\/strong> pal\u012bdz <strong data-start=\"791\" data-end=\"826\">izcelt preces veikala plauktos.<\/strong><br data-start=\"826\" data-end=\"829\" \/><br \/>\nTie ir \u012bpa\u0161i popul\u0101ri <strong data-start=\"851\" data-end=\"925\">maizes, bulci\u0146u, cepumu un citu konditorejas izstr\u0101d\u0101jumu iepako\u0161anai.<\/strong><br data-start=\"925\" data-end=\"928\" \/><br \/>\nIepakotie produkti izskat\u0101s pievilc\u012bgi un svaigi, veicinot pirc\u0113ju interesi un <strong data-start=\"1007\" data-end=\"1041\">palielinot p\u0101rdo\u0161anas apjomus.<\/strong><\/p>\n<p data-start=\"1045\" data-end=\"1239\">\u0160ie maisi\u0146i ir ne tikai <strong data-start=\"1069\" data-end=\"1103\">est\u0113tiski, bet ar\u012b funkcion\u0101li<\/strong> \u2014 tie <strong data-start=\"1110\" data-end=\"1175\">pasarg\u0101 produktus no putek\u013ciem, mitruma un nev\u0113lamas saskares<\/strong>, vienlaikus saglab\u0101jot to <strong data-start=\"1202\" data-end=\"1237\">svaigumu un pievilc\u012bgu izskatu.<\/strong><\/p>\n","protected":false},"excerpt":{"rendered":"<p>SDA Pakuot\u0117 pied\u0101v\u0101 CPP \/ BOPP maisi\u0146us, kas izgatavoti no krauk\u0161\u0137\u012bgas polipropil\u0113na pl\u0113ves ar \u012bpa\u0161i augstu caursp\u012bd\u012bgumu un pat\u012bkamu tekst\u016bru. \u0160ie maisi\u0146i ir est\u0113tiski un pat\u012bkami piesk\u0101rienam, pie\u0161\u0137irot iepakotajam produktam papildu pievilc\u012bbu un kvalit\u0101tes saj\u016btu. Caursp\u012bd\u012bgie CPP \/ BOPP maisi\u0146i \u013cauj pat\u0113r\u0113t\u0101jiem skaidri redz\u0113t produktu, bet to sp\u012bdums un krauk\u0161\u0137\u012bgums pal\u012bdz izcelt preces veikala plauktos. [&hellip;]<\/p>\n","protected":false},"author":2,"featured_media":4453,"parent":4439,"menu_order":0,"comment_status":"closed","ping_status":"closed","template":"page-single-product.php","meta":{"_acf_changed":false,"footnotes":""},"class_list":["post-4452","page","type-page","status-publish","has-post-thumbnail","hentry"],"acf":[],"yoast_head":"<!-- This site is optimized with the Yoast SEO plugin v27.4 - https:\/\/yoast.com\/product\/yoast-seo-wordpress\/ -->\n<title>Maisi\u0146i maizes un konditorejas izstr\u0101d\u0101jumiem - sdapakuote.lt<\/title>\n<meta name=\"description\" content=\"Krauk\u0161\u0137\u012bgi un caursp\u012bd\u012bgi CPP \/ BOPP maisi\u0146i maizes un konditorejas izstr\u0101d\u0101jumu iepako\u0161anai. Est\u0113tiski, iztur\u012bgi un funkcion\u0101li.\" \/>\n<meta name=\"robots\" content=\"index, follow, max-snippet:-1, max-image-preview:large, max-video-preview:-1\" \/>\n<link rel=\"canonical\" href=\"https:\/\/www.sdapakuote.lt\/lv\/produkti\/polietilena-maisini\/cpp-bopp-maisini\/maisini-maizes-un-konditorejas-izstradajumiem\/\" \/>\n<meta property=\"og:locale\" content=\"lv_LV\" \/>\n<meta property=\"og:type\" content=\"article\" \/>\n<meta property=\"og:title\" content=\"Maisi\u0146i maizes un konditorejas izstr\u0101d\u0101jumiem - sdapakuote.lt\" \/>\n<meta property=\"og:description\" content=\"Krauk\u0161\u0137\u012bgi un caursp\u012bd\u012bgi CPP \/ BOPP maisi\u0146i maizes un konditorejas izstr\u0101d\u0101jumu iepako\u0161anai. Est\u0113tiski, iztur\u012bgi un funkcion\u0101li.\" \/>\n<meta property=\"og:url\" content=\"https:\/\/www.sdapakuote.lt\/lv\/produkti\/polietilena-maisini\/cpp-bopp-maisini\/maisini-maizes-un-konditorejas-izstradajumiem\/\" \/>\n<meta property=\"og:site_name\" content=\"sdapakuote.lt\" \/>\n<meta property=\"article:modified_time\" content=\"2025-10-07T07:23:39+00:00\" \/>\n<meta property=\"og:image\" content=\"https:\/\/www.sdapakuote.lt\/wp-content\/uploads\/2021\/09\/maiseliai-duonai.jpg\" \/>\n\t<meta property=\"og:image:width\" content=\"599\" \/>\n\t<meta property=\"og:image:height\" content=\"448\" \/>\n\t<meta property=\"og:image:type\" content=\"image\/jpeg\" \/>\n<meta name=\"twitter:card\" content=\"summary_large_image\" \/>\n<meta name=\"twitter:label1\" content=\"Est. reading time\" \/>\n\t<meta name=\"twitter:data1\" content=\"1 minute\" \/>\n<script type=\"application\/ld+json\" class=\"yoast-schema-graph\">{\"@context\":\"https:\\\/\\\/schema.org\",\"@graph\":[{\"@type\":\"WebPage\",\"@id\":\"https:\\\/\\\/www.sdapakuote.lt\\\/lv\\\/produkti\\\/polietilena-maisini\\\/cpp-bopp-maisini\\\/maisini-maizes-un-konditorejas-izstradajumiem\\\/\",\"url\":\"https:\\\/\\\/www.sdapakuote.lt\\\/lv\\\/produkti\\\/polietilena-maisini\\\/cpp-bopp-maisini\\\/maisini-maizes-un-konditorejas-izstradajumiem\\\/\",\"name\":\"Maisi\u0146i maizes un konditorejas izstr\u0101d\u0101jumiem - sdapakuote.lt\",\"isPartOf\":{\"@id\":\"https:\\\/\\\/www.sdapakuote.lt\\\/lv\\\/#website\"},\"primaryImageOfPage\":{\"@id\":\"https:\\\/\\\/www.sdapakuote.lt\\\/lv\\\/produkti\\\/polietilena-maisini\\\/cpp-bopp-maisini\\\/maisini-maizes-un-konditorejas-izstradajumiem\\\/#primaryimage\"},\"image\":{\"@id\":\"https:\\\/\\\/www.sdapakuote.lt\\\/lv\\\/produkti\\\/polietilena-maisini\\\/cpp-bopp-maisini\\\/maisini-maizes-un-konditorejas-izstradajumiem\\\/#primaryimage\"},\"thumbnailUrl\":\"https:\\\/\\\/www.sdapakuote.lt\\\/wp-content\\\/uploads\\\/2021\\\/09\\\/maiseliai-duonai.jpg\",\"datePublished\":\"2025-10-07T07:23:34+00:00\",\"dateModified\":\"2025-10-07T07:23:39+00:00\",\"description\":\"Krauk\u0161\u0137\u012bgi un caursp\u012bd\u012bgi CPP \\\/ BOPP maisi\u0146i maizes un konditorejas izstr\u0101d\u0101jumu iepako\u0161anai. Est\u0113tiski, iztur\u012bgi un funkcion\u0101li.\",\"breadcrumb\":{\"@id\":\"https:\\\/\\\/www.sdapakuote.lt\\\/lv\\\/produkti\\\/polietilena-maisini\\\/cpp-bopp-maisini\\\/maisini-maizes-un-konditorejas-izstradajumiem\\\/#breadcrumb\"},\"inLanguage\":\"lv-LV\",\"potentialAction\":[{\"@type\":\"ReadAction\",\"target\":[\"https:\\\/\\\/www.sdapakuote.lt\\\/lv\\\/produkti\\\/polietilena-maisini\\\/cpp-bopp-maisini\\\/maisini-maizes-un-konditorejas-izstradajumiem\\\/\"]}]},{\"@type\":\"ImageObject\",\"inLanguage\":\"lv-LV\",\"@id\":\"https:\\\/\\\/www.sdapakuote.lt\\\/lv\\\/produkti\\\/polietilena-maisini\\\/cpp-bopp-maisini\\\/maisini-maizes-un-konditorejas-izstradajumiem\\\/#primaryimage\",\"url\":\"https:\\\/\\\/www.sdapakuote.lt\\\/wp-content\\\/uploads\\\/2021\\\/09\\\/maiseliai-duonai.jpg\",\"contentUrl\":\"https:\\\/\\\/www.sdapakuote.lt\\\/wp-content\\\/uploads\\\/2021\\\/09\\\/maiseliai-duonai.jpg\",\"width\":599,\"height\":448},{\"@type\":\"BreadcrumbList\",\"@id\":\"https:\\\/\\\/www.sdapakuote.lt\\\/lv\\\/produkti\\\/polietilena-maisini\\\/cpp-bopp-maisini\\\/maisini-maizes-un-konditorejas-izstradajumiem\\\/#breadcrumb\",\"itemListElement\":[{\"@type\":\"ListItem\",\"position\":1,\"name\":\"Home\",\"item\":\"https:\\\/\\\/www.sdapakuote.lt\\\/lv\\\/\"},{\"@type\":\"ListItem\",\"position\":2,\"name\":\"Produkti\",\"item\":\"https:\\\/\\\/www.sdapakuote.lt\\\/lv\\\/produkti\\\/\"},{\"@type\":\"ListItem\",\"position\":3,\"name\":\"Polietil\u0113na maisi\u0146i\",\"item\":\"https:\\\/\\\/www.sdapakuote.lt\\\/lv\\\/produkti\\\/polietilena-maisini\\\/\"},{\"@type\":\"ListItem\",\"position\":4,\"name\":\"CPP \\\/ BOPP maisi\u0146i\",\"item\":\"https:\\\/\\\/www.sdapakuote.lt\\\/lv\\\/produkti\\\/polietilena-maisini\\\/cpp-bopp-maisini\\\/\"},{\"@type\":\"ListItem\",\"position\":5,\"name\":\"Maisi\u0146i maizes un konditorejas izstr\u0101d\u0101jumiem\"}]},{\"@type\":\"WebSite\",\"@id\":\"https:\\\/\\\/www.sdapakuote.lt\\\/lv\\\/#website\",\"url\":\"https:\\\/\\\/www.sdapakuote.lt\\\/lv\\\/\",\"name\":\"sdapakuote.lt\",\"description\":\"Kol kas tik dar vienas WordPress tinklalapis\",\"potentialAction\":[{\"@type\":\"SearchAction\",\"target\":{\"@type\":\"EntryPoint\",\"urlTemplate\":\"https:\\\/\\\/www.sdapakuote.lt\\\/lv\\\/?s={search_term_string}\"},\"query-input\":{\"@type\":\"PropertyValueSpecification\",\"valueRequired\":true,\"valueName\":\"search_term_string\"}}],\"inLanguage\":\"lv-LV\"}]}<\/script>\n<!-- \/ Yoast SEO plugin. -->","yoast_head_json":{"title":"Maisi\u0146i maizes un konditorejas izstr\u0101d\u0101jumiem - sdapakuote.lt","description":"Krauk\u0161\u0137\u012bgi un caursp\u012bd\u012bgi CPP \/ BOPP maisi\u0146i maizes un konditorejas izstr\u0101d\u0101jumu iepako\u0161anai. Est\u0113tiski, iztur\u012bgi un funkcion\u0101li.","robots":{"index":"index","follow":"follow","max-snippet":"max-snippet:-1","max-image-preview":"max-image-preview:large","max-video-preview":"max-video-preview:-1"},"canonical":"https:\/\/www.sdapakuote.lt\/lv\/produkti\/polietilena-maisini\/cpp-bopp-maisini\/maisini-maizes-un-konditorejas-izstradajumiem\/","og_locale":"lv_LV","og_type":"article","og_title":"Maisi\u0146i maizes un konditorejas izstr\u0101d\u0101jumiem - sdapakuote.lt","og_description":"Krauk\u0161\u0137\u012bgi un caursp\u012bd\u012bgi CPP \/ BOPP maisi\u0146i maizes un konditorejas izstr\u0101d\u0101jumu iepako\u0161anai. Est\u0113tiski, iztur\u012bgi un funkcion\u0101li.","og_url":"https:\/\/www.sdapakuote.lt\/lv\/produkti\/polietilena-maisini\/cpp-bopp-maisini\/maisini-maizes-un-konditorejas-izstradajumiem\/","og_site_name":"sdapakuote.lt","article_modified_time":"2025-10-07T07:23:39+00:00","og_image":[{"width":599,"height":448,"url":"https:\/\/www.sdapakuote.lt\/wp-content\/uploads\/2021\/09\/maiseliai-duonai.jpg","type":"image\/jpeg"}],"twitter_card":"summary_large_image","twitter_misc":{"Est. reading time":"1 minute"},"schema":{"@context":"https:\/\/schema.org","@graph":[{"@type":"WebPage","@id":"https:\/\/www.sdapakuote.lt\/lv\/produkti\/polietilena-maisini\/cpp-bopp-maisini\/maisini-maizes-un-konditorejas-izstradajumiem\/","url":"https:\/\/www.sdapakuote.lt\/lv\/produkti\/polietilena-maisini\/cpp-bopp-maisini\/maisini-maizes-un-konditorejas-izstradajumiem\/","name":"Maisi\u0146i maizes un konditorejas izstr\u0101d\u0101jumiem - sdapakuote.lt","isPartOf":{"@id":"https:\/\/www.sdapakuote.lt\/lv\/#website"},"primaryImageOfPage":{"@id":"https:\/\/www.sdapakuote.lt\/lv\/produkti\/polietilena-maisini\/cpp-bopp-maisini\/maisini-maizes-un-konditorejas-izstradajumiem\/#primaryimage"},"image":{"@id":"https:\/\/www.sdapakuote.lt\/lv\/produkti\/polietilena-maisini\/cpp-bopp-maisini\/maisini-maizes-un-konditorejas-izstradajumiem\/#primaryimage"},"thumbnailUrl":"https:\/\/www.sdapakuote.lt\/wp-content\/uploads\/2021\/09\/maiseliai-duonai.jpg","datePublished":"2025-10-07T07:23:34+00:00","dateModified":"2025-10-07T07:23:39+00:00","description":"Krauk\u0161\u0137\u012bgi un caursp\u012bd\u012bgi CPP \/ BOPP maisi\u0146i maizes un konditorejas izstr\u0101d\u0101jumu iepako\u0161anai. Est\u0113tiski, iztur\u012bgi un funkcion\u0101li.","breadcrumb":{"@id":"https:\/\/www.sdapakuote.lt\/lv\/produkti\/polietilena-maisini\/cpp-bopp-maisini\/maisini-maizes-un-konditorejas-izstradajumiem\/#breadcrumb"},"inLanguage":"lv-LV","potentialAction":[{"@type":"ReadAction","target":["https:\/\/www.sdapakuote.lt\/lv\/produkti\/polietilena-maisini\/cpp-bopp-maisini\/maisini-maizes-un-konditorejas-izstradajumiem\/"]}]},{"@type":"ImageObject","inLanguage":"lv-LV","@id":"https:\/\/www.sdapakuote.lt\/lv\/produkti\/polietilena-maisini\/cpp-bopp-maisini\/maisini-maizes-un-konditorejas-izstradajumiem\/#primaryimage","url":"https:\/\/www.sdapakuote.lt\/wp-content\/uploads\/2021\/09\/maiseliai-duonai.jpg","contentUrl":"https:\/\/www.sdapakuote.lt\/wp-content\/uploads\/2021\/09\/maiseliai-duonai.jpg","width":599,"height":448},{"@type":"BreadcrumbList","@id":"https:\/\/www.sdapakuote.lt\/lv\/produkti\/polietilena-maisini\/cpp-bopp-maisini\/maisini-maizes-un-konditorejas-izstradajumiem\/#breadcrumb","itemListElement":[{"@type":"ListItem","position":1,"name":"Home","item":"https:\/\/www.sdapakuote.lt\/lv\/"},{"@type":"ListItem","position":2,"name":"Produkti","item":"https:\/\/www.sdapakuote.lt\/lv\/produkti\/"},{"@type":"ListItem","position":3,"name":"Polietil\u0113na maisi\u0146i","item":"https:\/\/www.sdapakuote.lt\/lv\/produkti\/polietilena-maisini\/"},{"@type":"ListItem","position":4,"name":"CPP \/ BOPP maisi\u0146i","item":"https:\/\/www.sdapakuote.lt\/lv\/produkti\/polietilena-maisini\/cpp-bopp-maisini\/"},{"@type":"ListItem","position":5,"name":"Maisi\u0146i maizes un konditorejas izstr\u0101d\u0101jumiem"}]},{"@type":"WebSite","@id":"https:\/\/www.sdapakuote.lt\/lv\/#website","url":"https:\/\/www.sdapakuote.lt\/lv\/","name":"sdapakuote.lt","description":"Kol kas tik dar vienas WordPress tinklalapis","potentialAction":[{"@type":"SearchAction","target":{"@type":"EntryPoint","urlTemplate":"https:\/\/www.sdapakuote.lt\/lv\/?s={search_term_string}"},"query-input":{"@type":"PropertyValueSpecification","valueRequired":true,"valueName":"search_term_string"}}],"inLanguage":"lv-LV"}]}},"_links":{"self":[{"href":"https:\/\/www.sdapakuote.lt\/lv\/wp-json\/wp\/v2\/pages\/4452","targetHints":{"allow":["GET"]}}],"collection":[{"href":"https:\/\/www.sdapakuote.lt\/lv\/wp-json\/wp\/v2\/pages"}],"about":[{"href":"https:\/\/www.sdapakuote.lt\/lv\/wp-json\/wp\/v2\/types\/page"}],"author":[{"embeddable":true,"href":"https:\/\/www.sdapakuote.lt\/lv\/wp-json\/wp\/v2\/users\/2"}],"replies":[{"embeddable":true,"href":"https:\/\/www.sdapakuote.lt\/lv\/wp-json\/wp\/v2\/comments?post=4452"}],"version-history":[{"count":1,"href":"https:\/\/www.sdapakuote.lt\/lv\/wp-json\/wp\/v2\/pages\/4452\/revisions"}],"predecessor-version":[{"id":4454,"href":"https:\/\/www.sdapakuote.lt\/lv\/wp-json\/wp\/v2\/pages\/4452\/revisions\/4454"}],"up":[{"embeddable":true,"href":"https:\/\/www.sdapakuote.lt\/lv\/wp-json\/wp\/v2\/pages\/4439"}],"wp:featuredmedia":[{"embeddable":true,"href":"https:\/\/www.sdapakuote.lt\/lv\/wp-json\/wp\/v2\/media\/4453"}],"wp:attachment":[{"href":"https:\/\/www.sdapakuote.lt\/lv\/wp-json\/wp\/v2\/media?parent=4452"}],"curies":[{"name":"wp","href":"https:\/\/api.w.org\/{rel}","templated":true}]}}