{"id":4448,"date":"2025-10-07T07:20:48","date_gmt":"2025-10-07T07:20:48","guid":{"rendered":"https:\/\/www.sdapakuote.lt\/?page_id=4448"},"modified":"2025-10-07T07:21:28","modified_gmt":"2025-10-07T07:21:28","slug":"maisini-davanu-komplektiem","status":"publish","type":"page","link":"https:\/\/www.sdapakuote.lt\/lv\/produkti\/polietilena-maisini\/cpp-bopp-maisini\/maisini-davanu-komplektiem\/","title":{"rendered":"Maisi\u0146i d\u0101vanu komplektiem"},"content":{"rendered":"<p data-start=\"377\" data-end=\"704\"><strong data-start=\"377\" data-end=\"392\">SDA Pakuot\u0117<\/strong> pied\u0101v\u0101 augstas kvalit\u0101tes <strong data-start=\"420\" data-end=\"444\">CPP un BOPP maisi\u0146us<\/strong>, kas izce\u013cas ar <strong data-start=\"461\" data-end=\"484\">\u012bpa\u0161u caursp\u012bd\u012bgumu<\/strong> un pie\u0161\u0137ir iepakotajiem produktiem <strong data-start=\"520\" data-end=\"542\">papildu pievilc\u012bbu<\/strong>.<br data-start=\"543\" data-end=\"546\" \/><br \/>\nT\u0101 ir <strong data-start=\"552\" data-end=\"589\">ekonomiska iepakojuma alternat\u012bva<\/strong> sal\u012bdzin\u0101jum\u0101 ar kartona vai ciet\u0101 tipa iepakojumu, vienlaikus saglab\u0101jot <strong data-start=\"664\" data-end=\"701\">est\u0113tisku un profesion\u0101lu izskatu<\/strong>.<\/p>\n<p data-start=\"706\" data-end=\"930\">Iepakotie produkti <strong data-start=\"725\" data-end=\"802\">caur caursp\u012bd\u012bgajiem CPP\/BOPP maisi\u0146iem izskat\u0101s svin\u012bgi un reprezentabli<\/strong>, t\u0101p\u0113c tie bie\u017ei tiek izmantoti <strong data-start=\"835\" data-end=\"928\">konditorejas izstr\u0101d\u0101jumu, d\u0101vanu, tekstilizstr\u0101d\u0101jumu un rekl\u0101mas materi\u0101lu iepako\u0161anai.<\/strong><\/p>\n<p data-start=\"932\" data-end=\"1173\">Nelielos daudzumos \u0161os maisi\u0146us var <strong data-start=\"968\" data-end=\"1010\">\u0113rti ieg\u0101d\u0101ties m\u016bsu interneta veikal\u0101<\/strong>, bet liel\u0101kiem pas\u016bt\u012bjumiem vai <strong data-start=\"1043\" data-end=\"1067\">nestandarta izm\u0113riem<\/strong> aicin\u0101m sazin\u0101ties <strong data-start=\"1087\" data-end=\"1113\">pa t\u0101lruni vai e-past\u0101<\/strong> \u2014 m\u0113s pied\u0101v\u0101sim <strong data-start=\"1131\" data-end=\"1154\">optim\u0101lu risin\u0101jumu<\/strong> j\u016bsu vajadz\u012bb\u0101m.<\/p>\n","protected":false},"excerpt":{"rendered":"<p>SDA Pakuot\u0117 pied\u0101v\u0101 augstas kvalit\u0101tes CPP un BOPP maisi\u0146us, kas izce\u013cas ar \u012bpa\u0161u caursp\u012bd\u012bgumu un pie\u0161\u0137ir iepakotajiem produktiem papildu pievilc\u012bbu. T\u0101 ir ekonomiska iepakojuma alternat\u012bva sal\u012bdzin\u0101jum\u0101 ar kartona vai ciet\u0101 tipa iepakojumu, vienlaikus saglab\u0101jot est\u0113tisku un profesion\u0101lu izskatu. Iepakotie produkti caur caursp\u012bd\u012bgajiem CPP\/BOPP maisi\u0146iem izskat\u0101s svin\u012bgi un reprezentabli, t\u0101p\u0113c tie bie\u017ei tiek izmantoti konditorejas izstr\u0101d\u0101jumu, [&hellip;]<\/p>\n","protected":false},"author":2,"featured_media":4449,"parent":4439,"menu_order":0,"comment_status":"closed","ping_status":"closed","template":"page-single-product.php","meta":{"_acf_changed":false,"footnotes":""},"class_list":["post-4448","page","type-page","status-publish","has-post-thumbnail","hentry"],"acf":[],"yoast_head":"<!-- This site is optimized with the Yoast SEO plugin v27.4 - https:\/\/yoast.com\/product\/yoast-seo-wordpress\/ -->\n<title>Maisi\u0146i d\u0101vanu komplektiem - sdapakuote.lt<\/title>\n<meta name=\"description\" content=\"Caursp\u012bd\u012bgi un est\u0113tiski CPP\/BOPP maisi\u0146i d\u0101van\u0101m, konditorejai un rekl\u0101mas produktiem. Ekonomisks un kvalitat\u012bvs iepakojums.\" \/>\n<meta name=\"robots\" content=\"index, follow, max-snippet:-1, max-image-preview:large, max-video-preview:-1\" \/>\n<link rel=\"canonical\" href=\"https:\/\/www.sdapakuote.lt\/lv\/produkti\/polietilena-maisini\/cpp-bopp-maisini\/maisini-davanu-komplektiem\/\" \/>\n<meta property=\"og:locale\" content=\"lv_LV\" \/>\n<meta property=\"og:type\" content=\"article\" \/>\n<meta property=\"og:title\" content=\"Maisi\u0146i d\u0101vanu komplektiem - sdapakuote.lt\" \/>\n<meta property=\"og:description\" content=\"Caursp\u012bd\u012bgi un est\u0113tiski CPP\/BOPP maisi\u0146i d\u0101van\u0101m, konditorejai un rekl\u0101mas produktiem. Ekonomisks un kvalitat\u012bvs iepakojums.\" \/>\n<meta property=\"og:url\" content=\"https:\/\/www.sdapakuote.lt\/lv\/produkti\/polietilena-maisini\/cpp-bopp-maisini\/maisini-davanu-komplektiem\/\" \/>\n<meta property=\"og:site_name\" content=\"sdapakuote.lt\" \/>\n<meta property=\"article:modified_time\" content=\"2025-10-07T07:21:28+00:00\" \/>\n<meta property=\"og:image\" content=\"https:\/\/www.sdapakuote.lt\/wp-content\/uploads\/2021\/09\/maiseliai-dovanu-rinkiniams.jpg\" \/>\n\t<meta property=\"og:image:width\" content=\"562\" \/>\n\t<meta property=\"og:image:height\" content=\"1000\" \/>\n\t<meta property=\"og:image:type\" content=\"image\/jpeg\" \/>\n<meta name=\"twitter:card\" content=\"summary_large_image\" \/>\n<meta name=\"twitter:label1\" content=\"Est. reading time\" \/>\n\t<meta name=\"twitter:data1\" content=\"1 minute\" \/>\n<script type=\"application\/ld+json\" class=\"yoast-schema-graph\">{\"@context\":\"https:\\\/\\\/schema.org\",\"@graph\":[{\"@type\":\"WebPage\",\"@id\":\"https:\\\/\\\/www.sdapakuote.lt\\\/lv\\\/produkti\\\/polietilena-maisini\\\/cpp-bopp-maisini\\\/maisini-davanu-komplektiem\\\/\",\"url\":\"https:\\\/\\\/www.sdapakuote.lt\\\/lv\\\/produkti\\\/polietilena-maisini\\\/cpp-bopp-maisini\\\/maisini-davanu-komplektiem\\\/\",\"name\":\"Maisi\u0146i d\u0101vanu komplektiem - sdapakuote.lt\",\"isPartOf\":{\"@id\":\"https:\\\/\\\/www.sdapakuote.lt\\\/lv\\\/#website\"},\"primaryImageOfPage\":{\"@id\":\"https:\\\/\\\/www.sdapakuote.lt\\\/lv\\\/produkti\\\/polietilena-maisini\\\/cpp-bopp-maisini\\\/maisini-davanu-komplektiem\\\/#primaryimage\"},\"image\":{\"@id\":\"https:\\\/\\\/www.sdapakuote.lt\\\/lv\\\/produkti\\\/polietilena-maisini\\\/cpp-bopp-maisini\\\/maisini-davanu-komplektiem\\\/#primaryimage\"},\"thumbnailUrl\":\"https:\\\/\\\/www.sdapakuote.lt\\\/wp-content\\\/uploads\\\/2021\\\/09\\\/maiseliai-dovanu-rinkiniams.jpg\",\"datePublished\":\"2025-10-07T07:20:48+00:00\",\"dateModified\":\"2025-10-07T07:21:28+00:00\",\"description\":\"Caursp\u012bd\u012bgi un est\u0113tiski CPP\\\/BOPP maisi\u0146i d\u0101van\u0101m, konditorejai un rekl\u0101mas produktiem. Ekonomisks un kvalitat\u012bvs iepakojums.\",\"breadcrumb\":{\"@id\":\"https:\\\/\\\/www.sdapakuote.lt\\\/lv\\\/produkti\\\/polietilena-maisini\\\/cpp-bopp-maisini\\\/maisini-davanu-komplektiem\\\/#breadcrumb\"},\"inLanguage\":\"lv-LV\",\"potentialAction\":[{\"@type\":\"ReadAction\",\"target\":[\"https:\\\/\\\/www.sdapakuote.lt\\\/lv\\\/produkti\\\/polietilena-maisini\\\/cpp-bopp-maisini\\\/maisini-davanu-komplektiem\\\/\"]}]},{\"@type\":\"ImageObject\",\"inLanguage\":\"lv-LV\",\"@id\":\"https:\\\/\\\/www.sdapakuote.lt\\\/lv\\\/produkti\\\/polietilena-maisini\\\/cpp-bopp-maisini\\\/maisini-davanu-komplektiem\\\/#primaryimage\",\"url\":\"https:\\\/\\\/www.sdapakuote.lt\\\/wp-content\\\/uploads\\\/2021\\\/09\\\/maiseliai-dovanu-rinkiniams.jpg\",\"contentUrl\":\"https:\\\/\\\/www.sdapakuote.lt\\\/wp-content\\\/uploads\\\/2021\\\/09\\\/maiseliai-dovanu-rinkiniams.jpg\",\"width\":562,\"height\":1000},{\"@type\":\"BreadcrumbList\",\"@id\":\"https:\\\/\\\/www.sdapakuote.lt\\\/lv\\\/produkti\\\/polietilena-maisini\\\/cpp-bopp-maisini\\\/maisini-davanu-komplektiem\\\/#breadcrumb\",\"itemListElement\":[{\"@type\":\"ListItem\",\"position\":1,\"name\":\"Home\",\"item\":\"https:\\\/\\\/www.sdapakuote.lt\\\/lv\\\/\"},{\"@type\":\"ListItem\",\"position\":2,\"name\":\"Produkti\",\"item\":\"https:\\\/\\\/www.sdapakuote.lt\\\/lv\\\/produkti\\\/\"},{\"@type\":\"ListItem\",\"position\":3,\"name\":\"Polietil\u0113na maisi\u0146i\",\"item\":\"https:\\\/\\\/www.sdapakuote.lt\\\/lv\\\/produkti\\\/polietilena-maisini\\\/\"},{\"@type\":\"ListItem\",\"position\":4,\"name\":\"CPP \\\/ BOPP maisi\u0146i\",\"item\":\"https:\\\/\\\/www.sdapakuote.lt\\\/lv\\\/produkti\\\/polietilena-maisini\\\/cpp-bopp-maisini\\\/\"},{\"@type\":\"ListItem\",\"position\":5,\"name\":\"Maisi\u0146i d\u0101vanu komplektiem\"}]},{\"@type\":\"WebSite\",\"@id\":\"https:\\\/\\\/www.sdapakuote.lt\\\/lv\\\/#website\",\"url\":\"https:\\\/\\\/www.sdapakuote.lt\\\/lv\\\/\",\"name\":\"sdapakuote.lt\",\"description\":\"Kol kas tik dar vienas WordPress tinklalapis\",\"potentialAction\":[{\"@type\":\"SearchAction\",\"target\":{\"@type\":\"EntryPoint\",\"urlTemplate\":\"https:\\\/\\\/www.sdapakuote.lt\\\/lv\\\/?s={search_term_string}\"},\"query-input\":{\"@type\":\"PropertyValueSpecification\",\"valueRequired\":true,\"valueName\":\"search_term_string\"}}],\"inLanguage\":\"lv-LV\"}]}<\/script>\n<!-- \/ Yoast SEO plugin. -->","yoast_head_json":{"title":"Maisi\u0146i d\u0101vanu komplektiem - sdapakuote.lt","description":"Caursp\u012bd\u012bgi un est\u0113tiski CPP\/BOPP maisi\u0146i d\u0101van\u0101m, konditorejai un rekl\u0101mas produktiem. Ekonomisks un kvalitat\u012bvs iepakojums.","robots":{"index":"index","follow":"follow","max-snippet":"max-snippet:-1","max-image-preview":"max-image-preview:large","max-video-preview":"max-video-preview:-1"},"canonical":"https:\/\/www.sdapakuote.lt\/lv\/produkti\/polietilena-maisini\/cpp-bopp-maisini\/maisini-davanu-komplektiem\/","og_locale":"lv_LV","og_type":"article","og_title":"Maisi\u0146i d\u0101vanu komplektiem - sdapakuote.lt","og_description":"Caursp\u012bd\u012bgi un est\u0113tiski CPP\/BOPP maisi\u0146i d\u0101van\u0101m, konditorejai un rekl\u0101mas produktiem. Ekonomisks un kvalitat\u012bvs iepakojums.","og_url":"https:\/\/www.sdapakuote.lt\/lv\/produkti\/polietilena-maisini\/cpp-bopp-maisini\/maisini-davanu-komplektiem\/","og_site_name":"sdapakuote.lt","article_modified_time":"2025-10-07T07:21:28+00:00","og_image":[{"width":562,"height":1000,"url":"https:\/\/www.sdapakuote.lt\/wp-content\/uploads\/2021\/09\/maiseliai-dovanu-rinkiniams.jpg","type":"image\/jpeg"}],"twitter_card":"summary_large_image","twitter_misc":{"Est. reading time":"1 minute"},"schema":{"@context":"https:\/\/schema.org","@graph":[{"@type":"WebPage","@id":"https:\/\/www.sdapakuote.lt\/lv\/produkti\/polietilena-maisini\/cpp-bopp-maisini\/maisini-davanu-komplektiem\/","url":"https:\/\/www.sdapakuote.lt\/lv\/produkti\/polietilena-maisini\/cpp-bopp-maisini\/maisini-davanu-komplektiem\/","name":"Maisi\u0146i d\u0101vanu komplektiem - sdapakuote.lt","isPartOf":{"@id":"https:\/\/www.sdapakuote.lt\/lv\/#website"},"primaryImageOfPage":{"@id":"https:\/\/www.sdapakuote.lt\/lv\/produkti\/polietilena-maisini\/cpp-bopp-maisini\/maisini-davanu-komplektiem\/#primaryimage"},"image":{"@id":"https:\/\/www.sdapakuote.lt\/lv\/produkti\/polietilena-maisini\/cpp-bopp-maisini\/maisini-davanu-komplektiem\/#primaryimage"},"thumbnailUrl":"https:\/\/www.sdapakuote.lt\/wp-content\/uploads\/2021\/09\/maiseliai-dovanu-rinkiniams.jpg","datePublished":"2025-10-07T07:20:48+00:00","dateModified":"2025-10-07T07:21:28+00:00","description":"Caursp\u012bd\u012bgi un est\u0113tiski CPP\/BOPP maisi\u0146i d\u0101van\u0101m, konditorejai un rekl\u0101mas produktiem. Ekonomisks un kvalitat\u012bvs iepakojums.","breadcrumb":{"@id":"https:\/\/www.sdapakuote.lt\/lv\/produkti\/polietilena-maisini\/cpp-bopp-maisini\/maisini-davanu-komplektiem\/#breadcrumb"},"inLanguage":"lv-LV","potentialAction":[{"@type":"ReadAction","target":["https:\/\/www.sdapakuote.lt\/lv\/produkti\/polietilena-maisini\/cpp-bopp-maisini\/maisini-davanu-komplektiem\/"]}]},{"@type":"ImageObject","inLanguage":"lv-LV","@id":"https:\/\/www.sdapakuote.lt\/lv\/produkti\/polietilena-maisini\/cpp-bopp-maisini\/maisini-davanu-komplektiem\/#primaryimage","url":"https:\/\/www.sdapakuote.lt\/wp-content\/uploads\/2021\/09\/maiseliai-dovanu-rinkiniams.jpg","contentUrl":"https:\/\/www.sdapakuote.lt\/wp-content\/uploads\/2021\/09\/maiseliai-dovanu-rinkiniams.jpg","width":562,"height":1000},{"@type":"BreadcrumbList","@id":"https:\/\/www.sdapakuote.lt\/lv\/produkti\/polietilena-maisini\/cpp-bopp-maisini\/maisini-davanu-komplektiem\/#breadcrumb","itemListElement":[{"@type":"ListItem","position":1,"name":"Home","item":"https:\/\/www.sdapakuote.lt\/lv\/"},{"@type":"ListItem","position":2,"name":"Produkti","item":"https:\/\/www.sdapakuote.lt\/lv\/produkti\/"},{"@type":"ListItem","position":3,"name":"Polietil\u0113na maisi\u0146i","item":"https:\/\/www.sdapakuote.lt\/lv\/produkti\/polietilena-maisini\/"},{"@type":"ListItem","position":4,"name":"CPP \/ BOPP maisi\u0146i","item":"https:\/\/www.sdapakuote.lt\/lv\/produkti\/polietilena-maisini\/cpp-bopp-maisini\/"},{"@type":"ListItem","position":5,"name":"Maisi\u0146i d\u0101vanu komplektiem"}]},{"@type":"WebSite","@id":"https:\/\/www.sdapakuote.lt\/lv\/#website","url":"https:\/\/www.sdapakuote.lt\/lv\/","name":"sdapakuote.lt","description":"Kol kas tik dar vienas WordPress tinklalapis","potentialAction":[{"@type":"SearchAction","target":{"@type":"EntryPoint","urlTemplate":"https:\/\/www.sdapakuote.lt\/lv\/?s={search_term_string}"},"query-input":{"@type":"PropertyValueSpecification","valueRequired":true,"valueName":"search_term_string"}}],"inLanguage":"lv-LV"}]}},"_links":{"self":[{"href":"https:\/\/www.sdapakuote.lt\/lv\/wp-json\/wp\/v2\/pages\/4448","targetHints":{"allow":["GET"]}}],"collection":[{"href":"https:\/\/www.sdapakuote.lt\/lv\/wp-json\/wp\/v2\/pages"}],"about":[{"href":"https:\/\/www.sdapakuote.lt\/lv\/wp-json\/wp\/v2\/types\/page"}],"author":[{"embeddable":true,"href":"https:\/\/www.sdapakuote.lt\/lv\/wp-json\/wp\/v2\/users\/2"}],"replies":[{"embeddable":true,"href":"https:\/\/www.sdapakuote.lt\/lv\/wp-json\/wp\/v2\/comments?post=4448"}],"version-history":[{"count":2,"href":"https:\/\/www.sdapakuote.lt\/lv\/wp-json\/wp\/v2\/pages\/4448\/revisions"}],"predecessor-version":[{"id":4451,"href":"https:\/\/www.sdapakuote.lt\/lv\/wp-json\/wp\/v2\/pages\/4448\/revisions\/4451"}],"up":[{"embeddable":true,"href":"https:\/\/www.sdapakuote.lt\/lv\/wp-json\/wp\/v2\/pages\/4439"}],"wp:featuredmedia":[{"embeddable":true,"href":"https:\/\/www.sdapakuote.lt\/lv\/wp-json\/wp\/v2\/media\/4449"}],"wp:attachment":[{"href":"https:\/\/www.sdapakuote.lt\/lv\/wp-json\/wp\/v2\/media?parent=4448"}],"curies":[{"name":"wp","href":"https:\/\/api.w.org\/{rel}","templated":true}]}}