{"id":4444,"date":"2025-10-07T07:06:17","date_gmt":"2025-10-07T07:06:17","guid":{"rendered":"https:\/\/www.sdapakuote.lt\/?page_id=4444"},"modified":"2025-10-07T07:06:39","modified_gmt":"2025-10-07T07:06:39","slug":"maisini-bizuterijai","status":"publish","type":"page","link":"https:\/\/www.sdapakuote.lt\/lv\/produkti\/polietilena-maisini\/cpp-bopp-maisini\/maisini-bizuterijai\/","title":{"rendered":"Maisi\u0146i bi\u017eut\u0113rijai"},"content":{"rendered":"<p data-start=\"372\" data-end=\"658\"><strong data-start=\"372\" data-end=\"387\">SDA Pakuot\u0117<\/strong> pied\u0101v\u0101 augstas kvalit\u0101tes <strong data-start=\"415\" data-end=\"432\">BOPP maisi\u0146us<\/strong>, kas izgatavoti no <strong data-start=\"452\" data-end=\"495\">biaxially oriented polypropylene (BOPP)<\/strong> pl\u0113ves.<br data-start=\"503\" data-end=\"506\" \/><br \/>\n\u0160ie maisi\u0146i izce\u013cas ar <strong data-start=\"529\" data-end=\"552\">\u012bpa\u0161u caursp\u012bd\u012bgumu<\/strong>, t\u0101p\u0113c iepakotais produkts izskat\u0101s <strong data-start=\"589\" data-end=\"616\">est\u0113tiski un pievilc\u012bgi<\/strong>, saglab\u0101jot nevainojamu preces izskatu.<\/p>\n<p data-start=\"660\" data-end=\"924\"><strong data-start=\"660\" data-end=\"676\">BOPP maisi\u0146i<\/strong> ne tikai uzlabo produkta vizu\u0101lo pievilc\u012bbu, bet ar\u012b <strong data-start=\"730\" data-end=\"788\">pasarg\u0101 to no putek\u013ciem, mitruma un nev\u0113lamas saskares<\/strong>.<br data-start=\"789\" data-end=\"792\" \/><br \/>\nPateicoties \u0161\u012bm \u012bpa\u0161\u012bb\u0101m, tie tiek pla\u0161i izmantoti <strong data-start=\"843\" data-end=\"922\">p\u0101rtikas r\u016bpniec\u012bb\u0101, konditorej\u0101, tekstil\u0101 un rekl\u0101mas produktu iepako\u0161an\u0101.<\/strong><\/p>\n<p data-start=\"926\" data-end=\"1171\">Nelielos daudzumos <strong data-start=\"945\" data-end=\"962\">BOPP maisi\u0146us<\/strong> var \u0113rti ieg\u0101d\u0101ties m\u016bsu <strong data-start=\"988\" data-end=\"1009\">interneta veikal\u0101<\/strong>, bet liel\u0101kiem pas\u016bt\u012bjumiem vai <strong data-start=\"1042\" data-end=\"1066\">nestandarta izm\u0113riem<\/strong> aicin\u0101m sazin\u0101ties pa t\u0101lruni vai e-past\u0101 \u2014 m\u0113s pied\u0101v\u0101sim <strong data-start=\"1126\" data-end=\"1152\">piem\u0113rot\u0101ko risin\u0101jumu<\/strong> j\u016bsu vajadz\u012bb\u0101m.<\/p>\n","protected":false},"excerpt":{"rendered":"<p>SDA Pakuot\u0117 pied\u0101v\u0101 augstas kvalit\u0101tes BOPP maisi\u0146us, kas izgatavoti no biaxially oriented polypropylene (BOPP) pl\u0113ves. \u0160ie maisi\u0146i izce\u013cas ar \u012bpa\u0161u caursp\u012bd\u012bgumu, t\u0101p\u0113c iepakotais produkts izskat\u0101s est\u0113tiski un pievilc\u012bgi, saglab\u0101jot nevainojamu preces izskatu. BOPP maisi\u0146i ne tikai uzlabo produkta vizu\u0101lo pievilc\u012bbu, bet ar\u012b pasarg\u0101 to no putek\u013ciem, mitruma un nev\u0113lamas saskares. Pateicoties \u0161\u012bm \u012bpa\u0161\u012bb\u0101m, tie tiek [&hellip;]<\/p>\n","protected":false},"author":2,"featured_media":4445,"parent":4439,"menu_order":0,"comment_status":"closed","ping_status":"closed","template":"page-single-product.php","meta":{"_acf_changed":false,"footnotes":""},"class_list":["post-4444","page","type-page","status-publish","has-post-thumbnail","hentry"],"acf":[],"yoast_head":"<!-- This site is optimized with the Yoast SEO plugin v27.4 - https:\/\/yoast.com\/product\/yoast-seo-wordpress\/ -->\n<title>Maisi\u0146i bi\u017eut\u0113rijai - sdapakuote.lt<\/title>\n<meta name=\"description\" content=\"Caursp\u012bd\u012bgi un iztur\u012bgi BOPP maisi\u0146i p\u0101rtikas un rekl\u0101mas produktu iepako\u0161anai. Pieejami da\u017e\u0101dos izm\u0113ros ar \u0101tru pieg\u0101di.\" \/>\n<meta name=\"robots\" content=\"index, follow, max-snippet:-1, max-image-preview:large, max-video-preview:-1\" \/>\n<link rel=\"canonical\" href=\"https:\/\/www.sdapakuote.lt\/lv\/produkti\/polietilena-maisini\/cpp-bopp-maisini\/maisini-bizuterijai\/\" \/>\n<meta property=\"og:locale\" content=\"lv_LV\" \/>\n<meta property=\"og:type\" content=\"article\" \/>\n<meta property=\"og:title\" content=\"Maisi\u0146i bi\u017eut\u0113rijai - sdapakuote.lt\" \/>\n<meta property=\"og:description\" content=\"Caursp\u012bd\u012bgi un iztur\u012bgi BOPP maisi\u0146i p\u0101rtikas un rekl\u0101mas produktu iepako\u0161anai. Pieejami da\u017e\u0101dos izm\u0113ros ar \u0101tru pieg\u0101di.\" \/>\n<meta property=\"og:url\" content=\"https:\/\/www.sdapakuote.lt\/lv\/produkti\/polietilena-maisini\/cpp-bopp-maisini\/maisini-bizuterijai\/\" \/>\n<meta property=\"og:site_name\" content=\"sdapakuote.lt\" \/>\n<meta property=\"article:modified_time\" content=\"2025-10-07T07:06:39+00:00\" \/>\n<meta property=\"og:image\" content=\"https:\/\/www.sdapakuote.lt\/wp-content\/uploads\/2021\/09\/maiseliai-bizuterijai.jpg\" \/>\n\t<meta property=\"og:image:width\" content=\"1030\" \/>\n\t<meta property=\"og:image:height\" content=\"1000\" \/>\n\t<meta property=\"og:image:type\" content=\"image\/jpeg\" \/>\n<meta name=\"twitter:card\" content=\"summary_large_image\" \/>\n<meta name=\"twitter:label1\" content=\"Est. reading time\" \/>\n\t<meta name=\"twitter:data1\" content=\"1 minute\" \/>\n<script type=\"application\/ld+json\" class=\"yoast-schema-graph\">{\"@context\":\"https:\\\/\\\/schema.org\",\"@graph\":[{\"@type\":\"WebPage\",\"@id\":\"https:\\\/\\\/www.sdapakuote.lt\\\/lv\\\/produkti\\\/polietilena-maisini\\\/cpp-bopp-maisini\\\/maisini-bizuterijai\\\/\",\"url\":\"https:\\\/\\\/www.sdapakuote.lt\\\/lv\\\/produkti\\\/polietilena-maisini\\\/cpp-bopp-maisini\\\/maisini-bizuterijai\\\/\",\"name\":\"Maisi\u0146i bi\u017eut\u0113rijai - sdapakuote.lt\",\"isPartOf\":{\"@id\":\"https:\\\/\\\/www.sdapakuote.lt\\\/lv\\\/#website\"},\"primaryImageOfPage\":{\"@id\":\"https:\\\/\\\/www.sdapakuote.lt\\\/lv\\\/produkti\\\/polietilena-maisini\\\/cpp-bopp-maisini\\\/maisini-bizuterijai\\\/#primaryimage\"},\"image\":{\"@id\":\"https:\\\/\\\/www.sdapakuote.lt\\\/lv\\\/produkti\\\/polietilena-maisini\\\/cpp-bopp-maisini\\\/maisini-bizuterijai\\\/#primaryimage\"},\"thumbnailUrl\":\"https:\\\/\\\/www.sdapakuote.lt\\\/wp-content\\\/uploads\\\/2021\\\/09\\\/maiseliai-bizuterijai.jpg\",\"datePublished\":\"2025-10-07T07:06:17+00:00\",\"dateModified\":\"2025-10-07T07:06:39+00:00\",\"description\":\"Caursp\u012bd\u012bgi un iztur\u012bgi BOPP maisi\u0146i p\u0101rtikas un rekl\u0101mas produktu iepako\u0161anai. Pieejami da\u017e\u0101dos izm\u0113ros ar \u0101tru pieg\u0101di.\",\"breadcrumb\":{\"@id\":\"https:\\\/\\\/www.sdapakuote.lt\\\/lv\\\/produkti\\\/polietilena-maisini\\\/cpp-bopp-maisini\\\/maisini-bizuterijai\\\/#breadcrumb\"},\"inLanguage\":\"lv-LV\",\"potentialAction\":[{\"@type\":\"ReadAction\",\"target\":[\"https:\\\/\\\/www.sdapakuote.lt\\\/lv\\\/produkti\\\/polietilena-maisini\\\/cpp-bopp-maisini\\\/maisini-bizuterijai\\\/\"]}]},{\"@type\":\"ImageObject\",\"inLanguage\":\"lv-LV\",\"@id\":\"https:\\\/\\\/www.sdapakuote.lt\\\/lv\\\/produkti\\\/polietilena-maisini\\\/cpp-bopp-maisini\\\/maisini-bizuterijai\\\/#primaryimage\",\"url\":\"https:\\\/\\\/www.sdapakuote.lt\\\/wp-content\\\/uploads\\\/2021\\\/09\\\/maiseliai-bizuterijai.jpg\",\"contentUrl\":\"https:\\\/\\\/www.sdapakuote.lt\\\/wp-content\\\/uploads\\\/2021\\\/09\\\/maiseliai-bizuterijai.jpg\",\"width\":1030,\"height\":1000},{\"@type\":\"BreadcrumbList\",\"@id\":\"https:\\\/\\\/www.sdapakuote.lt\\\/lv\\\/produkti\\\/polietilena-maisini\\\/cpp-bopp-maisini\\\/maisini-bizuterijai\\\/#breadcrumb\",\"itemListElement\":[{\"@type\":\"ListItem\",\"position\":1,\"name\":\"Home\",\"item\":\"https:\\\/\\\/www.sdapakuote.lt\\\/lv\\\/\"},{\"@type\":\"ListItem\",\"position\":2,\"name\":\"Produkti\",\"item\":\"https:\\\/\\\/www.sdapakuote.lt\\\/lv\\\/produkti\\\/\"},{\"@type\":\"ListItem\",\"position\":3,\"name\":\"Polietil\u0113na maisi\u0146i\",\"item\":\"https:\\\/\\\/www.sdapakuote.lt\\\/lv\\\/produkti\\\/polietilena-maisini\\\/\"},{\"@type\":\"ListItem\",\"position\":4,\"name\":\"CPP \\\/ BOPP maisi\u0146i\",\"item\":\"https:\\\/\\\/www.sdapakuote.lt\\\/lv\\\/produkti\\\/polietilena-maisini\\\/cpp-bopp-maisini\\\/\"},{\"@type\":\"ListItem\",\"position\":5,\"name\":\"Maisi\u0146i bi\u017eut\u0113rijai\"}]},{\"@type\":\"WebSite\",\"@id\":\"https:\\\/\\\/www.sdapakuote.lt\\\/lv\\\/#website\",\"url\":\"https:\\\/\\\/www.sdapakuote.lt\\\/lv\\\/\",\"name\":\"sdapakuote.lt\",\"description\":\"Kol kas tik dar vienas WordPress tinklalapis\",\"potentialAction\":[{\"@type\":\"SearchAction\",\"target\":{\"@type\":\"EntryPoint\",\"urlTemplate\":\"https:\\\/\\\/www.sdapakuote.lt\\\/lv\\\/?s={search_term_string}\"},\"query-input\":{\"@type\":\"PropertyValueSpecification\",\"valueRequired\":true,\"valueName\":\"search_term_string\"}}],\"inLanguage\":\"lv-LV\"}]}<\/script>\n<!-- \/ Yoast SEO plugin. -->","yoast_head_json":{"title":"Maisi\u0146i bi\u017eut\u0113rijai - sdapakuote.lt","description":"Caursp\u012bd\u012bgi un iztur\u012bgi BOPP maisi\u0146i p\u0101rtikas un rekl\u0101mas produktu iepako\u0161anai. Pieejami da\u017e\u0101dos izm\u0113ros ar \u0101tru pieg\u0101di.","robots":{"index":"index","follow":"follow","max-snippet":"max-snippet:-1","max-image-preview":"max-image-preview:large","max-video-preview":"max-video-preview:-1"},"canonical":"https:\/\/www.sdapakuote.lt\/lv\/produkti\/polietilena-maisini\/cpp-bopp-maisini\/maisini-bizuterijai\/","og_locale":"lv_LV","og_type":"article","og_title":"Maisi\u0146i bi\u017eut\u0113rijai - sdapakuote.lt","og_description":"Caursp\u012bd\u012bgi un iztur\u012bgi BOPP maisi\u0146i p\u0101rtikas un rekl\u0101mas produktu iepako\u0161anai. Pieejami da\u017e\u0101dos izm\u0113ros ar \u0101tru pieg\u0101di.","og_url":"https:\/\/www.sdapakuote.lt\/lv\/produkti\/polietilena-maisini\/cpp-bopp-maisini\/maisini-bizuterijai\/","og_site_name":"sdapakuote.lt","article_modified_time":"2025-10-07T07:06:39+00:00","og_image":[{"width":1030,"height":1000,"url":"https:\/\/www.sdapakuote.lt\/wp-content\/uploads\/2021\/09\/maiseliai-bizuterijai.jpg","type":"image\/jpeg"}],"twitter_card":"summary_large_image","twitter_misc":{"Est. reading time":"1 minute"},"schema":{"@context":"https:\/\/schema.org","@graph":[{"@type":"WebPage","@id":"https:\/\/www.sdapakuote.lt\/lv\/produkti\/polietilena-maisini\/cpp-bopp-maisini\/maisini-bizuterijai\/","url":"https:\/\/www.sdapakuote.lt\/lv\/produkti\/polietilena-maisini\/cpp-bopp-maisini\/maisini-bizuterijai\/","name":"Maisi\u0146i bi\u017eut\u0113rijai - sdapakuote.lt","isPartOf":{"@id":"https:\/\/www.sdapakuote.lt\/lv\/#website"},"primaryImageOfPage":{"@id":"https:\/\/www.sdapakuote.lt\/lv\/produkti\/polietilena-maisini\/cpp-bopp-maisini\/maisini-bizuterijai\/#primaryimage"},"image":{"@id":"https:\/\/www.sdapakuote.lt\/lv\/produkti\/polietilena-maisini\/cpp-bopp-maisini\/maisini-bizuterijai\/#primaryimage"},"thumbnailUrl":"https:\/\/www.sdapakuote.lt\/wp-content\/uploads\/2021\/09\/maiseliai-bizuterijai.jpg","datePublished":"2025-10-07T07:06:17+00:00","dateModified":"2025-10-07T07:06:39+00:00","description":"Caursp\u012bd\u012bgi un iztur\u012bgi BOPP maisi\u0146i p\u0101rtikas un rekl\u0101mas produktu iepako\u0161anai. Pieejami da\u017e\u0101dos izm\u0113ros ar \u0101tru pieg\u0101di.","breadcrumb":{"@id":"https:\/\/www.sdapakuote.lt\/lv\/produkti\/polietilena-maisini\/cpp-bopp-maisini\/maisini-bizuterijai\/#breadcrumb"},"inLanguage":"lv-LV","potentialAction":[{"@type":"ReadAction","target":["https:\/\/www.sdapakuote.lt\/lv\/produkti\/polietilena-maisini\/cpp-bopp-maisini\/maisini-bizuterijai\/"]}]},{"@type":"ImageObject","inLanguage":"lv-LV","@id":"https:\/\/www.sdapakuote.lt\/lv\/produkti\/polietilena-maisini\/cpp-bopp-maisini\/maisini-bizuterijai\/#primaryimage","url":"https:\/\/www.sdapakuote.lt\/wp-content\/uploads\/2021\/09\/maiseliai-bizuterijai.jpg","contentUrl":"https:\/\/www.sdapakuote.lt\/wp-content\/uploads\/2021\/09\/maiseliai-bizuterijai.jpg","width":1030,"height":1000},{"@type":"BreadcrumbList","@id":"https:\/\/www.sdapakuote.lt\/lv\/produkti\/polietilena-maisini\/cpp-bopp-maisini\/maisini-bizuterijai\/#breadcrumb","itemListElement":[{"@type":"ListItem","position":1,"name":"Home","item":"https:\/\/www.sdapakuote.lt\/lv\/"},{"@type":"ListItem","position":2,"name":"Produkti","item":"https:\/\/www.sdapakuote.lt\/lv\/produkti\/"},{"@type":"ListItem","position":3,"name":"Polietil\u0113na maisi\u0146i","item":"https:\/\/www.sdapakuote.lt\/lv\/produkti\/polietilena-maisini\/"},{"@type":"ListItem","position":4,"name":"CPP \/ BOPP maisi\u0146i","item":"https:\/\/www.sdapakuote.lt\/lv\/produkti\/polietilena-maisini\/cpp-bopp-maisini\/"},{"@type":"ListItem","position":5,"name":"Maisi\u0146i bi\u017eut\u0113rijai"}]},{"@type":"WebSite","@id":"https:\/\/www.sdapakuote.lt\/lv\/#website","url":"https:\/\/www.sdapakuote.lt\/lv\/","name":"sdapakuote.lt","description":"Kol kas tik dar vienas WordPress tinklalapis","potentialAction":[{"@type":"SearchAction","target":{"@type":"EntryPoint","urlTemplate":"https:\/\/www.sdapakuote.lt\/lv\/?s={search_term_string}"},"query-input":{"@type":"PropertyValueSpecification","valueRequired":true,"valueName":"search_term_string"}}],"inLanguage":"lv-LV"}]}},"_links":{"self":[{"href":"https:\/\/www.sdapakuote.lt\/lv\/wp-json\/wp\/v2\/pages\/4444","targetHints":{"allow":["GET"]}}],"collection":[{"href":"https:\/\/www.sdapakuote.lt\/lv\/wp-json\/wp\/v2\/pages"}],"about":[{"href":"https:\/\/www.sdapakuote.lt\/lv\/wp-json\/wp\/v2\/types\/page"}],"author":[{"embeddable":true,"href":"https:\/\/www.sdapakuote.lt\/lv\/wp-json\/wp\/v2\/users\/2"}],"replies":[{"embeddable":true,"href":"https:\/\/www.sdapakuote.lt\/lv\/wp-json\/wp\/v2\/comments?post=4444"}],"version-history":[{"count":2,"href":"https:\/\/www.sdapakuote.lt\/lv\/wp-json\/wp\/v2\/pages\/4444\/revisions"}],"predecessor-version":[{"id":4447,"href":"https:\/\/www.sdapakuote.lt\/lv\/wp-json\/wp\/v2\/pages\/4444\/revisions\/4447"}],"up":[{"embeddable":true,"href":"https:\/\/www.sdapakuote.lt\/lv\/wp-json\/wp\/v2\/pages\/4439"}],"wp:featuredmedia":[{"embeddable":true,"href":"https:\/\/www.sdapakuote.lt\/lv\/wp-json\/wp\/v2\/media\/4445"}],"wp:attachment":[{"href":"https:\/\/www.sdapakuote.lt\/lv\/wp-json\/wp\/v2\/media?parent=4444"}],"curies":[{"name":"wp","href":"https:\/\/api.w.org\/{rel}","templated":true}]}}