{"id":4439,"date":"2025-10-07T07:01:44","date_gmt":"2025-10-07T07:01:44","guid":{"rendered":"https:\/\/www.sdapakuote.lt\/?page_id=4439"},"modified":"2025-10-07T07:03:29","modified_gmt":"2025-10-07T07:03:29","slug":"cpp-bopp-maisini","status":"publish","type":"page","link":"https:\/\/www.sdapakuote.lt\/lv\/produkti\/polietilena-maisini\/cpp-bopp-maisini\/","title":{"rendered":"CPP \/ BOPP maisi\u0146i"},"content":{"rendered":"<p><img loading=\"lazy\" decoding=\"async\" class=\"size-medium wp-image-4201 alignleft\" src=\"https:\/\/www.sdapakuote.lt\/wp-content\/uploads\/2025\/10\/CPP-BOPP-maiseliai-300x300.png\" alt=\"Caursp\u012bd\u012bgi un iztur\u012bgi CPP un BOPP maisi\u0146i p\u0101rtikas un r\u016bpniec\u012bbas produktu iepako\u0161anai. Pieejami ar individu\u0101lu apdruku.\" width=\"300\" height=\"300\" srcset=\"https:\/\/www.sdapakuote.lt\/wp-content\/uploads\/2025\/10\/CPP-BOPP-maiseliai-300x300.png 300w, https:\/\/www.sdapakuote.lt\/wp-content\/uploads\/2025\/10\/CPP-BOPP-maiseliai-150x150.png 150w, https:\/\/www.sdapakuote.lt\/wp-content\/uploads\/2025\/10\/CPP-BOPP-maiseliai-768x768.png 768w, https:\/\/www.sdapakuote.lt\/wp-content\/uploads\/2025\/10\/CPP-BOPP-maiseliai.png 1024w\" sizes=\"auto, (max-width: 300px) 100vw, 300px\" \/><\/p>\n<p data-start=\"405\" data-end=\"675\"><strong data-start=\"405\" data-end=\"420\">SDA Pakuot\u0117<\/strong> pied\u0101v\u0101 augstas kvalit\u0101tes <strong data-start=\"448\" data-end=\"472\">CPP un BOPP maisi\u0146us<\/strong>, kas izce\u013cas ar <strong data-start=\"489\" data-end=\"545\">izcilu caursp\u012bd\u012bgumu, iztur\u012bbu un est\u0113tisku izskatu.<\/strong><br data-start=\"545\" data-end=\"548\" \/><br \/>\nTie ir vieni no popul\u0101r\u0101kajiem maisi\u0146u veidiem, ko izmanto gan <strong data-start=\"611\" data-end=\"675\">p\u0101rtikas produktu, gan r\u016bpniec\u012bbas izstr\u0101d\u0101jumu iepako\u0161anai.<\/strong><\/p>\n<h3 data-start=\"677\" data-end=\"699\">Galven\u0101s \u012bpa\u0161\u012bbas:<\/h3>\n<ul data-start=\"701\" data-end=\"1103\">\n<li data-start=\"701\" data-end=\"903\">\n<p data-start=\"703\" data-end=\"903\"><strong data-start=\"703\" data-end=\"719\">BOPP maisi\u0146i<\/strong> \u2013 \u012bpa\u0161i caursp\u012bd\u012bgi, sp\u012bd\u012bgi un stingri.<br data-start=\"760\" data-end=\"763\" \/><br \/>\nTos bie\u017ei izmanto <strong data-start=\"783\" data-end=\"804\">p\u0101rtikas produktu<\/strong> (piem\u0113ram, konditorejas izstr\u0101d\u0101jumu, konfek\u0161u, makaronu) un <strong data-start=\"866\" data-end=\"888\">rekl\u0101mas materi\u0101lu<\/strong> iepako\u0161anai.<\/p>\n<\/li>\n<li data-start=\"905\" data-end=\"1103\">\n<p data-start=\"907\" data-end=\"1103\"><strong data-start=\"907\" data-end=\"922\">CPP maisi\u0146i<\/strong> \u2013 elast\u012bg\u0101ki un iztur\u012bg\u0101ki pret pl\u012b\u0161anu, nodro\u0161ina liel\u0101ku meh\u0101nisko stipr\u012bbu.<br data-start=\"1001\" data-end=\"1004\" \/><br \/>\nPiem\u0113roti <strong data-start=\"1016\" data-end=\"1040\">smag\u0101kiem produktiem<\/strong> vai prec\u0113m, kur\u0101m nepiecie\u0161ama dro\u0161a un uzticama iepako\u0161ana.<\/p>\n<\/li>\n<\/ul>\n<h3 data-start=\"1105\" data-end=\"1146\">K\u0101p\u0113c izv\u0113l\u0113ties CPP \/ BOPP maisi\u0146us?<\/h3>\n<ul data-start=\"1148\" data-end=\"1493\">\n<li data-start=\"1148\" data-end=\"1230\">\n<p data-start=\"1150\" data-end=\"1230\">Tie pie\u0161\u0137ir produktiem <strong data-start=\"1173\" data-end=\"1194\">est\u0113tisku izskatu<\/strong> un \u013cauj skaidri redz\u0113t to saturu.<\/p>\n<\/li>\n<li data-start=\"1231\" data-end=\"1306\">\n<p data-start=\"1233\" data-end=\"1306\"><strong data-start=\"1233\" data-end=\"1266\">Piem\u0113roti saskarei ar p\u0101rtiku<\/strong>, pla\u0161i izmantoti p\u0101rtikas r\u016bpniec\u012bb\u0101.<\/p>\n<\/li>\n<li data-start=\"1307\" data-end=\"1385\">\n<p data-start=\"1309\" data-end=\"1385\">Pieejami <strong data-start=\"1318\" data-end=\"1383\">da\u017e\u0101dos izm\u0113ros, biezumos un ar da\u017e\u0101diem aizv\u0113r\u0161anas veidiem.<\/strong><\/p>\n<\/li>\n<li data-start=\"1386\" data-end=\"1493\">\n<p data-start=\"1388\" data-end=\"1493\">P\u0113c pas\u016bt\u012bjuma ra\u017eojam <strong data-start=\"1411\" data-end=\"1447\">individu\u0101lus maisi\u0146us ar apdruku<\/strong> \u2014 logotipu, z\u012bm\u0113m vai cita veida mar\u0137\u0113jumu.<\/p>\n<\/li>\n<\/ul>\n<p data-start=\"1495\" data-end=\"1658\"><strong data-start=\"1495\" data-end=\"1518\">CPP un BOPP maisi\u0146i<\/strong> ir <strong data-start=\"1522\" data-end=\"1562\">ekonomisks, dro\u0161s un \u0113rts risin\u0101jums<\/strong> gan mazajiem uz\u0146\u0113mumiem, gan lielajiem ra\u017eot\u0101jiem, kas mekl\u0113 uzticamus iepakojuma materi\u0101lus.<\/p>\n","protected":false},"excerpt":{"rendered":"<p>SDA Pakuot\u0117 pied\u0101v\u0101 augstas kvalit\u0101tes CPP un BOPP maisi\u0146us, kas izce\u013cas ar izcilu caursp\u012bd\u012bgumu, iztur\u012bbu un est\u0113tisku izskatu. Tie ir vieni no popul\u0101r\u0101kajiem maisi\u0146u veidiem, ko izmanto gan p\u0101rtikas produktu, gan r\u016bpniec\u012bbas izstr\u0101d\u0101jumu iepako\u0161anai. Galven\u0101s \u012bpa\u0161\u012bbas: BOPP maisi\u0146i \u2013 \u012bpa\u0161i caursp\u012bd\u012bgi, sp\u012bd\u012bgi un stingri. Tos bie\u017ei izmanto p\u0101rtikas produktu (piem\u0113ram, konditorejas izstr\u0101d\u0101jumu, konfek\u0161u, makaronu) un [&hellip;]<\/p>\n","protected":false},"author":2,"featured_media":0,"parent":4434,"menu_order":0,"comment_status":"closed","ping_status":"closed","template":"page-products-category.php","meta":{"_acf_changed":false,"footnotes":""},"class_list":["post-4439","page","type-page","status-publish","hentry"],"acf":[],"yoast_head":"<!-- This site is optimized with the Yoast SEO plugin v27.4 - https:\/\/yoast.com\/product\/yoast-seo-wordpress\/ -->\n<title>CPP \/ BOPP maisi\u0146i - sdapakuote.lt<\/title>\n<meta name=\"description\" content=\"Caursp\u012bd\u012bgi un iztur\u012bgi CPP un BOPP maisi\u0146i p\u0101rtikas un r\u016bpniec\u012bbas produktu iepako\u0161anai. Pieejami ar individu\u0101lu apdruku.\" \/>\n<meta name=\"robots\" content=\"index, follow, max-snippet:-1, max-image-preview:large, max-video-preview:-1\" \/>\n<link rel=\"canonical\" href=\"https:\/\/www.sdapakuote.lt\/lv\/produkti\/polietilena-maisini\/cpp-bopp-maisini\/\" \/>\n<meta property=\"og:locale\" content=\"lv_LV\" \/>\n<meta property=\"og:type\" content=\"article\" \/>\n<meta property=\"og:title\" content=\"CPP \/ BOPP maisi\u0146i - sdapakuote.lt\" \/>\n<meta property=\"og:description\" content=\"Caursp\u012bd\u012bgi un iztur\u012bgi CPP un BOPP maisi\u0146i p\u0101rtikas un r\u016bpniec\u012bbas produktu iepako\u0161anai. Pieejami ar individu\u0101lu apdruku.\" \/>\n<meta property=\"og:url\" content=\"https:\/\/www.sdapakuote.lt\/lv\/produkti\/polietilena-maisini\/cpp-bopp-maisini\/\" \/>\n<meta property=\"og:site_name\" content=\"sdapakuote.lt\" \/>\n<meta property=\"article:modified_time\" content=\"2025-10-07T07:03:29+00:00\" \/>\n<meta property=\"og:image\" content=\"https:\/\/www.sdapakuote.lt\/wp-content\/uploads\/2025\/10\/CPP-BOPP-maiseliai.png\" \/>\n\t<meta property=\"og:image:width\" content=\"1024\" \/>\n\t<meta property=\"og:image:height\" content=\"1024\" \/>\n\t<meta property=\"og:image:type\" content=\"image\/png\" \/>\n<meta name=\"twitter:card\" content=\"summary_large_image\" \/>\n<meta name=\"twitter:label1\" content=\"Est. reading time\" \/>\n\t<meta name=\"twitter:data1\" content=\"2 minutes\" \/>\n<script type=\"application\/ld+json\" class=\"yoast-schema-graph\">{\"@context\":\"https:\\\/\\\/schema.org\",\"@graph\":[{\"@type\":\"WebPage\",\"@id\":\"https:\\\/\\\/www.sdapakuote.lt\\\/lv\\\/produkti\\\/polietilena-maisini\\\/cpp-bopp-maisini\\\/\",\"url\":\"https:\\\/\\\/www.sdapakuote.lt\\\/lv\\\/produkti\\\/polietilena-maisini\\\/cpp-bopp-maisini\\\/\",\"name\":\"CPP \\\/ BOPP maisi\u0146i - sdapakuote.lt\",\"isPartOf\":{\"@id\":\"https:\\\/\\\/www.sdapakuote.lt\\\/lv\\\/#website\"},\"primaryImageOfPage\":{\"@id\":\"https:\\\/\\\/www.sdapakuote.lt\\\/lv\\\/produkti\\\/polietilena-maisini\\\/cpp-bopp-maisini\\\/#primaryimage\"},\"image\":{\"@id\":\"https:\\\/\\\/www.sdapakuote.lt\\\/lv\\\/produkti\\\/polietilena-maisini\\\/cpp-bopp-maisini\\\/#primaryimage\"},\"thumbnailUrl\":\"https:\\\/\\\/www.sdapakuote.lt\\\/wp-content\\\/uploads\\\/2025\\\/10\\\/CPP-BOPP-maiseliai-300x300.png\",\"datePublished\":\"2025-10-07T07:01:44+00:00\",\"dateModified\":\"2025-10-07T07:03:29+00:00\",\"description\":\"Caursp\u012bd\u012bgi un iztur\u012bgi CPP un BOPP maisi\u0146i p\u0101rtikas un r\u016bpniec\u012bbas produktu iepako\u0161anai. Pieejami ar individu\u0101lu apdruku.\",\"breadcrumb\":{\"@id\":\"https:\\\/\\\/www.sdapakuote.lt\\\/lv\\\/produkti\\\/polietilena-maisini\\\/cpp-bopp-maisini\\\/#breadcrumb\"},\"inLanguage\":\"lv-LV\",\"potentialAction\":[{\"@type\":\"ReadAction\",\"target\":[\"https:\\\/\\\/www.sdapakuote.lt\\\/lv\\\/produkti\\\/polietilena-maisini\\\/cpp-bopp-maisini\\\/\"]}]},{\"@type\":\"ImageObject\",\"inLanguage\":\"lv-LV\",\"@id\":\"https:\\\/\\\/www.sdapakuote.lt\\\/lv\\\/produkti\\\/polietilena-maisini\\\/cpp-bopp-maisini\\\/#primaryimage\",\"url\":\"https:\\\/\\\/www.sdapakuote.lt\\\/wp-content\\\/uploads\\\/2025\\\/10\\\/CPP-BOPP-maiseliai-300x300.png\",\"contentUrl\":\"https:\\\/\\\/www.sdapakuote.lt\\\/wp-content\\\/uploads\\\/2025\\\/10\\\/CPP-BOPP-maiseliai-300x300.png\"},{\"@type\":\"BreadcrumbList\",\"@id\":\"https:\\\/\\\/www.sdapakuote.lt\\\/lv\\\/produkti\\\/polietilena-maisini\\\/cpp-bopp-maisini\\\/#breadcrumb\",\"itemListElement\":[{\"@type\":\"ListItem\",\"position\":1,\"name\":\"Home\",\"item\":\"https:\\\/\\\/www.sdapakuote.lt\\\/lv\\\/\"},{\"@type\":\"ListItem\",\"position\":2,\"name\":\"Produkti\",\"item\":\"https:\\\/\\\/www.sdapakuote.lt\\\/lv\\\/produkti\\\/\"},{\"@type\":\"ListItem\",\"position\":3,\"name\":\"Polietil\u0113na maisi\u0146i\",\"item\":\"https:\\\/\\\/www.sdapakuote.lt\\\/lv\\\/produkti\\\/polietilena-maisini\\\/\"},{\"@type\":\"ListItem\",\"position\":4,\"name\":\"CPP \\\/ BOPP maisi\u0146i\"}]},{\"@type\":\"WebSite\",\"@id\":\"https:\\\/\\\/www.sdapakuote.lt\\\/lv\\\/#website\",\"url\":\"https:\\\/\\\/www.sdapakuote.lt\\\/lv\\\/\",\"name\":\"sdapakuote.lt\",\"description\":\"Kol kas tik dar vienas WordPress tinklalapis\",\"potentialAction\":[{\"@type\":\"SearchAction\",\"target\":{\"@type\":\"EntryPoint\",\"urlTemplate\":\"https:\\\/\\\/www.sdapakuote.lt\\\/lv\\\/?s={search_term_string}\"},\"query-input\":{\"@type\":\"PropertyValueSpecification\",\"valueRequired\":true,\"valueName\":\"search_term_string\"}}],\"inLanguage\":\"lv-LV\"}]}<\/script>\n<!-- \/ Yoast SEO plugin. -->","yoast_head_json":{"title":"CPP \/ BOPP maisi\u0146i - sdapakuote.lt","description":"Caursp\u012bd\u012bgi un iztur\u012bgi CPP un BOPP maisi\u0146i p\u0101rtikas un r\u016bpniec\u012bbas produktu iepako\u0161anai. Pieejami ar individu\u0101lu apdruku.","robots":{"index":"index","follow":"follow","max-snippet":"max-snippet:-1","max-image-preview":"max-image-preview:large","max-video-preview":"max-video-preview:-1"},"canonical":"https:\/\/www.sdapakuote.lt\/lv\/produkti\/polietilena-maisini\/cpp-bopp-maisini\/","og_locale":"lv_LV","og_type":"article","og_title":"CPP \/ BOPP maisi\u0146i - sdapakuote.lt","og_description":"Caursp\u012bd\u012bgi un iztur\u012bgi CPP un BOPP maisi\u0146i p\u0101rtikas un r\u016bpniec\u012bbas produktu iepako\u0161anai. Pieejami ar individu\u0101lu apdruku.","og_url":"https:\/\/www.sdapakuote.lt\/lv\/produkti\/polietilena-maisini\/cpp-bopp-maisini\/","og_site_name":"sdapakuote.lt","article_modified_time":"2025-10-07T07:03:29+00:00","og_image":[{"width":1024,"height":1024,"url":"https:\/\/www.sdapakuote.lt\/wp-content\/uploads\/2025\/10\/CPP-BOPP-maiseliai.png","type":"image\/png"}],"twitter_card":"summary_large_image","twitter_misc":{"Est. reading time":"2 minutes"},"schema":{"@context":"https:\/\/schema.org","@graph":[{"@type":"WebPage","@id":"https:\/\/www.sdapakuote.lt\/lv\/produkti\/polietilena-maisini\/cpp-bopp-maisini\/","url":"https:\/\/www.sdapakuote.lt\/lv\/produkti\/polietilena-maisini\/cpp-bopp-maisini\/","name":"CPP \/ BOPP maisi\u0146i - sdapakuote.lt","isPartOf":{"@id":"https:\/\/www.sdapakuote.lt\/lv\/#website"},"primaryImageOfPage":{"@id":"https:\/\/www.sdapakuote.lt\/lv\/produkti\/polietilena-maisini\/cpp-bopp-maisini\/#primaryimage"},"image":{"@id":"https:\/\/www.sdapakuote.lt\/lv\/produkti\/polietilena-maisini\/cpp-bopp-maisini\/#primaryimage"},"thumbnailUrl":"https:\/\/www.sdapakuote.lt\/wp-content\/uploads\/2025\/10\/CPP-BOPP-maiseliai-300x300.png","datePublished":"2025-10-07T07:01:44+00:00","dateModified":"2025-10-07T07:03:29+00:00","description":"Caursp\u012bd\u012bgi un iztur\u012bgi CPP un BOPP maisi\u0146i p\u0101rtikas un r\u016bpniec\u012bbas produktu iepako\u0161anai. Pieejami ar individu\u0101lu apdruku.","breadcrumb":{"@id":"https:\/\/www.sdapakuote.lt\/lv\/produkti\/polietilena-maisini\/cpp-bopp-maisini\/#breadcrumb"},"inLanguage":"lv-LV","potentialAction":[{"@type":"ReadAction","target":["https:\/\/www.sdapakuote.lt\/lv\/produkti\/polietilena-maisini\/cpp-bopp-maisini\/"]}]},{"@type":"ImageObject","inLanguage":"lv-LV","@id":"https:\/\/www.sdapakuote.lt\/lv\/produkti\/polietilena-maisini\/cpp-bopp-maisini\/#primaryimage","url":"https:\/\/www.sdapakuote.lt\/wp-content\/uploads\/2025\/10\/CPP-BOPP-maiseliai-300x300.png","contentUrl":"https:\/\/www.sdapakuote.lt\/wp-content\/uploads\/2025\/10\/CPP-BOPP-maiseliai-300x300.png"},{"@type":"BreadcrumbList","@id":"https:\/\/www.sdapakuote.lt\/lv\/produkti\/polietilena-maisini\/cpp-bopp-maisini\/#breadcrumb","itemListElement":[{"@type":"ListItem","position":1,"name":"Home","item":"https:\/\/www.sdapakuote.lt\/lv\/"},{"@type":"ListItem","position":2,"name":"Produkti","item":"https:\/\/www.sdapakuote.lt\/lv\/produkti\/"},{"@type":"ListItem","position":3,"name":"Polietil\u0113na maisi\u0146i","item":"https:\/\/www.sdapakuote.lt\/lv\/produkti\/polietilena-maisini\/"},{"@type":"ListItem","position":4,"name":"CPP \/ BOPP maisi\u0146i"}]},{"@type":"WebSite","@id":"https:\/\/www.sdapakuote.lt\/lv\/#website","url":"https:\/\/www.sdapakuote.lt\/lv\/","name":"sdapakuote.lt","description":"Kol kas tik dar vienas WordPress tinklalapis","potentialAction":[{"@type":"SearchAction","target":{"@type":"EntryPoint","urlTemplate":"https:\/\/www.sdapakuote.lt\/lv\/?s={search_term_string}"},"query-input":{"@type":"PropertyValueSpecification","valueRequired":true,"valueName":"search_term_string"}}],"inLanguage":"lv-LV"}]}},"_links":{"self":[{"href":"https:\/\/www.sdapakuote.lt\/lv\/wp-json\/wp\/v2\/pages\/4439","targetHints":{"allow":["GET"]}}],"collection":[{"href":"https:\/\/www.sdapakuote.lt\/lv\/wp-json\/wp\/v2\/pages"}],"about":[{"href":"https:\/\/www.sdapakuote.lt\/lv\/wp-json\/wp\/v2\/types\/page"}],"author":[{"embeddable":true,"href":"https:\/\/www.sdapakuote.lt\/lv\/wp-json\/wp\/v2\/users\/2"}],"replies":[{"embeddable":true,"href":"https:\/\/www.sdapakuote.lt\/lv\/wp-json\/wp\/v2\/comments?post=4439"}],"version-history":[{"count":3,"href":"https:\/\/www.sdapakuote.lt\/lv\/wp-json\/wp\/v2\/pages\/4439\/revisions"}],"predecessor-version":[{"id":4441,"href":"https:\/\/www.sdapakuote.lt\/lv\/wp-json\/wp\/v2\/pages\/4439\/revisions\/4441"}],"up":[{"embeddable":true,"href":"https:\/\/www.sdapakuote.lt\/lv\/wp-json\/wp\/v2\/pages\/4434"}],"wp:attachment":[{"href":"https:\/\/www.sdapakuote.lt\/lv\/wp-json\/wp\/v2\/media?parent=4439"}],"curies":[{"name":"wp","href":"https:\/\/api.w.org\/{rel}","templated":true}]}}