{"id":4434,"date":"2025-10-07T06:57:10","date_gmt":"2025-10-07T06:57:10","guid":{"rendered":"https:\/\/www.sdapakuote.lt\/?page_id=4434"},"modified":"2025-10-07T06:59:06","modified_gmt":"2025-10-07T06:59:06","slug":"polietilena-maisini","status":"publish","type":"page","link":"https:\/\/www.sdapakuote.lt\/lv\/produkti\/polietilena-maisini\/","title":{"rendered":"Polietil\u0113na maisi\u0146i"},"content":{"rendered":"<p><img loading=\"lazy\" decoding=\"async\" class=\"size-medium wp-image-4191 alignleft\" src=\"https:\/\/www.sdapakuote.lt\/wp-content\/uploads\/2025\/10\/CPP-BOPP-HDPELDPE-maiseliai-300x300.png\" alt=\"CPP, BOPP, HDPE,LDPE polietil\u0113na maisi\u0146u ra\u017eo\u0161ana\" width=\"300\" height=\"300\" srcset=\"https:\/\/www.sdapakuote.lt\/wp-content\/uploads\/2025\/10\/CPP-BOPP-HDPELDPE-maiseliai-300x300.png 300w, https:\/\/www.sdapakuote.lt\/wp-content\/uploads\/2025\/10\/CPP-BOPP-HDPELDPE-maiseliai-150x150.png 150w, https:\/\/www.sdapakuote.lt\/wp-content\/uploads\/2025\/10\/CPP-BOPP-HDPELDPE-maiseliai-768x768.png 768w, https:\/\/www.sdapakuote.lt\/wp-content\/uploads\/2025\/10\/CPP-BOPP-HDPELDPE-maiseliai.png 1024w\" sizes=\"auto, (max-width: 300px) 100vw, 300px\" \/><\/p>\n<p data-start=\"321\" data-end=\"638\"><strong data-start=\"321\" data-end=\"336\">SDA Pakuot\u0117<\/strong> ra\u017eo un pieg\u0101d\u0101 da\u017e\u0101da veida <strong data-start=\"366\" data-end=\"378\">maisi\u0146us<\/strong>, kas paredz\u0113ti da\u017e\u0101d\u0101m <strong data-start=\"402\" data-end=\"439\">r\u016bpniec\u012bbas nozar\u0113m un produktiem<\/strong>.<br data-start=\"440\" data-end=\"443\" \/><br \/>\nM\u016bsu sortiment\u0101 atrad\u012bsiet gan <strong data-start=\"474\" data-end=\"540\">lielus maisus granul\u0101m, lopbar\u012bbai vai r\u016bpnieciskai lieto\u0161anai<\/strong>, gan <strong data-start=\"546\" data-end=\"636\">mazus p\u0101rtikas, maizes, kalend\u0101ru vai s\u012bku priek\u0161metu iepako\u0161anai paredz\u0113tus maisi\u0146us.<\/strong><\/p>\n<h3 data-start=\"640\" data-end=\"663\">M\u016bsu priek\u0161roc\u012bbas:<\/h3>\n<ul data-start=\"664\" data-end=\"1013\">\n<li data-start=\"664\" data-end=\"745\">\n<p data-start=\"666\" data-end=\"745\">Ra\u017eojam <strong data-start=\"674\" data-end=\"716\">LDPE, HDPE, MDPE, CPP un BOPP maisi\u0146us<\/strong> p\u0113c individu\u0101la pas\u016bt\u012bjuma<\/p>\n<\/li>\n<li data-start=\"746\" data-end=\"840\">\n<p data-start=\"748\" data-end=\"840\">Varam piel\u0101got <strong data-start=\"763\" data-end=\"808\">maisi\u0146a izm\u0113ru, biezumu, kr\u0101su un dizainu<\/strong> atbilsto\u0161i klienta vajadz\u012bb\u0101m<\/p>\n<\/li>\n<li data-start=\"841\" data-end=\"909\">\n<p data-start=\"843\" data-end=\"909\">Nodro\u0161in\u0101m, ka visi maisi\u0146i ir <strong data-start=\"874\" data-end=\"907\">piem\u0113roti saskarei ar p\u0101rtiku<\/strong><\/p>\n<\/li>\n<li data-start=\"910\" data-end=\"1013\">\n<p data-start=\"912\" data-end=\"1013\">Pied\u0101v\u0101jam gan <strong data-start=\"927\" data-end=\"966\">standarta risin\u0101jumus no noliktavas<\/strong>, gan <strong data-start=\"972\" data-end=\"1011\">individu\u0101lu ra\u017eo\u0161anu p\u0113c pas\u016bt\u012bjuma<\/strong><\/p>\n<\/li>\n<\/ul>\n<p data-start=\"1015\" data-end=\"1326\">Izv\u0113loties <strong data-start=\"1026\" data-end=\"1041\">SDA Pakuot\u0117<\/strong>, j\u016bs ieg\u016bstat ne tikai <strong data-start=\"1065\" data-end=\"1090\">kvalitat\u012bvus maisi\u0146us<\/strong>, bet ar\u012b <strong data-start=\"1100\" data-end=\"1129\">profesion\u0101lu konsult\u0101ciju<\/strong>, kas pal\u012bdz\u0113s atrast optim\u0101l\u0101ko risin\u0101jumu j\u016bsu uz\u0146\u0113mumam.<br data-start=\"1188\" data-end=\"1191\" \/><br \/>\nJa m\u016bsu pied\u0101v\u0101jum\u0101 neatrodat piem\u0113rotu variantu, m\u0113s <strong data-start=\"1245\" data-end=\"1282\">izgatavosim individu\u0101lus maisi\u0146us<\/strong>, kas b\u016bs piel\u0101goti tie\u0161i j\u016bsu vajadz\u012bb\u0101m.<\/p>\n","protected":false},"excerpt":{"rendered":"<p>SDA Pakuot\u0117 ra\u017eo un pieg\u0101d\u0101 da\u017e\u0101da veida maisi\u0146us, kas paredz\u0113ti da\u017e\u0101d\u0101m r\u016bpniec\u012bbas nozar\u0113m un produktiem. M\u016bsu sortiment\u0101 atrad\u012bsiet gan lielus maisus granul\u0101m, lopbar\u012bbai vai r\u016bpnieciskai lieto\u0161anai, gan mazus p\u0101rtikas, maizes, kalend\u0101ru vai s\u012bku priek\u0161metu iepako\u0161anai paredz\u0113tus maisi\u0146us. M\u016bsu priek\u0161roc\u012bbas: Ra\u017eojam LDPE, HDPE, MDPE, CPP un BOPP maisi\u0146us p\u0113c individu\u0101la pas\u016bt\u012bjuma Varam piel\u0101got maisi\u0146a izm\u0113ru, biezumu, [&hellip;]<\/p>\n","protected":false},"author":2,"featured_media":0,"parent":4370,"menu_order":0,"comment_status":"closed","ping_status":"closed","template":"page-products-category.php","meta":{"_acf_changed":false,"footnotes":""},"class_list":["post-4434","page","type-page","status-publish","hentry"],"acf":[],"yoast_head":"<!-- This site is optimized with the Yoast SEO plugin v27.4 - https:\/\/yoast.com\/product\/yoast-seo-wordpress\/ -->\n<title>Polietil\u0113na maisi\u0146i - sdapakuote.lt<\/title>\n<meta name=\"description\" content=\"LDPE, HDPE, CPP un BOPP maisi\u0146i p\u0113c pas\u016bt\u012bjuma. Individu\u0101li izm\u0113ri, kr\u0101sas un dizains. Kvalit\u0101te un uzticama pieg\u0101de.\" \/>\n<meta name=\"robots\" content=\"index, follow, max-snippet:-1, max-image-preview:large, max-video-preview:-1\" \/>\n<link rel=\"canonical\" href=\"https:\/\/www.sdapakuote.lt\/lv\/produkti\/polietilena-maisini\/\" \/>\n<meta property=\"og:locale\" content=\"lv_LV\" \/>\n<meta property=\"og:type\" content=\"article\" \/>\n<meta property=\"og:title\" content=\"Polietil\u0113na maisi\u0146i - sdapakuote.lt\" \/>\n<meta property=\"og:description\" content=\"LDPE, HDPE, CPP un BOPP maisi\u0146i p\u0113c pas\u016bt\u012bjuma. Individu\u0101li izm\u0113ri, kr\u0101sas un dizains. Kvalit\u0101te un uzticama pieg\u0101de.\" \/>\n<meta property=\"og:url\" content=\"https:\/\/www.sdapakuote.lt\/lv\/produkti\/polietilena-maisini\/\" \/>\n<meta property=\"og:site_name\" content=\"sdapakuote.lt\" \/>\n<meta property=\"article:modified_time\" content=\"2025-10-07T06:59:06+00:00\" \/>\n<meta property=\"og:image\" content=\"https:\/\/www.sdapakuote.lt\/wp-content\/uploads\/2025\/10\/CPP-BOPP-HDPELDPE-maiseliai.png\" \/>\n\t<meta property=\"og:image:width\" content=\"1024\" \/>\n\t<meta property=\"og:image:height\" content=\"1024\" \/>\n\t<meta property=\"og:image:type\" content=\"image\/png\" \/>\n<meta name=\"twitter:card\" content=\"summary_large_image\" \/>\n<meta name=\"twitter:label1\" content=\"Est. reading time\" \/>\n\t<meta name=\"twitter:data1\" content=\"1 minute\" \/>\n<script type=\"application\/ld+json\" class=\"yoast-schema-graph\">{\"@context\":\"https:\\\/\\\/schema.org\",\"@graph\":[{\"@type\":\"WebPage\",\"@id\":\"https:\\\/\\\/www.sdapakuote.lt\\\/lv\\\/produkti\\\/polietilena-maisini\\\/\",\"url\":\"https:\\\/\\\/www.sdapakuote.lt\\\/lv\\\/produkti\\\/polietilena-maisini\\\/\",\"name\":\"Polietil\u0113na maisi\u0146i - sdapakuote.lt\",\"isPartOf\":{\"@id\":\"https:\\\/\\\/www.sdapakuote.lt\\\/lv\\\/#website\"},\"primaryImageOfPage\":{\"@id\":\"https:\\\/\\\/www.sdapakuote.lt\\\/lv\\\/produkti\\\/polietilena-maisini\\\/#primaryimage\"},\"image\":{\"@id\":\"https:\\\/\\\/www.sdapakuote.lt\\\/lv\\\/produkti\\\/polietilena-maisini\\\/#primaryimage\"},\"thumbnailUrl\":\"https:\\\/\\\/www.sdapakuote.lt\\\/wp-content\\\/uploads\\\/2025\\\/10\\\/CPP-BOPP-HDPELDPE-maiseliai-300x300.png\",\"datePublished\":\"2025-10-07T06:57:10+00:00\",\"dateModified\":\"2025-10-07T06:59:06+00:00\",\"description\":\"LDPE, HDPE, CPP un BOPP maisi\u0146i p\u0113c pas\u016bt\u012bjuma. Individu\u0101li izm\u0113ri, kr\u0101sas un dizains. Kvalit\u0101te un uzticama pieg\u0101de.\",\"breadcrumb\":{\"@id\":\"https:\\\/\\\/www.sdapakuote.lt\\\/lv\\\/produkti\\\/polietilena-maisini\\\/#breadcrumb\"},\"inLanguage\":\"lv-LV\",\"potentialAction\":[{\"@type\":\"ReadAction\",\"target\":[\"https:\\\/\\\/www.sdapakuote.lt\\\/lv\\\/produkti\\\/polietilena-maisini\\\/\"]}]},{\"@type\":\"ImageObject\",\"inLanguage\":\"lv-LV\",\"@id\":\"https:\\\/\\\/www.sdapakuote.lt\\\/lv\\\/produkti\\\/polietilena-maisini\\\/#primaryimage\",\"url\":\"https:\\\/\\\/www.sdapakuote.lt\\\/wp-content\\\/uploads\\\/2025\\\/10\\\/CPP-BOPP-HDPELDPE-maiseliai-300x300.png\",\"contentUrl\":\"https:\\\/\\\/www.sdapakuote.lt\\\/wp-content\\\/uploads\\\/2025\\\/10\\\/CPP-BOPP-HDPELDPE-maiseliai-300x300.png\"},{\"@type\":\"BreadcrumbList\",\"@id\":\"https:\\\/\\\/www.sdapakuote.lt\\\/lv\\\/produkti\\\/polietilena-maisini\\\/#breadcrumb\",\"itemListElement\":[{\"@type\":\"ListItem\",\"position\":1,\"name\":\"Home\",\"item\":\"https:\\\/\\\/www.sdapakuote.lt\\\/lv\\\/\"},{\"@type\":\"ListItem\",\"position\":2,\"name\":\"Produkti\",\"item\":\"https:\\\/\\\/www.sdapakuote.lt\\\/lv\\\/produkti\\\/\"},{\"@type\":\"ListItem\",\"position\":3,\"name\":\"Polietil\u0113na maisi\u0146i\"}]},{\"@type\":\"WebSite\",\"@id\":\"https:\\\/\\\/www.sdapakuote.lt\\\/lv\\\/#website\",\"url\":\"https:\\\/\\\/www.sdapakuote.lt\\\/lv\\\/\",\"name\":\"sdapakuote.lt\",\"description\":\"Kol kas tik dar vienas WordPress tinklalapis\",\"potentialAction\":[{\"@type\":\"SearchAction\",\"target\":{\"@type\":\"EntryPoint\",\"urlTemplate\":\"https:\\\/\\\/www.sdapakuote.lt\\\/lv\\\/?s={search_term_string}\"},\"query-input\":{\"@type\":\"PropertyValueSpecification\",\"valueRequired\":true,\"valueName\":\"search_term_string\"}}],\"inLanguage\":\"lv-LV\"}]}<\/script>\n<!-- \/ Yoast SEO plugin. -->","yoast_head_json":{"title":"Polietil\u0113na maisi\u0146i - sdapakuote.lt","description":"LDPE, HDPE, CPP un BOPP maisi\u0146i p\u0113c pas\u016bt\u012bjuma. Individu\u0101li izm\u0113ri, kr\u0101sas un dizains. Kvalit\u0101te un uzticama pieg\u0101de.","robots":{"index":"index","follow":"follow","max-snippet":"max-snippet:-1","max-image-preview":"max-image-preview:large","max-video-preview":"max-video-preview:-1"},"canonical":"https:\/\/www.sdapakuote.lt\/lv\/produkti\/polietilena-maisini\/","og_locale":"lv_LV","og_type":"article","og_title":"Polietil\u0113na maisi\u0146i - sdapakuote.lt","og_description":"LDPE, HDPE, CPP un BOPP maisi\u0146i p\u0113c pas\u016bt\u012bjuma. Individu\u0101li izm\u0113ri, kr\u0101sas un dizains. Kvalit\u0101te un uzticama pieg\u0101de.","og_url":"https:\/\/www.sdapakuote.lt\/lv\/produkti\/polietilena-maisini\/","og_site_name":"sdapakuote.lt","article_modified_time":"2025-10-07T06:59:06+00:00","og_image":[{"width":1024,"height":1024,"url":"https:\/\/www.sdapakuote.lt\/wp-content\/uploads\/2025\/10\/CPP-BOPP-HDPELDPE-maiseliai.png","type":"image\/png"}],"twitter_card":"summary_large_image","twitter_misc":{"Est. reading time":"1 minute"},"schema":{"@context":"https:\/\/schema.org","@graph":[{"@type":"WebPage","@id":"https:\/\/www.sdapakuote.lt\/lv\/produkti\/polietilena-maisini\/","url":"https:\/\/www.sdapakuote.lt\/lv\/produkti\/polietilena-maisini\/","name":"Polietil\u0113na maisi\u0146i - sdapakuote.lt","isPartOf":{"@id":"https:\/\/www.sdapakuote.lt\/lv\/#website"},"primaryImageOfPage":{"@id":"https:\/\/www.sdapakuote.lt\/lv\/produkti\/polietilena-maisini\/#primaryimage"},"image":{"@id":"https:\/\/www.sdapakuote.lt\/lv\/produkti\/polietilena-maisini\/#primaryimage"},"thumbnailUrl":"https:\/\/www.sdapakuote.lt\/wp-content\/uploads\/2025\/10\/CPP-BOPP-HDPELDPE-maiseliai-300x300.png","datePublished":"2025-10-07T06:57:10+00:00","dateModified":"2025-10-07T06:59:06+00:00","description":"LDPE, HDPE, CPP un BOPP maisi\u0146i p\u0113c pas\u016bt\u012bjuma. Individu\u0101li izm\u0113ri, kr\u0101sas un dizains. Kvalit\u0101te un uzticama pieg\u0101de.","breadcrumb":{"@id":"https:\/\/www.sdapakuote.lt\/lv\/produkti\/polietilena-maisini\/#breadcrumb"},"inLanguage":"lv-LV","potentialAction":[{"@type":"ReadAction","target":["https:\/\/www.sdapakuote.lt\/lv\/produkti\/polietilena-maisini\/"]}]},{"@type":"ImageObject","inLanguage":"lv-LV","@id":"https:\/\/www.sdapakuote.lt\/lv\/produkti\/polietilena-maisini\/#primaryimage","url":"https:\/\/www.sdapakuote.lt\/wp-content\/uploads\/2025\/10\/CPP-BOPP-HDPELDPE-maiseliai-300x300.png","contentUrl":"https:\/\/www.sdapakuote.lt\/wp-content\/uploads\/2025\/10\/CPP-BOPP-HDPELDPE-maiseliai-300x300.png"},{"@type":"BreadcrumbList","@id":"https:\/\/www.sdapakuote.lt\/lv\/produkti\/polietilena-maisini\/#breadcrumb","itemListElement":[{"@type":"ListItem","position":1,"name":"Home","item":"https:\/\/www.sdapakuote.lt\/lv\/"},{"@type":"ListItem","position":2,"name":"Produkti","item":"https:\/\/www.sdapakuote.lt\/lv\/produkti\/"},{"@type":"ListItem","position":3,"name":"Polietil\u0113na maisi\u0146i"}]},{"@type":"WebSite","@id":"https:\/\/www.sdapakuote.lt\/lv\/#website","url":"https:\/\/www.sdapakuote.lt\/lv\/","name":"sdapakuote.lt","description":"Kol kas tik dar vienas WordPress tinklalapis","potentialAction":[{"@type":"SearchAction","target":{"@type":"EntryPoint","urlTemplate":"https:\/\/www.sdapakuote.lt\/lv\/?s={search_term_string}"},"query-input":{"@type":"PropertyValueSpecification","valueRequired":true,"valueName":"search_term_string"}}],"inLanguage":"lv-LV"}]}},"_links":{"self":[{"href":"https:\/\/www.sdapakuote.lt\/lv\/wp-json\/wp\/v2\/pages\/4434","targetHints":{"allow":["GET"]}}],"collection":[{"href":"https:\/\/www.sdapakuote.lt\/lv\/wp-json\/wp\/v2\/pages"}],"about":[{"href":"https:\/\/www.sdapakuote.lt\/lv\/wp-json\/wp\/v2\/types\/page"}],"author":[{"embeddable":true,"href":"https:\/\/www.sdapakuote.lt\/lv\/wp-json\/wp\/v2\/users\/2"}],"replies":[{"embeddable":true,"href":"https:\/\/www.sdapakuote.lt\/lv\/wp-json\/wp\/v2\/comments?post=4434"}],"version-history":[{"count":3,"href":"https:\/\/www.sdapakuote.lt\/lv\/wp-json\/wp\/v2\/pages\/4434\/revisions"}],"predecessor-version":[{"id":4438,"href":"https:\/\/www.sdapakuote.lt\/lv\/wp-json\/wp\/v2\/pages\/4434\/revisions\/4438"}],"up":[{"embeddable":true,"href":"https:\/\/www.sdapakuote.lt\/lv\/wp-json\/wp\/v2\/pages\/4370"}],"wp:attachment":[{"href":"https:\/\/www.sdapakuote.lt\/lv\/wp-json\/wp\/v2\/media?parent=4434"}],"curies":[{"name":"wp","href":"https:\/\/api.w.org\/{rel}","templated":true}]}}