{"id":4430,"date":"2025-10-07T06:54:49","date_gmt":"2025-10-07T06:54:49","guid":{"rendered":"https:\/\/www.sdapakuote.lt\/?page_id=4430"},"modified":"2025-10-07T06:55:05","modified_gmt":"2025-10-07T06:55:05","slug":"stiepjama-pleve-jumbo-rullos","status":"publish","type":"page","link":"https:\/\/www.sdapakuote.lt\/lv\/produkti\/pleves\/stiepjama-pleve-jumbo-rullos\/","title":{"rendered":"Stiepjam\u0101 pl\u0113ve (jumbo ru\u013c\u013cos)"},"content":{"rendered":"<p data-start=\"324\" data-end=\"624\"><strong data-start=\"324\" data-end=\"339\">SDA Pakuot\u0117<\/strong> pied\u0101v\u0101 augstas kvalit\u0101tes <strong data-start=\"367\" data-end=\"401\">stiepjam\u0101s pl\u0113ves jumbo ru\u013c\u013cos<\/strong>, kas paredz\u0113tas intens\u012bvai lieto\u0161anai <strong data-start=\"440\" data-end=\"488\">r\u016bpniec\u012bb\u0101, noliktav\u0101s un lo\u0123istikas sektor\u0101<\/strong>.<br data-start=\"489\" data-end=\"492\" \/><br \/>\n\u0160\u012b pl\u0113ve ir uzticams risin\u0101jums <strong data-start=\"524\" data-end=\"554\">liel\u0101m iepakojuma apjomiem<\/strong>, nodro\u0161inot produktu dro\u0161\u012bbu transport\u0113\u0161anas un uzglab\u0101\u0161anas laik\u0101.<\/p>\n<h3 data-start=\"626\" data-end=\"659\">Standarta jumbo ru\u013c\u013cu izm\u0113ri:<\/h3>\n<ul data-start=\"660\" data-end=\"773\">\n<li data-start=\"660\" data-end=\"694\">\n<p data-start=\"662\" data-end=\"694\"><strong data-start=\"662\" data-end=\"674\">Platums:<\/strong> 450 mm vai 500 mm<\/p>\n<\/li>\n<li data-start=\"695\" data-end=\"735\">\n<p data-start=\"697\" data-end=\"735\"><strong data-start=\"697\" data-end=\"707\">Svars:<\/strong> apm\u0113ram 38 kg vien\u0101 ru\u013c\u013c\u012b<\/p>\n<\/li>\n<li data-start=\"736\" data-end=\"773\">\n<p data-start=\"738\" data-end=\"773\"><strong data-start=\"738\" data-end=\"749\">Kr\u0101sas:<\/strong> caursp\u012bd\u012bga vai melna<\/p>\n<\/li>\n<\/ul>\n<p data-start=\"775\" data-end=\"1032\"><strong data-start=\"775\" data-end=\"798\">Stretch pl\u0113ve jumbo<\/strong> ir \u012bpa\u0161i ekonomiska \u2014 no viena ru\u013c\u013ca iesp\u0113jams iepakot lielu daudzumu produkcijas.<br data-start=\"881\" data-end=\"884\" \/><br \/>\nT\u0101 izce\u013cas ar <strong data-start=\"898\" data-end=\"941\">augstu elast\u012bbu, iztur\u012bbu un uzticam\u012bbu<\/strong>, padarot to par neaizst\u0101jamu risin\u0101jumu <strong data-start=\"982\" data-end=\"1029\">lo\u0123istikas, ra\u017eo\u0161anas un noliktavu procesos<\/strong>.<\/p>\n<p data-start=\"1034\" data-end=\"1202\">\u0160\u012b pl\u0113ve lieliski <strong data-start=\"1052\" data-end=\"1086\">piel\u0101gojas da\u017e\u0101du kravu form\u0101m<\/strong>, nodro\u0161ina <strong data-start=\"1098\" data-end=\"1122\">palikt\u0146u stabilit\u0101ti<\/strong> un dro\u0161i aizsarg\u0101 preces no <strong data-start=\"1151\" data-end=\"1199\">putek\u013ciem, mitruma un meh\u0101niskiem boj\u0101jumiem<\/strong>.<\/p>\n","protected":false},"excerpt":{"rendered":"<p>SDA Pakuot\u0117 pied\u0101v\u0101 augstas kvalit\u0101tes stiepjam\u0101s pl\u0113ves jumbo ru\u013c\u013cos, kas paredz\u0113tas intens\u012bvai lieto\u0161anai r\u016bpniec\u012bb\u0101, noliktav\u0101s un lo\u0123istikas sektor\u0101. \u0160\u012b pl\u0113ve ir uzticams risin\u0101jums liel\u0101m iepakojuma apjomiem, nodro\u0161inot produktu dro\u0161\u012bbu transport\u0113\u0161anas un uzglab\u0101\u0161anas laik\u0101. Standarta jumbo ru\u013c\u013cu izm\u0113ri: Platums: 450 mm vai 500 mm Svars: apm\u0113ram 38 kg vien\u0101 ru\u013c\u013c\u012b Kr\u0101sas: caursp\u012bd\u012bga vai melna Stretch pl\u0113ve [&hellip;]<\/p>\n","protected":false},"author":2,"featured_media":4432,"parent":4374,"menu_order":0,"comment_status":"closed","ping_status":"closed","template":"page-single-product.php","meta":{"_acf_changed":false,"footnotes":""},"class_list":["post-4430","page","type-page","status-publish","has-post-thumbnail","hentry"],"acf":[],"yoast_head":"<!-- This site is optimized with the Yoast SEO plugin v27.4 - https:\/\/yoast.com\/product\/yoast-seo-wordpress\/ -->\n<title>Stiepjam\u0101 pl\u0113ve (jumbo ru\u013c\u013cos) - sdapakuote.lt<\/title>\n<meta name=\"description\" content=\"Stiepjam\u0101 pl\u0113ve jumbo ru\u013c\u013cos r\u016bpniec\u012bbai un lo\u0123istikai. Iztur\u012bga, elast\u012bga un ekonomiska pl\u0113ve lieliem iepakojuma apjomiem.\" \/>\n<meta name=\"robots\" content=\"index, follow, max-snippet:-1, max-image-preview:large, max-video-preview:-1\" \/>\n<link rel=\"canonical\" href=\"https:\/\/www.sdapakuote.lt\/lv\/produkti\/pleves\/stiepjama-pleve-jumbo-rullos\/\" \/>\n<meta property=\"og:locale\" content=\"lv_LV\" \/>\n<meta property=\"og:type\" content=\"article\" \/>\n<meta property=\"og:title\" content=\"Stiepjam\u0101 pl\u0113ve (jumbo ru\u013c\u013cos) - sdapakuote.lt\" \/>\n<meta property=\"og:description\" content=\"Stiepjam\u0101 pl\u0113ve jumbo ru\u013c\u013cos r\u016bpniec\u012bbai un lo\u0123istikai. Iztur\u012bga, elast\u012bga un ekonomiska pl\u0113ve lieliem iepakojuma apjomiem.\" \/>\n<meta property=\"og:url\" content=\"https:\/\/www.sdapakuote.lt\/lv\/produkti\/pleves\/stiepjama-pleve-jumbo-rullos\/\" \/>\n<meta property=\"og:site_name\" content=\"sdapakuote.lt\" \/>\n<meta property=\"article:modified_time\" content=\"2025-10-07T06:55:05+00:00\" \/>\n<meta property=\"og:image\" content=\"https:\/\/www.sdapakuote.lt\/wp-content\/uploads\/2022\/03\/stretch-jumbo-rulonai-scaled.jpg\" \/>\n\t<meta property=\"og:image:width\" content=\"2560\" \/>\n\t<meta property=\"og:image:height\" content=\"1530\" \/>\n\t<meta property=\"og:image:type\" content=\"image\/jpeg\" \/>\n<meta name=\"twitter:card\" content=\"summary_large_image\" \/>\n<meta name=\"twitter:label1\" content=\"Est. reading time\" \/>\n\t<meta name=\"twitter:data1\" content=\"1 minute\" \/>\n<script type=\"application\/ld+json\" class=\"yoast-schema-graph\">{\"@context\":\"https:\\\/\\\/schema.org\",\"@graph\":[{\"@type\":\"WebPage\",\"@id\":\"https:\\\/\\\/www.sdapakuote.lt\\\/lv\\\/produkti\\\/pleves\\\/stiepjama-pleve-jumbo-rullos\\\/\",\"url\":\"https:\\\/\\\/www.sdapakuote.lt\\\/lv\\\/produkti\\\/pleves\\\/stiepjama-pleve-jumbo-rullos\\\/\",\"name\":\"Stiepjam\u0101 pl\u0113ve (jumbo ru\u013c\u013cos) - sdapakuote.lt\",\"isPartOf\":{\"@id\":\"https:\\\/\\\/www.sdapakuote.lt\\\/lv\\\/#website\"},\"primaryImageOfPage\":{\"@id\":\"https:\\\/\\\/www.sdapakuote.lt\\\/lv\\\/produkti\\\/pleves\\\/stiepjama-pleve-jumbo-rullos\\\/#primaryimage\"},\"image\":{\"@id\":\"https:\\\/\\\/www.sdapakuote.lt\\\/lv\\\/produkti\\\/pleves\\\/stiepjama-pleve-jumbo-rullos\\\/#primaryimage\"},\"thumbnailUrl\":\"https:\\\/\\\/www.sdapakuote.lt\\\/wp-content\\\/uploads\\\/2022\\\/03\\\/stretch-jumbo-rulonai-scaled.jpg\",\"datePublished\":\"2025-10-07T06:54:49+00:00\",\"dateModified\":\"2025-10-07T06:55:05+00:00\",\"description\":\"Stiepjam\u0101 pl\u0113ve jumbo ru\u013c\u013cos r\u016bpniec\u012bbai un lo\u0123istikai. Iztur\u012bga, elast\u012bga un ekonomiska pl\u0113ve lieliem iepakojuma apjomiem.\",\"breadcrumb\":{\"@id\":\"https:\\\/\\\/www.sdapakuote.lt\\\/lv\\\/produkti\\\/pleves\\\/stiepjama-pleve-jumbo-rullos\\\/#breadcrumb\"},\"inLanguage\":\"lv-LV\",\"potentialAction\":[{\"@type\":\"ReadAction\",\"target\":[\"https:\\\/\\\/www.sdapakuote.lt\\\/lv\\\/produkti\\\/pleves\\\/stiepjama-pleve-jumbo-rullos\\\/\"]}]},{\"@type\":\"ImageObject\",\"inLanguage\":\"lv-LV\",\"@id\":\"https:\\\/\\\/www.sdapakuote.lt\\\/lv\\\/produkti\\\/pleves\\\/stiepjama-pleve-jumbo-rullos\\\/#primaryimage\",\"url\":\"https:\\\/\\\/www.sdapakuote.lt\\\/wp-content\\\/uploads\\\/2022\\\/03\\\/stretch-jumbo-rulonai-scaled.jpg\",\"contentUrl\":\"https:\\\/\\\/www.sdapakuote.lt\\\/wp-content\\\/uploads\\\/2022\\\/03\\\/stretch-jumbo-rulonai-scaled.jpg\",\"width\":2560,\"height\":1530,\"caption\":\"stretch jumbo rulonai\"},{\"@type\":\"BreadcrumbList\",\"@id\":\"https:\\\/\\\/www.sdapakuote.lt\\\/lv\\\/produkti\\\/pleves\\\/stiepjama-pleve-jumbo-rullos\\\/#breadcrumb\",\"itemListElement\":[{\"@type\":\"ListItem\",\"position\":1,\"name\":\"Home\",\"item\":\"https:\\\/\\\/www.sdapakuote.lt\\\/lv\\\/\"},{\"@type\":\"ListItem\",\"position\":2,\"name\":\"Produkti\",\"item\":\"https:\\\/\\\/www.sdapakuote.lt\\\/lv\\\/produkti\\\/\"},{\"@type\":\"ListItem\",\"position\":3,\"name\":\"Pl\u0113ves\",\"item\":\"https:\\\/\\\/www.sdapakuote.lt\\\/lv\\\/produkti\\\/pleves\\\/\"},{\"@type\":\"ListItem\",\"position\":4,\"name\":\"Stiepjam\u0101 pl\u0113ve (jumbo ru\u013c\u013cos)\"}]},{\"@type\":\"WebSite\",\"@id\":\"https:\\\/\\\/www.sdapakuote.lt\\\/lv\\\/#website\",\"url\":\"https:\\\/\\\/www.sdapakuote.lt\\\/lv\\\/\",\"name\":\"sdapakuote.lt\",\"description\":\"Kol kas tik dar vienas WordPress tinklalapis\",\"potentialAction\":[{\"@type\":\"SearchAction\",\"target\":{\"@type\":\"EntryPoint\",\"urlTemplate\":\"https:\\\/\\\/www.sdapakuote.lt\\\/lv\\\/?s={search_term_string}\"},\"query-input\":{\"@type\":\"PropertyValueSpecification\",\"valueRequired\":true,\"valueName\":\"search_term_string\"}}],\"inLanguage\":\"lv-LV\"}]}<\/script>\n<!-- \/ Yoast SEO plugin. -->","yoast_head_json":{"title":"Stiepjam\u0101 pl\u0113ve (jumbo ru\u013c\u013cos) - sdapakuote.lt","description":"Stiepjam\u0101 pl\u0113ve jumbo ru\u013c\u013cos r\u016bpniec\u012bbai un lo\u0123istikai. Iztur\u012bga, elast\u012bga un ekonomiska pl\u0113ve lieliem iepakojuma apjomiem.","robots":{"index":"index","follow":"follow","max-snippet":"max-snippet:-1","max-image-preview":"max-image-preview:large","max-video-preview":"max-video-preview:-1"},"canonical":"https:\/\/www.sdapakuote.lt\/lv\/produkti\/pleves\/stiepjama-pleve-jumbo-rullos\/","og_locale":"lv_LV","og_type":"article","og_title":"Stiepjam\u0101 pl\u0113ve (jumbo ru\u013c\u013cos) - sdapakuote.lt","og_description":"Stiepjam\u0101 pl\u0113ve jumbo ru\u013c\u013cos r\u016bpniec\u012bbai un lo\u0123istikai. Iztur\u012bga, elast\u012bga un ekonomiska pl\u0113ve lieliem iepakojuma apjomiem.","og_url":"https:\/\/www.sdapakuote.lt\/lv\/produkti\/pleves\/stiepjama-pleve-jumbo-rullos\/","og_site_name":"sdapakuote.lt","article_modified_time":"2025-10-07T06:55:05+00:00","og_image":[{"width":2560,"height":1530,"url":"https:\/\/www.sdapakuote.lt\/wp-content\/uploads\/2022\/03\/stretch-jumbo-rulonai-scaled.jpg","type":"image\/jpeg"}],"twitter_card":"summary_large_image","twitter_misc":{"Est. reading time":"1 minute"},"schema":{"@context":"https:\/\/schema.org","@graph":[{"@type":"WebPage","@id":"https:\/\/www.sdapakuote.lt\/lv\/produkti\/pleves\/stiepjama-pleve-jumbo-rullos\/","url":"https:\/\/www.sdapakuote.lt\/lv\/produkti\/pleves\/stiepjama-pleve-jumbo-rullos\/","name":"Stiepjam\u0101 pl\u0113ve (jumbo ru\u013c\u013cos) - sdapakuote.lt","isPartOf":{"@id":"https:\/\/www.sdapakuote.lt\/lv\/#website"},"primaryImageOfPage":{"@id":"https:\/\/www.sdapakuote.lt\/lv\/produkti\/pleves\/stiepjama-pleve-jumbo-rullos\/#primaryimage"},"image":{"@id":"https:\/\/www.sdapakuote.lt\/lv\/produkti\/pleves\/stiepjama-pleve-jumbo-rullos\/#primaryimage"},"thumbnailUrl":"https:\/\/www.sdapakuote.lt\/wp-content\/uploads\/2022\/03\/stretch-jumbo-rulonai-scaled.jpg","datePublished":"2025-10-07T06:54:49+00:00","dateModified":"2025-10-07T06:55:05+00:00","description":"Stiepjam\u0101 pl\u0113ve jumbo ru\u013c\u013cos r\u016bpniec\u012bbai un lo\u0123istikai. Iztur\u012bga, elast\u012bga un ekonomiska pl\u0113ve lieliem iepakojuma apjomiem.","breadcrumb":{"@id":"https:\/\/www.sdapakuote.lt\/lv\/produkti\/pleves\/stiepjama-pleve-jumbo-rullos\/#breadcrumb"},"inLanguage":"lv-LV","potentialAction":[{"@type":"ReadAction","target":["https:\/\/www.sdapakuote.lt\/lv\/produkti\/pleves\/stiepjama-pleve-jumbo-rullos\/"]}]},{"@type":"ImageObject","inLanguage":"lv-LV","@id":"https:\/\/www.sdapakuote.lt\/lv\/produkti\/pleves\/stiepjama-pleve-jumbo-rullos\/#primaryimage","url":"https:\/\/www.sdapakuote.lt\/wp-content\/uploads\/2022\/03\/stretch-jumbo-rulonai-scaled.jpg","contentUrl":"https:\/\/www.sdapakuote.lt\/wp-content\/uploads\/2022\/03\/stretch-jumbo-rulonai-scaled.jpg","width":2560,"height":1530,"caption":"stretch jumbo rulonai"},{"@type":"BreadcrumbList","@id":"https:\/\/www.sdapakuote.lt\/lv\/produkti\/pleves\/stiepjama-pleve-jumbo-rullos\/#breadcrumb","itemListElement":[{"@type":"ListItem","position":1,"name":"Home","item":"https:\/\/www.sdapakuote.lt\/lv\/"},{"@type":"ListItem","position":2,"name":"Produkti","item":"https:\/\/www.sdapakuote.lt\/lv\/produkti\/"},{"@type":"ListItem","position":3,"name":"Pl\u0113ves","item":"https:\/\/www.sdapakuote.lt\/lv\/produkti\/pleves\/"},{"@type":"ListItem","position":4,"name":"Stiepjam\u0101 pl\u0113ve (jumbo ru\u013c\u013cos)"}]},{"@type":"WebSite","@id":"https:\/\/www.sdapakuote.lt\/lv\/#website","url":"https:\/\/www.sdapakuote.lt\/lv\/","name":"sdapakuote.lt","description":"Kol kas tik dar vienas WordPress tinklalapis","potentialAction":[{"@type":"SearchAction","target":{"@type":"EntryPoint","urlTemplate":"https:\/\/www.sdapakuote.lt\/lv\/?s={search_term_string}"},"query-input":{"@type":"PropertyValueSpecification","valueRequired":true,"valueName":"search_term_string"}}],"inLanguage":"lv-LV"}]}},"_links":{"self":[{"href":"https:\/\/www.sdapakuote.lt\/lv\/wp-json\/wp\/v2\/pages\/4430","targetHints":{"allow":["GET"]}}],"collection":[{"href":"https:\/\/www.sdapakuote.lt\/lv\/wp-json\/wp\/v2\/pages"}],"about":[{"href":"https:\/\/www.sdapakuote.lt\/lv\/wp-json\/wp\/v2\/types\/page"}],"author":[{"embeddable":true,"href":"https:\/\/www.sdapakuote.lt\/lv\/wp-json\/wp\/v2\/users\/2"}],"replies":[{"embeddable":true,"href":"https:\/\/www.sdapakuote.lt\/lv\/wp-json\/wp\/v2\/comments?post=4430"}],"version-history":[{"count":1,"href":"https:\/\/www.sdapakuote.lt\/lv\/wp-json\/wp\/v2\/pages\/4430\/revisions"}],"predecessor-version":[{"id":4433,"href":"https:\/\/www.sdapakuote.lt\/lv\/wp-json\/wp\/v2\/pages\/4430\/revisions\/4433"}],"up":[{"embeddable":true,"href":"https:\/\/www.sdapakuote.lt\/lv\/wp-json\/wp\/v2\/pages\/4374"}],"wp:featuredmedia":[{"embeddable":true,"href":"https:\/\/www.sdapakuote.lt\/lv\/wp-json\/wp\/v2\/media\/4432"}],"wp:attachment":[{"href":"https:\/\/www.sdapakuote.lt\/lv\/wp-json\/wp\/v2\/media?parent=4430"}],"curies":[{"name":"wp","href":"https:\/\/api.w.org\/{rel}","templated":true}]}}