{"id":4415,"date":"2025-10-07T06:42:49","date_gmt":"2025-10-07T06:42:49","guid":{"rendered":"https:\/\/www.sdapakuote.lt\/?page_id=4415"},"modified":"2025-10-07T06:42:57","modified_gmt":"2025-10-07T06:42:57","slug":"polietilena-piedurknes-pleve","status":"publish","type":"page","link":"https:\/\/www.sdapakuote.lt\/lv\/produkti\/pleves\/polietilena-piedurknes-pleve\/","title":{"rendered":"Polietil\u0113na piedurknes pl\u0113ve"},"content":{"rendered":"<p data-start=\"321\" data-end=\"508\"><strong data-start=\"321\" data-end=\"336\">SDA Pakuot\u0117<\/strong> pieg\u0101d\u0101 da\u017e\u0101da tipa <strong data-start=\"357\" data-end=\"397\">polietil\u0113na piedurknes pl\u0113ves ru\u013c\u013cos<\/strong>: <strong data-start=\"399\" data-end=\"415\">HDPE un LDPE<\/strong>.<br data-start=\"416\" data-end=\"419\" \/><br \/>\nT\u0101 ir univers\u0101la iepakojuma pl\u0113ve, ko pla\u0161i izmanto <strong data-start=\"471\" data-end=\"505\">r\u016bpniec\u012bb\u0101 un p\u0101rtikas sektor\u0101<\/strong>.<\/p>\n<h3 data-start=\"510\" data-end=\"531\">M\u016bsu pied\u0101v\u0101jums:<\/h3>\n<ul data-start=\"532\" data-end=\"897\">\n<li data-start=\"532\" data-end=\"628\">\n<p data-start=\"534\" data-end=\"628\">Ra\u017eojam piedurknes pl\u0113ves <strong data-start=\"560\" data-end=\"590\">p\u0113c individu\u0101la pas\u016bt\u012bjuma<\/strong> \u2014 da\u017e\u0101da platuma, biezuma un garuma<\/p>\n<\/li>\n<li data-start=\"629\" data-end=\"720\">\n<p data-start=\"631\" data-end=\"720\">Pl\u0113ve vienm\u0113r tiek <strong data-start=\"650\" data-end=\"670\">sav\u012bta uz spol\u0113m<\/strong>, un ru\u013c\u013ca svars tiek piel\u0101gots klienta pras\u012bb\u0101m<\/p>\n<\/li>\n<li data-start=\"721\" data-end=\"791\">\n<p data-start=\"723\" data-end=\"791\">Visas m\u016bsu piedurknes pl\u0113ves ir <strong data-start=\"755\" data-end=\"789\">piem\u0113rotas saskarei ar p\u0101rtiku<\/strong><\/p>\n<\/li>\n<li data-start=\"792\" data-end=\"897\">\n<p data-start=\"794\" data-end=\"897\">P\u0113c piepras\u012bjuma izsniedzam <strong data-start=\"822\" data-end=\"850\">Atbilst\u012bbas deklar\u0101cijas<\/strong>, kas apliecina produkta dro\u0161umu un kvalit\u0101ti<\/p>\n<\/li>\n<\/ul>\n<p data-start=\"899\" data-end=\"1130\"><strong data-start=\"899\" data-end=\"931\">Polietil\u0113na piedurknes pl\u0113ve<\/strong> ir <strong data-start=\"935\" data-end=\"959\">praktisks risin\u0101jums<\/strong> produkcijas fas\u0113\u0161anai, transport\u0113\u0161anai un uzglab\u0101\u0161anai.<br data-start=\"1015\" data-end=\"1018\" \/><br \/>\nT\u0101 izce\u013cas ar <strong data-start=\"1032\" data-end=\"1063\">pl\u012b\u0161anas iztur\u012bbu, elast\u012bbu<\/strong> un iesp\u0113ju <strong data-start=\"1075\" data-end=\"1127\">piel\u0101got ra\u017eo\u0161anu specifisk\u0101m klienta vajadz\u012bb\u0101m<\/strong>.<\/p>\n<p data-start=\"1132\" data-end=\"1315\">Izv\u0113loties <strong data-start=\"1143\" data-end=\"1158\">SDA Pakuot\u0117<\/strong>, j\u016bs ieg\u016bstat <strong data-start=\"1173\" data-end=\"1197\">uzticamu pieg\u0101d\u0101t\u0101ju<\/strong>, kas pied\u0101v\u0101 ne tikai pla\u0161u piedurk\u0146u pl\u0113vju kl\u0101stu, bet ar\u012b <strong data-start=\"1259\" data-end=\"1287\">individu\u0101lus risin\u0101jumus<\/strong> atbilsto\u0161i j\u016bsu pras\u012bb\u0101m.<\/p>\n","protected":false},"excerpt":{"rendered":"<p>SDA Pakuot\u0117 pieg\u0101d\u0101 da\u017e\u0101da tipa polietil\u0113na piedurknes pl\u0113ves ru\u013c\u013cos: HDPE un LDPE. T\u0101 ir univers\u0101la iepakojuma pl\u0113ve, ko pla\u0161i izmanto r\u016bpniec\u012bb\u0101 un p\u0101rtikas sektor\u0101. M\u016bsu pied\u0101v\u0101jums: Ra\u017eojam piedurknes pl\u0113ves p\u0113c individu\u0101la pas\u016bt\u012bjuma \u2014 da\u017e\u0101da platuma, biezuma un garuma Pl\u0113ve vienm\u0113r tiek sav\u012bta uz spol\u0113m, un ru\u013c\u013ca svars tiek piel\u0101gots klienta pras\u012bb\u0101m Visas m\u016bsu piedurknes pl\u0113ves [&hellip;]<\/p>\n","protected":false},"author":2,"featured_media":4416,"parent":4374,"menu_order":0,"comment_status":"closed","ping_status":"closed","template":"page-single-product.php","meta":{"_acf_changed":false,"footnotes":""},"class_list":["post-4415","page","type-page","status-publish","has-post-thumbnail","hentry"],"acf":[],"yoast_head":"<!-- This site is optimized with the Yoast SEO plugin v27.4 - https:\/\/yoast.com\/product\/yoast-seo-wordpress\/ -->\n<title>Polietil\u0113na piedurknes pl\u0113ve - sdapakuote.lt<\/title>\n<meta name=\"description\" content=\"Polietil\u0113na piedurknes pl\u0113ve ru\u013c\u013cos \u2014 HDPE un LDPE. Piel\u0101gota p\u0113c pas\u016bt\u012bjuma, iztur\u012bga un piem\u0113rota saskarei ar p\u0101rtiku.\" \/>\n<meta name=\"robots\" content=\"index, follow, max-snippet:-1, max-image-preview:large, max-video-preview:-1\" \/>\n<link rel=\"canonical\" href=\"https:\/\/www.sdapakuote.lt\/lv\/produkti\/pleves\/polietilena-piedurknes-pleve\/\" \/>\n<meta property=\"og:locale\" content=\"lv_LV\" \/>\n<meta property=\"og:type\" content=\"article\" \/>\n<meta property=\"og:title\" content=\"Polietil\u0113na piedurknes pl\u0113ve - sdapakuote.lt\" \/>\n<meta property=\"og:description\" content=\"Polietil\u0113na piedurknes pl\u0113ve ru\u013c\u013cos \u2014 HDPE un LDPE. Piel\u0101gota p\u0113c pas\u016bt\u012bjuma, iztur\u012bga un piem\u0113rota saskarei ar p\u0101rtiku.\" \/>\n<meta property=\"og:url\" content=\"https:\/\/www.sdapakuote.lt\/lv\/produkti\/pleves\/polietilena-piedurknes-pleve\/\" \/>\n<meta property=\"og:site_name\" content=\"sdapakuote.lt\" \/>\n<meta property=\"article:modified_time\" content=\"2025-10-07T06:42:57+00:00\" \/>\n<meta property=\"og:image\" content=\"https:\/\/www.sdapakuote.lt\/wp-content\/uploads\/2021\/09\/polietileno-rankove.png\" \/>\n\t<meta property=\"og:image:width\" content=\"632\" \/>\n\t<meta property=\"og:image:height\" content=\"372\" \/>\n\t<meta property=\"og:image:type\" content=\"image\/png\" \/>\n<meta name=\"twitter:card\" content=\"summary_large_image\" \/>\n<meta name=\"twitter:label1\" content=\"Est. reading time\" \/>\n\t<meta name=\"twitter:data1\" content=\"1 minute\" \/>\n<script type=\"application\/ld+json\" class=\"yoast-schema-graph\">{\"@context\":\"https:\\\/\\\/schema.org\",\"@graph\":[{\"@type\":\"WebPage\",\"@id\":\"https:\\\/\\\/www.sdapakuote.lt\\\/lv\\\/produkti\\\/pleves\\\/polietilena-piedurknes-pleve\\\/\",\"url\":\"https:\\\/\\\/www.sdapakuote.lt\\\/lv\\\/produkti\\\/pleves\\\/polietilena-piedurknes-pleve\\\/\",\"name\":\"Polietil\u0113na piedurknes pl\u0113ve - sdapakuote.lt\",\"isPartOf\":{\"@id\":\"https:\\\/\\\/www.sdapakuote.lt\\\/lv\\\/#website\"},\"primaryImageOfPage\":{\"@id\":\"https:\\\/\\\/www.sdapakuote.lt\\\/lv\\\/produkti\\\/pleves\\\/polietilena-piedurknes-pleve\\\/#primaryimage\"},\"image\":{\"@id\":\"https:\\\/\\\/www.sdapakuote.lt\\\/lv\\\/produkti\\\/pleves\\\/polietilena-piedurknes-pleve\\\/#primaryimage\"},\"thumbnailUrl\":\"https:\\\/\\\/www.sdapakuote.lt\\\/wp-content\\\/uploads\\\/2021\\\/09\\\/polietileno-rankove.png\",\"datePublished\":\"2025-10-07T06:42:49+00:00\",\"dateModified\":\"2025-10-07T06:42:57+00:00\",\"description\":\"Polietil\u0113na piedurknes pl\u0113ve ru\u013c\u013cos \u2014 HDPE un LDPE. Piel\u0101gota p\u0113c pas\u016bt\u012bjuma, iztur\u012bga un piem\u0113rota saskarei ar p\u0101rtiku.\",\"breadcrumb\":{\"@id\":\"https:\\\/\\\/www.sdapakuote.lt\\\/lv\\\/produkti\\\/pleves\\\/polietilena-piedurknes-pleve\\\/#breadcrumb\"},\"inLanguage\":\"lv-LV\",\"potentialAction\":[{\"@type\":\"ReadAction\",\"target\":[\"https:\\\/\\\/www.sdapakuote.lt\\\/lv\\\/produkti\\\/pleves\\\/polietilena-piedurknes-pleve\\\/\"]}]},{\"@type\":\"ImageObject\",\"inLanguage\":\"lv-LV\",\"@id\":\"https:\\\/\\\/www.sdapakuote.lt\\\/lv\\\/produkti\\\/pleves\\\/polietilena-piedurknes-pleve\\\/#primaryimage\",\"url\":\"https:\\\/\\\/www.sdapakuote.lt\\\/wp-content\\\/uploads\\\/2021\\\/09\\\/polietileno-rankove.png\",\"contentUrl\":\"https:\\\/\\\/www.sdapakuote.lt\\\/wp-content\\\/uploads\\\/2021\\\/09\\\/polietileno-rankove.png\",\"width\":632,\"height\":372},{\"@type\":\"BreadcrumbList\",\"@id\":\"https:\\\/\\\/www.sdapakuote.lt\\\/lv\\\/produkti\\\/pleves\\\/polietilena-piedurknes-pleve\\\/#breadcrumb\",\"itemListElement\":[{\"@type\":\"ListItem\",\"position\":1,\"name\":\"Home\",\"item\":\"https:\\\/\\\/www.sdapakuote.lt\\\/lv\\\/\"},{\"@type\":\"ListItem\",\"position\":2,\"name\":\"Produkti\",\"item\":\"https:\\\/\\\/www.sdapakuote.lt\\\/lv\\\/produkti\\\/\"},{\"@type\":\"ListItem\",\"position\":3,\"name\":\"Pl\u0113ves\",\"item\":\"https:\\\/\\\/www.sdapakuote.lt\\\/lv\\\/produkti\\\/pleves\\\/\"},{\"@type\":\"ListItem\",\"position\":4,\"name\":\"Polietil\u0113na piedurknes pl\u0113ve\"}]},{\"@type\":\"WebSite\",\"@id\":\"https:\\\/\\\/www.sdapakuote.lt\\\/lv\\\/#website\",\"url\":\"https:\\\/\\\/www.sdapakuote.lt\\\/lv\\\/\",\"name\":\"sdapakuote.lt\",\"description\":\"Kol kas tik dar vienas WordPress tinklalapis\",\"potentialAction\":[{\"@type\":\"SearchAction\",\"target\":{\"@type\":\"EntryPoint\",\"urlTemplate\":\"https:\\\/\\\/www.sdapakuote.lt\\\/lv\\\/?s={search_term_string}\"},\"query-input\":{\"@type\":\"PropertyValueSpecification\",\"valueRequired\":true,\"valueName\":\"search_term_string\"}}],\"inLanguage\":\"lv-LV\"}]}<\/script>\n<!-- \/ Yoast SEO plugin. -->","yoast_head_json":{"title":"Polietil\u0113na piedurknes pl\u0113ve - sdapakuote.lt","description":"Polietil\u0113na piedurknes pl\u0113ve ru\u013c\u013cos \u2014 HDPE un LDPE. Piel\u0101gota p\u0113c pas\u016bt\u012bjuma, iztur\u012bga un piem\u0113rota saskarei ar p\u0101rtiku.","robots":{"index":"index","follow":"follow","max-snippet":"max-snippet:-1","max-image-preview":"max-image-preview:large","max-video-preview":"max-video-preview:-1"},"canonical":"https:\/\/www.sdapakuote.lt\/lv\/produkti\/pleves\/polietilena-piedurknes-pleve\/","og_locale":"lv_LV","og_type":"article","og_title":"Polietil\u0113na piedurknes pl\u0113ve - sdapakuote.lt","og_description":"Polietil\u0113na piedurknes pl\u0113ve ru\u013c\u013cos \u2014 HDPE un LDPE. Piel\u0101gota p\u0113c pas\u016bt\u012bjuma, iztur\u012bga un piem\u0113rota saskarei ar p\u0101rtiku.","og_url":"https:\/\/www.sdapakuote.lt\/lv\/produkti\/pleves\/polietilena-piedurknes-pleve\/","og_site_name":"sdapakuote.lt","article_modified_time":"2025-10-07T06:42:57+00:00","og_image":[{"width":632,"height":372,"url":"https:\/\/www.sdapakuote.lt\/wp-content\/uploads\/2021\/09\/polietileno-rankove.png","type":"image\/png"}],"twitter_card":"summary_large_image","twitter_misc":{"Est. reading time":"1 minute"},"schema":{"@context":"https:\/\/schema.org","@graph":[{"@type":"WebPage","@id":"https:\/\/www.sdapakuote.lt\/lv\/produkti\/pleves\/polietilena-piedurknes-pleve\/","url":"https:\/\/www.sdapakuote.lt\/lv\/produkti\/pleves\/polietilena-piedurknes-pleve\/","name":"Polietil\u0113na piedurknes pl\u0113ve - sdapakuote.lt","isPartOf":{"@id":"https:\/\/www.sdapakuote.lt\/lv\/#website"},"primaryImageOfPage":{"@id":"https:\/\/www.sdapakuote.lt\/lv\/produkti\/pleves\/polietilena-piedurknes-pleve\/#primaryimage"},"image":{"@id":"https:\/\/www.sdapakuote.lt\/lv\/produkti\/pleves\/polietilena-piedurknes-pleve\/#primaryimage"},"thumbnailUrl":"https:\/\/www.sdapakuote.lt\/wp-content\/uploads\/2021\/09\/polietileno-rankove.png","datePublished":"2025-10-07T06:42:49+00:00","dateModified":"2025-10-07T06:42:57+00:00","description":"Polietil\u0113na piedurknes pl\u0113ve ru\u013c\u013cos \u2014 HDPE un LDPE. Piel\u0101gota p\u0113c pas\u016bt\u012bjuma, iztur\u012bga un piem\u0113rota saskarei ar p\u0101rtiku.","breadcrumb":{"@id":"https:\/\/www.sdapakuote.lt\/lv\/produkti\/pleves\/polietilena-piedurknes-pleve\/#breadcrumb"},"inLanguage":"lv-LV","potentialAction":[{"@type":"ReadAction","target":["https:\/\/www.sdapakuote.lt\/lv\/produkti\/pleves\/polietilena-piedurknes-pleve\/"]}]},{"@type":"ImageObject","inLanguage":"lv-LV","@id":"https:\/\/www.sdapakuote.lt\/lv\/produkti\/pleves\/polietilena-piedurknes-pleve\/#primaryimage","url":"https:\/\/www.sdapakuote.lt\/wp-content\/uploads\/2021\/09\/polietileno-rankove.png","contentUrl":"https:\/\/www.sdapakuote.lt\/wp-content\/uploads\/2021\/09\/polietileno-rankove.png","width":632,"height":372},{"@type":"BreadcrumbList","@id":"https:\/\/www.sdapakuote.lt\/lv\/produkti\/pleves\/polietilena-piedurknes-pleve\/#breadcrumb","itemListElement":[{"@type":"ListItem","position":1,"name":"Home","item":"https:\/\/www.sdapakuote.lt\/lv\/"},{"@type":"ListItem","position":2,"name":"Produkti","item":"https:\/\/www.sdapakuote.lt\/lv\/produkti\/"},{"@type":"ListItem","position":3,"name":"Pl\u0113ves","item":"https:\/\/www.sdapakuote.lt\/lv\/produkti\/pleves\/"},{"@type":"ListItem","position":4,"name":"Polietil\u0113na piedurknes pl\u0113ve"}]},{"@type":"WebSite","@id":"https:\/\/www.sdapakuote.lt\/lv\/#website","url":"https:\/\/www.sdapakuote.lt\/lv\/","name":"sdapakuote.lt","description":"Kol kas tik dar vienas WordPress tinklalapis","potentialAction":[{"@type":"SearchAction","target":{"@type":"EntryPoint","urlTemplate":"https:\/\/www.sdapakuote.lt\/lv\/?s={search_term_string}"},"query-input":{"@type":"PropertyValueSpecification","valueRequired":true,"valueName":"search_term_string"}}],"inLanguage":"lv-LV"}]}},"_links":{"self":[{"href":"https:\/\/www.sdapakuote.lt\/lv\/wp-json\/wp\/v2\/pages\/4415","targetHints":{"allow":["GET"]}}],"collection":[{"href":"https:\/\/www.sdapakuote.lt\/lv\/wp-json\/wp\/v2\/pages"}],"about":[{"href":"https:\/\/www.sdapakuote.lt\/lv\/wp-json\/wp\/v2\/types\/page"}],"author":[{"embeddable":true,"href":"https:\/\/www.sdapakuote.lt\/lv\/wp-json\/wp\/v2\/users\/2"}],"replies":[{"embeddable":true,"href":"https:\/\/www.sdapakuote.lt\/lv\/wp-json\/wp\/v2\/comments?post=4415"}],"version-history":[{"count":1,"href":"https:\/\/www.sdapakuote.lt\/lv\/wp-json\/wp\/v2\/pages\/4415\/revisions"}],"predecessor-version":[{"id":4417,"href":"https:\/\/www.sdapakuote.lt\/lv\/wp-json\/wp\/v2\/pages\/4415\/revisions\/4417"}],"up":[{"embeddable":true,"href":"https:\/\/www.sdapakuote.lt\/lv\/wp-json\/wp\/v2\/pages\/4374"}],"wp:featuredmedia":[{"embeddable":true,"href":"https:\/\/www.sdapakuote.lt\/lv\/wp-json\/wp\/v2\/media\/4416"}],"wp:attachment":[{"href":"https:\/\/www.sdapakuote.lt\/lv\/wp-json\/wp\/v2\/media?parent=4415"}],"curies":[{"name":"wp","href":"https:\/\/api.w.org\/{rel}","templated":true}]}}