{"id":4411,"date":"2025-10-07T06:40:33","date_gmt":"2025-10-07T06:40:33","guid":{"rendered":"https:\/\/www.sdapakuote.lt\/?page_id=4411"},"modified":"2025-10-07T06:40:38","modified_gmt":"2025-10-07T06:40:38","slug":"polietilena-pusapvala-pleve","status":"publish","type":"page","link":"https:\/\/www.sdapakuote.lt\/lv\/produkti\/pleves\/polietilena-pusapvala-pleve\/","title":{"rendered":"Polietil\u0113na pusapval\u0101 pl\u0113ve"},"content":{"rendered":"<p data-start=\"338\" data-end=\"559\"><strong data-start=\"338\" data-end=\"353\">SDA Pakuot\u0117<\/strong> pieg\u0101d\u0101 da\u017e\u0101du tipu <strong data-start=\"374\" data-end=\"414\">polietil\u0113na pusapval\u0101s pl\u0113ves ru\u013c\u013cos<\/strong>: <strong data-start=\"416\" data-end=\"437\">HDPE, CPP un BOPP<\/strong>.<br data-start=\"438\" data-end=\"441\" \/><br \/>\nT\u0101 ir uzticams un univers\u0101ls iepakojuma risin\u0101jums, kas piem\u0113rots gan r\u016bpniec\u012bbas uz\u0146\u0113mumiem, gan p\u0101rtikas sektoram.<\/p>\n<h3 data-start=\"561\" data-end=\"584\">M\u016bsu priek\u0161roc\u012bbas:<\/h3>\n<ul data-start=\"585\" data-end=\"872\">\n<li data-start=\"585\" data-end=\"650\">\n<p data-start=\"587\" data-end=\"650\">Ra\u017eojam da\u017e\u0101du <strong data-start=\"602\" data-end=\"630\">platumu, biezumu un tipu<\/strong> pusapval\u0101s pl\u0113ves<\/p>\n<\/li>\n<li data-start=\"651\" data-end=\"722\">\n<p data-start=\"653\" data-end=\"722\">Pl\u0113ve tiek sav\u012bta uz spol\u0113m, <strong data-start=\"682\" data-end=\"720\">svars piel\u0101gots klienta vajadz\u012bb\u0101m<\/strong><\/p>\n<\/li>\n<li data-start=\"723\" data-end=\"777\">\n<p data-start=\"725\" data-end=\"777\">Visas pl\u0113ves ir <strong data-start=\"741\" data-end=\"775\">piem\u0113rotas saskarei ar p\u0101rtiku<\/strong><\/p>\n<\/li>\n<li data-start=\"778\" data-end=\"872\">\n<p data-start=\"780\" data-end=\"872\">P\u0113c pas\u016bt\u012bjuma izsniedzam <strong data-start=\"806\" data-end=\"834\">Atbilst\u012bbas deklar\u0101cijas<\/strong>, kas apliecina kvalit\u0101ti un dro\u0161umu<\/p>\n<\/li>\n<\/ul>\n<p data-start=\"874\" data-end=\"1118\"><strong data-start=\"874\" data-end=\"905\">Polietil\u0113na pusapval\u0101 pl\u0113ve<\/strong> ir <strong data-start=\"909\" data-end=\"933\">praktisks risin\u0101jums<\/strong> iepakojuma ra\u017eo\u0161anai, produkcijas fas\u0113\u0161anai un aizsardz\u012bbai transport\u0113\u0161anas laik\u0101.<br data-start=\"1016\" data-end=\"1019\" \/><br \/>\nT\u0101 izce\u013cas ar <strong data-start=\"1033\" data-end=\"1060\">iztur\u012bbu, caursp\u012bd\u012bgumu<\/strong> un iesp\u0113ju <strong data-start=\"1072\" data-end=\"1115\">piel\u0101got ra\u017eo\u0161anu individu\u0101l\u0101m pras\u012bb\u0101m<\/strong>.<\/p>\n<p data-start=\"1120\" data-end=\"1327\">Izv\u0113loties <strong data-start=\"1131\" data-end=\"1146\">SDA Pakuot\u0117<\/strong>, j\u016bs ieg\u016bstat ne tikai <strong data-start=\"1170\" data-end=\"1213\">kvalitat\u012bvu pusapval\u0101s pl\u0113ves materi\u0101lu<\/strong>, bet ar\u012b <strong data-start=\"1223\" data-end=\"1244\">uzticamu partneri<\/strong>, kas nodro\u0161ina \u0101tru pieg\u0101di, profesion\u0101las konsult\u0101cijas un stabilu apkalpo\u0161anu.<\/p>\n","protected":false},"excerpt":{"rendered":"<p>SDA Pakuot\u0117 pieg\u0101d\u0101 da\u017e\u0101du tipu polietil\u0113na pusapval\u0101s pl\u0113ves ru\u013c\u013cos: HDPE, CPP un BOPP. T\u0101 ir uzticams un univers\u0101ls iepakojuma risin\u0101jums, kas piem\u0113rots gan r\u016bpniec\u012bbas uz\u0146\u0113mumiem, gan p\u0101rtikas sektoram. M\u016bsu priek\u0161roc\u012bbas: Ra\u017eojam da\u017e\u0101du platumu, biezumu un tipu pusapval\u0101s pl\u0113ves Pl\u0113ve tiek sav\u012bta uz spol\u0113m, svars piel\u0101gots klienta vajadz\u012bb\u0101m Visas pl\u0113ves ir piem\u0113rotas saskarei ar p\u0101rtiku P\u0113c [&hellip;]<\/p>\n","protected":false},"author":2,"featured_media":4412,"parent":4374,"menu_order":0,"comment_status":"closed","ping_status":"closed","template":"page-single-product.php","meta":{"_acf_changed":false,"footnotes":""},"class_list":["post-4411","page","type-page","status-publish","has-post-thumbnail","hentry"],"acf":[],"yoast_head":"<!-- This site is optimized with the Yoast SEO plugin v27.4 - https:\/\/yoast.com\/product\/yoast-seo-wordpress\/ -->\n<title>Polietil\u0113na pusapval\u0101 pl\u0113ve - sdapakuote.lt<\/title>\n<meta name=\"description\" content=\"Polietil\u0113na pusapval\u0101 pl\u0113ve ru\u013c\u013cos \u2014 HDPE, CPP, BOPP. Piel\u0101gota p\u0113c pas\u016bt\u012bjuma, piem\u0113rota p\u0101rtikai, iztur\u012bga un caursp\u012bd\u012bga.\" \/>\n<meta name=\"robots\" content=\"index, follow, max-snippet:-1, max-image-preview:large, max-video-preview:-1\" \/>\n<link rel=\"canonical\" href=\"https:\/\/www.sdapakuote.lt\/lv\/produkti\/pleves\/polietilena-pusapvala-pleve\/\" \/>\n<meta property=\"og:locale\" content=\"lv_LV\" \/>\n<meta property=\"og:type\" content=\"article\" \/>\n<meta property=\"og:title\" content=\"Polietil\u0113na pusapval\u0101 pl\u0113ve - sdapakuote.lt\" \/>\n<meta property=\"og:description\" content=\"Polietil\u0113na pusapval\u0101 pl\u0113ve ru\u013c\u013cos \u2014 HDPE, CPP, BOPP. Piel\u0101gota p\u0113c pas\u016bt\u012bjuma, piem\u0113rota p\u0101rtikai, iztur\u012bga un caursp\u012bd\u012bga.\" \/>\n<meta property=\"og:url\" content=\"https:\/\/www.sdapakuote.lt\/lv\/produkti\/pleves\/polietilena-pusapvala-pleve\/\" \/>\n<meta property=\"og:site_name\" content=\"sdapakuote.lt\" \/>\n<meta property=\"article:modified_time\" content=\"2025-10-07T06:40:38+00:00\" \/>\n<meta property=\"og:image\" content=\"https:\/\/www.sdapakuote.lt\/wp-content\/uploads\/2021\/09\/polietileno-pusrankove-77fc.png\" \/>\n\t<meta property=\"og:image:width\" content=\"632\" \/>\n\t<meta property=\"og:image:height\" content=\"372\" \/>\n\t<meta property=\"og:image:type\" content=\"image\/png\" \/>\n<meta name=\"twitter:card\" content=\"summary_large_image\" \/>\n<meta name=\"twitter:label1\" content=\"Est. reading time\" \/>\n\t<meta name=\"twitter:data1\" content=\"1 minute\" \/>\n<script type=\"application\/ld+json\" class=\"yoast-schema-graph\">{\"@context\":\"https:\\\/\\\/schema.org\",\"@graph\":[{\"@type\":\"WebPage\",\"@id\":\"https:\\\/\\\/www.sdapakuote.lt\\\/lv\\\/produkti\\\/pleves\\\/polietilena-pusapvala-pleve\\\/\",\"url\":\"https:\\\/\\\/www.sdapakuote.lt\\\/lv\\\/produkti\\\/pleves\\\/polietilena-pusapvala-pleve\\\/\",\"name\":\"Polietil\u0113na pusapval\u0101 pl\u0113ve - sdapakuote.lt\",\"isPartOf\":{\"@id\":\"https:\\\/\\\/www.sdapakuote.lt\\\/lv\\\/#website\"},\"primaryImageOfPage\":{\"@id\":\"https:\\\/\\\/www.sdapakuote.lt\\\/lv\\\/produkti\\\/pleves\\\/polietilena-pusapvala-pleve\\\/#primaryimage\"},\"image\":{\"@id\":\"https:\\\/\\\/www.sdapakuote.lt\\\/lv\\\/produkti\\\/pleves\\\/polietilena-pusapvala-pleve\\\/#primaryimage\"},\"thumbnailUrl\":\"https:\\\/\\\/www.sdapakuote.lt\\\/wp-content\\\/uploads\\\/2021\\\/09\\\/polietileno-pusrankove-77fc.png\",\"datePublished\":\"2025-10-07T06:40:33+00:00\",\"dateModified\":\"2025-10-07T06:40:38+00:00\",\"description\":\"Polietil\u0113na pusapval\u0101 pl\u0113ve ru\u013c\u013cos \u2014 HDPE, CPP, BOPP. Piel\u0101gota p\u0113c pas\u016bt\u012bjuma, piem\u0113rota p\u0101rtikai, iztur\u012bga un caursp\u012bd\u012bga.\",\"breadcrumb\":{\"@id\":\"https:\\\/\\\/www.sdapakuote.lt\\\/lv\\\/produkti\\\/pleves\\\/polietilena-pusapvala-pleve\\\/#breadcrumb\"},\"inLanguage\":\"lv-LV\",\"potentialAction\":[{\"@type\":\"ReadAction\",\"target\":[\"https:\\\/\\\/www.sdapakuote.lt\\\/lv\\\/produkti\\\/pleves\\\/polietilena-pusapvala-pleve\\\/\"]}]},{\"@type\":\"ImageObject\",\"inLanguage\":\"lv-LV\",\"@id\":\"https:\\\/\\\/www.sdapakuote.lt\\\/lv\\\/produkti\\\/pleves\\\/polietilena-pusapvala-pleve\\\/#primaryimage\",\"url\":\"https:\\\/\\\/www.sdapakuote.lt\\\/wp-content\\\/uploads\\\/2021\\\/09\\\/polietileno-pusrankove-77fc.png\",\"contentUrl\":\"https:\\\/\\\/www.sdapakuote.lt\\\/wp-content\\\/uploads\\\/2021\\\/09\\\/polietileno-pusrankove-77fc.png\",\"width\":632,\"height\":372},{\"@type\":\"BreadcrumbList\",\"@id\":\"https:\\\/\\\/www.sdapakuote.lt\\\/lv\\\/produkti\\\/pleves\\\/polietilena-pusapvala-pleve\\\/#breadcrumb\",\"itemListElement\":[{\"@type\":\"ListItem\",\"position\":1,\"name\":\"Home\",\"item\":\"https:\\\/\\\/www.sdapakuote.lt\\\/lv\\\/\"},{\"@type\":\"ListItem\",\"position\":2,\"name\":\"Produkti\",\"item\":\"https:\\\/\\\/www.sdapakuote.lt\\\/lv\\\/produkti\\\/\"},{\"@type\":\"ListItem\",\"position\":3,\"name\":\"Pl\u0113ves\",\"item\":\"https:\\\/\\\/www.sdapakuote.lt\\\/lv\\\/produkti\\\/pleves\\\/\"},{\"@type\":\"ListItem\",\"position\":4,\"name\":\"Polietil\u0113na pusapval\u0101 pl\u0113ve\"}]},{\"@type\":\"WebSite\",\"@id\":\"https:\\\/\\\/www.sdapakuote.lt\\\/lv\\\/#website\",\"url\":\"https:\\\/\\\/www.sdapakuote.lt\\\/lv\\\/\",\"name\":\"sdapakuote.lt\",\"description\":\"Kol kas tik dar vienas WordPress tinklalapis\",\"potentialAction\":[{\"@type\":\"SearchAction\",\"target\":{\"@type\":\"EntryPoint\",\"urlTemplate\":\"https:\\\/\\\/www.sdapakuote.lt\\\/lv\\\/?s={search_term_string}\"},\"query-input\":{\"@type\":\"PropertyValueSpecification\",\"valueRequired\":true,\"valueName\":\"search_term_string\"}}],\"inLanguage\":\"lv-LV\"}]}<\/script>\n<!-- \/ Yoast SEO plugin. -->","yoast_head_json":{"title":"Polietil\u0113na pusapval\u0101 pl\u0113ve - sdapakuote.lt","description":"Polietil\u0113na pusapval\u0101 pl\u0113ve ru\u013c\u013cos \u2014 HDPE, CPP, BOPP. Piel\u0101gota p\u0113c pas\u016bt\u012bjuma, piem\u0113rota p\u0101rtikai, iztur\u012bga un caursp\u012bd\u012bga.","robots":{"index":"index","follow":"follow","max-snippet":"max-snippet:-1","max-image-preview":"max-image-preview:large","max-video-preview":"max-video-preview:-1"},"canonical":"https:\/\/www.sdapakuote.lt\/lv\/produkti\/pleves\/polietilena-pusapvala-pleve\/","og_locale":"lv_LV","og_type":"article","og_title":"Polietil\u0113na pusapval\u0101 pl\u0113ve - sdapakuote.lt","og_description":"Polietil\u0113na pusapval\u0101 pl\u0113ve ru\u013c\u013cos \u2014 HDPE, CPP, BOPP. Piel\u0101gota p\u0113c pas\u016bt\u012bjuma, piem\u0113rota p\u0101rtikai, iztur\u012bga un caursp\u012bd\u012bga.","og_url":"https:\/\/www.sdapakuote.lt\/lv\/produkti\/pleves\/polietilena-pusapvala-pleve\/","og_site_name":"sdapakuote.lt","article_modified_time":"2025-10-07T06:40:38+00:00","og_image":[{"width":632,"height":372,"url":"https:\/\/www.sdapakuote.lt\/wp-content\/uploads\/2021\/09\/polietileno-pusrankove-77fc.png","type":"image\/png"}],"twitter_card":"summary_large_image","twitter_misc":{"Est. reading time":"1 minute"},"schema":{"@context":"https:\/\/schema.org","@graph":[{"@type":"WebPage","@id":"https:\/\/www.sdapakuote.lt\/lv\/produkti\/pleves\/polietilena-pusapvala-pleve\/","url":"https:\/\/www.sdapakuote.lt\/lv\/produkti\/pleves\/polietilena-pusapvala-pleve\/","name":"Polietil\u0113na pusapval\u0101 pl\u0113ve - sdapakuote.lt","isPartOf":{"@id":"https:\/\/www.sdapakuote.lt\/lv\/#website"},"primaryImageOfPage":{"@id":"https:\/\/www.sdapakuote.lt\/lv\/produkti\/pleves\/polietilena-pusapvala-pleve\/#primaryimage"},"image":{"@id":"https:\/\/www.sdapakuote.lt\/lv\/produkti\/pleves\/polietilena-pusapvala-pleve\/#primaryimage"},"thumbnailUrl":"https:\/\/www.sdapakuote.lt\/wp-content\/uploads\/2021\/09\/polietileno-pusrankove-77fc.png","datePublished":"2025-10-07T06:40:33+00:00","dateModified":"2025-10-07T06:40:38+00:00","description":"Polietil\u0113na pusapval\u0101 pl\u0113ve ru\u013c\u013cos \u2014 HDPE, CPP, BOPP. Piel\u0101gota p\u0113c pas\u016bt\u012bjuma, piem\u0113rota p\u0101rtikai, iztur\u012bga un caursp\u012bd\u012bga.","breadcrumb":{"@id":"https:\/\/www.sdapakuote.lt\/lv\/produkti\/pleves\/polietilena-pusapvala-pleve\/#breadcrumb"},"inLanguage":"lv-LV","potentialAction":[{"@type":"ReadAction","target":["https:\/\/www.sdapakuote.lt\/lv\/produkti\/pleves\/polietilena-pusapvala-pleve\/"]}]},{"@type":"ImageObject","inLanguage":"lv-LV","@id":"https:\/\/www.sdapakuote.lt\/lv\/produkti\/pleves\/polietilena-pusapvala-pleve\/#primaryimage","url":"https:\/\/www.sdapakuote.lt\/wp-content\/uploads\/2021\/09\/polietileno-pusrankove-77fc.png","contentUrl":"https:\/\/www.sdapakuote.lt\/wp-content\/uploads\/2021\/09\/polietileno-pusrankove-77fc.png","width":632,"height":372},{"@type":"BreadcrumbList","@id":"https:\/\/www.sdapakuote.lt\/lv\/produkti\/pleves\/polietilena-pusapvala-pleve\/#breadcrumb","itemListElement":[{"@type":"ListItem","position":1,"name":"Home","item":"https:\/\/www.sdapakuote.lt\/lv\/"},{"@type":"ListItem","position":2,"name":"Produkti","item":"https:\/\/www.sdapakuote.lt\/lv\/produkti\/"},{"@type":"ListItem","position":3,"name":"Pl\u0113ves","item":"https:\/\/www.sdapakuote.lt\/lv\/produkti\/pleves\/"},{"@type":"ListItem","position":4,"name":"Polietil\u0113na pusapval\u0101 pl\u0113ve"}]},{"@type":"WebSite","@id":"https:\/\/www.sdapakuote.lt\/lv\/#website","url":"https:\/\/www.sdapakuote.lt\/lv\/","name":"sdapakuote.lt","description":"Kol kas tik dar vienas WordPress tinklalapis","potentialAction":[{"@type":"SearchAction","target":{"@type":"EntryPoint","urlTemplate":"https:\/\/www.sdapakuote.lt\/lv\/?s={search_term_string}"},"query-input":{"@type":"PropertyValueSpecification","valueRequired":true,"valueName":"search_term_string"}}],"inLanguage":"lv-LV"}]}},"_links":{"self":[{"href":"https:\/\/www.sdapakuote.lt\/lv\/wp-json\/wp\/v2\/pages\/4411","targetHints":{"allow":["GET"]}}],"collection":[{"href":"https:\/\/www.sdapakuote.lt\/lv\/wp-json\/wp\/v2\/pages"}],"about":[{"href":"https:\/\/www.sdapakuote.lt\/lv\/wp-json\/wp\/v2\/types\/page"}],"author":[{"embeddable":true,"href":"https:\/\/www.sdapakuote.lt\/lv\/wp-json\/wp\/v2\/users\/2"}],"replies":[{"embeddable":true,"href":"https:\/\/www.sdapakuote.lt\/lv\/wp-json\/wp\/v2\/comments?post=4411"}],"version-history":[{"count":1,"href":"https:\/\/www.sdapakuote.lt\/lv\/wp-json\/wp\/v2\/pages\/4411\/revisions"}],"predecessor-version":[{"id":4414,"href":"https:\/\/www.sdapakuote.lt\/lv\/wp-json\/wp\/v2\/pages\/4411\/revisions\/4414"}],"up":[{"embeddable":true,"href":"https:\/\/www.sdapakuote.lt\/lv\/wp-json\/wp\/v2\/pages\/4374"}],"wp:featuredmedia":[{"embeddable":true,"href":"https:\/\/www.sdapakuote.lt\/lv\/wp-json\/wp\/v2\/media\/4412"}],"wp:attachment":[{"href":"https:\/\/www.sdapakuote.lt\/lv\/wp-json\/wp\/v2\/media?parent=4411"}],"curies":[{"name":"wp","href":"https:\/\/api.w.org\/{rel}","templated":true}]}}