{"id":4408,"date":"2025-10-07T06:37:20","date_gmt":"2025-10-07T06:37:20","guid":{"rendered":"https:\/\/www.sdapakuote.lt\/?page_id=4408"},"modified":"2025-10-07T06:37:28","modified_gmt":"2025-10-07T06:37:28","slug":"polietilena-lente","status":"publish","type":"page","link":"https:\/\/www.sdapakuote.lt\/lv\/produkti\/pleves\/polietilena-lente\/","title":{"rendered":"Polietil\u0113na lente"},"content":{"rendered":"<p data-start=\"405\" data-end=\"681\"><strong data-start=\"405\" data-end=\"420\">SDA Pakuot\u0117<\/strong> pieg\u0101d\u0101 da\u017e\u0101du veidu <strong data-start=\"442\" data-end=\"471\">polietil\u0113na lentes ru\u013c\u013cos<\/strong>: <strong data-start=\"473\" data-end=\"500\">HDPE, LDPE, CPP un BOPP<\/strong>.<br data-start=\"501\" data-end=\"504\" \/><br \/>\nPla\u0161ais sortiments un iesp\u0113ja piel\u0101got ra\u017eo\u0161anu p\u0113c pas\u016bt\u012bjuma \u013cauj mums pied\u0101v\u0101t <strong data-start=\"586\" data-end=\"625\">optim\u0101lu risin\u0101jumu katram klientam<\/strong> \u2014 gan p\u0101rtikas r\u016bpniec\u012bbai, gan tehnisk\u0101m vajadz\u012bb\u0101m.<\/p>\n<h3 data-start=\"683\" data-end=\"701\">M\u016bsu iesp\u0113jas:<\/h3>\n<ul data-start=\"702\" data-end=\"1017\">\n<li data-start=\"702\" data-end=\"778\">\n<p data-start=\"704\" data-end=\"778\">P\u0113c piepras\u012bjuma izv\u0113lamies piem\u0113rot\u0101ko pl\u0113ves veidu, biezumu un platumu<\/p>\n<\/li>\n<li data-start=\"779\" data-end=\"853\">\n<p data-start=\"781\" data-end=\"853\">Lente tiek sav\u012bta uz spol\u0113m, un ru\u013c\u013ca svars piel\u0101gots klienta pras\u012bb\u0101m<\/p>\n<\/li>\n<li data-start=\"854\" data-end=\"908\">\n<p data-start=\"856\" data-end=\"908\">Visas lentes ir piem\u0113rotas <strong data-start=\"883\" data-end=\"906\">saskarei ar p\u0101rtiku<\/strong><\/p>\n<\/li>\n<li data-start=\"909\" data-end=\"1017\">\n<p data-start=\"911\" data-end=\"1017\">P\u0113c piepras\u012bjuma izsniedzam <strong data-start=\"939\" data-end=\"967\">atbilst\u012bbas deklar\u0101cijas<\/strong>, kas apliecina produkcijas dro\u0161\u012bbu un kvalit\u0101ti<\/p>\n<\/li>\n<\/ul>\n<p data-start=\"1019\" data-end=\"1260\">M\u016bsu pieg\u0101d\u0101t\u0101 polietil\u0113na lente ir <strong data-start=\"1055\" data-end=\"1127\">iztur\u012bga, viegli lietojama un piem\u0113rota da\u017e\u0101diem ra\u017eo\u0161anas procesiem<\/strong>.<br data-start=\"1128\" data-end=\"1131\" \/><br \/>\nP\u0113c vajadz\u012bbas pied\u0101v\u0101jam ar\u012b <strong data-start=\"1161\" data-end=\"1188\">nestandarta risin\u0101jumus<\/strong> \u2014 s\u0101kot no \u012bpa\u0161iem izm\u0113riem l\u012bdz specifiskiem tehniskiem parametriem.<\/p>\n<p data-start=\"1262\" data-end=\"1419\">Izv\u0113loties <strong data-start=\"1273\" data-end=\"1288\">SDA Pakuot\u0117<\/strong>, j\u016bs ieg\u016bstat ne tikai <strong data-start=\"1312\" data-end=\"1334\">pla\u0161u lentu kl\u0101stu<\/strong>, bet ar\u012b <strong data-start=\"1344\" data-end=\"1365\">uzticamu partneri<\/strong>, kas nodro\u0161ina \u0101tru pieg\u0101di un garant\u0113tu kvalit\u0101ti.<\/p>\n","protected":false},"excerpt":{"rendered":"<p>SDA Pakuot\u0117 pieg\u0101d\u0101 da\u017e\u0101du veidu polietil\u0113na lentes ru\u013c\u013cos: HDPE, LDPE, CPP un BOPP. Pla\u0161ais sortiments un iesp\u0113ja piel\u0101got ra\u017eo\u0161anu p\u0113c pas\u016bt\u012bjuma \u013cauj mums pied\u0101v\u0101t optim\u0101lu risin\u0101jumu katram klientam \u2014 gan p\u0101rtikas r\u016bpniec\u012bbai, gan tehnisk\u0101m vajadz\u012bb\u0101m. M\u016bsu iesp\u0113jas: P\u0113c piepras\u012bjuma izv\u0113lamies piem\u0113rot\u0101ko pl\u0113ves veidu, biezumu un platumu Lente tiek sav\u012bta uz spol\u0113m, un ru\u013c\u013ca svars piel\u0101gots [&hellip;]<\/p>\n","protected":false},"author":2,"featured_media":4409,"parent":4374,"menu_order":0,"comment_status":"closed","ping_status":"closed","template":"page-single-product.php","meta":{"_acf_changed":false,"footnotes":""},"class_list":["post-4408","page","type-page","status-publish","has-post-thumbnail","hentry"],"acf":[],"yoast_head":"<!-- This site is optimized with the Yoast SEO plugin v27.4 - https:\/\/yoast.com\/product\/yoast-seo-wordpress\/ -->\n<title>Polietil\u0113na lente - sdapakuote.lt<\/title>\n<meta name=\"description\" content=\"HDPE, LDPE, CPP un BOPP polietil\u0113na lentes ru\u013c\u013cos p\u0113c pas\u016bt\u012bjuma. Kvalit\u0101te, dro\u0161\u012bba un \u0101tra pieg\u0101de vis\u0101 Latvij\u0101.\" \/>\n<meta name=\"robots\" content=\"index, follow, max-snippet:-1, max-image-preview:large, max-video-preview:-1\" \/>\n<link rel=\"canonical\" href=\"https:\/\/www.sdapakuote.lt\/lv\/produkti\/pleves\/polietilena-lente\/\" \/>\n<meta property=\"og:locale\" content=\"lv_LV\" \/>\n<meta property=\"og:type\" content=\"article\" \/>\n<meta property=\"og:title\" content=\"Polietil\u0113na lente - sdapakuote.lt\" \/>\n<meta property=\"og:description\" content=\"HDPE, LDPE, CPP un BOPP polietil\u0113na lentes ru\u013c\u013cos p\u0113c pas\u016bt\u012bjuma. Kvalit\u0101te, dro\u0161\u012bba un \u0101tra pieg\u0101de vis\u0101 Latvij\u0101.\" \/>\n<meta property=\"og:url\" content=\"https:\/\/www.sdapakuote.lt\/lv\/produkti\/pleves\/polietilena-lente\/\" \/>\n<meta property=\"og:site_name\" content=\"sdapakuote.lt\" \/>\n<meta property=\"article:modified_time\" content=\"2025-10-07T06:37:28+00:00\" \/>\n<meta property=\"og:image\" content=\"https:\/\/www.sdapakuote.lt\/wp-content\/uploads\/2021\/09\/polietileno-juosta-2935.png\" \/>\n\t<meta property=\"og:image:width\" content=\"632\" \/>\n\t<meta property=\"og:image:height\" content=\"372\" \/>\n\t<meta property=\"og:image:type\" content=\"image\/png\" \/>\n<meta name=\"twitter:card\" content=\"summary_large_image\" \/>\n<meta name=\"twitter:label1\" content=\"Est. reading time\" \/>\n\t<meta name=\"twitter:data1\" content=\"1 minute\" \/>\n<script type=\"application\/ld+json\" class=\"yoast-schema-graph\">{\"@context\":\"https:\\\/\\\/schema.org\",\"@graph\":[{\"@type\":\"WebPage\",\"@id\":\"https:\\\/\\\/www.sdapakuote.lt\\\/lv\\\/produkti\\\/pleves\\\/polietilena-lente\\\/\",\"url\":\"https:\\\/\\\/www.sdapakuote.lt\\\/lv\\\/produkti\\\/pleves\\\/polietilena-lente\\\/\",\"name\":\"Polietil\u0113na lente - sdapakuote.lt\",\"isPartOf\":{\"@id\":\"https:\\\/\\\/www.sdapakuote.lt\\\/lv\\\/#website\"},\"primaryImageOfPage\":{\"@id\":\"https:\\\/\\\/www.sdapakuote.lt\\\/lv\\\/produkti\\\/pleves\\\/polietilena-lente\\\/#primaryimage\"},\"image\":{\"@id\":\"https:\\\/\\\/www.sdapakuote.lt\\\/lv\\\/produkti\\\/pleves\\\/polietilena-lente\\\/#primaryimage\"},\"thumbnailUrl\":\"https:\\\/\\\/www.sdapakuote.lt\\\/wp-content\\\/uploads\\\/2021\\\/09\\\/polietileno-juosta-2935.png\",\"datePublished\":\"2025-10-07T06:37:20+00:00\",\"dateModified\":\"2025-10-07T06:37:28+00:00\",\"description\":\"HDPE, LDPE, CPP un BOPP polietil\u0113na lentes ru\u013c\u013cos p\u0113c pas\u016bt\u012bjuma. Kvalit\u0101te, dro\u0161\u012bba un \u0101tra pieg\u0101de vis\u0101 Latvij\u0101.\",\"breadcrumb\":{\"@id\":\"https:\\\/\\\/www.sdapakuote.lt\\\/lv\\\/produkti\\\/pleves\\\/polietilena-lente\\\/#breadcrumb\"},\"inLanguage\":\"lv-LV\",\"potentialAction\":[{\"@type\":\"ReadAction\",\"target\":[\"https:\\\/\\\/www.sdapakuote.lt\\\/lv\\\/produkti\\\/pleves\\\/polietilena-lente\\\/\"]}]},{\"@type\":\"ImageObject\",\"inLanguage\":\"lv-LV\",\"@id\":\"https:\\\/\\\/www.sdapakuote.lt\\\/lv\\\/produkti\\\/pleves\\\/polietilena-lente\\\/#primaryimage\",\"url\":\"https:\\\/\\\/www.sdapakuote.lt\\\/wp-content\\\/uploads\\\/2021\\\/09\\\/polietileno-juosta-2935.png\",\"contentUrl\":\"https:\\\/\\\/www.sdapakuote.lt\\\/wp-content\\\/uploads\\\/2021\\\/09\\\/polietileno-juosta-2935.png\",\"width\":632,\"height\":372},{\"@type\":\"BreadcrumbList\",\"@id\":\"https:\\\/\\\/www.sdapakuote.lt\\\/lv\\\/produkti\\\/pleves\\\/polietilena-lente\\\/#breadcrumb\",\"itemListElement\":[{\"@type\":\"ListItem\",\"position\":1,\"name\":\"Home\",\"item\":\"https:\\\/\\\/www.sdapakuote.lt\\\/lv\\\/\"},{\"@type\":\"ListItem\",\"position\":2,\"name\":\"Produkti\",\"item\":\"https:\\\/\\\/www.sdapakuote.lt\\\/lv\\\/produkti\\\/\"},{\"@type\":\"ListItem\",\"position\":3,\"name\":\"Pl\u0113ves\",\"item\":\"https:\\\/\\\/www.sdapakuote.lt\\\/lv\\\/produkti\\\/pleves\\\/\"},{\"@type\":\"ListItem\",\"position\":4,\"name\":\"Polietil\u0113na lente\"}]},{\"@type\":\"WebSite\",\"@id\":\"https:\\\/\\\/www.sdapakuote.lt\\\/lv\\\/#website\",\"url\":\"https:\\\/\\\/www.sdapakuote.lt\\\/lv\\\/\",\"name\":\"sdapakuote.lt\",\"description\":\"Kol kas tik dar vienas WordPress tinklalapis\",\"potentialAction\":[{\"@type\":\"SearchAction\",\"target\":{\"@type\":\"EntryPoint\",\"urlTemplate\":\"https:\\\/\\\/www.sdapakuote.lt\\\/lv\\\/?s={search_term_string}\"},\"query-input\":{\"@type\":\"PropertyValueSpecification\",\"valueRequired\":true,\"valueName\":\"search_term_string\"}}],\"inLanguage\":\"lv-LV\"}]}<\/script>\n<!-- \/ Yoast SEO plugin. -->","yoast_head_json":{"title":"Polietil\u0113na lente - sdapakuote.lt","description":"HDPE, LDPE, CPP un BOPP polietil\u0113na lentes ru\u013c\u013cos p\u0113c pas\u016bt\u012bjuma. Kvalit\u0101te, dro\u0161\u012bba un \u0101tra pieg\u0101de vis\u0101 Latvij\u0101.","robots":{"index":"index","follow":"follow","max-snippet":"max-snippet:-1","max-image-preview":"max-image-preview:large","max-video-preview":"max-video-preview:-1"},"canonical":"https:\/\/www.sdapakuote.lt\/lv\/produkti\/pleves\/polietilena-lente\/","og_locale":"lv_LV","og_type":"article","og_title":"Polietil\u0113na lente - sdapakuote.lt","og_description":"HDPE, LDPE, CPP un BOPP polietil\u0113na lentes ru\u013c\u013cos p\u0113c pas\u016bt\u012bjuma. Kvalit\u0101te, dro\u0161\u012bba un \u0101tra pieg\u0101de vis\u0101 Latvij\u0101.","og_url":"https:\/\/www.sdapakuote.lt\/lv\/produkti\/pleves\/polietilena-lente\/","og_site_name":"sdapakuote.lt","article_modified_time":"2025-10-07T06:37:28+00:00","og_image":[{"width":632,"height":372,"url":"https:\/\/www.sdapakuote.lt\/wp-content\/uploads\/2021\/09\/polietileno-juosta-2935.png","type":"image\/png"}],"twitter_card":"summary_large_image","twitter_misc":{"Est. reading time":"1 minute"},"schema":{"@context":"https:\/\/schema.org","@graph":[{"@type":"WebPage","@id":"https:\/\/www.sdapakuote.lt\/lv\/produkti\/pleves\/polietilena-lente\/","url":"https:\/\/www.sdapakuote.lt\/lv\/produkti\/pleves\/polietilena-lente\/","name":"Polietil\u0113na lente - sdapakuote.lt","isPartOf":{"@id":"https:\/\/www.sdapakuote.lt\/lv\/#website"},"primaryImageOfPage":{"@id":"https:\/\/www.sdapakuote.lt\/lv\/produkti\/pleves\/polietilena-lente\/#primaryimage"},"image":{"@id":"https:\/\/www.sdapakuote.lt\/lv\/produkti\/pleves\/polietilena-lente\/#primaryimage"},"thumbnailUrl":"https:\/\/www.sdapakuote.lt\/wp-content\/uploads\/2021\/09\/polietileno-juosta-2935.png","datePublished":"2025-10-07T06:37:20+00:00","dateModified":"2025-10-07T06:37:28+00:00","description":"HDPE, LDPE, CPP un BOPP polietil\u0113na lentes ru\u013c\u013cos p\u0113c pas\u016bt\u012bjuma. Kvalit\u0101te, dro\u0161\u012bba un \u0101tra pieg\u0101de vis\u0101 Latvij\u0101.","breadcrumb":{"@id":"https:\/\/www.sdapakuote.lt\/lv\/produkti\/pleves\/polietilena-lente\/#breadcrumb"},"inLanguage":"lv-LV","potentialAction":[{"@type":"ReadAction","target":["https:\/\/www.sdapakuote.lt\/lv\/produkti\/pleves\/polietilena-lente\/"]}]},{"@type":"ImageObject","inLanguage":"lv-LV","@id":"https:\/\/www.sdapakuote.lt\/lv\/produkti\/pleves\/polietilena-lente\/#primaryimage","url":"https:\/\/www.sdapakuote.lt\/wp-content\/uploads\/2021\/09\/polietileno-juosta-2935.png","contentUrl":"https:\/\/www.sdapakuote.lt\/wp-content\/uploads\/2021\/09\/polietileno-juosta-2935.png","width":632,"height":372},{"@type":"BreadcrumbList","@id":"https:\/\/www.sdapakuote.lt\/lv\/produkti\/pleves\/polietilena-lente\/#breadcrumb","itemListElement":[{"@type":"ListItem","position":1,"name":"Home","item":"https:\/\/www.sdapakuote.lt\/lv\/"},{"@type":"ListItem","position":2,"name":"Produkti","item":"https:\/\/www.sdapakuote.lt\/lv\/produkti\/"},{"@type":"ListItem","position":3,"name":"Pl\u0113ves","item":"https:\/\/www.sdapakuote.lt\/lv\/produkti\/pleves\/"},{"@type":"ListItem","position":4,"name":"Polietil\u0113na lente"}]},{"@type":"WebSite","@id":"https:\/\/www.sdapakuote.lt\/lv\/#website","url":"https:\/\/www.sdapakuote.lt\/lv\/","name":"sdapakuote.lt","description":"Kol kas tik dar vienas WordPress tinklalapis","potentialAction":[{"@type":"SearchAction","target":{"@type":"EntryPoint","urlTemplate":"https:\/\/www.sdapakuote.lt\/lv\/?s={search_term_string}"},"query-input":{"@type":"PropertyValueSpecification","valueRequired":true,"valueName":"search_term_string"}}],"inLanguage":"lv-LV"}]}},"_links":{"self":[{"href":"https:\/\/www.sdapakuote.lt\/lv\/wp-json\/wp\/v2\/pages\/4408","targetHints":{"allow":["GET"]}}],"collection":[{"href":"https:\/\/www.sdapakuote.lt\/lv\/wp-json\/wp\/v2\/pages"}],"about":[{"href":"https:\/\/www.sdapakuote.lt\/lv\/wp-json\/wp\/v2\/types\/page"}],"author":[{"embeddable":true,"href":"https:\/\/www.sdapakuote.lt\/lv\/wp-json\/wp\/v2\/users\/2"}],"replies":[{"embeddable":true,"href":"https:\/\/www.sdapakuote.lt\/lv\/wp-json\/wp\/v2\/comments?post=4408"}],"version-history":[{"count":1,"href":"https:\/\/www.sdapakuote.lt\/lv\/wp-json\/wp\/v2\/pages\/4408\/revisions"}],"predecessor-version":[{"id":4410,"href":"https:\/\/www.sdapakuote.lt\/lv\/wp-json\/wp\/v2\/pages\/4408\/revisions\/4410"}],"up":[{"embeddable":true,"href":"https:\/\/www.sdapakuote.lt\/lv\/wp-json\/wp\/v2\/pages\/4374"}],"wp:featuredmedia":[{"embeddable":true,"href":"https:\/\/www.sdapakuote.lt\/lv\/wp-json\/wp\/v2\/media\/4409"}],"wp:attachment":[{"href":"https:\/\/www.sdapakuote.lt\/lv\/wp-json\/wp\/v2\/media?parent=4408"}],"curies":[{"name":"wp","href":"https:\/\/api.w.org\/{rel}","templated":true}]}}