{"id":4404,"date":"2025-10-06T07:45:37","date_gmt":"2025-10-06T07:45:37","guid":{"rendered":"https:\/\/www.sdapakuote.lt\/?page_id=4404"},"modified":"2025-10-06T07:45:51","modified_gmt":"2025-10-06T07:45:51","slug":"pleves-ar-uzrakstiem","status":"publish","type":"page","link":"https:\/\/www.sdapakuote.lt\/lv\/produkti\/pleves\/pleves-ar-uzrakstiem\/","title":{"rendered":"Pl\u0113ves ar uzrakstiem"},"content":{"rendered":"<p data-start=\"275\" data-end=\"566\"><strong data-start=\"275\" data-end=\"290\">SDA Pakuot\u0117<\/strong> ra\u017eo da\u017e\u0101da veida <strong data-start=\"309\" data-end=\"343\">polietil\u0113na pl\u0113ves ar logotipu<\/strong>, z\u012bm\u0113m, produkta lieto\u0161anas instrukcij\u0101m vai citu svar\u012bgu inform\u0101ciju.<br data-start=\"414\" data-end=\"417\" \/><br \/>\nTas ir lielisks risin\u0101jums uz\u0146\u0113mumiem, kuri v\u0113las <strong data-start=\"467\" data-end=\"492\">stiprin\u0101t savu z\u012bmolu<\/strong>, izcelties tirg\u016b un nodro\u0161in\u0101t <strong data-start=\"524\" data-end=\"563\">profesion\u0101lu iepakojuma noform\u0113jumu<\/strong>.<\/p>\n<h3 data-start=\"568\" data-end=\"590\">Apdrukas iesp\u0113jas:<\/h3>\n<ul data-start=\"591\" data-end=\"799\">\n<li data-start=\"591\" data-end=\"631\">\n<p data-start=\"593\" data-end=\"631\">Druka un kr\u0101so\u0161ana l\u012bdz <strong data-start=\"617\" data-end=\"629\">8 kr\u0101s\u0101m<\/strong><\/p>\n<\/li>\n<li data-start=\"632\" data-end=\"732\">\n<p data-start=\"634\" data-end=\"732\">Dizaina piel\u0101go\u0161ana j\u016bsu vajadz\u012bb\u0101m \u2014 no minim\u0101listiskiem logotipiem l\u012bdz kr\u0101sain\u0101m ilustr\u0101cij\u0101m<\/p>\n<\/li>\n<li data-start=\"733\" data-end=\"799\">\n<p data-start=\"735\" data-end=\"799\">Pieejamas da\u017e\u0101da tipa polietil\u0113na pl\u0113ves: <strong data-start=\"777\" data-end=\"797\">LDPE, HDPE, MDPE<\/strong><\/p>\n<\/li>\n<\/ul>\n<p data-start=\"801\" data-end=\"1056\">Personaliz\u0113t\u0101 pl\u0113ve ar j\u016bsu uz\u0146\u0113muma atrib\u016btiku ne tikai <strong data-start=\"858\" data-end=\"890\">palielina produkta redzam\u012bbu<\/strong>, bet ar\u012b pal\u012bdz pirc\u0113jiem <strong data-start=\"917\" data-end=\"945\">\u0101tri atpaz\u012bt j\u016bsu z\u012bmolu<\/strong>.<br data-start=\"946\" data-end=\"949\" \/><br \/>\nT\u0101 ir efekt\u012bva <strong data-start=\"964\" data-end=\"1004\">m\u0101rketinga un iepakojuma kombin\u0101cija<\/strong>, kas apvieno praktiskumu ar vizu\u0101lo komunik\u0101ciju.<\/p>\n<p data-start=\"1058\" data-end=\"1211\">Izv\u0113loties <strong data-start=\"1069\" data-end=\"1084\">SDA Pakuot\u0117<\/strong>, j\u016bs ieg\u016bstat ne tikai <strong data-start=\"1108\" data-end=\"1141\">iztur\u012bgu un kvalitat\u012bvu pl\u0113vi<\/strong>, bet ar\u012b <strong data-start=\"1151\" data-end=\"1208\">risin\u0101jumu, kas rada pievienoto v\u0113rt\u012bbu j\u016bsu biznesam<\/strong>.<\/p>\n","protected":false},"excerpt":{"rendered":"<p>SDA Pakuot\u0117 ra\u017eo da\u017e\u0101da veida polietil\u0113na pl\u0113ves ar logotipu, z\u012bm\u0113m, produkta lieto\u0161anas instrukcij\u0101m vai citu svar\u012bgu inform\u0101ciju. Tas ir lielisks risin\u0101jums uz\u0146\u0113mumiem, kuri v\u0113las stiprin\u0101t savu z\u012bmolu, izcelties tirg\u016b un nodro\u0161in\u0101t profesion\u0101lu iepakojuma noform\u0113jumu. Apdrukas iesp\u0113jas: Druka un kr\u0101so\u0161ana l\u012bdz 8 kr\u0101s\u0101m Dizaina piel\u0101go\u0161ana j\u016bsu vajadz\u012bb\u0101m \u2014 no minim\u0101listiskiem logotipiem l\u012bdz kr\u0101sain\u0101m ilustr\u0101cij\u0101m Pieejamas da\u017e\u0101da [&hellip;]<\/p>\n","protected":false},"author":2,"featured_media":4405,"parent":4374,"menu_order":0,"comment_status":"closed","ping_status":"closed","template":"page-single-product.php","meta":{"_acf_changed":false,"footnotes":""},"class_list":["post-4404","page","type-page","status-publish","has-post-thumbnail","hentry"],"acf":[],"yoast_head":"<!-- This site is optimized with the Yoast SEO plugin v27.4 - https:\/\/yoast.com\/product\/yoast-seo-wordpress\/ -->\n<title>Pl\u0113ves ar uzrakstiem - sdapakuote.lt<\/title>\n<meta name=\"description\" content=\"Polietil\u0113na pl\u0113ves ar logotipu un individu\u0101lo apdruku. L\u012bdz 8 kr\u0101s\u0101m, kvalitat\u012bva druka un piel\u0101gots dizains j\u016bsu uz\u0146\u0113mumam.\" \/>\n<meta name=\"robots\" content=\"index, follow, max-snippet:-1, max-image-preview:large, max-video-preview:-1\" \/>\n<link rel=\"canonical\" href=\"https:\/\/www.sdapakuote.lt\/lv\/produkti\/pleves\/pleves-ar-uzrakstiem\/\" \/>\n<meta property=\"og:locale\" content=\"lv_LV\" \/>\n<meta property=\"og:type\" content=\"article\" \/>\n<meta property=\"og:title\" content=\"Pl\u0113ves ar uzrakstiem - sdapakuote.lt\" \/>\n<meta property=\"og:description\" content=\"Polietil\u0113na pl\u0113ves ar logotipu un individu\u0101lo apdruku. L\u012bdz 8 kr\u0101s\u0101m, kvalitat\u012bva druka un piel\u0101gots dizains j\u016bsu uz\u0146\u0113mumam.\" \/>\n<meta property=\"og:url\" content=\"https:\/\/www.sdapakuote.lt\/lv\/produkti\/pleves\/pleves-ar-uzrakstiem\/\" \/>\n<meta property=\"og:site_name\" content=\"sdapakuote.lt\" \/>\n<meta property=\"article:modified_time\" content=\"2025-10-06T07:45:51+00:00\" \/>\n<meta property=\"og:image\" content=\"https:\/\/www.sdapakuote.lt\/wp-content\/uploads\/2022\/05\/20220517_135529-scaled.jpg\" \/>\n\t<meta property=\"og:image:width\" content=\"1440\" \/>\n\t<meta property=\"og:image:height\" content=\"2560\" \/>\n\t<meta property=\"og:image:type\" content=\"image\/jpeg\" \/>\n<meta name=\"twitter:card\" content=\"summary_large_image\" \/>\n<meta name=\"twitter:label1\" content=\"Est. reading time\" \/>\n\t<meta name=\"twitter:data1\" content=\"1 minute\" \/>\n<script type=\"application\/ld+json\" class=\"yoast-schema-graph\">{\"@context\":\"https:\\\/\\\/schema.org\",\"@graph\":[{\"@type\":\"WebPage\",\"@id\":\"https:\\\/\\\/www.sdapakuote.lt\\\/lv\\\/produkti\\\/pleves\\\/pleves-ar-uzrakstiem\\\/\",\"url\":\"https:\\\/\\\/www.sdapakuote.lt\\\/lv\\\/produkti\\\/pleves\\\/pleves-ar-uzrakstiem\\\/\",\"name\":\"Pl\u0113ves ar uzrakstiem - sdapakuote.lt\",\"isPartOf\":{\"@id\":\"https:\\\/\\\/www.sdapakuote.lt\\\/lv\\\/#website\"},\"primaryImageOfPage\":{\"@id\":\"https:\\\/\\\/www.sdapakuote.lt\\\/lv\\\/produkti\\\/pleves\\\/pleves-ar-uzrakstiem\\\/#primaryimage\"},\"image\":{\"@id\":\"https:\\\/\\\/www.sdapakuote.lt\\\/lv\\\/produkti\\\/pleves\\\/pleves-ar-uzrakstiem\\\/#primaryimage\"},\"thumbnailUrl\":\"https:\\\/\\\/www.sdapakuote.lt\\\/wp-content\\\/uploads\\\/2022\\\/05\\\/20220517_135529-scaled.jpg\",\"datePublished\":\"2025-10-06T07:45:37+00:00\",\"dateModified\":\"2025-10-06T07:45:51+00:00\",\"description\":\"Polietil\u0113na pl\u0113ves ar logotipu un individu\u0101lo apdruku. L\u012bdz 8 kr\u0101s\u0101m, kvalitat\u012bva druka un piel\u0101gots dizains j\u016bsu uz\u0146\u0113mumam.\",\"breadcrumb\":{\"@id\":\"https:\\\/\\\/www.sdapakuote.lt\\\/lv\\\/produkti\\\/pleves\\\/pleves-ar-uzrakstiem\\\/#breadcrumb\"},\"inLanguage\":\"lv-LV\",\"potentialAction\":[{\"@type\":\"ReadAction\",\"target\":[\"https:\\\/\\\/www.sdapakuote.lt\\\/lv\\\/produkti\\\/pleves\\\/pleves-ar-uzrakstiem\\\/\"]}]},{\"@type\":\"ImageObject\",\"inLanguage\":\"lv-LV\",\"@id\":\"https:\\\/\\\/www.sdapakuote.lt\\\/lv\\\/produkti\\\/pleves\\\/pleves-ar-uzrakstiem\\\/#primaryimage\",\"url\":\"https:\\\/\\\/www.sdapakuote.lt\\\/wp-content\\\/uploads\\\/2022\\\/05\\\/20220517_135529-scaled.jpg\",\"contentUrl\":\"https:\\\/\\\/www.sdapakuote.lt\\\/wp-content\\\/uploads\\\/2022\\\/05\\\/20220517_135529-scaled.jpg\",\"width\":1440,\"height\":2560,\"caption\":\"Polietileno pl\u0117vel\u0117s su logotipu\"},{\"@type\":\"BreadcrumbList\",\"@id\":\"https:\\\/\\\/www.sdapakuote.lt\\\/lv\\\/produkti\\\/pleves\\\/pleves-ar-uzrakstiem\\\/#breadcrumb\",\"itemListElement\":[{\"@type\":\"ListItem\",\"position\":1,\"name\":\"Home\",\"item\":\"https:\\\/\\\/www.sdapakuote.lt\\\/lv\\\/\"},{\"@type\":\"ListItem\",\"position\":2,\"name\":\"Produkti\",\"item\":\"https:\\\/\\\/www.sdapakuote.lt\\\/lv\\\/produkti\\\/\"},{\"@type\":\"ListItem\",\"position\":3,\"name\":\"Pl\u0113ves\",\"item\":\"https:\\\/\\\/www.sdapakuote.lt\\\/lv\\\/produkti\\\/pleves\\\/\"},{\"@type\":\"ListItem\",\"position\":4,\"name\":\"Pl\u0113ves ar uzrakstiem\"}]},{\"@type\":\"WebSite\",\"@id\":\"https:\\\/\\\/www.sdapakuote.lt\\\/lv\\\/#website\",\"url\":\"https:\\\/\\\/www.sdapakuote.lt\\\/lv\\\/\",\"name\":\"sdapakuote.lt\",\"description\":\"Kol kas tik dar vienas WordPress tinklalapis\",\"potentialAction\":[{\"@type\":\"SearchAction\",\"target\":{\"@type\":\"EntryPoint\",\"urlTemplate\":\"https:\\\/\\\/www.sdapakuote.lt\\\/lv\\\/?s={search_term_string}\"},\"query-input\":{\"@type\":\"PropertyValueSpecification\",\"valueRequired\":true,\"valueName\":\"search_term_string\"}}],\"inLanguage\":\"lv-LV\"}]}<\/script>\n<!-- \/ Yoast SEO plugin. -->","yoast_head_json":{"title":"Pl\u0113ves ar uzrakstiem - sdapakuote.lt","description":"Polietil\u0113na pl\u0113ves ar logotipu un individu\u0101lo apdruku. L\u012bdz 8 kr\u0101s\u0101m, kvalitat\u012bva druka un piel\u0101gots dizains j\u016bsu uz\u0146\u0113mumam.","robots":{"index":"index","follow":"follow","max-snippet":"max-snippet:-1","max-image-preview":"max-image-preview:large","max-video-preview":"max-video-preview:-1"},"canonical":"https:\/\/www.sdapakuote.lt\/lv\/produkti\/pleves\/pleves-ar-uzrakstiem\/","og_locale":"lv_LV","og_type":"article","og_title":"Pl\u0113ves ar uzrakstiem - sdapakuote.lt","og_description":"Polietil\u0113na pl\u0113ves ar logotipu un individu\u0101lo apdruku. L\u012bdz 8 kr\u0101s\u0101m, kvalitat\u012bva druka un piel\u0101gots dizains j\u016bsu uz\u0146\u0113mumam.","og_url":"https:\/\/www.sdapakuote.lt\/lv\/produkti\/pleves\/pleves-ar-uzrakstiem\/","og_site_name":"sdapakuote.lt","article_modified_time":"2025-10-06T07:45:51+00:00","og_image":[{"width":1440,"height":2560,"url":"https:\/\/www.sdapakuote.lt\/wp-content\/uploads\/2022\/05\/20220517_135529-scaled.jpg","type":"image\/jpeg"}],"twitter_card":"summary_large_image","twitter_misc":{"Est. reading time":"1 minute"},"schema":{"@context":"https:\/\/schema.org","@graph":[{"@type":"WebPage","@id":"https:\/\/www.sdapakuote.lt\/lv\/produkti\/pleves\/pleves-ar-uzrakstiem\/","url":"https:\/\/www.sdapakuote.lt\/lv\/produkti\/pleves\/pleves-ar-uzrakstiem\/","name":"Pl\u0113ves ar uzrakstiem - sdapakuote.lt","isPartOf":{"@id":"https:\/\/www.sdapakuote.lt\/lv\/#website"},"primaryImageOfPage":{"@id":"https:\/\/www.sdapakuote.lt\/lv\/produkti\/pleves\/pleves-ar-uzrakstiem\/#primaryimage"},"image":{"@id":"https:\/\/www.sdapakuote.lt\/lv\/produkti\/pleves\/pleves-ar-uzrakstiem\/#primaryimage"},"thumbnailUrl":"https:\/\/www.sdapakuote.lt\/wp-content\/uploads\/2022\/05\/20220517_135529-scaled.jpg","datePublished":"2025-10-06T07:45:37+00:00","dateModified":"2025-10-06T07:45:51+00:00","description":"Polietil\u0113na pl\u0113ves ar logotipu un individu\u0101lo apdruku. L\u012bdz 8 kr\u0101s\u0101m, kvalitat\u012bva druka un piel\u0101gots dizains j\u016bsu uz\u0146\u0113mumam.","breadcrumb":{"@id":"https:\/\/www.sdapakuote.lt\/lv\/produkti\/pleves\/pleves-ar-uzrakstiem\/#breadcrumb"},"inLanguage":"lv-LV","potentialAction":[{"@type":"ReadAction","target":["https:\/\/www.sdapakuote.lt\/lv\/produkti\/pleves\/pleves-ar-uzrakstiem\/"]}]},{"@type":"ImageObject","inLanguage":"lv-LV","@id":"https:\/\/www.sdapakuote.lt\/lv\/produkti\/pleves\/pleves-ar-uzrakstiem\/#primaryimage","url":"https:\/\/www.sdapakuote.lt\/wp-content\/uploads\/2022\/05\/20220517_135529-scaled.jpg","contentUrl":"https:\/\/www.sdapakuote.lt\/wp-content\/uploads\/2022\/05\/20220517_135529-scaled.jpg","width":1440,"height":2560,"caption":"Polietileno pl\u0117vel\u0117s su logotipu"},{"@type":"BreadcrumbList","@id":"https:\/\/www.sdapakuote.lt\/lv\/produkti\/pleves\/pleves-ar-uzrakstiem\/#breadcrumb","itemListElement":[{"@type":"ListItem","position":1,"name":"Home","item":"https:\/\/www.sdapakuote.lt\/lv\/"},{"@type":"ListItem","position":2,"name":"Produkti","item":"https:\/\/www.sdapakuote.lt\/lv\/produkti\/"},{"@type":"ListItem","position":3,"name":"Pl\u0113ves","item":"https:\/\/www.sdapakuote.lt\/lv\/produkti\/pleves\/"},{"@type":"ListItem","position":4,"name":"Pl\u0113ves ar uzrakstiem"}]},{"@type":"WebSite","@id":"https:\/\/www.sdapakuote.lt\/lv\/#website","url":"https:\/\/www.sdapakuote.lt\/lv\/","name":"sdapakuote.lt","description":"Kol kas tik dar vienas WordPress tinklalapis","potentialAction":[{"@type":"SearchAction","target":{"@type":"EntryPoint","urlTemplate":"https:\/\/www.sdapakuote.lt\/lv\/?s={search_term_string}"},"query-input":{"@type":"PropertyValueSpecification","valueRequired":true,"valueName":"search_term_string"}}],"inLanguage":"lv-LV"}]}},"_links":{"self":[{"href":"https:\/\/www.sdapakuote.lt\/lv\/wp-json\/wp\/v2\/pages\/4404","targetHints":{"allow":["GET"]}}],"collection":[{"href":"https:\/\/www.sdapakuote.lt\/lv\/wp-json\/wp\/v2\/pages"}],"about":[{"href":"https:\/\/www.sdapakuote.lt\/lv\/wp-json\/wp\/v2\/types\/page"}],"author":[{"embeddable":true,"href":"https:\/\/www.sdapakuote.lt\/lv\/wp-json\/wp\/v2\/users\/2"}],"replies":[{"embeddable":true,"href":"https:\/\/www.sdapakuote.lt\/lv\/wp-json\/wp\/v2\/comments?post=4404"}],"version-history":[{"count":2,"href":"https:\/\/www.sdapakuote.lt\/lv\/wp-json\/wp\/v2\/pages\/4404\/revisions"}],"predecessor-version":[{"id":4407,"href":"https:\/\/www.sdapakuote.lt\/lv\/wp-json\/wp\/v2\/pages\/4404\/revisions\/4407"}],"up":[{"embeddable":true,"href":"https:\/\/www.sdapakuote.lt\/lv\/wp-json\/wp\/v2\/pages\/4374"}],"wp:featuredmedia":[{"embeddable":true,"href":"https:\/\/www.sdapakuote.lt\/lv\/wp-json\/wp\/v2\/media\/4405"}],"wp:attachment":[{"href":"https:\/\/www.sdapakuote.lt\/lv\/wp-json\/wp\/v2\/media?parent=4404"}],"curies":[{"name":"wp","href":"https:\/\/api.w.org\/{rel}","templated":true}]}}