{"id":4401,"date":"2025-10-06T07:42:22","date_gmt":"2025-10-06T07:42:22","guid":{"rendered":"https:\/\/www.sdapakuote.lt\/?page_id=4401"},"modified":"2025-10-06T07:43:37","modified_gmt":"2025-10-06T07:43:37","slug":"pleve-aplokiem-nozogojumiem","status":"publish","type":"page","link":"https:\/\/www.sdapakuote.lt\/lv\/produkti\/pleves\/pleve-aplokiem-nozogojumiem\/","title":{"rendered":"Pl\u0113ve aplokiem (no\u017eogojumiem)"},"content":{"rendered":"<p data-start=\"396\" data-end=\"671\"><strong data-start=\"396\" data-end=\"411\">SDA Pakuot\u0117<\/strong> pied\u0101v\u0101 augstas kvalit\u0101tes <strong data-start=\"439\" data-end=\"465\">LDPE tipa aizsargpl\u0113vi<\/strong>, kas paredz\u0113ta <strong data-start=\"481\" data-end=\"508\">lopkop\u012bbas saimniec\u012bb\u0101m<\/strong>.<br data-start=\"509\" data-end=\"512\" \/><br \/>\nPl\u0113ve ir caursp\u012bd\u012bga, 30 mikronu bieza, un lieliski piem\u0113rota <strong data-start=\"574\" data-end=\"606\">aploku, no\u017eogojumu, barotavu<\/strong> un citu dz\u012bvnieku tur\u0113\u0161anas vietu aizsardz\u012bbai vai izkl\u0101\u0161anai.<\/p>\n<h3 data-start=\"673\" data-end=\"697\">Tehniskie parametri:<\/h3>\n<ul data-start=\"698\" data-end=\"837\">\n<li data-start=\"698\" data-end=\"716\">\n<p data-start=\"700\" data-end=\"716\"><strong data-start=\"700\" data-end=\"709\">Tips:<\/strong> LDPE<\/p>\n<\/li>\n<li data-start=\"717\" data-end=\"744\">\n<p data-start=\"719\" data-end=\"744\"><strong data-start=\"719\" data-end=\"731\">Biezums:<\/strong> 30 mikroni<\/p>\n<\/li>\n<li data-start=\"745\" data-end=\"769\">\n<p data-start=\"747\" data-end=\"769\"><strong data-start=\"747\" data-end=\"759\">Platums:<\/strong> 1000 mm<\/p>\n<\/li>\n<li data-start=\"770\" data-end=\"837\">\n<p data-start=\"772\" data-end=\"837\"><strong data-start=\"772\" data-end=\"787\">Iepakojums:<\/strong> nelieli, \u0113rti lietojami un transport\u0113jami ru\u013c\u013ci<\/p>\n<\/li>\n<\/ul>\n<p data-start=\"839\" data-end=\"1013\">\u0160\u012b aizsargpl\u0113ve visbie\u017e\u0101k tiek izmantota <strong data-start=\"880\" data-end=\"917\">\u010din\u010dillu, tru\u0161u un citu dz\u012bvnieku<\/strong> aploku un barotavu izkl\u0101\u0161anai.<br data-start=\"948\" data-end=\"951\" \/><br \/>\nT\u0101 ir <strong data-start=\"957\" data-end=\"1010\">iztur\u012bga, elast\u012bga un nodro\u0161ina dro\u0161u aizsardz\u012bbu<\/strong>.<\/p>\n<h3 data-start=\"1015\" data-end=\"1070\">P\u0113c pas\u016bt\u012bjuma pied\u0101v\u0101jam individu\u0101lus risin\u0101jumus:<\/h3>\n<ul data-start=\"1071\" data-end=\"1227\">\n<li data-start=\"1071\" data-end=\"1115\">\n<p data-start=\"1073\" data-end=\"1115\">ra\u017eot pl\u0113ves ar citu platumu un biezumu,<\/p>\n<\/li>\n<li data-start=\"1116\" data-end=\"1158\">\n<p data-start=\"1118\" data-end=\"1158\">ru\u013c\u013cus sav\u012bt p\u0113c klienta v\u0113lam\u0101 svara,<\/p>\n<\/li>\n<li data-start=\"1159\" data-end=\"1227\">\n<p data-start=\"1161\" data-end=\"1227\">veikt perfor\u0101ciju noteiktos att\u0101lumos \u0113rt\u0101kai pl\u0113ves nopl\u0113\u0161anai.<\/p>\n<\/li>\n<\/ul>\n<p data-start=\"1229\" data-end=\"1392\">M\u016bsu <strong data-start=\"1234\" data-end=\"1275\">aizsargpl\u0113ve aplokiem un no\u017eogojumiem<\/strong> ir <strong data-start=\"1279\" data-end=\"1317\">praktisks un ekonomisks risin\u0101jums<\/strong> gan maz\u0101m, gan liel\u0101m saimniec\u012bb\u0101m, kas nov\u0113rt\u0113 uzticam\u012bbu un ilgm\u016b\u017e\u012bbu.<\/p>\n","protected":false},"excerpt":{"rendered":"<p>SDA Pakuot\u0117 pied\u0101v\u0101 augstas kvalit\u0101tes LDPE tipa aizsargpl\u0113vi, kas paredz\u0113ta lopkop\u012bbas saimniec\u012bb\u0101m. Pl\u0113ve ir caursp\u012bd\u012bga, 30 mikronu bieza, un lieliski piem\u0113rota aploku, no\u017eogojumu, barotavu un citu dz\u012bvnieku tur\u0113\u0161anas vietu aizsardz\u012bbai vai izkl\u0101\u0161anai. Tehniskie parametri: Tips: LDPE Biezums: 30 mikroni Platums: 1000 mm Iepakojums: nelieli, \u0113rti lietojami un transport\u0113jami ru\u013c\u013ci \u0160\u012b aizsargpl\u0113ve visbie\u017e\u0101k tiek izmantota \u010din\u010dillu, [&hellip;]<\/p>\n","protected":false},"author":2,"featured_media":4402,"parent":4374,"menu_order":0,"comment_status":"closed","ping_status":"closed","template":"page-single-product.php","meta":{"_acf_changed":false,"footnotes":""},"class_list":["post-4401","page","type-page","status-publish","has-post-thumbnail","hentry"],"acf":[],"yoast_head":"<!-- This site is optimized with the Yoast SEO plugin v27.4 - https:\/\/yoast.com\/product\/yoast-seo-wordpress\/ -->\n<title>Pl\u0113ve aplokiem (no\u017eogojumiem) - sdapakuote.lt<\/title>\n<meta name=\"description\" content=\"LDPE aizsargpl\u0113ve lopkop\u012bbas saimniec\u012bb\u0101m \u2014 caursp\u012bd\u012bga, iztur\u012bga un elast\u012bga pl\u0113ve aplokiem, no\u017eogojumiem un barotav\u0101m.\" \/>\n<meta name=\"robots\" content=\"index, follow, max-snippet:-1, max-image-preview:large, max-video-preview:-1\" \/>\n<link rel=\"canonical\" href=\"https:\/\/www.sdapakuote.lt\/lv\/produkti\/pleves\/pleve-aplokiem-nozogojumiem\/\" \/>\n<meta property=\"og:locale\" content=\"lv_LV\" \/>\n<meta property=\"og:type\" content=\"article\" \/>\n<meta property=\"og:title\" content=\"Pl\u0113ve aplokiem (no\u017eogojumiem) - sdapakuote.lt\" \/>\n<meta property=\"og:description\" content=\"LDPE aizsargpl\u0113ve lopkop\u012bbas saimniec\u012bb\u0101m \u2014 caursp\u012bd\u012bga, iztur\u012bga un elast\u012bga pl\u0113ve aplokiem, no\u017eogojumiem un barotav\u0101m.\" \/>\n<meta property=\"og:url\" content=\"https:\/\/www.sdapakuote.lt\/lv\/produkti\/pleves\/pleve-aplokiem-nozogojumiem\/\" \/>\n<meta property=\"og:site_name\" content=\"sdapakuote.lt\" \/>\n<meta property=\"article:modified_time\" content=\"2025-10-06T07:43:37+00:00\" \/>\n<meta property=\"og:image\" content=\"https:\/\/www.sdapakuote.lt\/wp-content\/uploads\/2022\/05\/plevele-gardams-scaled.jpg\" \/>\n\t<meta property=\"og:image:width\" content=\"2560\" \/>\n\t<meta property=\"og:image:height\" content=\"2560\" \/>\n\t<meta property=\"og:image:type\" content=\"image\/jpeg\" \/>\n<meta name=\"twitter:card\" content=\"summary_large_image\" \/>\n<meta name=\"twitter:label1\" content=\"Est. reading time\" \/>\n\t<meta name=\"twitter:data1\" content=\"1 minute\" \/>\n<script type=\"application\/ld+json\" class=\"yoast-schema-graph\">{\"@context\":\"https:\\\/\\\/schema.org\",\"@graph\":[{\"@type\":\"WebPage\",\"@id\":\"https:\\\/\\\/www.sdapakuote.lt\\\/lv\\\/produkti\\\/pleves\\\/pleve-aplokiem-nozogojumiem\\\/\",\"url\":\"https:\\\/\\\/www.sdapakuote.lt\\\/lv\\\/produkti\\\/pleves\\\/pleve-aplokiem-nozogojumiem\\\/\",\"name\":\"Pl\u0113ve aplokiem (no\u017eogojumiem) - sdapakuote.lt\",\"isPartOf\":{\"@id\":\"https:\\\/\\\/www.sdapakuote.lt\\\/lv\\\/#website\"},\"primaryImageOfPage\":{\"@id\":\"https:\\\/\\\/www.sdapakuote.lt\\\/lv\\\/produkti\\\/pleves\\\/pleve-aplokiem-nozogojumiem\\\/#primaryimage\"},\"image\":{\"@id\":\"https:\\\/\\\/www.sdapakuote.lt\\\/lv\\\/produkti\\\/pleves\\\/pleve-aplokiem-nozogojumiem\\\/#primaryimage\"},\"thumbnailUrl\":\"https:\\\/\\\/www.sdapakuote.lt\\\/wp-content\\\/uploads\\\/2022\\\/05\\\/plevele-gardams-scaled.jpg\",\"datePublished\":\"2025-10-06T07:42:22+00:00\",\"dateModified\":\"2025-10-06T07:43:37+00:00\",\"description\":\"LDPE aizsargpl\u0113ve lopkop\u012bbas saimniec\u012bb\u0101m \u2014 caursp\u012bd\u012bga, iztur\u012bga un elast\u012bga pl\u0113ve aplokiem, no\u017eogojumiem un barotav\u0101m.\",\"breadcrumb\":{\"@id\":\"https:\\\/\\\/www.sdapakuote.lt\\\/lv\\\/produkti\\\/pleves\\\/pleve-aplokiem-nozogojumiem\\\/#breadcrumb\"},\"inLanguage\":\"lv-LV\",\"potentialAction\":[{\"@type\":\"ReadAction\",\"target\":[\"https:\\\/\\\/www.sdapakuote.lt\\\/lv\\\/produkti\\\/pleves\\\/pleve-aplokiem-nozogojumiem\\\/\"]}]},{\"@type\":\"ImageObject\",\"inLanguage\":\"lv-LV\",\"@id\":\"https:\\\/\\\/www.sdapakuote.lt\\\/lv\\\/produkti\\\/pleves\\\/pleve-aplokiem-nozogojumiem\\\/#primaryimage\",\"url\":\"https:\\\/\\\/www.sdapakuote.lt\\\/wp-content\\\/uploads\\\/2022\\\/05\\\/plevele-gardams-scaled.jpg\",\"contentUrl\":\"https:\\\/\\\/www.sdapakuote.lt\\\/wp-content\\\/uploads\\\/2022\\\/05\\\/plevele-gardams-scaled.jpg\",\"width\":2560,\"height\":2560,\"caption\":\"Polietileno pl\u0117vel\u0117 gardams\"},{\"@type\":\"BreadcrumbList\",\"@id\":\"https:\\\/\\\/www.sdapakuote.lt\\\/lv\\\/produkti\\\/pleves\\\/pleve-aplokiem-nozogojumiem\\\/#breadcrumb\",\"itemListElement\":[{\"@type\":\"ListItem\",\"position\":1,\"name\":\"Home\",\"item\":\"https:\\\/\\\/www.sdapakuote.lt\\\/lv\\\/\"},{\"@type\":\"ListItem\",\"position\":2,\"name\":\"Produkti\",\"item\":\"https:\\\/\\\/www.sdapakuote.lt\\\/lv\\\/produkti\\\/\"},{\"@type\":\"ListItem\",\"position\":3,\"name\":\"Pl\u0113ves\",\"item\":\"https:\\\/\\\/www.sdapakuote.lt\\\/lv\\\/produkti\\\/pleves\\\/\"},{\"@type\":\"ListItem\",\"position\":4,\"name\":\"Pl\u0113ve aplokiem (no\u017eogojumiem)\"}]},{\"@type\":\"WebSite\",\"@id\":\"https:\\\/\\\/www.sdapakuote.lt\\\/lv\\\/#website\",\"url\":\"https:\\\/\\\/www.sdapakuote.lt\\\/lv\\\/\",\"name\":\"sdapakuote.lt\",\"description\":\"Kol kas tik dar vienas WordPress tinklalapis\",\"potentialAction\":[{\"@type\":\"SearchAction\",\"target\":{\"@type\":\"EntryPoint\",\"urlTemplate\":\"https:\\\/\\\/www.sdapakuote.lt\\\/lv\\\/?s={search_term_string}\"},\"query-input\":{\"@type\":\"PropertyValueSpecification\",\"valueRequired\":true,\"valueName\":\"search_term_string\"}}],\"inLanguage\":\"lv-LV\"}]}<\/script>\n<!-- \/ Yoast SEO plugin. -->","yoast_head_json":{"title":"Pl\u0113ve aplokiem (no\u017eogojumiem) - sdapakuote.lt","description":"LDPE aizsargpl\u0113ve lopkop\u012bbas saimniec\u012bb\u0101m \u2014 caursp\u012bd\u012bga, iztur\u012bga un elast\u012bga pl\u0113ve aplokiem, no\u017eogojumiem un barotav\u0101m.","robots":{"index":"index","follow":"follow","max-snippet":"max-snippet:-1","max-image-preview":"max-image-preview:large","max-video-preview":"max-video-preview:-1"},"canonical":"https:\/\/www.sdapakuote.lt\/lv\/produkti\/pleves\/pleve-aplokiem-nozogojumiem\/","og_locale":"lv_LV","og_type":"article","og_title":"Pl\u0113ve aplokiem (no\u017eogojumiem) - sdapakuote.lt","og_description":"LDPE aizsargpl\u0113ve lopkop\u012bbas saimniec\u012bb\u0101m \u2014 caursp\u012bd\u012bga, iztur\u012bga un elast\u012bga pl\u0113ve aplokiem, no\u017eogojumiem un barotav\u0101m.","og_url":"https:\/\/www.sdapakuote.lt\/lv\/produkti\/pleves\/pleve-aplokiem-nozogojumiem\/","og_site_name":"sdapakuote.lt","article_modified_time":"2025-10-06T07:43:37+00:00","og_image":[{"width":2560,"height":2560,"url":"https:\/\/www.sdapakuote.lt\/wp-content\/uploads\/2022\/05\/plevele-gardams-scaled.jpg","type":"image\/jpeg"}],"twitter_card":"summary_large_image","twitter_misc":{"Est. reading time":"1 minute"},"schema":{"@context":"https:\/\/schema.org","@graph":[{"@type":"WebPage","@id":"https:\/\/www.sdapakuote.lt\/lv\/produkti\/pleves\/pleve-aplokiem-nozogojumiem\/","url":"https:\/\/www.sdapakuote.lt\/lv\/produkti\/pleves\/pleve-aplokiem-nozogojumiem\/","name":"Pl\u0113ve aplokiem (no\u017eogojumiem) - sdapakuote.lt","isPartOf":{"@id":"https:\/\/www.sdapakuote.lt\/lv\/#website"},"primaryImageOfPage":{"@id":"https:\/\/www.sdapakuote.lt\/lv\/produkti\/pleves\/pleve-aplokiem-nozogojumiem\/#primaryimage"},"image":{"@id":"https:\/\/www.sdapakuote.lt\/lv\/produkti\/pleves\/pleve-aplokiem-nozogojumiem\/#primaryimage"},"thumbnailUrl":"https:\/\/www.sdapakuote.lt\/wp-content\/uploads\/2022\/05\/plevele-gardams-scaled.jpg","datePublished":"2025-10-06T07:42:22+00:00","dateModified":"2025-10-06T07:43:37+00:00","description":"LDPE aizsargpl\u0113ve lopkop\u012bbas saimniec\u012bb\u0101m \u2014 caursp\u012bd\u012bga, iztur\u012bga un elast\u012bga pl\u0113ve aplokiem, no\u017eogojumiem un barotav\u0101m.","breadcrumb":{"@id":"https:\/\/www.sdapakuote.lt\/lv\/produkti\/pleves\/pleve-aplokiem-nozogojumiem\/#breadcrumb"},"inLanguage":"lv-LV","potentialAction":[{"@type":"ReadAction","target":["https:\/\/www.sdapakuote.lt\/lv\/produkti\/pleves\/pleve-aplokiem-nozogojumiem\/"]}]},{"@type":"ImageObject","inLanguage":"lv-LV","@id":"https:\/\/www.sdapakuote.lt\/lv\/produkti\/pleves\/pleve-aplokiem-nozogojumiem\/#primaryimage","url":"https:\/\/www.sdapakuote.lt\/wp-content\/uploads\/2022\/05\/plevele-gardams-scaled.jpg","contentUrl":"https:\/\/www.sdapakuote.lt\/wp-content\/uploads\/2022\/05\/plevele-gardams-scaled.jpg","width":2560,"height":2560,"caption":"Polietileno pl\u0117vel\u0117 gardams"},{"@type":"BreadcrumbList","@id":"https:\/\/www.sdapakuote.lt\/lv\/produkti\/pleves\/pleve-aplokiem-nozogojumiem\/#breadcrumb","itemListElement":[{"@type":"ListItem","position":1,"name":"Home","item":"https:\/\/www.sdapakuote.lt\/lv\/"},{"@type":"ListItem","position":2,"name":"Produkti","item":"https:\/\/www.sdapakuote.lt\/lv\/produkti\/"},{"@type":"ListItem","position":3,"name":"Pl\u0113ves","item":"https:\/\/www.sdapakuote.lt\/lv\/produkti\/pleves\/"},{"@type":"ListItem","position":4,"name":"Pl\u0113ve aplokiem (no\u017eogojumiem)"}]},{"@type":"WebSite","@id":"https:\/\/www.sdapakuote.lt\/lv\/#website","url":"https:\/\/www.sdapakuote.lt\/lv\/","name":"sdapakuote.lt","description":"Kol kas tik dar vienas WordPress tinklalapis","potentialAction":[{"@type":"SearchAction","target":{"@type":"EntryPoint","urlTemplate":"https:\/\/www.sdapakuote.lt\/lv\/?s={search_term_string}"},"query-input":{"@type":"PropertyValueSpecification","valueRequired":true,"valueName":"search_term_string"}}],"inLanguage":"lv-LV"}]}},"_links":{"self":[{"href":"https:\/\/www.sdapakuote.lt\/lv\/wp-json\/wp\/v2\/pages\/4401","targetHints":{"allow":["GET"]}}],"collection":[{"href":"https:\/\/www.sdapakuote.lt\/lv\/wp-json\/wp\/v2\/pages"}],"about":[{"href":"https:\/\/www.sdapakuote.lt\/lv\/wp-json\/wp\/v2\/types\/page"}],"author":[{"embeddable":true,"href":"https:\/\/www.sdapakuote.lt\/lv\/wp-json\/wp\/v2\/users\/2"}],"replies":[{"embeddable":true,"href":"https:\/\/www.sdapakuote.lt\/lv\/wp-json\/wp\/v2\/comments?post=4401"}],"version-history":[{"count":1,"href":"https:\/\/www.sdapakuote.lt\/lv\/wp-json\/wp\/v2\/pages\/4401\/revisions"}],"predecessor-version":[{"id":4403,"href":"https:\/\/www.sdapakuote.lt\/lv\/wp-json\/wp\/v2\/pages\/4401\/revisions\/4403"}],"up":[{"embeddable":true,"href":"https:\/\/www.sdapakuote.lt\/lv\/wp-json\/wp\/v2\/pages\/4374"}],"wp:featuredmedia":[{"embeddable":true,"href":"https:\/\/www.sdapakuote.lt\/lv\/wp-json\/wp\/v2\/media\/4402"}],"wp:attachment":[{"href":"https:\/\/www.sdapakuote.lt\/lv\/wp-json\/wp\/v2\/media?parent=4401"}],"curies":[{"name":"wp","href":"https:\/\/api.w.org\/{rel}","templated":true}]}}