{"id":4054,"date":"2025-09-29T11:11:27","date_gmt":"2025-09-29T11:11:27","guid":{"rendered":"https:\/\/www.sdapakuote.lt\/?page_id=4054"},"modified":"2025-09-29T12:33:00","modified_gmt":"2025-09-29T12:33:00","slug":"lipigas-etiketes","status":"publish","type":"page","link":"https:\/\/www.sdapakuote.lt\/lv\/pakalpojumi\/lipigas-etiketes\/","title":{"rendered":"Lip\u012bg\u0101s eti\u0137etes"},"content":{"rendered":"<p style=\"text-align: center;\" data-start=\"109\" data-end=\"136\"><strong data-start=\"109\" data-end=\"134\">Pa\u0161l\u012bm\u0113jo\u0161\u0101s eti\u0137etes<\/strong><\/p>\n<p style=\"text-align: center;\" data-start=\"138\" data-end=\"308\">M\u0113s ra\u017eojam da\u017e\u0101du formu un l\u012bmes pamatnes pa\u0161l\u012bm\u0113jo\u0161\u0101s eti\u0137etes J\u016bsu produkcijai. Eti\u0137etes v\u012bna pudel\u0113m, medus produktiem, gar\u0161viel\u0101m, konditorejas izstr\u0101d\u0101jumiem u.c.<\/p>\n<p style=\"text-align: center;\" data-start=\"310\" data-end=\"511\">M\u0113s varam nodruk\u0101t l\u012bdz <strong data-start=\"334\" data-end=\"351\">21 cm platum\u0101<\/strong> un <strong data-start=\"355\" data-end=\"378\">neierobe\u017eot\u0101 garum\u0101<\/strong> pa\u0161l\u012bm\u0113jo\u0161\u0101s eti\u0137etes J\u016bsu produktam. Eti\u0137etes var tikt uzt\u012btas uz Jums v\u0113lam\u0101 izm\u0113ra rull\u012b\u0161iem vai sagrieztas pa vienai vien\u012bbai.<\/p>\n","protected":false},"excerpt":{"rendered":"<p>Pa\u0161l\u012bm\u0113jo\u0161\u0101s eti\u0137etes M\u0113s ra\u017eojam da\u017e\u0101du formu un l\u012bmes pamatnes pa\u0161l\u012bm\u0113jo\u0161\u0101s eti\u0137etes J\u016bsu produkcijai. Eti\u0137etes v\u012bna pudel\u0113m, medus produktiem, gar\u0161viel\u0101m, konditorejas izstr\u0101d\u0101jumiem u.c. M\u0113s varam nodruk\u0101t l\u012bdz 21 cm platum\u0101 un neierobe\u017eot\u0101 garum\u0101 pa\u0161l\u012bm\u0113jo\u0161\u0101s eti\u0137etes J\u016bsu produktam. Eti\u0137etes var tikt uzt\u012btas uz Jums v\u0113lam\u0101 izm\u0113ra rull\u012b\u0161iem vai sagrieztas pa vienai vien\u012bbai.<\/p>\n","protected":false},"author":2,"featured_media":0,"parent":3716,"menu_order":0,"comment_status":"closed","ping_status":"closed","template":"page-service.php","meta":{"_acf_changed":false,"footnotes":""},"class_list":["post-4054","page","type-page","status-publish","hentry"],"acf":[],"yoast_head":"<!-- This site is optimized with the Yoast SEO plugin v27.4 - https:\/\/yoast.com\/product\/yoast-seo-wordpress\/ -->\n<title>Lip\u012bg\u0101s eti\u0137etes - sdapakuote.lt<\/title>\n<meta name=\"description\" content=\"Ra\u017eojam da\u017e\u0101du formu un izm\u0113ru pa\u0161l\u012bm\u0113jo\u0161\u0101s eti\u0137etes \u2013 s\u0101kot no 50 gab. Eti\u0137etes pudel\u0113m, p\u0101rtikai, kosm\u0113tikai un citiem produktiem. \u0100tra ra\u017eo\u0161ana, augsta kvalit\u0101te.\" \/>\n<meta name=\"robots\" content=\"index, follow, max-snippet:-1, max-image-preview:large, max-video-preview:-1\" \/>\n<link rel=\"canonical\" href=\"https:\/\/www.sdapakuote.lt\/lv\/pakalpojumi\/lipigas-etiketes\/\" \/>\n<meta property=\"og:locale\" content=\"lv_LV\" \/>\n<meta property=\"og:type\" content=\"article\" \/>\n<meta property=\"og:title\" content=\"Lip\u012bg\u0101s eti\u0137etes - sdapakuote.lt\" \/>\n<meta property=\"og:description\" content=\"Ra\u017eojam da\u017e\u0101du formu un izm\u0113ru pa\u0161l\u012bm\u0113jo\u0161\u0101s eti\u0137etes \u2013 s\u0101kot no 50 gab. Eti\u0137etes pudel\u0113m, p\u0101rtikai, kosm\u0113tikai un citiem produktiem. \u0100tra ra\u017eo\u0161ana, augsta kvalit\u0101te.\" \/>\n<meta property=\"og:url\" content=\"https:\/\/www.sdapakuote.lt\/lv\/pakalpojumi\/lipigas-etiketes\/\" \/>\n<meta property=\"og:site_name\" content=\"sdapakuote.lt\" \/>\n<meta property=\"article:modified_time\" content=\"2025-09-29T12:33:00+00:00\" \/>\n<meta name=\"twitter:card\" content=\"summary_large_image\" \/>\n<meta name=\"twitter:label1\" content=\"Est. reading time\" \/>\n\t<meta name=\"twitter:data1\" content=\"1 minute\" \/>\n<script type=\"application\/ld+json\" class=\"yoast-schema-graph\">{\"@context\":\"https:\\\/\\\/schema.org\",\"@graph\":[{\"@type\":\"WebPage\",\"@id\":\"https:\\\/\\\/www.sdapakuote.lt\\\/lv\\\/pakalpojumi\\\/lipigas-etiketes\\\/\",\"url\":\"https:\\\/\\\/www.sdapakuote.lt\\\/lv\\\/pakalpojumi\\\/lipigas-etiketes\\\/\",\"name\":\"Lip\u012bg\u0101s eti\u0137etes - sdapakuote.lt\",\"isPartOf\":{\"@id\":\"https:\\\/\\\/www.sdapakuote.lt\\\/lv\\\/#website\"},\"datePublished\":\"2025-09-29T11:11:27+00:00\",\"dateModified\":\"2025-09-29T12:33:00+00:00\",\"description\":\"Ra\u017eojam da\u017e\u0101du formu un izm\u0113ru pa\u0161l\u012bm\u0113jo\u0161\u0101s eti\u0137etes \u2013 s\u0101kot no 50 gab. Eti\u0137etes pudel\u0113m, p\u0101rtikai, kosm\u0113tikai un citiem produktiem. \u0100tra ra\u017eo\u0161ana, augsta kvalit\u0101te.\",\"breadcrumb\":{\"@id\":\"https:\\\/\\\/www.sdapakuote.lt\\\/lv\\\/pakalpojumi\\\/lipigas-etiketes\\\/#breadcrumb\"},\"inLanguage\":\"lv-LV\",\"potentialAction\":[{\"@type\":\"ReadAction\",\"target\":[\"https:\\\/\\\/www.sdapakuote.lt\\\/lv\\\/pakalpojumi\\\/lipigas-etiketes\\\/\"]}]},{\"@type\":\"BreadcrumbList\",\"@id\":\"https:\\\/\\\/www.sdapakuote.lt\\\/lv\\\/pakalpojumi\\\/lipigas-etiketes\\\/#breadcrumb\",\"itemListElement\":[{\"@type\":\"ListItem\",\"position\":1,\"name\":\"Home\",\"item\":\"https:\\\/\\\/www.sdapakuote.lt\\\/lv\\\/\"},{\"@type\":\"ListItem\",\"position\":2,\"name\":\"Pakalpojumi\",\"item\":\"https:\\\/\\\/www.sdapakuote.lt\\\/lv\\\/pakalpojumi\\\/\"},{\"@type\":\"ListItem\",\"position\":3,\"name\":\"Lip\u012bg\u0101s eti\u0137etes\"}]},{\"@type\":\"WebSite\",\"@id\":\"https:\\\/\\\/www.sdapakuote.lt\\\/lv\\\/#website\",\"url\":\"https:\\\/\\\/www.sdapakuote.lt\\\/lv\\\/\",\"name\":\"sdapakuote.lt\",\"description\":\"Kol kas tik dar vienas WordPress tinklalapis\",\"potentialAction\":[{\"@type\":\"SearchAction\",\"target\":{\"@type\":\"EntryPoint\",\"urlTemplate\":\"https:\\\/\\\/www.sdapakuote.lt\\\/lv\\\/?s={search_term_string}\"},\"query-input\":{\"@type\":\"PropertyValueSpecification\",\"valueRequired\":true,\"valueName\":\"search_term_string\"}}],\"inLanguage\":\"lv-LV\"}]}<\/script>\n<!-- \/ Yoast SEO plugin. -->","yoast_head_json":{"title":"Lip\u012bg\u0101s eti\u0137etes - sdapakuote.lt","description":"Ra\u017eojam da\u017e\u0101du formu un izm\u0113ru pa\u0161l\u012bm\u0113jo\u0161\u0101s eti\u0137etes \u2013 s\u0101kot no 50 gab. Eti\u0137etes pudel\u0113m, p\u0101rtikai, kosm\u0113tikai un citiem produktiem. \u0100tra ra\u017eo\u0161ana, augsta kvalit\u0101te.","robots":{"index":"index","follow":"follow","max-snippet":"max-snippet:-1","max-image-preview":"max-image-preview:large","max-video-preview":"max-video-preview:-1"},"canonical":"https:\/\/www.sdapakuote.lt\/lv\/pakalpojumi\/lipigas-etiketes\/","og_locale":"lv_LV","og_type":"article","og_title":"Lip\u012bg\u0101s eti\u0137etes - sdapakuote.lt","og_description":"Ra\u017eojam da\u017e\u0101du formu un izm\u0113ru pa\u0161l\u012bm\u0113jo\u0161\u0101s eti\u0137etes \u2013 s\u0101kot no 50 gab. Eti\u0137etes pudel\u0113m, p\u0101rtikai, kosm\u0113tikai un citiem produktiem. \u0100tra ra\u017eo\u0161ana, augsta kvalit\u0101te.","og_url":"https:\/\/www.sdapakuote.lt\/lv\/pakalpojumi\/lipigas-etiketes\/","og_site_name":"sdapakuote.lt","article_modified_time":"2025-09-29T12:33:00+00:00","twitter_card":"summary_large_image","twitter_misc":{"Est. reading time":"1 minute"},"schema":{"@context":"https:\/\/schema.org","@graph":[{"@type":"WebPage","@id":"https:\/\/www.sdapakuote.lt\/lv\/pakalpojumi\/lipigas-etiketes\/","url":"https:\/\/www.sdapakuote.lt\/lv\/pakalpojumi\/lipigas-etiketes\/","name":"Lip\u012bg\u0101s eti\u0137etes - sdapakuote.lt","isPartOf":{"@id":"https:\/\/www.sdapakuote.lt\/lv\/#website"},"datePublished":"2025-09-29T11:11:27+00:00","dateModified":"2025-09-29T12:33:00+00:00","description":"Ra\u017eojam da\u017e\u0101du formu un izm\u0113ru pa\u0161l\u012bm\u0113jo\u0161\u0101s eti\u0137etes \u2013 s\u0101kot no 50 gab. Eti\u0137etes pudel\u0113m, p\u0101rtikai, kosm\u0113tikai un citiem produktiem. \u0100tra ra\u017eo\u0161ana, augsta kvalit\u0101te.","breadcrumb":{"@id":"https:\/\/www.sdapakuote.lt\/lv\/pakalpojumi\/lipigas-etiketes\/#breadcrumb"},"inLanguage":"lv-LV","potentialAction":[{"@type":"ReadAction","target":["https:\/\/www.sdapakuote.lt\/lv\/pakalpojumi\/lipigas-etiketes\/"]}]},{"@type":"BreadcrumbList","@id":"https:\/\/www.sdapakuote.lt\/lv\/pakalpojumi\/lipigas-etiketes\/#breadcrumb","itemListElement":[{"@type":"ListItem","position":1,"name":"Home","item":"https:\/\/www.sdapakuote.lt\/lv\/"},{"@type":"ListItem","position":2,"name":"Pakalpojumi","item":"https:\/\/www.sdapakuote.lt\/lv\/pakalpojumi\/"},{"@type":"ListItem","position":3,"name":"Lip\u012bg\u0101s eti\u0137etes"}]},{"@type":"WebSite","@id":"https:\/\/www.sdapakuote.lt\/lv\/#website","url":"https:\/\/www.sdapakuote.lt\/lv\/","name":"sdapakuote.lt","description":"Kol kas tik dar vienas WordPress tinklalapis","potentialAction":[{"@type":"SearchAction","target":{"@type":"EntryPoint","urlTemplate":"https:\/\/www.sdapakuote.lt\/lv\/?s={search_term_string}"},"query-input":{"@type":"PropertyValueSpecification","valueRequired":true,"valueName":"search_term_string"}}],"inLanguage":"lv-LV"}]}},"_links":{"self":[{"href":"https:\/\/www.sdapakuote.lt\/lv\/wp-json\/wp\/v2\/pages\/4054","targetHints":{"allow":["GET"]}}],"collection":[{"href":"https:\/\/www.sdapakuote.lt\/lv\/wp-json\/wp\/v2\/pages"}],"about":[{"href":"https:\/\/www.sdapakuote.lt\/lv\/wp-json\/wp\/v2\/types\/page"}],"author":[{"embeddable":true,"href":"https:\/\/www.sdapakuote.lt\/lv\/wp-json\/wp\/v2\/users\/2"}],"replies":[{"embeddable":true,"href":"https:\/\/www.sdapakuote.lt\/lv\/wp-json\/wp\/v2\/comments?post=4054"}],"version-history":[{"count":3,"href":"https:\/\/www.sdapakuote.lt\/lv\/wp-json\/wp\/v2\/pages\/4054\/revisions"}],"predecessor-version":[{"id":4136,"href":"https:\/\/www.sdapakuote.lt\/lv\/wp-json\/wp\/v2\/pages\/4054\/revisions\/4136"}],"up":[{"embeddable":true,"href":"https:\/\/www.sdapakuote.lt\/lv\/wp-json\/wp\/v2\/pages\/3716"}],"wp:attachment":[{"href":"https:\/\/www.sdapakuote.lt\/lv\/wp-json\/wp\/v2\/media?parent=4054"}],"curies":[{"name":"wp","href":"https:\/\/api.w.org\/{rel}","templated":true}]}}