{"id":4046,"date":"2025-09-26T12:23:36","date_gmt":"2025-09-26T12:23:36","guid":{"rendered":"https:\/\/www.sdapakuote.lt\/?page_id=4046"},"modified":"2025-09-26T12:35:22","modified_gmt":"2025-09-26T12:35:22","slug":"fasesanas-pakalpojums","status":"publish","type":"page","link":"https:\/\/www.sdapakuote.lt\/lv\/fasesanas-pakalpojums\/","title":{"rendered":"Fas\u0113\u0161anas pakalpojums"},"content":{"rendered":"<h2 data-start=\"220\" data-end=\"236\"><span style=\"font-size: 12pt;\">Kas tas ir?<\/span><\/h2>\n<p data-start=\"237\" data-end=\"867\"><span style=\"font-size: 12pt;\"><strong data-start=\"237\" data-end=\"292\">Fas\u0113\u0161anas jeb J\u016bsu produkta iepako\u0161anas pakalpojums<\/strong> m\u016bsu uz\u0146\u0113mum\u0101. Bie\u017ei pie mums v\u0113r\u0161as uz\u0146\u0113mumi, kuri ir sa\u0146\u0113mu\u0161i papildu vai nestandarta pas\u016bt\u012bjumus, kurus nepiecie\u0161ams iepakot, ta\u010du tiem nav ne apr\u012bkojuma, ne pieredzes, ne darbasp\u0113ka.<\/span><br data-start=\"479\" data-end=\"482\" \/><br \/>\n<span style=\"font-size: 12pt;\">M\u016bsu risin\u0101jums bie\u017ei vien ir <strong data-start=\"512\" data-end=\"542\">daudz \u0101tr\u0101ks un izdev\u012bg\u0101ks<\/strong>, jo par produkta iepako\u0161anu \u2013 no maisi\u0146a l\u012bdz kastei uz paletes pie J\u016bsu durv\u012bm \u2013 par\u016bp\u0113jamies m\u0113s.<\/span><br data-start=\"642\" data-end=\"645\" \/><br \/>\n<span style=\"font-size: 12pt;\">\u013boti bie\u017ei \u0161iem pakalpojumiem ir noteikti termi\u0146i, t\u0101p\u0113c m\u0113s vienm\u0113r cen\u0161amies pal\u012bdz\u0113t saviem klientiem un \u012bs\u0101 laik\u0101 sniegt kvalitat\u012bvu iepako\u0161anas pakalpojumu.<\/span><br data-start=\"806\" data-end=\"809\" \/><br \/>\n<span style=\"font-size: 12pt;\">Par sniegtajiem pakalpojumiem izrakst\u0101m <strong data-start=\"849\" data-end=\"864\">PVN r\u0113\u0137inus<\/strong>.<\/span><\/p>\n","protected":false},"excerpt":{"rendered":"<p>Kas tas ir? Fas\u0113\u0161anas jeb J\u016bsu produkta iepako\u0161anas pakalpojums m\u016bsu uz\u0146\u0113mum\u0101. Bie\u017ei pie mums v\u0113r\u0161as uz\u0146\u0113mumi, kuri ir sa\u0146\u0113mu\u0161i papildu vai nestandarta pas\u016bt\u012bjumus, kurus nepiecie\u0161ams iepakot, ta\u010du tiem nav ne apr\u012bkojuma, ne pieredzes, ne darbasp\u0113ka. M\u016bsu risin\u0101jums bie\u017ei vien ir daudz \u0101tr\u0101ks un izdev\u012bg\u0101ks, jo par produkta iepako\u0161anu \u2013 no maisi\u0146a l\u012bdz kastei uz paletes [&hellip;]<\/p>\n","protected":false},"author":2,"featured_media":0,"parent":0,"menu_order":0,"comment_status":"closed","ping_status":"closed","template":"page-service.php","meta":{"_acf_changed":false,"footnotes":""},"class_list":["post-4046","page","type-page","status-publish","hentry"],"acf":[],"yoast_head":"<!-- This site is optimized with the Yoast SEO plugin v27.4 - https:\/\/yoast.com\/product\/yoast-seo-wordpress\/ -->\n<title>Fas\u0113\u0161anas pakalpojums - sdapakuote.lt<\/title>\n<meta name=\"description\" content=\"Pied\u0101v\u0101jam fas\u0113\u0161anas pakalpojumu \u2013 produktu iepako\u0161ana maisi\u0146os, kast\u0113s vai uz palet\u0113m. \u0100trs un izdev\u012bgs risin\u0101jums uz\u0146\u0113mumiem vis\u0101 Latvij\u0101.\" \/>\n<meta name=\"robots\" content=\"index, follow, max-snippet:-1, max-image-preview:large, max-video-preview:-1\" \/>\n<link rel=\"canonical\" href=\"https:\/\/www.sdapakuote.lt\/lv\/fasesanas-pakalpojums\/\" \/>\n<meta property=\"og:locale\" content=\"lv_LV\" \/>\n<meta property=\"og:type\" content=\"article\" \/>\n<meta property=\"og:title\" content=\"Fas\u0113\u0161anas pakalpojums - sdapakuote.lt\" \/>\n<meta property=\"og:description\" content=\"Pied\u0101v\u0101jam fas\u0113\u0161anas pakalpojumu \u2013 produktu iepako\u0161ana maisi\u0146os, kast\u0113s vai uz palet\u0113m. \u0100trs un izdev\u012bgs risin\u0101jums uz\u0146\u0113mumiem vis\u0101 Latvij\u0101.\" \/>\n<meta property=\"og:url\" content=\"https:\/\/www.sdapakuote.lt\/lv\/fasesanas-pakalpojums\/\" \/>\n<meta property=\"og:site_name\" content=\"sdapakuote.lt\" \/>\n<meta property=\"article:modified_time\" content=\"2025-09-26T12:35:22+00:00\" \/>\n<meta name=\"twitter:card\" content=\"summary_large_image\" \/>\n<meta name=\"twitter:label1\" content=\"Est. reading time\" \/>\n\t<meta name=\"twitter:data1\" content=\"1 minute\" \/>\n<script type=\"application\/ld+json\" class=\"yoast-schema-graph\">{\"@context\":\"https:\\\/\\\/schema.org\",\"@graph\":[{\"@type\":\"WebPage\",\"@id\":\"https:\\\/\\\/www.sdapakuote.lt\\\/lv\\\/fasesanas-pakalpojums\\\/\",\"url\":\"https:\\\/\\\/www.sdapakuote.lt\\\/lv\\\/fasesanas-pakalpojums\\\/\",\"name\":\"Fas\u0113\u0161anas pakalpojums - sdapakuote.lt\",\"isPartOf\":{\"@id\":\"https:\\\/\\\/www.sdapakuote.lt\\\/lv\\\/#website\"},\"datePublished\":\"2025-09-26T12:23:36+00:00\",\"dateModified\":\"2025-09-26T12:35:22+00:00\",\"description\":\"Pied\u0101v\u0101jam fas\u0113\u0161anas pakalpojumu \u2013 produktu iepako\u0161ana maisi\u0146os, kast\u0113s vai uz palet\u0113m. \u0100trs un izdev\u012bgs risin\u0101jums uz\u0146\u0113mumiem vis\u0101 Latvij\u0101.\",\"breadcrumb\":{\"@id\":\"https:\\\/\\\/www.sdapakuote.lt\\\/lv\\\/fasesanas-pakalpojums\\\/#breadcrumb\"},\"inLanguage\":\"lv-LV\",\"potentialAction\":[{\"@type\":\"ReadAction\",\"target\":[\"https:\\\/\\\/www.sdapakuote.lt\\\/lv\\\/fasesanas-pakalpojums\\\/\"]}]},{\"@type\":\"BreadcrumbList\",\"@id\":\"https:\\\/\\\/www.sdapakuote.lt\\\/lv\\\/fasesanas-pakalpojums\\\/#breadcrumb\",\"itemListElement\":[{\"@type\":\"ListItem\",\"position\":1,\"name\":\"Home\",\"item\":\"https:\\\/\\\/www.sdapakuote.lt\\\/lv\\\/\"},{\"@type\":\"ListItem\",\"position\":2,\"name\":\"Fas\u0113\u0161anas pakalpojums\"}]},{\"@type\":\"WebSite\",\"@id\":\"https:\\\/\\\/www.sdapakuote.lt\\\/lv\\\/#website\",\"url\":\"https:\\\/\\\/www.sdapakuote.lt\\\/lv\\\/\",\"name\":\"sdapakuote.lt\",\"description\":\"Kol kas tik dar vienas WordPress tinklalapis\",\"potentialAction\":[{\"@type\":\"SearchAction\",\"target\":{\"@type\":\"EntryPoint\",\"urlTemplate\":\"https:\\\/\\\/www.sdapakuote.lt\\\/lv\\\/?s={search_term_string}\"},\"query-input\":{\"@type\":\"PropertyValueSpecification\",\"valueRequired\":true,\"valueName\":\"search_term_string\"}}],\"inLanguage\":\"lv-LV\"}]}<\/script>\n<!-- \/ Yoast SEO plugin. -->","yoast_head_json":{"title":"Fas\u0113\u0161anas pakalpojums - sdapakuote.lt","description":"Pied\u0101v\u0101jam fas\u0113\u0161anas pakalpojumu \u2013 produktu iepako\u0161ana maisi\u0146os, kast\u0113s vai uz palet\u0113m. \u0100trs un izdev\u012bgs risin\u0101jums uz\u0146\u0113mumiem vis\u0101 Latvij\u0101.","robots":{"index":"index","follow":"follow","max-snippet":"max-snippet:-1","max-image-preview":"max-image-preview:large","max-video-preview":"max-video-preview:-1"},"canonical":"https:\/\/www.sdapakuote.lt\/lv\/fasesanas-pakalpojums\/","og_locale":"lv_LV","og_type":"article","og_title":"Fas\u0113\u0161anas pakalpojums - sdapakuote.lt","og_description":"Pied\u0101v\u0101jam fas\u0113\u0161anas pakalpojumu \u2013 produktu iepako\u0161ana maisi\u0146os, kast\u0113s vai uz palet\u0113m. \u0100trs un izdev\u012bgs risin\u0101jums uz\u0146\u0113mumiem vis\u0101 Latvij\u0101.","og_url":"https:\/\/www.sdapakuote.lt\/lv\/fasesanas-pakalpojums\/","og_site_name":"sdapakuote.lt","article_modified_time":"2025-09-26T12:35:22+00:00","twitter_card":"summary_large_image","twitter_misc":{"Est. reading time":"1 minute"},"schema":{"@context":"https:\/\/schema.org","@graph":[{"@type":"WebPage","@id":"https:\/\/www.sdapakuote.lt\/lv\/fasesanas-pakalpojums\/","url":"https:\/\/www.sdapakuote.lt\/lv\/fasesanas-pakalpojums\/","name":"Fas\u0113\u0161anas pakalpojums - sdapakuote.lt","isPartOf":{"@id":"https:\/\/www.sdapakuote.lt\/lv\/#website"},"datePublished":"2025-09-26T12:23:36+00:00","dateModified":"2025-09-26T12:35:22+00:00","description":"Pied\u0101v\u0101jam fas\u0113\u0161anas pakalpojumu \u2013 produktu iepako\u0161ana maisi\u0146os, kast\u0113s vai uz palet\u0113m. \u0100trs un izdev\u012bgs risin\u0101jums uz\u0146\u0113mumiem vis\u0101 Latvij\u0101.","breadcrumb":{"@id":"https:\/\/www.sdapakuote.lt\/lv\/fasesanas-pakalpojums\/#breadcrumb"},"inLanguage":"lv-LV","potentialAction":[{"@type":"ReadAction","target":["https:\/\/www.sdapakuote.lt\/lv\/fasesanas-pakalpojums\/"]}]},{"@type":"BreadcrumbList","@id":"https:\/\/www.sdapakuote.lt\/lv\/fasesanas-pakalpojums\/#breadcrumb","itemListElement":[{"@type":"ListItem","position":1,"name":"Home","item":"https:\/\/www.sdapakuote.lt\/lv\/"},{"@type":"ListItem","position":2,"name":"Fas\u0113\u0161anas pakalpojums"}]},{"@type":"WebSite","@id":"https:\/\/www.sdapakuote.lt\/lv\/#website","url":"https:\/\/www.sdapakuote.lt\/lv\/","name":"sdapakuote.lt","description":"Kol kas tik dar vienas WordPress tinklalapis","potentialAction":[{"@type":"SearchAction","target":{"@type":"EntryPoint","urlTemplate":"https:\/\/www.sdapakuote.lt\/lv\/?s={search_term_string}"},"query-input":{"@type":"PropertyValueSpecification","valueRequired":true,"valueName":"search_term_string"}}],"inLanguage":"lv-LV"}]}},"_links":{"self":[{"href":"https:\/\/www.sdapakuote.lt\/lv\/wp-json\/wp\/v2\/pages\/4046","targetHints":{"allow":["GET"]}}],"collection":[{"href":"https:\/\/www.sdapakuote.lt\/lv\/wp-json\/wp\/v2\/pages"}],"about":[{"href":"https:\/\/www.sdapakuote.lt\/lv\/wp-json\/wp\/v2\/types\/page"}],"author":[{"embeddable":true,"href":"https:\/\/www.sdapakuote.lt\/lv\/wp-json\/wp\/v2\/users\/2"}],"replies":[{"embeddable":true,"href":"https:\/\/www.sdapakuote.lt\/lv\/wp-json\/wp\/v2\/comments?post=4046"}],"version-history":[{"count":4,"href":"https:\/\/www.sdapakuote.lt\/lv\/wp-json\/wp\/v2\/pages\/4046\/revisions"}],"predecessor-version":[{"id":4053,"href":"https:\/\/www.sdapakuote.lt\/lv\/wp-json\/wp\/v2\/pages\/4046\/revisions\/4053"}],"wp:attachment":[{"href":"https:\/\/www.sdapakuote.lt\/lv\/wp-json\/wp\/v2\/media?parent=4046"}],"curies":[{"name":"wp","href":"https:\/\/api.w.org\/{rel}","templated":true}]}}