{"id":4012,"date":"2025-09-26T10:58:42","date_gmt":"2025-09-26T10:58:42","guid":{"rendered":"https:\/\/www.sdapakuote.lt\/?page_id=4012"},"modified":"2025-09-26T11:15:25","modified_gmt":"2025-09-26T11:15:25","slug":"loksnu-griesanas-pakalpojums","status":"publish","type":"page","link":"https:\/\/www.sdapakuote.lt\/lv\/loksnu-griesanas-pakalpojums\/","title":{"rendered":"Lok\u0161\u0146u grie\u0161anas pakalpojums"},"content":{"rendered":"<p style=\"text-align: center;\" data-start=\"335\" data-end=\"445\">M\u0113s pied\u0101v\u0101jam <strong data-start=\"350\" data-end=\"442\">BOPP, CPP, HDPE, celulozes, cepam\u0101 pap\u012bra un citu materi\u0101lu lok\u0161\u0146u grie\u0161anas pakalpojumu<\/strong>.<\/p>\n<h3 style=\"text-align: center;\" data-start=\"447\" data-end=\"482\">Grie\u0161ana p\u0113c klienta vajadz\u012bb\u0101m<\/h3>\n<p style=\"text-align: center;\" data-start=\"483\" data-end=\"643\">Lok\u0161\u0146u grie\u0161ana tiek veikta p\u0113c <strong data-start=\"515\" data-end=\"556\">J\u016bsu nor\u0101d\u012btajiem izm\u0113riem un form\u0101ta<\/strong>. Lok\u0161\u0146u iepako\u0161ana tiek veikta p\u0113c nepiecie\u0161am\u0101 svara vai vien\u012bbu skaita iepakojum\u0101.<\/p>\n","protected":false},"excerpt":{"rendered":"<p>M\u0113s pied\u0101v\u0101jam BOPP, CPP, HDPE, celulozes, cepam\u0101 pap\u012bra un citu materi\u0101lu lok\u0161\u0146u grie\u0161anas pakalpojumu. Grie\u0161ana p\u0113c klienta vajadz\u012bb\u0101m Lok\u0161\u0146u grie\u0161ana tiek veikta p\u0113c J\u016bsu nor\u0101d\u012btajiem izm\u0113riem un form\u0101ta. Lok\u0161\u0146u iepako\u0161ana tiek veikta p\u0113c nepiecie\u0161am\u0101 svara vai vien\u012bbu skaita iepakojum\u0101.<\/p>\n","protected":false},"author":2,"featured_media":0,"parent":0,"menu_order":0,"comment_status":"closed","ping_status":"closed","template":"page-service.php","meta":{"_acf_changed":false,"footnotes":""},"class_list":["post-4012","page","type-page","status-publish","hentry"],"acf":[],"yoast_head":"<!-- This site is optimized with the Yoast SEO plugin v27.4 - https:\/\/yoast.com\/product\/yoast-seo-wordpress\/ -->\n<title>Lok\u0161\u0146u grie\u0161anas pakalpojums - sdapakuote.lt<\/title>\n<meta name=\"description\" content=\"Pied\u0101v\u0101jam lok\u0161\u0146u grie\u0161anu no BOPP, CPP, HDPE, celulozes un cepam\u0101 pap\u012bra. Grie\u017eam p\u0113c klienta izm\u0113riem, fas\u0113jam un pieg\u0101d\u0101jam vis\u0101 Latvij\u0101.\" \/>\n<meta name=\"robots\" content=\"index, follow, max-snippet:-1, max-image-preview:large, max-video-preview:-1\" \/>\n<link rel=\"canonical\" href=\"https:\/\/www.sdapakuote.lt\/lv\/loksnu-griesanas-pakalpojums\/\" \/>\n<meta property=\"og:locale\" content=\"lv_LV\" \/>\n<meta property=\"og:type\" content=\"article\" \/>\n<meta property=\"og:title\" content=\"Lok\u0161\u0146u grie\u0161anas pakalpojums - sdapakuote.lt\" \/>\n<meta property=\"og:description\" content=\"Pied\u0101v\u0101jam lok\u0161\u0146u grie\u0161anu no BOPP, CPP, HDPE, celulozes un cepam\u0101 pap\u012bra. Grie\u017eam p\u0113c klienta izm\u0113riem, fas\u0113jam un pieg\u0101d\u0101jam vis\u0101 Latvij\u0101.\" \/>\n<meta property=\"og:url\" content=\"https:\/\/www.sdapakuote.lt\/lv\/loksnu-griesanas-pakalpojums\/\" \/>\n<meta property=\"og:site_name\" content=\"sdapakuote.lt\" \/>\n<meta property=\"article:modified_time\" content=\"2025-09-26T11:15:25+00:00\" \/>\n<meta name=\"twitter:card\" content=\"summary_large_image\" \/>\n<meta name=\"twitter:label1\" content=\"Est. reading time\" \/>\n\t<meta name=\"twitter:data1\" content=\"1 minute\" \/>\n<script type=\"application\/ld+json\" class=\"yoast-schema-graph\">{\"@context\":\"https:\\\/\\\/schema.org\",\"@graph\":[{\"@type\":\"WebPage\",\"@id\":\"https:\\\/\\\/www.sdapakuote.lt\\\/lv\\\/loksnu-griesanas-pakalpojums\\\/\",\"url\":\"https:\\\/\\\/www.sdapakuote.lt\\\/lv\\\/loksnu-griesanas-pakalpojums\\\/\",\"name\":\"Lok\u0161\u0146u grie\u0161anas pakalpojums - sdapakuote.lt\",\"isPartOf\":{\"@id\":\"https:\\\/\\\/www.sdapakuote.lt\\\/lv\\\/#website\"},\"datePublished\":\"2025-09-26T10:58:42+00:00\",\"dateModified\":\"2025-09-26T11:15:25+00:00\",\"description\":\"Pied\u0101v\u0101jam lok\u0161\u0146u grie\u0161anu no BOPP, CPP, HDPE, celulozes un cepam\u0101 pap\u012bra. Grie\u017eam p\u0113c klienta izm\u0113riem, fas\u0113jam un pieg\u0101d\u0101jam vis\u0101 Latvij\u0101.\",\"breadcrumb\":{\"@id\":\"https:\\\/\\\/www.sdapakuote.lt\\\/lv\\\/loksnu-griesanas-pakalpojums\\\/#breadcrumb\"},\"inLanguage\":\"lv-LV\",\"potentialAction\":[{\"@type\":\"ReadAction\",\"target\":[\"https:\\\/\\\/www.sdapakuote.lt\\\/lv\\\/loksnu-griesanas-pakalpojums\\\/\"]}]},{\"@type\":\"BreadcrumbList\",\"@id\":\"https:\\\/\\\/www.sdapakuote.lt\\\/lv\\\/loksnu-griesanas-pakalpojums\\\/#breadcrumb\",\"itemListElement\":[{\"@type\":\"ListItem\",\"position\":1,\"name\":\"Home\",\"item\":\"https:\\\/\\\/www.sdapakuote.lt\\\/lv\\\/\"},{\"@type\":\"ListItem\",\"position\":2,\"name\":\"Lok\u0161\u0146u grie\u0161anas pakalpojums\"}]},{\"@type\":\"WebSite\",\"@id\":\"https:\\\/\\\/www.sdapakuote.lt\\\/lv\\\/#website\",\"url\":\"https:\\\/\\\/www.sdapakuote.lt\\\/lv\\\/\",\"name\":\"sdapakuote.lt\",\"description\":\"Kol kas tik dar vienas WordPress tinklalapis\",\"potentialAction\":[{\"@type\":\"SearchAction\",\"target\":{\"@type\":\"EntryPoint\",\"urlTemplate\":\"https:\\\/\\\/www.sdapakuote.lt\\\/lv\\\/?s={search_term_string}\"},\"query-input\":{\"@type\":\"PropertyValueSpecification\",\"valueRequired\":true,\"valueName\":\"search_term_string\"}}],\"inLanguage\":\"lv-LV\"}]}<\/script>\n<!-- \/ Yoast SEO plugin. -->","yoast_head_json":{"title":"Lok\u0161\u0146u grie\u0161anas pakalpojums - sdapakuote.lt","description":"Pied\u0101v\u0101jam lok\u0161\u0146u grie\u0161anu no BOPP, CPP, HDPE, celulozes un cepam\u0101 pap\u012bra. Grie\u017eam p\u0113c klienta izm\u0113riem, fas\u0113jam un pieg\u0101d\u0101jam vis\u0101 Latvij\u0101.","robots":{"index":"index","follow":"follow","max-snippet":"max-snippet:-1","max-image-preview":"max-image-preview:large","max-video-preview":"max-video-preview:-1"},"canonical":"https:\/\/www.sdapakuote.lt\/lv\/loksnu-griesanas-pakalpojums\/","og_locale":"lv_LV","og_type":"article","og_title":"Lok\u0161\u0146u grie\u0161anas pakalpojums - sdapakuote.lt","og_description":"Pied\u0101v\u0101jam lok\u0161\u0146u grie\u0161anu no BOPP, CPP, HDPE, celulozes un cepam\u0101 pap\u012bra. Grie\u017eam p\u0113c klienta izm\u0113riem, fas\u0113jam un pieg\u0101d\u0101jam vis\u0101 Latvij\u0101.","og_url":"https:\/\/www.sdapakuote.lt\/lv\/loksnu-griesanas-pakalpojums\/","og_site_name":"sdapakuote.lt","article_modified_time":"2025-09-26T11:15:25+00:00","twitter_card":"summary_large_image","twitter_misc":{"Est. reading time":"1 minute"},"schema":{"@context":"https:\/\/schema.org","@graph":[{"@type":"WebPage","@id":"https:\/\/www.sdapakuote.lt\/lv\/loksnu-griesanas-pakalpojums\/","url":"https:\/\/www.sdapakuote.lt\/lv\/loksnu-griesanas-pakalpojums\/","name":"Lok\u0161\u0146u grie\u0161anas pakalpojums - sdapakuote.lt","isPartOf":{"@id":"https:\/\/www.sdapakuote.lt\/lv\/#website"},"datePublished":"2025-09-26T10:58:42+00:00","dateModified":"2025-09-26T11:15:25+00:00","description":"Pied\u0101v\u0101jam lok\u0161\u0146u grie\u0161anu no BOPP, CPP, HDPE, celulozes un cepam\u0101 pap\u012bra. Grie\u017eam p\u0113c klienta izm\u0113riem, fas\u0113jam un pieg\u0101d\u0101jam vis\u0101 Latvij\u0101.","breadcrumb":{"@id":"https:\/\/www.sdapakuote.lt\/lv\/loksnu-griesanas-pakalpojums\/#breadcrumb"},"inLanguage":"lv-LV","potentialAction":[{"@type":"ReadAction","target":["https:\/\/www.sdapakuote.lt\/lv\/loksnu-griesanas-pakalpojums\/"]}]},{"@type":"BreadcrumbList","@id":"https:\/\/www.sdapakuote.lt\/lv\/loksnu-griesanas-pakalpojums\/#breadcrumb","itemListElement":[{"@type":"ListItem","position":1,"name":"Home","item":"https:\/\/www.sdapakuote.lt\/lv\/"},{"@type":"ListItem","position":2,"name":"Lok\u0161\u0146u grie\u0161anas pakalpojums"}]},{"@type":"WebSite","@id":"https:\/\/www.sdapakuote.lt\/lv\/#website","url":"https:\/\/www.sdapakuote.lt\/lv\/","name":"sdapakuote.lt","description":"Kol kas tik dar vienas WordPress tinklalapis","potentialAction":[{"@type":"SearchAction","target":{"@type":"EntryPoint","urlTemplate":"https:\/\/www.sdapakuote.lt\/lv\/?s={search_term_string}"},"query-input":{"@type":"PropertyValueSpecification","valueRequired":true,"valueName":"search_term_string"}}],"inLanguage":"lv-LV"}]}},"_links":{"self":[{"href":"https:\/\/www.sdapakuote.lt\/lv\/wp-json\/wp\/v2\/pages\/4012","targetHints":{"allow":["GET"]}}],"collection":[{"href":"https:\/\/www.sdapakuote.lt\/lv\/wp-json\/wp\/v2\/pages"}],"about":[{"href":"https:\/\/www.sdapakuote.lt\/lv\/wp-json\/wp\/v2\/types\/page"}],"author":[{"embeddable":true,"href":"https:\/\/www.sdapakuote.lt\/lv\/wp-json\/wp\/v2\/users\/2"}],"replies":[{"embeddable":true,"href":"https:\/\/www.sdapakuote.lt\/lv\/wp-json\/wp\/v2\/comments?post=4012"}],"version-history":[{"count":4,"href":"https:\/\/www.sdapakuote.lt\/lv\/wp-json\/wp\/v2\/pages\/4012\/revisions"}],"predecessor-version":[{"id":4028,"href":"https:\/\/www.sdapakuote.lt\/lv\/wp-json\/wp\/v2\/pages\/4012\/revisions\/4028"}],"wp:attachment":[{"href":"https:\/\/www.sdapakuote.lt\/lv\/wp-json\/wp\/v2\/media?parent=4012"}],"curies":[{"name":"wp","href":"https:\/\/api.w.org\/{rel}","templated":true}]}}