{"id":3923,"date":"2025-09-26T05:27:27","date_gmt":"2025-09-26T05:27:27","guid":{"rendered":"https:\/\/www.sdapakuote.lt\/?page_id=3923"},"modified":"2025-09-26T06:20:33","modified_gmt":"2025-09-26T06:20:33","slug":"stiepjamas-pleves-razosana","status":"publish","type":"page","link":"https:\/\/www.sdapakuote.lt\/lv\/stiepjamas-pleves-razosana\/","title":{"rendered":"Stiepjam\u0101s pl\u0113ves ra\u017eo\u0161ana"},"content":{"rendered":"<p style=\"text-align: center;\"><strong data-start=\"45\" data-end=\"100\">M\u0113s ra\u017eojam stiepjam\u0101s pl\u0113ves iepako\u0161anai (Stretch)<\/strong> \u2013 gan manu\u0101lai lieto\u0161anai, gan autom\u0101tiskaj\u0101m iek\u0101rt\u0101m. T\u0101s ir paredz\u0113tas kastu vai atsevi\u0161\u0137u izstr\u0101d\u0101jumu iepako\u0161anai grupu iepakojum\u0101. Bie\u017ei tiek izmantotas ar\u012b lielu kravu nostiprin\u0101\u0161anai uz palet\u0113m, pre\u010du aizsardz\u012bbai pret putek\u013ciem, meh\u0101niskiem boj\u0101jumiem u.c.<\/p>\n","protected":false},"excerpt":{"rendered":"<p>M\u0113s ra\u017eojam stiepjam\u0101s pl\u0113ves iepako\u0161anai (Stretch) \u2013 gan manu\u0101lai lieto\u0161anai, gan autom\u0101tiskaj\u0101m iek\u0101rt\u0101m. T\u0101s ir paredz\u0113tas kastu vai atsevi\u0161\u0137u izstr\u0101d\u0101jumu iepako\u0161anai grupu iepakojum\u0101. Bie\u017ei tiek izmantotas ar\u012b lielu kravu nostiprin\u0101\u0161anai uz palet\u0113m, pre\u010du aizsardz\u012bbai pret putek\u013ciem, meh\u0101niskiem boj\u0101jumiem u.c.<\/p>\n","protected":false},"author":2,"featured_media":0,"parent":0,"menu_order":0,"comment_status":"closed","ping_status":"closed","template":"page-service.php","meta":{"_acf_changed":false,"footnotes":""},"class_list":["post-3923","page","type-page","status-publish","hentry"],"acf":[],"yoast_head":"<!-- This site is optimized with the Yoast SEO plugin v27.5 - https:\/\/yoast.com\/product\/yoast-seo-wordpress\/ -->\n<title>Stiepjam\u0101s pl\u0113ves ra\u017eo\u0161ana - sdapakuote.lt<\/title>\n<meta name=\"description\" content=\"SDA Pakuot\u0117 ra\u017eo augstas kvalit\u0101tes LLDPE stiepjam\u0101s pl\u0113ves \u2013 caursp\u012bd\u012bgas, baltas un melnas. Ide\u0101li piem\u0113rotas pale\u0161u nostiprin\u0101\u0161anai, kastes iepako\u0161anai un pre\u010du aizsardz\u012bbai transport\u0113\u0161anas laik\u0101.\" \/>\n<meta name=\"robots\" content=\"index, follow, max-snippet:-1, max-image-preview:large, max-video-preview:-1\" \/>\n<link rel=\"canonical\" href=\"https:\/\/www.sdapakuote.lt\/lv\/stiepjamas-pleves-razosana\/\" \/>\n<meta property=\"og:locale\" content=\"lv_LV\" \/>\n<meta property=\"og:type\" content=\"article\" \/>\n<meta property=\"og:title\" content=\"Stiepjam\u0101s pl\u0113ves ra\u017eo\u0161ana - sdapakuote.lt\" \/>\n<meta property=\"og:description\" content=\"SDA Pakuot\u0117 ra\u017eo augstas kvalit\u0101tes LLDPE stiepjam\u0101s pl\u0113ves \u2013 caursp\u012bd\u012bgas, baltas un melnas. Ide\u0101li piem\u0113rotas pale\u0161u nostiprin\u0101\u0161anai, kastes iepako\u0161anai un pre\u010du aizsardz\u012bbai transport\u0113\u0161anas laik\u0101.\" \/>\n<meta property=\"og:url\" content=\"https:\/\/www.sdapakuote.lt\/lv\/stiepjamas-pleves-razosana\/\" \/>\n<meta property=\"og:site_name\" content=\"sdapakuote.lt\" \/>\n<meta property=\"article:modified_time\" content=\"2025-09-26T06:20:33+00:00\" \/>\n<meta name=\"twitter:card\" content=\"summary_large_image\" \/>\n<meta name=\"twitter:label1\" content=\"Est. reading time\" \/>\n\t<meta name=\"twitter:data1\" content=\"1 minute\" \/>\n<script type=\"application\/ld+json\" class=\"yoast-schema-graph\">{\"@context\":\"https:\\\/\\\/schema.org\",\"@graph\":[{\"@type\":\"WebPage\",\"@id\":\"https:\\\/\\\/www.sdapakuote.lt\\\/lv\\\/stiepjamas-pleves-razosana\\\/\",\"url\":\"https:\\\/\\\/www.sdapakuote.lt\\\/lv\\\/stiepjamas-pleves-razosana\\\/\",\"name\":\"Stiepjam\u0101s pl\u0113ves ra\u017eo\u0161ana - sdapakuote.lt\",\"isPartOf\":{\"@id\":\"https:\\\/\\\/www.sdapakuote.lt\\\/lv\\\/#website\"},\"datePublished\":\"2025-09-26T05:27:27+00:00\",\"dateModified\":\"2025-09-26T06:20:33+00:00\",\"description\":\"SDA Pakuot\u0117 ra\u017eo augstas kvalit\u0101tes LLDPE stiepjam\u0101s pl\u0113ves \u2013 caursp\u012bd\u012bgas, baltas un melnas. Ide\u0101li piem\u0113rotas pale\u0161u nostiprin\u0101\u0161anai, kastes iepako\u0161anai un pre\u010du aizsardz\u012bbai transport\u0113\u0161anas laik\u0101.\",\"breadcrumb\":{\"@id\":\"https:\\\/\\\/www.sdapakuote.lt\\\/lv\\\/stiepjamas-pleves-razosana\\\/#breadcrumb\"},\"inLanguage\":\"lv-LV\",\"potentialAction\":[{\"@type\":\"ReadAction\",\"target\":[\"https:\\\/\\\/www.sdapakuote.lt\\\/lv\\\/stiepjamas-pleves-razosana\\\/\"]}]},{\"@type\":\"BreadcrumbList\",\"@id\":\"https:\\\/\\\/www.sdapakuote.lt\\\/lv\\\/stiepjamas-pleves-razosana\\\/#breadcrumb\",\"itemListElement\":[{\"@type\":\"ListItem\",\"position\":1,\"name\":\"Home\",\"item\":\"https:\\\/\\\/www.sdapakuote.lt\\\/lv\\\/\"},{\"@type\":\"ListItem\",\"position\":2,\"name\":\"Stiepjam\u0101s pl\u0113ves ra\u017eo\u0161ana\"}]},{\"@type\":\"WebSite\",\"@id\":\"https:\\\/\\\/www.sdapakuote.lt\\\/lv\\\/#website\",\"url\":\"https:\\\/\\\/www.sdapakuote.lt\\\/lv\\\/\",\"name\":\"sdapakuote.lt\",\"description\":\"Kol kas tik dar vienas WordPress tinklalapis\",\"potentialAction\":[{\"@type\":\"SearchAction\",\"target\":{\"@type\":\"EntryPoint\",\"urlTemplate\":\"https:\\\/\\\/www.sdapakuote.lt\\\/lv\\\/?s={search_term_string}\"},\"query-input\":{\"@type\":\"PropertyValueSpecification\",\"valueRequired\":true,\"valueName\":\"search_term_string\"}}],\"inLanguage\":\"lv-LV\"}]}<\/script>\n<!-- \/ Yoast SEO plugin. -->","yoast_head_json":{"title":"Stiepjam\u0101s pl\u0113ves ra\u017eo\u0161ana - sdapakuote.lt","description":"SDA Pakuot\u0117 ra\u017eo augstas kvalit\u0101tes LLDPE stiepjam\u0101s pl\u0113ves \u2013 caursp\u012bd\u012bgas, baltas un melnas. Ide\u0101li piem\u0113rotas pale\u0161u nostiprin\u0101\u0161anai, kastes iepako\u0161anai un pre\u010du aizsardz\u012bbai transport\u0113\u0161anas laik\u0101.","robots":{"index":"index","follow":"follow","max-snippet":"max-snippet:-1","max-image-preview":"max-image-preview:large","max-video-preview":"max-video-preview:-1"},"canonical":"https:\/\/www.sdapakuote.lt\/lv\/stiepjamas-pleves-razosana\/","og_locale":"lv_LV","og_type":"article","og_title":"Stiepjam\u0101s pl\u0113ves ra\u017eo\u0161ana - sdapakuote.lt","og_description":"SDA Pakuot\u0117 ra\u017eo augstas kvalit\u0101tes LLDPE stiepjam\u0101s pl\u0113ves \u2013 caursp\u012bd\u012bgas, baltas un melnas. Ide\u0101li piem\u0113rotas pale\u0161u nostiprin\u0101\u0161anai, kastes iepako\u0161anai un pre\u010du aizsardz\u012bbai transport\u0113\u0161anas laik\u0101.","og_url":"https:\/\/www.sdapakuote.lt\/lv\/stiepjamas-pleves-razosana\/","og_site_name":"sdapakuote.lt","article_modified_time":"2025-09-26T06:20:33+00:00","twitter_card":"summary_large_image","twitter_misc":{"Est. reading time":"1 minute"},"schema":{"@context":"https:\/\/schema.org","@graph":[{"@type":"WebPage","@id":"https:\/\/www.sdapakuote.lt\/lv\/stiepjamas-pleves-razosana\/","url":"https:\/\/www.sdapakuote.lt\/lv\/stiepjamas-pleves-razosana\/","name":"Stiepjam\u0101s pl\u0113ves ra\u017eo\u0161ana - sdapakuote.lt","isPartOf":{"@id":"https:\/\/www.sdapakuote.lt\/lv\/#website"},"datePublished":"2025-09-26T05:27:27+00:00","dateModified":"2025-09-26T06:20:33+00:00","description":"SDA Pakuot\u0117 ra\u017eo augstas kvalit\u0101tes LLDPE stiepjam\u0101s pl\u0113ves \u2013 caursp\u012bd\u012bgas, baltas un melnas. Ide\u0101li piem\u0113rotas pale\u0161u nostiprin\u0101\u0161anai, kastes iepako\u0161anai un pre\u010du aizsardz\u012bbai transport\u0113\u0161anas laik\u0101.","breadcrumb":{"@id":"https:\/\/www.sdapakuote.lt\/lv\/stiepjamas-pleves-razosana\/#breadcrumb"},"inLanguage":"lv-LV","potentialAction":[{"@type":"ReadAction","target":["https:\/\/www.sdapakuote.lt\/lv\/stiepjamas-pleves-razosana\/"]}]},{"@type":"BreadcrumbList","@id":"https:\/\/www.sdapakuote.lt\/lv\/stiepjamas-pleves-razosana\/#breadcrumb","itemListElement":[{"@type":"ListItem","position":1,"name":"Home","item":"https:\/\/www.sdapakuote.lt\/lv\/"},{"@type":"ListItem","position":2,"name":"Stiepjam\u0101s pl\u0113ves ra\u017eo\u0161ana"}]},{"@type":"WebSite","@id":"https:\/\/www.sdapakuote.lt\/lv\/#website","url":"https:\/\/www.sdapakuote.lt\/lv\/","name":"sdapakuote.lt","description":"Kol kas tik dar vienas WordPress tinklalapis","potentialAction":[{"@type":"SearchAction","target":{"@type":"EntryPoint","urlTemplate":"https:\/\/www.sdapakuote.lt\/lv\/?s={search_term_string}"},"query-input":{"@type":"PropertyValueSpecification","valueRequired":true,"valueName":"search_term_string"}}],"inLanguage":"lv-LV"}]}},"_links":{"self":[{"href":"https:\/\/www.sdapakuote.lt\/lv\/wp-json\/wp\/v2\/pages\/3923","targetHints":{"allow":["GET"]}}],"collection":[{"href":"https:\/\/www.sdapakuote.lt\/lv\/wp-json\/wp\/v2\/pages"}],"about":[{"href":"https:\/\/www.sdapakuote.lt\/lv\/wp-json\/wp\/v2\/types\/page"}],"author":[{"embeddable":true,"href":"https:\/\/www.sdapakuote.lt\/lv\/wp-json\/wp\/v2\/users\/2"}],"replies":[{"embeddable":true,"href":"https:\/\/www.sdapakuote.lt\/lv\/wp-json\/wp\/v2\/comments?post=3923"}],"version-history":[{"count":0,"href":"https:\/\/www.sdapakuote.lt\/lv\/wp-json\/wp\/v2\/pages\/3923\/revisions"}],"wp:attachment":[{"href":"https:\/\/www.sdapakuote.lt\/lv\/wp-json\/wp\/v2\/media?parent=3923"}],"curies":[{"name":"wp","href":"https:\/\/api.w.org\/{rel}","templated":true}]}}