{"id":3757,"date":"2025-09-25T13:22:45","date_gmt":"2025-09-25T13:22:45","guid":{"rendered":"https:\/\/www.sdapakuote.lt\/?page_id=3757"},"modified":"2025-09-25T16:30:38","modified_gmt":"2025-09-25T16:30:38","slug":"papira-iepakojums-ar-apdruku","status":"publish","type":"page","link":"https:\/\/www.sdapakuote.lt\/lv\/pakalpojumi\/papira-iepakojums-ar-apdruku\/","title":{"rendered":"Pap\u012bra iepakojums ar apdruku"},"content":{"rendered":"<p style=\"text-align: center;\"><strong data-start=\"0\" data-end=\"57\" data-is-only-node=\"\">K\u0101du apdruku un uz k\u0101da pap\u012bra iepakojuma m\u0113s veicam?<\/strong><br data-start=\"57\" data-end=\"60\" \/><br \/>\nM\u0113s varam uzdruk\u0101t inform\u0101ciju, uz\u0146\u0113muma logotipu, jebkuru att\u0113lu vai sv\u012btrkodu ar preces aprakstu uz j\u016bsu izv\u0113l\u0113t\u0101 pap\u012bra iepakojuma veida. M\u0113s druk\u0101jam uz pap\u012bra maisi\u0146iem, kartona kast\u0113m, picas kast\u0113m, s\u016bt\u012bjumu kast\u0113m, d\u0101vanu maisi\u0146iem, ra\u017eojam rekl\u0101mas maisi\u0146us un varam veikt apdruku gandr\u012bz uz visiem Kraft pap\u012bra iepakojuma veidiem. M\u0113s varam izgatavot personaliz\u0113tu iepakojumu, s\u0101kot no 1 gabala.<\/p>\n","protected":false},"excerpt":{"rendered":"<p>K\u0101du apdruku un uz k\u0101da pap\u012bra iepakojuma m\u0113s veicam? M\u0113s varam uzdruk\u0101t inform\u0101ciju, uz\u0146\u0113muma logotipu, jebkuru att\u0113lu vai sv\u012btrkodu ar preces aprakstu uz j\u016bsu izv\u0113l\u0113t\u0101 pap\u012bra iepakojuma veida. M\u0113s druk\u0101jam uz pap\u012bra maisi\u0146iem, kartona kast\u0113m, picas kast\u0113m, s\u016bt\u012bjumu kast\u0113m, d\u0101vanu maisi\u0146iem, ra\u017eojam rekl\u0101mas maisi\u0146us un varam veikt apdruku gandr\u012bz uz visiem Kraft pap\u012bra iepakojuma veidiem. [&hellip;]<\/p>\n","protected":false},"author":2,"featured_media":0,"parent":3716,"menu_order":0,"comment_status":"closed","ping_status":"closed","template":"page-service.php","meta":{"_acf_changed":false,"footnotes":""},"class_list":["post-3757","page","type-page","status-publish","hentry"],"acf":[],"yoast_head":"<!-- This site is optimized with the Yoast SEO plugin v27.4 - https:\/\/yoast.com\/product\/yoast-seo-wordpress\/ -->\n<title>Pap\u012bra iepakojums ar apdruku - sdapakuote.lt<\/title>\n<meta name=\"description\" content=\"SDA Pakuot\u0117 ra\u017eo pap\u012bra iepakojumu ar individu\u0101lu apdruku. Videi draudz\u012bgi, kvalitat\u012bvi un personaliz\u0113ti iepakojuma risin\u0101jumi ar logotipu vis\u0101 Latvij\u0101.\" \/>\n<meta name=\"robots\" content=\"index, follow, max-snippet:-1, max-image-preview:large, max-video-preview:-1\" \/>\n<link rel=\"canonical\" href=\"https:\/\/www.sdapakuote.lt\/lv\/pakalpojumi\/papira-iepakojums-ar-apdruku\/\" \/>\n<meta property=\"og:locale\" content=\"lv_LV\" \/>\n<meta property=\"og:type\" content=\"article\" \/>\n<meta property=\"og:title\" content=\"Pap\u012bra iepakojums ar apdruku - sdapakuote.lt\" \/>\n<meta property=\"og:description\" content=\"SDA Pakuot\u0117 ra\u017eo pap\u012bra iepakojumu ar individu\u0101lu apdruku. Videi draudz\u012bgi, kvalitat\u012bvi un personaliz\u0113ti iepakojuma risin\u0101jumi ar logotipu vis\u0101 Latvij\u0101.\" \/>\n<meta property=\"og:url\" content=\"https:\/\/www.sdapakuote.lt\/lv\/pakalpojumi\/papira-iepakojums-ar-apdruku\/\" \/>\n<meta property=\"og:site_name\" content=\"sdapakuote.lt\" \/>\n<meta property=\"article:modified_time\" content=\"2025-09-25T16:30:38+00:00\" \/>\n<meta name=\"twitter:card\" content=\"summary_large_image\" \/>\n<meta name=\"twitter:label1\" content=\"Est. reading time\" \/>\n\t<meta name=\"twitter:data1\" content=\"1 minute\" \/>\n<script type=\"application\/ld+json\" class=\"yoast-schema-graph\">{\"@context\":\"https:\\\/\\\/schema.org\",\"@graph\":[{\"@type\":\"WebPage\",\"@id\":\"https:\\\/\\\/www.sdapakuote.lt\\\/lv\\\/pakalpojumi\\\/papira-iepakojums-ar-apdruku\\\/\",\"url\":\"https:\\\/\\\/www.sdapakuote.lt\\\/lv\\\/pakalpojumi\\\/papira-iepakojums-ar-apdruku\\\/\",\"name\":\"Pap\u012bra iepakojums ar apdruku - sdapakuote.lt\",\"isPartOf\":{\"@id\":\"https:\\\/\\\/www.sdapakuote.lt\\\/lv\\\/#website\"},\"datePublished\":\"2025-09-25T13:22:45+00:00\",\"dateModified\":\"2025-09-25T16:30:38+00:00\",\"description\":\"SDA Pakuot\u0117 ra\u017eo pap\u012bra iepakojumu ar individu\u0101lu apdruku. Videi draudz\u012bgi, kvalitat\u012bvi un personaliz\u0113ti iepakojuma risin\u0101jumi ar logotipu vis\u0101 Latvij\u0101.\",\"breadcrumb\":{\"@id\":\"https:\\\/\\\/www.sdapakuote.lt\\\/lv\\\/pakalpojumi\\\/papira-iepakojums-ar-apdruku\\\/#breadcrumb\"},\"inLanguage\":\"lv-LV\",\"potentialAction\":[{\"@type\":\"ReadAction\",\"target\":[\"https:\\\/\\\/www.sdapakuote.lt\\\/lv\\\/pakalpojumi\\\/papira-iepakojums-ar-apdruku\\\/\"]}]},{\"@type\":\"BreadcrumbList\",\"@id\":\"https:\\\/\\\/www.sdapakuote.lt\\\/lv\\\/pakalpojumi\\\/papira-iepakojums-ar-apdruku\\\/#breadcrumb\",\"itemListElement\":[{\"@type\":\"ListItem\",\"position\":1,\"name\":\"Home\",\"item\":\"https:\\\/\\\/www.sdapakuote.lt\\\/lv\\\/\"},{\"@type\":\"ListItem\",\"position\":2,\"name\":\"Pakalpojumi\",\"item\":\"https:\\\/\\\/www.sdapakuote.lt\\\/lv\\\/pakalpojumi\\\/\"},{\"@type\":\"ListItem\",\"position\":3,\"name\":\"Pap\u012bra iepakojums ar apdruku\"}]},{\"@type\":\"WebSite\",\"@id\":\"https:\\\/\\\/www.sdapakuote.lt\\\/lv\\\/#website\",\"url\":\"https:\\\/\\\/www.sdapakuote.lt\\\/lv\\\/\",\"name\":\"sdapakuote.lt\",\"description\":\"Kol kas tik dar vienas WordPress tinklalapis\",\"potentialAction\":[{\"@type\":\"SearchAction\",\"target\":{\"@type\":\"EntryPoint\",\"urlTemplate\":\"https:\\\/\\\/www.sdapakuote.lt\\\/lv\\\/?s={search_term_string}\"},\"query-input\":{\"@type\":\"PropertyValueSpecification\",\"valueRequired\":true,\"valueName\":\"search_term_string\"}}],\"inLanguage\":\"lv-LV\"}]}<\/script>\n<!-- \/ Yoast SEO plugin. -->","yoast_head_json":{"title":"Pap\u012bra iepakojums ar apdruku - sdapakuote.lt","description":"SDA Pakuot\u0117 ra\u017eo pap\u012bra iepakojumu ar individu\u0101lu apdruku. Videi draudz\u012bgi, kvalitat\u012bvi un personaliz\u0113ti iepakojuma risin\u0101jumi ar logotipu vis\u0101 Latvij\u0101.","robots":{"index":"index","follow":"follow","max-snippet":"max-snippet:-1","max-image-preview":"max-image-preview:large","max-video-preview":"max-video-preview:-1"},"canonical":"https:\/\/www.sdapakuote.lt\/lv\/pakalpojumi\/papira-iepakojums-ar-apdruku\/","og_locale":"lv_LV","og_type":"article","og_title":"Pap\u012bra iepakojums ar apdruku - sdapakuote.lt","og_description":"SDA Pakuot\u0117 ra\u017eo pap\u012bra iepakojumu ar individu\u0101lu apdruku. Videi draudz\u012bgi, kvalitat\u012bvi un personaliz\u0113ti iepakojuma risin\u0101jumi ar logotipu vis\u0101 Latvij\u0101.","og_url":"https:\/\/www.sdapakuote.lt\/lv\/pakalpojumi\/papira-iepakojums-ar-apdruku\/","og_site_name":"sdapakuote.lt","article_modified_time":"2025-09-25T16:30:38+00:00","twitter_card":"summary_large_image","twitter_misc":{"Est. reading time":"1 minute"},"schema":{"@context":"https:\/\/schema.org","@graph":[{"@type":"WebPage","@id":"https:\/\/www.sdapakuote.lt\/lv\/pakalpojumi\/papira-iepakojums-ar-apdruku\/","url":"https:\/\/www.sdapakuote.lt\/lv\/pakalpojumi\/papira-iepakojums-ar-apdruku\/","name":"Pap\u012bra iepakojums ar apdruku - sdapakuote.lt","isPartOf":{"@id":"https:\/\/www.sdapakuote.lt\/lv\/#website"},"datePublished":"2025-09-25T13:22:45+00:00","dateModified":"2025-09-25T16:30:38+00:00","description":"SDA Pakuot\u0117 ra\u017eo pap\u012bra iepakojumu ar individu\u0101lu apdruku. Videi draudz\u012bgi, kvalitat\u012bvi un personaliz\u0113ti iepakojuma risin\u0101jumi ar logotipu vis\u0101 Latvij\u0101.","breadcrumb":{"@id":"https:\/\/www.sdapakuote.lt\/lv\/pakalpojumi\/papira-iepakojums-ar-apdruku\/#breadcrumb"},"inLanguage":"lv-LV","potentialAction":[{"@type":"ReadAction","target":["https:\/\/www.sdapakuote.lt\/lv\/pakalpojumi\/papira-iepakojums-ar-apdruku\/"]}]},{"@type":"BreadcrumbList","@id":"https:\/\/www.sdapakuote.lt\/lv\/pakalpojumi\/papira-iepakojums-ar-apdruku\/#breadcrumb","itemListElement":[{"@type":"ListItem","position":1,"name":"Home","item":"https:\/\/www.sdapakuote.lt\/lv\/"},{"@type":"ListItem","position":2,"name":"Pakalpojumi","item":"https:\/\/www.sdapakuote.lt\/lv\/pakalpojumi\/"},{"@type":"ListItem","position":3,"name":"Pap\u012bra iepakojums ar apdruku"}]},{"@type":"WebSite","@id":"https:\/\/www.sdapakuote.lt\/lv\/#website","url":"https:\/\/www.sdapakuote.lt\/lv\/","name":"sdapakuote.lt","description":"Kol kas tik dar vienas WordPress tinklalapis","potentialAction":[{"@type":"SearchAction","target":{"@type":"EntryPoint","urlTemplate":"https:\/\/www.sdapakuote.lt\/lv\/?s={search_term_string}"},"query-input":{"@type":"PropertyValueSpecification","valueRequired":true,"valueName":"search_term_string"}}],"inLanguage":"lv-LV"}]}},"_links":{"self":[{"href":"https:\/\/www.sdapakuote.lt\/lv\/wp-json\/wp\/v2\/pages\/3757","targetHints":{"allow":["GET"]}}],"collection":[{"href":"https:\/\/www.sdapakuote.lt\/lv\/wp-json\/wp\/v2\/pages"}],"about":[{"href":"https:\/\/www.sdapakuote.lt\/lv\/wp-json\/wp\/v2\/types\/page"}],"author":[{"embeddable":true,"href":"https:\/\/www.sdapakuote.lt\/lv\/wp-json\/wp\/v2\/users\/2"}],"replies":[{"embeddable":true,"href":"https:\/\/www.sdapakuote.lt\/lv\/wp-json\/wp\/v2\/comments?post=3757"}],"version-history":[{"count":3,"href":"https:\/\/www.sdapakuote.lt\/lv\/wp-json\/wp\/v2\/pages\/3757\/revisions"}],"predecessor-version":[{"id":3883,"href":"https:\/\/www.sdapakuote.lt\/lv\/wp-json\/wp\/v2\/pages\/3757\/revisions\/3883"}],"up":[{"embeddable":true,"href":"https:\/\/www.sdapakuote.lt\/lv\/wp-json\/wp\/v2\/pages\/3716"}],"wp:attachment":[{"href":"https:\/\/www.sdapakuote.lt\/lv\/wp-json\/wp\/v2\/media?parent=3757"}],"curies":[{"name":"wp","href":"https:\/\/api.w.org\/{rel}","templated":true}]}}