{"id":3716,"date":"2025-09-25T12:04:33","date_gmt":"2025-09-25T12:04:33","guid":{"rendered":"https:\/\/www.sdapakuote.lt\/?page_id=3716"},"modified":"2025-09-25T12:04:33","modified_gmt":"2025-09-25T12:04:33","slug":"pakalpojumi","status":"publish","type":"page","link":"https:\/\/www.sdapakuote.lt\/lv\/pakalpojumi\/","title":{"rendered":"Pakalpojumi"},"content":{"rendered":"<p data-start=\"115\" data-end=\"473\"><strong data-start=\"115\" data-end=\"136\">SIA \u201eSDA Pakuot\u0117\u201d<\/strong> sniedz iepakojuma maket\u0113\u0161anas, polietil\u0113na pl\u0113vju, maisi\u0146u, k\u0101 ar\u012b stiepjam\u0101s pl\u0113ves ra\u017eo\u0161anas pakalpojumus saviem klientiem. M\u0113s ra\u017eojam polietil\u0113na un pap\u012bra iepakojumu ar apdruku. Esam uzkr\u0101ju\u0161i daudzu gadu pieredzi maisi\u0146u un pl\u0113vju ra\u017eo\u0161anas jom\u0101, t\u0101p\u0113c saviem klientiem varam pied\u0101v\u0101t augstu kvalit\u0101ti un konkur\u0113tsp\u0113j\u012bgas cenas.<\/p>\n<p data-start=\"475\" data-end=\"645\"><strong data-start=\"475\" data-end=\"510\">Pap\u012bra iepakojuma apdrukas jom\u0101<\/strong> mums ir augstas kvalit\u0101tes drukas iek\u0101rtas. M\u0113s nep\u0101rtraukti atjaunojam savu produkcijas sortimentu un ra\u017eo\u0161anas l\u012bnijas apr\u012bkojumu.<\/p>\n","protected":false},"excerpt":{"rendered":"<p>SIA \u201eSDA Pakuot\u0117\u201d sniedz iepakojuma maket\u0113\u0161anas, polietil\u0113na pl\u0113vju, maisi\u0146u, k\u0101 ar\u012b stiepjam\u0101s pl\u0113ves ra\u017eo\u0161anas pakalpojumus saviem klientiem. M\u0113s ra\u017eojam polietil\u0113na un pap\u012bra iepakojumu ar apdruku. Esam uzkr\u0101ju\u0161i daudzu gadu pieredzi maisi\u0146u un pl\u0113vju ra\u017eo\u0161anas jom\u0101, t\u0101p\u0113c saviem klientiem varam pied\u0101v\u0101t augstu kvalit\u0101ti un konkur\u0113tsp\u0113j\u012bgas cenas. Pap\u012bra iepakojuma apdrukas jom\u0101 mums ir augstas kvalit\u0101tes drukas iek\u0101rtas. [&hellip;]<\/p>\n","protected":false},"author":2,"featured_media":0,"parent":0,"menu_order":0,"comment_status":"closed","ping_status":"closed","template":"","meta":{"_acf_changed":false,"footnotes":""},"class_list":["post-3716","page","type-page","status-publish","hentry"],"acf":[],"yoast_head":"<!-- This site is optimized with the Yoast SEO plugin v27.4 - https:\/\/yoast.com\/product\/yoast-seo-wordpress\/ -->\n<title>Pakalpojumi - sdapakuote.lt<\/title>\n<meta name=\"description\" content=\"SDA Pakuot\u0117 pied\u0101v\u0101 polietil\u0113na un pap\u012bra iepakojuma ra\u017eo\u0161anu, maisi\u0146u un pl\u0113vju izgatavo\u0161anu, apdruku un stiepjam\u0101s pl\u0113ves pakalpojumus. Augsta kvalit\u0101te un konkur\u0113tsp\u0113j\u012bgas cenas Latvij\u0101.\" \/>\n<meta name=\"robots\" content=\"index, follow, max-snippet:-1, max-image-preview:large, max-video-preview:-1\" \/>\n<link rel=\"canonical\" href=\"https:\/\/www.sdapakuote.lt\/lv\/pakalpojumi\/\" \/>\n<meta property=\"og:locale\" content=\"lv_LV\" \/>\n<meta property=\"og:type\" content=\"article\" \/>\n<meta property=\"og:title\" content=\"Pakalpojumi - sdapakuote.lt\" \/>\n<meta property=\"og:description\" content=\"SDA Pakuot\u0117 pied\u0101v\u0101 polietil\u0113na un pap\u012bra iepakojuma ra\u017eo\u0161anu, maisi\u0146u un pl\u0113vju izgatavo\u0161anu, apdruku un stiepjam\u0101s pl\u0113ves pakalpojumus. Augsta kvalit\u0101te un konkur\u0113tsp\u0113j\u012bgas cenas Latvij\u0101.\" \/>\n<meta property=\"og:url\" content=\"https:\/\/www.sdapakuote.lt\/lv\/pakalpojumi\/\" \/>\n<meta property=\"og:site_name\" content=\"sdapakuote.lt\" \/>\n<meta name=\"twitter:card\" content=\"summary_large_image\" \/>\n<meta name=\"twitter:label1\" content=\"Est. reading time\" \/>\n\t<meta name=\"twitter:data1\" content=\"1 minute\" \/>\n<script type=\"application\/ld+json\" class=\"yoast-schema-graph\">{\"@context\":\"https:\\\/\\\/schema.org\",\"@graph\":[{\"@type\":\"WebPage\",\"@id\":\"https:\\\/\\\/www.sdapakuote.lt\\\/lv\\\/pakalpojumi\\\/\",\"url\":\"https:\\\/\\\/www.sdapakuote.lt\\\/lv\\\/pakalpojumi\\\/\",\"name\":\"Pakalpojumi - sdapakuote.lt\",\"isPartOf\":{\"@id\":\"https:\\\/\\\/www.sdapakuote.lt\\\/lv\\\/#website\"},\"datePublished\":\"2025-09-25T12:04:33+00:00\",\"description\":\"SDA Pakuot\u0117 pied\u0101v\u0101 polietil\u0113na un pap\u012bra iepakojuma ra\u017eo\u0161anu, maisi\u0146u un pl\u0113vju izgatavo\u0161anu, apdruku un stiepjam\u0101s pl\u0113ves pakalpojumus. Augsta kvalit\u0101te un konkur\u0113tsp\u0113j\u012bgas cenas Latvij\u0101.\",\"breadcrumb\":{\"@id\":\"https:\\\/\\\/www.sdapakuote.lt\\\/lv\\\/pakalpojumi\\\/#breadcrumb\"},\"inLanguage\":\"lv-LV\",\"potentialAction\":[{\"@type\":\"ReadAction\",\"target\":[\"https:\\\/\\\/www.sdapakuote.lt\\\/lv\\\/pakalpojumi\\\/\"]}]},{\"@type\":\"BreadcrumbList\",\"@id\":\"https:\\\/\\\/www.sdapakuote.lt\\\/lv\\\/pakalpojumi\\\/#breadcrumb\",\"itemListElement\":[{\"@type\":\"ListItem\",\"position\":1,\"name\":\"Home\",\"item\":\"https:\\\/\\\/www.sdapakuote.lt\\\/lv\\\/\"},{\"@type\":\"ListItem\",\"position\":2,\"name\":\"Pakalpojumi\"}]},{\"@type\":\"WebSite\",\"@id\":\"https:\\\/\\\/www.sdapakuote.lt\\\/lv\\\/#website\",\"url\":\"https:\\\/\\\/www.sdapakuote.lt\\\/lv\\\/\",\"name\":\"sdapakuote.lt\",\"description\":\"Kol kas tik dar vienas WordPress tinklalapis\",\"potentialAction\":[{\"@type\":\"SearchAction\",\"target\":{\"@type\":\"EntryPoint\",\"urlTemplate\":\"https:\\\/\\\/www.sdapakuote.lt\\\/lv\\\/?s={search_term_string}\"},\"query-input\":{\"@type\":\"PropertyValueSpecification\",\"valueRequired\":true,\"valueName\":\"search_term_string\"}}],\"inLanguage\":\"lv-LV\"}]}<\/script>\n<!-- \/ Yoast SEO plugin. -->","yoast_head_json":{"title":"Pakalpojumi - sdapakuote.lt","description":"SDA Pakuot\u0117 pied\u0101v\u0101 polietil\u0113na un pap\u012bra iepakojuma ra\u017eo\u0161anu, maisi\u0146u un pl\u0113vju izgatavo\u0161anu, apdruku un stiepjam\u0101s pl\u0113ves pakalpojumus. Augsta kvalit\u0101te un konkur\u0113tsp\u0113j\u012bgas cenas Latvij\u0101.","robots":{"index":"index","follow":"follow","max-snippet":"max-snippet:-1","max-image-preview":"max-image-preview:large","max-video-preview":"max-video-preview:-1"},"canonical":"https:\/\/www.sdapakuote.lt\/lv\/pakalpojumi\/","og_locale":"lv_LV","og_type":"article","og_title":"Pakalpojumi - sdapakuote.lt","og_description":"SDA Pakuot\u0117 pied\u0101v\u0101 polietil\u0113na un pap\u012bra iepakojuma ra\u017eo\u0161anu, maisi\u0146u un pl\u0113vju izgatavo\u0161anu, apdruku un stiepjam\u0101s pl\u0113ves pakalpojumus. Augsta kvalit\u0101te un konkur\u0113tsp\u0113j\u012bgas cenas Latvij\u0101.","og_url":"https:\/\/www.sdapakuote.lt\/lv\/pakalpojumi\/","og_site_name":"sdapakuote.lt","twitter_card":"summary_large_image","twitter_misc":{"Est. reading time":"1 minute"},"schema":{"@context":"https:\/\/schema.org","@graph":[{"@type":"WebPage","@id":"https:\/\/www.sdapakuote.lt\/lv\/pakalpojumi\/","url":"https:\/\/www.sdapakuote.lt\/lv\/pakalpojumi\/","name":"Pakalpojumi - sdapakuote.lt","isPartOf":{"@id":"https:\/\/www.sdapakuote.lt\/lv\/#website"},"datePublished":"2025-09-25T12:04:33+00:00","description":"SDA Pakuot\u0117 pied\u0101v\u0101 polietil\u0113na un pap\u012bra iepakojuma ra\u017eo\u0161anu, maisi\u0146u un pl\u0113vju izgatavo\u0161anu, apdruku un stiepjam\u0101s pl\u0113ves pakalpojumus. Augsta kvalit\u0101te un konkur\u0113tsp\u0113j\u012bgas cenas Latvij\u0101.","breadcrumb":{"@id":"https:\/\/www.sdapakuote.lt\/lv\/pakalpojumi\/#breadcrumb"},"inLanguage":"lv-LV","potentialAction":[{"@type":"ReadAction","target":["https:\/\/www.sdapakuote.lt\/lv\/pakalpojumi\/"]}]},{"@type":"BreadcrumbList","@id":"https:\/\/www.sdapakuote.lt\/lv\/pakalpojumi\/#breadcrumb","itemListElement":[{"@type":"ListItem","position":1,"name":"Home","item":"https:\/\/www.sdapakuote.lt\/lv\/"},{"@type":"ListItem","position":2,"name":"Pakalpojumi"}]},{"@type":"WebSite","@id":"https:\/\/www.sdapakuote.lt\/lv\/#website","url":"https:\/\/www.sdapakuote.lt\/lv\/","name":"sdapakuote.lt","description":"Kol kas tik dar vienas WordPress tinklalapis","potentialAction":[{"@type":"SearchAction","target":{"@type":"EntryPoint","urlTemplate":"https:\/\/www.sdapakuote.lt\/lv\/?s={search_term_string}"},"query-input":{"@type":"PropertyValueSpecification","valueRequired":true,"valueName":"search_term_string"}}],"inLanguage":"lv-LV"}]}},"_links":{"self":[{"href":"https:\/\/www.sdapakuote.lt\/lv\/wp-json\/wp\/v2\/pages\/3716","targetHints":{"allow":["GET"]}}],"collection":[{"href":"https:\/\/www.sdapakuote.lt\/lv\/wp-json\/wp\/v2\/pages"}],"about":[{"href":"https:\/\/www.sdapakuote.lt\/lv\/wp-json\/wp\/v2\/types\/page"}],"author":[{"embeddable":true,"href":"https:\/\/www.sdapakuote.lt\/lv\/wp-json\/wp\/v2\/users\/2"}],"replies":[{"embeddable":true,"href":"https:\/\/www.sdapakuote.lt\/lv\/wp-json\/wp\/v2\/comments?post=3716"}],"version-history":[{"count":1,"href":"https:\/\/www.sdapakuote.lt\/lv\/wp-json\/wp\/v2\/pages\/3716\/revisions"}],"predecessor-version":[{"id":3717,"href":"https:\/\/www.sdapakuote.lt\/lv\/wp-json\/wp\/v2\/pages\/3716\/revisions\/3717"}],"wp:attachment":[{"href":"https:\/\/www.sdapakuote.lt\/lv\/wp-json\/wp\/v2\/media?parent=3716"}],"curies":[{"name":"wp","href":"https:\/\/api.w.org\/{rel}","templated":true}]}}