{"id":3706,"date":"2025-09-25T11:26:31","date_gmt":"2025-09-25T11:26:31","guid":{"rendered":"https:\/\/www.sdapakuote.lt\/?page_id=3706"},"modified":"2025-09-25T11:45:43","modified_gmt":"2025-09-25T11:45:43","slug":"produktu-piegade","status":"publish","type":"page","link":"https:\/\/www.sdapakuote.lt\/lv\/produktu-piegade\/","title":{"rendered":"Produktu pieg\u0101de"},"content":{"rendered":"<p data-start=\"241\" data-end=\"353\"><img loading=\"lazy\" decoding=\"async\" class=\"wp-image-3707 alignleft\" src=\"https:\/\/www.sdapakuote.lt\/wp-content\/uploads\/2024\/03\/file-wj8Iihs7v1oLVhooNQMdJ6ez-1-289x300.jpg\" alt=\"\" width=\"200\" height=\"208\" srcset=\"https:\/\/www.sdapakuote.lt\/wp-content\/uploads\/2024\/03\/file-wj8Iihs7v1oLVhooNQMdJ6ez-1-289x300.jpg 289w, https:\/\/www.sdapakuote.lt\/wp-content\/uploads\/2024\/03\/file-wj8Iihs7v1oLVhooNQMdJ6ez-1-768x797.jpg 768w, https:\/\/www.sdapakuote.lt\/wp-content\/uploads\/2024\/03\/file-wj8Iihs7v1oLVhooNQMdJ6ez-1.jpg 987w\" sizes=\"auto, (max-width: 200px) 100vw, 200px\" \/>P\u0113c klienta piepras\u012bjuma m\u0113s sagatavojam sara\u017eoto produkciju izve\u0161anai vai ar\u012b <strong data-start=\"320\" data-end=\"350\">pieg\u0101d\u0101jam to vis\u0101 Latvij\u0101<\/strong>.<\/p>\n<p data-start=\"355\" data-end=\"673\">Pieg\u0101des veids ir atkar\u012bgs no kravas izm\u0113ra (tilpuma un svara). M\u0113s izv\u0113lamies piem\u0113rot\u0101ko, \u0101tr\u0101ko un finansi\u0101li izdev\u012bg\u0101ko pieg\u0101des risin\u0101jumu, \u0146emot v\u0113r\u0101 j\u016bsu pas\u016bt\u012bto pre\u010du apjomu.<br data-start=\"538\" data-end=\"541\" \/><br \/>\nM\u0113s pieg\u0101d\u0101jam ar savu transportu, k\u0101 ar\u012b sadarbojamies ar uzticam\u0101m un labu reput\u0101ciju guvu\u0161\u0101m <strong data-start=\"637\" data-end=\"670\">lo\u0123istikas komp\u0101nij\u0101m Latvij\u0101<\/strong>.<\/p>\n<p data-start=\"675\" data-end=\"770\">Nelielu pas\u016bt\u012bjumu gad\u012bjum\u0101 izmantojam <strong data-start=\"714\" data-end=\"738\">kurjeru pakalpojumus<\/strong> vai pieg\u0101d\u0101jam uz pakom\u0101tiem. Ir iesp\u0113jams ar\u012b <strong data-start=\"789\" data-end=\"839\">pas\u016bt\u012bt\u0101s produkcijas sa\u0146em\u0161ana m\u016bsu noliktav\u0101<\/strong>.<\/p>\n<hr data-start=\"844\" data-end=\"847\" \/>\n<h3 data-start=\"849\" data-end=\"878\"><strong data-start=\"853\" data-end=\"876\">Produktu iepako\u0161ana<\/strong><\/h3>\n<p data-start=\"880\" data-end=\"1204\">Klients var izv\u0113l\u0113ties, k\u0101d\u0101 daudzum\u0101 v\u0113las, lai produkcija tiktu iepakota, lai sa\u0146em\u0161ana b\u016btu \u0113rta un atbilsto\u0161a.<br data-start=\"994\" data-end=\"997\" \/><br \/>\nIr iesp\u0113jams izv\u0113l\u0113ties, vai izstr\u0101d\u0101jumi tiks iepakoti <strong data-start=\"1053\" data-end=\"1098\">polietil\u0113na iepakojum\u0101 vai kartona kast\u0113s<\/strong>.<br data-start=\"1099\" data-end=\"1102\" \/><br \/>\nKlienti var izv\u0113l\u0113ties ar\u012b <strong data-start=\"1129\" data-end=\"1149\">palikt\u0146u izm\u0113rus<\/strong> un produkcijas daudzumu, kas uz tiem tiks novietots.<\/p>\n","protected":false},"excerpt":{"rendered":"<p>P\u0113c klienta piepras\u012bjuma m\u0113s sagatavojam sara\u017eoto produkciju izve\u0161anai vai ar\u012b pieg\u0101d\u0101jam to vis\u0101 Latvij\u0101. Pieg\u0101des veids ir atkar\u012bgs no kravas izm\u0113ra (tilpuma un svara). M\u0113s izv\u0113lamies piem\u0113rot\u0101ko, \u0101tr\u0101ko un finansi\u0101li izdev\u012bg\u0101ko pieg\u0101des risin\u0101jumu, \u0146emot v\u0113r\u0101 j\u016bsu pas\u016bt\u012bto pre\u010du apjomu. M\u0113s pieg\u0101d\u0101jam ar savu transportu, k\u0101 ar\u012b sadarbojamies ar uzticam\u0101m un labu reput\u0101ciju guvu\u0161\u0101m lo\u0123istikas komp\u0101nij\u0101m [&hellip;]<\/p>\n","protected":false},"author":2,"featured_media":0,"parent":0,"menu_order":0,"comment_status":"closed","ping_status":"closed","template":"","meta":{"_acf_changed":false,"footnotes":""},"class_list":["post-3706","page","type-page","status-publish","hentry"],"acf":[],"yoast_head":"<!-- This site is optimized with the Yoast SEO plugin v27.4 - https:\/\/yoast.com\/product\/yoast-seo-wordpress\/ -->\n<title>Produktu pieg\u0101de - sdapakuote.lt<\/title>\n<meta name=\"description\" content=\"SDA Pakuot\u0117 nodro\u0161ina \u0101tru un dro\u0161u iepakojuma pieg\u0101di vis\u0101 Latvij\u0101. Kurjeru pakalpojumi, transport\u0113\u0161ana un elast\u012bgi lo\u0123istikas risin\u0101jumi.\" \/>\n<meta name=\"robots\" content=\"index, follow, max-snippet:-1, max-image-preview:large, max-video-preview:-1\" \/>\n<link rel=\"canonical\" href=\"https:\/\/www.sdapakuote.lt\/lv\/produktu-piegade\/\" \/>\n<meta property=\"og:locale\" content=\"lv_LV\" \/>\n<meta property=\"og:type\" content=\"article\" \/>\n<meta property=\"og:title\" content=\"Produktu pieg\u0101de - sdapakuote.lt\" \/>\n<meta property=\"og:description\" content=\"SDA Pakuot\u0117 nodro\u0161ina \u0101tru un dro\u0161u iepakojuma pieg\u0101di vis\u0101 Latvij\u0101. Kurjeru pakalpojumi, transport\u0113\u0161ana un elast\u012bgi lo\u0123istikas risin\u0101jumi.\" \/>\n<meta property=\"og:url\" content=\"https:\/\/www.sdapakuote.lt\/lv\/produktu-piegade\/\" \/>\n<meta property=\"og:site_name\" content=\"sdapakuote.lt\" \/>\n<meta property=\"article:modified_time\" content=\"2025-09-25T11:45:43+00:00\" \/>\n<meta property=\"og:image\" content=\"https:\/\/www.sdapakuote.lt\/wp-content\/uploads\/2024\/03\/file-wj8Iihs7v1oLVhooNQMdJ6ez-1.jpg\" \/>\n\t<meta property=\"og:image:width\" content=\"987\" \/>\n\t<meta property=\"og:image:height\" content=\"1024\" \/>\n\t<meta property=\"og:image:type\" content=\"image\/jpeg\" \/>\n<meta name=\"twitter:card\" content=\"summary_large_image\" \/>\n<meta name=\"twitter:label1\" content=\"Est. reading time\" \/>\n\t<meta name=\"twitter:data1\" content=\"1 minute\" \/>\n<script type=\"application\/ld+json\" class=\"yoast-schema-graph\">{\"@context\":\"https:\\\/\\\/schema.org\",\"@graph\":[{\"@type\":\"WebPage\",\"@id\":\"https:\\\/\\\/www.sdapakuote.lt\\\/lv\\\/produktu-piegade\\\/\",\"url\":\"https:\\\/\\\/www.sdapakuote.lt\\\/lv\\\/produktu-piegade\\\/\",\"name\":\"Produktu pieg\u0101de - sdapakuote.lt\",\"isPartOf\":{\"@id\":\"https:\\\/\\\/www.sdapakuote.lt\\\/lv\\\/#website\"},\"primaryImageOfPage\":{\"@id\":\"https:\\\/\\\/www.sdapakuote.lt\\\/lv\\\/produktu-piegade\\\/#primaryimage\"},\"image\":{\"@id\":\"https:\\\/\\\/www.sdapakuote.lt\\\/lv\\\/produktu-piegade\\\/#primaryimage\"},\"thumbnailUrl\":\"https:\\\/\\\/www.sdapakuote.lt\\\/wp-content\\\/uploads\\\/2024\\\/03\\\/file-wj8Iihs7v1oLVhooNQMdJ6ez-1-289x300.jpg\",\"datePublished\":\"2025-09-25T11:26:31+00:00\",\"dateModified\":\"2025-09-25T11:45:43+00:00\",\"description\":\"SDA Pakuot\u0117 nodro\u0161ina \u0101tru un dro\u0161u iepakojuma pieg\u0101di vis\u0101 Latvij\u0101. Kurjeru pakalpojumi, transport\u0113\u0161ana un elast\u012bgi lo\u0123istikas risin\u0101jumi.\",\"breadcrumb\":{\"@id\":\"https:\\\/\\\/www.sdapakuote.lt\\\/lv\\\/produktu-piegade\\\/#breadcrumb\"},\"inLanguage\":\"lv-LV\",\"potentialAction\":[{\"@type\":\"ReadAction\",\"target\":[\"https:\\\/\\\/www.sdapakuote.lt\\\/lv\\\/produktu-piegade\\\/\"]}]},{\"@type\":\"ImageObject\",\"inLanguage\":\"lv-LV\",\"@id\":\"https:\\\/\\\/www.sdapakuote.lt\\\/lv\\\/produktu-piegade\\\/#primaryimage\",\"url\":\"https:\\\/\\\/www.sdapakuote.lt\\\/wp-content\\\/uploads\\\/2024\\\/03\\\/file-wj8Iihs7v1oLVhooNQMdJ6ez-1-289x300.jpg\",\"contentUrl\":\"https:\\\/\\\/www.sdapakuote.lt\\\/wp-content\\\/uploads\\\/2024\\\/03\\\/file-wj8Iihs7v1oLVhooNQMdJ6ez-1-289x300.jpg\"},{\"@type\":\"BreadcrumbList\",\"@id\":\"https:\\\/\\\/www.sdapakuote.lt\\\/lv\\\/produktu-piegade\\\/#breadcrumb\",\"itemListElement\":[{\"@type\":\"ListItem\",\"position\":1,\"name\":\"Home\",\"item\":\"https:\\\/\\\/www.sdapakuote.lt\\\/lv\\\/\"},{\"@type\":\"ListItem\",\"position\":2,\"name\":\"Produktu pieg\u0101de\"}]},{\"@type\":\"WebSite\",\"@id\":\"https:\\\/\\\/www.sdapakuote.lt\\\/lv\\\/#website\",\"url\":\"https:\\\/\\\/www.sdapakuote.lt\\\/lv\\\/\",\"name\":\"sdapakuote.lt\",\"description\":\"Kol kas tik dar vienas WordPress tinklalapis\",\"potentialAction\":[{\"@type\":\"SearchAction\",\"target\":{\"@type\":\"EntryPoint\",\"urlTemplate\":\"https:\\\/\\\/www.sdapakuote.lt\\\/lv\\\/?s={search_term_string}\"},\"query-input\":{\"@type\":\"PropertyValueSpecification\",\"valueRequired\":true,\"valueName\":\"search_term_string\"}}],\"inLanguage\":\"lv-LV\"}]}<\/script>\n<!-- \/ Yoast SEO plugin. -->","yoast_head_json":{"title":"Produktu pieg\u0101de - sdapakuote.lt","description":"SDA Pakuot\u0117 nodro\u0161ina \u0101tru un dro\u0161u iepakojuma pieg\u0101di vis\u0101 Latvij\u0101. Kurjeru pakalpojumi, transport\u0113\u0161ana un elast\u012bgi lo\u0123istikas risin\u0101jumi.","robots":{"index":"index","follow":"follow","max-snippet":"max-snippet:-1","max-image-preview":"max-image-preview:large","max-video-preview":"max-video-preview:-1"},"canonical":"https:\/\/www.sdapakuote.lt\/lv\/produktu-piegade\/","og_locale":"lv_LV","og_type":"article","og_title":"Produktu pieg\u0101de - sdapakuote.lt","og_description":"SDA Pakuot\u0117 nodro\u0161ina \u0101tru un dro\u0161u iepakojuma pieg\u0101di vis\u0101 Latvij\u0101. Kurjeru pakalpojumi, transport\u0113\u0161ana un elast\u012bgi lo\u0123istikas risin\u0101jumi.","og_url":"https:\/\/www.sdapakuote.lt\/lv\/produktu-piegade\/","og_site_name":"sdapakuote.lt","article_modified_time":"2025-09-25T11:45:43+00:00","og_image":[{"width":987,"height":1024,"url":"https:\/\/www.sdapakuote.lt\/wp-content\/uploads\/2024\/03\/file-wj8Iihs7v1oLVhooNQMdJ6ez-1.jpg","type":"image\/jpeg"}],"twitter_card":"summary_large_image","twitter_misc":{"Est. reading time":"1 minute"},"schema":{"@context":"https:\/\/schema.org","@graph":[{"@type":"WebPage","@id":"https:\/\/www.sdapakuote.lt\/lv\/produktu-piegade\/","url":"https:\/\/www.sdapakuote.lt\/lv\/produktu-piegade\/","name":"Produktu pieg\u0101de - sdapakuote.lt","isPartOf":{"@id":"https:\/\/www.sdapakuote.lt\/lv\/#website"},"primaryImageOfPage":{"@id":"https:\/\/www.sdapakuote.lt\/lv\/produktu-piegade\/#primaryimage"},"image":{"@id":"https:\/\/www.sdapakuote.lt\/lv\/produktu-piegade\/#primaryimage"},"thumbnailUrl":"https:\/\/www.sdapakuote.lt\/wp-content\/uploads\/2024\/03\/file-wj8Iihs7v1oLVhooNQMdJ6ez-1-289x300.jpg","datePublished":"2025-09-25T11:26:31+00:00","dateModified":"2025-09-25T11:45:43+00:00","description":"SDA Pakuot\u0117 nodro\u0161ina \u0101tru un dro\u0161u iepakojuma pieg\u0101di vis\u0101 Latvij\u0101. Kurjeru pakalpojumi, transport\u0113\u0161ana un elast\u012bgi lo\u0123istikas risin\u0101jumi.","breadcrumb":{"@id":"https:\/\/www.sdapakuote.lt\/lv\/produktu-piegade\/#breadcrumb"},"inLanguage":"lv-LV","potentialAction":[{"@type":"ReadAction","target":["https:\/\/www.sdapakuote.lt\/lv\/produktu-piegade\/"]}]},{"@type":"ImageObject","inLanguage":"lv-LV","@id":"https:\/\/www.sdapakuote.lt\/lv\/produktu-piegade\/#primaryimage","url":"https:\/\/www.sdapakuote.lt\/wp-content\/uploads\/2024\/03\/file-wj8Iihs7v1oLVhooNQMdJ6ez-1-289x300.jpg","contentUrl":"https:\/\/www.sdapakuote.lt\/wp-content\/uploads\/2024\/03\/file-wj8Iihs7v1oLVhooNQMdJ6ez-1-289x300.jpg"},{"@type":"BreadcrumbList","@id":"https:\/\/www.sdapakuote.lt\/lv\/produktu-piegade\/#breadcrumb","itemListElement":[{"@type":"ListItem","position":1,"name":"Home","item":"https:\/\/www.sdapakuote.lt\/lv\/"},{"@type":"ListItem","position":2,"name":"Produktu pieg\u0101de"}]},{"@type":"WebSite","@id":"https:\/\/www.sdapakuote.lt\/lv\/#website","url":"https:\/\/www.sdapakuote.lt\/lv\/","name":"sdapakuote.lt","description":"Kol kas tik dar vienas WordPress tinklalapis","potentialAction":[{"@type":"SearchAction","target":{"@type":"EntryPoint","urlTemplate":"https:\/\/www.sdapakuote.lt\/lv\/?s={search_term_string}"},"query-input":{"@type":"PropertyValueSpecification","valueRequired":true,"valueName":"search_term_string"}}],"inLanguage":"lv-LV"}]}},"_links":{"self":[{"href":"https:\/\/www.sdapakuote.lt\/lv\/wp-json\/wp\/v2\/pages\/3706","targetHints":{"allow":["GET"]}}],"collection":[{"href":"https:\/\/www.sdapakuote.lt\/lv\/wp-json\/wp\/v2\/pages"}],"about":[{"href":"https:\/\/www.sdapakuote.lt\/lv\/wp-json\/wp\/v2\/types\/page"}],"author":[{"embeddable":true,"href":"https:\/\/www.sdapakuote.lt\/lv\/wp-json\/wp\/v2\/users\/2"}],"replies":[{"embeddable":true,"href":"https:\/\/www.sdapakuote.lt\/lv\/wp-json\/wp\/v2\/comments?post=3706"}],"version-history":[{"count":4,"href":"https:\/\/www.sdapakuote.lt\/lv\/wp-json\/wp\/v2\/pages\/3706\/revisions"}],"predecessor-version":[{"id":3712,"href":"https:\/\/www.sdapakuote.lt\/lv\/wp-json\/wp\/v2\/pages\/3706\/revisions\/3712"}],"wp:attachment":[{"href":"https:\/\/www.sdapakuote.lt\/lv\/wp-json\/wp\/v2\/media?parent=3706"}],"curies":[{"name":"wp","href":"https:\/\/api.w.org\/{rel}","templated":true}]}}