{"id":2618,"date":"2021-09-14T06:47:12","date_gmt":"2021-09-14T06:47:12","guid":{"rendered":"https:\/\/www.sdapakuote.lt\/products\/polyethylene-bags\/ldpe-bags\/maiseliai-su-kirstine-rankena\/"},"modified":"2023-01-20T11:52:50","modified_gmt":"2023-01-20T11:52:50","slug":"bags-with-a-cross-handle","status":"publish","type":"page","link":"https:\/\/www.sdapakuote.lt\/en\/products\/polyethylene-bags\/ldpe-bags\/bags-with-a-cross-handle\/","title":{"rendered":"Bags with a cross handle"},"content":{"rendered":"<p>Cross-handle bags have an oval-shaped handle that fits four fingers. Bags with a cross handle are often used to put clothes, shoes, jewelry products in the store for the customer.<br \/>\nIt is also popular in specialized coffee, tea and spice shops. We produce both from primary raw material and from secondary material. Depending on the type and thickness of the film, the products are transparent or completely opaque through the bag.<br \/>\nThe bags are white. We produce these bags with or without your company&#8217;s logo or desired inscriptions.<\/p>\n","protected":false},"excerpt":{"rendered":"<p>Cross-handle bags have an oval-shaped handle that fits four fingers. Bags with a cross handle are often used to put clothes, shoes, jewelry products in the store for the customer. It is also popular in specialized coffee, tea and spice shops. We produce both from primary raw material and from secondary material. Depending on the [&hellip;]<\/p>\n","protected":false},"author":1,"featured_media":2285,"parent":2601,"menu_order":0,"comment_status":"closed","ping_status":"closed","template":"page-single-product.php","meta":{"_acf_changed":false,"footnotes":""},"class_list":["post-2618","page","type-page","status-publish","has-post-thumbnail","hentry"],"acf":[],"yoast_head":"<!-- This site is optimized with the Yoast SEO plugin v27.4 - https:\/\/yoast.com\/product\/yoast-seo-wordpress\/ -->\n<title>Bags with a cross handle - sdapakuote.lt<\/title>\n<meta name=\"robots\" content=\"index, follow, max-snippet:-1, max-image-preview:large, max-video-preview:-1\" \/>\n<link rel=\"canonical\" href=\"https:\/\/www.sdapakuote.lt\/en\/products\/polyethylene-bags\/ldpe-bags\/bags-with-a-cross-handle\/\" \/>\n<meta property=\"og:locale\" content=\"en_US\" \/>\n<meta property=\"og:type\" content=\"article\" \/>\n<meta property=\"og:title\" content=\"Bags with a cross handle - sdapakuote.lt\" \/>\n<meta property=\"og:description\" content=\"Cross-handle bags have an oval-shaped handle that fits four fingers. Bags with a cross handle are often used to put clothes, shoes, jewelry products in the store for the customer. It is also popular in specialized coffee, tea and spice shops. We produce both from primary raw material and from secondary material. Depending on the [&hellip;]\" \/>\n<meta property=\"og:url\" content=\"https:\/\/www.sdapakuote.lt\/en\/products\/polyethylene-bags\/ldpe-bags\/bags-with-a-cross-handle\/\" \/>\n<meta property=\"og:site_name\" content=\"sdapakuote.lt\" \/>\n<meta property=\"article:modified_time\" content=\"2023-01-20T11:52:50+00:00\" \/>\n<meta property=\"og:image\" content=\"https:\/\/www.sdapakuote.lt\/wp-content\/uploads\/2022\/09\/Antrines-zaliavos-maiseliai-su-spauda-scaled.jpg\" \/>\n\t<meta property=\"og:image:width\" content=\"2560\" \/>\n\t<meta property=\"og:image:height\" content=\"1551\" \/>\n\t<meta property=\"og:image:type\" content=\"image\/jpeg\" \/>\n<meta name=\"twitter:card\" content=\"summary_large_image\" \/>\n<meta name=\"twitter:label1\" content=\"Est. reading time\" \/>\n\t<meta name=\"twitter:data1\" content=\"1 minute\" \/>\n<script type=\"application\/ld+json\" class=\"yoast-schema-graph\">{\"@context\":\"https:\\\/\\\/schema.org\",\"@graph\":[{\"@type\":\"WebPage\",\"@id\":\"https:\\\/\\\/www.sdapakuote.lt\\\/en\\\/products\\\/polyethylene-bags\\\/ldpe-bags\\\/bags-with-a-cross-handle\\\/\",\"url\":\"https:\\\/\\\/www.sdapakuote.lt\\\/en\\\/products\\\/polyethylene-bags\\\/ldpe-bags\\\/bags-with-a-cross-handle\\\/\",\"name\":\"Bags with a cross handle - sdapakuote.lt\",\"isPartOf\":{\"@id\":\"https:\\\/\\\/www.sdapakuote.lt\\\/en\\\/#website\"},\"primaryImageOfPage\":{\"@id\":\"https:\\\/\\\/www.sdapakuote.lt\\\/en\\\/products\\\/polyethylene-bags\\\/ldpe-bags\\\/bags-with-a-cross-handle\\\/#primaryimage\"},\"image\":{\"@id\":\"https:\\\/\\\/www.sdapakuote.lt\\\/en\\\/products\\\/polyethylene-bags\\\/ldpe-bags\\\/bags-with-a-cross-handle\\\/#primaryimage\"},\"thumbnailUrl\":\"https:\\\/\\\/www.sdapakuote.lt\\\/wp-content\\\/uploads\\\/2022\\\/09\\\/Antrines-zaliavos-maiseliai-su-spauda-scaled.jpg\",\"datePublished\":\"2021-09-14T06:47:12+00:00\",\"dateModified\":\"2023-01-20T11:52:50+00:00\",\"breadcrumb\":{\"@id\":\"https:\\\/\\\/www.sdapakuote.lt\\\/en\\\/products\\\/polyethylene-bags\\\/ldpe-bags\\\/bags-with-a-cross-handle\\\/#breadcrumb\"},\"inLanguage\":\"en-US\",\"potentialAction\":[{\"@type\":\"ReadAction\",\"target\":[\"https:\\\/\\\/www.sdapakuote.lt\\\/en\\\/products\\\/polyethylene-bags\\\/ldpe-bags\\\/bags-with-a-cross-handle\\\/\"]}]},{\"@type\":\"ImageObject\",\"inLanguage\":\"en-US\",\"@id\":\"https:\\\/\\\/www.sdapakuote.lt\\\/en\\\/products\\\/polyethylene-bags\\\/ldpe-bags\\\/bags-with-a-cross-handle\\\/#primaryimage\",\"url\":\"https:\\\/\\\/www.sdapakuote.lt\\\/wp-content\\\/uploads\\\/2022\\\/09\\\/Antrines-zaliavos-maiseliai-su-spauda-scaled.jpg\",\"contentUrl\":\"https:\\\/\\\/www.sdapakuote.lt\\\/wp-content\\\/uploads\\\/2022\\\/09\\\/Antrines-zaliavos-maiseliai-su-spauda-scaled.jpg\",\"width\":2560,\"height\":1551,\"caption\":\"Antrin\u0117s \u017ealiavos mai\u0161eliai su spauda\"},{\"@type\":\"BreadcrumbList\",\"@id\":\"https:\\\/\\\/www.sdapakuote.lt\\\/en\\\/products\\\/polyethylene-bags\\\/ldpe-bags\\\/bags-with-a-cross-handle\\\/#breadcrumb\",\"itemListElement\":[{\"@type\":\"ListItem\",\"position\":1,\"name\":\"Home\",\"item\":\"https:\\\/\\\/www.sdapakuote.lt\\\/en\\\/\"},{\"@type\":\"ListItem\",\"position\":2,\"name\":\"Products\",\"item\":\"https:\\\/\\\/www.sdapakuote.lt\\\/en\\\/products\\\/\"},{\"@type\":\"ListItem\",\"position\":3,\"name\":\"Polyethylene bags\",\"item\":\"https:\\\/\\\/www.sdapakuote.lt\\\/en\\\/products\\\/polyethylene-bags\\\/\"},{\"@type\":\"ListItem\",\"position\":4,\"name\":\"LDPE Bags\",\"item\":\"https:\\\/\\\/www.sdapakuote.lt\\\/en\\\/products\\\/polyethylene-bags\\\/ldpe-bags\\\/\"},{\"@type\":\"ListItem\",\"position\":5,\"name\":\"Bags with a cross handle\"}]},{\"@type\":\"WebSite\",\"@id\":\"https:\\\/\\\/www.sdapakuote.lt\\\/en\\\/#website\",\"url\":\"https:\\\/\\\/www.sdapakuote.lt\\\/en\\\/\",\"name\":\"sdapakuote.lt\",\"description\":\"Kol kas tik dar vienas WordPress tinklalapis\",\"potentialAction\":[{\"@type\":\"SearchAction\",\"target\":{\"@type\":\"EntryPoint\",\"urlTemplate\":\"https:\\\/\\\/www.sdapakuote.lt\\\/en\\\/?s={search_term_string}\"},\"query-input\":{\"@type\":\"PropertyValueSpecification\",\"valueRequired\":true,\"valueName\":\"search_term_string\"}}],\"inLanguage\":\"en-US\"}]}<\/script>\n<!-- \/ Yoast SEO plugin. -->","yoast_head_json":{"title":"Bags with a cross handle - sdapakuote.lt","robots":{"index":"index","follow":"follow","max-snippet":"max-snippet:-1","max-image-preview":"max-image-preview:large","max-video-preview":"max-video-preview:-1"},"canonical":"https:\/\/www.sdapakuote.lt\/en\/products\/polyethylene-bags\/ldpe-bags\/bags-with-a-cross-handle\/","og_locale":"en_US","og_type":"article","og_title":"Bags with a cross handle - sdapakuote.lt","og_description":"Cross-handle bags have an oval-shaped handle that fits four fingers. Bags with a cross handle are often used to put clothes, shoes, jewelry products in the store for the customer. It is also popular in specialized coffee, tea and spice shops. We produce both from primary raw material and from secondary material. Depending on the [&hellip;]","og_url":"https:\/\/www.sdapakuote.lt\/en\/products\/polyethylene-bags\/ldpe-bags\/bags-with-a-cross-handle\/","og_site_name":"sdapakuote.lt","article_modified_time":"2023-01-20T11:52:50+00:00","og_image":[{"width":2560,"height":1551,"url":"https:\/\/www.sdapakuote.lt\/wp-content\/uploads\/2022\/09\/Antrines-zaliavos-maiseliai-su-spauda-scaled.jpg","type":"image\/jpeg"}],"twitter_card":"summary_large_image","twitter_misc":{"Est. reading time":"1 minute"},"schema":{"@context":"https:\/\/schema.org","@graph":[{"@type":"WebPage","@id":"https:\/\/www.sdapakuote.lt\/en\/products\/polyethylene-bags\/ldpe-bags\/bags-with-a-cross-handle\/","url":"https:\/\/www.sdapakuote.lt\/en\/products\/polyethylene-bags\/ldpe-bags\/bags-with-a-cross-handle\/","name":"Bags with a cross handle - sdapakuote.lt","isPartOf":{"@id":"https:\/\/www.sdapakuote.lt\/en\/#website"},"primaryImageOfPage":{"@id":"https:\/\/www.sdapakuote.lt\/en\/products\/polyethylene-bags\/ldpe-bags\/bags-with-a-cross-handle\/#primaryimage"},"image":{"@id":"https:\/\/www.sdapakuote.lt\/en\/products\/polyethylene-bags\/ldpe-bags\/bags-with-a-cross-handle\/#primaryimage"},"thumbnailUrl":"https:\/\/www.sdapakuote.lt\/wp-content\/uploads\/2022\/09\/Antrines-zaliavos-maiseliai-su-spauda-scaled.jpg","datePublished":"2021-09-14T06:47:12+00:00","dateModified":"2023-01-20T11:52:50+00:00","breadcrumb":{"@id":"https:\/\/www.sdapakuote.lt\/en\/products\/polyethylene-bags\/ldpe-bags\/bags-with-a-cross-handle\/#breadcrumb"},"inLanguage":"en-US","potentialAction":[{"@type":"ReadAction","target":["https:\/\/www.sdapakuote.lt\/en\/products\/polyethylene-bags\/ldpe-bags\/bags-with-a-cross-handle\/"]}]},{"@type":"ImageObject","inLanguage":"en-US","@id":"https:\/\/www.sdapakuote.lt\/en\/products\/polyethylene-bags\/ldpe-bags\/bags-with-a-cross-handle\/#primaryimage","url":"https:\/\/www.sdapakuote.lt\/wp-content\/uploads\/2022\/09\/Antrines-zaliavos-maiseliai-su-spauda-scaled.jpg","contentUrl":"https:\/\/www.sdapakuote.lt\/wp-content\/uploads\/2022\/09\/Antrines-zaliavos-maiseliai-su-spauda-scaled.jpg","width":2560,"height":1551,"caption":"Antrin\u0117s \u017ealiavos mai\u0161eliai su spauda"},{"@type":"BreadcrumbList","@id":"https:\/\/www.sdapakuote.lt\/en\/products\/polyethylene-bags\/ldpe-bags\/bags-with-a-cross-handle\/#breadcrumb","itemListElement":[{"@type":"ListItem","position":1,"name":"Home","item":"https:\/\/www.sdapakuote.lt\/en\/"},{"@type":"ListItem","position":2,"name":"Products","item":"https:\/\/www.sdapakuote.lt\/en\/products\/"},{"@type":"ListItem","position":3,"name":"Polyethylene bags","item":"https:\/\/www.sdapakuote.lt\/en\/products\/polyethylene-bags\/"},{"@type":"ListItem","position":4,"name":"LDPE Bags","item":"https:\/\/www.sdapakuote.lt\/en\/products\/polyethylene-bags\/ldpe-bags\/"},{"@type":"ListItem","position":5,"name":"Bags with a cross handle"}]},{"@type":"WebSite","@id":"https:\/\/www.sdapakuote.lt\/en\/#website","url":"https:\/\/www.sdapakuote.lt\/en\/","name":"sdapakuote.lt","description":"Kol kas tik dar vienas WordPress tinklalapis","potentialAction":[{"@type":"SearchAction","target":{"@type":"EntryPoint","urlTemplate":"https:\/\/www.sdapakuote.lt\/en\/?s={search_term_string}"},"query-input":{"@type":"PropertyValueSpecification","valueRequired":true,"valueName":"search_term_string"}}],"inLanguage":"en-US"}]}},"_links":{"self":[{"href":"https:\/\/www.sdapakuote.lt\/en\/wp-json\/wp\/v2\/pages\/2618","targetHints":{"allow":["GET"]}}],"collection":[{"href":"https:\/\/www.sdapakuote.lt\/en\/wp-json\/wp\/v2\/pages"}],"about":[{"href":"https:\/\/www.sdapakuote.lt\/en\/wp-json\/wp\/v2\/types\/page"}],"author":[{"embeddable":true,"href":"https:\/\/www.sdapakuote.lt\/en\/wp-json\/wp\/v2\/users\/1"}],"replies":[{"embeddable":true,"href":"https:\/\/www.sdapakuote.lt\/en\/wp-json\/wp\/v2\/comments?post=2618"}],"version-history":[{"count":2,"href":"https:\/\/www.sdapakuote.lt\/en\/wp-json\/wp\/v2\/pages\/2618\/revisions"}],"predecessor-version":[{"id":2620,"href":"https:\/\/www.sdapakuote.lt\/en\/wp-json\/wp\/v2\/pages\/2618\/revisions\/2620"}],"up":[{"embeddable":true,"href":"https:\/\/www.sdapakuote.lt\/en\/wp-json\/wp\/v2\/pages\/2601"}],"wp:featuredmedia":[{"embeddable":true,"href":"https:\/\/www.sdapakuote.lt\/en\/wp-json\/wp\/v2\/media\/2285"}],"wp:attachment":[{"href":"https:\/\/www.sdapakuote.lt\/en\/wp-json\/wp\/v2\/media?parent=2618"}],"curies":[{"name":"wp","href":"https:\/\/api.w.org\/{rel}","templated":true}]}}