{"id":2612,"date":"2021-09-14T06:46:37","date_gmt":"2021-09-14T06:46:37","guid":{"rendered":"https:\/\/www.sdapakuote.lt\/products\/polyethylene-bags\/ldpe-bags\/maiseliai-daigams\/"},"modified":"2023-01-20T11:50:24","modified_gmt":"2023-01-20T11:50:24","slug":"bags-for-sprouts","status":"publish","type":"page","link":"https:\/\/www.sdapakuote.lt\/en\/products\/polyethylene-bags\/ldpe-bags\/bags-for-sprouts\/","title":{"rendered":"Bags for sprouts"},"content":{"rendered":"<p>Polyethylene bags , so called, pots for sprouts are economical and versatile: they are suitable for growing, transporting and selling various plants; cheaper compared to plastic pots. The bags are shaped to remain stable when filled with soil or compost and also have drainage holes.<\/p>\n<p>We offer polyethylene pots of various sizes so that you can adapt them to each plant. Bags can be used more than once, they take up less space when stored compared to plastic pots.<\/p>\n","protected":false},"excerpt":{"rendered":"<p>Polyethylene bags , so called, pots for sprouts are economical and versatile: they are suitable for growing, transporting and selling various plants; cheaper compared to plastic pots. The bags are shaped to remain stable when filled with soil or compost and also have drainage holes. We offer polyethylene pots of various sizes so that you [&hellip;]<\/p>\n","protected":false},"author":1,"featured_media":557,"parent":2601,"menu_order":0,"comment_status":"closed","ping_status":"closed","template":"page-single-product.php","meta":{"_acf_changed":false,"footnotes":""},"class_list":["post-2612","page","type-page","status-publish","has-post-thumbnail","hentry"],"acf":[],"yoast_head":"<!-- This site is optimized with the Yoast SEO plugin v27.4 - https:\/\/yoast.com\/product\/yoast-seo-wordpress\/ -->\n<title>Bags for sprouts - sdapakuote.lt<\/title>\n<meta name=\"description\" content=\"Polietileno mai\u0161eliai - vazon\u0117liai daigams pasi\u017eymi ekonomi\u0161kumu ir universalumu: tinka auginti, transportuoti ir realizuoti \u012fvairius augalus\" \/>\n<meta name=\"robots\" content=\"index, follow, max-snippet:-1, max-image-preview:large, max-video-preview:-1\" \/>\n<link rel=\"canonical\" href=\"https:\/\/www.sdapakuote.lt\/en\/products\/polyethylene-bags\/ldpe-bags\/bags-for-sprouts\/\" \/>\n<meta property=\"og:locale\" content=\"en_US\" \/>\n<meta property=\"og:type\" content=\"article\" \/>\n<meta property=\"og:title\" content=\"Bags for sprouts - sdapakuote.lt\" \/>\n<meta property=\"og:description\" content=\"Polietileno mai\u0161eliai - vazon\u0117liai daigams pasi\u017eymi ekonomi\u0161kumu ir universalumu: tinka auginti, transportuoti ir realizuoti \u012fvairius augalus\" \/>\n<meta property=\"og:url\" content=\"https:\/\/www.sdapakuote.lt\/en\/products\/polyethylene-bags\/ldpe-bags\/bags-for-sprouts\/\" \/>\n<meta property=\"og:site_name\" content=\"sdapakuote.lt\" \/>\n<meta property=\"article:modified_time\" content=\"2023-01-20T11:50:24+00:00\" \/>\n<meta property=\"og:image\" content=\"https:\/\/www.sdapakuote.lt\/wp-content\/uploads\/2021\/09\/maiseliai-daigams-e41a.jpg\" \/>\n\t<meta property=\"og:image:width\" content=\"1024\" \/>\n\t<meta property=\"og:image:height\" content=\"1024\" \/>\n\t<meta property=\"og:image:type\" content=\"image\/jpeg\" \/>\n<meta name=\"twitter:card\" content=\"summary_large_image\" \/>\n<meta name=\"twitter:label1\" content=\"Est. reading time\" \/>\n\t<meta name=\"twitter:data1\" content=\"1 minute\" \/>\n<script type=\"application\/ld+json\" class=\"yoast-schema-graph\">{\"@context\":\"https:\\\/\\\/schema.org\",\"@graph\":[{\"@type\":\"WebPage\",\"@id\":\"https:\\\/\\\/www.sdapakuote.lt\\\/en\\\/products\\\/polyethylene-bags\\\/ldpe-bags\\\/bags-for-sprouts\\\/\",\"url\":\"https:\\\/\\\/www.sdapakuote.lt\\\/en\\\/products\\\/polyethylene-bags\\\/ldpe-bags\\\/bags-for-sprouts\\\/\",\"name\":\"Bags for sprouts - sdapakuote.lt\",\"isPartOf\":{\"@id\":\"https:\\\/\\\/www.sdapakuote.lt\\\/en\\\/#website\"},\"primaryImageOfPage\":{\"@id\":\"https:\\\/\\\/www.sdapakuote.lt\\\/en\\\/products\\\/polyethylene-bags\\\/ldpe-bags\\\/bags-for-sprouts\\\/#primaryimage\"},\"image\":{\"@id\":\"https:\\\/\\\/www.sdapakuote.lt\\\/en\\\/products\\\/polyethylene-bags\\\/ldpe-bags\\\/bags-for-sprouts\\\/#primaryimage\"},\"thumbnailUrl\":\"https:\\\/\\\/www.sdapakuote.lt\\\/wp-content\\\/uploads\\\/2021\\\/09\\\/maiseliai-daigams-e41a.jpg\",\"datePublished\":\"2021-09-14T06:46:37+00:00\",\"dateModified\":\"2023-01-20T11:50:24+00:00\",\"description\":\"Polietileno mai\u0161eliai - vazon\u0117liai daigams pasi\u017eymi ekonomi\u0161kumu ir universalumu: tinka auginti, transportuoti ir realizuoti \u012fvairius augalus\",\"breadcrumb\":{\"@id\":\"https:\\\/\\\/www.sdapakuote.lt\\\/en\\\/products\\\/polyethylene-bags\\\/ldpe-bags\\\/bags-for-sprouts\\\/#breadcrumb\"},\"inLanguage\":\"en-US\",\"potentialAction\":[{\"@type\":\"ReadAction\",\"target\":[\"https:\\\/\\\/www.sdapakuote.lt\\\/en\\\/products\\\/polyethylene-bags\\\/ldpe-bags\\\/bags-for-sprouts\\\/\"]}]},{\"@type\":\"ImageObject\",\"inLanguage\":\"en-US\",\"@id\":\"https:\\\/\\\/www.sdapakuote.lt\\\/en\\\/products\\\/polyethylene-bags\\\/ldpe-bags\\\/bags-for-sprouts\\\/#primaryimage\",\"url\":\"https:\\\/\\\/www.sdapakuote.lt\\\/wp-content\\\/uploads\\\/2021\\\/09\\\/maiseliai-daigams-e41a.jpg\",\"contentUrl\":\"https:\\\/\\\/www.sdapakuote.lt\\\/wp-content\\\/uploads\\\/2021\\\/09\\\/maiseliai-daigams-e41a.jpg\",\"width\":1024,\"height\":1024,\"caption\":\"Mai\u0161eliai daigams\"},{\"@type\":\"BreadcrumbList\",\"@id\":\"https:\\\/\\\/www.sdapakuote.lt\\\/en\\\/products\\\/polyethylene-bags\\\/ldpe-bags\\\/bags-for-sprouts\\\/#breadcrumb\",\"itemListElement\":[{\"@type\":\"ListItem\",\"position\":1,\"name\":\"Home\",\"item\":\"https:\\\/\\\/www.sdapakuote.lt\\\/en\\\/\"},{\"@type\":\"ListItem\",\"position\":2,\"name\":\"Products\",\"item\":\"https:\\\/\\\/www.sdapakuote.lt\\\/en\\\/products\\\/\"},{\"@type\":\"ListItem\",\"position\":3,\"name\":\"Polyethylene bags\",\"item\":\"https:\\\/\\\/www.sdapakuote.lt\\\/en\\\/products\\\/polyethylene-bags\\\/\"},{\"@type\":\"ListItem\",\"position\":4,\"name\":\"LDPE Bags\",\"item\":\"https:\\\/\\\/www.sdapakuote.lt\\\/en\\\/products\\\/polyethylene-bags\\\/ldpe-bags\\\/\"},{\"@type\":\"ListItem\",\"position\":5,\"name\":\"Bags for sprouts\"}]},{\"@type\":\"WebSite\",\"@id\":\"https:\\\/\\\/www.sdapakuote.lt\\\/en\\\/#website\",\"url\":\"https:\\\/\\\/www.sdapakuote.lt\\\/en\\\/\",\"name\":\"sdapakuote.lt\",\"description\":\"Kol kas tik dar vienas WordPress tinklalapis\",\"potentialAction\":[{\"@type\":\"SearchAction\",\"target\":{\"@type\":\"EntryPoint\",\"urlTemplate\":\"https:\\\/\\\/www.sdapakuote.lt\\\/en\\\/?s={search_term_string}\"},\"query-input\":{\"@type\":\"PropertyValueSpecification\",\"valueRequired\":true,\"valueName\":\"search_term_string\"}}],\"inLanguage\":\"en-US\"}]}<\/script>\n<!-- \/ Yoast SEO plugin. -->","yoast_head_json":{"title":"Bags for sprouts - sdapakuote.lt","description":"Polietileno mai\u0161eliai - vazon\u0117liai daigams pasi\u017eymi ekonomi\u0161kumu ir universalumu: tinka auginti, transportuoti ir realizuoti \u012fvairius augalus","robots":{"index":"index","follow":"follow","max-snippet":"max-snippet:-1","max-image-preview":"max-image-preview:large","max-video-preview":"max-video-preview:-1"},"canonical":"https:\/\/www.sdapakuote.lt\/en\/products\/polyethylene-bags\/ldpe-bags\/bags-for-sprouts\/","og_locale":"en_US","og_type":"article","og_title":"Bags for sprouts - sdapakuote.lt","og_description":"Polietileno mai\u0161eliai - vazon\u0117liai daigams pasi\u017eymi ekonomi\u0161kumu ir universalumu: tinka auginti, transportuoti ir realizuoti \u012fvairius augalus","og_url":"https:\/\/www.sdapakuote.lt\/en\/products\/polyethylene-bags\/ldpe-bags\/bags-for-sprouts\/","og_site_name":"sdapakuote.lt","article_modified_time":"2023-01-20T11:50:24+00:00","og_image":[{"width":1024,"height":1024,"url":"https:\/\/www.sdapakuote.lt\/wp-content\/uploads\/2021\/09\/maiseliai-daigams-e41a.jpg","type":"image\/jpeg"}],"twitter_card":"summary_large_image","twitter_misc":{"Est. reading time":"1 minute"},"schema":{"@context":"https:\/\/schema.org","@graph":[{"@type":"WebPage","@id":"https:\/\/www.sdapakuote.lt\/en\/products\/polyethylene-bags\/ldpe-bags\/bags-for-sprouts\/","url":"https:\/\/www.sdapakuote.lt\/en\/products\/polyethylene-bags\/ldpe-bags\/bags-for-sprouts\/","name":"Bags for sprouts - sdapakuote.lt","isPartOf":{"@id":"https:\/\/www.sdapakuote.lt\/en\/#website"},"primaryImageOfPage":{"@id":"https:\/\/www.sdapakuote.lt\/en\/products\/polyethylene-bags\/ldpe-bags\/bags-for-sprouts\/#primaryimage"},"image":{"@id":"https:\/\/www.sdapakuote.lt\/en\/products\/polyethylene-bags\/ldpe-bags\/bags-for-sprouts\/#primaryimage"},"thumbnailUrl":"https:\/\/www.sdapakuote.lt\/wp-content\/uploads\/2021\/09\/maiseliai-daigams-e41a.jpg","datePublished":"2021-09-14T06:46:37+00:00","dateModified":"2023-01-20T11:50:24+00:00","description":"Polietileno mai\u0161eliai - vazon\u0117liai daigams pasi\u017eymi ekonomi\u0161kumu ir universalumu: tinka auginti, transportuoti ir realizuoti \u012fvairius augalus","breadcrumb":{"@id":"https:\/\/www.sdapakuote.lt\/en\/products\/polyethylene-bags\/ldpe-bags\/bags-for-sprouts\/#breadcrumb"},"inLanguage":"en-US","potentialAction":[{"@type":"ReadAction","target":["https:\/\/www.sdapakuote.lt\/en\/products\/polyethylene-bags\/ldpe-bags\/bags-for-sprouts\/"]}]},{"@type":"ImageObject","inLanguage":"en-US","@id":"https:\/\/www.sdapakuote.lt\/en\/products\/polyethylene-bags\/ldpe-bags\/bags-for-sprouts\/#primaryimage","url":"https:\/\/www.sdapakuote.lt\/wp-content\/uploads\/2021\/09\/maiseliai-daigams-e41a.jpg","contentUrl":"https:\/\/www.sdapakuote.lt\/wp-content\/uploads\/2021\/09\/maiseliai-daigams-e41a.jpg","width":1024,"height":1024,"caption":"Mai\u0161eliai daigams"},{"@type":"BreadcrumbList","@id":"https:\/\/www.sdapakuote.lt\/en\/products\/polyethylene-bags\/ldpe-bags\/bags-for-sprouts\/#breadcrumb","itemListElement":[{"@type":"ListItem","position":1,"name":"Home","item":"https:\/\/www.sdapakuote.lt\/en\/"},{"@type":"ListItem","position":2,"name":"Products","item":"https:\/\/www.sdapakuote.lt\/en\/products\/"},{"@type":"ListItem","position":3,"name":"Polyethylene bags","item":"https:\/\/www.sdapakuote.lt\/en\/products\/polyethylene-bags\/"},{"@type":"ListItem","position":4,"name":"LDPE Bags","item":"https:\/\/www.sdapakuote.lt\/en\/products\/polyethylene-bags\/ldpe-bags\/"},{"@type":"ListItem","position":5,"name":"Bags for sprouts"}]},{"@type":"WebSite","@id":"https:\/\/www.sdapakuote.lt\/en\/#website","url":"https:\/\/www.sdapakuote.lt\/en\/","name":"sdapakuote.lt","description":"Kol kas tik dar vienas WordPress tinklalapis","potentialAction":[{"@type":"SearchAction","target":{"@type":"EntryPoint","urlTemplate":"https:\/\/www.sdapakuote.lt\/en\/?s={search_term_string}"},"query-input":{"@type":"PropertyValueSpecification","valueRequired":true,"valueName":"search_term_string"}}],"inLanguage":"en-US"}]}},"_links":{"self":[{"href":"https:\/\/www.sdapakuote.lt\/en\/wp-json\/wp\/v2\/pages\/2612","targetHints":{"allow":["GET"]}}],"collection":[{"href":"https:\/\/www.sdapakuote.lt\/en\/wp-json\/wp\/v2\/pages"}],"about":[{"href":"https:\/\/www.sdapakuote.lt\/en\/wp-json\/wp\/v2\/types\/page"}],"author":[{"embeddable":true,"href":"https:\/\/www.sdapakuote.lt\/en\/wp-json\/wp\/v2\/users\/1"}],"replies":[{"embeddable":true,"href":"https:\/\/www.sdapakuote.lt\/en\/wp-json\/wp\/v2\/comments?post=2612"}],"version-history":[{"count":2,"href":"https:\/\/www.sdapakuote.lt\/en\/wp-json\/wp\/v2\/pages\/2612\/revisions"}],"predecessor-version":[{"id":2614,"href":"https:\/\/www.sdapakuote.lt\/en\/wp-json\/wp\/v2\/pages\/2612\/revisions\/2614"}],"up":[{"embeddable":true,"href":"https:\/\/www.sdapakuote.lt\/en\/wp-json\/wp\/v2\/pages\/2601"}],"wp:featuredmedia":[{"embeddable":true,"href":"https:\/\/www.sdapakuote.lt\/en\/wp-json\/wp\/v2\/media\/557"}],"wp:attachment":[{"href":"https:\/\/www.sdapakuote.lt\/en\/wp-json\/wp\/v2\/media?parent=2612"}],"curies":[{"name":"wp","href":"https:\/\/api.w.org\/{rel}","templated":true}]}}