{"id":2576,"date":"2022-02-09T06:53:29","date_gmt":"2022-02-09T06:53:29","guid":{"rendered":"https:\/\/www.sdapakuote.lt\/products\/polyethylene-bags\/kitu-medziagu-maiseliai\/neaustines-medziagos-maiseliai\/"},"modified":"2023-01-26T11:08:00","modified_gmt":"2023-01-26T11:08:00","slug":"non-woven-bags","status":"publish","type":"page","link":"https:\/\/www.sdapakuote.lt\/en\/products\/polyethylene-bags\/bags-of-other-materials\/non-woven-bags\/","title":{"rendered":"Non-woven bags"},"content":{"rendered":"<p>Reusable non-woven bags with cross handle made of polyester fabric. The edges of the bag are reinforced, so the bags are strong enough. These bags are significantly cheaper than linen or cotton bags.<\/p>\n<p>We have <strong>200 x 350 mm<\/strong> (White, black, orange) and <strong>400 x 450 mm<\/strong> (White, black, orange) in stock.<\/p>\n<p><strong>We can put your brand or logo on this type of bags. Printing is possible from 1 unit!<\/strong><\/p>\n<p>&nbsp;<\/p>\n<p><img loading=\"lazy\" decoding=\"async\" class=\" wp-image-1481\" src=\"https:\/\/www.sdapakuote.lt\/wp-content\/uploads\/2022\/02\/20220209_093017-300x167.jpg\" alt=\"\" width=\"344\" height=\"191\" srcset=\"https:\/\/www.sdapakuote.lt\/wp-content\/uploads\/2022\/02\/20220209_093017-300x167.jpg 300w, https:\/\/www.sdapakuote.lt\/wp-content\/uploads\/2022\/02\/20220209_093017-1024x571.jpg 1024w, https:\/\/www.sdapakuote.lt\/wp-content\/uploads\/2022\/02\/20220209_093017-768x428.jpg 768w, https:\/\/www.sdapakuote.lt\/wp-content\/uploads\/2022\/02\/20220209_093017-1536x856.jpg 1536w, https:\/\/www.sdapakuote.lt\/wp-content\/uploads\/2022\/02\/20220209_093017-2048x1142.jpg 2048w\" sizes=\"auto, (max-width: 344px) 100vw, 344px\" \/><\/p>\n<p><a href=\"https:\/\/www.sdapakuote.lt\/en\/services\/paper-packaging-with-print\/\">https:\/\/www.sdapakuote.lt\/en\/services\/paper-packaging-with-print\/<\/a><\/p>\n","protected":false},"excerpt":{"rendered":"<p>Reusable non-woven bags with cross handle made of polyester fabric. The edges of the bag are reinforced, so the bags are strong enough. These bags are significantly cheaper than linen or cotton bags. We have 200 x 350 mm (White, black, orange) and 400 x 450 mm (White, black, orange) in stock. We can put [&hellip;]<\/p>\n","protected":false},"author":2,"featured_media":1475,"parent":2575,"menu_order":0,"comment_status":"closed","ping_status":"closed","template":"page-single-product.php","meta":{"_acf_changed":false,"footnotes":""},"class_list":["post-2576","page","type-page","status-publish","has-post-thumbnail","hentry"],"acf":[],"yoast_head":"<!-- This site is optimized with the Yoast SEO plugin v27.4 - https:\/\/yoast.com\/product\/yoast-seo-wordpress\/ -->\n<title>Non-woven bags - sdapakuote.lt<\/title>\n<meta name=\"description\" content=\"Daugkartinio naudojimo neaustin\u0117s med\u017eiagos mai\u0161eliai su kirstine rankena, pagaminti i\u0161 poliesterio audinio. Mai\u0161elio kra\u0161tai sustiprinti\" \/>\n<meta name=\"robots\" content=\"index, follow, max-snippet:-1, max-image-preview:large, max-video-preview:-1\" \/>\n<link rel=\"canonical\" href=\"https:\/\/www.sdapakuote.lt\/en\/products\/polyethylene-bags\/bags-of-other-materials\/non-woven-bags\/\" \/>\n<meta property=\"og:locale\" content=\"en_US\" \/>\n<meta property=\"og:type\" content=\"article\" \/>\n<meta property=\"og:title\" content=\"Non-woven bags - sdapakuote.lt\" \/>\n<meta property=\"og:description\" content=\"Daugkartinio naudojimo neaustin\u0117s med\u017eiagos mai\u0161eliai su kirstine rankena, pagaminti i\u0161 poliesterio audinio. Mai\u0161elio kra\u0161tai sustiprinti\" \/>\n<meta property=\"og:url\" content=\"https:\/\/www.sdapakuote.lt\/en\/products\/polyethylene-bags\/bags-of-other-materials\/non-woven-bags\/\" \/>\n<meta property=\"og:site_name\" content=\"sdapakuote.lt\" \/>\n<meta property=\"article:modified_time\" content=\"2023-01-26T11:08:00+00:00\" \/>\n<meta property=\"og:image\" content=\"https:\/\/www.sdapakuote.lt\/wp-content\/uploads\/2022\/02\/20220209_091001-scaled.jpg\" \/>\n\t<meta property=\"og:image:width\" content=\"2560\" \/>\n\t<meta property=\"og:image:height\" content=\"2560\" \/>\n\t<meta property=\"og:image:type\" content=\"image\/jpeg\" \/>\n<meta name=\"twitter:card\" content=\"summary_large_image\" \/>\n<meta name=\"twitter:label1\" content=\"Est. reading time\" \/>\n\t<meta name=\"twitter:data1\" content=\"1 minute\" \/>\n<script type=\"application\/ld+json\" class=\"yoast-schema-graph\">{\"@context\":\"https:\\\/\\\/schema.org\",\"@graph\":[{\"@type\":\"WebPage\",\"@id\":\"https:\\\/\\\/www.sdapakuote.lt\\\/en\\\/products\\\/polyethylene-bags\\\/bags-of-other-materials\\\/non-woven-bags\\\/\",\"url\":\"https:\\\/\\\/www.sdapakuote.lt\\\/en\\\/products\\\/polyethylene-bags\\\/bags-of-other-materials\\\/non-woven-bags\\\/\",\"name\":\"Non-woven bags - sdapakuote.lt\",\"isPartOf\":{\"@id\":\"https:\\\/\\\/www.sdapakuote.lt\\\/en\\\/#website\"},\"primaryImageOfPage\":{\"@id\":\"https:\\\/\\\/www.sdapakuote.lt\\\/en\\\/products\\\/polyethylene-bags\\\/bags-of-other-materials\\\/non-woven-bags\\\/#primaryimage\"},\"image\":{\"@id\":\"https:\\\/\\\/www.sdapakuote.lt\\\/en\\\/products\\\/polyethylene-bags\\\/bags-of-other-materials\\\/non-woven-bags\\\/#primaryimage\"},\"thumbnailUrl\":\"https:\\\/\\\/www.sdapakuote.lt\\\/wp-content\\\/uploads\\\/2022\\\/02\\\/20220209_091001-scaled.jpg\",\"datePublished\":\"2022-02-09T06:53:29+00:00\",\"dateModified\":\"2023-01-26T11:08:00+00:00\",\"description\":\"Daugkartinio naudojimo neaustin\u0117s med\u017eiagos mai\u0161eliai su kirstine rankena, pagaminti i\u0161 poliesterio audinio. Mai\u0161elio kra\u0161tai sustiprinti\",\"breadcrumb\":{\"@id\":\"https:\\\/\\\/www.sdapakuote.lt\\\/en\\\/products\\\/polyethylene-bags\\\/bags-of-other-materials\\\/non-woven-bags\\\/#breadcrumb\"},\"inLanguage\":\"en-US\",\"potentialAction\":[{\"@type\":\"ReadAction\",\"target\":[\"https:\\\/\\\/www.sdapakuote.lt\\\/en\\\/products\\\/polyethylene-bags\\\/bags-of-other-materials\\\/non-woven-bags\\\/\"]}]},{\"@type\":\"ImageObject\",\"inLanguage\":\"en-US\",\"@id\":\"https:\\\/\\\/www.sdapakuote.lt\\\/en\\\/products\\\/polyethylene-bags\\\/bags-of-other-materials\\\/non-woven-bags\\\/#primaryimage\",\"url\":\"https:\\\/\\\/www.sdapakuote.lt\\\/wp-content\\\/uploads\\\/2022\\\/02\\\/20220209_091001-scaled.jpg\",\"contentUrl\":\"https:\\\/\\\/www.sdapakuote.lt\\\/wp-content\\\/uploads\\\/2022\\\/02\\\/20220209_091001-scaled.jpg\",\"width\":2560,\"height\":2560,\"caption\":\"Neaustin\u0117s med\u017eiagos mai\u0161eliai\"},{\"@type\":\"BreadcrumbList\",\"@id\":\"https:\\\/\\\/www.sdapakuote.lt\\\/en\\\/products\\\/polyethylene-bags\\\/bags-of-other-materials\\\/non-woven-bags\\\/#breadcrumb\",\"itemListElement\":[{\"@type\":\"ListItem\",\"position\":1,\"name\":\"Home\",\"item\":\"https:\\\/\\\/www.sdapakuote.lt\\\/en\\\/\"},{\"@type\":\"ListItem\",\"position\":2,\"name\":\"Products\",\"item\":\"https:\\\/\\\/www.sdapakuote.lt\\\/en\\\/products\\\/\"},{\"@type\":\"ListItem\",\"position\":3,\"name\":\"Polyethylene bags\",\"item\":\"https:\\\/\\\/www.sdapakuote.lt\\\/en\\\/products\\\/polyethylene-bags\\\/\"},{\"@type\":\"ListItem\",\"position\":4,\"name\":\"Bags of other materials\",\"item\":\"https:\\\/\\\/www.sdapakuote.lt\\\/en\\\/products\\\/polyethylene-bags\\\/bags-of-other-materials\\\/\"},{\"@type\":\"ListItem\",\"position\":5,\"name\":\"Non-woven bags\"}]},{\"@type\":\"WebSite\",\"@id\":\"https:\\\/\\\/www.sdapakuote.lt\\\/en\\\/#website\",\"url\":\"https:\\\/\\\/www.sdapakuote.lt\\\/en\\\/\",\"name\":\"sdapakuote.lt\",\"description\":\"Kol kas tik dar vienas WordPress tinklalapis\",\"potentialAction\":[{\"@type\":\"SearchAction\",\"target\":{\"@type\":\"EntryPoint\",\"urlTemplate\":\"https:\\\/\\\/www.sdapakuote.lt\\\/en\\\/?s={search_term_string}\"},\"query-input\":{\"@type\":\"PropertyValueSpecification\",\"valueRequired\":true,\"valueName\":\"search_term_string\"}}],\"inLanguage\":\"en-US\"}]}<\/script>\n<!-- \/ Yoast SEO plugin. -->","yoast_head_json":{"title":"Non-woven bags - sdapakuote.lt","description":"Daugkartinio naudojimo neaustin\u0117s med\u017eiagos mai\u0161eliai su kirstine rankena, pagaminti i\u0161 poliesterio audinio. Mai\u0161elio kra\u0161tai sustiprinti","robots":{"index":"index","follow":"follow","max-snippet":"max-snippet:-1","max-image-preview":"max-image-preview:large","max-video-preview":"max-video-preview:-1"},"canonical":"https:\/\/www.sdapakuote.lt\/en\/products\/polyethylene-bags\/bags-of-other-materials\/non-woven-bags\/","og_locale":"en_US","og_type":"article","og_title":"Non-woven bags - sdapakuote.lt","og_description":"Daugkartinio naudojimo neaustin\u0117s med\u017eiagos mai\u0161eliai su kirstine rankena, pagaminti i\u0161 poliesterio audinio. Mai\u0161elio kra\u0161tai sustiprinti","og_url":"https:\/\/www.sdapakuote.lt\/en\/products\/polyethylene-bags\/bags-of-other-materials\/non-woven-bags\/","og_site_name":"sdapakuote.lt","article_modified_time":"2023-01-26T11:08:00+00:00","og_image":[{"width":2560,"height":2560,"url":"https:\/\/www.sdapakuote.lt\/wp-content\/uploads\/2022\/02\/20220209_091001-scaled.jpg","type":"image\/jpeg"}],"twitter_card":"summary_large_image","twitter_misc":{"Est. reading time":"1 minute"},"schema":{"@context":"https:\/\/schema.org","@graph":[{"@type":"WebPage","@id":"https:\/\/www.sdapakuote.lt\/en\/products\/polyethylene-bags\/bags-of-other-materials\/non-woven-bags\/","url":"https:\/\/www.sdapakuote.lt\/en\/products\/polyethylene-bags\/bags-of-other-materials\/non-woven-bags\/","name":"Non-woven bags - sdapakuote.lt","isPartOf":{"@id":"https:\/\/www.sdapakuote.lt\/en\/#website"},"primaryImageOfPage":{"@id":"https:\/\/www.sdapakuote.lt\/en\/products\/polyethylene-bags\/bags-of-other-materials\/non-woven-bags\/#primaryimage"},"image":{"@id":"https:\/\/www.sdapakuote.lt\/en\/products\/polyethylene-bags\/bags-of-other-materials\/non-woven-bags\/#primaryimage"},"thumbnailUrl":"https:\/\/www.sdapakuote.lt\/wp-content\/uploads\/2022\/02\/20220209_091001-scaled.jpg","datePublished":"2022-02-09T06:53:29+00:00","dateModified":"2023-01-26T11:08:00+00:00","description":"Daugkartinio naudojimo neaustin\u0117s med\u017eiagos mai\u0161eliai su kirstine rankena, pagaminti i\u0161 poliesterio audinio. Mai\u0161elio kra\u0161tai sustiprinti","breadcrumb":{"@id":"https:\/\/www.sdapakuote.lt\/en\/products\/polyethylene-bags\/bags-of-other-materials\/non-woven-bags\/#breadcrumb"},"inLanguage":"en-US","potentialAction":[{"@type":"ReadAction","target":["https:\/\/www.sdapakuote.lt\/en\/products\/polyethylene-bags\/bags-of-other-materials\/non-woven-bags\/"]}]},{"@type":"ImageObject","inLanguage":"en-US","@id":"https:\/\/www.sdapakuote.lt\/en\/products\/polyethylene-bags\/bags-of-other-materials\/non-woven-bags\/#primaryimage","url":"https:\/\/www.sdapakuote.lt\/wp-content\/uploads\/2022\/02\/20220209_091001-scaled.jpg","contentUrl":"https:\/\/www.sdapakuote.lt\/wp-content\/uploads\/2022\/02\/20220209_091001-scaled.jpg","width":2560,"height":2560,"caption":"Neaustin\u0117s med\u017eiagos mai\u0161eliai"},{"@type":"BreadcrumbList","@id":"https:\/\/www.sdapakuote.lt\/en\/products\/polyethylene-bags\/bags-of-other-materials\/non-woven-bags\/#breadcrumb","itemListElement":[{"@type":"ListItem","position":1,"name":"Home","item":"https:\/\/www.sdapakuote.lt\/en\/"},{"@type":"ListItem","position":2,"name":"Products","item":"https:\/\/www.sdapakuote.lt\/en\/products\/"},{"@type":"ListItem","position":3,"name":"Polyethylene bags","item":"https:\/\/www.sdapakuote.lt\/en\/products\/polyethylene-bags\/"},{"@type":"ListItem","position":4,"name":"Bags of other materials","item":"https:\/\/www.sdapakuote.lt\/en\/products\/polyethylene-bags\/bags-of-other-materials\/"},{"@type":"ListItem","position":5,"name":"Non-woven bags"}]},{"@type":"WebSite","@id":"https:\/\/www.sdapakuote.lt\/en\/#website","url":"https:\/\/www.sdapakuote.lt\/en\/","name":"sdapakuote.lt","description":"Kol kas tik dar vienas WordPress tinklalapis","potentialAction":[{"@type":"SearchAction","target":{"@type":"EntryPoint","urlTemplate":"https:\/\/www.sdapakuote.lt\/en\/?s={search_term_string}"},"query-input":{"@type":"PropertyValueSpecification","valueRequired":true,"valueName":"search_term_string"}}],"inLanguage":"en-US"}]}},"_links":{"self":[{"href":"https:\/\/www.sdapakuote.lt\/en\/wp-json\/wp\/v2\/pages\/2576","targetHints":{"allow":["GET"]}}],"collection":[{"href":"https:\/\/www.sdapakuote.lt\/en\/wp-json\/wp\/v2\/pages"}],"about":[{"href":"https:\/\/www.sdapakuote.lt\/en\/wp-json\/wp\/v2\/types\/page"}],"author":[{"embeddable":true,"href":"https:\/\/www.sdapakuote.lt\/en\/wp-json\/wp\/v2\/users\/2"}],"replies":[{"embeddable":true,"href":"https:\/\/www.sdapakuote.lt\/en\/wp-json\/wp\/v2\/comments?post=2576"}],"version-history":[{"count":3,"href":"https:\/\/www.sdapakuote.lt\/en\/wp-json\/wp\/v2\/pages\/2576\/revisions"}],"predecessor-version":[{"id":2696,"href":"https:\/\/www.sdapakuote.lt\/en\/wp-json\/wp\/v2\/pages\/2576\/revisions\/2696"}],"up":[{"embeddable":true,"href":"https:\/\/www.sdapakuote.lt\/en\/wp-json\/wp\/v2\/pages\/2575"}],"wp:featuredmedia":[{"embeddable":true,"href":"https:\/\/www.sdapakuote.lt\/en\/wp-json\/wp\/v2\/media\/1475"}],"wp:attachment":[{"href":"https:\/\/www.sdapakuote.lt\/en\/wp-json\/wp\/v2\/media?parent=2576"}],"curies":[{"name":"wp","href":"https:\/\/api.w.org\/{rel}","templated":true}]}}