{"id":2544,"date":"2021-09-14T06:51:00","date_gmt":"2021-09-14T06:51:00","guid":{"rendered":"https:\/\/www.sdapakuote.lt\/products\/polyethylene-bags\/hdpe-mdpe-bags\/maisai-rubams-apvilkti\/"},"modified":"2023-01-20T11:21:04","modified_gmt":"2023-01-20T11:21:04","slug":"bags-for-covering-clothes","status":"publish","type":"page","link":"https:\/\/www.sdapakuote.lt\/en\/products\/polyethylene-bags\/hdpe-mdpe-bags\/bags-for-covering-clothes\/","title":{"rendered":"Bags for covering clothes"},"content":{"rendered":"<p>Garment bags with a cross hole for hangers are made of HDPE transparent film &#8211; the clothes can be seen through, so it is easy to find when searching among orders. Cross hole for suspension &#8211; additional convenience. You will also ensure that the clothes remain soil-free, e.g. during transportation.<\/p>\n","protected":false},"excerpt":{"rendered":"<p>Garment bags with a cross hole for hangers are made of HDPE transparent film &#8211; the clothes can be seen through, so it is easy to find when searching among orders. Cross hole for suspension &#8211; additional convenience. You will also ensure that the clothes remain soil-free, e.g. during transportation.<\/p>\n","protected":false},"author":1,"featured_media":522,"parent":2261,"menu_order":0,"comment_status":"closed","ping_status":"closed","template":"page-single-product.php","meta":{"_acf_changed":false,"footnotes":""},"class_list":["post-2544","page","type-page","status-publish","has-post-thumbnail","hentry"],"acf":[],"yoast_head":"<!-- This site is optimized with the Yoast SEO plugin v27.4 - https:\/\/yoast.com\/product\/yoast-seo-wordpress\/ -->\n<title>Bags for covering clothes - sdapakuote.lt<\/title>\n<meta name=\"description\" content=\"Mai\u0161ai r\u016bbams apvilkti su kirstine skyle pakabai pagaminti i\u0161 HDPE skaidrios pl\u0117vel\u0117s - r\u016bbas persimato, tod\u0117l lengva rasti ie\u0161kant tarp u\u017esakym\u0173.\" \/>\n<meta name=\"robots\" content=\"index, follow, max-snippet:-1, max-image-preview:large, max-video-preview:-1\" \/>\n<link rel=\"canonical\" href=\"https:\/\/www.sdapakuote.lt\/en\/products\/polyethylene-bags\/hdpe-mdpe-bags\/bags-for-covering-clothes\/\" \/>\n<meta property=\"og:locale\" content=\"en_US\" \/>\n<meta property=\"og:type\" content=\"article\" \/>\n<meta property=\"og:title\" content=\"Bags for covering clothes - sdapakuote.lt\" \/>\n<meta property=\"og:description\" content=\"Mai\u0161ai r\u016bbams apvilkti su kirstine skyle pakabai pagaminti i\u0161 HDPE skaidrios pl\u0117vel\u0117s - r\u016bbas persimato, tod\u0117l lengva rasti ie\u0161kant tarp u\u017esakym\u0173.\" \/>\n<meta property=\"og:url\" content=\"https:\/\/www.sdapakuote.lt\/en\/products\/polyethylene-bags\/hdpe-mdpe-bags\/bags-for-covering-clothes\/\" \/>\n<meta property=\"og:site_name\" content=\"sdapakuote.lt\" \/>\n<meta property=\"article:modified_time\" content=\"2023-01-20T11:21:04+00:00\" \/>\n<meta property=\"og:image\" content=\"https:\/\/www.sdapakuote.lt\/wp-content\/uploads\/2021\/09\/maisai-rubams-apvilkti.jpg\" \/>\n\t<meta property=\"og:image:width\" content=\"606\" \/>\n\t<meta property=\"og:image:height\" content=\"1000\" \/>\n\t<meta property=\"og:image:type\" content=\"image\/jpeg\" \/>\n<meta name=\"twitter:card\" content=\"summary_large_image\" \/>\n<meta name=\"twitter:label1\" content=\"Est. reading time\" \/>\n\t<meta name=\"twitter:data1\" content=\"1 minute\" \/>\n<script type=\"application\/ld+json\" class=\"yoast-schema-graph\">{\"@context\":\"https:\\\/\\\/schema.org\",\"@graph\":[{\"@type\":\"WebPage\",\"@id\":\"https:\\\/\\\/www.sdapakuote.lt\\\/en\\\/products\\\/polyethylene-bags\\\/hdpe-mdpe-bags\\\/bags-for-covering-clothes\\\/\",\"url\":\"https:\\\/\\\/www.sdapakuote.lt\\\/en\\\/products\\\/polyethylene-bags\\\/hdpe-mdpe-bags\\\/bags-for-covering-clothes\\\/\",\"name\":\"Bags for covering clothes - sdapakuote.lt\",\"isPartOf\":{\"@id\":\"https:\\\/\\\/www.sdapakuote.lt\\\/en\\\/#website\"},\"primaryImageOfPage\":{\"@id\":\"https:\\\/\\\/www.sdapakuote.lt\\\/en\\\/products\\\/polyethylene-bags\\\/hdpe-mdpe-bags\\\/bags-for-covering-clothes\\\/#primaryimage\"},\"image\":{\"@id\":\"https:\\\/\\\/www.sdapakuote.lt\\\/en\\\/products\\\/polyethylene-bags\\\/hdpe-mdpe-bags\\\/bags-for-covering-clothes\\\/#primaryimage\"},\"thumbnailUrl\":\"https:\\\/\\\/www.sdapakuote.lt\\\/wp-content\\\/uploads\\\/2021\\\/09\\\/maisai-rubams-apvilkti.jpg\",\"datePublished\":\"2021-09-14T06:51:00+00:00\",\"dateModified\":\"2023-01-20T11:21:04+00:00\",\"description\":\"Mai\u0161ai r\u016bbams apvilkti su kirstine skyle pakabai pagaminti i\u0161 HDPE skaidrios pl\u0117vel\u0117s - r\u016bbas persimato, tod\u0117l lengva rasti ie\u0161kant tarp u\u017esakym\u0173.\",\"breadcrumb\":{\"@id\":\"https:\\\/\\\/www.sdapakuote.lt\\\/en\\\/products\\\/polyethylene-bags\\\/hdpe-mdpe-bags\\\/bags-for-covering-clothes\\\/#breadcrumb\"},\"inLanguage\":\"en-US\",\"potentialAction\":[{\"@type\":\"ReadAction\",\"target\":[\"https:\\\/\\\/www.sdapakuote.lt\\\/en\\\/products\\\/polyethylene-bags\\\/hdpe-mdpe-bags\\\/bags-for-covering-clothes\\\/\"]}]},{\"@type\":\"ImageObject\",\"inLanguage\":\"en-US\",\"@id\":\"https:\\\/\\\/www.sdapakuote.lt\\\/en\\\/products\\\/polyethylene-bags\\\/hdpe-mdpe-bags\\\/bags-for-covering-clothes\\\/#primaryimage\",\"url\":\"https:\\\/\\\/www.sdapakuote.lt\\\/wp-content\\\/uploads\\\/2021\\\/09\\\/maisai-rubams-apvilkti.jpg\",\"contentUrl\":\"https:\\\/\\\/www.sdapakuote.lt\\\/wp-content\\\/uploads\\\/2021\\\/09\\\/maisai-rubams-apvilkti.jpg\",\"width\":606,\"height\":1000},{\"@type\":\"BreadcrumbList\",\"@id\":\"https:\\\/\\\/www.sdapakuote.lt\\\/en\\\/products\\\/polyethylene-bags\\\/hdpe-mdpe-bags\\\/bags-for-covering-clothes\\\/#breadcrumb\",\"itemListElement\":[{\"@type\":\"ListItem\",\"position\":1,\"name\":\"Home\",\"item\":\"https:\\\/\\\/www.sdapakuote.lt\\\/en\\\/\"},{\"@type\":\"ListItem\",\"position\":2,\"name\":\"Products\",\"item\":\"https:\\\/\\\/www.sdapakuote.lt\\\/en\\\/products\\\/\"},{\"@type\":\"ListItem\",\"position\":3,\"name\":\"Polyethylene bags\",\"item\":\"https:\\\/\\\/www.sdapakuote.lt\\\/en\\\/products\\\/polyethylene-bags\\\/\"},{\"@type\":\"ListItem\",\"position\":4,\"name\":\"HDPE\\\/MDPE Bags\",\"item\":\"https:\\\/\\\/www.sdapakuote.lt\\\/en\\\/products\\\/polyethylene-bags\\\/hdpe-mdpe-bags\\\/\"},{\"@type\":\"ListItem\",\"position\":5,\"name\":\"Bags for covering clothes\"}]},{\"@type\":\"WebSite\",\"@id\":\"https:\\\/\\\/www.sdapakuote.lt\\\/en\\\/#website\",\"url\":\"https:\\\/\\\/www.sdapakuote.lt\\\/en\\\/\",\"name\":\"sdapakuote.lt\",\"description\":\"Kol kas tik dar vienas WordPress tinklalapis\",\"potentialAction\":[{\"@type\":\"SearchAction\",\"target\":{\"@type\":\"EntryPoint\",\"urlTemplate\":\"https:\\\/\\\/www.sdapakuote.lt\\\/en\\\/?s={search_term_string}\"},\"query-input\":{\"@type\":\"PropertyValueSpecification\",\"valueRequired\":true,\"valueName\":\"search_term_string\"}}],\"inLanguage\":\"en-US\"}]}<\/script>\n<!-- \/ Yoast SEO plugin. -->","yoast_head_json":{"title":"Bags for covering clothes - sdapakuote.lt","description":"Mai\u0161ai r\u016bbams apvilkti su kirstine skyle pakabai pagaminti i\u0161 HDPE skaidrios pl\u0117vel\u0117s - r\u016bbas persimato, tod\u0117l lengva rasti ie\u0161kant tarp u\u017esakym\u0173.","robots":{"index":"index","follow":"follow","max-snippet":"max-snippet:-1","max-image-preview":"max-image-preview:large","max-video-preview":"max-video-preview:-1"},"canonical":"https:\/\/www.sdapakuote.lt\/en\/products\/polyethylene-bags\/hdpe-mdpe-bags\/bags-for-covering-clothes\/","og_locale":"en_US","og_type":"article","og_title":"Bags for covering clothes - sdapakuote.lt","og_description":"Mai\u0161ai r\u016bbams apvilkti su kirstine skyle pakabai pagaminti i\u0161 HDPE skaidrios pl\u0117vel\u0117s - r\u016bbas persimato, tod\u0117l lengva rasti ie\u0161kant tarp u\u017esakym\u0173.","og_url":"https:\/\/www.sdapakuote.lt\/en\/products\/polyethylene-bags\/hdpe-mdpe-bags\/bags-for-covering-clothes\/","og_site_name":"sdapakuote.lt","article_modified_time":"2023-01-20T11:21:04+00:00","og_image":[{"width":606,"height":1000,"url":"https:\/\/www.sdapakuote.lt\/wp-content\/uploads\/2021\/09\/maisai-rubams-apvilkti.jpg","type":"image\/jpeg"}],"twitter_card":"summary_large_image","twitter_misc":{"Est. reading time":"1 minute"},"schema":{"@context":"https:\/\/schema.org","@graph":[{"@type":"WebPage","@id":"https:\/\/www.sdapakuote.lt\/en\/products\/polyethylene-bags\/hdpe-mdpe-bags\/bags-for-covering-clothes\/","url":"https:\/\/www.sdapakuote.lt\/en\/products\/polyethylene-bags\/hdpe-mdpe-bags\/bags-for-covering-clothes\/","name":"Bags for covering clothes - sdapakuote.lt","isPartOf":{"@id":"https:\/\/www.sdapakuote.lt\/en\/#website"},"primaryImageOfPage":{"@id":"https:\/\/www.sdapakuote.lt\/en\/products\/polyethylene-bags\/hdpe-mdpe-bags\/bags-for-covering-clothes\/#primaryimage"},"image":{"@id":"https:\/\/www.sdapakuote.lt\/en\/products\/polyethylene-bags\/hdpe-mdpe-bags\/bags-for-covering-clothes\/#primaryimage"},"thumbnailUrl":"https:\/\/www.sdapakuote.lt\/wp-content\/uploads\/2021\/09\/maisai-rubams-apvilkti.jpg","datePublished":"2021-09-14T06:51:00+00:00","dateModified":"2023-01-20T11:21:04+00:00","description":"Mai\u0161ai r\u016bbams apvilkti su kirstine skyle pakabai pagaminti i\u0161 HDPE skaidrios pl\u0117vel\u0117s - r\u016bbas persimato, tod\u0117l lengva rasti ie\u0161kant tarp u\u017esakym\u0173.","breadcrumb":{"@id":"https:\/\/www.sdapakuote.lt\/en\/products\/polyethylene-bags\/hdpe-mdpe-bags\/bags-for-covering-clothes\/#breadcrumb"},"inLanguage":"en-US","potentialAction":[{"@type":"ReadAction","target":["https:\/\/www.sdapakuote.lt\/en\/products\/polyethylene-bags\/hdpe-mdpe-bags\/bags-for-covering-clothes\/"]}]},{"@type":"ImageObject","inLanguage":"en-US","@id":"https:\/\/www.sdapakuote.lt\/en\/products\/polyethylene-bags\/hdpe-mdpe-bags\/bags-for-covering-clothes\/#primaryimage","url":"https:\/\/www.sdapakuote.lt\/wp-content\/uploads\/2021\/09\/maisai-rubams-apvilkti.jpg","contentUrl":"https:\/\/www.sdapakuote.lt\/wp-content\/uploads\/2021\/09\/maisai-rubams-apvilkti.jpg","width":606,"height":1000},{"@type":"BreadcrumbList","@id":"https:\/\/www.sdapakuote.lt\/en\/products\/polyethylene-bags\/hdpe-mdpe-bags\/bags-for-covering-clothes\/#breadcrumb","itemListElement":[{"@type":"ListItem","position":1,"name":"Home","item":"https:\/\/www.sdapakuote.lt\/en\/"},{"@type":"ListItem","position":2,"name":"Products","item":"https:\/\/www.sdapakuote.lt\/en\/products\/"},{"@type":"ListItem","position":3,"name":"Polyethylene bags","item":"https:\/\/www.sdapakuote.lt\/en\/products\/polyethylene-bags\/"},{"@type":"ListItem","position":4,"name":"HDPE\/MDPE Bags","item":"https:\/\/www.sdapakuote.lt\/en\/products\/polyethylene-bags\/hdpe-mdpe-bags\/"},{"@type":"ListItem","position":5,"name":"Bags for covering clothes"}]},{"@type":"WebSite","@id":"https:\/\/www.sdapakuote.lt\/en\/#website","url":"https:\/\/www.sdapakuote.lt\/en\/","name":"sdapakuote.lt","description":"Kol kas tik dar vienas WordPress tinklalapis","potentialAction":[{"@type":"SearchAction","target":{"@type":"EntryPoint","urlTemplate":"https:\/\/www.sdapakuote.lt\/en\/?s={search_term_string}"},"query-input":{"@type":"PropertyValueSpecification","valueRequired":true,"valueName":"search_term_string"}}],"inLanguage":"en-US"}]}},"_links":{"self":[{"href":"https:\/\/www.sdapakuote.lt\/en\/wp-json\/wp\/v2\/pages\/2544","targetHints":{"allow":["GET"]}}],"collection":[{"href":"https:\/\/www.sdapakuote.lt\/en\/wp-json\/wp\/v2\/pages"}],"about":[{"href":"https:\/\/www.sdapakuote.lt\/en\/wp-json\/wp\/v2\/types\/page"}],"author":[{"embeddable":true,"href":"https:\/\/www.sdapakuote.lt\/en\/wp-json\/wp\/v2\/users\/1"}],"replies":[{"embeddable":true,"href":"https:\/\/www.sdapakuote.lt\/en\/wp-json\/wp\/v2\/comments?post=2544"}],"version-history":[{"count":3,"href":"https:\/\/www.sdapakuote.lt\/en\/wp-json\/wp\/v2\/pages\/2544\/revisions"}],"predecessor-version":[{"id":2609,"href":"https:\/\/www.sdapakuote.lt\/en\/wp-json\/wp\/v2\/pages\/2544\/revisions\/2609"}],"up":[{"embeddable":true,"href":"https:\/\/www.sdapakuote.lt\/en\/wp-json\/wp\/v2\/pages\/2261"}],"wp:featuredmedia":[{"embeddable":true,"href":"https:\/\/www.sdapakuote.lt\/en\/wp-json\/wp\/v2\/media\/522"}],"wp:attachment":[{"href":"https:\/\/www.sdapakuote.lt\/en\/wp-json\/wp\/v2\/media?parent=2544"}],"curies":[{"name":"wp","href":"https:\/\/api.w.org\/{rel}","templated":true}]}}