{"id":2258,"date":"2021-09-14T06:52:41","date_gmt":"2021-09-14T06:52:41","guid":{"rendered":"https:\/\/www.sdapakuote.lt\/products\/polyethylene-bags\/cpp-bopp-bags\/skaidrus-maiseliai-rubams-pakuoti\/"},"modified":"2022-09-16T12:22:59","modified_gmt":"2022-09-16T12:22:59","slug":"transparent-bags-for-packing-clothes","status":"publish","type":"page","link":"https:\/\/www.sdapakuote.lt\/en\/products\/polyethylene-bags\/cpp-bopp-bags\/transparent-bags-for-packing-clothes\/","title":{"rendered":"Transparent bags for packing clothes"},"content":{"rendered":"<p id=\"tw-target-text\" class=\"tw-data-text tw-text-large tw-ta\" dir=\"ltr\" data-placeholder=\"Translation\"><span class=\"Y2IQFc\" lang=\"en\">Bags of various sizes for packing clothes. Bag sizes &#8211; according to the customer&#8217;s needs. Bags for packing clothes are made of BOPP film, which has extremely high transparency. This type of bag has an adhesive tape on the top, after placing the product, the protective tape is torn off, the top of the bag is folded and sealed.<\/span><\/p>\n","protected":false},"excerpt":{"rendered":"<p>Bags of various sizes for packing clothes. Bag sizes &#8211; according to the customer&#8217;s needs. Bags for packing clothes are made of BOPP film, which has extremely high transparency. This type of bag has an adhesive tape on the top, after placing the product, the protective tape is torn off, the top of the bag [&hellip;]<\/p>\n","protected":false},"author":1,"featured_media":434,"parent":2206,"menu_order":0,"comment_status":"closed","ping_status":"closed","template":"page-single-product.php","meta":{"_acf_changed":false,"footnotes":""},"class_list":["post-2258","page","type-page","status-publish","has-post-thumbnail","hentry"],"acf":[],"yoast_head":"<!-- This site is optimized with the Yoast SEO plugin v27.4 - https:\/\/yoast.com\/product\/yoast-seo-wordpress\/ -->\n<title>Transparent bags for packing clothes - sdapakuote.lt<\/title>\n<meta name=\"description\" content=\"\u0160io tipo mai\u0161elio vir\u0161uje yra lipni juostele, \u012fd\u0117jus gamin\u012f, nupl\u0117\u0161iama apsaugin\u0117 juostele, u\u017elenkiamas ir u\u017eklijuojamas mai\u0161elio vir\u0161us.\" \/>\n<meta name=\"robots\" content=\"index, follow, max-snippet:-1, max-image-preview:large, max-video-preview:-1\" \/>\n<link rel=\"canonical\" href=\"https:\/\/www.sdapakuote.lt\/en\/products\/polyethylene-bags\/cpp-bopp-bags\/transparent-bags-for-packing-clothes\/\" \/>\n<meta property=\"og:locale\" content=\"en_US\" \/>\n<meta property=\"og:type\" content=\"article\" \/>\n<meta property=\"og:title\" content=\"Transparent bags for packing clothes - sdapakuote.lt\" \/>\n<meta property=\"og:description\" content=\"\u0160io tipo mai\u0161elio vir\u0161uje yra lipni juostele, \u012fd\u0117jus gamin\u012f, nupl\u0117\u0161iama apsaugin\u0117 juostele, u\u017elenkiamas ir u\u017eklijuojamas mai\u0161elio vir\u0161us.\" \/>\n<meta property=\"og:url\" content=\"https:\/\/www.sdapakuote.lt\/en\/products\/polyethylene-bags\/cpp-bopp-bags\/transparent-bags-for-packing-clothes\/\" \/>\n<meta property=\"og:site_name\" content=\"sdapakuote.lt\" \/>\n<meta property=\"article:modified_time\" content=\"2022-09-16T12:22:59+00:00\" \/>\n<meta property=\"og:image\" content=\"https:\/\/www.sdapakuote.lt\/wp-content\/uploads\/2021\/09\/bopp-maiseliai-rubams-pakuoti.jpg\" \/>\n\t<meta property=\"og:image:width\" content=\"1200\" \/>\n\t<meta property=\"og:image:height\" content=\"711\" \/>\n\t<meta property=\"og:image:type\" content=\"image\/jpeg\" \/>\n<meta name=\"twitter:card\" content=\"summary_large_image\" \/>\n<script type=\"application\/ld+json\" class=\"yoast-schema-graph\">{\"@context\":\"https:\\\/\\\/schema.org\",\"@graph\":[{\"@type\":\"WebPage\",\"@id\":\"https:\\\/\\\/www.sdapakuote.lt\\\/en\\\/products\\\/polyethylene-bags\\\/cpp-bopp-bags\\\/transparent-bags-for-packing-clothes\\\/\",\"url\":\"https:\\\/\\\/www.sdapakuote.lt\\\/en\\\/products\\\/polyethylene-bags\\\/cpp-bopp-bags\\\/transparent-bags-for-packing-clothes\\\/\",\"name\":\"Transparent bags for packing clothes - sdapakuote.lt\",\"isPartOf\":{\"@id\":\"https:\\\/\\\/www.sdapakuote.lt\\\/en\\\/#website\"},\"primaryImageOfPage\":{\"@id\":\"https:\\\/\\\/www.sdapakuote.lt\\\/en\\\/products\\\/polyethylene-bags\\\/cpp-bopp-bags\\\/transparent-bags-for-packing-clothes\\\/#primaryimage\"},\"image\":{\"@id\":\"https:\\\/\\\/www.sdapakuote.lt\\\/en\\\/products\\\/polyethylene-bags\\\/cpp-bopp-bags\\\/transparent-bags-for-packing-clothes\\\/#primaryimage\"},\"thumbnailUrl\":\"https:\\\/\\\/www.sdapakuote.lt\\\/wp-content\\\/uploads\\\/2021\\\/09\\\/bopp-maiseliai-rubams-pakuoti.jpg\",\"datePublished\":\"2021-09-14T06:52:41+00:00\",\"dateModified\":\"2022-09-16T12:22:59+00:00\",\"description\":\"\u0160io tipo mai\u0161elio vir\u0161uje yra lipni juostele, \u012fd\u0117jus gamin\u012f, nupl\u0117\u0161iama apsaugin\u0117 juostele, u\u017elenkiamas ir u\u017eklijuojamas mai\u0161elio vir\u0161us.\",\"breadcrumb\":{\"@id\":\"https:\\\/\\\/www.sdapakuote.lt\\\/en\\\/products\\\/polyethylene-bags\\\/cpp-bopp-bags\\\/transparent-bags-for-packing-clothes\\\/#breadcrumb\"},\"inLanguage\":\"en-US\",\"potentialAction\":[{\"@type\":\"ReadAction\",\"target\":[\"https:\\\/\\\/www.sdapakuote.lt\\\/en\\\/products\\\/polyethylene-bags\\\/cpp-bopp-bags\\\/transparent-bags-for-packing-clothes\\\/\"]}]},{\"@type\":\"ImageObject\",\"inLanguage\":\"en-US\",\"@id\":\"https:\\\/\\\/www.sdapakuote.lt\\\/en\\\/products\\\/polyethylene-bags\\\/cpp-bopp-bags\\\/transparent-bags-for-packing-clothes\\\/#primaryimage\",\"url\":\"https:\\\/\\\/www.sdapakuote.lt\\\/wp-content\\\/uploads\\\/2021\\\/09\\\/bopp-maiseliai-rubams-pakuoti.jpg\",\"contentUrl\":\"https:\\\/\\\/www.sdapakuote.lt\\\/wp-content\\\/uploads\\\/2021\\\/09\\\/bopp-maiseliai-rubams-pakuoti.jpg\",\"width\":1200,\"height\":711},{\"@type\":\"BreadcrumbList\",\"@id\":\"https:\\\/\\\/www.sdapakuote.lt\\\/en\\\/products\\\/polyethylene-bags\\\/cpp-bopp-bags\\\/transparent-bags-for-packing-clothes\\\/#breadcrumb\",\"itemListElement\":[{\"@type\":\"ListItem\",\"position\":1,\"name\":\"Home\",\"item\":\"https:\\\/\\\/www.sdapakuote.lt\\\/en\\\/\"},{\"@type\":\"ListItem\",\"position\":2,\"name\":\"Products\",\"item\":\"https:\\\/\\\/www.sdapakuote.lt\\\/en\\\/products\\\/\"},{\"@type\":\"ListItem\",\"position\":3,\"name\":\"Polyethylene bags\",\"item\":\"https:\\\/\\\/www.sdapakuote.lt\\\/en\\\/products\\\/polyethylene-bags\\\/\"},{\"@type\":\"ListItem\",\"position\":4,\"name\":\"CPP\\\/BOPP Bags\",\"item\":\"https:\\\/\\\/www.sdapakuote.lt\\\/en\\\/products\\\/polyethylene-bags\\\/cpp-bopp-bags\\\/\"},{\"@type\":\"ListItem\",\"position\":5,\"name\":\"Transparent bags for packing clothes\"}]},{\"@type\":\"WebSite\",\"@id\":\"https:\\\/\\\/www.sdapakuote.lt\\\/en\\\/#website\",\"url\":\"https:\\\/\\\/www.sdapakuote.lt\\\/en\\\/\",\"name\":\"sdapakuote.lt\",\"description\":\"Kol kas tik dar vienas WordPress tinklalapis\",\"potentialAction\":[{\"@type\":\"SearchAction\",\"target\":{\"@type\":\"EntryPoint\",\"urlTemplate\":\"https:\\\/\\\/www.sdapakuote.lt\\\/en\\\/?s={search_term_string}\"},\"query-input\":{\"@type\":\"PropertyValueSpecification\",\"valueRequired\":true,\"valueName\":\"search_term_string\"}}],\"inLanguage\":\"en-US\"}]}<\/script>\n<!-- \/ Yoast SEO plugin. -->","yoast_head_json":{"title":"Transparent bags for packing clothes - sdapakuote.lt","description":"\u0160io tipo mai\u0161elio vir\u0161uje yra lipni juostele, \u012fd\u0117jus gamin\u012f, nupl\u0117\u0161iama apsaugin\u0117 juostele, u\u017elenkiamas ir u\u017eklijuojamas mai\u0161elio vir\u0161us.","robots":{"index":"index","follow":"follow","max-snippet":"max-snippet:-1","max-image-preview":"max-image-preview:large","max-video-preview":"max-video-preview:-1"},"canonical":"https:\/\/www.sdapakuote.lt\/en\/products\/polyethylene-bags\/cpp-bopp-bags\/transparent-bags-for-packing-clothes\/","og_locale":"en_US","og_type":"article","og_title":"Transparent bags for packing clothes - sdapakuote.lt","og_description":"\u0160io tipo mai\u0161elio vir\u0161uje yra lipni juostele, \u012fd\u0117jus gamin\u012f, nupl\u0117\u0161iama apsaugin\u0117 juostele, u\u017elenkiamas ir u\u017eklijuojamas mai\u0161elio vir\u0161us.","og_url":"https:\/\/www.sdapakuote.lt\/en\/products\/polyethylene-bags\/cpp-bopp-bags\/transparent-bags-for-packing-clothes\/","og_site_name":"sdapakuote.lt","article_modified_time":"2022-09-16T12:22:59+00:00","og_image":[{"width":1200,"height":711,"url":"https:\/\/www.sdapakuote.lt\/wp-content\/uploads\/2021\/09\/bopp-maiseliai-rubams-pakuoti.jpg","type":"image\/jpeg"}],"twitter_card":"summary_large_image","schema":{"@context":"https:\/\/schema.org","@graph":[{"@type":"WebPage","@id":"https:\/\/www.sdapakuote.lt\/en\/products\/polyethylene-bags\/cpp-bopp-bags\/transparent-bags-for-packing-clothes\/","url":"https:\/\/www.sdapakuote.lt\/en\/products\/polyethylene-bags\/cpp-bopp-bags\/transparent-bags-for-packing-clothes\/","name":"Transparent bags for packing clothes - sdapakuote.lt","isPartOf":{"@id":"https:\/\/www.sdapakuote.lt\/en\/#website"},"primaryImageOfPage":{"@id":"https:\/\/www.sdapakuote.lt\/en\/products\/polyethylene-bags\/cpp-bopp-bags\/transparent-bags-for-packing-clothes\/#primaryimage"},"image":{"@id":"https:\/\/www.sdapakuote.lt\/en\/products\/polyethylene-bags\/cpp-bopp-bags\/transparent-bags-for-packing-clothes\/#primaryimage"},"thumbnailUrl":"https:\/\/www.sdapakuote.lt\/wp-content\/uploads\/2021\/09\/bopp-maiseliai-rubams-pakuoti.jpg","datePublished":"2021-09-14T06:52:41+00:00","dateModified":"2022-09-16T12:22:59+00:00","description":"\u0160io tipo mai\u0161elio vir\u0161uje yra lipni juostele, \u012fd\u0117jus gamin\u012f, nupl\u0117\u0161iama apsaugin\u0117 juostele, u\u017elenkiamas ir u\u017eklijuojamas mai\u0161elio vir\u0161us.","breadcrumb":{"@id":"https:\/\/www.sdapakuote.lt\/en\/products\/polyethylene-bags\/cpp-bopp-bags\/transparent-bags-for-packing-clothes\/#breadcrumb"},"inLanguage":"en-US","potentialAction":[{"@type":"ReadAction","target":["https:\/\/www.sdapakuote.lt\/en\/products\/polyethylene-bags\/cpp-bopp-bags\/transparent-bags-for-packing-clothes\/"]}]},{"@type":"ImageObject","inLanguage":"en-US","@id":"https:\/\/www.sdapakuote.lt\/en\/products\/polyethylene-bags\/cpp-bopp-bags\/transparent-bags-for-packing-clothes\/#primaryimage","url":"https:\/\/www.sdapakuote.lt\/wp-content\/uploads\/2021\/09\/bopp-maiseliai-rubams-pakuoti.jpg","contentUrl":"https:\/\/www.sdapakuote.lt\/wp-content\/uploads\/2021\/09\/bopp-maiseliai-rubams-pakuoti.jpg","width":1200,"height":711},{"@type":"BreadcrumbList","@id":"https:\/\/www.sdapakuote.lt\/en\/products\/polyethylene-bags\/cpp-bopp-bags\/transparent-bags-for-packing-clothes\/#breadcrumb","itemListElement":[{"@type":"ListItem","position":1,"name":"Home","item":"https:\/\/www.sdapakuote.lt\/en\/"},{"@type":"ListItem","position":2,"name":"Products","item":"https:\/\/www.sdapakuote.lt\/en\/products\/"},{"@type":"ListItem","position":3,"name":"Polyethylene bags","item":"https:\/\/www.sdapakuote.lt\/en\/products\/polyethylene-bags\/"},{"@type":"ListItem","position":4,"name":"CPP\/BOPP Bags","item":"https:\/\/www.sdapakuote.lt\/en\/products\/polyethylene-bags\/cpp-bopp-bags\/"},{"@type":"ListItem","position":5,"name":"Transparent bags for packing clothes"}]},{"@type":"WebSite","@id":"https:\/\/www.sdapakuote.lt\/en\/#website","url":"https:\/\/www.sdapakuote.lt\/en\/","name":"sdapakuote.lt","description":"Kol kas tik dar vienas WordPress tinklalapis","potentialAction":[{"@type":"SearchAction","target":{"@type":"EntryPoint","urlTemplate":"https:\/\/www.sdapakuote.lt\/en\/?s={search_term_string}"},"query-input":{"@type":"PropertyValueSpecification","valueRequired":true,"valueName":"search_term_string"}}],"inLanguage":"en-US"}]}},"_links":{"self":[{"href":"https:\/\/www.sdapakuote.lt\/en\/wp-json\/wp\/v2\/pages\/2258","targetHints":{"allow":["GET"]}}],"collection":[{"href":"https:\/\/www.sdapakuote.lt\/en\/wp-json\/wp\/v2\/pages"}],"about":[{"href":"https:\/\/www.sdapakuote.lt\/en\/wp-json\/wp\/v2\/types\/page"}],"author":[{"embeddable":true,"href":"https:\/\/www.sdapakuote.lt\/en\/wp-json\/wp\/v2\/users\/1"}],"replies":[{"embeddable":true,"href":"https:\/\/www.sdapakuote.lt\/en\/wp-json\/wp\/v2\/comments?post=2258"}],"version-history":[{"count":1,"href":"https:\/\/www.sdapakuote.lt\/en\/wp-json\/wp\/v2\/pages\/2258\/revisions"}],"predecessor-version":[{"id":2259,"href":"https:\/\/www.sdapakuote.lt\/en\/wp-json\/wp\/v2\/pages\/2258\/revisions\/2259"}],"up":[{"embeddable":true,"href":"https:\/\/www.sdapakuote.lt\/en\/wp-json\/wp\/v2\/pages\/2206"}],"wp:featuredmedia":[{"embeddable":true,"href":"https:\/\/www.sdapakuote.lt\/en\/wp-json\/wp\/v2\/media\/434"}],"wp:attachment":[{"href":"https:\/\/www.sdapakuote.lt\/en\/wp-json\/wp\/v2\/media?parent=2258"}],"curies":[{"name":"wp","href":"https:\/\/api.w.org\/{rel}","templated":true}]}}