{"id":2254,"date":"2021-09-14T06:52:59","date_gmt":"2021-09-14T06:52:59","guid":{"rendered":"https:\/\/www.sdapakuote.lt\/products\/polyethylene-bags\/cpp-bopp-bags\/skaidrus-lakstai-sakociams-skruzdelynams\/"},"modified":"2022-09-16T12:21:25","modified_gmt":"2022-09-16T12:21:25","slug":"transparent-polyethylene-sheets-for-confectionery","status":"publish","type":"page","link":"https:\/\/www.sdapakuote.lt\/en\/products\/polyethylene-bags\/cpp-bopp-bags\/transparent-polyethylene-sheets-for-confectionery\/","title":{"rendered":"Transparent polyethylene sheets for confectionery"},"content":{"rendered":"<p>&nbsp;<\/p>\n<p id=\"tw-target-text\" class=\"tw-data-text tw-text-large tw-ta\" dir=\"ltr\" data-placeholder=\"Translation\"><span class=\"Y2IQFc\" lang=\"en\">Polyethylene sheets are a packaging substitute for bags. Since the width and height of the bags are limited according to the capacity of the machines, polyethylene sheets are used for packing extremely large (non-standard size) products &#8211; their dimensions can reach up to 2 meters in length. Therefore, we recommend packing in polyethylene sheets for such extremely large products as e.g. celebratory bouquets, gifts of non-standard size with a height of one meter or more.<\/span><\/p>\n","protected":false},"excerpt":{"rendered":"<p>&nbsp; Polyethylene sheets are a packaging substitute for bags. Since the width and height of the bags are limited according to the capacity of the machines, polyethylene sheets are used for packing extremely large (non-standard size) products &#8211; their dimensions can reach up to 2 meters in length. Therefore, we recommend packing in polyethylene sheets [&hellip;]<\/p>\n","protected":false},"author":1,"featured_media":1216,"parent":2206,"menu_order":0,"comment_status":"closed","ping_status":"closed","template":"page-single-product.php","meta":{"_acf_changed":false,"footnotes":""},"class_list":["post-2254","page","type-page","status-publish","has-post-thumbnail","hentry"],"acf":[],"yoast_head":"<!-- This site is optimized with the Yoast SEO plugin v27.4 - https:\/\/yoast.com\/product\/yoast-seo-wordpress\/ -->\n<title>Transparent polyethylene sheets for confectionery - sdapakuote.lt<\/title>\n<meta name=\"description\" content=\"Polietileno lak\u0161tai - tai pakavimo pakaitalas mai\u0161eliams. Kadangi mai\u0161\u0173 plotis ir auk\u0161tis pagal stakli\u0173 paj\u0117gumus yra ribotas, itin dideliems (nestandartinio dyd\u017eio) gaminiams fasuoti yra naudojami polietileno lak\u0161tai\" \/>\n<meta name=\"robots\" content=\"index, follow, max-snippet:-1, max-image-preview:large, max-video-preview:-1\" \/>\n<link rel=\"canonical\" href=\"https:\/\/www.sdapakuote.lt\/en\/products\/polyethylene-bags\/cpp-bopp-bags\/transparent-polyethylene-sheets-for-confectionery\/\" \/>\n<meta property=\"og:locale\" content=\"en_US\" \/>\n<meta property=\"og:type\" content=\"article\" \/>\n<meta property=\"og:title\" content=\"Transparent polyethylene sheets for confectionery - sdapakuote.lt\" \/>\n<meta property=\"og:description\" content=\"Polietileno lak\u0161tai - tai pakavimo pakaitalas mai\u0161eliams. Kadangi mai\u0161\u0173 plotis ir auk\u0161tis pagal stakli\u0173 paj\u0117gumus yra ribotas, itin dideliems (nestandartinio dyd\u017eio) gaminiams fasuoti yra naudojami polietileno lak\u0161tai\" \/>\n<meta property=\"og:url\" content=\"https:\/\/www.sdapakuote.lt\/en\/products\/polyethylene-bags\/cpp-bopp-bags\/transparent-polyethylene-sheets-for-confectionery\/\" \/>\n<meta property=\"og:site_name\" content=\"sdapakuote.lt\" \/>\n<meta property=\"article:modified_time\" content=\"2022-09-16T12:21:25+00:00\" \/>\n<meta property=\"og:image\" content=\"https:\/\/www.sdapakuote.lt\/wp-content\/uploads\/2021\/09\/20170324_124459-1_burned.jpg\" \/>\n\t<meta property=\"og:image:width\" content=\"1995\" \/>\n\t<meta property=\"og:image:height\" content=\"1904\" \/>\n\t<meta property=\"og:image:type\" content=\"image\/jpeg\" \/>\n<meta name=\"twitter:card\" content=\"summary_large_image\" \/>\n<script type=\"application\/ld+json\" class=\"yoast-schema-graph\">{\"@context\":\"https:\\\/\\\/schema.org\",\"@graph\":[{\"@type\":\"WebPage\",\"@id\":\"https:\\\/\\\/www.sdapakuote.lt\\\/en\\\/products\\\/polyethylene-bags\\\/cpp-bopp-bags\\\/transparent-polyethylene-sheets-for-confectionery\\\/\",\"url\":\"https:\\\/\\\/www.sdapakuote.lt\\\/en\\\/products\\\/polyethylene-bags\\\/cpp-bopp-bags\\\/transparent-polyethylene-sheets-for-confectionery\\\/\",\"name\":\"Transparent polyethylene sheets for confectionery - sdapakuote.lt\",\"isPartOf\":{\"@id\":\"https:\\\/\\\/www.sdapakuote.lt\\\/en\\\/#website\"},\"primaryImageOfPage\":{\"@id\":\"https:\\\/\\\/www.sdapakuote.lt\\\/en\\\/products\\\/polyethylene-bags\\\/cpp-bopp-bags\\\/transparent-polyethylene-sheets-for-confectionery\\\/#primaryimage\"},\"image\":{\"@id\":\"https:\\\/\\\/www.sdapakuote.lt\\\/en\\\/products\\\/polyethylene-bags\\\/cpp-bopp-bags\\\/transparent-polyethylene-sheets-for-confectionery\\\/#primaryimage\"},\"thumbnailUrl\":\"https:\\\/\\\/www.sdapakuote.lt\\\/wp-content\\\/uploads\\\/2021\\\/09\\\/20170324_124459-1_burned-e1673791173270.jpg\",\"datePublished\":\"2021-09-14T06:52:59+00:00\",\"dateModified\":\"2022-09-16T12:21:25+00:00\",\"description\":\"Polietileno lak\u0161tai - tai pakavimo pakaitalas mai\u0161eliams. Kadangi mai\u0161\u0173 plotis ir auk\u0161tis pagal stakli\u0173 paj\u0117gumus yra ribotas, itin dideliems (nestandartinio dyd\u017eio) gaminiams fasuoti yra naudojami polietileno lak\u0161tai\",\"breadcrumb\":{\"@id\":\"https:\\\/\\\/www.sdapakuote.lt\\\/en\\\/products\\\/polyethylene-bags\\\/cpp-bopp-bags\\\/transparent-polyethylene-sheets-for-confectionery\\\/#breadcrumb\"},\"inLanguage\":\"en-US\",\"potentialAction\":[{\"@type\":\"ReadAction\",\"target\":[\"https:\\\/\\\/www.sdapakuote.lt\\\/en\\\/products\\\/polyethylene-bags\\\/cpp-bopp-bags\\\/transparent-polyethylene-sheets-for-confectionery\\\/\"]}]},{\"@type\":\"ImageObject\",\"inLanguage\":\"en-US\",\"@id\":\"https:\\\/\\\/www.sdapakuote.lt\\\/en\\\/products\\\/polyethylene-bags\\\/cpp-bopp-bags\\\/transparent-polyethylene-sheets-for-confectionery\\\/#primaryimage\",\"url\":\"https:\\\/\\\/www.sdapakuote.lt\\\/wp-content\\\/uploads\\\/2021\\\/09\\\/20170324_124459-1_burned-e1673791173270.jpg\",\"contentUrl\":\"https:\\\/\\\/www.sdapakuote.lt\\\/wp-content\\\/uploads\\\/2021\\\/09\\\/20170324_124459-1_burned-e1673791173270.jpg\",\"width\":1995,\"height\":1904,\"caption\":\"Lak\u0161tai \u0161ako\u010diams\"},{\"@type\":\"BreadcrumbList\",\"@id\":\"https:\\\/\\\/www.sdapakuote.lt\\\/en\\\/products\\\/polyethylene-bags\\\/cpp-bopp-bags\\\/transparent-polyethylene-sheets-for-confectionery\\\/#breadcrumb\",\"itemListElement\":[{\"@type\":\"ListItem\",\"position\":1,\"name\":\"Home\",\"item\":\"https:\\\/\\\/www.sdapakuote.lt\\\/en\\\/\"},{\"@type\":\"ListItem\",\"position\":2,\"name\":\"Products\",\"item\":\"https:\\\/\\\/www.sdapakuote.lt\\\/en\\\/products\\\/\"},{\"@type\":\"ListItem\",\"position\":3,\"name\":\"Polyethylene bags\",\"item\":\"https:\\\/\\\/www.sdapakuote.lt\\\/en\\\/products\\\/polyethylene-bags\\\/\"},{\"@type\":\"ListItem\",\"position\":4,\"name\":\"CPP\\\/BOPP Bags\",\"item\":\"https:\\\/\\\/www.sdapakuote.lt\\\/en\\\/products\\\/polyethylene-bags\\\/cpp-bopp-bags\\\/\"},{\"@type\":\"ListItem\",\"position\":5,\"name\":\"Transparent polyethylene sheets for confectionery\"}]},{\"@type\":\"WebSite\",\"@id\":\"https:\\\/\\\/www.sdapakuote.lt\\\/en\\\/#website\",\"url\":\"https:\\\/\\\/www.sdapakuote.lt\\\/en\\\/\",\"name\":\"sdapakuote.lt\",\"description\":\"Kol kas tik dar vienas WordPress tinklalapis\",\"potentialAction\":[{\"@type\":\"SearchAction\",\"target\":{\"@type\":\"EntryPoint\",\"urlTemplate\":\"https:\\\/\\\/www.sdapakuote.lt\\\/en\\\/?s={search_term_string}\"},\"query-input\":{\"@type\":\"PropertyValueSpecification\",\"valueRequired\":true,\"valueName\":\"search_term_string\"}}],\"inLanguage\":\"en-US\"}]}<\/script>\n<!-- \/ Yoast SEO plugin. -->","yoast_head_json":{"title":"Transparent polyethylene sheets for confectionery - sdapakuote.lt","description":"Polietileno lak\u0161tai - tai pakavimo pakaitalas mai\u0161eliams. Kadangi mai\u0161\u0173 plotis ir auk\u0161tis pagal stakli\u0173 paj\u0117gumus yra ribotas, itin dideliems (nestandartinio dyd\u017eio) gaminiams fasuoti yra naudojami polietileno lak\u0161tai","robots":{"index":"index","follow":"follow","max-snippet":"max-snippet:-1","max-image-preview":"max-image-preview:large","max-video-preview":"max-video-preview:-1"},"canonical":"https:\/\/www.sdapakuote.lt\/en\/products\/polyethylene-bags\/cpp-bopp-bags\/transparent-polyethylene-sheets-for-confectionery\/","og_locale":"en_US","og_type":"article","og_title":"Transparent polyethylene sheets for confectionery - sdapakuote.lt","og_description":"Polietileno lak\u0161tai - tai pakavimo pakaitalas mai\u0161eliams. Kadangi mai\u0161\u0173 plotis ir auk\u0161tis pagal stakli\u0173 paj\u0117gumus yra ribotas, itin dideliems (nestandartinio dyd\u017eio) gaminiams fasuoti yra naudojami polietileno lak\u0161tai","og_url":"https:\/\/www.sdapakuote.lt\/en\/products\/polyethylene-bags\/cpp-bopp-bags\/transparent-polyethylene-sheets-for-confectionery\/","og_site_name":"sdapakuote.lt","article_modified_time":"2022-09-16T12:21:25+00:00","og_image":[{"width":1995,"height":1904,"url":"https:\/\/www.sdapakuote.lt\/wp-content\/uploads\/2021\/09\/20170324_124459-1_burned.jpg","type":"image\/jpeg"}],"twitter_card":"summary_large_image","schema":{"@context":"https:\/\/schema.org","@graph":[{"@type":"WebPage","@id":"https:\/\/www.sdapakuote.lt\/en\/products\/polyethylene-bags\/cpp-bopp-bags\/transparent-polyethylene-sheets-for-confectionery\/","url":"https:\/\/www.sdapakuote.lt\/en\/products\/polyethylene-bags\/cpp-bopp-bags\/transparent-polyethylene-sheets-for-confectionery\/","name":"Transparent polyethylene sheets for confectionery - sdapakuote.lt","isPartOf":{"@id":"https:\/\/www.sdapakuote.lt\/en\/#website"},"primaryImageOfPage":{"@id":"https:\/\/www.sdapakuote.lt\/en\/products\/polyethylene-bags\/cpp-bopp-bags\/transparent-polyethylene-sheets-for-confectionery\/#primaryimage"},"image":{"@id":"https:\/\/www.sdapakuote.lt\/en\/products\/polyethylene-bags\/cpp-bopp-bags\/transparent-polyethylene-sheets-for-confectionery\/#primaryimage"},"thumbnailUrl":"https:\/\/www.sdapakuote.lt\/wp-content\/uploads\/2021\/09\/20170324_124459-1_burned-e1673791173270.jpg","datePublished":"2021-09-14T06:52:59+00:00","dateModified":"2022-09-16T12:21:25+00:00","description":"Polietileno lak\u0161tai - tai pakavimo pakaitalas mai\u0161eliams. Kadangi mai\u0161\u0173 plotis ir auk\u0161tis pagal stakli\u0173 paj\u0117gumus yra ribotas, itin dideliems (nestandartinio dyd\u017eio) gaminiams fasuoti yra naudojami polietileno lak\u0161tai","breadcrumb":{"@id":"https:\/\/www.sdapakuote.lt\/en\/products\/polyethylene-bags\/cpp-bopp-bags\/transparent-polyethylene-sheets-for-confectionery\/#breadcrumb"},"inLanguage":"en-US","potentialAction":[{"@type":"ReadAction","target":["https:\/\/www.sdapakuote.lt\/en\/products\/polyethylene-bags\/cpp-bopp-bags\/transparent-polyethylene-sheets-for-confectionery\/"]}]},{"@type":"ImageObject","inLanguage":"en-US","@id":"https:\/\/www.sdapakuote.lt\/en\/products\/polyethylene-bags\/cpp-bopp-bags\/transparent-polyethylene-sheets-for-confectionery\/#primaryimage","url":"https:\/\/www.sdapakuote.lt\/wp-content\/uploads\/2021\/09\/20170324_124459-1_burned-e1673791173270.jpg","contentUrl":"https:\/\/www.sdapakuote.lt\/wp-content\/uploads\/2021\/09\/20170324_124459-1_burned-e1673791173270.jpg","width":1995,"height":1904,"caption":"Lak\u0161tai \u0161ako\u010diams"},{"@type":"BreadcrumbList","@id":"https:\/\/www.sdapakuote.lt\/en\/products\/polyethylene-bags\/cpp-bopp-bags\/transparent-polyethylene-sheets-for-confectionery\/#breadcrumb","itemListElement":[{"@type":"ListItem","position":1,"name":"Home","item":"https:\/\/www.sdapakuote.lt\/en\/"},{"@type":"ListItem","position":2,"name":"Products","item":"https:\/\/www.sdapakuote.lt\/en\/products\/"},{"@type":"ListItem","position":3,"name":"Polyethylene bags","item":"https:\/\/www.sdapakuote.lt\/en\/products\/polyethylene-bags\/"},{"@type":"ListItem","position":4,"name":"CPP\/BOPP Bags","item":"https:\/\/www.sdapakuote.lt\/en\/products\/polyethylene-bags\/cpp-bopp-bags\/"},{"@type":"ListItem","position":5,"name":"Transparent polyethylene sheets for confectionery"}]},{"@type":"WebSite","@id":"https:\/\/www.sdapakuote.lt\/en\/#website","url":"https:\/\/www.sdapakuote.lt\/en\/","name":"sdapakuote.lt","description":"Kol kas tik dar vienas WordPress tinklalapis","potentialAction":[{"@type":"SearchAction","target":{"@type":"EntryPoint","urlTemplate":"https:\/\/www.sdapakuote.lt\/en\/?s={search_term_string}"},"query-input":{"@type":"PropertyValueSpecification","valueRequired":true,"valueName":"search_term_string"}}],"inLanguage":"en-US"}]}},"_links":{"self":[{"href":"https:\/\/www.sdapakuote.lt\/en\/wp-json\/wp\/v2\/pages\/2254","targetHints":{"allow":["GET"]}}],"collection":[{"href":"https:\/\/www.sdapakuote.lt\/en\/wp-json\/wp\/v2\/pages"}],"about":[{"href":"https:\/\/www.sdapakuote.lt\/en\/wp-json\/wp\/v2\/types\/page"}],"author":[{"embeddable":true,"href":"https:\/\/www.sdapakuote.lt\/en\/wp-json\/wp\/v2\/users\/1"}],"replies":[{"embeddable":true,"href":"https:\/\/www.sdapakuote.lt\/en\/wp-json\/wp\/v2\/comments?post=2254"}],"version-history":[{"count":2,"href":"https:\/\/www.sdapakuote.lt\/en\/wp-json\/wp\/v2\/pages\/2254\/revisions"}],"predecessor-version":[{"id":2256,"href":"https:\/\/www.sdapakuote.lt\/en\/wp-json\/wp\/v2\/pages\/2254\/revisions\/2256"}],"up":[{"embeddable":true,"href":"https:\/\/www.sdapakuote.lt\/en\/wp-json\/wp\/v2\/pages\/2206"}],"wp:featuredmedia":[{"embeddable":true,"href":"https:\/\/www.sdapakuote.lt\/en\/wp-json\/wp\/v2\/media\/1216"}],"wp:attachment":[{"href":"https:\/\/www.sdapakuote.lt\/en\/wp-json\/wp\/v2\/media?parent=2254"}],"curies":[{"name":"wp","href":"https:\/\/api.w.org\/{rel}","templated":true}]}}