{"id":2229,"date":"2021-09-14T06:53:37","date_gmt":"2021-09-14T06:53:37","guid":{"rendered":"https:\/\/www.sdapakuote.lt\/products\/polyethylene-bags\/cpp-bopp-bags\/maiseliai-sakociams\/"},"modified":"2022-09-16T11:42:57","modified_gmt":"2022-09-16T11:42:57","slug":"bags-for-tree-cakes","status":"publish","type":"page","link":"https:\/\/www.sdapakuote.lt\/en\/products\/polyethylene-bags\/cpp-bopp-bags\/bags-for-tree-cakes\/","title":{"rendered":"Bags for Tree Cakes"},"content":{"rendered":"<p id=\"tw-target-text\" class=\"tw-data-text tw-text-large tw-ta\" dir=\"ltr\" data-placeholder=\"Translation\"><span class=\"Y2IQFc\" lang=\"en\">Bags made of CPP\/BOPP film are characterized by extremely high transparency. Since the product itself, i.e. branching, &#8220;speaks for itself&#8221;, delicate packaging, like a light touch, gives completeness to the product being sold. Economical compared to a cardboard corner. The bags are made with 4 small (~1 cm diameter) holes so that the baked goods &#8220;breathe&#8221; and do not start to mold.<\/span><\/p>\n","protected":false},"excerpt":{"rendered":"<p>Bags made of CPP\/BOPP film are characterized by extremely high transparency. Since the product itself, i.e. branching, &#8220;speaks for itself&#8221;, delicate packaging, like a light touch, gives completeness to the product being sold. Economical compared to a cardboard corner. The bags are made with 4 small (~1 cm diameter) holes so that the baked goods [&hellip;]<\/p>\n","protected":false},"author":1,"featured_media":468,"parent":2206,"menu_order":0,"comment_status":"closed","ping_status":"closed","template":"page-single-product.php","meta":{"_acf_changed":false,"footnotes":""},"class_list":["post-2229","page","type-page","status-publish","has-post-thumbnail","hentry"],"acf":[],"yoast_head":"<!-- This site is optimized with the Yoast SEO plugin v27.4 - https:\/\/yoast.com\/product\/yoast-seo-wordpress\/ -->\n<title>Bags for Tree Cakes - sdapakuote.lt<\/title>\n<meta name=\"description\" content=\"Gaminame mai\u0161elius \u0161ako\u010diams. Mai\u0161elius gaminame i\u0161 CPP arba BOPP med\u017eiagos, tai skaidri, tra\u0161ki, permatoma med\u017eiaga.\" \/>\n<meta name=\"robots\" content=\"index, follow, max-snippet:-1, max-image-preview:large, max-video-preview:-1\" \/>\n<link rel=\"canonical\" href=\"https:\/\/www.sdapakuote.lt\/en\/products\/polyethylene-bags\/cpp-bopp-bags\/bags-for-tree-cakes\/\" \/>\n<meta property=\"og:locale\" content=\"en_US\" \/>\n<meta property=\"og:type\" content=\"article\" \/>\n<meta property=\"og:title\" content=\"Bags for Tree Cakes - sdapakuote.lt\" \/>\n<meta property=\"og:description\" content=\"Gaminame mai\u0161elius \u0161ako\u010diams. Mai\u0161elius gaminame i\u0161 CPP arba BOPP med\u017eiagos, tai skaidri, tra\u0161ki, permatoma med\u017eiaga.\" \/>\n<meta property=\"og:url\" content=\"https:\/\/www.sdapakuote.lt\/en\/products\/polyethylene-bags\/cpp-bopp-bags\/bags-for-tree-cakes\/\" \/>\n<meta property=\"og:site_name\" content=\"sdapakuote.lt\" \/>\n<meta property=\"article:modified_time\" content=\"2022-09-16T11:42:57+00:00\" \/>\n<meta property=\"og:image\" content=\"https:\/\/www.sdapakuote.lt\/wp-content\/uploads\/2021\/09\/maiseliai-sakociams.jpg\" \/>\n\t<meta property=\"og:image:width\" content=\"550\" \/>\n\t<meta property=\"og:image:height\" content=\"1000\" \/>\n\t<meta property=\"og:image:type\" content=\"image\/jpeg\" \/>\n<meta name=\"twitter:card\" content=\"summary_large_image\" \/>\n<script type=\"application\/ld+json\" class=\"yoast-schema-graph\">{\"@context\":\"https:\\\/\\\/schema.org\",\"@graph\":[{\"@type\":\"WebPage\",\"@id\":\"https:\\\/\\\/www.sdapakuote.lt\\\/en\\\/products\\\/polyethylene-bags\\\/cpp-bopp-bags\\\/bags-for-tree-cakes\\\/\",\"url\":\"https:\\\/\\\/www.sdapakuote.lt\\\/en\\\/products\\\/polyethylene-bags\\\/cpp-bopp-bags\\\/bags-for-tree-cakes\\\/\",\"name\":\"Bags for Tree Cakes - sdapakuote.lt\",\"isPartOf\":{\"@id\":\"https:\\\/\\\/www.sdapakuote.lt\\\/en\\\/#website\"},\"primaryImageOfPage\":{\"@id\":\"https:\\\/\\\/www.sdapakuote.lt\\\/en\\\/products\\\/polyethylene-bags\\\/cpp-bopp-bags\\\/bags-for-tree-cakes\\\/#primaryimage\"},\"image\":{\"@id\":\"https:\\\/\\\/www.sdapakuote.lt\\\/en\\\/products\\\/polyethylene-bags\\\/cpp-bopp-bags\\\/bags-for-tree-cakes\\\/#primaryimage\"},\"thumbnailUrl\":\"https:\\\/\\\/www.sdapakuote.lt\\\/wp-content\\\/uploads\\\/2021\\\/09\\\/maiseliai-sakociams.jpg\",\"datePublished\":\"2021-09-14T06:53:37+00:00\",\"dateModified\":\"2022-09-16T11:42:57+00:00\",\"description\":\"Gaminame mai\u0161elius \u0161ako\u010diams. Mai\u0161elius gaminame i\u0161 CPP arba BOPP med\u017eiagos, tai skaidri, tra\u0161ki, permatoma med\u017eiaga.\",\"breadcrumb\":{\"@id\":\"https:\\\/\\\/www.sdapakuote.lt\\\/en\\\/products\\\/polyethylene-bags\\\/cpp-bopp-bags\\\/bags-for-tree-cakes\\\/#breadcrumb\"},\"inLanguage\":\"en-US\",\"potentialAction\":[{\"@type\":\"ReadAction\",\"target\":[\"https:\\\/\\\/www.sdapakuote.lt\\\/en\\\/products\\\/polyethylene-bags\\\/cpp-bopp-bags\\\/bags-for-tree-cakes\\\/\"]}]},{\"@type\":\"ImageObject\",\"inLanguage\":\"en-US\",\"@id\":\"https:\\\/\\\/www.sdapakuote.lt\\\/en\\\/products\\\/polyethylene-bags\\\/cpp-bopp-bags\\\/bags-for-tree-cakes\\\/#primaryimage\",\"url\":\"https:\\\/\\\/www.sdapakuote.lt\\\/wp-content\\\/uploads\\\/2021\\\/09\\\/maiseliai-sakociams.jpg\",\"contentUrl\":\"https:\\\/\\\/www.sdapakuote.lt\\\/wp-content\\\/uploads\\\/2021\\\/09\\\/maiseliai-sakociams.jpg\",\"width\":550,\"height\":1000,\"caption\":\"Mai\u0161eli\u0173 \u0161ako\u010diams gamyba\"},{\"@type\":\"BreadcrumbList\",\"@id\":\"https:\\\/\\\/www.sdapakuote.lt\\\/en\\\/products\\\/polyethylene-bags\\\/cpp-bopp-bags\\\/bags-for-tree-cakes\\\/#breadcrumb\",\"itemListElement\":[{\"@type\":\"ListItem\",\"position\":1,\"name\":\"Home\",\"item\":\"https:\\\/\\\/www.sdapakuote.lt\\\/en\\\/\"},{\"@type\":\"ListItem\",\"position\":2,\"name\":\"Products\",\"item\":\"https:\\\/\\\/www.sdapakuote.lt\\\/en\\\/products\\\/\"},{\"@type\":\"ListItem\",\"position\":3,\"name\":\"Polyethylene bags\",\"item\":\"https:\\\/\\\/www.sdapakuote.lt\\\/en\\\/products\\\/polyethylene-bags\\\/\"},{\"@type\":\"ListItem\",\"position\":4,\"name\":\"CPP\\\/BOPP Bags\",\"item\":\"https:\\\/\\\/www.sdapakuote.lt\\\/en\\\/products\\\/polyethylene-bags\\\/cpp-bopp-bags\\\/\"},{\"@type\":\"ListItem\",\"position\":5,\"name\":\"Bags for Tree Cakes\"}]},{\"@type\":\"WebSite\",\"@id\":\"https:\\\/\\\/www.sdapakuote.lt\\\/en\\\/#website\",\"url\":\"https:\\\/\\\/www.sdapakuote.lt\\\/en\\\/\",\"name\":\"sdapakuote.lt\",\"description\":\"Kol kas tik dar vienas WordPress tinklalapis\",\"potentialAction\":[{\"@type\":\"SearchAction\",\"target\":{\"@type\":\"EntryPoint\",\"urlTemplate\":\"https:\\\/\\\/www.sdapakuote.lt\\\/en\\\/?s={search_term_string}\"},\"query-input\":{\"@type\":\"PropertyValueSpecification\",\"valueRequired\":true,\"valueName\":\"search_term_string\"}}],\"inLanguage\":\"en-US\"}]}<\/script>\n<!-- \/ Yoast SEO plugin. -->","yoast_head_json":{"title":"Bags for Tree Cakes - sdapakuote.lt","description":"Gaminame mai\u0161elius \u0161ako\u010diams. Mai\u0161elius gaminame i\u0161 CPP arba BOPP med\u017eiagos, tai skaidri, tra\u0161ki, permatoma med\u017eiaga.","robots":{"index":"index","follow":"follow","max-snippet":"max-snippet:-1","max-image-preview":"max-image-preview:large","max-video-preview":"max-video-preview:-1"},"canonical":"https:\/\/www.sdapakuote.lt\/en\/products\/polyethylene-bags\/cpp-bopp-bags\/bags-for-tree-cakes\/","og_locale":"en_US","og_type":"article","og_title":"Bags for Tree Cakes - sdapakuote.lt","og_description":"Gaminame mai\u0161elius \u0161ako\u010diams. Mai\u0161elius gaminame i\u0161 CPP arba BOPP med\u017eiagos, tai skaidri, tra\u0161ki, permatoma med\u017eiaga.","og_url":"https:\/\/www.sdapakuote.lt\/en\/products\/polyethylene-bags\/cpp-bopp-bags\/bags-for-tree-cakes\/","og_site_name":"sdapakuote.lt","article_modified_time":"2022-09-16T11:42:57+00:00","og_image":[{"width":550,"height":1000,"url":"https:\/\/www.sdapakuote.lt\/wp-content\/uploads\/2021\/09\/maiseliai-sakociams.jpg","type":"image\/jpeg"}],"twitter_card":"summary_large_image","schema":{"@context":"https:\/\/schema.org","@graph":[{"@type":"WebPage","@id":"https:\/\/www.sdapakuote.lt\/en\/products\/polyethylene-bags\/cpp-bopp-bags\/bags-for-tree-cakes\/","url":"https:\/\/www.sdapakuote.lt\/en\/products\/polyethylene-bags\/cpp-bopp-bags\/bags-for-tree-cakes\/","name":"Bags for Tree Cakes - sdapakuote.lt","isPartOf":{"@id":"https:\/\/www.sdapakuote.lt\/en\/#website"},"primaryImageOfPage":{"@id":"https:\/\/www.sdapakuote.lt\/en\/products\/polyethylene-bags\/cpp-bopp-bags\/bags-for-tree-cakes\/#primaryimage"},"image":{"@id":"https:\/\/www.sdapakuote.lt\/en\/products\/polyethylene-bags\/cpp-bopp-bags\/bags-for-tree-cakes\/#primaryimage"},"thumbnailUrl":"https:\/\/www.sdapakuote.lt\/wp-content\/uploads\/2021\/09\/maiseliai-sakociams.jpg","datePublished":"2021-09-14T06:53:37+00:00","dateModified":"2022-09-16T11:42:57+00:00","description":"Gaminame mai\u0161elius \u0161ako\u010diams. Mai\u0161elius gaminame i\u0161 CPP arba BOPP med\u017eiagos, tai skaidri, tra\u0161ki, permatoma med\u017eiaga.","breadcrumb":{"@id":"https:\/\/www.sdapakuote.lt\/en\/products\/polyethylene-bags\/cpp-bopp-bags\/bags-for-tree-cakes\/#breadcrumb"},"inLanguage":"en-US","potentialAction":[{"@type":"ReadAction","target":["https:\/\/www.sdapakuote.lt\/en\/products\/polyethylene-bags\/cpp-bopp-bags\/bags-for-tree-cakes\/"]}]},{"@type":"ImageObject","inLanguage":"en-US","@id":"https:\/\/www.sdapakuote.lt\/en\/products\/polyethylene-bags\/cpp-bopp-bags\/bags-for-tree-cakes\/#primaryimage","url":"https:\/\/www.sdapakuote.lt\/wp-content\/uploads\/2021\/09\/maiseliai-sakociams.jpg","contentUrl":"https:\/\/www.sdapakuote.lt\/wp-content\/uploads\/2021\/09\/maiseliai-sakociams.jpg","width":550,"height":1000,"caption":"Mai\u0161eli\u0173 \u0161ako\u010diams gamyba"},{"@type":"BreadcrumbList","@id":"https:\/\/www.sdapakuote.lt\/en\/products\/polyethylene-bags\/cpp-bopp-bags\/bags-for-tree-cakes\/#breadcrumb","itemListElement":[{"@type":"ListItem","position":1,"name":"Home","item":"https:\/\/www.sdapakuote.lt\/en\/"},{"@type":"ListItem","position":2,"name":"Products","item":"https:\/\/www.sdapakuote.lt\/en\/products\/"},{"@type":"ListItem","position":3,"name":"Polyethylene bags","item":"https:\/\/www.sdapakuote.lt\/en\/products\/polyethylene-bags\/"},{"@type":"ListItem","position":4,"name":"CPP\/BOPP Bags","item":"https:\/\/www.sdapakuote.lt\/en\/products\/polyethylene-bags\/cpp-bopp-bags\/"},{"@type":"ListItem","position":5,"name":"Bags for Tree Cakes"}]},{"@type":"WebSite","@id":"https:\/\/www.sdapakuote.lt\/en\/#website","url":"https:\/\/www.sdapakuote.lt\/en\/","name":"sdapakuote.lt","description":"Kol kas tik dar vienas WordPress tinklalapis","potentialAction":[{"@type":"SearchAction","target":{"@type":"EntryPoint","urlTemplate":"https:\/\/www.sdapakuote.lt\/en\/?s={search_term_string}"},"query-input":{"@type":"PropertyValueSpecification","valueRequired":true,"valueName":"search_term_string"}}],"inLanguage":"en-US"}]}},"_links":{"self":[{"href":"https:\/\/www.sdapakuote.lt\/en\/wp-json\/wp\/v2\/pages\/2229","targetHints":{"allow":["GET"]}}],"collection":[{"href":"https:\/\/www.sdapakuote.lt\/en\/wp-json\/wp\/v2\/pages"}],"about":[{"href":"https:\/\/www.sdapakuote.lt\/en\/wp-json\/wp\/v2\/types\/page"}],"author":[{"embeddable":true,"href":"https:\/\/www.sdapakuote.lt\/en\/wp-json\/wp\/v2\/users\/1"}],"replies":[{"embeddable":true,"href":"https:\/\/www.sdapakuote.lt\/en\/wp-json\/wp\/v2\/comments?post=2229"}],"version-history":[{"count":2,"href":"https:\/\/www.sdapakuote.lt\/en\/wp-json\/wp\/v2\/pages\/2229\/revisions"}],"predecessor-version":[{"id":2231,"href":"https:\/\/www.sdapakuote.lt\/en\/wp-json\/wp\/v2\/pages\/2229\/revisions\/2231"}],"up":[{"embeddable":true,"href":"https:\/\/www.sdapakuote.lt\/en\/wp-json\/wp\/v2\/pages\/2206"}],"wp:featuredmedia":[{"embeddable":true,"href":"https:\/\/www.sdapakuote.lt\/en\/wp-json\/wp\/v2\/media\/468"}],"wp:attachment":[{"href":"https:\/\/www.sdapakuote.lt\/en\/wp-json\/wp\/v2\/media?parent=2229"}],"curies":[{"name":"wp","href":"https:\/\/api.w.org\/{rel}","templated":true}]}}