{"id":2217,"date":"2021-09-14T06:53:56","date_gmt":"2021-09-14T06:53:56","guid":{"rendered":"https:\/\/www.sdapakuote.lt\/products\/polyethylene-bags\/cpp-bopp-bags\/maiseliai-duonos-ir-konditerijos-gaminiams\/"},"modified":"2022-09-16T08:28:03","modified_gmt":"2022-09-16T08:28:03","slug":"bags-for-bread-and-confectionery-products","status":"publish","type":"page","link":"https:\/\/www.sdapakuote.lt\/en\/products\/polyethylene-bags\/cpp-bopp-bags\/bags-for-bread-and-confectionery-products\/","title":{"rendered":"Bags for bread and confectionery products"},"content":{"rendered":"<p id=\"tw-target-text\" class=\"tw-data-text tw-text-large tw-ta\" dir=\"ltr\" data-placeholder=\"Translation\"><span class=\"Y2IQFc\" lang=\"en\">Bags made of CPP\/BOPP film are characterized by extremely high transparency. The products are perfectly visible, attract the user&#8217;s attention, and the packaging is pleasant to hold in the hands. Packaged bread products will take customers&#8217; attention with their attractiveness, who will be tempted to buy fresh golden pastries.<\/span><\/p>\n","protected":false},"excerpt":{"rendered":"<p>Bags made of CPP\/BOPP film are characterized by extremely high transparency. The products are perfectly visible, attract the user&#8217;s attention, and the packaging is pleasant to hold in the hands. Packaged bread products will take customers&#8217; attention with their attractiveness, who will be tempted to buy fresh golden pastries.<\/p>\n","protected":false},"author":1,"featured_media":453,"parent":2206,"menu_order":0,"comment_status":"closed","ping_status":"closed","template":"page-single-product.php","meta":{"_acf_changed":false,"footnotes":""},"class_list":["post-2217","page","type-page","status-publish","has-post-thumbnail","hentry"],"acf":[],"yoast_head":"<!-- This site is optimized with the Yoast SEO plugin v27.4 - https:\/\/yoast.com\/product\/yoast-seo-wordpress\/ -->\n<title>Bags for bread and confectionery products - sdapakuote.lt<\/title>\n<meta name=\"description\" content=\"Mai\u0161eliai, pagaminti i\u0161 CPP\/BOPP (tra\u0161kios) pl\u0117vel\u0117s pasi\u017eymi itin dideliu skaidrumu ir permatomumu, kas leid\u017eia pirk\u0117jui matyti gamin\u012f.\" \/>\n<meta name=\"robots\" content=\"index, follow, max-snippet:-1, max-image-preview:large, max-video-preview:-1\" \/>\n<link rel=\"canonical\" href=\"https:\/\/www.sdapakuote.lt\/en\/products\/polyethylene-bags\/cpp-bopp-bags\/bags-for-bread-and-confectionery-products\/\" \/>\n<meta property=\"og:locale\" content=\"en_US\" \/>\n<meta property=\"og:type\" content=\"article\" \/>\n<meta property=\"og:title\" content=\"Bags for bread and confectionery products - sdapakuote.lt\" \/>\n<meta property=\"og:description\" content=\"Mai\u0161eliai, pagaminti i\u0161 CPP\/BOPP (tra\u0161kios) pl\u0117vel\u0117s pasi\u017eymi itin dideliu skaidrumu ir permatomumu, kas leid\u017eia pirk\u0117jui matyti gamin\u012f.\" \/>\n<meta property=\"og:url\" content=\"https:\/\/www.sdapakuote.lt\/en\/products\/polyethylene-bags\/cpp-bopp-bags\/bags-for-bread-and-confectionery-products\/\" \/>\n<meta property=\"og:site_name\" content=\"sdapakuote.lt\" \/>\n<meta property=\"article:modified_time\" content=\"2022-09-16T08:28:03+00:00\" \/>\n<meta property=\"og:image\" content=\"https:\/\/www.sdapakuote.lt\/wp-content\/uploads\/2021\/09\/maiseliai-duonai.jpg\" \/>\n\t<meta property=\"og:image:width\" content=\"599\" \/>\n\t<meta property=\"og:image:height\" content=\"448\" \/>\n\t<meta property=\"og:image:type\" content=\"image\/jpeg\" \/>\n<meta name=\"twitter:card\" content=\"summary_large_image\" \/>\n<script type=\"application\/ld+json\" class=\"yoast-schema-graph\">{\"@context\":\"https:\\\/\\\/schema.org\",\"@graph\":[{\"@type\":\"WebPage\",\"@id\":\"https:\\\/\\\/www.sdapakuote.lt\\\/en\\\/products\\\/polyethylene-bags\\\/cpp-bopp-bags\\\/bags-for-bread-and-confectionery-products\\\/\",\"url\":\"https:\\\/\\\/www.sdapakuote.lt\\\/en\\\/products\\\/polyethylene-bags\\\/cpp-bopp-bags\\\/bags-for-bread-and-confectionery-products\\\/\",\"name\":\"Bags for bread and confectionery products - sdapakuote.lt\",\"isPartOf\":{\"@id\":\"https:\\\/\\\/www.sdapakuote.lt\\\/en\\\/#website\"},\"primaryImageOfPage\":{\"@id\":\"https:\\\/\\\/www.sdapakuote.lt\\\/en\\\/products\\\/polyethylene-bags\\\/cpp-bopp-bags\\\/bags-for-bread-and-confectionery-products\\\/#primaryimage\"},\"image\":{\"@id\":\"https:\\\/\\\/www.sdapakuote.lt\\\/en\\\/products\\\/polyethylene-bags\\\/cpp-bopp-bags\\\/bags-for-bread-and-confectionery-products\\\/#primaryimage\"},\"thumbnailUrl\":\"https:\\\/\\\/www.sdapakuote.lt\\\/wp-content\\\/uploads\\\/2021\\\/09\\\/maiseliai-duonai.jpg\",\"datePublished\":\"2021-09-14T06:53:56+00:00\",\"dateModified\":\"2022-09-16T08:28:03+00:00\",\"description\":\"Mai\u0161eliai, pagaminti i\u0161 CPP\\\/BOPP (tra\u0161kios) pl\u0117vel\u0117s pasi\u017eymi itin dideliu skaidrumu ir permatomumu, kas leid\u017eia pirk\u0117jui matyti gamin\u012f.\",\"breadcrumb\":{\"@id\":\"https:\\\/\\\/www.sdapakuote.lt\\\/en\\\/products\\\/polyethylene-bags\\\/cpp-bopp-bags\\\/bags-for-bread-and-confectionery-products\\\/#breadcrumb\"},\"inLanguage\":\"en-US\",\"potentialAction\":[{\"@type\":\"ReadAction\",\"target\":[\"https:\\\/\\\/www.sdapakuote.lt\\\/en\\\/products\\\/polyethylene-bags\\\/cpp-bopp-bags\\\/bags-for-bread-and-confectionery-products\\\/\"]}]},{\"@type\":\"ImageObject\",\"inLanguage\":\"en-US\",\"@id\":\"https:\\\/\\\/www.sdapakuote.lt\\\/en\\\/products\\\/polyethylene-bags\\\/cpp-bopp-bags\\\/bags-for-bread-and-confectionery-products\\\/#primaryimage\",\"url\":\"https:\\\/\\\/www.sdapakuote.lt\\\/wp-content\\\/uploads\\\/2021\\\/09\\\/maiseliai-duonai.jpg\",\"contentUrl\":\"https:\\\/\\\/www.sdapakuote.lt\\\/wp-content\\\/uploads\\\/2021\\\/09\\\/maiseliai-duonai.jpg\",\"width\":599,\"height\":448},{\"@type\":\"BreadcrumbList\",\"@id\":\"https:\\\/\\\/www.sdapakuote.lt\\\/en\\\/products\\\/polyethylene-bags\\\/cpp-bopp-bags\\\/bags-for-bread-and-confectionery-products\\\/#breadcrumb\",\"itemListElement\":[{\"@type\":\"ListItem\",\"position\":1,\"name\":\"Home\",\"item\":\"https:\\\/\\\/www.sdapakuote.lt\\\/en\\\/\"},{\"@type\":\"ListItem\",\"position\":2,\"name\":\"Products\",\"item\":\"https:\\\/\\\/www.sdapakuote.lt\\\/en\\\/products\\\/\"},{\"@type\":\"ListItem\",\"position\":3,\"name\":\"Polyethylene bags\",\"item\":\"https:\\\/\\\/www.sdapakuote.lt\\\/en\\\/products\\\/polyethylene-bags\\\/\"},{\"@type\":\"ListItem\",\"position\":4,\"name\":\"CPP\\\/BOPP Bags\",\"item\":\"https:\\\/\\\/www.sdapakuote.lt\\\/en\\\/products\\\/polyethylene-bags\\\/cpp-bopp-bags\\\/\"},{\"@type\":\"ListItem\",\"position\":5,\"name\":\"Bags for bread and confectionery products\"}]},{\"@type\":\"WebSite\",\"@id\":\"https:\\\/\\\/www.sdapakuote.lt\\\/en\\\/#website\",\"url\":\"https:\\\/\\\/www.sdapakuote.lt\\\/en\\\/\",\"name\":\"sdapakuote.lt\",\"description\":\"Kol kas tik dar vienas WordPress tinklalapis\",\"potentialAction\":[{\"@type\":\"SearchAction\",\"target\":{\"@type\":\"EntryPoint\",\"urlTemplate\":\"https:\\\/\\\/www.sdapakuote.lt\\\/en\\\/?s={search_term_string}\"},\"query-input\":{\"@type\":\"PropertyValueSpecification\",\"valueRequired\":true,\"valueName\":\"search_term_string\"}}],\"inLanguage\":\"en-US\"}]}<\/script>\n<!-- \/ Yoast SEO plugin. -->","yoast_head_json":{"title":"Bags for bread and confectionery products - sdapakuote.lt","description":"Mai\u0161eliai, pagaminti i\u0161 CPP\/BOPP (tra\u0161kios) pl\u0117vel\u0117s pasi\u017eymi itin dideliu skaidrumu ir permatomumu, kas leid\u017eia pirk\u0117jui matyti gamin\u012f.","robots":{"index":"index","follow":"follow","max-snippet":"max-snippet:-1","max-image-preview":"max-image-preview:large","max-video-preview":"max-video-preview:-1"},"canonical":"https:\/\/www.sdapakuote.lt\/en\/products\/polyethylene-bags\/cpp-bopp-bags\/bags-for-bread-and-confectionery-products\/","og_locale":"en_US","og_type":"article","og_title":"Bags for bread and confectionery products - sdapakuote.lt","og_description":"Mai\u0161eliai, pagaminti i\u0161 CPP\/BOPP (tra\u0161kios) pl\u0117vel\u0117s pasi\u017eymi itin dideliu skaidrumu ir permatomumu, kas leid\u017eia pirk\u0117jui matyti gamin\u012f.","og_url":"https:\/\/www.sdapakuote.lt\/en\/products\/polyethylene-bags\/cpp-bopp-bags\/bags-for-bread-and-confectionery-products\/","og_site_name":"sdapakuote.lt","article_modified_time":"2022-09-16T08:28:03+00:00","og_image":[{"width":599,"height":448,"url":"https:\/\/www.sdapakuote.lt\/wp-content\/uploads\/2021\/09\/maiseliai-duonai.jpg","type":"image\/jpeg"}],"twitter_card":"summary_large_image","schema":{"@context":"https:\/\/schema.org","@graph":[{"@type":"WebPage","@id":"https:\/\/www.sdapakuote.lt\/en\/products\/polyethylene-bags\/cpp-bopp-bags\/bags-for-bread-and-confectionery-products\/","url":"https:\/\/www.sdapakuote.lt\/en\/products\/polyethylene-bags\/cpp-bopp-bags\/bags-for-bread-and-confectionery-products\/","name":"Bags for bread and confectionery products - sdapakuote.lt","isPartOf":{"@id":"https:\/\/www.sdapakuote.lt\/en\/#website"},"primaryImageOfPage":{"@id":"https:\/\/www.sdapakuote.lt\/en\/products\/polyethylene-bags\/cpp-bopp-bags\/bags-for-bread-and-confectionery-products\/#primaryimage"},"image":{"@id":"https:\/\/www.sdapakuote.lt\/en\/products\/polyethylene-bags\/cpp-bopp-bags\/bags-for-bread-and-confectionery-products\/#primaryimage"},"thumbnailUrl":"https:\/\/www.sdapakuote.lt\/wp-content\/uploads\/2021\/09\/maiseliai-duonai.jpg","datePublished":"2021-09-14T06:53:56+00:00","dateModified":"2022-09-16T08:28:03+00:00","description":"Mai\u0161eliai, pagaminti i\u0161 CPP\/BOPP (tra\u0161kios) pl\u0117vel\u0117s pasi\u017eymi itin dideliu skaidrumu ir permatomumu, kas leid\u017eia pirk\u0117jui matyti gamin\u012f.","breadcrumb":{"@id":"https:\/\/www.sdapakuote.lt\/en\/products\/polyethylene-bags\/cpp-bopp-bags\/bags-for-bread-and-confectionery-products\/#breadcrumb"},"inLanguage":"en-US","potentialAction":[{"@type":"ReadAction","target":["https:\/\/www.sdapakuote.lt\/en\/products\/polyethylene-bags\/cpp-bopp-bags\/bags-for-bread-and-confectionery-products\/"]}]},{"@type":"ImageObject","inLanguage":"en-US","@id":"https:\/\/www.sdapakuote.lt\/en\/products\/polyethylene-bags\/cpp-bopp-bags\/bags-for-bread-and-confectionery-products\/#primaryimage","url":"https:\/\/www.sdapakuote.lt\/wp-content\/uploads\/2021\/09\/maiseliai-duonai.jpg","contentUrl":"https:\/\/www.sdapakuote.lt\/wp-content\/uploads\/2021\/09\/maiseliai-duonai.jpg","width":599,"height":448},{"@type":"BreadcrumbList","@id":"https:\/\/www.sdapakuote.lt\/en\/products\/polyethylene-bags\/cpp-bopp-bags\/bags-for-bread-and-confectionery-products\/#breadcrumb","itemListElement":[{"@type":"ListItem","position":1,"name":"Home","item":"https:\/\/www.sdapakuote.lt\/en\/"},{"@type":"ListItem","position":2,"name":"Products","item":"https:\/\/www.sdapakuote.lt\/en\/products\/"},{"@type":"ListItem","position":3,"name":"Polyethylene bags","item":"https:\/\/www.sdapakuote.lt\/en\/products\/polyethylene-bags\/"},{"@type":"ListItem","position":4,"name":"CPP\/BOPP Bags","item":"https:\/\/www.sdapakuote.lt\/en\/products\/polyethylene-bags\/cpp-bopp-bags\/"},{"@type":"ListItem","position":5,"name":"Bags for bread and confectionery products"}]},{"@type":"WebSite","@id":"https:\/\/www.sdapakuote.lt\/en\/#website","url":"https:\/\/www.sdapakuote.lt\/en\/","name":"sdapakuote.lt","description":"Kol kas tik dar vienas WordPress tinklalapis","potentialAction":[{"@type":"SearchAction","target":{"@type":"EntryPoint","urlTemplate":"https:\/\/www.sdapakuote.lt\/en\/?s={search_term_string}"},"query-input":{"@type":"PropertyValueSpecification","valueRequired":true,"valueName":"search_term_string"}}],"inLanguage":"en-US"}]}},"_links":{"self":[{"href":"https:\/\/www.sdapakuote.lt\/en\/wp-json\/wp\/v2\/pages\/2217","targetHints":{"allow":["GET"]}}],"collection":[{"href":"https:\/\/www.sdapakuote.lt\/en\/wp-json\/wp\/v2\/pages"}],"about":[{"href":"https:\/\/www.sdapakuote.lt\/en\/wp-json\/wp\/v2\/types\/page"}],"author":[{"embeddable":true,"href":"https:\/\/www.sdapakuote.lt\/en\/wp-json\/wp\/v2\/users\/1"}],"replies":[{"embeddable":true,"href":"https:\/\/www.sdapakuote.lt\/en\/wp-json\/wp\/v2\/comments?post=2217"}],"version-history":[{"count":1,"href":"https:\/\/www.sdapakuote.lt\/en\/wp-json\/wp\/v2\/pages\/2217\/revisions"}],"predecessor-version":[{"id":2219,"href":"https:\/\/www.sdapakuote.lt\/en\/wp-json\/wp\/v2\/pages\/2217\/revisions\/2219"}],"up":[{"embeddable":true,"href":"https:\/\/www.sdapakuote.lt\/en\/wp-json\/wp\/v2\/pages\/2206"}],"wp:featuredmedia":[{"embeddable":true,"href":"https:\/\/www.sdapakuote.lt\/en\/wp-json\/wp\/v2\/media\/453"}],"wp:attachment":[{"href":"https:\/\/www.sdapakuote.lt\/en\/wp-json\/wp\/v2\/media?parent=2217"}],"curies":[{"name":"wp","href":"https:\/\/api.w.org\/{rel}","templated":true}]}}