{"id":2213,"date":"2021-09-14T06:55:08","date_gmt":"2021-09-14T06:55:08","guid":{"rendered":"https:\/\/www.sdapakuote.lt\/products\/polyethylene-bags\/cpp-bopp-bags\/maiseliai-dovanu-rinkiniams\/"},"modified":"2022-09-16T08:21:18","modified_gmt":"2022-09-16T08:21:18","slug":"bags-for-gift-sets","status":"publish","type":"page","link":"https:\/\/www.sdapakuote.lt\/en\/products\/polyethylene-bags\/cpp-bopp-bags\/bags-for-gift-sets\/","title":{"rendered":"Bags for gift sets"},"content":{"rendered":"<p>&nbsp;<\/p>\n<p id=\"tw-target-text\" class=\"tw-data-text tw-text-large tw-ta\" dir=\"ltr\" data-placeholder=\"Translation\"><span class=\"Y2IQFc\" lang=\"en\">Bags made of CPP\/BOPP film are characterized by high transparency, which gives the packaged products additional appeal. Economical packaging method compared to cardboard packaging. The product packed in these bags is transparent and looks festive. You can buy these bags in small quantities in our online store, for larger orders or other measurements, please contact us by phone or email.<\/span><\/p>\n","protected":false},"excerpt":{"rendered":"<p>&nbsp; Bags made of CPP\/BOPP film are characterized by high transparency, which gives the packaged products additional appeal. Economical packaging method compared to cardboard packaging. The product packed in these bags is transparent and looks festive. You can buy these bags in small quantities in our online store, for larger orders or other measurements, please [&hellip;]<\/p>\n","protected":false},"author":1,"featured_media":449,"parent":2206,"menu_order":0,"comment_status":"closed","ping_status":"closed","template":"page-single-product.php","meta":{"_acf_changed":false,"footnotes":""},"class_list":["post-2213","page","type-page","status-publish","has-post-thumbnail","hentry"],"acf":[],"yoast_head":"<!-- This site is optimized with the Yoast SEO plugin v27.4 - https:\/\/yoast.com\/product\/yoast-seo-wordpress\/ -->\n<title>Bags for gift sets - sdapakuote.lt<\/title>\n<meta name=\"description\" content=\"Mai\u0161eliai i\u0161 CPP\/BOPP pl\u0117vel\u0117s pasi\u017eymi itin dideliu skaidrumu, kas suteikia supakuotiems gaminiams papildomo patrauklumo.\" \/>\n<meta name=\"robots\" content=\"index, follow, max-snippet:-1, max-image-preview:large, max-video-preview:-1\" \/>\n<link rel=\"canonical\" href=\"https:\/\/www.sdapakuote.lt\/en\/products\/polyethylene-bags\/cpp-bopp-bags\/bags-for-gift-sets\/\" \/>\n<meta property=\"og:locale\" content=\"en_US\" \/>\n<meta property=\"og:type\" content=\"article\" \/>\n<meta property=\"og:title\" content=\"Bags for gift sets - sdapakuote.lt\" \/>\n<meta property=\"og:description\" content=\"Mai\u0161eliai i\u0161 CPP\/BOPP pl\u0117vel\u0117s pasi\u017eymi itin dideliu skaidrumu, kas suteikia supakuotiems gaminiams papildomo patrauklumo.\" \/>\n<meta property=\"og:url\" content=\"https:\/\/www.sdapakuote.lt\/en\/products\/polyethylene-bags\/cpp-bopp-bags\/bags-for-gift-sets\/\" \/>\n<meta property=\"og:site_name\" content=\"sdapakuote.lt\" \/>\n<meta property=\"article:modified_time\" content=\"2022-09-16T08:21:18+00:00\" \/>\n<meta property=\"og:image\" content=\"https:\/\/www.sdapakuote.lt\/wp-content\/uploads\/2021\/09\/maiseliai-dovanu-rinkiniams.jpg\" \/>\n\t<meta property=\"og:image:width\" content=\"562\" \/>\n\t<meta property=\"og:image:height\" content=\"1000\" \/>\n\t<meta property=\"og:image:type\" content=\"image\/jpeg\" \/>\n<meta name=\"twitter:card\" content=\"summary_large_image\" \/>\n<script type=\"application\/ld+json\" class=\"yoast-schema-graph\">{\"@context\":\"https:\\\/\\\/schema.org\",\"@graph\":[{\"@type\":\"WebPage\",\"@id\":\"https:\\\/\\\/www.sdapakuote.lt\\\/en\\\/products\\\/polyethylene-bags\\\/cpp-bopp-bags\\\/bags-for-gift-sets\\\/\",\"url\":\"https:\\\/\\\/www.sdapakuote.lt\\\/en\\\/products\\\/polyethylene-bags\\\/cpp-bopp-bags\\\/bags-for-gift-sets\\\/\",\"name\":\"Bags for gift sets - sdapakuote.lt\",\"isPartOf\":{\"@id\":\"https:\\\/\\\/www.sdapakuote.lt\\\/en\\\/#website\"},\"primaryImageOfPage\":{\"@id\":\"https:\\\/\\\/www.sdapakuote.lt\\\/en\\\/products\\\/polyethylene-bags\\\/cpp-bopp-bags\\\/bags-for-gift-sets\\\/#primaryimage\"},\"image\":{\"@id\":\"https:\\\/\\\/www.sdapakuote.lt\\\/en\\\/products\\\/polyethylene-bags\\\/cpp-bopp-bags\\\/bags-for-gift-sets\\\/#primaryimage\"},\"thumbnailUrl\":\"https:\\\/\\\/www.sdapakuote.lt\\\/wp-content\\\/uploads\\\/2021\\\/09\\\/maiseliai-dovanu-rinkiniams.jpg\",\"datePublished\":\"2021-09-14T06:55:08+00:00\",\"dateModified\":\"2022-09-16T08:21:18+00:00\",\"description\":\"Mai\u0161eliai i\u0161 CPP\\\/BOPP pl\u0117vel\u0117s pasi\u017eymi itin dideliu skaidrumu, kas suteikia supakuotiems gaminiams papildomo patrauklumo.\",\"breadcrumb\":{\"@id\":\"https:\\\/\\\/www.sdapakuote.lt\\\/en\\\/products\\\/polyethylene-bags\\\/cpp-bopp-bags\\\/bags-for-gift-sets\\\/#breadcrumb\"},\"inLanguage\":\"en-US\",\"potentialAction\":[{\"@type\":\"ReadAction\",\"target\":[\"https:\\\/\\\/www.sdapakuote.lt\\\/en\\\/products\\\/polyethylene-bags\\\/cpp-bopp-bags\\\/bags-for-gift-sets\\\/\"]}]},{\"@type\":\"ImageObject\",\"inLanguage\":\"en-US\",\"@id\":\"https:\\\/\\\/www.sdapakuote.lt\\\/en\\\/products\\\/polyethylene-bags\\\/cpp-bopp-bags\\\/bags-for-gift-sets\\\/#primaryimage\",\"url\":\"https:\\\/\\\/www.sdapakuote.lt\\\/wp-content\\\/uploads\\\/2021\\\/09\\\/maiseliai-dovanu-rinkiniams.jpg\",\"contentUrl\":\"https:\\\/\\\/www.sdapakuote.lt\\\/wp-content\\\/uploads\\\/2021\\\/09\\\/maiseliai-dovanu-rinkiniams.jpg\",\"width\":562,\"height\":1000},{\"@type\":\"BreadcrumbList\",\"@id\":\"https:\\\/\\\/www.sdapakuote.lt\\\/en\\\/products\\\/polyethylene-bags\\\/cpp-bopp-bags\\\/bags-for-gift-sets\\\/#breadcrumb\",\"itemListElement\":[{\"@type\":\"ListItem\",\"position\":1,\"name\":\"Home\",\"item\":\"https:\\\/\\\/www.sdapakuote.lt\\\/en\\\/\"},{\"@type\":\"ListItem\",\"position\":2,\"name\":\"Products\",\"item\":\"https:\\\/\\\/www.sdapakuote.lt\\\/en\\\/products\\\/\"},{\"@type\":\"ListItem\",\"position\":3,\"name\":\"Polyethylene bags\",\"item\":\"https:\\\/\\\/www.sdapakuote.lt\\\/en\\\/products\\\/polyethylene-bags\\\/\"},{\"@type\":\"ListItem\",\"position\":4,\"name\":\"CPP\\\/BOPP Bags\",\"item\":\"https:\\\/\\\/www.sdapakuote.lt\\\/en\\\/products\\\/polyethylene-bags\\\/cpp-bopp-bags\\\/\"},{\"@type\":\"ListItem\",\"position\":5,\"name\":\"Bags for gift sets\"}]},{\"@type\":\"WebSite\",\"@id\":\"https:\\\/\\\/www.sdapakuote.lt\\\/en\\\/#website\",\"url\":\"https:\\\/\\\/www.sdapakuote.lt\\\/en\\\/\",\"name\":\"sdapakuote.lt\",\"description\":\"Kol kas tik dar vienas WordPress tinklalapis\",\"potentialAction\":[{\"@type\":\"SearchAction\",\"target\":{\"@type\":\"EntryPoint\",\"urlTemplate\":\"https:\\\/\\\/www.sdapakuote.lt\\\/en\\\/?s={search_term_string}\"},\"query-input\":{\"@type\":\"PropertyValueSpecification\",\"valueRequired\":true,\"valueName\":\"search_term_string\"}}],\"inLanguage\":\"en-US\"}]}<\/script>\n<!-- \/ Yoast SEO plugin. -->","yoast_head_json":{"title":"Bags for gift sets - sdapakuote.lt","description":"Mai\u0161eliai i\u0161 CPP\/BOPP pl\u0117vel\u0117s pasi\u017eymi itin dideliu skaidrumu, kas suteikia supakuotiems gaminiams papildomo patrauklumo.","robots":{"index":"index","follow":"follow","max-snippet":"max-snippet:-1","max-image-preview":"max-image-preview:large","max-video-preview":"max-video-preview:-1"},"canonical":"https:\/\/www.sdapakuote.lt\/en\/products\/polyethylene-bags\/cpp-bopp-bags\/bags-for-gift-sets\/","og_locale":"en_US","og_type":"article","og_title":"Bags for gift sets - sdapakuote.lt","og_description":"Mai\u0161eliai i\u0161 CPP\/BOPP pl\u0117vel\u0117s pasi\u017eymi itin dideliu skaidrumu, kas suteikia supakuotiems gaminiams papildomo patrauklumo.","og_url":"https:\/\/www.sdapakuote.lt\/en\/products\/polyethylene-bags\/cpp-bopp-bags\/bags-for-gift-sets\/","og_site_name":"sdapakuote.lt","article_modified_time":"2022-09-16T08:21:18+00:00","og_image":[{"width":562,"height":1000,"url":"https:\/\/www.sdapakuote.lt\/wp-content\/uploads\/2021\/09\/maiseliai-dovanu-rinkiniams.jpg","type":"image\/jpeg"}],"twitter_card":"summary_large_image","schema":{"@context":"https:\/\/schema.org","@graph":[{"@type":"WebPage","@id":"https:\/\/www.sdapakuote.lt\/en\/products\/polyethylene-bags\/cpp-bopp-bags\/bags-for-gift-sets\/","url":"https:\/\/www.sdapakuote.lt\/en\/products\/polyethylene-bags\/cpp-bopp-bags\/bags-for-gift-sets\/","name":"Bags for gift sets - sdapakuote.lt","isPartOf":{"@id":"https:\/\/www.sdapakuote.lt\/en\/#website"},"primaryImageOfPage":{"@id":"https:\/\/www.sdapakuote.lt\/en\/products\/polyethylene-bags\/cpp-bopp-bags\/bags-for-gift-sets\/#primaryimage"},"image":{"@id":"https:\/\/www.sdapakuote.lt\/en\/products\/polyethylene-bags\/cpp-bopp-bags\/bags-for-gift-sets\/#primaryimage"},"thumbnailUrl":"https:\/\/www.sdapakuote.lt\/wp-content\/uploads\/2021\/09\/maiseliai-dovanu-rinkiniams.jpg","datePublished":"2021-09-14T06:55:08+00:00","dateModified":"2022-09-16T08:21:18+00:00","description":"Mai\u0161eliai i\u0161 CPP\/BOPP pl\u0117vel\u0117s pasi\u017eymi itin dideliu skaidrumu, kas suteikia supakuotiems gaminiams papildomo patrauklumo.","breadcrumb":{"@id":"https:\/\/www.sdapakuote.lt\/en\/products\/polyethylene-bags\/cpp-bopp-bags\/bags-for-gift-sets\/#breadcrumb"},"inLanguage":"en-US","potentialAction":[{"@type":"ReadAction","target":["https:\/\/www.sdapakuote.lt\/en\/products\/polyethylene-bags\/cpp-bopp-bags\/bags-for-gift-sets\/"]}]},{"@type":"ImageObject","inLanguage":"en-US","@id":"https:\/\/www.sdapakuote.lt\/en\/products\/polyethylene-bags\/cpp-bopp-bags\/bags-for-gift-sets\/#primaryimage","url":"https:\/\/www.sdapakuote.lt\/wp-content\/uploads\/2021\/09\/maiseliai-dovanu-rinkiniams.jpg","contentUrl":"https:\/\/www.sdapakuote.lt\/wp-content\/uploads\/2021\/09\/maiseliai-dovanu-rinkiniams.jpg","width":562,"height":1000},{"@type":"BreadcrumbList","@id":"https:\/\/www.sdapakuote.lt\/en\/products\/polyethylene-bags\/cpp-bopp-bags\/bags-for-gift-sets\/#breadcrumb","itemListElement":[{"@type":"ListItem","position":1,"name":"Home","item":"https:\/\/www.sdapakuote.lt\/en\/"},{"@type":"ListItem","position":2,"name":"Products","item":"https:\/\/www.sdapakuote.lt\/en\/products\/"},{"@type":"ListItem","position":3,"name":"Polyethylene bags","item":"https:\/\/www.sdapakuote.lt\/en\/products\/polyethylene-bags\/"},{"@type":"ListItem","position":4,"name":"CPP\/BOPP Bags","item":"https:\/\/www.sdapakuote.lt\/en\/products\/polyethylene-bags\/cpp-bopp-bags\/"},{"@type":"ListItem","position":5,"name":"Bags for gift sets"}]},{"@type":"WebSite","@id":"https:\/\/www.sdapakuote.lt\/en\/#website","url":"https:\/\/www.sdapakuote.lt\/en\/","name":"sdapakuote.lt","description":"Kol kas tik dar vienas WordPress tinklalapis","potentialAction":[{"@type":"SearchAction","target":{"@type":"EntryPoint","urlTemplate":"https:\/\/www.sdapakuote.lt\/en\/?s={search_term_string}"},"query-input":{"@type":"PropertyValueSpecification","valueRequired":true,"valueName":"search_term_string"}}],"inLanguage":"en-US"}]}},"_links":{"self":[{"href":"https:\/\/www.sdapakuote.lt\/en\/wp-json\/wp\/v2\/pages\/2213","targetHints":{"allow":["GET"]}}],"collection":[{"href":"https:\/\/www.sdapakuote.lt\/en\/wp-json\/wp\/v2\/pages"}],"about":[{"href":"https:\/\/www.sdapakuote.lt\/en\/wp-json\/wp\/v2\/types\/page"}],"author":[{"embeddable":true,"href":"https:\/\/www.sdapakuote.lt\/en\/wp-json\/wp\/v2\/users\/1"}],"replies":[{"embeddable":true,"href":"https:\/\/www.sdapakuote.lt\/en\/wp-json\/wp\/v2\/comments?post=2213"}],"version-history":[{"count":2,"href":"https:\/\/www.sdapakuote.lt\/en\/wp-json\/wp\/v2\/pages\/2213\/revisions"}],"predecessor-version":[{"id":2215,"href":"https:\/\/www.sdapakuote.lt\/en\/wp-json\/wp\/v2\/pages\/2213\/revisions\/2215"}],"up":[{"embeddable":true,"href":"https:\/\/www.sdapakuote.lt\/en\/wp-json\/wp\/v2\/pages\/2206"}],"wp:featuredmedia":[{"embeddable":true,"href":"https:\/\/www.sdapakuote.lt\/en\/wp-json\/wp\/v2\/media\/449"}],"wp:attachment":[{"href":"https:\/\/www.sdapakuote.lt\/en\/wp-json\/wp\/v2\/media?parent=2213"}],"curies":[{"name":"wp","href":"https:\/\/api.w.org\/{rel}","templated":true}]}}