{"id":2195,"date":"2021-09-28T07:11:51","date_gmt":"2021-09-28T07:11:51","guid":{"rendered":"https:\/\/www.sdapakuote.lt\/products\/films\/pakavimo-plevele-stretch-skaidri\/"},"modified":"2023-01-20T17:06:58","modified_gmt":"2023-01-20T17:06:58","slug":"stretch-packaging-film-transparent","status":"publish","type":"page","link":"https:\/\/www.sdapakuote.lt\/en\/products\/films\/stretch-packaging-film-transparent\/","title":{"rendered":"Stretch packaging film Transparent"},"content":{"rendered":"<p>&nbsp;<\/p>\n<p id=\"tw-target-text\" class=\"tw-data-text tw-text-large tw-ta\" dir=\"ltr\" data-placeholder=\"Translation\"><span class=\"Y2IQFc\" lang=\"en\">Wholesale of Stretch wrap film in rolls. The standard dimensions of the film we sell are 450 mm or 500 mm wide, in a 220 meter roll. The color is transparent. Packed in 6 units with or without boxes. We can wrap the film according to the length desired by the customer. Other colors and measurements are also available. You can also buy this product in retail quantities in our online store.<\/span><\/p>\n<p><iframe loading=\"lazy\" src=\"\/\/www.youtube.com\/embed\/xvNzM2wI9mk\" width=\"300\" height=\"168\" allowfullscreen=\"allowfullscreen\"><\/iframe><\/p>\n","protected":false},"excerpt":{"rendered":"<p>&nbsp; Wholesale of Stretch wrap film in rolls. The standard dimensions of the film we sell are 450 mm or 500 mm wide, in a 220 meter roll. The color is transparent. Packed in 6 units with or without boxes. We can wrap the film according to the length desired by the customer. Other colors [&hellip;]<\/p>\n","protected":false},"author":2,"featured_media":1067,"parent":2119,"menu_order":0,"comment_status":"closed","ping_status":"closed","template":"page-single-product.php","meta":{"_acf_changed":false,"footnotes":""},"class_list":["post-2195","page","type-page","status-publish","has-post-thumbnail","hentry"],"acf":[],"yoast_head":"<!-- This site is optimized with the Yoast SEO plugin v27.4 - https:\/\/yoast.com\/product\/yoast-seo-wordpress\/ -->\n<title>Stretch packaging film Transparent - sdapakuote.lt<\/title>\n<meta name=\"description\" content=\"Didmenin\u0117 prekyba tampria pl\u0117vele (Stretch) rulon\u0117liuose. Standartiniai m\u016bs\u0173 prekiaujamos pl\u0117vel\u0117s matmenys yra 450mm arba 500mm plo\u010dio.\" \/>\n<meta name=\"robots\" content=\"index, follow, max-snippet:-1, max-image-preview:large, max-video-preview:-1\" \/>\n<link rel=\"canonical\" href=\"https:\/\/www.sdapakuote.lt\/en\/products\/films\/stretch-packaging-film-transparent\/\" \/>\n<meta property=\"og:locale\" content=\"en_US\" \/>\n<meta property=\"og:type\" content=\"article\" \/>\n<meta property=\"og:title\" content=\"Stretch packaging film Transparent - sdapakuote.lt\" \/>\n<meta property=\"og:description\" content=\"Didmenin\u0117 prekyba tampria pl\u0117vele (Stretch) rulon\u0117liuose. Standartiniai m\u016bs\u0173 prekiaujamos pl\u0117vel\u0117s matmenys yra 450mm arba 500mm plo\u010dio.\" \/>\n<meta property=\"og:url\" content=\"https:\/\/www.sdapakuote.lt\/en\/products\/films\/stretch-packaging-film-transparent\/\" \/>\n<meta property=\"og:site_name\" content=\"sdapakuote.lt\" \/>\n<meta property=\"article:modified_time\" content=\"2023-01-20T17:06:58+00:00\" \/>\n<meta property=\"og:image\" content=\"https:\/\/www.sdapakuote.lt\/wp-content\/uploads\/2021\/09\/Tampri-plevele-scaled.jpg\" \/>\n\t<meta property=\"og:image:width\" content=\"2560\" \/>\n\t<meta property=\"og:image:height\" content=\"1857\" \/>\n\t<meta property=\"og:image:type\" content=\"image\/jpeg\" \/>\n<meta name=\"twitter:card\" content=\"summary_large_image\" \/>\n<meta name=\"twitter:label1\" content=\"Est. reading time\" \/>\n\t<meta name=\"twitter:data1\" content=\"1 minute\" \/>\n<script type=\"application\/ld+json\" class=\"yoast-schema-graph\">{\"@context\":\"https:\\\/\\\/schema.org\",\"@graph\":[{\"@type\":\"WebPage\",\"@id\":\"https:\\\/\\\/www.sdapakuote.lt\\\/en\\\/products\\\/films\\\/stretch-packaging-film-transparent\\\/\",\"url\":\"https:\\\/\\\/www.sdapakuote.lt\\\/en\\\/products\\\/films\\\/stretch-packaging-film-transparent\\\/\",\"name\":\"Stretch packaging film Transparent - sdapakuote.lt\",\"isPartOf\":{\"@id\":\"https:\\\/\\\/www.sdapakuote.lt\\\/en\\\/#website\"},\"primaryImageOfPage\":{\"@id\":\"https:\\\/\\\/www.sdapakuote.lt\\\/en\\\/products\\\/films\\\/stretch-packaging-film-transparent\\\/#primaryimage\"},\"image\":{\"@id\":\"https:\\\/\\\/www.sdapakuote.lt\\\/en\\\/products\\\/films\\\/stretch-packaging-film-transparent\\\/#primaryimage\"},\"thumbnailUrl\":\"https:\\\/\\\/www.sdapakuote.lt\\\/wp-content\\\/uploads\\\/2021\\\/09\\\/Tampri-plevele-scaled.jpg\",\"datePublished\":\"2021-09-28T07:11:51+00:00\",\"dateModified\":\"2023-01-20T17:06:58+00:00\",\"description\":\"Didmenin\u0117 prekyba tampria pl\u0117vele (Stretch) rulon\u0117liuose. Standartiniai m\u016bs\u0173 prekiaujamos pl\u0117vel\u0117s matmenys yra 450mm arba 500mm plo\u010dio.\",\"breadcrumb\":{\"@id\":\"https:\\\/\\\/www.sdapakuote.lt\\\/en\\\/products\\\/films\\\/stretch-packaging-film-transparent\\\/#breadcrumb\"},\"inLanguage\":\"en-US\",\"potentialAction\":[{\"@type\":\"ReadAction\",\"target\":[\"https:\\\/\\\/www.sdapakuote.lt\\\/en\\\/products\\\/films\\\/stretch-packaging-film-transparent\\\/\"]}]},{\"@type\":\"ImageObject\",\"inLanguage\":\"en-US\",\"@id\":\"https:\\\/\\\/www.sdapakuote.lt\\\/en\\\/products\\\/films\\\/stretch-packaging-film-transparent\\\/#primaryimage\",\"url\":\"https:\\\/\\\/www.sdapakuote.lt\\\/wp-content\\\/uploads\\\/2021\\\/09\\\/Tampri-plevele-scaled.jpg\",\"contentUrl\":\"https:\\\/\\\/www.sdapakuote.lt\\\/wp-content\\\/uploads\\\/2021\\\/09\\\/Tampri-plevele-scaled.jpg\",\"width\":2560,\"height\":1857,\"caption\":\"Tampri pl\u0117vel\u0117 stretch\"},{\"@type\":\"BreadcrumbList\",\"@id\":\"https:\\\/\\\/www.sdapakuote.lt\\\/en\\\/products\\\/films\\\/stretch-packaging-film-transparent\\\/#breadcrumb\",\"itemListElement\":[{\"@type\":\"ListItem\",\"position\":1,\"name\":\"Home\",\"item\":\"https:\\\/\\\/www.sdapakuote.lt\\\/en\\\/\"},{\"@type\":\"ListItem\",\"position\":2,\"name\":\"Products\",\"item\":\"https:\\\/\\\/www.sdapakuote.lt\\\/en\\\/products\\\/\"},{\"@type\":\"ListItem\",\"position\":3,\"name\":\"Films\",\"item\":\"https:\\\/\\\/www.sdapakuote.lt\\\/en\\\/products\\\/films\\\/\"},{\"@type\":\"ListItem\",\"position\":4,\"name\":\"Stretch packaging film Transparent\"}]},{\"@type\":\"WebSite\",\"@id\":\"https:\\\/\\\/www.sdapakuote.lt\\\/en\\\/#website\",\"url\":\"https:\\\/\\\/www.sdapakuote.lt\\\/en\\\/\",\"name\":\"sdapakuote.lt\",\"description\":\"Kol kas tik dar vienas WordPress tinklalapis\",\"potentialAction\":[{\"@type\":\"SearchAction\",\"target\":{\"@type\":\"EntryPoint\",\"urlTemplate\":\"https:\\\/\\\/www.sdapakuote.lt\\\/en\\\/?s={search_term_string}\"},\"query-input\":{\"@type\":\"PropertyValueSpecification\",\"valueRequired\":true,\"valueName\":\"search_term_string\"}}],\"inLanguage\":\"en-US\"}]}<\/script>\n<!-- \/ Yoast SEO plugin. -->","yoast_head_json":{"title":"Stretch packaging film Transparent - sdapakuote.lt","description":"Didmenin\u0117 prekyba tampria pl\u0117vele (Stretch) rulon\u0117liuose. Standartiniai m\u016bs\u0173 prekiaujamos pl\u0117vel\u0117s matmenys yra 450mm arba 500mm plo\u010dio.","robots":{"index":"index","follow":"follow","max-snippet":"max-snippet:-1","max-image-preview":"max-image-preview:large","max-video-preview":"max-video-preview:-1"},"canonical":"https:\/\/www.sdapakuote.lt\/en\/products\/films\/stretch-packaging-film-transparent\/","og_locale":"en_US","og_type":"article","og_title":"Stretch packaging film Transparent - sdapakuote.lt","og_description":"Didmenin\u0117 prekyba tampria pl\u0117vele (Stretch) rulon\u0117liuose. Standartiniai m\u016bs\u0173 prekiaujamos pl\u0117vel\u0117s matmenys yra 450mm arba 500mm plo\u010dio.","og_url":"https:\/\/www.sdapakuote.lt\/en\/products\/films\/stretch-packaging-film-transparent\/","og_site_name":"sdapakuote.lt","article_modified_time":"2023-01-20T17:06:58+00:00","og_image":[{"width":2560,"height":1857,"url":"https:\/\/www.sdapakuote.lt\/wp-content\/uploads\/2021\/09\/Tampri-plevele-scaled.jpg","type":"image\/jpeg"}],"twitter_card":"summary_large_image","twitter_misc":{"Est. reading time":"1 minute"},"schema":{"@context":"https:\/\/schema.org","@graph":[{"@type":"WebPage","@id":"https:\/\/www.sdapakuote.lt\/en\/products\/films\/stretch-packaging-film-transparent\/","url":"https:\/\/www.sdapakuote.lt\/en\/products\/films\/stretch-packaging-film-transparent\/","name":"Stretch packaging film Transparent - sdapakuote.lt","isPartOf":{"@id":"https:\/\/www.sdapakuote.lt\/en\/#website"},"primaryImageOfPage":{"@id":"https:\/\/www.sdapakuote.lt\/en\/products\/films\/stretch-packaging-film-transparent\/#primaryimage"},"image":{"@id":"https:\/\/www.sdapakuote.lt\/en\/products\/films\/stretch-packaging-film-transparent\/#primaryimage"},"thumbnailUrl":"https:\/\/www.sdapakuote.lt\/wp-content\/uploads\/2021\/09\/Tampri-plevele-scaled.jpg","datePublished":"2021-09-28T07:11:51+00:00","dateModified":"2023-01-20T17:06:58+00:00","description":"Didmenin\u0117 prekyba tampria pl\u0117vele (Stretch) rulon\u0117liuose. Standartiniai m\u016bs\u0173 prekiaujamos pl\u0117vel\u0117s matmenys yra 450mm arba 500mm plo\u010dio.","breadcrumb":{"@id":"https:\/\/www.sdapakuote.lt\/en\/products\/films\/stretch-packaging-film-transparent\/#breadcrumb"},"inLanguage":"en-US","potentialAction":[{"@type":"ReadAction","target":["https:\/\/www.sdapakuote.lt\/en\/products\/films\/stretch-packaging-film-transparent\/"]}]},{"@type":"ImageObject","inLanguage":"en-US","@id":"https:\/\/www.sdapakuote.lt\/en\/products\/films\/stretch-packaging-film-transparent\/#primaryimage","url":"https:\/\/www.sdapakuote.lt\/wp-content\/uploads\/2021\/09\/Tampri-plevele-scaled.jpg","contentUrl":"https:\/\/www.sdapakuote.lt\/wp-content\/uploads\/2021\/09\/Tampri-plevele-scaled.jpg","width":2560,"height":1857,"caption":"Tampri pl\u0117vel\u0117 stretch"},{"@type":"BreadcrumbList","@id":"https:\/\/www.sdapakuote.lt\/en\/products\/films\/stretch-packaging-film-transparent\/#breadcrumb","itemListElement":[{"@type":"ListItem","position":1,"name":"Home","item":"https:\/\/www.sdapakuote.lt\/en\/"},{"@type":"ListItem","position":2,"name":"Products","item":"https:\/\/www.sdapakuote.lt\/en\/products\/"},{"@type":"ListItem","position":3,"name":"Films","item":"https:\/\/www.sdapakuote.lt\/en\/products\/films\/"},{"@type":"ListItem","position":4,"name":"Stretch packaging film Transparent"}]},{"@type":"WebSite","@id":"https:\/\/www.sdapakuote.lt\/en\/#website","url":"https:\/\/www.sdapakuote.lt\/en\/","name":"sdapakuote.lt","description":"Kol kas tik dar vienas WordPress tinklalapis","potentialAction":[{"@type":"SearchAction","target":{"@type":"EntryPoint","urlTemplate":"https:\/\/www.sdapakuote.lt\/en\/?s={search_term_string}"},"query-input":{"@type":"PropertyValueSpecification","valueRequired":true,"valueName":"search_term_string"}}],"inLanguage":"en-US"}]}},"_links":{"self":[{"href":"https:\/\/www.sdapakuote.lt\/en\/wp-json\/wp\/v2\/pages\/2195","targetHints":{"allow":["GET"]}}],"collection":[{"href":"https:\/\/www.sdapakuote.lt\/en\/wp-json\/wp\/v2\/pages"}],"about":[{"href":"https:\/\/www.sdapakuote.lt\/en\/wp-json\/wp\/v2\/types\/page"}],"author":[{"embeddable":true,"href":"https:\/\/www.sdapakuote.lt\/en\/wp-json\/wp\/v2\/users\/2"}],"replies":[{"embeddable":true,"href":"https:\/\/www.sdapakuote.lt\/en\/wp-json\/wp\/v2\/comments?post=2195"}],"version-history":[{"count":2,"href":"https:\/\/www.sdapakuote.lt\/en\/wp-json\/wp\/v2\/pages\/2195\/revisions"}],"predecessor-version":[{"id":2199,"href":"https:\/\/www.sdapakuote.lt\/en\/wp-json\/wp\/v2\/pages\/2195\/revisions\/2199"}],"up":[{"embeddable":true,"href":"https:\/\/www.sdapakuote.lt\/en\/wp-json\/wp\/v2\/pages\/2119"}],"wp:featuredmedia":[{"embeddable":true,"href":"https:\/\/www.sdapakuote.lt\/en\/wp-json\/wp\/v2\/media\/1067"}],"wp:attachment":[{"href":"https:\/\/www.sdapakuote.lt\/en\/wp-json\/wp\/v2\/media?parent=2195"}],"curies":[{"name":"wp","href":"https:\/\/api.w.org\/{rel}","templated":true}]}}