{"id":2183,"date":"2022-03-07T13:58:41","date_gmt":"2022-03-07T13:58:41","guid":{"rendered":"https:\/\/www.sdapakuote.lt\/products\/films\/pakavimo-plevele-stretch-juoda\/"},"modified":"2022-09-16T08:09:35","modified_gmt":"2022-09-16T08:09:35","slug":"stretch-packaging-film-black","status":"publish","type":"page","link":"https:\/\/www.sdapakuote.lt\/en\/products\/films\/stretch-packaging-film-black\/","title":{"rendered":"Stretch packaging film Black"},"content":{"rendered":"<p id=\"tw-target-text\" class=\"tw-data-text tw-text-large tw-ta\" dir=\"ltr\" data-placeholder=\"Translation\"><span class=\"Y2IQFc\" lang=\"en\">Wholesale of wrapping film (Stretch) in rolls. The standard dimensions of the film we sell are 450 mm or 500 mm width, in a roll of 200 meters. Color black. Packed in 6 units per box. We can wrap the film according to the length desired by the customer. Other colors and measurements are also available. You can also buy this product in retail quantities in our online store.<\/span><\/p>\n","protected":false},"excerpt":{"rendered":"<p>Wholesale of wrapping film (Stretch) in rolls. The standard dimensions of the film we sell are 450 mm or 500 mm width, in a roll of 200 meters. Color black. Packed in 6 units per box. We can wrap the film according to the length desired by the customer. Other colors and measurements are also [&hellip;]<\/p>\n","protected":false},"author":2,"featured_media":1637,"parent":2119,"menu_order":0,"comment_status":"closed","ping_status":"closed","template":"page-single-product.php","meta":{"_acf_changed":false,"footnotes":""},"class_list":["post-2183","page","type-page","status-publish","has-post-thumbnail","hentry"],"acf":[],"yoast_head":"<!-- This site is optimized with the Yoast SEO plugin v27.4 - https:\/\/yoast.com\/product\/yoast-seo-wordpress\/ -->\n<title>Stretch packaging film Black - sdapakuote.lt<\/title>\n<meta name=\"description\" content=\"Didmenin\u0117 prekyba tampria pl\u0117vele (Stretch) rulon\u0117liuose. Juodos spalvos. Matmenys yra 450mm arba 500mm plo\u010dio, 240metr\u0173 rulon\u0117lyje.\" \/>\n<meta name=\"robots\" content=\"index, follow, max-snippet:-1, max-image-preview:large, max-video-preview:-1\" \/>\n<link rel=\"canonical\" href=\"https:\/\/www.sdapakuote.lt\/en\/products\/films\/stretch-packaging-film-black\/\" \/>\n<meta property=\"og:locale\" content=\"en_US\" \/>\n<meta property=\"og:type\" content=\"article\" \/>\n<meta property=\"og:title\" content=\"Stretch packaging film Black - sdapakuote.lt\" \/>\n<meta property=\"og:description\" content=\"Didmenin\u0117 prekyba tampria pl\u0117vele (Stretch) rulon\u0117liuose. Juodos spalvos. Matmenys yra 450mm arba 500mm plo\u010dio, 240metr\u0173 rulon\u0117lyje.\" \/>\n<meta property=\"og:url\" content=\"https:\/\/www.sdapakuote.lt\/en\/products\/films\/stretch-packaging-film-black\/\" \/>\n<meta property=\"og:site_name\" content=\"sdapakuote.lt\" \/>\n<meta property=\"article:modified_time\" content=\"2022-09-16T08:09:35+00:00\" \/>\n<meta property=\"og:image\" content=\"https:\/\/www.sdapakuote.lt\/wp-content\/uploads\/2022\/03\/20210922_161914-scaled.jpg\" \/>\n\t<meta property=\"og:image:width\" content=\"2560\" \/>\n\t<meta property=\"og:image:height\" content=\"1588\" \/>\n\t<meta property=\"og:image:type\" content=\"image\/jpeg\" \/>\n<meta name=\"twitter:card\" content=\"summary_large_image\" \/>\n<script type=\"application\/ld+json\" class=\"yoast-schema-graph\">{\"@context\":\"https:\\\/\\\/schema.org\",\"@graph\":[{\"@type\":\"WebPage\",\"@id\":\"https:\\\/\\\/www.sdapakuote.lt\\\/en\\\/products\\\/films\\\/stretch-packaging-film-black\\\/\",\"url\":\"https:\\\/\\\/www.sdapakuote.lt\\\/en\\\/products\\\/films\\\/stretch-packaging-film-black\\\/\",\"name\":\"Stretch packaging film Black - sdapakuote.lt\",\"isPartOf\":{\"@id\":\"https:\\\/\\\/www.sdapakuote.lt\\\/en\\\/#website\"},\"primaryImageOfPage\":{\"@id\":\"https:\\\/\\\/www.sdapakuote.lt\\\/en\\\/products\\\/films\\\/stretch-packaging-film-black\\\/#primaryimage\"},\"image\":{\"@id\":\"https:\\\/\\\/www.sdapakuote.lt\\\/en\\\/products\\\/films\\\/stretch-packaging-film-black\\\/#primaryimage\"},\"thumbnailUrl\":\"https:\\\/\\\/www.sdapakuote.lt\\\/wp-content\\\/uploads\\\/2022\\\/03\\\/20210922_161914-scaled.jpg\",\"datePublished\":\"2022-03-07T13:58:41+00:00\",\"dateModified\":\"2022-09-16T08:09:35+00:00\",\"description\":\"Didmenin\u0117 prekyba tampria pl\u0117vele (Stretch) rulon\u0117liuose. Juodos spalvos. Matmenys yra 450mm arba 500mm plo\u010dio, 240metr\u0173 rulon\u0117lyje.\",\"breadcrumb\":{\"@id\":\"https:\\\/\\\/www.sdapakuote.lt\\\/en\\\/products\\\/films\\\/stretch-packaging-film-black\\\/#breadcrumb\"},\"inLanguage\":\"en-US\",\"potentialAction\":[{\"@type\":\"ReadAction\",\"target\":[\"https:\\\/\\\/www.sdapakuote.lt\\\/en\\\/products\\\/films\\\/stretch-packaging-film-black\\\/\"]}]},{\"@type\":\"ImageObject\",\"inLanguage\":\"en-US\",\"@id\":\"https:\\\/\\\/www.sdapakuote.lt\\\/en\\\/products\\\/films\\\/stretch-packaging-film-black\\\/#primaryimage\",\"url\":\"https:\\\/\\\/www.sdapakuote.lt\\\/wp-content\\\/uploads\\\/2022\\\/03\\\/20210922_161914-scaled.jpg\",\"contentUrl\":\"https:\\\/\\\/www.sdapakuote.lt\\\/wp-content\\\/uploads\\\/2022\\\/03\\\/20210922_161914-scaled.jpg\",\"width\":2560,\"height\":1588,\"caption\":\"Juoda tampri pl\u0117vel\u0117\"},{\"@type\":\"BreadcrumbList\",\"@id\":\"https:\\\/\\\/www.sdapakuote.lt\\\/en\\\/products\\\/films\\\/stretch-packaging-film-black\\\/#breadcrumb\",\"itemListElement\":[{\"@type\":\"ListItem\",\"position\":1,\"name\":\"Home\",\"item\":\"https:\\\/\\\/www.sdapakuote.lt\\\/en\\\/\"},{\"@type\":\"ListItem\",\"position\":2,\"name\":\"Products\",\"item\":\"https:\\\/\\\/www.sdapakuote.lt\\\/en\\\/products\\\/\"},{\"@type\":\"ListItem\",\"position\":3,\"name\":\"Films\",\"item\":\"https:\\\/\\\/www.sdapakuote.lt\\\/en\\\/products\\\/films\\\/\"},{\"@type\":\"ListItem\",\"position\":4,\"name\":\"Stretch packaging film Black\"}]},{\"@type\":\"WebSite\",\"@id\":\"https:\\\/\\\/www.sdapakuote.lt\\\/en\\\/#website\",\"url\":\"https:\\\/\\\/www.sdapakuote.lt\\\/en\\\/\",\"name\":\"sdapakuote.lt\",\"description\":\"Kol kas tik dar vienas WordPress tinklalapis\",\"potentialAction\":[{\"@type\":\"SearchAction\",\"target\":{\"@type\":\"EntryPoint\",\"urlTemplate\":\"https:\\\/\\\/www.sdapakuote.lt\\\/en\\\/?s={search_term_string}\"},\"query-input\":{\"@type\":\"PropertyValueSpecification\",\"valueRequired\":true,\"valueName\":\"search_term_string\"}}],\"inLanguage\":\"en-US\"}]}<\/script>\n<!-- \/ Yoast SEO plugin. -->","yoast_head_json":{"title":"Stretch packaging film Black - sdapakuote.lt","description":"Didmenin\u0117 prekyba tampria pl\u0117vele (Stretch) rulon\u0117liuose. Juodos spalvos. Matmenys yra 450mm arba 500mm plo\u010dio, 240metr\u0173 rulon\u0117lyje.","robots":{"index":"index","follow":"follow","max-snippet":"max-snippet:-1","max-image-preview":"max-image-preview:large","max-video-preview":"max-video-preview:-1"},"canonical":"https:\/\/www.sdapakuote.lt\/en\/products\/films\/stretch-packaging-film-black\/","og_locale":"en_US","og_type":"article","og_title":"Stretch packaging film Black - sdapakuote.lt","og_description":"Didmenin\u0117 prekyba tampria pl\u0117vele (Stretch) rulon\u0117liuose. Juodos spalvos. Matmenys yra 450mm arba 500mm plo\u010dio, 240metr\u0173 rulon\u0117lyje.","og_url":"https:\/\/www.sdapakuote.lt\/en\/products\/films\/stretch-packaging-film-black\/","og_site_name":"sdapakuote.lt","article_modified_time":"2022-09-16T08:09:35+00:00","og_image":[{"width":2560,"height":1588,"url":"https:\/\/www.sdapakuote.lt\/wp-content\/uploads\/2022\/03\/20210922_161914-scaled.jpg","type":"image\/jpeg"}],"twitter_card":"summary_large_image","schema":{"@context":"https:\/\/schema.org","@graph":[{"@type":"WebPage","@id":"https:\/\/www.sdapakuote.lt\/en\/products\/films\/stretch-packaging-film-black\/","url":"https:\/\/www.sdapakuote.lt\/en\/products\/films\/stretch-packaging-film-black\/","name":"Stretch packaging film Black - sdapakuote.lt","isPartOf":{"@id":"https:\/\/www.sdapakuote.lt\/en\/#website"},"primaryImageOfPage":{"@id":"https:\/\/www.sdapakuote.lt\/en\/products\/films\/stretch-packaging-film-black\/#primaryimage"},"image":{"@id":"https:\/\/www.sdapakuote.lt\/en\/products\/films\/stretch-packaging-film-black\/#primaryimage"},"thumbnailUrl":"https:\/\/www.sdapakuote.lt\/wp-content\/uploads\/2022\/03\/20210922_161914-scaled.jpg","datePublished":"2022-03-07T13:58:41+00:00","dateModified":"2022-09-16T08:09:35+00:00","description":"Didmenin\u0117 prekyba tampria pl\u0117vele (Stretch) rulon\u0117liuose. Juodos spalvos. Matmenys yra 450mm arba 500mm plo\u010dio, 240metr\u0173 rulon\u0117lyje.","breadcrumb":{"@id":"https:\/\/www.sdapakuote.lt\/en\/products\/films\/stretch-packaging-film-black\/#breadcrumb"},"inLanguage":"en-US","potentialAction":[{"@type":"ReadAction","target":["https:\/\/www.sdapakuote.lt\/en\/products\/films\/stretch-packaging-film-black\/"]}]},{"@type":"ImageObject","inLanguage":"en-US","@id":"https:\/\/www.sdapakuote.lt\/en\/products\/films\/stretch-packaging-film-black\/#primaryimage","url":"https:\/\/www.sdapakuote.lt\/wp-content\/uploads\/2022\/03\/20210922_161914-scaled.jpg","contentUrl":"https:\/\/www.sdapakuote.lt\/wp-content\/uploads\/2022\/03\/20210922_161914-scaled.jpg","width":2560,"height":1588,"caption":"Juoda tampri pl\u0117vel\u0117"},{"@type":"BreadcrumbList","@id":"https:\/\/www.sdapakuote.lt\/en\/products\/films\/stretch-packaging-film-black\/#breadcrumb","itemListElement":[{"@type":"ListItem","position":1,"name":"Home","item":"https:\/\/www.sdapakuote.lt\/en\/"},{"@type":"ListItem","position":2,"name":"Products","item":"https:\/\/www.sdapakuote.lt\/en\/products\/"},{"@type":"ListItem","position":3,"name":"Films","item":"https:\/\/www.sdapakuote.lt\/en\/products\/films\/"},{"@type":"ListItem","position":4,"name":"Stretch packaging film Black"}]},{"@type":"WebSite","@id":"https:\/\/www.sdapakuote.lt\/en\/#website","url":"https:\/\/www.sdapakuote.lt\/en\/","name":"sdapakuote.lt","description":"Kol kas tik dar vienas WordPress tinklalapis","potentialAction":[{"@type":"SearchAction","target":{"@type":"EntryPoint","urlTemplate":"https:\/\/www.sdapakuote.lt\/en\/?s={search_term_string}"},"query-input":{"@type":"PropertyValueSpecification","valueRequired":true,"valueName":"search_term_string"}}],"inLanguage":"en-US"}]}},"_links":{"self":[{"href":"https:\/\/www.sdapakuote.lt\/en\/wp-json\/wp\/v2\/pages\/2183","targetHints":{"allow":["GET"]}}],"collection":[{"href":"https:\/\/www.sdapakuote.lt\/en\/wp-json\/wp\/v2\/pages"}],"about":[{"href":"https:\/\/www.sdapakuote.lt\/en\/wp-json\/wp\/v2\/types\/page"}],"author":[{"embeddable":true,"href":"https:\/\/www.sdapakuote.lt\/en\/wp-json\/wp\/v2\/users\/2"}],"replies":[{"embeddable":true,"href":"https:\/\/www.sdapakuote.lt\/en\/wp-json\/wp\/v2\/comments?post=2183"}],"version-history":[{"count":3,"href":"https:\/\/www.sdapakuote.lt\/en\/wp-json\/wp\/v2\/pages\/2183\/revisions"}],"predecessor-version":[{"id":2197,"href":"https:\/\/www.sdapakuote.lt\/en\/wp-json\/wp\/v2\/pages\/2183\/revisions\/2197"}],"up":[{"embeddable":true,"href":"https:\/\/www.sdapakuote.lt\/en\/wp-json\/wp\/v2\/pages\/2119"}],"wp:featuredmedia":[{"embeddable":true,"href":"https:\/\/www.sdapakuote.lt\/en\/wp-json\/wp\/v2\/media\/1637"}],"wp:attachment":[{"href":"https:\/\/www.sdapakuote.lt\/en\/wp-json\/wp\/v2\/media?parent=2183"}],"curies":[{"name":"wp","href":"https:\/\/api.w.org\/{rel}","templated":true}]}}