{"id":2177,"date":"2021-09-28T08:19:48","date_gmt":"2021-09-28T08:19:48","guid":{"rendered":"https:\/\/www.sdapakuote.lt\/products\/films\/pvc-maistine-plevele\/"},"modified":"2022-09-15T12:41:25","modified_gmt":"2022-09-15T12:41:25","slug":"pvc-food-grade-film","status":"publish","type":"page","link":"https:\/\/www.sdapakuote.lt\/en\/products\/films\/pvc-food-grade-film\/","title":{"rendered":"PVC (food grade) film"},"content":{"rendered":"<p>&nbsp;<\/p>\n<p id=\"tw-target-text\" class=\"tw-data-text tw-text-large tw-ta\" dir=\"ltr\" data-placeholder=\"Translation\"><span class=\"Y2IQFc\" lang=\"en\">Transparent food grade film, made of LLDPE polyethylene, is used to protect bread, fish and other types of food products from moisture and dirt. We sell <strong>300 mm x 200 m and 450 mm x 1500 m rolls.<\/strong><\/span><\/p>\n<p id=\"tw-target-text\" class=\"tw-data-text tw-text-large tw-ta\" dir=\"ltr\" data-placeholder=\"Translation\"><span class=\"Y2IQFc\" lang=\"en\">The film is suitable for direct contact with food products, it does not give them an additional taste or smell. Food-grade PVC film is usually used for wrapping food products, as it allows oxygen and carbon dioxide molecules to pass through, so products packed in this film remain transparent for longer.<\/span><\/p>\n<p id=\"tw-target-text\" class=\"tw-data-text tw-text-large tw-ta\" dir=\"ltr\" data-placeholder=\"Translation\"><span class=\"Y2IQFc\" lang=\"en\">You can buy these films in retail quantities in our online store.<\/span><\/p>\n","protected":false},"excerpt":{"rendered":"<p>&nbsp; Transparent food grade film, made of LLDPE polyethylene, is used to protect bread, fish and other types of food products from moisture and dirt. We sell 300 mm x 200 m and 450 mm x 1500 m rolls. The film is suitable for direct contact with food products, it does not give them an [&hellip;]<\/p>\n","protected":false},"author":2,"featured_media":1079,"parent":2119,"menu_order":0,"comment_status":"closed","ping_status":"closed","template":"page-single-product.php","meta":{"_acf_changed":false,"footnotes":""},"class_list":["post-2177","page","type-page","status-publish","has-post-thumbnail","hentry"],"acf":[],"yoast_head":"<!-- This site is optimized with the Yoast SEO plugin v27.4 - https:\/\/yoast.com\/product\/yoast-seo-wordpress\/ -->\n<title>PVC (food grade) film - sdapakuote.lt<\/title>\n<meta name=\"description\" content=\"Skaidri maistin\u0117 pl\u0117vel\u0117, pagaminta i\u0161 LLDPE polietileno, naudojama duonos, \u017euvies, bei kit\u0173 r\u016b\u0161i\u0173 maisto produktams apsaugoti\" \/>\n<meta name=\"robots\" content=\"index, follow, max-snippet:-1, max-image-preview:large, max-video-preview:-1\" \/>\n<link rel=\"canonical\" href=\"https:\/\/www.sdapakuote.lt\/en\/products\/films\/pvc-food-grade-film\/\" \/>\n<meta property=\"og:locale\" content=\"en_US\" \/>\n<meta property=\"og:type\" content=\"article\" \/>\n<meta property=\"og:title\" content=\"PVC (food grade) film - sdapakuote.lt\" \/>\n<meta property=\"og:description\" content=\"Skaidri maistin\u0117 pl\u0117vel\u0117, pagaminta i\u0161 LLDPE polietileno, naudojama duonos, \u017euvies, bei kit\u0173 r\u016b\u0161i\u0173 maisto produktams apsaugoti\" \/>\n<meta property=\"og:url\" content=\"https:\/\/www.sdapakuote.lt\/en\/products\/films\/pvc-food-grade-film\/\" \/>\n<meta property=\"og:site_name\" content=\"sdapakuote.lt\" \/>\n<meta property=\"article:modified_time\" content=\"2022-09-15T12:41:25+00:00\" \/>\n<meta property=\"og:image\" content=\"https:\/\/www.sdapakuote.lt\/wp-content\/uploads\/2021\/09\/maistine-plevele.jpg\" \/>\n\t<meta property=\"og:image:width\" content=\"2469\" \/>\n\t<meta property=\"og:image:height\" content=\"1422\" \/>\n\t<meta property=\"og:image:type\" content=\"image\/jpeg\" \/>\n<meta name=\"twitter:card\" content=\"summary_large_image\" \/>\n<script type=\"application\/ld+json\" class=\"yoast-schema-graph\">{\"@context\":\"https:\\\/\\\/schema.org\",\"@graph\":[{\"@type\":\"WebPage\",\"@id\":\"https:\\\/\\\/www.sdapakuote.lt\\\/en\\\/products\\\/films\\\/pvc-food-grade-film\\\/\",\"url\":\"https:\\\/\\\/www.sdapakuote.lt\\\/en\\\/products\\\/films\\\/pvc-food-grade-film\\\/\",\"name\":\"PVC (food grade) film - sdapakuote.lt\",\"isPartOf\":{\"@id\":\"https:\\\/\\\/www.sdapakuote.lt\\\/en\\\/#website\"},\"primaryImageOfPage\":{\"@id\":\"https:\\\/\\\/www.sdapakuote.lt\\\/en\\\/products\\\/films\\\/pvc-food-grade-film\\\/#primaryimage\"},\"image\":{\"@id\":\"https:\\\/\\\/www.sdapakuote.lt\\\/en\\\/products\\\/films\\\/pvc-food-grade-film\\\/#primaryimage\"},\"thumbnailUrl\":\"https:\\\/\\\/www.sdapakuote.lt\\\/wp-content\\\/uploads\\\/2021\\\/09\\\/maistine-plevele.jpg\",\"datePublished\":\"2021-09-28T08:19:48+00:00\",\"dateModified\":\"2022-09-15T12:41:25+00:00\",\"description\":\"Skaidri maistin\u0117 pl\u0117vel\u0117, pagaminta i\u0161 LLDPE polietileno, naudojama duonos, \u017euvies, bei kit\u0173 r\u016b\u0161i\u0173 maisto produktams apsaugoti\",\"breadcrumb\":{\"@id\":\"https:\\\/\\\/www.sdapakuote.lt\\\/en\\\/products\\\/films\\\/pvc-food-grade-film\\\/#breadcrumb\"},\"inLanguage\":\"en-US\",\"potentialAction\":[{\"@type\":\"ReadAction\",\"target\":[\"https:\\\/\\\/www.sdapakuote.lt\\\/en\\\/products\\\/films\\\/pvc-food-grade-film\\\/\"]}]},{\"@type\":\"ImageObject\",\"inLanguage\":\"en-US\",\"@id\":\"https:\\\/\\\/www.sdapakuote.lt\\\/en\\\/products\\\/films\\\/pvc-food-grade-film\\\/#primaryimage\",\"url\":\"https:\\\/\\\/www.sdapakuote.lt\\\/wp-content\\\/uploads\\\/2021\\\/09\\\/maistine-plevele.jpg\",\"contentUrl\":\"https:\\\/\\\/www.sdapakuote.lt\\\/wp-content\\\/uploads\\\/2021\\\/09\\\/maistine-plevele.jpg\",\"width\":2469,\"height\":1422,\"caption\":\"Pl\u0117vel\u0117 maisto gaminiams vynioti\"},{\"@type\":\"BreadcrumbList\",\"@id\":\"https:\\\/\\\/www.sdapakuote.lt\\\/en\\\/products\\\/films\\\/pvc-food-grade-film\\\/#breadcrumb\",\"itemListElement\":[{\"@type\":\"ListItem\",\"position\":1,\"name\":\"Home\",\"item\":\"https:\\\/\\\/www.sdapakuote.lt\\\/en\\\/\"},{\"@type\":\"ListItem\",\"position\":2,\"name\":\"Products\",\"item\":\"https:\\\/\\\/www.sdapakuote.lt\\\/en\\\/products\\\/\"},{\"@type\":\"ListItem\",\"position\":3,\"name\":\"Films\",\"item\":\"https:\\\/\\\/www.sdapakuote.lt\\\/en\\\/products\\\/films\\\/\"},{\"@type\":\"ListItem\",\"position\":4,\"name\":\"PVC (food grade) film\"}]},{\"@type\":\"WebSite\",\"@id\":\"https:\\\/\\\/www.sdapakuote.lt\\\/en\\\/#website\",\"url\":\"https:\\\/\\\/www.sdapakuote.lt\\\/en\\\/\",\"name\":\"sdapakuote.lt\",\"description\":\"Kol kas tik dar vienas WordPress tinklalapis\",\"potentialAction\":[{\"@type\":\"SearchAction\",\"target\":{\"@type\":\"EntryPoint\",\"urlTemplate\":\"https:\\\/\\\/www.sdapakuote.lt\\\/en\\\/?s={search_term_string}\"},\"query-input\":{\"@type\":\"PropertyValueSpecification\",\"valueRequired\":true,\"valueName\":\"search_term_string\"}}],\"inLanguage\":\"en-US\"}]}<\/script>\n<!-- \/ Yoast SEO plugin. -->","yoast_head_json":{"title":"PVC (food grade) film - sdapakuote.lt","description":"Skaidri maistin\u0117 pl\u0117vel\u0117, pagaminta i\u0161 LLDPE polietileno, naudojama duonos, \u017euvies, bei kit\u0173 r\u016b\u0161i\u0173 maisto produktams apsaugoti","robots":{"index":"index","follow":"follow","max-snippet":"max-snippet:-1","max-image-preview":"max-image-preview:large","max-video-preview":"max-video-preview:-1"},"canonical":"https:\/\/www.sdapakuote.lt\/en\/products\/films\/pvc-food-grade-film\/","og_locale":"en_US","og_type":"article","og_title":"PVC (food grade) film - sdapakuote.lt","og_description":"Skaidri maistin\u0117 pl\u0117vel\u0117, pagaminta i\u0161 LLDPE polietileno, naudojama duonos, \u017euvies, bei kit\u0173 r\u016b\u0161i\u0173 maisto produktams apsaugoti","og_url":"https:\/\/www.sdapakuote.lt\/en\/products\/films\/pvc-food-grade-film\/","og_site_name":"sdapakuote.lt","article_modified_time":"2022-09-15T12:41:25+00:00","og_image":[{"width":2469,"height":1422,"url":"https:\/\/www.sdapakuote.lt\/wp-content\/uploads\/2021\/09\/maistine-plevele.jpg","type":"image\/jpeg"}],"twitter_card":"summary_large_image","schema":{"@context":"https:\/\/schema.org","@graph":[{"@type":"WebPage","@id":"https:\/\/www.sdapakuote.lt\/en\/products\/films\/pvc-food-grade-film\/","url":"https:\/\/www.sdapakuote.lt\/en\/products\/films\/pvc-food-grade-film\/","name":"PVC (food grade) film - sdapakuote.lt","isPartOf":{"@id":"https:\/\/www.sdapakuote.lt\/en\/#website"},"primaryImageOfPage":{"@id":"https:\/\/www.sdapakuote.lt\/en\/products\/films\/pvc-food-grade-film\/#primaryimage"},"image":{"@id":"https:\/\/www.sdapakuote.lt\/en\/products\/films\/pvc-food-grade-film\/#primaryimage"},"thumbnailUrl":"https:\/\/www.sdapakuote.lt\/wp-content\/uploads\/2021\/09\/maistine-plevele.jpg","datePublished":"2021-09-28T08:19:48+00:00","dateModified":"2022-09-15T12:41:25+00:00","description":"Skaidri maistin\u0117 pl\u0117vel\u0117, pagaminta i\u0161 LLDPE polietileno, naudojama duonos, \u017euvies, bei kit\u0173 r\u016b\u0161i\u0173 maisto produktams apsaugoti","breadcrumb":{"@id":"https:\/\/www.sdapakuote.lt\/en\/products\/films\/pvc-food-grade-film\/#breadcrumb"},"inLanguage":"en-US","potentialAction":[{"@type":"ReadAction","target":["https:\/\/www.sdapakuote.lt\/en\/products\/films\/pvc-food-grade-film\/"]}]},{"@type":"ImageObject","inLanguage":"en-US","@id":"https:\/\/www.sdapakuote.lt\/en\/products\/films\/pvc-food-grade-film\/#primaryimage","url":"https:\/\/www.sdapakuote.lt\/wp-content\/uploads\/2021\/09\/maistine-plevele.jpg","contentUrl":"https:\/\/www.sdapakuote.lt\/wp-content\/uploads\/2021\/09\/maistine-plevele.jpg","width":2469,"height":1422,"caption":"Pl\u0117vel\u0117 maisto gaminiams vynioti"},{"@type":"BreadcrumbList","@id":"https:\/\/www.sdapakuote.lt\/en\/products\/films\/pvc-food-grade-film\/#breadcrumb","itemListElement":[{"@type":"ListItem","position":1,"name":"Home","item":"https:\/\/www.sdapakuote.lt\/en\/"},{"@type":"ListItem","position":2,"name":"Products","item":"https:\/\/www.sdapakuote.lt\/en\/products\/"},{"@type":"ListItem","position":3,"name":"Films","item":"https:\/\/www.sdapakuote.lt\/en\/products\/films\/"},{"@type":"ListItem","position":4,"name":"PVC (food grade) film"}]},{"@type":"WebSite","@id":"https:\/\/www.sdapakuote.lt\/en\/#website","url":"https:\/\/www.sdapakuote.lt\/en\/","name":"sdapakuote.lt","description":"Kol kas tik dar vienas WordPress tinklalapis","potentialAction":[{"@type":"SearchAction","target":{"@type":"EntryPoint","urlTemplate":"https:\/\/www.sdapakuote.lt\/en\/?s={search_term_string}"},"query-input":{"@type":"PropertyValueSpecification","valueRequired":true,"valueName":"search_term_string"}}],"inLanguage":"en-US"}]}},"_links":{"self":[{"href":"https:\/\/www.sdapakuote.lt\/en\/wp-json\/wp\/v2\/pages\/2177","targetHints":{"allow":["GET"]}}],"collection":[{"href":"https:\/\/www.sdapakuote.lt\/en\/wp-json\/wp\/v2\/pages"}],"about":[{"href":"https:\/\/www.sdapakuote.lt\/en\/wp-json\/wp\/v2\/types\/page"}],"author":[{"embeddable":true,"href":"https:\/\/www.sdapakuote.lt\/en\/wp-json\/wp\/v2\/users\/2"}],"replies":[{"embeddable":true,"href":"https:\/\/www.sdapakuote.lt\/en\/wp-json\/wp\/v2\/comments?post=2177"}],"version-history":[{"count":2,"href":"https:\/\/www.sdapakuote.lt\/en\/wp-json\/wp\/v2\/pages\/2177\/revisions"}],"predecessor-version":[{"id":2179,"href":"https:\/\/www.sdapakuote.lt\/en\/wp-json\/wp\/v2\/pages\/2177\/revisions\/2179"}],"up":[{"embeddable":true,"href":"https:\/\/www.sdapakuote.lt\/en\/wp-json\/wp\/v2\/pages\/2119"}],"wp:featuredmedia":[{"embeddable":true,"href":"https:\/\/www.sdapakuote.lt\/en\/wp-json\/wp\/v2\/media\/1079"}],"wp:attachment":[{"href":"https:\/\/www.sdapakuote.lt\/en\/wp-json\/wp\/v2\/media?parent=2177"}],"curies":[{"name":"wp","href":"https:\/\/api.w.org\/{rel}","templated":true}]}}