{"id":2172,"date":"2021-09-28T11:16:50","date_gmt":"2021-09-28T11:16:50","guid":{"rendered":"https:\/\/www.sdapakuote.lt\/products\/films\/putu-polietileno-plevele\/"},"modified":"2022-09-15T12:31:39","modified_gmt":"2022-09-15T12:31:39","slug":"polyethylene-foam-film","status":"publish","type":"page","link":"https:\/\/www.sdapakuote.lt\/en\/products\/films\/polyethylene-foam-film\/","title":{"rendered":"Polyethylene foam film"},"content":{"rendered":"<p>&nbsp;<\/p>\n<p id=\"tw-target-text\" class=\"tw-data-text tw-text-large tw-ta\" dir=\"ltr\" data-placeholder=\"Translation\"><span class=\"Y2IQFc\" lang=\"en\">Wholesale of foam polyethylene film. We sell 120 cm width x 300 meter long foamed polyethylene film with a thickness of 1 mm.<\/span><\/p>\n<p id=\"tw-target-text\" class=\"tw-data-text tw-text-large tw-ta\" dir=\"ltr\" data-placeholder=\"Translation\"><span class=\"Y2IQFc\" lang=\"en\">The foam polyethylene film consists of air-filled spores, which do not allow pollutants and moisture to enter, so the packaged products remain protected from rot, moisture, and mechanical damage. This film is light, elastic, odorless and non-slip. This film can be sealed &#8211; it remains airtight during transportation.<\/span><\/p>\n","protected":false},"excerpt":{"rendered":"<p>&nbsp; Wholesale of foam polyethylene film. We sell 120 cm width x 300 meter long foamed polyethylene film with a thickness of 1 mm. The foam polyethylene film consists of air-filled spores, which do not allow pollutants and moisture to enter, so the packaged products remain protected from rot, moisture, and mechanical damage. This film [&hellip;]<\/p>\n","protected":false},"author":2,"featured_media":1093,"parent":2119,"menu_order":0,"comment_status":"closed","ping_status":"closed","template":"page-single-product.php","meta":{"_acf_changed":false,"footnotes":""},"class_list":["post-2172","page","type-page","status-publish","has-post-thumbnail","hentry"],"acf":[],"yoast_head":"<!-- This site is optimized with the Yoast SEO plugin v27.4 - https:\/\/yoast.com\/product\/yoast-seo-wordpress\/ -->\n<title>Polyethylene foam film - sdapakuote.lt<\/title>\n<meta name=\"description\" content=\"Didmenin\u0117 prekyba put\u0173 polietileno pl\u0117vele. Prekiaujame 120cm plo\u010dio\u00a0 x 300metr\u0173 ilgio putinto polietileno pl\u0117vele.\" \/>\n<meta name=\"robots\" content=\"index, follow, max-snippet:-1, max-image-preview:large, max-video-preview:-1\" \/>\n<link rel=\"canonical\" href=\"https:\/\/www.sdapakuote.lt\/en\/products\/films\/polyethylene-foam-film\/\" \/>\n<meta property=\"og:locale\" content=\"en_US\" \/>\n<meta property=\"og:type\" content=\"article\" \/>\n<meta property=\"og:title\" content=\"Polyethylene foam film - sdapakuote.lt\" \/>\n<meta property=\"og:description\" content=\"Didmenin\u0117 prekyba put\u0173 polietileno pl\u0117vele. Prekiaujame 120cm plo\u010dio\u00a0 x 300metr\u0173 ilgio putinto polietileno pl\u0117vele.\" \/>\n<meta property=\"og:url\" content=\"https:\/\/www.sdapakuote.lt\/en\/products\/films\/polyethylene-foam-film\/\" \/>\n<meta property=\"og:site_name\" content=\"sdapakuote.lt\" \/>\n<meta property=\"article:modified_time\" content=\"2022-09-15T12:31:39+00:00\" \/>\n<meta property=\"og:image\" content=\"https:\/\/www.sdapakuote.lt\/wp-content\/uploads\/2021\/09\/Putu-polietilenas-scaled.jpg\" \/>\n\t<meta property=\"og:image:width\" content=\"1202\" \/>\n\t<meta property=\"og:image:height\" content=\"2560\" \/>\n\t<meta property=\"og:image:type\" content=\"image\/jpeg\" \/>\n<meta name=\"twitter:card\" content=\"summary_large_image\" \/>\n<script type=\"application\/ld+json\" class=\"yoast-schema-graph\">{\"@context\":\"https:\\\/\\\/schema.org\",\"@graph\":[{\"@type\":\"WebPage\",\"@id\":\"https:\\\/\\\/www.sdapakuote.lt\\\/en\\\/products\\\/films\\\/polyethylene-foam-film\\\/\",\"url\":\"https:\\\/\\\/www.sdapakuote.lt\\\/en\\\/products\\\/films\\\/polyethylene-foam-film\\\/\",\"name\":\"Polyethylene foam film - sdapakuote.lt\",\"isPartOf\":{\"@id\":\"https:\\\/\\\/www.sdapakuote.lt\\\/en\\\/#website\"},\"primaryImageOfPage\":{\"@id\":\"https:\\\/\\\/www.sdapakuote.lt\\\/en\\\/products\\\/films\\\/polyethylene-foam-film\\\/#primaryimage\"},\"image\":{\"@id\":\"https:\\\/\\\/www.sdapakuote.lt\\\/en\\\/products\\\/films\\\/polyethylene-foam-film\\\/#primaryimage\"},\"thumbnailUrl\":\"https:\\\/\\\/www.sdapakuote.lt\\\/wp-content\\\/uploads\\\/2021\\\/09\\\/Putu-polietilenas-scaled.jpg\",\"datePublished\":\"2021-09-28T11:16:50+00:00\",\"dateModified\":\"2022-09-15T12:31:39+00:00\",\"description\":\"Didmenin\u0117 prekyba put\u0173 polietileno pl\u0117vele. Prekiaujame 120cm plo\u010dio\u00a0 x 300metr\u0173 ilgio putinto polietileno pl\u0117vele.\",\"breadcrumb\":{\"@id\":\"https:\\\/\\\/www.sdapakuote.lt\\\/en\\\/products\\\/films\\\/polyethylene-foam-film\\\/#breadcrumb\"},\"inLanguage\":\"en-US\",\"potentialAction\":[{\"@type\":\"ReadAction\",\"target\":[\"https:\\\/\\\/www.sdapakuote.lt\\\/en\\\/products\\\/films\\\/polyethylene-foam-film\\\/\"]}]},{\"@type\":\"ImageObject\",\"inLanguage\":\"en-US\",\"@id\":\"https:\\\/\\\/www.sdapakuote.lt\\\/en\\\/products\\\/films\\\/polyethylene-foam-film\\\/#primaryimage\",\"url\":\"https:\\\/\\\/www.sdapakuote.lt\\\/wp-content\\\/uploads\\\/2021\\\/09\\\/Putu-polietilenas-scaled.jpg\",\"contentUrl\":\"https:\\\/\\\/www.sdapakuote.lt\\\/wp-content\\\/uploads\\\/2021\\\/09\\\/Putu-polietilenas-scaled.jpg\",\"width\":1202,\"height\":2560,\"caption\":\"Putinto polietileno pl\u0117vel\u0117\"},{\"@type\":\"BreadcrumbList\",\"@id\":\"https:\\\/\\\/www.sdapakuote.lt\\\/en\\\/products\\\/films\\\/polyethylene-foam-film\\\/#breadcrumb\",\"itemListElement\":[{\"@type\":\"ListItem\",\"position\":1,\"name\":\"Home\",\"item\":\"https:\\\/\\\/www.sdapakuote.lt\\\/en\\\/\"},{\"@type\":\"ListItem\",\"position\":2,\"name\":\"Products\",\"item\":\"https:\\\/\\\/www.sdapakuote.lt\\\/en\\\/products\\\/\"},{\"@type\":\"ListItem\",\"position\":3,\"name\":\"Films\",\"item\":\"https:\\\/\\\/www.sdapakuote.lt\\\/en\\\/products\\\/films\\\/\"},{\"@type\":\"ListItem\",\"position\":4,\"name\":\"Polyethylene foam film\"}]},{\"@type\":\"WebSite\",\"@id\":\"https:\\\/\\\/www.sdapakuote.lt\\\/en\\\/#website\",\"url\":\"https:\\\/\\\/www.sdapakuote.lt\\\/en\\\/\",\"name\":\"sdapakuote.lt\",\"description\":\"Kol kas tik dar vienas WordPress tinklalapis\",\"potentialAction\":[{\"@type\":\"SearchAction\",\"target\":{\"@type\":\"EntryPoint\",\"urlTemplate\":\"https:\\\/\\\/www.sdapakuote.lt\\\/en\\\/?s={search_term_string}\"},\"query-input\":{\"@type\":\"PropertyValueSpecification\",\"valueRequired\":true,\"valueName\":\"search_term_string\"}}],\"inLanguage\":\"en-US\"}]}<\/script>\n<!-- \/ Yoast SEO plugin. -->","yoast_head_json":{"title":"Polyethylene foam film - sdapakuote.lt","description":"Didmenin\u0117 prekyba put\u0173 polietileno pl\u0117vele. Prekiaujame 120cm plo\u010dio\u00a0 x 300metr\u0173 ilgio putinto polietileno pl\u0117vele.","robots":{"index":"index","follow":"follow","max-snippet":"max-snippet:-1","max-image-preview":"max-image-preview:large","max-video-preview":"max-video-preview:-1"},"canonical":"https:\/\/www.sdapakuote.lt\/en\/products\/films\/polyethylene-foam-film\/","og_locale":"en_US","og_type":"article","og_title":"Polyethylene foam film - sdapakuote.lt","og_description":"Didmenin\u0117 prekyba put\u0173 polietileno pl\u0117vele. Prekiaujame 120cm plo\u010dio\u00a0 x 300metr\u0173 ilgio putinto polietileno pl\u0117vele.","og_url":"https:\/\/www.sdapakuote.lt\/en\/products\/films\/polyethylene-foam-film\/","og_site_name":"sdapakuote.lt","article_modified_time":"2022-09-15T12:31:39+00:00","og_image":[{"width":1202,"height":2560,"url":"https:\/\/www.sdapakuote.lt\/wp-content\/uploads\/2021\/09\/Putu-polietilenas-scaled.jpg","type":"image\/jpeg"}],"twitter_card":"summary_large_image","schema":{"@context":"https:\/\/schema.org","@graph":[{"@type":"WebPage","@id":"https:\/\/www.sdapakuote.lt\/en\/products\/films\/polyethylene-foam-film\/","url":"https:\/\/www.sdapakuote.lt\/en\/products\/films\/polyethylene-foam-film\/","name":"Polyethylene foam film - sdapakuote.lt","isPartOf":{"@id":"https:\/\/www.sdapakuote.lt\/en\/#website"},"primaryImageOfPage":{"@id":"https:\/\/www.sdapakuote.lt\/en\/products\/films\/polyethylene-foam-film\/#primaryimage"},"image":{"@id":"https:\/\/www.sdapakuote.lt\/en\/products\/films\/polyethylene-foam-film\/#primaryimage"},"thumbnailUrl":"https:\/\/www.sdapakuote.lt\/wp-content\/uploads\/2021\/09\/Putu-polietilenas-scaled.jpg","datePublished":"2021-09-28T11:16:50+00:00","dateModified":"2022-09-15T12:31:39+00:00","description":"Didmenin\u0117 prekyba put\u0173 polietileno pl\u0117vele. Prekiaujame 120cm plo\u010dio\u00a0 x 300metr\u0173 ilgio putinto polietileno pl\u0117vele.","breadcrumb":{"@id":"https:\/\/www.sdapakuote.lt\/en\/products\/films\/polyethylene-foam-film\/#breadcrumb"},"inLanguage":"en-US","potentialAction":[{"@type":"ReadAction","target":["https:\/\/www.sdapakuote.lt\/en\/products\/films\/polyethylene-foam-film\/"]}]},{"@type":"ImageObject","inLanguage":"en-US","@id":"https:\/\/www.sdapakuote.lt\/en\/products\/films\/polyethylene-foam-film\/#primaryimage","url":"https:\/\/www.sdapakuote.lt\/wp-content\/uploads\/2021\/09\/Putu-polietilenas-scaled.jpg","contentUrl":"https:\/\/www.sdapakuote.lt\/wp-content\/uploads\/2021\/09\/Putu-polietilenas-scaled.jpg","width":1202,"height":2560,"caption":"Putinto polietileno pl\u0117vel\u0117"},{"@type":"BreadcrumbList","@id":"https:\/\/www.sdapakuote.lt\/en\/products\/films\/polyethylene-foam-film\/#breadcrumb","itemListElement":[{"@type":"ListItem","position":1,"name":"Home","item":"https:\/\/www.sdapakuote.lt\/en\/"},{"@type":"ListItem","position":2,"name":"Products","item":"https:\/\/www.sdapakuote.lt\/en\/products\/"},{"@type":"ListItem","position":3,"name":"Films","item":"https:\/\/www.sdapakuote.lt\/en\/products\/films\/"},{"@type":"ListItem","position":4,"name":"Polyethylene foam film"}]},{"@type":"WebSite","@id":"https:\/\/www.sdapakuote.lt\/en\/#website","url":"https:\/\/www.sdapakuote.lt\/en\/","name":"sdapakuote.lt","description":"Kol kas tik dar vienas WordPress tinklalapis","potentialAction":[{"@type":"SearchAction","target":{"@type":"EntryPoint","urlTemplate":"https:\/\/www.sdapakuote.lt\/en\/?s={search_term_string}"},"query-input":{"@type":"PropertyValueSpecification","valueRequired":true,"valueName":"search_term_string"}}],"inLanguage":"en-US"}]}},"_links":{"self":[{"href":"https:\/\/www.sdapakuote.lt\/en\/wp-json\/wp\/v2\/pages\/2172","targetHints":{"allow":["GET"]}}],"collection":[{"href":"https:\/\/www.sdapakuote.lt\/en\/wp-json\/wp\/v2\/pages"}],"about":[{"href":"https:\/\/www.sdapakuote.lt\/en\/wp-json\/wp\/v2\/types\/page"}],"author":[{"embeddable":true,"href":"https:\/\/www.sdapakuote.lt\/en\/wp-json\/wp\/v2\/users\/2"}],"replies":[{"embeddable":true,"href":"https:\/\/www.sdapakuote.lt\/en\/wp-json\/wp\/v2\/comments?post=2172"}],"version-history":[{"count":2,"href":"https:\/\/www.sdapakuote.lt\/en\/wp-json\/wp\/v2\/pages\/2172\/revisions"}],"predecessor-version":[{"id":2174,"href":"https:\/\/www.sdapakuote.lt\/en\/wp-json\/wp\/v2\/pages\/2172\/revisions\/2174"}],"up":[{"embeddable":true,"href":"https:\/\/www.sdapakuote.lt\/en\/wp-json\/wp\/v2\/pages\/2119"}],"wp:featuredmedia":[{"embeddable":true,"href":"https:\/\/www.sdapakuote.lt\/en\/wp-json\/wp\/v2\/media\/1093"}],"wp:attachment":[{"href":"https:\/\/www.sdapakuote.lt\/en\/wp-json\/wp\/v2\/media?parent=2172"}],"curies":[{"name":"wp","href":"https:\/\/api.w.org\/{rel}","templated":true}]}}