{"id":2165,"date":"2021-09-28T11:45:59","date_gmt":"2021-09-28T11:45:59","guid":{"rendered":"https:\/\/www.sdapakuote.lt\/products\/films\/pusleta-plevele\/"},"modified":"2022-09-15T12:24:12","modified_gmt":"2022-09-15T12:24:12","slug":"bubble-packing-film","status":"publish","type":"page","link":"https:\/\/www.sdapakuote.lt\/en\/products\/films\/bubble-packing-film\/","title":{"rendered":"Bubble packing film"},"content":{"rendered":"<p>&nbsp;<\/p>\n<p id=\"tw-target-text\" class=\"tw-data-text tw-text-large tw-ta\" dir=\"ltr\" data-placeholder=\"Translation\"><span class=\"Y2IQFc\" lang=\"en\">Wholesale of bubble packing film. We sell rolls of this film 1,2 m height x 100 m length or 1,5 m height x 100 m length.<\/span><\/p>\n<p id=\"tw-target-text\" class=\"tw-data-text tw-text-large tw-ta\" dir=\"ltr\" data-placeholder=\"Translation\"><span class=\"Y2IQFc\" lang=\"en\">A single-layer bubble packing film used to protect objects from damage (impacts, compression, sudden temperature changes). Bubble packing film is versatile, as it can be packed in several ways &#8211; lining the box with this film or simply wrapping the item and wrapping it with adhesive tape. This is a reliable and tested method that will help protect your item from mechanical damage.<\/span><\/p>\n","protected":false},"excerpt":{"rendered":"<p>&nbsp; Wholesale of bubble packing film. We sell rolls of this film 1,2 m height x 100 m length or 1,5 m height x 100 m length. A single-layer bubble packing film used to protect objects from damage (impacts, compression, sudden temperature changes). Bubble packing film is versatile, as it can be packed in several [&hellip;]<\/p>\n","protected":false},"author":2,"featured_media":1100,"parent":2119,"menu_order":0,"comment_status":"closed","ping_status":"closed","template":"page-single-product.php","meta":{"_acf_changed":false,"footnotes":""},"class_list":["post-2165","page","type-page","status-publish","has-post-thumbnail","hentry"],"acf":[],"yoast_head":"<!-- This site is optimized with the Yoast SEO plugin v27.4 - https:\/\/yoast.com\/product\/yoast-seo-wordpress\/ -->\n<title>Bubble packing film - sdapakuote.lt<\/title>\n<meta name=\"description\" content=\"Didmenin\u0117 prekyba p\u016bsl\u0117ta pl\u0117vel\u0117, dar kitaip vadinama &quot;burbuline pl\u0117vele&quot;. Prekiaujame 1m auk\u0161\u010dio x 100m ilgio arba 1,2m auk\u0161\u010dio x 100m ilgio.\" \/>\n<meta name=\"robots\" content=\"index, follow, max-snippet:-1, max-image-preview:large, max-video-preview:-1\" \/>\n<link rel=\"canonical\" href=\"https:\/\/www.sdapakuote.lt\/en\/products\/films\/bubble-packing-film\/\" \/>\n<meta property=\"og:locale\" content=\"en_US\" \/>\n<meta property=\"og:type\" content=\"article\" \/>\n<meta property=\"og:title\" content=\"Bubble packing film - sdapakuote.lt\" \/>\n<meta property=\"og:description\" content=\"Didmenin\u0117 prekyba p\u016bsl\u0117ta pl\u0117vel\u0117, dar kitaip vadinama &quot;burbuline pl\u0117vele&quot;. Prekiaujame 1m auk\u0161\u010dio x 100m ilgio arba 1,2m auk\u0161\u010dio x 100m ilgio.\" \/>\n<meta property=\"og:url\" content=\"https:\/\/www.sdapakuote.lt\/en\/products\/films\/bubble-packing-film\/\" \/>\n<meta property=\"og:site_name\" content=\"sdapakuote.lt\" \/>\n<meta property=\"article:modified_time\" content=\"2022-09-15T12:24:12+00:00\" \/>\n<meta property=\"og:image\" content=\"https:\/\/www.sdapakuote.lt\/wp-content\/uploads\/2021\/09\/20170324_145655-1_burned-2.jpg\" \/>\n\t<meta property=\"og:image:width\" content=\"1539\" \/>\n\t<meta property=\"og:image:height\" content=\"1097\" \/>\n\t<meta property=\"og:image:type\" content=\"image\/jpeg\" \/>\n<meta name=\"twitter:card\" content=\"summary_large_image\" \/>\n<script type=\"application\/ld+json\" class=\"yoast-schema-graph\">{\"@context\":\"https:\\\/\\\/schema.org\",\"@graph\":[{\"@type\":\"WebPage\",\"@id\":\"https:\\\/\\\/www.sdapakuote.lt\\\/en\\\/products\\\/films\\\/bubble-packing-film\\\/\",\"url\":\"https:\\\/\\\/www.sdapakuote.lt\\\/en\\\/products\\\/films\\\/bubble-packing-film\\\/\",\"name\":\"Bubble packing film - sdapakuote.lt\",\"isPartOf\":{\"@id\":\"https:\\\/\\\/www.sdapakuote.lt\\\/en\\\/#website\"},\"primaryImageOfPage\":{\"@id\":\"https:\\\/\\\/www.sdapakuote.lt\\\/en\\\/products\\\/films\\\/bubble-packing-film\\\/#primaryimage\"},\"image\":{\"@id\":\"https:\\\/\\\/www.sdapakuote.lt\\\/en\\\/products\\\/films\\\/bubble-packing-film\\\/#primaryimage\"},\"thumbnailUrl\":\"https:\\\/\\\/www.sdapakuote.lt\\\/wp-content\\\/uploads\\\/2021\\\/09\\\/20170324_145655-1_burned-2.jpg\",\"datePublished\":\"2021-09-28T11:45:59+00:00\",\"dateModified\":\"2022-09-15T12:24:12+00:00\",\"description\":\"Didmenin\u0117 prekyba p\u016bsl\u0117ta pl\u0117vel\u0117, dar kitaip vadinama \\\"burbuline pl\u0117vele\\\". Prekiaujame 1m auk\u0161\u010dio x 100m ilgio arba 1,2m auk\u0161\u010dio x 100m ilgio.\",\"breadcrumb\":{\"@id\":\"https:\\\/\\\/www.sdapakuote.lt\\\/en\\\/products\\\/films\\\/bubble-packing-film\\\/#breadcrumb\"},\"inLanguage\":\"en-US\",\"potentialAction\":[{\"@type\":\"ReadAction\",\"target\":[\"https:\\\/\\\/www.sdapakuote.lt\\\/en\\\/products\\\/films\\\/bubble-packing-film\\\/\"]}]},{\"@type\":\"ImageObject\",\"inLanguage\":\"en-US\",\"@id\":\"https:\\\/\\\/www.sdapakuote.lt\\\/en\\\/products\\\/films\\\/bubble-packing-film\\\/#primaryimage\",\"url\":\"https:\\\/\\\/www.sdapakuote.lt\\\/wp-content\\\/uploads\\\/2021\\\/09\\\/20170324_145655-1_burned-2.jpg\",\"contentUrl\":\"https:\\\/\\\/www.sdapakuote.lt\\\/wp-content\\\/uploads\\\/2021\\\/09\\\/20170324_145655-1_burned-2.jpg\",\"width\":1539,\"height\":1097,\"caption\":\"Burbulin\u0117 pl\u0117vel\u0117\"},{\"@type\":\"BreadcrumbList\",\"@id\":\"https:\\\/\\\/www.sdapakuote.lt\\\/en\\\/products\\\/films\\\/bubble-packing-film\\\/#breadcrumb\",\"itemListElement\":[{\"@type\":\"ListItem\",\"position\":1,\"name\":\"Home\",\"item\":\"https:\\\/\\\/www.sdapakuote.lt\\\/en\\\/\"},{\"@type\":\"ListItem\",\"position\":2,\"name\":\"Products\",\"item\":\"https:\\\/\\\/www.sdapakuote.lt\\\/en\\\/products\\\/\"},{\"@type\":\"ListItem\",\"position\":3,\"name\":\"Films\",\"item\":\"https:\\\/\\\/www.sdapakuote.lt\\\/en\\\/products\\\/films\\\/\"},{\"@type\":\"ListItem\",\"position\":4,\"name\":\"Bubble packing film\"}]},{\"@type\":\"WebSite\",\"@id\":\"https:\\\/\\\/www.sdapakuote.lt\\\/en\\\/#website\",\"url\":\"https:\\\/\\\/www.sdapakuote.lt\\\/en\\\/\",\"name\":\"sdapakuote.lt\",\"description\":\"Kol kas tik dar vienas WordPress tinklalapis\",\"potentialAction\":[{\"@type\":\"SearchAction\",\"target\":{\"@type\":\"EntryPoint\",\"urlTemplate\":\"https:\\\/\\\/www.sdapakuote.lt\\\/en\\\/?s={search_term_string}\"},\"query-input\":{\"@type\":\"PropertyValueSpecification\",\"valueRequired\":true,\"valueName\":\"search_term_string\"}}],\"inLanguage\":\"en-US\"}]}<\/script>\n<!-- \/ Yoast SEO plugin. -->","yoast_head_json":{"title":"Bubble packing film - sdapakuote.lt","description":"Didmenin\u0117 prekyba p\u016bsl\u0117ta pl\u0117vel\u0117, dar kitaip vadinama \"burbuline pl\u0117vele\". Prekiaujame 1m auk\u0161\u010dio x 100m ilgio arba 1,2m auk\u0161\u010dio x 100m ilgio.","robots":{"index":"index","follow":"follow","max-snippet":"max-snippet:-1","max-image-preview":"max-image-preview:large","max-video-preview":"max-video-preview:-1"},"canonical":"https:\/\/www.sdapakuote.lt\/en\/products\/films\/bubble-packing-film\/","og_locale":"en_US","og_type":"article","og_title":"Bubble packing film - sdapakuote.lt","og_description":"Didmenin\u0117 prekyba p\u016bsl\u0117ta pl\u0117vel\u0117, dar kitaip vadinama \"burbuline pl\u0117vele\". Prekiaujame 1m auk\u0161\u010dio x 100m ilgio arba 1,2m auk\u0161\u010dio x 100m ilgio.","og_url":"https:\/\/www.sdapakuote.lt\/en\/products\/films\/bubble-packing-film\/","og_site_name":"sdapakuote.lt","article_modified_time":"2022-09-15T12:24:12+00:00","og_image":[{"width":1539,"height":1097,"url":"https:\/\/www.sdapakuote.lt\/wp-content\/uploads\/2021\/09\/20170324_145655-1_burned-2.jpg","type":"image\/jpeg"}],"twitter_card":"summary_large_image","schema":{"@context":"https:\/\/schema.org","@graph":[{"@type":"WebPage","@id":"https:\/\/www.sdapakuote.lt\/en\/products\/films\/bubble-packing-film\/","url":"https:\/\/www.sdapakuote.lt\/en\/products\/films\/bubble-packing-film\/","name":"Bubble packing film - sdapakuote.lt","isPartOf":{"@id":"https:\/\/www.sdapakuote.lt\/en\/#website"},"primaryImageOfPage":{"@id":"https:\/\/www.sdapakuote.lt\/en\/products\/films\/bubble-packing-film\/#primaryimage"},"image":{"@id":"https:\/\/www.sdapakuote.lt\/en\/products\/films\/bubble-packing-film\/#primaryimage"},"thumbnailUrl":"https:\/\/www.sdapakuote.lt\/wp-content\/uploads\/2021\/09\/20170324_145655-1_burned-2.jpg","datePublished":"2021-09-28T11:45:59+00:00","dateModified":"2022-09-15T12:24:12+00:00","description":"Didmenin\u0117 prekyba p\u016bsl\u0117ta pl\u0117vel\u0117, dar kitaip vadinama \"burbuline pl\u0117vele\". Prekiaujame 1m auk\u0161\u010dio x 100m ilgio arba 1,2m auk\u0161\u010dio x 100m ilgio.","breadcrumb":{"@id":"https:\/\/www.sdapakuote.lt\/en\/products\/films\/bubble-packing-film\/#breadcrumb"},"inLanguage":"en-US","potentialAction":[{"@type":"ReadAction","target":["https:\/\/www.sdapakuote.lt\/en\/products\/films\/bubble-packing-film\/"]}]},{"@type":"ImageObject","inLanguage":"en-US","@id":"https:\/\/www.sdapakuote.lt\/en\/products\/films\/bubble-packing-film\/#primaryimage","url":"https:\/\/www.sdapakuote.lt\/wp-content\/uploads\/2021\/09\/20170324_145655-1_burned-2.jpg","contentUrl":"https:\/\/www.sdapakuote.lt\/wp-content\/uploads\/2021\/09\/20170324_145655-1_burned-2.jpg","width":1539,"height":1097,"caption":"Burbulin\u0117 pl\u0117vel\u0117"},{"@type":"BreadcrumbList","@id":"https:\/\/www.sdapakuote.lt\/en\/products\/films\/bubble-packing-film\/#breadcrumb","itemListElement":[{"@type":"ListItem","position":1,"name":"Home","item":"https:\/\/www.sdapakuote.lt\/en\/"},{"@type":"ListItem","position":2,"name":"Products","item":"https:\/\/www.sdapakuote.lt\/en\/products\/"},{"@type":"ListItem","position":3,"name":"Films","item":"https:\/\/www.sdapakuote.lt\/en\/products\/films\/"},{"@type":"ListItem","position":4,"name":"Bubble packing film"}]},{"@type":"WebSite","@id":"https:\/\/www.sdapakuote.lt\/en\/#website","url":"https:\/\/www.sdapakuote.lt\/en\/","name":"sdapakuote.lt","description":"Kol kas tik dar vienas WordPress tinklalapis","potentialAction":[{"@type":"SearchAction","target":{"@type":"EntryPoint","urlTemplate":"https:\/\/www.sdapakuote.lt\/en\/?s={search_term_string}"},"query-input":{"@type":"PropertyValueSpecification","valueRequired":true,"valueName":"search_term_string"}}],"inLanguage":"en-US"}]}},"_links":{"self":[{"href":"https:\/\/www.sdapakuote.lt\/en\/wp-json\/wp\/v2\/pages\/2165","targetHints":{"allow":["GET"]}}],"collection":[{"href":"https:\/\/www.sdapakuote.lt\/en\/wp-json\/wp\/v2\/pages"}],"about":[{"href":"https:\/\/www.sdapakuote.lt\/en\/wp-json\/wp\/v2\/types\/page"}],"author":[{"embeddable":true,"href":"https:\/\/www.sdapakuote.lt\/en\/wp-json\/wp\/v2\/users\/2"}],"replies":[{"embeddable":true,"href":"https:\/\/www.sdapakuote.lt\/en\/wp-json\/wp\/v2\/comments?post=2165"}],"version-history":[{"count":2,"href":"https:\/\/www.sdapakuote.lt\/en\/wp-json\/wp\/v2\/pages\/2165\/revisions"}],"predecessor-version":[{"id":2167,"href":"https:\/\/www.sdapakuote.lt\/en\/wp-json\/wp\/v2\/pages\/2165\/revisions\/2167"}],"up":[{"embeddable":true,"href":"https:\/\/www.sdapakuote.lt\/en\/wp-json\/wp\/v2\/pages\/2119"}],"wp:featuredmedia":[{"embeddable":true,"href":"https:\/\/www.sdapakuote.lt\/en\/wp-json\/wp\/v2\/media\/1100"}],"wp:attachment":[{"href":"https:\/\/www.sdapakuote.lt\/en\/wp-json\/wp\/v2\/media?parent=2165"}],"curies":[{"name":"wp","href":"https:\/\/api.w.org\/{rel}","templated":true}]}}