{"id":2154,"date":"2021-09-15T09:11:43","date_gmt":"2021-09-15T09:11:43","guid":{"rendered":"https:\/\/www.sdapakuote.lt\/products\/films\/polietileno-rankove\/"},"modified":"2022-09-15T11:43:28","modified_gmt":"2022-09-15T11:43:28","slug":"polyethylene-sleeve","status":"publish","type":"page","link":"https:\/\/www.sdapakuote.lt\/en\/products\/films\/polyethylene-sleeve\/","title":{"rendered":"Polyethylene sleeve"},"content":{"rendered":"<p id=\"tw-target-text\" class=\"tw-data-text tw-text-large tw-ta\" dir=\"ltr\" data-placeholder=\"Translation\"><span class=\"Y2IQFc\" lang=\"en\">We supply various types of polyethylene sleeve in rolls (HDPE, LDPE). According to the customer&#8217;s needs, we will adapt the appropriate film type, thickness, width and other additional necessary parameters.<\/span><\/p>\n<p>The film is wound on a reel &#8211; weight according to the customer&#8217;s needs. Suitable for use in contact with food &#8211; at the customer&#8217;s request, we issue Declaration of Conformity.<\/p>\n<p><iframe loading=\"lazy\" src=\"\/\/www.youtube.com\/embed\/xkWKDxtHGcw\" width=\"300\" height=\"168\" allowfullscreen=\"allowfullscreen\"><\/iframe><\/p>\n","protected":false},"excerpt":{"rendered":"<p>We supply various types of polyethylene sleeve in rolls (HDPE, LDPE). According to the customer&#8217;s needs, we will adapt the appropriate film type, thickness, width and other additional necessary parameters. The film is wound on a reel &#8211; weight according to the customer&#8217;s needs. Suitable for use in contact with food &#8211; at the customer&#8217;s [&hellip;]<\/p>\n","protected":false},"author":1,"featured_media":571,"parent":2119,"menu_order":0,"comment_status":"closed","ping_status":"closed","template":"page-single-product.php","meta":{"_acf_changed":false,"footnotes":""},"class_list":["post-2154","page","type-page","status-publish","has-post-thumbnail","hentry"],"acf":[],"yoast_head":"<!-- This site is optimized with the Yoast SEO plugin v27.4 - https:\/\/yoast.com\/product\/yoast-seo-wordpress\/ -->\n<title>Polyethylene sleeve - sdapakuote.lt<\/title>\n<meta name=\"description\" content=\"Tiekiame \u012fvairi\u0173 tip\u0173 polietileno rankov\u0119\u00a0rulonuose ( HDPE, LDPE). Pagal u\u017esakovo pageidavimus pritaikysime tinkam\u0105 pl\u0117vel\u0117s tip\u0105.\" \/>\n<meta name=\"robots\" content=\"index, follow, max-snippet:-1, max-image-preview:large, max-video-preview:-1\" \/>\n<link rel=\"canonical\" href=\"https:\/\/www.sdapakuote.lt\/en\/products\/films\/polyethylene-sleeve\/\" \/>\n<meta property=\"og:locale\" content=\"en_US\" \/>\n<meta property=\"og:type\" content=\"article\" \/>\n<meta property=\"og:title\" content=\"Polyethylene sleeve - sdapakuote.lt\" \/>\n<meta property=\"og:description\" content=\"Tiekiame \u012fvairi\u0173 tip\u0173 polietileno rankov\u0119\u00a0rulonuose ( HDPE, LDPE). Pagal u\u017esakovo pageidavimus pritaikysime tinkam\u0105 pl\u0117vel\u0117s tip\u0105.\" \/>\n<meta property=\"og:url\" content=\"https:\/\/www.sdapakuote.lt\/en\/products\/films\/polyethylene-sleeve\/\" \/>\n<meta property=\"og:site_name\" content=\"sdapakuote.lt\" \/>\n<meta property=\"article:modified_time\" content=\"2022-09-15T11:43:28+00:00\" \/>\n<meta property=\"og:image\" content=\"https:\/\/www.sdapakuote.lt\/wp-content\/uploads\/2021\/09\/polietileno-rankove.png\" \/>\n\t<meta property=\"og:image:width\" content=\"632\" \/>\n\t<meta property=\"og:image:height\" content=\"372\" \/>\n\t<meta property=\"og:image:type\" content=\"image\/png\" \/>\n<meta name=\"twitter:card\" content=\"summary_large_image\" \/>\n<script type=\"application\/ld+json\" class=\"yoast-schema-graph\">{\"@context\":\"https:\\\/\\\/schema.org\",\"@graph\":[{\"@type\":\"WebPage\",\"@id\":\"https:\\\/\\\/www.sdapakuote.lt\\\/en\\\/products\\\/films\\\/polyethylene-sleeve\\\/\",\"url\":\"https:\\\/\\\/www.sdapakuote.lt\\\/en\\\/products\\\/films\\\/polyethylene-sleeve\\\/\",\"name\":\"Polyethylene sleeve - sdapakuote.lt\",\"isPartOf\":{\"@id\":\"https:\\\/\\\/www.sdapakuote.lt\\\/en\\\/#website\"},\"primaryImageOfPage\":{\"@id\":\"https:\\\/\\\/www.sdapakuote.lt\\\/en\\\/products\\\/films\\\/polyethylene-sleeve\\\/#primaryimage\"},\"image\":{\"@id\":\"https:\\\/\\\/www.sdapakuote.lt\\\/en\\\/products\\\/films\\\/polyethylene-sleeve\\\/#primaryimage\"},\"thumbnailUrl\":\"https:\\\/\\\/www.sdapakuote.lt\\\/wp-content\\\/uploads\\\/2021\\\/09\\\/polietileno-rankove.png\",\"datePublished\":\"2021-09-15T09:11:43+00:00\",\"dateModified\":\"2022-09-15T11:43:28+00:00\",\"description\":\"Tiekiame \u012fvairi\u0173 tip\u0173 polietileno rankov\u0119\u00a0rulonuose ( HDPE, LDPE). Pagal u\u017esakovo pageidavimus pritaikysime tinkam\u0105 pl\u0117vel\u0117s tip\u0105.\",\"breadcrumb\":{\"@id\":\"https:\\\/\\\/www.sdapakuote.lt\\\/en\\\/products\\\/films\\\/polyethylene-sleeve\\\/#breadcrumb\"},\"inLanguage\":\"en-US\",\"potentialAction\":[{\"@type\":\"ReadAction\",\"target\":[\"https:\\\/\\\/www.sdapakuote.lt\\\/en\\\/products\\\/films\\\/polyethylene-sleeve\\\/\"]}]},{\"@type\":\"ImageObject\",\"inLanguage\":\"en-US\",\"@id\":\"https:\\\/\\\/www.sdapakuote.lt\\\/en\\\/products\\\/films\\\/polyethylene-sleeve\\\/#primaryimage\",\"url\":\"https:\\\/\\\/www.sdapakuote.lt\\\/wp-content\\\/uploads\\\/2021\\\/09\\\/polietileno-rankove.png\",\"contentUrl\":\"https:\\\/\\\/www.sdapakuote.lt\\\/wp-content\\\/uploads\\\/2021\\\/09\\\/polietileno-rankove.png\",\"width\":632,\"height\":372},{\"@type\":\"BreadcrumbList\",\"@id\":\"https:\\\/\\\/www.sdapakuote.lt\\\/en\\\/products\\\/films\\\/polyethylene-sleeve\\\/#breadcrumb\",\"itemListElement\":[{\"@type\":\"ListItem\",\"position\":1,\"name\":\"Home\",\"item\":\"https:\\\/\\\/www.sdapakuote.lt\\\/en\\\/\"},{\"@type\":\"ListItem\",\"position\":2,\"name\":\"Products\",\"item\":\"https:\\\/\\\/www.sdapakuote.lt\\\/en\\\/products\\\/\"},{\"@type\":\"ListItem\",\"position\":3,\"name\":\"Films\",\"item\":\"https:\\\/\\\/www.sdapakuote.lt\\\/en\\\/products\\\/films\\\/\"},{\"@type\":\"ListItem\",\"position\":4,\"name\":\"Polyethylene sleeve\"}]},{\"@type\":\"WebSite\",\"@id\":\"https:\\\/\\\/www.sdapakuote.lt\\\/en\\\/#website\",\"url\":\"https:\\\/\\\/www.sdapakuote.lt\\\/en\\\/\",\"name\":\"sdapakuote.lt\",\"description\":\"Kol kas tik dar vienas WordPress tinklalapis\",\"potentialAction\":[{\"@type\":\"SearchAction\",\"target\":{\"@type\":\"EntryPoint\",\"urlTemplate\":\"https:\\\/\\\/www.sdapakuote.lt\\\/en\\\/?s={search_term_string}\"},\"query-input\":{\"@type\":\"PropertyValueSpecification\",\"valueRequired\":true,\"valueName\":\"search_term_string\"}}],\"inLanguage\":\"en-US\"}]}<\/script>\n<!-- \/ Yoast SEO plugin. -->","yoast_head_json":{"title":"Polyethylene sleeve - sdapakuote.lt","description":"Tiekiame \u012fvairi\u0173 tip\u0173 polietileno rankov\u0119\u00a0rulonuose ( HDPE, LDPE). Pagal u\u017esakovo pageidavimus pritaikysime tinkam\u0105 pl\u0117vel\u0117s tip\u0105.","robots":{"index":"index","follow":"follow","max-snippet":"max-snippet:-1","max-image-preview":"max-image-preview:large","max-video-preview":"max-video-preview:-1"},"canonical":"https:\/\/www.sdapakuote.lt\/en\/products\/films\/polyethylene-sleeve\/","og_locale":"en_US","og_type":"article","og_title":"Polyethylene sleeve - sdapakuote.lt","og_description":"Tiekiame \u012fvairi\u0173 tip\u0173 polietileno rankov\u0119\u00a0rulonuose ( HDPE, LDPE). Pagal u\u017esakovo pageidavimus pritaikysime tinkam\u0105 pl\u0117vel\u0117s tip\u0105.","og_url":"https:\/\/www.sdapakuote.lt\/en\/products\/films\/polyethylene-sleeve\/","og_site_name":"sdapakuote.lt","article_modified_time":"2022-09-15T11:43:28+00:00","og_image":[{"width":632,"height":372,"url":"https:\/\/www.sdapakuote.lt\/wp-content\/uploads\/2021\/09\/polietileno-rankove.png","type":"image\/png"}],"twitter_card":"summary_large_image","schema":{"@context":"https:\/\/schema.org","@graph":[{"@type":"WebPage","@id":"https:\/\/www.sdapakuote.lt\/en\/products\/films\/polyethylene-sleeve\/","url":"https:\/\/www.sdapakuote.lt\/en\/products\/films\/polyethylene-sleeve\/","name":"Polyethylene sleeve - sdapakuote.lt","isPartOf":{"@id":"https:\/\/www.sdapakuote.lt\/en\/#website"},"primaryImageOfPage":{"@id":"https:\/\/www.sdapakuote.lt\/en\/products\/films\/polyethylene-sleeve\/#primaryimage"},"image":{"@id":"https:\/\/www.sdapakuote.lt\/en\/products\/films\/polyethylene-sleeve\/#primaryimage"},"thumbnailUrl":"https:\/\/www.sdapakuote.lt\/wp-content\/uploads\/2021\/09\/polietileno-rankove.png","datePublished":"2021-09-15T09:11:43+00:00","dateModified":"2022-09-15T11:43:28+00:00","description":"Tiekiame \u012fvairi\u0173 tip\u0173 polietileno rankov\u0119\u00a0rulonuose ( HDPE, LDPE). Pagal u\u017esakovo pageidavimus pritaikysime tinkam\u0105 pl\u0117vel\u0117s tip\u0105.","breadcrumb":{"@id":"https:\/\/www.sdapakuote.lt\/en\/products\/films\/polyethylene-sleeve\/#breadcrumb"},"inLanguage":"en-US","potentialAction":[{"@type":"ReadAction","target":["https:\/\/www.sdapakuote.lt\/en\/products\/films\/polyethylene-sleeve\/"]}]},{"@type":"ImageObject","inLanguage":"en-US","@id":"https:\/\/www.sdapakuote.lt\/en\/products\/films\/polyethylene-sleeve\/#primaryimage","url":"https:\/\/www.sdapakuote.lt\/wp-content\/uploads\/2021\/09\/polietileno-rankove.png","contentUrl":"https:\/\/www.sdapakuote.lt\/wp-content\/uploads\/2021\/09\/polietileno-rankove.png","width":632,"height":372},{"@type":"BreadcrumbList","@id":"https:\/\/www.sdapakuote.lt\/en\/products\/films\/polyethylene-sleeve\/#breadcrumb","itemListElement":[{"@type":"ListItem","position":1,"name":"Home","item":"https:\/\/www.sdapakuote.lt\/en\/"},{"@type":"ListItem","position":2,"name":"Products","item":"https:\/\/www.sdapakuote.lt\/en\/products\/"},{"@type":"ListItem","position":3,"name":"Films","item":"https:\/\/www.sdapakuote.lt\/en\/products\/films\/"},{"@type":"ListItem","position":4,"name":"Polyethylene sleeve"}]},{"@type":"WebSite","@id":"https:\/\/www.sdapakuote.lt\/en\/#website","url":"https:\/\/www.sdapakuote.lt\/en\/","name":"sdapakuote.lt","description":"Kol kas tik dar vienas WordPress tinklalapis","potentialAction":[{"@type":"SearchAction","target":{"@type":"EntryPoint","urlTemplate":"https:\/\/www.sdapakuote.lt\/en\/?s={search_term_string}"},"query-input":{"@type":"PropertyValueSpecification","valueRequired":true,"valueName":"search_term_string"}}],"inLanguage":"en-US"}]}},"_links":{"self":[{"href":"https:\/\/www.sdapakuote.lt\/en\/wp-json\/wp\/v2\/pages\/2154","targetHints":{"allow":["GET"]}}],"collection":[{"href":"https:\/\/www.sdapakuote.lt\/en\/wp-json\/wp\/v2\/pages"}],"about":[{"href":"https:\/\/www.sdapakuote.lt\/en\/wp-json\/wp\/v2\/types\/page"}],"author":[{"embeddable":true,"href":"https:\/\/www.sdapakuote.lt\/en\/wp-json\/wp\/v2\/users\/1"}],"replies":[{"embeddable":true,"href":"https:\/\/www.sdapakuote.lt\/en\/wp-json\/wp\/v2\/comments?post=2154"}],"version-history":[{"count":2,"href":"https:\/\/www.sdapakuote.lt\/en\/wp-json\/wp\/v2\/pages\/2154\/revisions"}],"predecessor-version":[{"id":2156,"href":"https:\/\/www.sdapakuote.lt\/en\/wp-json\/wp\/v2\/pages\/2154\/revisions\/2156"}],"up":[{"embeddable":true,"href":"https:\/\/www.sdapakuote.lt\/en\/wp-json\/wp\/v2\/pages\/2119"}],"wp:featuredmedia":[{"embeddable":true,"href":"https:\/\/www.sdapakuote.lt\/en\/wp-json\/wp\/v2\/media\/571"}],"wp:attachment":[{"href":"https:\/\/www.sdapakuote.lt\/en\/wp-json\/wp\/v2\/media?parent=2154"}],"curies":[{"name":"wp","href":"https:\/\/api.w.org\/{rel}","templated":true}]}}