{"id":2129,"date":"2021-09-28T12:11:39","date_gmt":"2021-09-28T12:11:39","guid":{"rendered":"https:\/\/www.sdapakuote.lt\/products\/films\/cpp-bopp-pleveles\/"},"modified":"2022-09-15T07:44:14","modified_gmt":"2022-09-15T07:44:14","slug":"cpp-bopp-films","status":"publish","type":"page","link":"https:\/\/www.sdapakuote.lt\/en\/products\/films\/cpp-bopp-films\/","title":{"rendered":"CPP \/ BOPP films"},"content":{"rendered":"<p>&nbsp;<\/p>\n<p id=\"tw-target-text\" class=\"tw-data-text tw-text-large tw-ta\" dir=\"ltr\" data-placeholder=\"Translation\"><span class=\"Y2IQFc\" lang=\"en\">We sell CPP\/ BOPP films in rolls. We have various measurements and thickness polypropylene films in our warehouse. If necessary, we can cut into rolls of desired width. Our main films are <strong>25, 30, 35 microns thick.<\/strong><\/span><\/p>\n<p id=\"tw-target-text\" class=\"tw-data-text tw-text-large tw-ta\" dir=\"ltr\" data-placeholder=\"Translation\"><span class=\"Y2IQFc\" lang=\"en\">The width varies from<strong> 250 mm to 1200 mm wide.<\/strong><\/span><\/p>\n","protected":false},"excerpt":{"rendered":"<p>&nbsp; We sell CPP\/ BOPP films in rolls. We have various measurements and thickness polypropylene films in our warehouse. If necessary, we can cut into rolls of desired width. Our main films are 25, 30, 35 microns thick. The width varies from 250 mm to 1200 mm wide.<\/p>\n","protected":false},"author":2,"featured_media":1109,"parent":2119,"menu_order":0,"comment_status":"closed","ping_status":"closed","template":"page-single-product.php","meta":{"_acf_changed":false,"footnotes":""},"class_list":["post-2129","page","type-page","status-publish","has-post-thumbnail","hentry"],"acf":[],"yoast_head":"<!-- This site is optimized with the Yoast SEO plugin v27.4 - https:\/\/yoast.com\/product\/yoast-seo-wordpress\/ -->\n<title>CPP \/ BOPP films - sdapakuote.lt<\/title>\n<meta name=\"description\" content=\"Prekiaujame CPP\/ BOPP pl\u0117vel\u0117mis rulonais. Turime \u012fvairi\u0173 i\u0161matavim\u0173, bei stori\u0173 polipropileno pl\u0117veli\u0173 savo sand\u0117lyje.\" \/>\n<meta name=\"robots\" content=\"index, follow, max-snippet:-1, max-image-preview:large, max-video-preview:-1\" \/>\n<link rel=\"canonical\" href=\"https:\/\/www.sdapakuote.lt\/en\/products\/films\/cpp-bopp-films\/\" \/>\n<meta property=\"og:locale\" content=\"en_US\" \/>\n<meta property=\"og:type\" content=\"article\" \/>\n<meta property=\"og:title\" content=\"CPP \/ BOPP films - sdapakuote.lt\" \/>\n<meta property=\"og:description\" content=\"Prekiaujame CPP\/ BOPP pl\u0117vel\u0117mis rulonais. Turime \u012fvairi\u0173 i\u0161matavim\u0173, bei stori\u0173 polipropileno pl\u0117veli\u0173 savo sand\u0117lyje.\" \/>\n<meta property=\"og:url\" content=\"https:\/\/www.sdapakuote.lt\/en\/products\/films\/cpp-bopp-films\/\" \/>\n<meta property=\"og:site_name\" content=\"sdapakuote.lt\" \/>\n<meta property=\"article:modified_time\" content=\"2022-09-15T07:44:14+00:00\" \/>\n<meta property=\"og:image\" content=\"https:\/\/www.sdapakuote.lt\/wp-content\/uploads\/2021\/09\/polipropileno-plevele-scaled.jpg\" \/>\n\t<meta property=\"og:image:width\" content=\"2560\" \/>\n\t<meta property=\"og:image:height\" content=\"2119\" \/>\n\t<meta property=\"og:image:type\" content=\"image\/jpeg\" \/>\n<meta name=\"twitter:card\" content=\"summary_large_image\" \/>\n<script type=\"application\/ld+json\" class=\"yoast-schema-graph\">{\"@context\":\"https:\\\/\\\/schema.org\",\"@graph\":[{\"@type\":\"WebPage\",\"@id\":\"https:\\\/\\\/www.sdapakuote.lt\\\/en\\\/products\\\/films\\\/cpp-bopp-films\\\/\",\"url\":\"https:\\\/\\\/www.sdapakuote.lt\\\/en\\\/products\\\/films\\\/cpp-bopp-films\\\/\",\"name\":\"CPP \\\/ BOPP films - sdapakuote.lt\",\"isPartOf\":{\"@id\":\"https:\\\/\\\/www.sdapakuote.lt\\\/en\\\/#website\"},\"primaryImageOfPage\":{\"@id\":\"https:\\\/\\\/www.sdapakuote.lt\\\/en\\\/products\\\/films\\\/cpp-bopp-films\\\/#primaryimage\"},\"image\":{\"@id\":\"https:\\\/\\\/www.sdapakuote.lt\\\/en\\\/products\\\/films\\\/cpp-bopp-films\\\/#primaryimage\"},\"thumbnailUrl\":\"https:\\\/\\\/www.sdapakuote.lt\\\/wp-content\\\/uploads\\\/2021\\\/09\\\/polipropileno-plevele-scaled.jpg\",\"datePublished\":\"2021-09-28T12:11:39+00:00\",\"dateModified\":\"2022-09-15T07:44:14+00:00\",\"description\":\"Prekiaujame CPP\\\/ BOPP pl\u0117vel\u0117mis rulonais. Turime \u012fvairi\u0173 i\u0161matavim\u0173, bei stori\u0173 polipropileno pl\u0117veli\u0173 savo sand\u0117lyje.\",\"breadcrumb\":{\"@id\":\"https:\\\/\\\/www.sdapakuote.lt\\\/en\\\/products\\\/films\\\/cpp-bopp-films\\\/#breadcrumb\"},\"inLanguage\":\"en-US\",\"potentialAction\":[{\"@type\":\"ReadAction\",\"target\":[\"https:\\\/\\\/www.sdapakuote.lt\\\/en\\\/products\\\/films\\\/cpp-bopp-films\\\/\"]}]},{\"@type\":\"ImageObject\",\"inLanguage\":\"en-US\",\"@id\":\"https:\\\/\\\/www.sdapakuote.lt\\\/en\\\/products\\\/films\\\/cpp-bopp-films\\\/#primaryimage\",\"url\":\"https:\\\/\\\/www.sdapakuote.lt\\\/wp-content\\\/uploads\\\/2021\\\/09\\\/polipropileno-plevele-scaled.jpg\",\"contentUrl\":\"https:\\\/\\\/www.sdapakuote.lt\\\/wp-content\\\/uploads\\\/2021\\\/09\\\/polipropileno-plevele-scaled.jpg\",\"width\":2560,\"height\":2119,\"caption\":\"CPP, BOPP pleveles\"},{\"@type\":\"BreadcrumbList\",\"@id\":\"https:\\\/\\\/www.sdapakuote.lt\\\/en\\\/products\\\/films\\\/cpp-bopp-films\\\/#breadcrumb\",\"itemListElement\":[{\"@type\":\"ListItem\",\"position\":1,\"name\":\"Home\",\"item\":\"https:\\\/\\\/www.sdapakuote.lt\\\/en\\\/\"},{\"@type\":\"ListItem\",\"position\":2,\"name\":\"Products\",\"item\":\"https:\\\/\\\/www.sdapakuote.lt\\\/en\\\/products\\\/\"},{\"@type\":\"ListItem\",\"position\":3,\"name\":\"Films\",\"item\":\"https:\\\/\\\/www.sdapakuote.lt\\\/en\\\/products\\\/films\\\/\"},{\"@type\":\"ListItem\",\"position\":4,\"name\":\"CPP \\\/ BOPP films\"}]},{\"@type\":\"WebSite\",\"@id\":\"https:\\\/\\\/www.sdapakuote.lt\\\/en\\\/#website\",\"url\":\"https:\\\/\\\/www.sdapakuote.lt\\\/en\\\/\",\"name\":\"sdapakuote.lt\",\"description\":\"Kol kas tik dar vienas WordPress tinklalapis\",\"potentialAction\":[{\"@type\":\"SearchAction\",\"target\":{\"@type\":\"EntryPoint\",\"urlTemplate\":\"https:\\\/\\\/www.sdapakuote.lt\\\/en\\\/?s={search_term_string}\"},\"query-input\":{\"@type\":\"PropertyValueSpecification\",\"valueRequired\":true,\"valueName\":\"search_term_string\"}}],\"inLanguage\":\"en-US\"}]}<\/script>\n<!-- \/ Yoast SEO plugin. -->","yoast_head_json":{"title":"CPP \/ BOPP films - sdapakuote.lt","description":"Prekiaujame CPP\/ BOPP pl\u0117vel\u0117mis rulonais. Turime \u012fvairi\u0173 i\u0161matavim\u0173, bei stori\u0173 polipropileno pl\u0117veli\u0173 savo sand\u0117lyje.","robots":{"index":"index","follow":"follow","max-snippet":"max-snippet:-1","max-image-preview":"max-image-preview:large","max-video-preview":"max-video-preview:-1"},"canonical":"https:\/\/www.sdapakuote.lt\/en\/products\/films\/cpp-bopp-films\/","og_locale":"en_US","og_type":"article","og_title":"CPP \/ BOPP films - sdapakuote.lt","og_description":"Prekiaujame CPP\/ BOPP pl\u0117vel\u0117mis rulonais. Turime \u012fvairi\u0173 i\u0161matavim\u0173, bei stori\u0173 polipropileno pl\u0117veli\u0173 savo sand\u0117lyje.","og_url":"https:\/\/www.sdapakuote.lt\/en\/products\/films\/cpp-bopp-films\/","og_site_name":"sdapakuote.lt","article_modified_time":"2022-09-15T07:44:14+00:00","og_image":[{"width":2560,"height":2119,"url":"https:\/\/www.sdapakuote.lt\/wp-content\/uploads\/2021\/09\/polipropileno-plevele-scaled.jpg","type":"image\/jpeg"}],"twitter_card":"summary_large_image","schema":{"@context":"https:\/\/schema.org","@graph":[{"@type":"WebPage","@id":"https:\/\/www.sdapakuote.lt\/en\/products\/films\/cpp-bopp-films\/","url":"https:\/\/www.sdapakuote.lt\/en\/products\/films\/cpp-bopp-films\/","name":"CPP \/ BOPP films - sdapakuote.lt","isPartOf":{"@id":"https:\/\/www.sdapakuote.lt\/en\/#website"},"primaryImageOfPage":{"@id":"https:\/\/www.sdapakuote.lt\/en\/products\/films\/cpp-bopp-films\/#primaryimage"},"image":{"@id":"https:\/\/www.sdapakuote.lt\/en\/products\/films\/cpp-bopp-films\/#primaryimage"},"thumbnailUrl":"https:\/\/www.sdapakuote.lt\/wp-content\/uploads\/2021\/09\/polipropileno-plevele-scaled.jpg","datePublished":"2021-09-28T12:11:39+00:00","dateModified":"2022-09-15T07:44:14+00:00","description":"Prekiaujame CPP\/ BOPP pl\u0117vel\u0117mis rulonais. Turime \u012fvairi\u0173 i\u0161matavim\u0173, bei stori\u0173 polipropileno pl\u0117veli\u0173 savo sand\u0117lyje.","breadcrumb":{"@id":"https:\/\/www.sdapakuote.lt\/en\/products\/films\/cpp-bopp-films\/#breadcrumb"},"inLanguage":"en-US","potentialAction":[{"@type":"ReadAction","target":["https:\/\/www.sdapakuote.lt\/en\/products\/films\/cpp-bopp-films\/"]}]},{"@type":"ImageObject","inLanguage":"en-US","@id":"https:\/\/www.sdapakuote.lt\/en\/products\/films\/cpp-bopp-films\/#primaryimage","url":"https:\/\/www.sdapakuote.lt\/wp-content\/uploads\/2021\/09\/polipropileno-plevele-scaled.jpg","contentUrl":"https:\/\/www.sdapakuote.lt\/wp-content\/uploads\/2021\/09\/polipropileno-plevele-scaled.jpg","width":2560,"height":2119,"caption":"CPP, BOPP pleveles"},{"@type":"BreadcrumbList","@id":"https:\/\/www.sdapakuote.lt\/en\/products\/films\/cpp-bopp-films\/#breadcrumb","itemListElement":[{"@type":"ListItem","position":1,"name":"Home","item":"https:\/\/www.sdapakuote.lt\/en\/"},{"@type":"ListItem","position":2,"name":"Products","item":"https:\/\/www.sdapakuote.lt\/en\/products\/"},{"@type":"ListItem","position":3,"name":"Films","item":"https:\/\/www.sdapakuote.lt\/en\/products\/films\/"},{"@type":"ListItem","position":4,"name":"CPP \/ BOPP films"}]},{"@type":"WebSite","@id":"https:\/\/www.sdapakuote.lt\/en\/#website","url":"https:\/\/www.sdapakuote.lt\/en\/","name":"sdapakuote.lt","description":"Kol kas tik dar vienas WordPress tinklalapis","potentialAction":[{"@type":"SearchAction","target":{"@type":"EntryPoint","urlTemplate":"https:\/\/www.sdapakuote.lt\/en\/?s={search_term_string}"},"query-input":{"@type":"PropertyValueSpecification","valueRequired":true,"valueName":"search_term_string"}}],"inLanguage":"en-US"}]}},"_links":{"self":[{"href":"https:\/\/www.sdapakuote.lt\/en\/wp-json\/wp\/v2\/pages\/2129","targetHints":{"allow":["GET"]}}],"collection":[{"href":"https:\/\/www.sdapakuote.lt\/en\/wp-json\/wp\/v2\/pages"}],"about":[{"href":"https:\/\/www.sdapakuote.lt\/en\/wp-json\/wp\/v2\/types\/page"}],"author":[{"embeddable":true,"href":"https:\/\/www.sdapakuote.lt\/en\/wp-json\/wp\/v2\/users\/2"}],"replies":[{"embeddable":true,"href":"https:\/\/www.sdapakuote.lt\/en\/wp-json\/wp\/v2\/comments?post=2129"}],"version-history":[{"count":2,"href":"https:\/\/www.sdapakuote.lt\/en\/wp-json\/wp\/v2\/pages\/2129\/revisions"}],"predecessor-version":[{"id":2131,"href":"https:\/\/www.sdapakuote.lt\/en\/wp-json\/wp\/v2\/pages\/2129\/revisions\/2131"}],"up":[{"embeddable":true,"href":"https:\/\/www.sdapakuote.lt\/en\/wp-json\/wp\/v2\/pages\/2119"}],"wp:featuredmedia":[{"embeddable":true,"href":"https:\/\/www.sdapakuote.lt\/en\/wp-json\/wp\/v2\/media\/1109"}],"wp:attachment":[{"href":"https:\/\/www.sdapakuote.lt\/en\/wp-json\/wp\/v2\/media?parent=2129"}],"curies":[{"name":"wp","href":"https:\/\/api.w.org\/{rel}","templated":true}]}}