{"id":2123,"date":"2021-09-28T10:43:23","date_gmt":"2021-09-28T10:43:23","guid":{"rendered":"https:\/\/www.sdapakuote.lt\/products\/films\/celiuliozes-plevele\/"},"modified":"2022-09-15T07:33:26","modified_gmt":"2022-09-15T07:33:26","slug":"cellulose-film","status":"publish","type":"page","link":"https:\/\/www.sdapakuote.lt\/en\/products\/films\/cellulose-film\/","title":{"rendered":"Cellulose film"},"content":{"rendered":"<p>&nbsp;<\/p>\n<p id=\"tw-target-text\" class=\"tw-data-text tw-text-large tw-ta\" dir=\"ltr\" data-placeholder=\"Translation\"><span class=\"Y2IQFc\" lang=\"en\">Wholesale of regenerated cellulose film. We sell <strong>42 cm<\/strong> wide and <strong>120 cm<\/strong> wide rolls. We also sell cellulose sheets. We can cut the film according to the dimensions requested by the customer.<\/span><\/p>\n<p>The film is uncoated, unvarnished, suitable for contact with food.<\/p>\n<p id=\"tw-target-text\" class=\"tw-data-text tw-text-large tw-ta\" dir=\"ltr\" data-placeholder=\"Translation\"><span class=\"Y2IQFc\" lang=\"en\">The film of regenerated cellulose is transparent, colorless, has the property of passing smoke. It is mostly used in the production process of boiled and smoked products. The film does not emit toxic substances when stored in water or lemon solution. We issue declarations of conformity for contact with food products for these products.<\/span><\/p>\n<p>&nbsp;<\/p>\n","protected":false},"excerpt":{"rendered":"<p>&nbsp; Wholesale of regenerated cellulose film. We sell 42 cm wide and 120 cm wide rolls. We also sell cellulose sheets. We can cut the film according to the dimensions requested by the customer. The film is uncoated, unvarnished, suitable for contact with food. The film of regenerated cellulose is transparent, colorless, has the property [&hellip;]<\/p>\n","protected":false},"author":2,"featured_media":5119,"parent":2119,"menu_order":0,"comment_status":"closed","ping_status":"closed","template":"page-single-product.php","meta":{"_acf_changed":false,"footnotes":""},"class_list":["post-2123","page","type-page","status-publish","has-post-thumbnail","hentry"],"acf":[],"yoast_head":"<!-- This site is optimized with the Yoast SEO plugin v27.4 - https:\/\/yoast.com\/product\/yoast-seo-wordpress\/ -->\n<title>Cellulose film - sdapakuote.lt<\/title>\n<meta name=\"description\" content=\"Didmenin\u0117 prekyba regeneruotos celiulioz\u0117s pl\u0117vele. Prekiaujame 42cm plo\u010dio, bei 120 cm plo\u010dio rulonais. Taip pat prekiaujame celiulioz\u0117s lak\u0161tais.\" \/>\n<meta name=\"robots\" content=\"index, follow, max-snippet:-1, max-image-preview:large, max-video-preview:-1\" \/>\n<link rel=\"canonical\" href=\"https:\/\/www.sdapakuote.lt\/en\/products\/films\/cellulose-film\/\" \/>\n<meta property=\"og:locale\" content=\"en_US\" \/>\n<meta property=\"og:type\" content=\"article\" \/>\n<meta property=\"og:title\" content=\"Cellulose film - sdapakuote.lt\" \/>\n<meta property=\"og:description\" content=\"Didmenin\u0117 prekyba regeneruotos celiulioz\u0117s pl\u0117vele. Prekiaujame 42cm plo\u010dio, bei 120 cm plo\u010dio rulonais. Taip pat prekiaujame celiulioz\u0117s lak\u0161tais.\" \/>\n<meta property=\"og:url\" content=\"https:\/\/www.sdapakuote.lt\/en\/products\/films\/cellulose-film\/\" \/>\n<meta property=\"og:site_name\" content=\"sdapakuote.lt\" \/>\n<meta property=\"article:modified_time\" content=\"2022-09-15T07:33:26+00:00\" \/>\n<meta property=\"og:image\" content=\"https:\/\/www.sdapakuote.lt\/wp-content\/uploads\/2021\/09\/celiuliozes-plevele-scaled.jpg\" \/>\n\t<meta property=\"og:image:width\" content=\"1573\" \/>\n\t<meta property=\"og:image:height\" content=\"2560\" \/>\n\t<meta property=\"og:image:type\" content=\"image\/jpeg\" \/>\n<meta name=\"twitter:card\" content=\"summary_large_image\" \/>\n<script type=\"application\/ld+json\" class=\"yoast-schema-graph\">{\"@context\":\"https:\\\/\\\/schema.org\",\"@graph\":[{\"@type\":\"WebPage\",\"@id\":\"https:\\\/\\\/www.sdapakuote.lt\\\/en\\\/products\\\/films\\\/cellulose-film\\\/\",\"url\":\"https:\\\/\\\/www.sdapakuote.lt\\\/en\\\/products\\\/films\\\/cellulose-film\\\/\",\"name\":\"Cellulose film - sdapakuote.lt\",\"isPartOf\":{\"@id\":\"https:\\\/\\\/www.sdapakuote.lt\\\/en\\\/#website\"},\"primaryImageOfPage\":{\"@id\":\"https:\\\/\\\/www.sdapakuote.lt\\\/en\\\/products\\\/films\\\/cellulose-film\\\/#primaryimage\"},\"image\":{\"@id\":\"https:\\\/\\\/www.sdapakuote.lt\\\/en\\\/products\\\/films\\\/cellulose-film\\\/#primaryimage\"},\"thumbnailUrl\":\"https:\\\/\\\/www.sdapakuote.lt\\\/wp-content\\\/uploads\\\/2026\\\/01\\\/Regeneruota-celiuliozes-plevele.png\",\"datePublished\":\"2021-09-28T10:43:23+00:00\",\"dateModified\":\"2022-09-15T07:33:26+00:00\",\"description\":\"Didmenin\u0117 prekyba regeneruotos celiulioz\u0117s pl\u0117vele. Prekiaujame 42cm plo\u010dio, bei 120 cm plo\u010dio rulonais. Taip pat prekiaujame celiulioz\u0117s lak\u0161tais.\",\"breadcrumb\":{\"@id\":\"https:\\\/\\\/www.sdapakuote.lt\\\/en\\\/products\\\/films\\\/cellulose-film\\\/#breadcrumb\"},\"inLanguage\":\"en-US\",\"potentialAction\":[{\"@type\":\"ReadAction\",\"target\":[\"https:\\\/\\\/www.sdapakuote.lt\\\/en\\\/products\\\/films\\\/cellulose-film\\\/\"]}]},{\"@type\":\"ImageObject\",\"inLanguage\":\"en-US\",\"@id\":\"https:\\\/\\\/www.sdapakuote.lt\\\/en\\\/products\\\/films\\\/cellulose-film\\\/#primaryimage\",\"url\":\"https:\\\/\\\/www.sdapakuote.lt\\\/wp-content\\\/uploads\\\/2026\\\/01\\\/Regeneruota-celiuliozes-plevele.png\",\"contentUrl\":\"https:\\\/\\\/www.sdapakuote.lt\\\/wp-content\\\/uploads\\\/2026\\\/01\\\/Regeneruota-celiuliozes-plevele.png\",\"width\":1536,\"height\":1024,\"caption\":\"Regeneruota celiuliozes plevele NatureFlex\u2122\"},{\"@type\":\"BreadcrumbList\",\"@id\":\"https:\\\/\\\/www.sdapakuote.lt\\\/en\\\/products\\\/films\\\/cellulose-film\\\/#breadcrumb\",\"itemListElement\":[{\"@type\":\"ListItem\",\"position\":1,\"name\":\"Home\",\"item\":\"https:\\\/\\\/www.sdapakuote.lt\\\/en\\\/\"},{\"@type\":\"ListItem\",\"position\":2,\"name\":\"Products\",\"item\":\"https:\\\/\\\/www.sdapakuote.lt\\\/en\\\/products\\\/\"},{\"@type\":\"ListItem\",\"position\":3,\"name\":\"Films\",\"item\":\"https:\\\/\\\/www.sdapakuote.lt\\\/en\\\/products\\\/films\\\/\"},{\"@type\":\"ListItem\",\"position\":4,\"name\":\"Cellulose film\"}]},{\"@type\":\"WebSite\",\"@id\":\"https:\\\/\\\/www.sdapakuote.lt\\\/en\\\/#website\",\"url\":\"https:\\\/\\\/www.sdapakuote.lt\\\/en\\\/\",\"name\":\"sdapakuote.lt\",\"description\":\"Kol kas tik dar vienas WordPress tinklalapis\",\"potentialAction\":[{\"@type\":\"SearchAction\",\"target\":{\"@type\":\"EntryPoint\",\"urlTemplate\":\"https:\\\/\\\/www.sdapakuote.lt\\\/en\\\/?s={search_term_string}\"},\"query-input\":{\"@type\":\"PropertyValueSpecification\",\"valueRequired\":true,\"valueName\":\"search_term_string\"}}],\"inLanguage\":\"en-US\"}]}<\/script>\n<!-- \/ Yoast SEO plugin. -->","yoast_head_json":{"title":"Cellulose film - sdapakuote.lt","description":"Didmenin\u0117 prekyba regeneruotos celiulioz\u0117s pl\u0117vele. Prekiaujame 42cm plo\u010dio, bei 120 cm plo\u010dio rulonais. Taip pat prekiaujame celiulioz\u0117s lak\u0161tais.","robots":{"index":"index","follow":"follow","max-snippet":"max-snippet:-1","max-image-preview":"max-image-preview:large","max-video-preview":"max-video-preview:-1"},"canonical":"https:\/\/www.sdapakuote.lt\/en\/products\/films\/cellulose-film\/","og_locale":"en_US","og_type":"article","og_title":"Cellulose film - sdapakuote.lt","og_description":"Didmenin\u0117 prekyba regeneruotos celiulioz\u0117s pl\u0117vele. Prekiaujame 42cm plo\u010dio, bei 120 cm plo\u010dio rulonais. Taip pat prekiaujame celiulioz\u0117s lak\u0161tais.","og_url":"https:\/\/www.sdapakuote.lt\/en\/products\/films\/cellulose-film\/","og_site_name":"sdapakuote.lt","article_modified_time":"2022-09-15T07:33:26+00:00","og_image":[{"width":1573,"height":2560,"url":"https:\/\/www.sdapakuote.lt\/wp-content\/uploads\/2021\/09\/celiuliozes-plevele-scaled.jpg","type":"image\/jpeg"}],"twitter_card":"summary_large_image","schema":{"@context":"https:\/\/schema.org","@graph":[{"@type":"WebPage","@id":"https:\/\/www.sdapakuote.lt\/en\/products\/films\/cellulose-film\/","url":"https:\/\/www.sdapakuote.lt\/en\/products\/films\/cellulose-film\/","name":"Cellulose film - sdapakuote.lt","isPartOf":{"@id":"https:\/\/www.sdapakuote.lt\/en\/#website"},"primaryImageOfPage":{"@id":"https:\/\/www.sdapakuote.lt\/en\/products\/films\/cellulose-film\/#primaryimage"},"image":{"@id":"https:\/\/www.sdapakuote.lt\/en\/products\/films\/cellulose-film\/#primaryimage"},"thumbnailUrl":"https:\/\/www.sdapakuote.lt\/wp-content\/uploads\/2026\/01\/Regeneruota-celiuliozes-plevele.png","datePublished":"2021-09-28T10:43:23+00:00","dateModified":"2022-09-15T07:33:26+00:00","description":"Didmenin\u0117 prekyba regeneruotos celiulioz\u0117s pl\u0117vele. Prekiaujame 42cm plo\u010dio, bei 120 cm plo\u010dio rulonais. Taip pat prekiaujame celiulioz\u0117s lak\u0161tais.","breadcrumb":{"@id":"https:\/\/www.sdapakuote.lt\/en\/products\/films\/cellulose-film\/#breadcrumb"},"inLanguage":"en-US","potentialAction":[{"@type":"ReadAction","target":["https:\/\/www.sdapakuote.lt\/en\/products\/films\/cellulose-film\/"]}]},{"@type":"ImageObject","inLanguage":"en-US","@id":"https:\/\/www.sdapakuote.lt\/en\/products\/films\/cellulose-film\/#primaryimage","url":"https:\/\/www.sdapakuote.lt\/wp-content\/uploads\/2026\/01\/Regeneruota-celiuliozes-plevele.png","contentUrl":"https:\/\/www.sdapakuote.lt\/wp-content\/uploads\/2026\/01\/Regeneruota-celiuliozes-plevele.png","width":1536,"height":1024,"caption":"Regeneruota celiuliozes plevele NatureFlex\u2122"},{"@type":"BreadcrumbList","@id":"https:\/\/www.sdapakuote.lt\/en\/products\/films\/cellulose-film\/#breadcrumb","itemListElement":[{"@type":"ListItem","position":1,"name":"Home","item":"https:\/\/www.sdapakuote.lt\/en\/"},{"@type":"ListItem","position":2,"name":"Products","item":"https:\/\/www.sdapakuote.lt\/en\/products\/"},{"@type":"ListItem","position":3,"name":"Films","item":"https:\/\/www.sdapakuote.lt\/en\/products\/films\/"},{"@type":"ListItem","position":4,"name":"Cellulose film"}]},{"@type":"WebSite","@id":"https:\/\/www.sdapakuote.lt\/en\/#website","url":"https:\/\/www.sdapakuote.lt\/en\/","name":"sdapakuote.lt","description":"Kol kas tik dar vienas WordPress tinklalapis","potentialAction":[{"@type":"SearchAction","target":{"@type":"EntryPoint","urlTemplate":"https:\/\/www.sdapakuote.lt\/en\/?s={search_term_string}"},"query-input":{"@type":"PropertyValueSpecification","valueRequired":true,"valueName":"search_term_string"}}],"inLanguage":"en-US"}]}},"_links":{"self":[{"href":"https:\/\/www.sdapakuote.lt\/en\/wp-json\/wp\/v2\/pages\/2123","targetHints":{"allow":["GET"]}}],"collection":[{"href":"https:\/\/www.sdapakuote.lt\/en\/wp-json\/wp\/v2\/pages"}],"about":[{"href":"https:\/\/www.sdapakuote.lt\/en\/wp-json\/wp\/v2\/types\/page"}],"author":[{"embeddable":true,"href":"https:\/\/www.sdapakuote.lt\/en\/wp-json\/wp\/v2\/users\/2"}],"replies":[{"embeddable":true,"href":"https:\/\/www.sdapakuote.lt\/en\/wp-json\/wp\/v2\/comments?post=2123"}],"version-history":[{"count":2,"href":"https:\/\/www.sdapakuote.lt\/en\/wp-json\/wp\/v2\/pages\/2123\/revisions"}],"predecessor-version":[{"id":2126,"href":"https:\/\/www.sdapakuote.lt\/en\/wp-json\/wp\/v2\/pages\/2123\/revisions\/2126"}],"up":[{"embeddable":true,"href":"https:\/\/www.sdapakuote.lt\/en\/wp-json\/wp\/v2\/pages\/2119"}],"wp:featuredmedia":[{"embeddable":true,"href":"https:\/\/www.sdapakuote.lt\/en\/wp-json\/wp\/v2\/media\/5119"}],"wp:attachment":[{"href":"https:\/\/www.sdapakuote.lt\/en\/wp-json\/wp\/v2\/media?parent=2123"}],"curies":[{"name":"wp","href":"https:\/\/api.w.org\/{rel}","templated":true}]}}