{"id":2115,"date":"2021-09-22T06:47:11","date_gmt":"2021-09-22T06:47:11","guid":{"rendered":"https:\/\/www.sdapakuote.lt\/products\/personalized-paper-packaging\/paper\/popierius-kepimui-pergamentas\/"},"modified":"2022-09-15T07:26:40","modified_gmt":"2022-09-15T07:26:40","slug":"parchment-baking-paper","status":"publish","type":"page","link":"https:\/\/www.sdapakuote.lt\/en\/products\/personalized-paper-packaging\/paper\/parchment-baking-paper\/","title":{"rendered":"Parchment baking paper"},"content":{"rendered":"<p>&nbsp;<\/p>\n<p>Wholesale of bleached parchment paper 32 gsm.<\/p>\n<p><strong>42 cm<\/strong> width x<strong> 60 cm<\/strong> length sheets.<\/p>\n<p id=\"tw-target-text\" class=\"tw-data-text tw-text-large tw-ta\" dir=\"ltr\" data-placeholder=\"Translation\"><span class=\"Y2IQFc\" lang=\"en\">We can also cut sheets of other dimensions, according to the size requested by the customer. This baking paper is resistant to high temperatures, does not allow grease to pass through, and food does not stick to it. It is also often used to line boxes, wrap fish, and packing greasy products.<\/span><\/p>\n","protected":false},"excerpt":{"rendered":"<p>&nbsp; Wholesale of bleached parchment paper 32 gsm. 42 cm width x 60 cm length sheets. We can also cut sheets of other dimensions, according to the size requested by the customer. This baking paper is resistant to high temperatures, does not allow grease to pass through, and food does not stick to it. It [&hellip;]<\/p>\n","protected":false},"author":1,"featured_media":1252,"parent":2104,"menu_order":0,"comment_status":"closed","ping_status":"closed","template":"page-single-product.php","meta":{"_acf_changed":false,"footnotes":""},"class_list":["post-2115","page","type-page","status-publish","has-post-thumbnail","hentry"],"acf":[],"yoast_head":"<!-- This site is optimized with the Yoast SEO plugin v27.5 - https:\/\/yoast.com\/product\/yoast-seo-wordpress\/ -->\n<title>Parchment baking paper - sdapakuote.lt<\/title>\n<meta name=\"description\" content=\"Didmenin\u0117 prekyba kepimo popieriumi lak\u0161tais. Prekiaujame balintu pergamento popieriumi 32 gsm.\u00a0Galime supjauti ir kit\u0173 i\u0161matavim\u0173 lak\u0161tus.\" \/>\n<meta name=\"robots\" content=\"index, follow, max-snippet:-1, max-image-preview:large, max-video-preview:-1\" \/>\n<link rel=\"canonical\" href=\"https:\/\/www.sdapakuote.lt\/en\/products\/personalized-paper-packaging\/paper\/parchment-baking-paper\/\" \/>\n<meta property=\"og:locale\" content=\"en_US\" \/>\n<meta property=\"og:type\" content=\"article\" \/>\n<meta property=\"og:title\" content=\"Parchment baking paper - sdapakuote.lt\" \/>\n<meta property=\"og:description\" content=\"Didmenin\u0117 prekyba kepimo popieriumi lak\u0161tais. Prekiaujame balintu pergamento popieriumi 32 gsm.\u00a0Galime supjauti ir kit\u0173 i\u0161matavim\u0173 lak\u0161tus.\" \/>\n<meta property=\"og:url\" content=\"https:\/\/www.sdapakuote.lt\/en\/products\/personalized-paper-packaging\/paper\/parchment-baking-paper\/\" \/>\n<meta property=\"og:site_name\" content=\"sdapakuote.lt\" \/>\n<meta property=\"article:modified_time\" content=\"2022-09-15T07:26:40+00:00\" \/>\n<meta property=\"og:image\" content=\"https:\/\/www.sdapakuote.lt\/wp-content\/uploads\/2021\/09\/kepimo-popierius-lakstais-scaled.jpg\" \/>\n\t<meta property=\"og:image:width\" content=\"2560\" \/>\n\t<meta property=\"og:image:height\" content=\"1455\" \/>\n\t<meta property=\"og:image:type\" content=\"image\/jpeg\" \/>\n<meta name=\"twitter:card\" content=\"summary_large_image\" \/>\n<script type=\"application\/ld+json\" class=\"yoast-schema-graph\">{\"@context\":\"https:\\\/\\\/schema.org\",\"@graph\":[{\"@type\":\"WebPage\",\"@id\":\"https:\\\/\\\/www.sdapakuote.lt\\\/en\\\/products\\\/personalized-paper-packaging\\\/paper\\\/parchment-baking-paper\\\/\",\"url\":\"https:\\\/\\\/www.sdapakuote.lt\\\/en\\\/products\\\/personalized-paper-packaging\\\/paper\\\/parchment-baking-paper\\\/\",\"name\":\"Parchment baking paper - sdapakuote.lt\",\"isPartOf\":{\"@id\":\"https:\\\/\\\/www.sdapakuote.lt\\\/en\\\/#website\"},\"primaryImageOfPage\":{\"@id\":\"https:\\\/\\\/www.sdapakuote.lt\\\/en\\\/products\\\/personalized-paper-packaging\\\/paper\\\/parchment-baking-paper\\\/#primaryimage\"},\"image\":{\"@id\":\"https:\\\/\\\/www.sdapakuote.lt\\\/en\\\/products\\\/personalized-paper-packaging\\\/paper\\\/parchment-baking-paper\\\/#primaryimage\"},\"thumbnailUrl\":\"https:\\\/\\\/www.sdapakuote.lt\\\/wp-content\\\/uploads\\\/2021\\\/09\\\/kepimo-popierius-lakstais-scaled.jpg\",\"datePublished\":\"2021-09-22T06:47:11+00:00\",\"dateModified\":\"2022-09-15T07:26:40+00:00\",\"description\":\"Didmenin\u0117 prekyba kepimo popieriumi lak\u0161tais. Prekiaujame balintu pergamento popieriumi 32 gsm.\u00a0Galime supjauti ir kit\u0173 i\u0161matavim\u0173 lak\u0161tus.\",\"breadcrumb\":{\"@id\":\"https:\\\/\\\/www.sdapakuote.lt\\\/en\\\/products\\\/personalized-paper-packaging\\\/paper\\\/parchment-baking-paper\\\/#breadcrumb\"},\"inLanguage\":\"en-US\",\"potentialAction\":[{\"@type\":\"ReadAction\",\"target\":[\"https:\\\/\\\/www.sdapakuote.lt\\\/en\\\/products\\\/personalized-paper-packaging\\\/paper\\\/parchment-baking-paper\\\/\"]}]},{\"@type\":\"ImageObject\",\"inLanguage\":\"en-US\",\"@id\":\"https:\\\/\\\/www.sdapakuote.lt\\\/en\\\/products\\\/personalized-paper-packaging\\\/paper\\\/parchment-baking-paper\\\/#primaryimage\",\"url\":\"https:\\\/\\\/www.sdapakuote.lt\\\/wp-content\\\/uploads\\\/2021\\\/09\\\/kepimo-popierius-lakstais-scaled.jpg\",\"contentUrl\":\"https:\\\/\\\/www.sdapakuote.lt\\\/wp-content\\\/uploads\\\/2021\\\/09\\\/kepimo-popierius-lakstais-scaled.jpg\",\"width\":2560,\"height\":1455,\"caption\":\"Kepimo popierius lak\u0161tais\"},{\"@type\":\"BreadcrumbList\",\"@id\":\"https:\\\/\\\/www.sdapakuote.lt\\\/en\\\/products\\\/personalized-paper-packaging\\\/paper\\\/parchment-baking-paper\\\/#breadcrumb\",\"itemListElement\":[{\"@type\":\"ListItem\",\"position\":1,\"name\":\"Home\",\"item\":\"https:\\\/\\\/www.sdapakuote.lt\\\/en\\\/\"},{\"@type\":\"ListItem\",\"position\":2,\"name\":\"Products\",\"item\":\"https:\\\/\\\/www.sdapakuote.lt\\\/en\\\/products\\\/\"},{\"@type\":\"ListItem\",\"position\":3,\"name\":\"Personalized paper packaging\",\"item\":\"https:\\\/\\\/www.sdapakuote.lt\\\/en\\\/products\\\/personalized-paper-packaging\\\/\"},{\"@type\":\"ListItem\",\"position\":4,\"name\":\"Paper\",\"item\":\"https:\\\/\\\/www.sdapakuote.lt\\\/en\\\/products\\\/personalized-paper-packaging\\\/paper\\\/\"},{\"@type\":\"ListItem\",\"position\":5,\"name\":\"Parchment baking paper\"}]},{\"@type\":\"WebSite\",\"@id\":\"https:\\\/\\\/www.sdapakuote.lt\\\/en\\\/#website\",\"url\":\"https:\\\/\\\/www.sdapakuote.lt\\\/en\\\/\",\"name\":\"sdapakuote.lt\",\"description\":\"Kol kas tik dar vienas WordPress tinklalapis\",\"potentialAction\":[{\"@type\":\"SearchAction\",\"target\":{\"@type\":\"EntryPoint\",\"urlTemplate\":\"https:\\\/\\\/www.sdapakuote.lt\\\/en\\\/?s={search_term_string}\"},\"query-input\":{\"@type\":\"PropertyValueSpecification\",\"valueRequired\":true,\"valueName\":\"search_term_string\"}}],\"inLanguage\":\"en-US\"}]}<\/script>\n<!-- \/ Yoast SEO plugin. -->","yoast_head_json":{"title":"Parchment baking paper - sdapakuote.lt","description":"Didmenin\u0117 prekyba kepimo popieriumi lak\u0161tais. Prekiaujame balintu pergamento popieriumi 32 gsm.\u00a0Galime supjauti ir kit\u0173 i\u0161matavim\u0173 lak\u0161tus.","robots":{"index":"index","follow":"follow","max-snippet":"max-snippet:-1","max-image-preview":"max-image-preview:large","max-video-preview":"max-video-preview:-1"},"canonical":"https:\/\/www.sdapakuote.lt\/en\/products\/personalized-paper-packaging\/paper\/parchment-baking-paper\/","og_locale":"en_US","og_type":"article","og_title":"Parchment baking paper - sdapakuote.lt","og_description":"Didmenin\u0117 prekyba kepimo popieriumi lak\u0161tais. Prekiaujame balintu pergamento popieriumi 32 gsm.\u00a0Galime supjauti ir kit\u0173 i\u0161matavim\u0173 lak\u0161tus.","og_url":"https:\/\/www.sdapakuote.lt\/en\/products\/personalized-paper-packaging\/paper\/parchment-baking-paper\/","og_site_name":"sdapakuote.lt","article_modified_time":"2022-09-15T07:26:40+00:00","og_image":[{"width":2560,"height":1455,"url":"https:\/\/www.sdapakuote.lt\/wp-content\/uploads\/2021\/09\/kepimo-popierius-lakstais-scaled.jpg","type":"image\/jpeg"}],"twitter_card":"summary_large_image","schema":{"@context":"https:\/\/schema.org","@graph":[{"@type":"WebPage","@id":"https:\/\/www.sdapakuote.lt\/en\/products\/personalized-paper-packaging\/paper\/parchment-baking-paper\/","url":"https:\/\/www.sdapakuote.lt\/en\/products\/personalized-paper-packaging\/paper\/parchment-baking-paper\/","name":"Parchment baking paper - sdapakuote.lt","isPartOf":{"@id":"https:\/\/www.sdapakuote.lt\/en\/#website"},"primaryImageOfPage":{"@id":"https:\/\/www.sdapakuote.lt\/en\/products\/personalized-paper-packaging\/paper\/parchment-baking-paper\/#primaryimage"},"image":{"@id":"https:\/\/www.sdapakuote.lt\/en\/products\/personalized-paper-packaging\/paper\/parchment-baking-paper\/#primaryimage"},"thumbnailUrl":"https:\/\/www.sdapakuote.lt\/wp-content\/uploads\/2021\/09\/kepimo-popierius-lakstais-scaled.jpg","datePublished":"2021-09-22T06:47:11+00:00","dateModified":"2022-09-15T07:26:40+00:00","description":"Didmenin\u0117 prekyba kepimo popieriumi lak\u0161tais. Prekiaujame balintu pergamento popieriumi 32 gsm.\u00a0Galime supjauti ir kit\u0173 i\u0161matavim\u0173 lak\u0161tus.","breadcrumb":{"@id":"https:\/\/www.sdapakuote.lt\/en\/products\/personalized-paper-packaging\/paper\/parchment-baking-paper\/#breadcrumb"},"inLanguage":"en-US","potentialAction":[{"@type":"ReadAction","target":["https:\/\/www.sdapakuote.lt\/en\/products\/personalized-paper-packaging\/paper\/parchment-baking-paper\/"]}]},{"@type":"ImageObject","inLanguage":"en-US","@id":"https:\/\/www.sdapakuote.lt\/en\/products\/personalized-paper-packaging\/paper\/parchment-baking-paper\/#primaryimage","url":"https:\/\/www.sdapakuote.lt\/wp-content\/uploads\/2021\/09\/kepimo-popierius-lakstais-scaled.jpg","contentUrl":"https:\/\/www.sdapakuote.lt\/wp-content\/uploads\/2021\/09\/kepimo-popierius-lakstais-scaled.jpg","width":2560,"height":1455,"caption":"Kepimo popierius lak\u0161tais"},{"@type":"BreadcrumbList","@id":"https:\/\/www.sdapakuote.lt\/en\/products\/personalized-paper-packaging\/paper\/parchment-baking-paper\/#breadcrumb","itemListElement":[{"@type":"ListItem","position":1,"name":"Home","item":"https:\/\/www.sdapakuote.lt\/en\/"},{"@type":"ListItem","position":2,"name":"Products","item":"https:\/\/www.sdapakuote.lt\/en\/products\/"},{"@type":"ListItem","position":3,"name":"Personalized paper packaging","item":"https:\/\/www.sdapakuote.lt\/en\/products\/personalized-paper-packaging\/"},{"@type":"ListItem","position":4,"name":"Paper","item":"https:\/\/www.sdapakuote.lt\/en\/products\/personalized-paper-packaging\/paper\/"},{"@type":"ListItem","position":5,"name":"Parchment baking paper"}]},{"@type":"WebSite","@id":"https:\/\/www.sdapakuote.lt\/en\/#website","url":"https:\/\/www.sdapakuote.lt\/en\/","name":"sdapakuote.lt","description":"Kol kas tik dar vienas WordPress tinklalapis","potentialAction":[{"@type":"SearchAction","target":{"@type":"EntryPoint","urlTemplate":"https:\/\/www.sdapakuote.lt\/en\/?s={search_term_string}"},"query-input":{"@type":"PropertyValueSpecification","valueRequired":true,"valueName":"search_term_string"}}],"inLanguage":"en-US"}]}},"_links":{"self":[{"href":"https:\/\/www.sdapakuote.lt\/en\/wp-json\/wp\/v2\/pages\/2115","targetHints":{"allow":["GET"]}}],"collection":[{"href":"https:\/\/www.sdapakuote.lt\/en\/wp-json\/wp\/v2\/pages"}],"about":[{"href":"https:\/\/www.sdapakuote.lt\/en\/wp-json\/wp\/v2\/types\/page"}],"author":[{"embeddable":true,"href":"https:\/\/www.sdapakuote.lt\/en\/wp-json\/wp\/v2\/users\/1"}],"replies":[{"embeddable":true,"href":"https:\/\/www.sdapakuote.lt\/en\/wp-json\/wp\/v2\/comments?post=2115"}],"version-history":[{"count":0,"href":"https:\/\/www.sdapakuote.lt\/en\/wp-json\/wp\/v2\/pages\/2115\/revisions"}],"up":[{"embeddable":true,"href":"https:\/\/www.sdapakuote.lt\/en\/wp-json\/wp\/v2\/pages\/2104"}],"wp:featuredmedia":[{"embeddable":true,"href":"https:\/\/www.sdapakuote.lt\/en\/wp-json\/wp\/v2\/media\/1252"}],"wp:attachment":[{"href":"https:\/\/www.sdapakuote.lt\/en\/wp-json\/wp\/v2\/media?parent=2115"}],"curies":[{"name":"wp","href":"https:\/\/api.w.org\/{rel}","templated":true}]}}