{"id":2080,"date":"2021-09-22T06:48:34","date_gmt":"2021-09-22T06:48:34","guid":{"rendered":"https:\/\/www.sdapakuote.lt\/products\/personalized-paper-packaging\/personalized-cardboard-boxes\/preke-kartono-dezes\/"},"modified":"2022-09-13T08:37:19","modified_gmt":"2022-09-13T08:37:19","slug":"mailing-boxes-quick-closing-for-small-size-parcel-terminals","status":"publish","type":"page","link":"https:\/\/www.sdapakuote.lt\/en\/products\/personalized-paper-packaging\/personalized-cardboard-boxes\/mailing-boxes-quick-closing-for-small-size-parcel-terminals\/","title":{"rendered":"Mailing boxes (Quick closing) for Small Size Parcel Terminals"},"content":{"rendered":"<p>&nbsp;<\/p>\n<p id=\"tw-target-text\" class=\"tw-data-text tw-text-large tw-ta\" dir=\"ltr\" data-placeholder=\"Translation\"><span class=\"Y2IQFc\" lang=\"en\">We produce quick-closing boxes with your <span style=\"color: #ff6600;\">brand, logo or information<\/span>, suitable for <strong>S size parcel terminals<\/strong>. <span style=\"color: #ff6600;\">We will make these boxes for your project from 1 piece.<\/span> We print on both the inside and outside of the box. We can currently offer:<\/span><\/p>\n<table style=\"border-collapse: collapse; width: 100.114%; height: 35px;\">\n<tbody>\n<tr>\n<td style=\"width: 33.3333%; text-align: center;\">215 x 130 x 70 mm\u00a0<\/td>\n<td style=\"width: 33.3333%; text-align: center;\">350 x 280 x 70 mm\u00a0<\/td>\n<td style=\"width: 33.3333%; text-align: center;\">570 x 340 x 70 mm<\/td>\n<\/tr>\n<\/tbody>\n<\/table>\n<p>&nbsp;<\/p>\n<p>&nbsp;<\/p>\n<p><iframe loading=\"lazy\" src=\"\/\/www.youtube.com\/embed\/A5hGafCbd0k\" width=\"300\" height=\"168\" allowfullscreen=\"allowfullscreen\"><\/iframe><\/p>\n","protected":false},"excerpt":{"rendered":"<p>&nbsp; We produce quick-closing boxes with your brand, logo or information, suitable for S size parcel terminals. We will make these boxes for your project from 1 piece. We print on both the inside and outside of the box. We can currently offer: 215 x 130 x 70 mm\u00a0 350 x 280 x 70 mm\u00a0 [&hellip;]<\/p>\n","protected":false},"author":1,"featured_media":1832,"parent":2021,"menu_order":0,"comment_status":"closed","ping_status":"closed","template":"page-single-product.php","meta":{"_acf_changed":false,"footnotes":""},"class_list":["post-2080","page","type-page","status-publish","has-post-thumbnail","hentry"],"acf":[],"yoast_head":"<!-- This site is optimized with the Yoast SEO plugin v27.5 - https:\/\/yoast.com\/product\/yoast-seo-wordpress\/ -->\n<title>Mailing boxes (Quick closing) for Small Size Parcel Terminals - sdapakuote.lt<\/title>\n<meta name=\"description\" content=\"Prekiaujame greito u\u017edarymo d\u0117\u017eut\u0117mis, tinkan\u010diomis S dyd\u017eio pa\u0161tomatams.\u00a0\u0160iuo metu galime pasi\u016blyti \u0161i\u0173 i\u0161matavim\u0173 d\u0117\u017eutes.......\" \/>\n<meta name=\"robots\" content=\"index, follow, max-snippet:-1, max-image-preview:large, max-video-preview:-1\" \/>\n<link rel=\"canonical\" href=\"https:\/\/www.sdapakuote.lt\/en\/products\/personalized-paper-packaging\/personalized-cardboard-boxes\/mailing-boxes-quick-closing-for-small-size-parcel-terminals\/\" \/>\n<meta property=\"og:locale\" content=\"en_US\" \/>\n<meta property=\"og:type\" content=\"article\" \/>\n<meta property=\"og:title\" content=\"Mailing boxes (Quick closing) for Small Size Parcel Terminals - sdapakuote.lt\" \/>\n<meta property=\"og:description\" content=\"Prekiaujame greito u\u017edarymo d\u0117\u017eut\u0117mis, tinkan\u010diomis S dyd\u017eio pa\u0161tomatams.\u00a0\u0160iuo metu galime pasi\u016blyti \u0161i\u0173 i\u0161matavim\u0173 d\u0117\u017eutes.......\" \/>\n<meta property=\"og:url\" content=\"https:\/\/www.sdapakuote.lt\/en\/products\/personalized-paper-packaging\/personalized-cardboard-boxes\/mailing-boxes-quick-closing-for-small-size-parcel-terminals\/\" \/>\n<meta property=\"og:site_name\" content=\"sdapakuote.lt\" \/>\n<meta property=\"article:modified_time\" content=\"2022-09-13T08:37:19+00:00\" \/>\n<meta property=\"og:image\" content=\"https:\/\/www.sdapakuote.lt\/wp-content\/uploads\/2022\/05\/Popierines-dezes-su-uzrasais-34.jpg\" \/>\n\t<meta property=\"og:image:width\" content=\"2102\" \/>\n\t<meta property=\"og:image:height\" content=\"1234\" \/>\n\t<meta property=\"og:image:type\" content=\"image\/jpeg\" \/>\n<meta name=\"twitter:card\" content=\"summary_large_image\" \/>\n<meta name=\"twitter:label1\" content=\"Est. reading time\" \/>\n\t<meta name=\"twitter:data1\" content=\"1 minute\" \/>\n<script type=\"application\/ld+json\" class=\"yoast-schema-graph\">{\"@context\":\"https:\\\/\\\/schema.org\",\"@graph\":[{\"@type\":\"WebPage\",\"@id\":\"https:\\\/\\\/www.sdapakuote.lt\\\/en\\\/products\\\/personalized-paper-packaging\\\/personalized-cardboard-boxes\\\/mailing-boxes-quick-closing-for-small-size-parcel-terminals\\\/\",\"url\":\"https:\\\/\\\/www.sdapakuote.lt\\\/en\\\/products\\\/personalized-paper-packaging\\\/personalized-cardboard-boxes\\\/mailing-boxes-quick-closing-for-small-size-parcel-terminals\\\/\",\"name\":\"Mailing boxes (Quick closing) for Small Size Parcel Terminals - sdapakuote.lt\",\"isPartOf\":{\"@id\":\"https:\\\/\\\/www.sdapakuote.lt\\\/en\\\/#website\"},\"primaryImageOfPage\":{\"@id\":\"https:\\\/\\\/www.sdapakuote.lt\\\/en\\\/products\\\/personalized-paper-packaging\\\/personalized-cardboard-boxes\\\/mailing-boxes-quick-closing-for-small-size-parcel-terminals\\\/#primaryimage\"},\"image\":{\"@id\":\"https:\\\/\\\/www.sdapakuote.lt\\\/en\\\/products\\\/personalized-paper-packaging\\\/personalized-cardboard-boxes\\\/mailing-boxes-quick-closing-for-small-size-parcel-terminals\\\/#primaryimage\"},\"thumbnailUrl\":\"https:\\\/\\\/www.sdapakuote.lt\\\/wp-content\\\/uploads\\\/2022\\\/05\\\/Popierines-dezes-su-uzrasais-34.jpg\",\"datePublished\":\"2021-09-22T06:48:34+00:00\",\"dateModified\":\"2022-09-13T08:37:19+00:00\",\"description\":\"Prekiaujame greito u\u017edarymo d\u0117\u017eut\u0117mis, tinkan\u010diomis S dyd\u017eio pa\u0161tomatams.\u00a0\u0160iuo metu galime pasi\u016blyti \u0161i\u0173 i\u0161matavim\u0173 d\u0117\u017eutes.......\",\"breadcrumb\":{\"@id\":\"https:\\\/\\\/www.sdapakuote.lt\\\/en\\\/products\\\/personalized-paper-packaging\\\/personalized-cardboard-boxes\\\/mailing-boxes-quick-closing-for-small-size-parcel-terminals\\\/#breadcrumb\"},\"inLanguage\":\"en-US\",\"potentialAction\":[{\"@type\":\"ReadAction\",\"target\":[\"https:\\\/\\\/www.sdapakuote.lt\\\/en\\\/products\\\/personalized-paper-packaging\\\/personalized-cardboard-boxes\\\/mailing-boxes-quick-closing-for-small-size-parcel-terminals\\\/\"]}]},{\"@type\":\"ImageObject\",\"inLanguage\":\"en-US\",\"@id\":\"https:\\\/\\\/www.sdapakuote.lt\\\/en\\\/products\\\/personalized-paper-packaging\\\/personalized-cardboard-boxes\\\/mailing-boxes-quick-closing-for-small-size-parcel-terminals\\\/#primaryimage\",\"url\":\"https:\\\/\\\/www.sdapakuote.lt\\\/wp-content\\\/uploads\\\/2022\\\/05\\\/Popierines-dezes-su-uzrasais-34.jpg\",\"contentUrl\":\"https:\\\/\\\/www.sdapakuote.lt\\\/wp-content\\\/uploads\\\/2022\\\/05\\\/Popierines-dezes-su-uzrasais-34.jpg\",\"width\":2102,\"height\":1234,\"caption\":\"Popierin\u0117s d\u0117\u017e\u0117s su u\u017era\u0161ais\"},{\"@type\":\"BreadcrumbList\",\"@id\":\"https:\\\/\\\/www.sdapakuote.lt\\\/en\\\/products\\\/personalized-paper-packaging\\\/personalized-cardboard-boxes\\\/mailing-boxes-quick-closing-for-small-size-parcel-terminals\\\/#breadcrumb\",\"itemListElement\":[{\"@type\":\"ListItem\",\"position\":1,\"name\":\"Home\",\"item\":\"https:\\\/\\\/www.sdapakuote.lt\\\/en\\\/\"},{\"@type\":\"ListItem\",\"position\":2,\"name\":\"Products\",\"item\":\"https:\\\/\\\/www.sdapakuote.lt\\\/en\\\/products\\\/\"},{\"@type\":\"ListItem\",\"position\":3,\"name\":\"Personalized paper packaging\",\"item\":\"https:\\\/\\\/www.sdapakuote.lt\\\/en\\\/products\\\/personalized-paper-packaging\\\/\"},{\"@type\":\"ListItem\",\"position\":4,\"name\":\"Personalized cardboard boxes\",\"item\":\"https:\\\/\\\/www.sdapakuote.lt\\\/en\\\/products\\\/personalized-paper-packaging\\\/personalized-cardboard-boxes\\\/\"},{\"@type\":\"ListItem\",\"position\":5,\"name\":\"Mailing boxes (Quick closing) for Small Size Parcel Terminals\"}]},{\"@type\":\"WebSite\",\"@id\":\"https:\\\/\\\/www.sdapakuote.lt\\\/en\\\/#website\",\"url\":\"https:\\\/\\\/www.sdapakuote.lt\\\/en\\\/\",\"name\":\"sdapakuote.lt\",\"description\":\"Kol kas tik dar vienas WordPress tinklalapis\",\"potentialAction\":[{\"@type\":\"SearchAction\",\"target\":{\"@type\":\"EntryPoint\",\"urlTemplate\":\"https:\\\/\\\/www.sdapakuote.lt\\\/en\\\/?s={search_term_string}\"},\"query-input\":{\"@type\":\"PropertyValueSpecification\",\"valueRequired\":true,\"valueName\":\"search_term_string\"}}],\"inLanguage\":\"en-US\"}]}<\/script>\n<!-- \/ Yoast SEO plugin. -->","yoast_head_json":{"title":"Mailing boxes (Quick closing) for Small Size Parcel Terminals - sdapakuote.lt","description":"Prekiaujame greito u\u017edarymo d\u0117\u017eut\u0117mis, tinkan\u010diomis S dyd\u017eio pa\u0161tomatams.\u00a0\u0160iuo metu galime pasi\u016blyti \u0161i\u0173 i\u0161matavim\u0173 d\u0117\u017eutes.......","robots":{"index":"index","follow":"follow","max-snippet":"max-snippet:-1","max-image-preview":"max-image-preview:large","max-video-preview":"max-video-preview:-1"},"canonical":"https:\/\/www.sdapakuote.lt\/en\/products\/personalized-paper-packaging\/personalized-cardboard-boxes\/mailing-boxes-quick-closing-for-small-size-parcel-terminals\/","og_locale":"en_US","og_type":"article","og_title":"Mailing boxes (Quick closing) for Small Size Parcel Terminals - sdapakuote.lt","og_description":"Prekiaujame greito u\u017edarymo d\u0117\u017eut\u0117mis, tinkan\u010diomis S dyd\u017eio pa\u0161tomatams.\u00a0\u0160iuo metu galime pasi\u016blyti \u0161i\u0173 i\u0161matavim\u0173 d\u0117\u017eutes.......","og_url":"https:\/\/www.sdapakuote.lt\/en\/products\/personalized-paper-packaging\/personalized-cardboard-boxes\/mailing-boxes-quick-closing-for-small-size-parcel-terminals\/","og_site_name":"sdapakuote.lt","article_modified_time":"2022-09-13T08:37:19+00:00","og_image":[{"width":2102,"height":1234,"url":"https:\/\/www.sdapakuote.lt\/wp-content\/uploads\/2022\/05\/Popierines-dezes-su-uzrasais-34.jpg","type":"image\/jpeg"}],"twitter_card":"summary_large_image","twitter_misc":{"Est. reading time":"1 minute"},"schema":{"@context":"https:\/\/schema.org","@graph":[{"@type":"WebPage","@id":"https:\/\/www.sdapakuote.lt\/en\/products\/personalized-paper-packaging\/personalized-cardboard-boxes\/mailing-boxes-quick-closing-for-small-size-parcel-terminals\/","url":"https:\/\/www.sdapakuote.lt\/en\/products\/personalized-paper-packaging\/personalized-cardboard-boxes\/mailing-boxes-quick-closing-for-small-size-parcel-terminals\/","name":"Mailing boxes (Quick closing) for Small Size Parcel Terminals - sdapakuote.lt","isPartOf":{"@id":"https:\/\/www.sdapakuote.lt\/en\/#website"},"primaryImageOfPage":{"@id":"https:\/\/www.sdapakuote.lt\/en\/products\/personalized-paper-packaging\/personalized-cardboard-boxes\/mailing-boxes-quick-closing-for-small-size-parcel-terminals\/#primaryimage"},"image":{"@id":"https:\/\/www.sdapakuote.lt\/en\/products\/personalized-paper-packaging\/personalized-cardboard-boxes\/mailing-boxes-quick-closing-for-small-size-parcel-terminals\/#primaryimage"},"thumbnailUrl":"https:\/\/www.sdapakuote.lt\/wp-content\/uploads\/2022\/05\/Popierines-dezes-su-uzrasais-34.jpg","datePublished":"2021-09-22T06:48:34+00:00","dateModified":"2022-09-13T08:37:19+00:00","description":"Prekiaujame greito u\u017edarymo d\u0117\u017eut\u0117mis, tinkan\u010diomis S dyd\u017eio pa\u0161tomatams.\u00a0\u0160iuo metu galime pasi\u016blyti \u0161i\u0173 i\u0161matavim\u0173 d\u0117\u017eutes.......","breadcrumb":{"@id":"https:\/\/www.sdapakuote.lt\/en\/products\/personalized-paper-packaging\/personalized-cardboard-boxes\/mailing-boxes-quick-closing-for-small-size-parcel-terminals\/#breadcrumb"},"inLanguage":"en-US","potentialAction":[{"@type":"ReadAction","target":["https:\/\/www.sdapakuote.lt\/en\/products\/personalized-paper-packaging\/personalized-cardboard-boxes\/mailing-boxes-quick-closing-for-small-size-parcel-terminals\/"]}]},{"@type":"ImageObject","inLanguage":"en-US","@id":"https:\/\/www.sdapakuote.lt\/en\/products\/personalized-paper-packaging\/personalized-cardboard-boxes\/mailing-boxes-quick-closing-for-small-size-parcel-terminals\/#primaryimage","url":"https:\/\/www.sdapakuote.lt\/wp-content\/uploads\/2022\/05\/Popierines-dezes-su-uzrasais-34.jpg","contentUrl":"https:\/\/www.sdapakuote.lt\/wp-content\/uploads\/2022\/05\/Popierines-dezes-su-uzrasais-34.jpg","width":2102,"height":1234,"caption":"Popierin\u0117s d\u0117\u017e\u0117s su u\u017era\u0161ais"},{"@type":"BreadcrumbList","@id":"https:\/\/www.sdapakuote.lt\/en\/products\/personalized-paper-packaging\/personalized-cardboard-boxes\/mailing-boxes-quick-closing-for-small-size-parcel-terminals\/#breadcrumb","itemListElement":[{"@type":"ListItem","position":1,"name":"Home","item":"https:\/\/www.sdapakuote.lt\/en\/"},{"@type":"ListItem","position":2,"name":"Products","item":"https:\/\/www.sdapakuote.lt\/en\/products\/"},{"@type":"ListItem","position":3,"name":"Personalized paper packaging","item":"https:\/\/www.sdapakuote.lt\/en\/products\/personalized-paper-packaging\/"},{"@type":"ListItem","position":4,"name":"Personalized cardboard boxes","item":"https:\/\/www.sdapakuote.lt\/en\/products\/personalized-paper-packaging\/personalized-cardboard-boxes\/"},{"@type":"ListItem","position":5,"name":"Mailing boxes (Quick closing) for Small Size Parcel Terminals"}]},{"@type":"WebSite","@id":"https:\/\/www.sdapakuote.lt\/en\/#website","url":"https:\/\/www.sdapakuote.lt\/en\/","name":"sdapakuote.lt","description":"Kol kas tik dar vienas WordPress tinklalapis","potentialAction":[{"@type":"SearchAction","target":{"@type":"EntryPoint","urlTemplate":"https:\/\/www.sdapakuote.lt\/en\/?s={search_term_string}"},"query-input":{"@type":"PropertyValueSpecification","valueRequired":true,"valueName":"search_term_string"}}],"inLanguage":"en-US"}]}},"_links":{"self":[{"href":"https:\/\/www.sdapakuote.lt\/en\/wp-json\/wp\/v2\/pages\/2080","targetHints":{"allow":["GET"]}}],"collection":[{"href":"https:\/\/www.sdapakuote.lt\/en\/wp-json\/wp\/v2\/pages"}],"about":[{"href":"https:\/\/www.sdapakuote.lt\/en\/wp-json\/wp\/v2\/types\/page"}],"author":[{"embeddable":true,"href":"https:\/\/www.sdapakuote.lt\/en\/wp-json\/wp\/v2\/users\/1"}],"replies":[{"embeddable":true,"href":"https:\/\/www.sdapakuote.lt\/en\/wp-json\/wp\/v2\/comments?post=2080"}],"version-history":[{"count":0,"href":"https:\/\/www.sdapakuote.lt\/en\/wp-json\/wp\/v2\/pages\/2080\/revisions"}],"up":[{"embeddable":true,"href":"https:\/\/www.sdapakuote.lt\/en\/wp-json\/wp\/v2\/pages\/2021"}],"wp:featuredmedia":[{"embeddable":true,"href":"https:\/\/www.sdapakuote.lt\/en\/wp-json\/wp\/v2\/media\/1832"}],"wp:attachment":[{"href":"https:\/\/www.sdapakuote.lt\/en\/wp-json\/wp\/v2\/media?parent=2080"}],"curies":[{"name":"wp","href":"https:\/\/api.w.org\/{rel}","templated":true}]}}