{"id":2073,"date":"2021-09-22T06:44:35","date_gmt":"2021-09-22T06:44:35","guid":{"rendered":"https:\/\/www.sdapakuote.lt\/products\/personalized-paper-packaging\/personalized-paper-bags\/popieriniai-maiseliai-ploksciomis-rankenomis\/"},"modified":"2022-09-12T09:00:37","modified_gmt":"2022-09-12T09:00:37","slug":"paper-bags-with-flat-handles","status":"publish","type":"page","link":"https:\/\/www.sdapakuote.lt\/en\/products\/personalized-paper-packaging\/personalized-paper-bags\/paper-bags-with-flat-handles\/","title":{"rendered":"Paper bags with flat handles"},"content":{"rendered":"<p>&nbsp;<\/p>\n<p id=\"tw-target-text\" class=\"tw-data-text tw-text-large tw-ta\" dir=\"ltr\" data-placeholder=\"Translation\"><span class=\"Y2IQFc\" lang=\"en\">We produce paper bags with <span style=\"color: #ff6600;\">flat handles<\/span> with your brand, logo or inscriptions. The main colors of the bags are White, Brown, and other colors of your choice are also available. Various measurements of bags are available, a wide range of sizes, wide printing options on them. Customers usually choose these bags for exhibitions, shops, representation, food products, a slightly more economical choice compared to bags with twist handles. <strong><span style=\"color: #ff6600;\">We can make this type of printed bags from 1 piece.<\/span><\/strong><\/span><\/p>\n<p id=\"tw-target-text\" class=\"tw-data-text tw-text-large tw-ta\" dir=\"ltr\" data-placeholder=\"Translation\"><span class=\"Y2IQFc\" lang=\"en\">We also sell this type of bags without printing, you can buy them in our online store or by contacting us.<\/span><\/p>\n","protected":false},"excerpt":{"rendered":"<p>&nbsp; We produce paper bags with flat handles with your brand, logo or inscriptions. The main colors of the bags are White, Brown, and other colors of your choice are also available. Various measurements of bags are available, a wide range of sizes, wide printing options on them. Customers usually choose these bags for exhibitions, [&hellip;]<\/p>\n","protected":false},"author":1,"featured_media":1860,"parent":2001,"menu_order":0,"comment_status":"closed","ping_status":"closed","template":"page-single-product.php","meta":{"_acf_changed":false,"footnotes":""},"class_list":["post-2073","page","type-page","status-publish","has-post-thumbnail","hentry"],"acf":[],"yoast_head":"<!-- This site is optimized with the Yoast SEO plugin v27.4 - https:\/\/yoast.com\/product\/yoast-seo-wordpress\/ -->\n<title>Paper bags with flat handles - sdapakuote.lt<\/title>\n<meta name=\"description\" content=\"Didmenin\u0117 prekyba popieriniais mai\u0161eliais plok\u0161\u010diomis ranken\u0117l\u0117mis. Pagrindin\u0117s spalvos Balta, Ruda, taip pat galimos ir kitos spalvos.\" \/>\n<meta name=\"robots\" content=\"index, follow, max-snippet:-1, max-image-preview:large, max-video-preview:-1\" \/>\n<link rel=\"canonical\" href=\"https:\/\/www.sdapakuote.lt\/en\/products\/personalized-paper-packaging\/personalized-paper-bags\/paper-bags-with-flat-handles\/\" \/>\n<meta property=\"og:locale\" content=\"en_US\" \/>\n<meta property=\"og:type\" content=\"article\" \/>\n<meta property=\"og:title\" content=\"Paper bags with flat handles - sdapakuote.lt\" \/>\n<meta property=\"og:description\" content=\"Didmenin\u0117 prekyba popieriniais mai\u0161eliais plok\u0161\u010diomis ranken\u0117l\u0117mis. Pagrindin\u0117s spalvos Balta, Ruda, taip pat galimos ir kitos spalvos.\" \/>\n<meta property=\"og:url\" content=\"https:\/\/www.sdapakuote.lt\/en\/products\/personalized-paper-packaging\/personalized-paper-bags\/paper-bags-with-flat-handles\/\" \/>\n<meta property=\"og:site_name\" content=\"sdapakuote.lt\" \/>\n<meta property=\"article:modified_time\" content=\"2022-09-12T09:00:37+00:00\" \/>\n<meta property=\"og:image\" content=\"https:\/\/www.sdapakuote.lt\/wp-content\/uploads\/2022\/05\/Maiseliai-ploksciomis-rankenomis-su-logotipu-scaled.jpg\" \/>\n\t<meta property=\"og:image:width\" content=\"2560\" \/>\n\t<meta property=\"og:image:height\" content=\"2560\" \/>\n\t<meta property=\"og:image:type\" content=\"image\/jpeg\" \/>\n<meta name=\"twitter:card\" content=\"summary_large_image\" \/>\n<meta name=\"twitter:label1\" content=\"Est. reading time\" \/>\n\t<meta name=\"twitter:data1\" content=\"1 minute\" \/>\n<script type=\"application\/ld+json\" class=\"yoast-schema-graph\">{\"@context\":\"https:\\\/\\\/schema.org\",\"@graph\":[{\"@type\":\"WebPage\",\"@id\":\"https:\\\/\\\/www.sdapakuote.lt\\\/en\\\/products\\\/personalized-paper-packaging\\\/personalized-paper-bags\\\/paper-bags-with-flat-handles\\\/\",\"url\":\"https:\\\/\\\/www.sdapakuote.lt\\\/en\\\/products\\\/personalized-paper-packaging\\\/personalized-paper-bags\\\/paper-bags-with-flat-handles\\\/\",\"name\":\"Paper bags with flat handles - sdapakuote.lt\",\"isPartOf\":{\"@id\":\"https:\\\/\\\/www.sdapakuote.lt\\\/en\\\/#website\"},\"primaryImageOfPage\":{\"@id\":\"https:\\\/\\\/www.sdapakuote.lt\\\/en\\\/products\\\/personalized-paper-packaging\\\/personalized-paper-bags\\\/paper-bags-with-flat-handles\\\/#primaryimage\"},\"image\":{\"@id\":\"https:\\\/\\\/www.sdapakuote.lt\\\/en\\\/products\\\/personalized-paper-packaging\\\/personalized-paper-bags\\\/paper-bags-with-flat-handles\\\/#primaryimage\"},\"thumbnailUrl\":\"https:\\\/\\\/www.sdapakuote.lt\\\/wp-content\\\/uploads\\\/2022\\\/05\\\/Maiseliai-ploksciomis-rankenomis-su-logotipu-scaled.jpg\",\"datePublished\":\"2021-09-22T06:44:35+00:00\",\"dateModified\":\"2022-09-12T09:00:37+00:00\",\"description\":\"Didmenin\u0117 prekyba popieriniais mai\u0161eliais plok\u0161\u010diomis ranken\u0117l\u0117mis. Pagrindin\u0117s spalvos Balta, Ruda, taip pat galimos ir kitos spalvos.\",\"breadcrumb\":{\"@id\":\"https:\\\/\\\/www.sdapakuote.lt\\\/en\\\/products\\\/personalized-paper-packaging\\\/personalized-paper-bags\\\/paper-bags-with-flat-handles\\\/#breadcrumb\"},\"inLanguage\":\"en-US\",\"potentialAction\":[{\"@type\":\"ReadAction\",\"target\":[\"https:\\\/\\\/www.sdapakuote.lt\\\/en\\\/products\\\/personalized-paper-packaging\\\/personalized-paper-bags\\\/paper-bags-with-flat-handles\\\/\"]}]},{\"@type\":\"ImageObject\",\"inLanguage\":\"en-US\",\"@id\":\"https:\\\/\\\/www.sdapakuote.lt\\\/en\\\/products\\\/personalized-paper-packaging\\\/personalized-paper-bags\\\/paper-bags-with-flat-handles\\\/#primaryimage\",\"url\":\"https:\\\/\\\/www.sdapakuote.lt\\\/wp-content\\\/uploads\\\/2022\\\/05\\\/Maiseliai-ploksciomis-rankenomis-su-logotipu-scaled.jpg\",\"contentUrl\":\"https:\\\/\\\/www.sdapakuote.lt\\\/wp-content\\\/uploads\\\/2022\\\/05\\\/Maiseliai-ploksciomis-rankenomis-su-logotipu-scaled.jpg\",\"width\":2560,\"height\":2560,\"caption\":\"Mai\u0161eliai plok\u0161\u010diomis rankenomis su logotipu\"},{\"@type\":\"BreadcrumbList\",\"@id\":\"https:\\\/\\\/www.sdapakuote.lt\\\/en\\\/products\\\/personalized-paper-packaging\\\/personalized-paper-bags\\\/paper-bags-with-flat-handles\\\/#breadcrumb\",\"itemListElement\":[{\"@type\":\"ListItem\",\"position\":1,\"name\":\"Home\",\"item\":\"https:\\\/\\\/www.sdapakuote.lt\\\/en\\\/\"},{\"@type\":\"ListItem\",\"position\":2,\"name\":\"Products\",\"item\":\"https:\\\/\\\/www.sdapakuote.lt\\\/en\\\/products\\\/\"},{\"@type\":\"ListItem\",\"position\":3,\"name\":\"Personalized paper packaging\",\"item\":\"https:\\\/\\\/www.sdapakuote.lt\\\/en\\\/products\\\/personalized-paper-packaging\\\/\"},{\"@type\":\"ListItem\",\"position\":4,\"name\":\"Personalized paper bags\",\"item\":\"https:\\\/\\\/www.sdapakuote.lt\\\/en\\\/products\\\/personalized-paper-packaging\\\/personalized-paper-bags\\\/\"},{\"@type\":\"ListItem\",\"position\":5,\"name\":\"Paper bags with flat handles\"}]},{\"@type\":\"WebSite\",\"@id\":\"https:\\\/\\\/www.sdapakuote.lt\\\/en\\\/#website\",\"url\":\"https:\\\/\\\/www.sdapakuote.lt\\\/en\\\/\",\"name\":\"sdapakuote.lt\",\"description\":\"Kol kas tik dar vienas WordPress tinklalapis\",\"potentialAction\":[{\"@type\":\"SearchAction\",\"target\":{\"@type\":\"EntryPoint\",\"urlTemplate\":\"https:\\\/\\\/www.sdapakuote.lt\\\/en\\\/?s={search_term_string}\"},\"query-input\":{\"@type\":\"PropertyValueSpecification\",\"valueRequired\":true,\"valueName\":\"search_term_string\"}}],\"inLanguage\":\"en-US\"}]}<\/script>\n<!-- \/ Yoast SEO plugin. -->","yoast_head_json":{"title":"Paper bags with flat handles - sdapakuote.lt","description":"Didmenin\u0117 prekyba popieriniais mai\u0161eliais plok\u0161\u010diomis ranken\u0117l\u0117mis. Pagrindin\u0117s spalvos Balta, Ruda, taip pat galimos ir kitos spalvos.","robots":{"index":"index","follow":"follow","max-snippet":"max-snippet:-1","max-image-preview":"max-image-preview:large","max-video-preview":"max-video-preview:-1"},"canonical":"https:\/\/www.sdapakuote.lt\/en\/products\/personalized-paper-packaging\/personalized-paper-bags\/paper-bags-with-flat-handles\/","og_locale":"en_US","og_type":"article","og_title":"Paper bags with flat handles - sdapakuote.lt","og_description":"Didmenin\u0117 prekyba popieriniais mai\u0161eliais plok\u0161\u010diomis ranken\u0117l\u0117mis. Pagrindin\u0117s spalvos Balta, Ruda, taip pat galimos ir kitos spalvos.","og_url":"https:\/\/www.sdapakuote.lt\/en\/products\/personalized-paper-packaging\/personalized-paper-bags\/paper-bags-with-flat-handles\/","og_site_name":"sdapakuote.lt","article_modified_time":"2022-09-12T09:00:37+00:00","og_image":[{"width":2560,"height":2560,"url":"https:\/\/www.sdapakuote.lt\/wp-content\/uploads\/2022\/05\/Maiseliai-ploksciomis-rankenomis-su-logotipu-scaled.jpg","type":"image\/jpeg"}],"twitter_card":"summary_large_image","twitter_misc":{"Est. reading time":"1 minute"},"schema":{"@context":"https:\/\/schema.org","@graph":[{"@type":"WebPage","@id":"https:\/\/www.sdapakuote.lt\/en\/products\/personalized-paper-packaging\/personalized-paper-bags\/paper-bags-with-flat-handles\/","url":"https:\/\/www.sdapakuote.lt\/en\/products\/personalized-paper-packaging\/personalized-paper-bags\/paper-bags-with-flat-handles\/","name":"Paper bags with flat handles - sdapakuote.lt","isPartOf":{"@id":"https:\/\/www.sdapakuote.lt\/en\/#website"},"primaryImageOfPage":{"@id":"https:\/\/www.sdapakuote.lt\/en\/products\/personalized-paper-packaging\/personalized-paper-bags\/paper-bags-with-flat-handles\/#primaryimage"},"image":{"@id":"https:\/\/www.sdapakuote.lt\/en\/products\/personalized-paper-packaging\/personalized-paper-bags\/paper-bags-with-flat-handles\/#primaryimage"},"thumbnailUrl":"https:\/\/www.sdapakuote.lt\/wp-content\/uploads\/2022\/05\/Maiseliai-ploksciomis-rankenomis-su-logotipu-scaled.jpg","datePublished":"2021-09-22T06:44:35+00:00","dateModified":"2022-09-12T09:00:37+00:00","description":"Didmenin\u0117 prekyba popieriniais mai\u0161eliais plok\u0161\u010diomis ranken\u0117l\u0117mis. Pagrindin\u0117s spalvos Balta, Ruda, taip pat galimos ir kitos spalvos.","breadcrumb":{"@id":"https:\/\/www.sdapakuote.lt\/en\/products\/personalized-paper-packaging\/personalized-paper-bags\/paper-bags-with-flat-handles\/#breadcrumb"},"inLanguage":"en-US","potentialAction":[{"@type":"ReadAction","target":["https:\/\/www.sdapakuote.lt\/en\/products\/personalized-paper-packaging\/personalized-paper-bags\/paper-bags-with-flat-handles\/"]}]},{"@type":"ImageObject","inLanguage":"en-US","@id":"https:\/\/www.sdapakuote.lt\/en\/products\/personalized-paper-packaging\/personalized-paper-bags\/paper-bags-with-flat-handles\/#primaryimage","url":"https:\/\/www.sdapakuote.lt\/wp-content\/uploads\/2022\/05\/Maiseliai-ploksciomis-rankenomis-su-logotipu-scaled.jpg","contentUrl":"https:\/\/www.sdapakuote.lt\/wp-content\/uploads\/2022\/05\/Maiseliai-ploksciomis-rankenomis-su-logotipu-scaled.jpg","width":2560,"height":2560,"caption":"Mai\u0161eliai plok\u0161\u010diomis rankenomis su logotipu"},{"@type":"BreadcrumbList","@id":"https:\/\/www.sdapakuote.lt\/en\/products\/personalized-paper-packaging\/personalized-paper-bags\/paper-bags-with-flat-handles\/#breadcrumb","itemListElement":[{"@type":"ListItem","position":1,"name":"Home","item":"https:\/\/www.sdapakuote.lt\/en\/"},{"@type":"ListItem","position":2,"name":"Products","item":"https:\/\/www.sdapakuote.lt\/en\/products\/"},{"@type":"ListItem","position":3,"name":"Personalized paper packaging","item":"https:\/\/www.sdapakuote.lt\/en\/products\/personalized-paper-packaging\/"},{"@type":"ListItem","position":4,"name":"Personalized paper bags","item":"https:\/\/www.sdapakuote.lt\/en\/products\/personalized-paper-packaging\/personalized-paper-bags\/"},{"@type":"ListItem","position":5,"name":"Paper bags with flat handles"}]},{"@type":"WebSite","@id":"https:\/\/www.sdapakuote.lt\/en\/#website","url":"https:\/\/www.sdapakuote.lt\/en\/","name":"sdapakuote.lt","description":"Kol kas tik dar vienas WordPress tinklalapis","potentialAction":[{"@type":"SearchAction","target":{"@type":"EntryPoint","urlTemplate":"https:\/\/www.sdapakuote.lt\/en\/?s={search_term_string}"},"query-input":{"@type":"PropertyValueSpecification","valueRequired":true,"valueName":"search_term_string"}}],"inLanguage":"en-US"}]}},"_links":{"self":[{"href":"https:\/\/www.sdapakuote.lt\/en\/wp-json\/wp\/v2\/pages\/2073","targetHints":{"allow":["GET"]}}],"collection":[{"href":"https:\/\/www.sdapakuote.lt\/en\/wp-json\/wp\/v2\/pages"}],"about":[{"href":"https:\/\/www.sdapakuote.lt\/en\/wp-json\/wp\/v2\/types\/page"}],"author":[{"embeddable":true,"href":"https:\/\/www.sdapakuote.lt\/en\/wp-json\/wp\/v2\/users\/1"}],"replies":[{"embeddable":true,"href":"https:\/\/www.sdapakuote.lt\/en\/wp-json\/wp\/v2\/comments?post=2073"}],"version-history":[{"count":2,"href":"https:\/\/www.sdapakuote.lt\/en\/wp-json\/wp\/v2\/pages\/2073\/revisions"}],"predecessor-version":[{"id":2075,"href":"https:\/\/www.sdapakuote.lt\/en\/wp-json\/wp\/v2\/pages\/2073\/revisions\/2075"}],"up":[{"embeddable":true,"href":"https:\/\/www.sdapakuote.lt\/en\/wp-json\/wp\/v2\/pages\/2001"}],"wp:featuredmedia":[{"embeddable":true,"href":"https:\/\/www.sdapakuote.lt\/en\/wp-json\/wp\/v2\/media\/1860"}],"wp:attachment":[{"href":"https:\/\/www.sdapakuote.lt\/en\/wp-json\/wp\/v2\/media?parent=2073"}],"curies":[{"name":"wp","href":"https:\/\/api.w.org\/{rel}","templated":true}]}}