{"id":2065,"date":"2021-09-29T08:43:46","date_gmt":"2021-09-29T08:43:46","guid":{"rendered":"https:\/\/www.sdapakuote.lt\/products\/personalized-paper-packaging\/personalized-paper-bags\/kraft-maiseliai-vokai\/"},"modified":"2022-09-12T08:48:44","modified_gmt":"2022-09-12T08:48:44","slug":"kraft-bags-envelopes","status":"publish","type":"page","link":"https:\/\/www.sdapakuote.lt\/en\/products\/personalized-paper-packaging\/personalized-paper-bags\/kraft-bags-envelopes\/","title":{"rendered":"Kraft bags envelopes"},"content":{"rendered":"<p id=\"tw-target-text\" class=\"tw-data-text tw-text-large tw-ta\" dir=\"ltr\" data-placeholder=\"Translation\"><span class=\"Y2IQFc\" lang=\"en\">We make paper bags envelopes with your company logo, product information or composition from thin Kraft paper. These bags are suitable for packaging food products, they are mostly used for packing meat and confectionery products. Kraft paper is given the epithet of strong paper. The production of this paper is based on a unique manufacturing process that gives it exceptional strength.<span style=\"color: #ff6600;\">W<\/span><\/span><span style=\"color: #ff6600;\">\u00a0e can produce these bags with your logo in very small quantities.<\/span> We can offer envelope-type personalized bags of the following dimensions:<\/p>\n<table style=\"border-collapse: collapse; width: 100%; height: 46px;\">\n<tbody>\n<tr style=\"height: 23px;\">\n<td style=\"width: 25%; text-align: center; height: 23px;\">100 x 50 x 150 mm<\/td>\n<td style=\"width: 25%; text-align: center; height: 23px;\">120 x 50 x 270 mm<\/td>\n<td style=\"width: 25%; text-align: center; height: 23px;\">130 x 70 x 340 mm<\/td>\n<td style=\"width: 25%; text-align: center; height: 23px;\">150 x 65 x 290 mm<\/td>\n<\/tr>\n<tr style=\"height: 23px;\">\n<td style=\"width: 25%; text-align: center; height: 23px;\">150 x 90 x 340 mm<\/td>\n<td style=\"width: 25%; text-align: center; height: 23px;\">180 x 80 x 370 mm<\/td>\n<td style=\"width: 25%; text-align: center; height: 23px;\">240 x 80 x 410 mm<\/td>\n<td style=\"width: 25%; text-align: center; height: 23px;\">\u00a0<\/td>\n<\/tr>\n<\/tbody>\n<\/table>\n<p>&nbsp;<\/p>\n<p id=\"tw-target-text\" class=\"tw-data-text tw-text-large tw-ta\" dir=\"ltr\" data-placeholder=\"Translation\"><span class=\"Y2IQFc\" lang=\"en\">You can buy this type of bags from us without your printing.<\/span><\/p>\n<p>&nbsp;<\/p>\n<p>&nbsp;<\/p>\n","protected":false},"excerpt":{"rendered":"<p>We make paper bags envelopes with your company logo, product information or composition from thin Kraft paper. These bags are suitable for packaging food products, they are mostly used for packing meat and confectionery products. Kraft paper is given the epithet of strong paper. The production of this paper is based on a unique manufacturing [&hellip;]<\/p>\n","protected":false},"author":2,"featured_media":1829,"parent":2001,"menu_order":0,"comment_status":"closed","ping_status":"closed","template":"page-single-product.php","meta":{"_acf_changed":false,"footnotes":""},"class_list":["post-2065","page","type-page","status-publish","has-post-thumbnail","hentry"],"acf":[],"yoast_head":"<!-- This site is optimized with the Yoast SEO plugin v27.4 - https:\/\/yoast.com\/product\/yoast-seo-wordpress\/ -->\n<title>Kraft bags envelopes - sdapakuote.lt<\/title>\n<meta name=\"description\" content=\"Popieriniai mai\u0161eliai pagaminti i\u0161 plono kraft popieriaus. Tinkantys maisto produktams pakuoti, da\u017eniausiai naudojami m\u0117sos, konditerijos gamini\u0173 pakavimui.\" \/>\n<meta name=\"robots\" content=\"index, follow, max-snippet:-1, max-image-preview:large, max-video-preview:-1\" \/>\n<link rel=\"canonical\" href=\"https:\/\/www.sdapakuote.lt\/en\/products\/personalized-paper-packaging\/personalized-paper-bags\/kraft-bags-envelopes\/\" \/>\n<meta property=\"og:locale\" content=\"en_US\" \/>\n<meta property=\"og:type\" content=\"article\" \/>\n<meta property=\"og:title\" content=\"Kraft bags envelopes - sdapakuote.lt\" \/>\n<meta property=\"og:description\" content=\"Popieriniai mai\u0161eliai pagaminti i\u0161 plono kraft popieriaus. Tinkantys maisto produktams pakuoti, da\u017eniausiai naudojami m\u0117sos, konditerijos gamini\u0173 pakavimui.\" \/>\n<meta property=\"og:url\" content=\"https:\/\/www.sdapakuote.lt\/en\/products\/personalized-paper-packaging\/personalized-paper-bags\/kraft-bags-envelopes\/\" \/>\n<meta property=\"og:site_name\" content=\"sdapakuote.lt\" \/>\n<meta property=\"article:modified_time\" content=\"2022-09-12T08:48:44+00:00\" \/>\n<meta property=\"og:image\" content=\"https:\/\/www.sdapakuote.lt\/wp-content\/uploads\/2022\/05\/Maiseliai-vokai-su-logo-23-scaled.jpg\" \/>\n\t<meta property=\"og:image:width\" content=\"2560\" \/>\n\t<meta property=\"og:image:height\" content=\"2560\" \/>\n\t<meta property=\"og:image:type\" content=\"image\/jpeg\" \/>\n<meta name=\"twitter:card\" content=\"summary_large_image\" \/>\n<meta name=\"twitter:label1\" content=\"Est. reading time\" \/>\n\t<meta name=\"twitter:data1\" content=\"1 minute\" \/>\n<script type=\"application\/ld+json\" class=\"yoast-schema-graph\">{\"@context\":\"https:\\\/\\\/schema.org\",\"@graph\":[{\"@type\":\"WebPage\",\"@id\":\"https:\\\/\\\/www.sdapakuote.lt\\\/en\\\/products\\\/personalized-paper-packaging\\\/personalized-paper-bags\\\/kraft-bags-envelopes\\\/\",\"url\":\"https:\\\/\\\/www.sdapakuote.lt\\\/en\\\/products\\\/personalized-paper-packaging\\\/personalized-paper-bags\\\/kraft-bags-envelopes\\\/\",\"name\":\"Kraft bags envelopes - sdapakuote.lt\",\"isPartOf\":{\"@id\":\"https:\\\/\\\/www.sdapakuote.lt\\\/en\\\/#website\"},\"primaryImageOfPage\":{\"@id\":\"https:\\\/\\\/www.sdapakuote.lt\\\/en\\\/products\\\/personalized-paper-packaging\\\/personalized-paper-bags\\\/kraft-bags-envelopes\\\/#primaryimage\"},\"image\":{\"@id\":\"https:\\\/\\\/www.sdapakuote.lt\\\/en\\\/products\\\/personalized-paper-packaging\\\/personalized-paper-bags\\\/kraft-bags-envelopes\\\/#primaryimage\"},\"thumbnailUrl\":\"https:\\\/\\\/www.sdapakuote.lt\\\/wp-content\\\/uploads\\\/2022\\\/05\\\/Maiseliai-vokai-su-logo-23-scaled.jpg\",\"datePublished\":\"2021-09-29T08:43:46+00:00\",\"dateModified\":\"2022-09-12T08:48:44+00:00\",\"description\":\"Popieriniai mai\u0161eliai pagaminti i\u0161 plono kraft popieriaus. Tinkantys maisto produktams pakuoti, da\u017eniausiai naudojami m\u0117sos, konditerijos gamini\u0173 pakavimui.\",\"breadcrumb\":{\"@id\":\"https:\\\/\\\/www.sdapakuote.lt\\\/en\\\/products\\\/personalized-paper-packaging\\\/personalized-paper-bags\\\/kraft-bags-envelopes\\\/#breadcrumb\"},\"inLanguage\":\"en-US\",\"potentialAction\":[{\"@type\":\"ReadAction\",\"target\":[\"https:\\\/\\\/www.sdapakuote.lt\\\/en\\\/products\\\/personalized-paper-packaging\\\/personalized-paper-bags\\\/kraft-bags-envelopes\\\/\"]}]},{\"@type\":\"ImageObject\",\"inLanguage\":\"en-US\",\"@id\":\"https:\\\/\\\/www.sdapakuote.lt\\\/en\\\/products\\\/personalized-paper-packaging\\\/personalized-paper-bags\\\/kraft-bags-envelopes\\\/#primaryimage\",\"url\":\"https:\\\/\\\/www.sdapakuote.lt\\\/wp-content\\\/uploads\\\/2022\\\/05\\\/Maiseliai-vokai-su-logo-23-scaled.jpg\",\"contentUrl\":\"https:\\\/\\\/www.sdapakuote.lt\\\/wp-content\\\/uploads\\\/2022\\\/05\\\/Maiseliai-vokai-su-logo-23-scaled.jpg\",\"width\":2560,\"height\":2560,\"caption\":\"Mai\u0161eliai vokai su Logo\"},{\"@type\":\"BreadcrumbList\",\"@id\":\"https:\\\/\\\/www.sdapakuote.lt\\\/en\\\/products\\\/personalized-paper-packaging\\\/personalized-paper-bags\\\/kraft-bags-envelopes\\\/#breadcrumb\",\"itemListElement\":[{\"@type\":\"ListItem\",\"position\":1,\"name\":\"Home\",\"item\":\"https:\\\/\\\/www.sdapakuote.lt\\\/en\\\/\"},{\"@type\":\"ListItem\",\"position\":2,\"name\":\"Products\",\"item\":\"https:\\\/\\\/www.sdapakuote.lt\\\/en\\\/products\\\/\"},{\"@type\":\"ListItem\",\"position\":3,\"name\":\"Personalized paper packaging\",\"item\":\"https:\\\/\\\/www.sdapakuote.lt\\\/en\\\/products\\\/personalized-paper-packaging\\\/\"},{\"@type\":\"ListItem\",\"position\":4,\"name\":\"Personalized paper bags\",\"item\":\"https:\\\/\\\/www.sdapakuote.lt\\\/en\\\/products\\\/personalized-paper-packaging\\\/personalized-paper-bags\\\/\"},{\"@type\":\"ListItem\",\"position\":5,\"name\":\"Kraft bags envelopes\"}]},{\"@type\":\"WebSite\",\"@id\":\"https:\\\/\\\/www.sdapakuote.lt\\\/en\\\/#website\",\"url\":\"https:\\\/\\\/www.sdapakuote.lt\\\/en\\\/\",\"name\":\"sdapakuote.lt\",\"description\":\"Kol kas tik dar vienas WordPress tinklalapis\",\"potentialAction\":[{\"@type\":\"SearchAction\",\"target\":{\"@type\":\"EntryPoint\",\"urlTemplate\":\"https:\\\/\\\/www.sdapakuote.lt\\\/en\\\/?s={search_term_string}\"},\"query-input\":{\"@type\":\"PropertyValueSpecification\",\"valueRequired\":true,\"valueName\":\"search_term_string\"}}],\"inLanguage\":\"en-US\"}]}<\/script>\n<!-- \/ Yoast SEO plugin. -->","yoast_head_json":{"title":"Kraft bags envelopes - sdapakuote.lt","description":"Popieriniai mai\u0161eliai pagaminti i\u0161 plono kraft popieriaus. Tinkantys maisto produktams pakuoti, da\u017eniausiai naudojami m\u0117sos, konditerijos gamini\u0173 pakavimui.","robots":{"index":"index","follow":"follow","max-snippet":"max-snippet:-1","max-image-preview":"max-image-preview:large","max-video-preview":"max-video-preview:-1"},"canonical":"https:\/\/www.sdapakuote.lt\/en\/products\/personalized-paper-packaging\/personalized-paper-bags\/kraft-bags-envelopes\/","og_locale":"en_US","og_type":"article","og_title":"Kraft bags envelopes - sdapakuote.lt","og_description":"Popieriniai mai\u0161eliai pagaminti i\u0161 plono kraft popieriaus. Tinkantys maisto produktams pakuoti, da\u017eniausiai naudojami m\u0117sos, konditerijos gamini\u0173 pakavimui.","og_url":"https:\/\/www.sdapakuote.lt\/en\/products\/personalized-paper-packaging\/personalized-paper-bags\/kraft-bags-envelopes\/","og_site_name":"sdapakuote.lt","article_modified_time":"2022-09-12T08:48:44+00:00","og_image":[{"width":2560,"height":2560,"url":"https:\/\/www.sdapakuote.lt\/wp-content\/uploads\/2022\/05\/Maiseliai-vokai-su-logo-23-scaled.jpg","type":"image\/jpeg"}],"twitter_card":"summary_large_image","twitter_misc":{"Est. reading time":"1 minute"},"schema":{"@context":"https:\/\/schema.org","@graph":[{"@type":"WebPage","@id":"https:\/\/www.sdapakuote.lt\/en\/products\/personalized-paper-packaging\/personalized-paper-bags\/kraft-bags-envelopes\/","url":"https:\/\/www.sdapakuote.lt\/en\/products\/personalized-paper-packaging\/personalized-paper-bags\/kraft-bags-envelopes\/","name":"Kraft bags envelopes - sdapakuote.lt","isPartOf":{"@id":"https:\/\/www.sdapakuote.lt\/en\/#website"},"primaryImageOfPage":{"@id":"https:\/\/www.sdapakuote.lt\/en\/products\/personalized-paper-packaging\/personalized-paper-bags\/kraft-bags-envelopes\/#primaryimage"},"image":{"@id":"https:\/\/www.sdapakuote.lt\/en\/products\/personalized-paper-packaging\/personalized-paper-bags\/kraft-bags-envelopes\/#primaryimage"},"thumbnailUrl":"https:\/\/www.sdapakuote.lt\/wp-content\/uploads\/2022\/05\/Maiseliai-vokai-su-logo-23-scaled.jpg","datePublished":"2021-09-29T08:43:46+00:00","dateModified":"2022-09-12T08:48:44+00:00","description":"Popieriniai mai\u0161eliai pagaminti i\u0161 plono kraft popieriaus. Tinkantys maisto produktams pakuoti, da\u017eniausiai naudojami m\u0117sos, konditerijos gamini\u0173 pakavimui.","breadcrumb":{"@id":"https:\/\/www.sdapakuote.lt\/en\/products\/personalized-paper-packaging\/personalized-paper-bags\/kraft-bags-envelopes\/#breadcrumb"},"inLanguage":"en-US","potentialAction":[{"@type":"ReadAction","target":["https:\/\/www.sdapakuote.lt\/en\/products\/personalized-paper-packaging\/personalized-paper-bags\/kraft-bags-envelopes\/"]}]},{"@type":"ImageObject","inLanguage":"en-US","@id":"https:\/\/www.sdapakuote.lt\/en\/products\/personalized-paper-packaging\/personalized-paper-bags\/kraft-bags-envelopes\/#primaryimage","url":"https:\/\/www.sdapakuote.lt\/wp-content\/uploads\/2022\/05\/Maiseliai-vokai-su-logo-23-scaled.jpg","contentUrl":"https:\/\/www.sdapakuote.lt\/wp-content\/uploads\/2022\/05\/Maiseliai-vokai-su-logo-23-scaled.jpg","width":2560,"height":2560,"caption":"Mai\u0161eliai vokai su Logo"},{"@type":"BreadcrumbList","@id":"https:\/\/www.sdapakuote.lt\/en\/products\/personalized-paper-packaging\/personalized-paper-bags\/kraft-bags-envelopes\/#breadcrumb","itemListElement":[{"@type":"ListItem","position":1,"name":"Home","item":"https:\/\/www.sdapakuote.lt\/en\/"},{"@type":"ListItem","position":2,"name":"Products","item":"https:\/\/www.sdapakuote.lt\/en\/products\/"},{"@type":"ListItem","position":3,"name":"Personalized paper packaging","item":"https:\/\/www.sdapakuote.lt\/en\/products\/personalized-paper-packaging\/"},{"@type":"ListItem","position":4,"name":"Personalized paper bags","item":"https:\/\/www.sdapakuote.lt\/en\/products\/personalized-paper-packaging\/personalized-paper-bags\/"},{"@type":"ListItem","position":5,"name":"Kraft bags envelopes"}]},{"@type":"WebSite","@id":"https:\/\/www.sdapakuote.lt\/en\/#website","url":"https:\/\/www.sdapakuote.lt\/en\/","name":"sdapakuote.lt","description":"Kol kas tik dar vienas WordPress tinklalapis","potentialAction":[{"@type":"SearchAction","target":{"@type":"EntryPoint","urlTemplate":"https:\/\/www.sdapakuote.lt\/en\/?s={search_term_string}"},"query-input":{"@type":"PropertyValueSpecification","valueRequired":true,"valueName":"search_term_string"}}],"inLanguage":"en-US"}]}},"_links":{"self":[{"href":"https:\/\/www.sdapakuote.lt\/en\/wp-json\/wp\/v2\/pages\/2065","targetHints":{"allow":["GET"]}}],"collection":[{"href":"https:\/\/www.sdapakuote.lt\/en\/wp-json\/wp\/v2\/pages"}],"about":[{"href":"https:\/\/www.sdapakuote.lt\/en\/wp-json\/wp\/v2\/types\/page"}],"author":[{"embeddable":true,"href":"https:\/\/www.sdapakuote.lt\/en\/wp-json\/wp\/v2\/users\/2"}],"replies":[{"embeddable":true,"href":"https:\/\/www.sdapakuote.lt\/en\/wp-json\/wp\/v2\/comments?post=2065"}],"version-history":[{"count":2,"href":"https:\/\/www.sdapakuote.lt\/en\/wp-json\/wp\/v2\/pages\/2065\/revisions"}],"predecessor-version":[{"id":2067,"href":"https:\/\/www.sdapakuote.lt\/en\/wp-json\/wp\/v2\/pages\/2065\/revisions\/2067"}],"up":[{"embeddable":true,"href":"https:\/\/www.sdapakuote.lt\/en\/wp-json\/wp\/v2\/pages\/2001"}],"wp:featuredmedia":[{"embeddable":true,"href":"https:\/\/www.sdapakuote.lt\/en\/wp-json\/wp\/v2\/media\/1829"}],"wp:attachment":[{"href":"https:\/\/www.sdapakuote.lt\/en\/wp-json\/wp\/v2\/media?parent=2065"}],"curies":[{"name":"wp","href":"https:\/\/api.w.org\/{rel}","templated":true}]}}