{"id":2038,"date":"2021-12-15T08:06:22","date_gmt":"2021-12-15T08:06:22","guid":{"rendered":"https:\/\/www.sdapakuote.lt\/products\/packaging-tools-and-equipment\/film-wrapping-tool-stretch\/"},"modified":"2023-01-20T17:06:32","modified_gmt":"2023-01-20T17:06:32","slug":"film-wrapping-tool-stretch","status":"publish","type":"page","link":"https:\/\/www.sdapakuote.lt\/en\/products\/packaging-tools-and-equipment\/film-wrapping-tool-stretch\/","title":{"rendered":"Film wrapping tool (Stretch)"},"content":{"rendered":"<p>&nbsp;<\/p>\n<p id=\"tw-target-text\" class=\"tw-data-text tw-text-large tw-ta\" dir=\"ltr\" data-placeholder=\"Translation\"><span class=\"Y2IQFc\" lang=\"en\">The handle is designed for wrapping elastic film. Adjustable height, adjustable film elasticity. The handle is metal, durable. Suitable for manual stretch film of all heights. Facilitates and speeds up the packing work, convenient and quick roll change.<\/span><\/p>\n","protected":false},"excerpt":{"rendered":"<p>&nbsp; The handle is designed for wrapping elastic film. Adjustable height, adjustable film elasticity. The handle is metal, durable. Suitable for manual stretch film of all heights. Facilitates and speeds up the packing work, convenient and quick roll change.<\/p>\n","protected":false},"author":2,"featured_media":1389,"parent":1969,"menu_order":0,"comment_status":"closed","ping_status":"closed","template":"page-single-product.php","meta":{"_acf_changed":false,"footnotes":""},"class_list":["post-2038","page","type-page","status-publish","has-post-thumbnail","hentry"],"acf":[],"yoast_head":"<!-- This site is optimized with the Yoast SEO plugin v27.4 - https:\/\/yoast.com\/product\/yoast-seo-wordpress\/ -->\n<title>Film wrapping tool (Stretch) - sdapakuote.lt<\/title>\n<meta name=\"description\" content=\"Rankena skirta tamprios pl\u0117vel\u0117s vyniojimui. Reguliuojamas auk\u0161tis, reguliuojamas pl\u0117vel\u0117s tamprumas. Rankena metalin\u0117, patvari.\" \/>\n<meta name=\"robots\" content=\"index, follow, max-snippet:-1, max-image-preview:large, max-video-preview:-1\" \/>\n<link rel=\"canonical\" href=\"https:\/\/www.sdapakuote.lt\/en\/products\/packaging-tools-and-equipment\/film-wrapping-tool-stretch\/\" \/>\n<meta property=\"og:locale\" content=\"en_US\" \/>\n<meta property=\"og:type\" content=\"article\" \/>\n<meta property=\"og:title\" content=\"Film wrapping tool (Stretch) - sdapakuote.lt\" \/>\n<meta property=\"og:description\" content=\"Rankena skirta tamprios pl\u0117vel\u0117s vyniojimui. Reguliuojamas auk\u0161tis, reguliuojamas pl\u0117vel\u0117s tamprumas. Rankena metalin\u0117, patvari.\" \/>\n<meta property=\"og:url\" content=\"https:\/\/www.sdapakuote.lt\/en\/products\/packaging-tools-and-equipment\/film-wrapping-tool-stretch\/\" \/>\n<meta property=\"og:site_name\" content=\"sdapakuote.lt\" \/>\n<meta property=\"article:modified_time\" content=\"2023-01-20T17:06:32+00:00\" \/>\n<meta property=\"og:image\" content=\"https:\/\/www.sdapakuote.lt\/wp-content\/uploads\/2021\/12\/pleveles-vyniojimo-irankis-scaled.jpg\" \/>\n\t<meta property=\"og:image:width\" content=\"1620\" \/>\n\t<meta property=\"og:image:height\" content=\"2560\" \/>\n\t<meta property=\"og:image:type\" content=\"image\/jpeg\" \/>\n<meta name=\"twitter:card\" content=\"summary_large_image\" \/>\n<meta name=\"twitter:label1\" content=\"Est. reading time\" \/>\n\t<meta name=\"twitter:data1\" content=\"1 minute\" \/>\n<script type=\"application\/ld+json\" class=\"yoast-schema-graph\">{\"@context\":\"https:\\\/\\\/schema.org\",\"@graph\":[{\"@type\":\"WebPage\",\"@id\":\"https:\\\/\\\/www.sdapakuote.lt\\\/en\\\/products\\\/packaging-tools-and-equipment\\\/film-wrapping-tool-stretch\\\/\",\"url\":\"https:\\\/\\\/www.sdapakuote.lt\\\/en\\\/products\\\/packaging-tools-and-equipment\\\/film-wrapping-tool-stretch\\\/\",\"name\":\"Film wrapping tool (Stretch) - sdapakuote.lt\",\"isPartOf\":{\"@id\":\"https:\\\/\\\/www.sdapakuote.lt\\\/en\\\/#website\"},\"primaryImageOfPage\":{\"@id\":\"https:\\\/\\\/www.sdapakuote.lt\\\/en\\\/products\\\/packaging-tools-and-equipment\\\/film-wrapping-tool-stretch\\\/#primaryimage\"},\"image\":{\"@id\":\"https:\\\/\\\/www.sdapakuote.lt\\\/en\\\/products\\\/packaging-tools-and-equipment\\\/film-wrapping-tool-stretch\\\/#primaryimage\"},\"thumbnailUrl\":\"https:\\\/\\\/www.sdapakuote.lt\\\/wp-content\\\/uploads\\\/2021\\\/12\\\/pleveles-vyniojimo-irankis-scaled.jpg\",\"datePublished\":\"2021-12-15T08:06:22+00:00\",\"dateModified\":\"2023-01-20T17:06:32+00:00\",\"description\":\"Rankena skirta tamprios pl\u0117vel\u0117s vyniojimui. Reguliuojamas auk\u0161tis, reguliuojamas pl\u0117vel\u0117s tamprumas. Rankena metalin\u0117, patvari.\",\"breadcrumb\":{\"@id\":\"https:\\\/\\\/www.sdapakuote.lt\\\/en\\\/products\\\/packaging-tools-and-equipment\\\/film-wrapping-tool-stretch\\\/#breadcrumb\"},\"inLanguage\":\"en-US\",\"potentialAction\":[{\"@type\":\"ReadAction\",\"target\":[\"https:\\\/\\\/www.sdapakuote.lt\\\/en\\\/products\\\/packaging-tools-and-equipment\\\/film-wrapping-tool-stretch\\\/\"]}]},{\"@type\":\"ImageObject\",\"inLanguage\":\"en-US\",\"@id\":\"https:\\\/\\\/www.sdapakuote.lt\\\/en\\\/products\\\/packaging-tools-and-equipment\\\/film-wrapping-tool-stretch\\\/#primaryimage\",\"url\":\"https:\\\/\\\/www.sdapakuote.lt\\\/wp-content\\\/uploads\\\/2021\\\/12\\\/pleveles-vyniojimo-irankis-scaled.jpg\",\"contentUrl\":\"https:\\\/\\\/www.sdapakuote.lt\\\/wp-content\\\/uploads\\\/2021\\\/12\\\/pleveles-vyniojimo-irankis-scaled.jpg\",\"width\":1620,\"height\":2560,\"caption\":\"Pl\u0117vel\u0117s vyniojimo rankena\"},{\"@type\":\"BreadcrumbList\",\"@id\":\"https:\\\/\\\/www.sdapakuote.lt\\\/en\\\/products\\\/packaging-tools-and-equipment\\\/film-wrapping-tool-stretch\\\/#breadcrumb\",\"itemListElement\":[{\"@type\":\"ListItem\",\"position\":1,\"name\":\"Home\",\"item\":\"https:\\\/\\\/www.sdapakuote.lt\\\/en\\\/\"},{\"@type\":\"ListItem\",\"position\":2,\"name\":\"Products\",\"item\":\"https:\\\/\\\/www.sdapakuote.lt\\\/en\\\/products\\\/\"},{\"@type\":\"ListItem\",\"position\":3,\"name\":\"Packaging tools and equipment\",\"item\":\"https:\\\/\\\/www.sdapakuote.lt\\\/en\\\/products\\\/packaging-tools-and-equipment\\\/\"},{\"@type\":\"ListItem\",\"position\":4,\"name\":\"Film wrapping tool (Stretch)\"}]},{\"@type\":\"WebSite\",\"@id\":\"https:\\\/\\\/www.sdapakuote.lt\\\/en\\\/#website\",\"url\":\"https:\\\/\\\/www.sdapakuote.lt\\\/en\\\/\",\"name\":\"sdapakuote.lt\",\"description\":\"Kol kas tik dar vienas WordPress tinklalapis\",\"potentialAction\":[{\"@type\":\"SearchAction\",\"target\":{\"@type\":\"EntryPoint\",\"urlTemplate\":\"https:\\\/\\\/www.sdapakuote.lt\\\/en\\\/?s={search_term_string}\"},\"query-input\":{\"@type\":\"PropertyValueSpecification\",\"valueRequired\":true,\"valueName\":\"search_term_string\"}}],\"inLanguage\":\"en-US\"}]}<\/script>\n<!-- \/ Yoast SEO plugin. -->","yoast_head_json":{"title":"Film wrapping tool (Stretch) - sdapakuote.lt","description":"Rankena skirta tamprios pl\u0117vel\u0117s vyniojimui. Reguliuojamas auk\u0161tis, reguliuojamas pl\u0117vel\u0117s tamprumas. Rankena metalin\u0117, patvari.","robots":{"index":"index","follow":"follow","max-snippet":"max-snippet:-1","max-image-preview":"max-image-preview:large","max-video-preview":"max-video-preview:-1"},"canonical":"https:\/\/www.sdapakuote.lt\/en\/products\/packaging-tools-and-equipment\/film-wrapping-tool-stretch\/","og_locale":"en_US","og_type":"article","og_title":"Film wrapping tool (Stretch) - sdapakuote.lt","og_description":"Rankena skirta tamprios pl\u0117vel\u0117s vyniojimui. Reguliuojamas auk\u0161tis, reguliuojamas pl\u0117vel\u0117s tamprumas. Rankena metalin\u0117, patvari.","og_url":"https:\/\/www.sdapakuote.lt\/en\/products\/packaging-tools-and-equipment\/film-wrapping-tool-stretch\/","og_site_name":"sdapakuote.lt","article_modified_time":"2023-01-20T17:06:32+00:00","og_image":[{"width":1620,"height":2560,"url":"https:\/\/www.sdapakuote.lt\/wp-content\/uploads\/2021\/12\/pleveles-vyniojimo-irankis-scaled.jpg","type":"image\/jpeg"}],"twitter_card":"summary_large_image","twitter_misc":{"Est. reading time":"1 minute"},"schema":{"@context":"https:\/\/schema.org","@graph":[{"@type":"WebPage","@id":"https:\/\/www.sdapakuote.lt\/en\/products\/packaging-tools-and-equipment\/film-wrapping-tool-stretch\/","url":"https:\/\/www.sdapakuote.lt\/en\/products\/packaging-tools-and-equipment\/film-wrapping-tool-stretch\/","name":"Film wrapping tool (Stretch) - sdapakuote.lt","isPartOf":{"@id":"https:\/\/www.sdapakuote.lt\/en\/#website"},"primaryImageOfPage":{"@id":"https:\/\/www.sdapakuote.lt\/en\/products\/packaging-tools-and-equipment\/film-wrapping-tool-stretch\/#primaryimage"},"image":{"@id":"https:\/\/www.sdapakuote.lt\/en\/products\/packaging-tools-and-equipment\/film-wrapping-tool-stretch\/#primaryimage"},"thumbnailUrl":"https:\/\/www.sdapakuote.lt\/wp-content\/uploads\/2021\/12\/pleveles-vyniojimo-irankis-scaled.jpg","datePublished":"2021-12-15T08:06:22+00:00","dateModified":"2023-01-20T17:06:32+00:00","description":"Rankena skirta tamprios pl\u0117vel\u0117s vyniojimui. Reguliuojamas auk\u0161tis, reguliuojamas pl\u0117vel\u0117s tamprumas. Rankena metalin\u0117, patvari.","breadcrumb":{"@id":"https:\/\/www.sdapakuote.lt\/en\/products\/packaging-tools-and-equipment\/film-wrapping-tool-stretch\/#breadcrumb"},"inLanguage":"en-US","potentialAction":[{"@type":"ReadAction","target":["https:\/\/www.sdapakuote.lt\/en\/products\/packaging-tools-and-equipment\/film-wrapping-tool-stretch\/"]}]},{"@type":"ImageObject","inLanguage":"en-US","@id":"https:\/\/www.sdapakuote.lt\/en\/products\/packaging-tools-and-equipment\/film-wrapping-tool-stretch\/#primaryimage","url":"https:\/\/www.sdapakuote.lt\/wp-content\/uploads\/2021\/12\/pleveles-vyniojimo-irankis-scaled.jpg","contentUrl":"https:\/\/www.sdapakuote.lt\/wp-content\/uploads\/2021\/12\/pleveles-vyniojimo-irankis-scaled.jpg","width":1620,"height":2560,"caption":"Pl\u0117vel\u0117s vyniojimo rankena"},{"@type":"BreadcrumbList","@id":"https:\/\/www.sdapakuote.lt\/en\/products\/packaging-tools-and-equipment\/film-wrapping-tool-stretch\/#breadcrumb","itemListElement":[{"@type":"ListItem","position":1,"name":"Home","item":"https:\/\/www.sdapakuote.lt\/en\/"},{"@type":"ListItem","position":2,"name":"Products","item":"https:\/\/www.sdapakuote.lt\/en\/products\/"},{"@type":"ListItem","position":3,"name":"Packaging tools and equipment","item":"https:\/\/www.sdapakuote.lt\/en\/products\/packaging-tools-and-equipment\/"},{"@type":"ListItem","position":4,"name":"Film wrapping tool (Stretch)"}]},{"@type":"WebSite","@id":"https:\/\/www.sdapakuote.lt\/en\/#website","url":"https:\/\/www.sdapakuote.lt\/en\/","name":"sdapakuote.lt","description":"Kol kas tik dar vienas WordPress tinklalapis","potentialAction":[{"@type":"SearchAction","target":{"@type":"EntryPoint","urlTemplate":"https:\/\/www.sdapakuote.lt\/en\/?s={search_term_string}"},"query-input":{"@type":"PropertyValueSpecification","valueRequired":true,"valueName":"search_term_string"}}],"inLanguage":"en-US"}]}},"_links":{"self":[{"href":"https:\/\/www.sdapakuote.lt\/en\/wp-json\/wp\/v2\/pages\/2038","targetHints":{"allow":["GET"]}}],"collection":[{"href":"https:\/\/www.sdapakuote.lt\/en\/wp-json\/wp\/v2\/pages"}],"about":[{"href":"https:\/\/www.sdapakuote.lt\/en\/wp-json\/wp\/v2\/types\/page"}],"author":[{"embeddable":true,"href":"https:\/\/www.sdapakuote.lt\/en\/wp-json\/wp\/v2\/users\/2"}],"replies":[{"embeddable":true,"href":"https:\/\/www.sdapakuote.lt\/en\/wp-json\/wp\/v2\/comments?post=2038"}],"version-history":[{"count":1,"href":"https:\/\/www.sdapakuote.lt\/en\/wp-json\/wp\/v2\/pages\/2038\/revisions"}],"predecessor-version":[{"id":2039,"href":"https:\/\/www.sdapakuote.lt\/en\/wp-json\/wp\/v2\/pages\/2038\/revisions\/2039"}],"up":[{"embeddable":true,"href":"https:\/\/www.sdapakuote.lt\/en\/wp-json\/wp\/v2\/pages\/1969"}],"wp:featuredmedia":[{"embeddable":true,"href":"https:\/\/www.sdapakuote.lt\/en\/wp-json\/wp\/v2\/media\/1389"}],"wp:attachment":[{"href":"https:\/\/www.sdapakuote.lt\/en\/wp-json\/wp\/v2\/media?parent=2038"}],"curies":[{"name":"wp","href":"https:\/\/api.w.org\/{rel}","templated":true}]}}