{"id":2024,"date":"2021-09-22T06:44:00","date_gmt":"2021-09-22T06:44:00","guid":{"rendered":"https:\/\/www.sdapakuote.lt\/products\/personalized-paper-packaging\/personalized-paper-bags\/popieriniai-maiseliai-suktomis-rankenomis\/"},"modified":"2022-09-12T08:27:39","modified_gmt":"2022-09-12T08:27:39","slug":"paper-bags-with-twisted-handles","status":"publish","type":"page","link":"https:\/\/www.sdapakuote.lt\/en\/products\/personalized-paper-packaging\/personalized-paper-bags\/paper-bags-with-twisted-handles\/","title":{"rendered":"Paper bags with twisted handles"},"content":{"rendered":"<p>&nbsp;<\/p>\n<p id=\"tw-target-text\" class=\"tw-data-text tw-text-large tw-ta\" dir=\"ltr\" data-placeholder=\"Translation\"><span class=\"Y2IQFc\" lang=\"en\">We produce paper bags with <span style=\"color: #ff6600;\">twisted handles<\/span> with your mark, logo or desired inscription. The main colors of the bags are White, Brown, other colors are also available. Various bag sizes, a wide range of sizes and printing options are available. Customers usually choose bags for exhibitions, stores, and representation, as the latter are slightly more expensive than paper bags with flat handles.<\/span><\/p>\n<p id=\"tw-target-text\" class=\"tw-data-text tw-text-large tw-ta\" dir=\"ltr\" data-placeholder=\"Translation\"><span style=\"color: #ff6600;\"><strong><span class=\"Y2IQFc\" lang=\"en\">We can make this type of printed bags from 1 piece.<\/span><\/strong><\/span><\/p>\n<p id=\"tw-target-text\" class=\"tw-data-text tw-text-large tw-ta\" dir=\"ltr\" data-placeholder=\"Translation\">We also sell this type of bags without printing, you can buy them in our <span style=\"color: #ff6600;\">online store<\/span> or by contacting us.<\/p>\n<p>&nbsp;<\/p>\n","protected":false},"excerpt":{"rendered":"<p>&nbsp; We produce paper bags with twisted handles with your mark, logo or desired inscription. The main colors of the bags are White, Brown, other colors are also available. Various bag sizes, a wide range of sizes and printing options are available. Customers usually choose bags for exhibitions, stores, and representation, as the latter are [&hellip;]<\/p>\n","protected":false},"author":1,"featured_media":1855,"parent":2001,"menu_order":0,"comment_status":"closed","ping_status":"closed","template":"page-single-product.php","meta":{"_acf_changed":false,"footnotes":""},"class_list":["post-2024","page","type-page","status-publish","has-post-thumbnail","hentry"],"acf":[],"yoast_head":"<!-- This site is optimized with the Yoast SEO plugin v27.4 - https:\/\/yoast.com\/product\/yoast-seo-wordpress\/ -->\n<title>Paper bags with twisted handles - sdapakuote.lt<\/title>\n<meta name=\"description\" content=\"Didmenin\u0117 prekyba popieriniais mai\u0161eliais suktomis ranken\u0117l\u0117mis. Pagrindin\u0117s spalvos Balta, Ruda, taip pat galimos ir kitos spalvos.\" \/>\n<meta name=\"robots\" content=\"index, follow, max-snippet:-1, max-image-preview:large, max-video-preview:-1\" \/>\n<link rel=\"canonical\" href=\"https:\/\/www.sdapakuote.lt\/en\/products\/personalized-paper-packaging\/personalized-paper-bags\/paper-bags-with-twisted-handles\/\" \/>\n<meta property=\"og:locale\" content=\"en_US\" \/>\n<meta property=\"og:type\" content=\"article\" \/>\n<meta property=\"og:title\" content=\"Paper bags with twisted handles - sdapakuote.lt\" \/>\n<meta property=\"og:description\" content=\"Didmenin\u0117 prekyba popieriniais mai\u0161eliais suktomis ranken\u0117l\u0117mis. Pagrindin\u0117s spalvos Balta, Ruda, taip pat galimos ir kitos spalvos.\" \/>\n<meta property=\"og:url\" content=\"https:\/\/www.sdapakuote.lt\/en\/products\/personalized-paper-packaging\/personalized-paper-bags\/paper-bags-with-twisted-handles\/\" \/>\n<meta property=\"og:site_name\" content=\"sdapakuote.lt\" \/>\n<meta property=\"article:modified_time\" content=\"2022-09-12T08:27:39+00:00\" \/>\n<meta property=\"og:image\" content=\"https:\/\/www.sdapakuote.lt\/wp-content\/uploads\/2022\/05\/Popieriniai-maiseliai-suktomis-rankenomis-su-logo-scaled.jpg\" \/>\n\t<meta property=\"og:image:width\" content=\"2560\" \/>\n\t<meta property=\"og:image:height\" content=\"2560\" \/>\n\t<meta property=\"og:image:type\" content=\"image\/jpeg\" \/>\n<meta name=\"twitter:card\" content=\"summary_large_image\" \/>\n<script type=\"application\/ld+json\" class=\"yoast-schema-graph\">{\"@context\":\"https:\\\/\\\/schema.org\",\"@graph\":[{\"@type\":\"WebPage\",\"@id\":\"https:\\\/\\\/www.sdapakuote.lt\\\/en\\\/products\\\/personalized-paper-packaging\\\/personalized-paper-bags\\\/paper-bags-with-twisted-handles\\\/\",\"url\":\"https:\\\/\\\/www.sdapakuote.lt\\\/en\\\/products\\\/personalized-paper-packaging\\\/personalized-paper-bags\\\/paper-bags-with-twisted-handles\\\/\",\"name\":\"Paper bags with twisted handles - sdapakuote.lt\",\"isPartOf\":{\"@id\":\"https:\\\/\\\/www.sdapakuote.lt\\\/en\\\/#website\"},\"primaryImageOfPage\":{\"@id\":\"https:\\\/\\\/www.sdapakuote.lt\\\/en\\\/products\\\/personalized-paper-packaging\\\/personalized-paper-bags\\\/paper-bags-with-twisted-handles\\\/#primaryimage\"},\"image\":{\"@id\":\"https:\\\/\\\/www.sdapakuote.lt\\\/en\\\/products\\\/personalized-paper-packaging\\\/personalized-paper-bags\\\/paper-bags-with-twisted-handles\\\/#primaryimage\"},\"thumbnailUrl\":\"https:\\\/\\\/www.sdapakuote.lt\\\/wp-content\\\/uploads\\\/2022\\\/05\\\/Popieriniai-maiseliai-suktomis-rankenomis-su-logo-scaled.jpg\",\"datePublished\":\"2021-09-22T06:44:00+00:00\",\"dateModified\":\"2022-09-12T08:27:39+00:00\",\"description\":\"Didmenin\u0117 prekyba popieriniais mai\u0161eliais suktomis ranken\u0117l\u0117mis. Pagrindin\u0117s spalvos Balta, Ruda, taip pat galimos ir kitos spalvos.\",\"breadcrumb\":{\"@id\":\"https:\\\/\\\/www.sdapakuote.lt\\\/en\\\/products\\\/personalized-paper-packaging\\\/personalized-paper-bags\\\/paper-bags-with-twisted-handles\\\/#breadcrumb\"},\"inLanguage\":\"en-US\",\"potentialAction\":[{\"@type\":\"ReadAction\",\"target\":[\"https:\\\/\\\/www.sdapakuote.lt\\\/en\\\/products\\\/personalized-paper-packaging\\\/personalized-paper-bags\\\/paper-bags-with-twisted-handles\\\/\"]}]},{\"@type\":\"ImageObject\",\"inLanguage\":\"en-US\",\"@id\":\"https:\\\/\\\/www.sdapakuote.lt\\\/en\\\/products\\\/personalized-paper-packaging\\\/personalized-paper-bags\\\/paper-bags-with-twisted-handles\\\/#primaryimage\",\"url\":\"https:\\\/\\\/www.sdapakuote.lt\\\/wp-content\\\/uploads\\\/2022\\\/05\\\/Popieriniai-maiseliai-suktomis-rankenomis-su-logo-scaled.jpg\",\"contentUrl\":\"https:\\\/\\\/www.sdapakuote.lt\\\/wp-content\\\/uploads\\\/2022\\\/05\\\/Popieriniai-maiseliai-suktomis-rankenomis-su-logo-scaled.jpg\",\"width\":2560,\"height\":2560,\"caption\":\"Popieriniai mai\u0161eliai suktomis rankenomis su logo\"},{\"@type\":\"BreadcrumbList\",\"@id\":\"https:\\\/\\\/www.sdapakuote.lt\\\/en\\\/products\\\/personalized-paper-packaging\\\/personalized-paper-bags\\\/paper-bags-with-twisted-handles\\\/#breadcrumb\",\"itemListElement\":[{\"@type\":\"ListItem\",\"position\":1,\"name\":\"Home\",\"item\":\"https:\\\/\\\/www.sdapakuote.lt\\\/en\\\/\"},{\"@type\":\"ListItem\",\"position\":2,\"name\":\"Products\",\"item\":\"https:\\\/\\\/www.sdapakuote.lt\\\/en\\\/products\\\/\"},{\"@type\":\"ListItem\",\"position\":3,\"name\":\"Personalized paper packaging\",\"item\":\"https:\\\/\\\/www.sdapakuote.lt\\\/en\\\/products\\\/personalized-paper-packaging\\\/\"},{\"@type\":\"ListItem\",\"position\":4,\"name\":\"Personalized paper bags\",\"item\":\"https:\\\/\\\/www.sdapakuote.lt\\\/en\\\/products\\\/personalized-paper-packaging\\\/personalized-paper-bags\\\/\"},{\"@type\":\"ListItem\",\"position\":5,\"name\":\"Paper bags with twisted handles\"}]},{\"@type\":\"WebSite\",\"@id\":\"https:\\\/\\\/www.sdapakuote.lt\\\/en\\\/#website\",\"url\":\"https:\\\/\\\/www.sdapakuote.lt\\\/en\\\/\",\"name\":\"sdapakuote.lt\",\"description\":\"Kol kas tik dar vienas WordPress tinklalapis\",\"potentialAction\":[{\"@type\":\"SearchAction\",\"target\":{\"@type\":\"EntryPoint\",\"urlTemplate\":\"https:\\\/\\\/www.sdapakuote.lt\\\/en\\\/?s={search_term_string}\"},\"query-input\":{\"@type\":\"PropertyValueSpecification\",\"valueRequired\":true,\"valueName\":\"search_term_string\"}}],\"inLanguage\":\"en-US\"}]}<\/script>\n<!-- \/ Yoast SEO plugin. -->","yoast_head_json":{"title":"Paper bags with twisted handles - sdapakuote.lt","description":"Didmenin\u0117 prekyba popieriniais mai\u0161eliais suktomis ranken\u0117l\u0117mis. Pagrindin\u0117s spalvos Balta, Ruda, taip pat galimos ir kitos spalvos.","robots":{"index":"index","follow":"follow","max-snippet":"max-snippet:-1","max-image-preview":"max-image-preview:large","max-video-preview":"max-video-preview:-1"},"canonical":"https:\/\/www.sdapakuote.lt\/en\/products\/personalized-paper-packaging\/personalized-paper-bags\/paper-bags-with-twisted-handles\/","og_locale":"en_US","og_type":"article","og_title":"Paper bags with twisted handles - sdapakuote.lt","og_description":"Didmenin\u0117 prekyba popieriniais mai\u0161eliais suktomis ranken\u0117l\u0117mis. Pagrindin\u0117s spalvos Balta, Ruda, taip pat galimos ir kitos spalvos.","og_url":"https:\/\/www.sdapakuote.lt\/en\/products\/personalized-paper-packaging\/personalized-paper-bags\/paper-bags-with-twisted-handles\/","og_site_name":"sdapakuote.lt","article_modified_time":"2022-09-12T08:27:39+00:00","og_image":[{"width":2560,"height":2560,"url":"https:\/\/www.sdapakuote.lt\/wp-content\/uploads\/2022\/05\/Popieriniai-maiseliai-suktomis-rankenomis-su-logo-scaled.jpg","type":"image\/jpeg"}],"twitter_card":"summary_large_image","schema":{"@context":"https:\/\/schema.org","@graph":[{"@type":"WebPage","@id":"https:\/\/www.sdapakuote.lt\/en\/products\/personalized-paper-packaging\/personalized-paper-bags\/paper-bags-with-twisted-handles\/","url":"https:\/\/www.sdapakuote.lt\/en\/products\/personalized-paper-packaging\/personalized-paper-bags\/paper-bags-with-twisted-handles\/","name":"Paper bags with twisted handles - sdapakuote.lt","isPartOf":{"@id":"https:\/\/www.sdapakuote.lt\/en\/#website"},"primaryImageOfPage":{"@id":"https:\/\/www.sdapakuote.lt\/en\/products\/personalized-paper-packaging\/personalized-paper-bags\/paper-bags-with-twisted-handles\/#primaryimage"},"image":{"@id":"https:\/\/www.sdapakuote.lt\/en\/products\/personalized-paper-packaging\/personalized-paper-bags\/paper-bags-with-twisted-handles\/#primaryimage"},"thumbnailUrl":"https:\/\/www.sdapakuote.lt\/wp-content\/uploads\/2022\/05\/Popieriniai-maiseliai-suktomis-rankenomis-su-logo-scaled.jpg","datePublished":"2021-09-22T06:44:00+00:00","dateModified":"2022-09-12T08:27:39+00:00","description":"Didmenin\u0117 prekyba popieriniais mai\u0161eliais suktomis ranken\u0117l\u0117mis. Pagrindin\u0117s spalvos Balta, Ruda, taip pat galimos ir kitos spalvos.","breadcrumb":{"@id":"https:\/\/www.sdapakuote.lt\/en\/products\/personalized-paper-packaging\/personalized-paper-bags\/paper-bags-with-twisted-handles\/#breadcrumb"},"inLanguage":"en-US","potentialAction":[{"@type":"ReadAction","target":["https:\/\/www.sdapakuote.lt\/en\/products\/personalized-paper-packaging\/personalized-paper-bags\/paper-bags-with-twisted-handles\/"]}]},{"@type":"ImageObject","inLanguage":"en-US","@id":"https:\/\/www.sdapakuote.lt\/en\/products\/personalized-paper-packaging\/personalized-paper-bags\/paper-bags-with-twisted-handles\/#primaryimage","url":"https:\/\/www.sdapakuote.lt\/wp-content\/uploads\/2022\/05\/Popieriniai-maiseliai-suktomis-rankenomis-su-logo-scaled.jpg","contentUrl":"https:\/\/www.sdapakuote.lt\/wp-content\/uploads\/2022\/05\/Popieriniai-maiseliai-suktomis-rankenomis-su-logo-scaled.jpg","width":2560,"height":2560,"caption":"Popieriniai mai\u0161eliai suktomis rankenomis su logo"},{"@type":"BreadcrumbList","@id":"https:\/\/www.sdapakuote.lt\/en\/products\/personalized-paper-packaging\/personalized-paper-bags\/paper-bags-with-twisted-handles\/#breadcrumb","itemListElement":[{"@type":"ListItem","position":1,"name":"Home","item":"https:\/\/www.sdapakuote.lt\/en\/"},{"@type":"ListItem","position":2,"name":"Products","item":"https:\/\/www.sdapakuote.lt\/en\/products\/"},{"@type":"ListItem","position":3,"name":"Personalized paper packaging","item":"https:\/\/www.sdapakuote.lt\/en\/products\/personalized-paper-packaging\/"},{"@type":"ListItem","position":4,"name":"Personalized paper bags","item":"https:\/\/www.sdapakuote.lt\/en\/products\/personalized-paper-packaging\/personalized-paper-bags\/"},{"@type":"ListItem","position":5,"name":"Paper bags with twisted handles"}]},{"@type":"WebSite","@id":"https:\/\/www.sdapakuote.lt\/en\/#website","url":"https:\/\/www.sdapakuote.lt\/en\/","name":"sdapakuote.lt","description":"Kol kas tik dar vienas WordPress tinklalapis","potentialAction":[{"@type":"SearchAction","target":{"@type":"EntryPoint","urlTemplate":"https:\/\/www.sdapakuote.lt\/en\/?s={search_term_string}"},"query-input":{"@type":"PropertyValueSpecification","valueRequired":true,"valueName":"search_term_string"}}],"inLanguage":"en-US"}]}},"_links":{"self":[{"href":"https:\/\/www.sdapakuote.lt\/en\/wp-json\/wp\/v2\/pages\/2024","targetHints":{"allow":["GET"]}}],"collection":[{"href":"https:\/\/www.sdapakuote.lt\/en\/wp-json\/wp\/v2\/pages"}],"about":[{"href":"https:\/\/www.sdapakuote.lt\/en\/wp-json\/wp\/v2\/types\/page"}],"author":[{"embeddable":true,"href":"https:\/\/www.sdapakuote.lt\/en\/wp-json\/wp\/v2\/users\/1"}],"replies":[{"embeddable":true,"href":"https:\/\/www.sdapakuote.lt\/en\/wp-json\/wp\/v2\/comments?post=2024"}],"version-history":[{"count":3,"href":"https:\/\/www.sdapakuote.lt\/en\/wp-json\/wp\/v2\/pages\/2024\/revisions"}],"predecessor-version":[{"id":2062,"href":"https:\/\/www.sdapakuote.lt\/en\/wp-json\/wp\/v2\/pages\/2024\/revisions\/2062"}],"up":[{"embeddable":true,"href":"https:\/\/www.sdapakuote.lt\/en\/wp-json\/wp\/v2\/pages\/2001"}],"wp:featuredmedia":[{"embeddable":true,"href":"https:\/\/www.sdapakuote.lt\/en\/wp-json\/wp\/v2\/media\/1855"}],"wp:attachment":[{"href":"https:\/\/www.sdapakuote.lt\/en\/wp-json\/wp\/v2\/media?parent=2024"}],"curies":[{"name":"wp","href":"https:\/\/api.w.org\/{rel}","templated":true}]}}