{"id":2021,"date":"2021-09-22T06:46:00","date_gmt":"2021-09-22T06:46:00","guid":{"rendered":"https:\/\/www.sdapakuote.lt\/products\/personalized-paper-packaging\/kartono-dezes\/"},"modified":"2022-09-13T12:44:30","modified_gmt":"2022-09-13T12:44:30","slug":"personalized-cardboard-boxes","status":"publish","type":"page","link":"https:\/\/www.sdapakuote.lt\/en\/products\/personalized-paper-packaging\/personalized-cardboard-boxes\/","title":{"rendered":"Personalized cardboard boxes"},"content":{"rendered":"<p style=\"text-align: center;\">Personalized printing on parcel boxes, for all sizes of post machines S, M, L. Both quick closing and standard corrugated cardboard boxes.<\/p>\n","protected":false},"excerpt":{"rendered":"<p>Personalized printing on parcel boxes, for all sizes of post machines S, M, L. Both quick closing and standard corrugated cardboard boxes.<\/p>\n","protected":false},"author":1,"featured_media":3586,"parent":1997,"menu_order":0,"comment_status":"closed","ping_status":"closed","template":"page-products.php","meta":{"_acf_changed":false,"footnotes":""},"class_list":["post-2021","page","type-page","status-publish","has-post-thumbnail","hentry"],"acf":[],"yoast_head":"<!-- This site is optimized with the Yoast SEO plugin v27.4 - https:\/\/yoast.com\/product\/yoast-seo-wordpress\/ -->\n<title>Personalized cardboard boxes - sdapakuote.lt<\/title>\n<meta name=\"description\" content=\"Didmenin\u0117 prekyba gofruoto kartono d\u0117\u017eemis, siuntini\u0173 d\u0117\u017e\u0117mis vis\u0173 dyd\u017ei\u0173 pa\u0161tomatams S,M,L. Tiek greito u\u017edarymo, tiek klapanin\u0117mis d\u0117\u017e\u0117mis.\" \/>\n<meta name=\"robots\" content=\"index, follow, max-snippet:-1, max-image-preview:large, max-video-preview:-1\" \/>\n<link rel=\"canonical\" href=\"https:\/\/www.sdapakuote.lt\/en\/products\/personalized-paper-packaging\/personalized-cardboard-boxes\/\" \/>\n<meta property=\"og:locale\" content=\"en_US\" \/>\n<meta property=\"og:type\" content=\"article\" \/>\n<meta property=\"og:title\" content=\"Personalized cardboard boxes - sdapakuote.lt\" \/>\n<meta property=\"og:description\" content=\"Didmenin\u0117 prekyba gofruoto kartono d\u0117\u017eemis, siuntini\u0173 d\u0117\u017e\u0117mis vis\u0173 dyd\u017ei\u0173 pa\u0161tomatams S,M,L. Tiek greito u\u017edarymo, tiek klapanin\u0117mis d\u0117\u017e\u0117mis.\" \/>\n<meta property=\"og:url\" content=\"https:\/\/www.sdapakuote.lt\/en\/products\/personalized-paper-packaging\/personalized-cardboard-boxes\/\" \/>\n<meta property=\"og:site_name\" content=\"sdapakuote.lt\" \/>\n<meta property=\"article:modified_time\" content=\"2022-09-13T12:44:30+00:00\" \/>\n<meta name=\"twitter:card\" content=\"summary_large_image\" \/>\n<meta name=\"twitter:label1\" content=\"Est. reading time\" \/>\n\t<meta name=\"twitter:data1\" content=\"1 minute\" \/>\n<script type=\"application\/ld+json\" class=\"yoast-schema-graph\">{\"@context\":\"https:\\\/\\\/schema.org\",\"@graph\":[{\"@type\":\"WebPage\",\"@id\":\"https:\\\/\\\/www.sdapakuote.lt\\\/en\\\/products\\\/personalized-paper-packaging\\\/personalized-cardboard-boxes\\\/\",\"url\":\"https:\\\/\\\/www.sdapakuote.lt\\\/en\\\/products\\\/personalized-paper-packaging\\\/personalized-cardboard-boxes\\\/\",\"name\":\"Personalized cardboard boxes - sdapakuote.lt\",\"isPartOf\":{\"@id\":\"https:\\\/\\\/www.sdapakuote.lt\\\/en\\\/#website\"},\"primaryImageOfPage\":{\"@id\":\"https:\\\/\\\/www.sdapakuote.lt\\\/en\\\/products\\\/personalized-paper-packaging\\\/personalized-cardboard-boxes\\\/#primaryimage\"},\"image\":{\"@id\":\"https:\\\/\\\/www.sdapakuote.lt\\\/en\\\/products\\\/personalized-paper-packaging\\\/personalized-cardboard-boxes\\\/#primaryimage\"},\"thumbnailUrl\":\"https:\\\/\\\/www.sdapakuote.lt\\\/wp-content\\\/uploads\\\/2024\\\/12\\\/Popierines-dezutes-siuntoms-Design-by-Reda.png\",\"datePublished\":\"2021-09-22T06:46:00+00:00\",\"dateModified\":\"2022-09-13T12:44:30+00:00\",\"description\":\"Didmenin\u0117 prekyba gofruoto kartono d\u0117\u017eemis, siuntini\u0173 d\u0117\u017e\u0117mis vis\u0173 dyd\u017ei\u0173 pa\u0161tomatams S,M,L. Tiek greito u\u017edarymo, tiek klapanin\u0117mis d\u0117\u017e\u0117mis.\",\"breadcrumb\":{\"@id\":\"https:\\\/\\\/www.sdapakuote.lt\\\/en\\\/products\\\/personalized-paper-packaging\\\/personalized-cardboard-boxes\\\/#breadcrumb\"},\"inLanguage\":\"en-US\",\"potentialAction\":[{\"@type\":\"ReadAction\",\"target\":[\"https:\\\/\\\/www.sdapakuote.lt\\\/en\\\/products\\\/personalized-paper-packaging\\\/personalized-cardboard-boxes\\\/\"]}]},{\"@type\":\"ImageObject\",\"inLanguage\":\"en-US\",\"@id\":\"https:\\\/\\\/www.sdapakuote.lt\\\/en\\\/products\\\/personalized-paper-packaging\\\/personalized-cardboard-boxes\\\/#primaryimage\",\"url\":\"https:\\\/\\\/www.sdapakuote.lt\\\/wp-content\\\/uploads\\\/2024\\\/12\\\/Popierines-dezutes-siuntoms-Design-by-Reda.png\",\"contentUrl\":\"https:\\\/\\\/www.sdapakuote.lt\\\/wp-content\\\/uploads\\\/2024\\\/12\\\/Popierines-dezutes-siuntoms-Design-by-Reda.png\",\"width\":1000,\"height\":780,\"caption\":\"Popierin\u0117s d\u0117\u017eut\u0117s su spauda \\\"Design by Reda\\\"\"},{\"@type\":\"BreadcrumbList\",\"@id\":\"https:\\\/\\\/www.sdapakuote.lt\\\/en\\\/products\\\/personalized-paper-packaging\\\/personalized-cardboard-boxes\\\/#breadcrumb\",\"itemListElement\":[{\"@type\":\"ListItem\",\"position\":1,\"name\":\"Home\",\"item\":\"https:\\\/\\\/www.sdapakuote.lt\\\/en\\\/\"},{\"@type\":\"ListItem\",\"position\":2,\"name\":\"Products\",\"item\":\"https:\\\/\\\/www.sdapakuote.lt\\\/en\\\/products\\\/\"},{\"@type\":\"ListItem\",\"position\":3,\"name\":\"Personalized paper packaging\",\"item\":\"https:\\\/\\\/www.sdapakuote.lt\\\/en\\\/products\\\/personalized-paper-packaging\\\/\"},{\"@type\":\"ListItem\",\"position\":4,\"name\":\"Personalized cardboard boxes\"}]},{\"@type\":\"WebSite\",\"@id\":\"https:\\\/\\\/www.sdapakuote.lt\\\/en\\\/#website\",\"url\":\"https:\\\/\\\/www.sdapakuote.lt\\\/en\\\/\",\"name\":\"sdapakuote.lt\",\"description\":\"Kol kas tik dar vienas WordPress tinklalapis\",\"potentialAction\":[{\"@type\":\"SearchAction\",\"target\":{\"@type\":\"EntryPoint\",\"urlTemplate\":\"https:\\\/\\\/www.sdapakuote.lt\\\/en\\\/?s={search_term_string}\"},\"query-input\":{\"@type\":\"PropertyValueSpecification\",\"valueRequired\":true,\"valueName\":\"search_term_string\"}}],\"inLanguage\":\"en-US\"}]}<\/script>\n<!-- \/ Yoast SEO plugin. -->","yoast_head_json":{"title":"Personalized cardboard boxes - sdapakuote.lt","description":"Didmenin\u0117 prekyba gofruoto kartono d\u0117\u017eemis, siuntini\u0173 d\u0117\u017e\u0117mis vis\u0173 dyd\u017ei\u0173 pa\u0161tomatams S,M,L. Tiek greito u\u017edarymo, tiek klapanin\u0117mis d\u0117\u017e\u0117mis.","robots":{"index":"index","follow":"follow","max-snippet":"max-snippet:-1","max-image-preview":"max-image-preview:large","max-video-preview":"max-video-preview:-1"},"canonical":"https:\/\/www.sdapakuote.lt\/en\/products\/personalized-paper-packaging\/personalized-cardboard-boxes\/","og_locale":"en_US","og_type":"article","og_title":"Personalized cardboard boxes - sdapakuote.lt","og_description":"Didmenin\u0117 prekyba gofruoto kartono d\u0117\u017eemis, siuntini\u0173 d\u0117\u017e\u0117mis vis\u0173 dyd\u017ei\u0173 pa\u0161tomatams S,M,L. Tiek greito u\u017edarymo, tiek klapanin\u0117mis d\u0117\u017e\u0117mis.","og_url":"https:\/\/www.sdapakuote.lt\/en\/products\/personalized-paper-packaging\/personalized-cardboard-boxes\/","og_site_name":"sdapakuote.lt","article_modified_time":"2022-09-13T12:44:30+00:00","twitter_card":"summary_large_image","twitter_misc":{"Est. reading time":"1 minute"},"schema":{"@context":"https:\/\/schema.org","@graph":[{"@type":"WebPage","@id":"https:\/\/www.sdapakuote.lt\/en\/products\/personalized-paper-packaging\/personalized-cardboard-boxes\/","url":"https:\/\/www.sdapakuote.lt\/en\/products\/personalized-paper-packaging\/personalized-cardboard-boxes\/","name":"Personalized cardboard boxes - sdapakuote.lt","isPartOf":{"@id":"https:\/\/www.sdapakuote.lt\/en\/#website"},"primaryImageOfPage":{"@id":"https:\/\/www.sdapakuote.lt\/en\/products\/personalized-paper-packaging\/personalized-cardboard-boxes\/#primaryimage"},"image":{"@id":"https:\/\/www.sdapakuote.lt\/en\/products\/personalized-paper-packaging\/personalized-cardboard-boxes\/#primaryimage"},"thumbnailUrl":"https:\/\/www.sdapakuote.lt\/wp-content\/uploads\/2024\/12\/Popierines-dezutes-siuntoms-Design-by-Reda.png","datePublished":"2021-09-22T06:46:00+00:00","dateModified":"2022-09-13T12:44:30+00:00","description":"Didmenin\u0117 prekyba gofruoto kartono d\u0117\u017eemis, siuntini\u0173 d\u0117\u017e\u0117mis vis\u0173 dyd\u017ei\u0173 pa\u0161tomatams S,M,L. Tiek greito u\u017edarymo, tiek klapanin\u0117mis d\u0117\u017e\u0117mis.","breadcrumb":{"@id":"https:\/\/www.sdapakuote.lt\/en\/products\/personalized-paper-packaging\/personalized-cardboard-boxes\/#breadcrumb"},"inLanguage":"en-US","potentialAction":[{"@type":"ReadAction","target":["https:\/\/www.sdapakuote.lt\/en\/products\/personalized-paper-packaging\/personalized-cardboard-boxes\/"]}]},{"@type":"ImageObject","inLanguage":"en-US","@id":"https:\/\/www.sdapakuote.lt\/en\/products\/personalized-paper-packaging\/personalized-cardboard-boxes\/#primaryimage","url":"https:\/\/www.sdapakuote.lt\/wp-content\/uploads\/2024\/12\/Popierines-dezutes-siuntoms-Design-by-Reda.png","contentUrl":"https:\/\/www.sdapakuote.lt\/wp-content\/uploads\/2024\/12\/Popierines-dezutes-siuntoms-Design-by-Reda.png","width":1000,"height":780,"caption":"Popierin\u0117s d\u0117\u017eut\u0117s su spauda \"Design by Reda\""},{"@type":"BreadcrumbList","@id":"https:\/\/www.sdapakuote.lt\/en\/products\/personalized-paper-packaging\/personalized-cardboard-boxes\/#breadcrumb","itemListElement":[{"@type":"ListItem","position":1,"name":"Home","item":"https:\/\/www.sdapakuote.lt\/en\/"},{"@type":"ListItem","position":2,"name":"Products","item":"https:\/\/www.sdapakuote.lt\/en\/products\/"},{"@type":"ListItem","position":3,"name":"Personalized paper packaging","item":"https:\/\/www.sdapakuote.lt\/en\/products\/personalized-paper-packaging\/"},{"@type":"ListItem","position":4,"name":"Personalized cardboard boxes"}]},{"@type":"WebSite","@id":"https:\/\/www.sdapakuote.lt\/en\/#website","url":"https:\/\/www.sdapakuote.lt\/en\/","name":"sdapakuote.lt","description":"Kol kas tik dar vienas WordPress tinklalapis","potentialAction":[{"@type":"SearchAction","target":{"@type":"EntryPoint","urlTemplate":"https:\/\/www.sdapakuote.lt\/en\/?s={search_term_string}"},"query-input":{"@type":"PropertyValueSpecification","valueRequired":true,"valueName":"search_term_string"}}],"inLanguage":"en-US"}]}},"_links":{"self":[{"href":"https:\/\/www.sdapakuote.lt\/en\/wp-json\/wp\/v2\/pages\/2021","targetHints":{"allow":["GET"]}}],"collection":[{"href":"https:\/\/www.sdapakuote.lt\/en\/wp-json\/wp\/v2\/pages"}],"about":[{"href":"https:\/\/www.sdapakuote.lt\/en\/wp-json\/wp\/v2\/types\/page"}],"author":[{"embeddable":true,"href":"https:\/\/www.sdapakuote.lt\/en\/wp-json\/wp\/v2\/users\/1"}],"replies":[{"embeddable":true,"href":"https:\/\/www.sdapakuote.lt\/en\/wp-json\/wp\/v2\/comments?post=2021"}],"version-history":[{"count":3,"href":"https:\/\/www.sdapakuote.lt\/en\/wp-json\/wp\/v2\/pages\/2021\/revisions"}],"predecessor-version":[{"id":2101,"href":"https:\/\/www.sdapakuote.lt\/en\/wp-json\/wp\/v2\/pages\/2021\/revisions\/2101"}],"up":[{"embeddable":true,"href":"https:\/\/www.sdapakuote.lt\/en\/wp-json\/wp\/v2\/pages\/1997"}],"wp:featuredmedia":[{"embeddable":true,"href":"https:\/\/www.sdapakuote.lt\/en\/wp-json\/wp\/v2\/media\/3586"}],"wp:attachment":[{"href":"https:\/\/www.sdapakuote.lt\/en\/wp-json\/wp\/v2\/media?parent=2021"}],"curies":[{"name":"wp","href":"https:\/\/api.w.org\/{rel}","templated":true}]}}