{"id":2013,"date":"2022-02-03T11:54:09","date_gmt":"2022-02-03T11:54:09","guid":{"rendered":"https:\/\/www.sdapakuote.lt\/dezutes-su-langeliu\/"},"modified":"2022-09-12T10:41:25","modified_gmt":"2022-09-12T10:41:25","slug":"boxes-with-a-transparent-window","status":"publish","type":"page","link":"https:\/\/www.sdapakuote.lt\/en\/products\/personalized-paper-packaging\/personalized-cardboard-boxes\/boxes-with-a-transparent-window\/","title":{"rendered":"Boxes with a transparent window"},"content":{"rendered":"<p>&nbsp;<\/p>\n<p id=\"tw-target-text\" class=\"tw-data-text tw-text-large tw-ta\" dir=\"ltr\" data-placeholder=\"Translation\"><span class=\"Y2IQFc\" lang=\"en\">We produce personalized boxes with your notes or logo. The boxes are brown, the inside is white, the boxes are also available in white. Wide range of printing options available in various sizes. <strong><span style=\"color: #ff6600;\">We can make this type of brown boxes with a logo from 1 piece.<\/span><\/strong><\/span><\/p>\n<p>&nbsp;<\/p>\n<p>&nbsp;<\/p>\n<p><iframe loading=\"lazy\" src=\"\/\/www.youtube.com\/embed\/A5hGafCbd0k\" width=\"300\" height=\"168\" allowfullscreen=\"allowfullscreen\"><\/iframe><\/p>\n","protected":false},"excerpt":{"rendered":"<p>&nbsp; We produce personalized boxes with your notes or logo. The boxes are brown, the inside is white, the boxes are also available in white. Wide range of printing options available in various sizes. We can make this type of brown boxes with a logo from 1 piece. &nbsp; &nbsp;<\/p>\n","protected":false},"author":2,"featured_media":1443,"parent":2021,"menu_order":0,"comment_status":"closed","ping_status":"closed","template":"page-single-product.php","meta":{"_acf_changed":false,"footnotes":""},"class_list":["post-2013","page","type-page","status-publish","has-post-thumbnail","hentry"],"acf":[],"yoast_head":"<!-- This site is optimized with the Yoast SEO plugin v27.4 - https:\/\/yoast.com\/product\/yoast-seo-wordpress\/ -->\n<title>Boxes with a transparent window - sdapakuote.lt<\/title>\n<meta name=\"description\" content=\"Prekiaujame \u012fvairi\u0173 i\u0161matavim\u0173 d\u0117\u017eut\u0117mis su langeliu. D\u0117\u017e\u0117s rudos spalvos, vidus baltas. Galimi \u012fvair\u016bs dyd\u017eiai.\u00a0\" \/>\n<meta name=\"robots\" content=\"index, follow, max-snippet:-1, max-image-preview:large, max-video-preview:-1\" \/>\n<link rel=\"canonical\" href=\"https:\/\/www.sdapakuote.lt\/en\/products\/personalized-paper-packaging\/personalized-cardboard-boxes\/boxes-with-a-transparent-window\/\" \/>\n<meta property=\"og:locale\" content=\"en_US\" \/>\n<meta property=\"og:type\" content=\"article\" \/>\n<meta property=\"og:title\" content=\"Boxes with a transparent window - sdapakuote.lt\" \/>\n<meta property=\"og:description\" content=\"Prekiaujame \u012fvairi\u0173 i\u0161matavim\u0173 d\u0117\u017eut\u0117mis su langeliu. D\u0117\u017e\u0117s rudos spalvos, vidus baltas. Galimi \u012fvair\u016bs dyd\u017eiai.\u00a0\" \/>\n<meta property=\"og:url\" content=\"https:\/\/www.sdapakuote.lt\/en\/products\/personalized-paper-packaging\/personalized-cardboard-boxes\/boxes-with-a-transparent-window\/\" \/>\n<meta property=\"og:site_name\" content=\"sdapakuote.lt\" \/>\n<meta property=\"article:modified_time\" content=\"2022-09-12T10:41:25+00:00\" \/>\n<meta property=\"og:image\" content=\"https:\/\/www.sdapakuote.lt\/wp-content\/uploads\/2022\/02\/dezutes-su-langeliu.jpg\" \/>\n\t<meta property=\"og:image:width\" content=\"2110\" \/>\n\t<meta property=\"og:image:height\" content=\"2202\" \/>\n\t<meta property=\"og:image:type\" content=\"image\/jpeg\" \/>\n<meta name=\"twitter:card\" content=\"summary_large_image\" \/>\n<script type=\"application\/ld+json\" class=\"yoast-schema-graph\">{\"@context\":\"https:\\\/\\\/schema.org\",\"@graph\":[{\"@type\":\"WebPage\",\"@id\":\"https:\\\/\\\/www.sdapakuote.lt\\\/en\\\/products\\\/personalized-paper-packaging\\\/personalized-cardboard-boxes\\\/boxes-with-a-transparent-window\\\/\",\"url\":\"https:\\\/\\\/www.sdapakuote.lt\\\/en\\\/products\\\/personalized-paper-packaging\\\/personalized-cardboard-boxes\\\/boxes-with-a-transparent-window\\\/\",\"name\":\"Boxes with a transparent window - sdapakuote.lt\",\"isPartOf\":{\"@id\":\"https:\\\/\\\/www.sdapakuote.lt\\\/en\\\/#website\"},\"primaryImageOfPage\":{\"@id\":\"https:\\\/\\\/www.sdapakuote.lt\\\/en\\\/products\\\/personalized-paper-packaging\\\/personalized-cardboard-boxes\\\/boxes-with-a-transparent-window\\\/#primaryimage\"},\"image\":{\"@id\":\"https:\\\/\\\/www.sdapakuote.lt\\\/en\\\/products\\\/personalized-paper-packaging\\\/personalized-cardboard-boxes\\\/boxes-with-a-transparent-window\\\/#primaryimage\"},\"thumbnailUrl\":\"https:\\\/\\\/www.sdapakuote.lt\\\/wp-content\\\/uploads\\\/2022\\\/02\\\/dezutes-su-langeliu.jpg\",\"datePublished\":\"2022-02-03T11:54:09+00:00\",\"dateModified\":\"2022-09-12T10:41:25+00:00\",\"description\":\"Prekiaujame \u012fvairi\u0173 i\u0161matavim\u0173 d\u0117\u017eut\u0117mis su langeliu. D\u0117\u017e\u0117s rudos spalvos, vidus baltas. Galimi \u012fvair\u016bs dyd\u017eiai.\u00a0\",\"breadcrumb\":{\"@id\":\"https:\\\/\\\/www.sdapakuote.lt\\\/en\\\/products\\\/personalized-paper-packaging\\\/personalized-cardboard-boxes\\\/boxes-with-a-transparent-window\\\/#breadcrumb\"},\"inLanguage\":\"en-US\",\"potentialAction\":[{\"@type\":\"ReadAction\",\"target\":[\"https:\\\/\\\/www.sdapakuote.lt\\\/en\\\/products\\\/personalized-paper-packaging\\\/personalized-cardboard-boxes\\\/boxes-with-a-transparent-window\\\/\"]}]},{\"@type\":\"ImageObject\",\"inLanguage\":\"en-US\",\"@id\":\"https:\\\/\\\/www.sdapakuote.lt\\\/en\\\/products\\\/personalized-paper-packaging\\\/personalized-cardboard-boxes\\\/boxes-with-a-transparent-window\\\/#primaryimage\",\"url\":\"https:\\\/\\\/www.sdapakuote.lt\\\/wp-content\\\/uploads\\\/2022\\\/02\\\/dezutes-su-langeliu.jpg\",\"contentUrl\":\"https:\\\/\\\/www.sdapakuote.lt\\\/wp-content\\\/uploads\\\/2022\\\/02\\\/dezutes-su-langeliu.jpg\",\"width\":2110,\"height\":2202,\"caption\":\"D\u0117\u017eut\u0117s su permatomu langeliu\"},{\"@type\":\"BreadcrumbList\",\"@id\":\"https:\\\/\\\/www.sdapakuote.lt\\\/en\\\/products\\\/personalized-paper-packaging\\\/personalized-cardboard-boxes\\\/boxes-with-a-transparent-window\\\/#breadcrumb\",\"itemListElement\":[{\"@type\":\"ListItem\",\"position\":1,\"name\":\"Home\",\"item\":\"https:\\\/\\\/www.sdapakuote.lt\\\/en\\\/\"},{\"@type\":\"ListItem\",\"position\":2,\"name\":\"Products\",\"item\":\"https:\\\/\\\/www.sdapakuote.lt\\\/en\\\/products\\\/\"},{\"@type\":\"ListItem\",\"position\":3,\"name\":\"Personalized paper packaging\",\"item\":\"https:\\\/\\\/www.sdapakuote.lt\\\/en\\\/products\\\/personalized-paper-packaging\\\/\"},{\"@type\":\"ListItem\",\"position\":4,\"name\":\"Personalized cardboard boxes\",\"item\":\"https:\\\/\\\/www.sdapakuote.lt\\\/en\\\/products\\\/personalized-paper-packaging\\\/personalized-cardboard-boxes\\\/\"},{\"@type\":\"ListItem\",\"position\":5,\"name\":\"Boxes with a transparent window\"}]},{\"@type\":\"WebSite\",\"@id\":\"https:\\\/\\\/www.sdapakuote.lt\\\/en\\\/#website\",\"url\":\"https:\\\/\\\/www.sdapakuote.lt\\\/en\\\/\",\"name\":\"sdapakuote.lt\",\"description\":\"Kol kas tik dar vienas WordPress tinklalapis\",\"potentialAction\":[{\"@type\":\"SearchAction\",\"target\":{\"@type\":\"EntryPoint\",\"urlTemplate\":\"https:\\\/\\\/www.sdapakuote.lt\\\/en\\\/?s={search_term_string}\"},\"query-input\":{\"@type\":\"PropertyValueSpecification\",\"valueRequired\":true,\"valueName\":\"search_term_string\"}}],\"inLanguage\":\"en-US\"}]}<\/script>\n<!-- \/ Yoast SEO plugin. -->","yoast_head_json":{"title":"Boxes with a transparent window - sdapakuote.lt","description":"Prekiaujame \u012fvairi\u0173 i\u0161matavim\u0173 d\u0117\u017eut\u0117mis su langeliu. D\u0117\u017e\u0117s rudos spalvos, vidus baltas. Galimi \u012fvair\u016bs dyd\u017eiai.\u00a0","robots":{"index":"index","follow":"follow","max-snippet":"max-snippet:-1","max-image-preview":"max-image-preview:large","max-video-preview":"max-video-preview:-1"},"canonical":"https:\/\/www.sdapakuote.lt\/en\/products\/personalized-paper-packaging\/personalized-cardboard-boxes\/boxes-with-a-transparent-window\/","og_locale":"en_US","og_type":"article","og_title":"Boxes with a transparent window - sdapakuote.lt","og_description":"Prekiaujame \u012fvairi\u0173 i\u0161matavim\u0173 d\u0117\u017eut\u0117mis su langeliu. D\u0117\u017e\u0117s rudos spalvos, vidus baltas. Galimi \u012fvair\u016bs dyd\u017eiai.\u00a0","og_url":"https:\/\/www.sdapakuote.lt\/en\/products\/personalized-paper-packaging\/personalized-cardboard-boxes\/boxes-with-a-transparent-window\/","og_site_name":"sdapakuote.lt","article_modified_time":"2022-09-12T10:41:25+00:00","og_image":[{"width":2110,"height":2202,"url":"https:\/\/www.sdapakuote.lt\/wp-content\/uploads\/2022\/02\/dezutes-su-langeliu.jpg","type":"image\/jpeg"}],"twitter_card":"summary_large_image","schema":{"@context":"https:\/\/schema.org","@graph":[{"@type":"WebPage","@id":"https:\/\/www.sdapakuote.lt\/en\/products\/personalized-paper-packaging\/personalized-cardboard-boxes\/boxes-with-a-transparent-window\/","url":"https:\/\/www.sdapakuote.lt\/en\/products\/personalized-paper-packaging\/personalized-cardboard-boxes\/boxes-with-a-transparent-window\/","name":"Boxes with a transparent window - sdapakuote.lt","isPartOf":{"@id":"https:\/\/www.sdapakuote.lt\/en\/#website"},"primaryImageOfPage":{"@id":"https:\/\/www.sdapakuote.lt\/en\/products\/personalized-paper-packaging\/personalized-cardboard-boxes\/boxes-with-a-transparent-window\/#primaryimage"},"image":{"@id":"https:\/\/www.sdapakuote.lt\/en\/products\/personalized-paper-packaging\/personalized-cardboard-boxes\/boxes-with-a-transparent-window\/#primaryimage"},"thumbnailUrl":"https:\/\/www.sdapakuote.lt\/wp-content\/uploads\/2022\/02\/dezutes-su-langeliu.jpg","datePublished":"2022-02-03T11:54:09+00:00","dateModified":"2022-09-12T10:41:25+00:00","description":"Prekiaujame \u012fvairi\u0173 i\u0161matavim\u0173 d\u0117\u017eut\u0117mis su langeliu. D\u0117\u017e\u0117s rudos spalvos, vidus baltas. Galimi \u012fvair\u016bs dyd\u017eiai.\u00a0","breadcrumb":{"@id":"https:\/\/www.sdapakuote.lt\/en\/products\/personalized-paper-packaging\/personalized-cardboard-boxes\/boxes-with-a-transparent-window\/#breadcrumb"},"inLanguage":"en-US","potentialAction":[{"@type":"ReadAction","target":["https:\/\/www.sdapakuote.lt\/en\/products\/personalized-paper-packaging\/personalized-cardboard-boxes\/boxes-with-a-transparent-window\/"]}]},{"@type":"ImageObject","inLanguage":"en-US","@id":"https:\/\/www.sdapakuote.lt\/en\/products\/personalized-paper-packaging\/personalized-cardboard-boxes\/boxes-with-a-transparent-window\/#primaryimage","url":"https:\/\/www.sdapakuote.lt\/wp-content\/uploads\/2022\/02\/dezutes-su-langeliu.jpg","contentUrl":"https:\/\/www.sdapakuote.lt\/wp-content\/uploads\/2022\/02\/dezutes-su-langeliu.jpg","width":2110,"height":2202,"caption":"D\u0117\u017eut\u0117s su permatomu langeliu"},{"@type":"BreadcrumbList","@id":"https:\/\/www.sdapakuote.lt\/en\/products\/personalized-paper-packaging\/personalized-cardboard-boxes\/boxes-with-a-transparent-window\/#breadcrumb","itemListElement":[{"@type":"ListItem","position":1,"name":"Home","item":"https:\/\/www.sdapakuote.lt\/en\/"},{"@type":"ListItem","position":2,"name":"Products","item":"https:\/\/www.sdapakuote.lt\/en\/products\/"},{"@type":"ListItem","position":3,"name":"Personalized paper packaging","item":"https:\/\/www.sdapakuote.lt\/en\/products\/personalized-paper-packaging\/"},{"@type":"ListItem","position":4,"name":"Personalized cardboard boxes","item":"https:\/\/www.sdapakuote.lt\/en\/products\/personalized-paper-packaging\/personalized-cardboard-boxes\/"},{"@type":"ListItem","position":5,"name":"Boxes with a transparent window"}]},{"@type":"WebSite","@id":"https:\/\/www.sdapakuote.lt\/en\/#website","url":"https:\/\/www.sdapakuote.lt\/en\/","name":"sdapakuote.lt","description":"Kol kas tik dar vienas WordPress tinklalapis","potentialAction":[{"@type":"SearchAction","target":{"@type":"EntryPoint","urlTemplate":"https:\/\/www.sdapakuote.lt\/en\/?s={search_term_string}"},"query-input":{"@type":"PropertyValueSpecification","valueRequired":true,"valueName":"search_term_string"}}],"inLanguage":"en-US"}]}},"_links":{"self":[{"href":"https:\/\/www.sdapakuote.lt\/en\/wp-json\/wp\/v2\/pages\/2013","targetHints":{"allow":["GET"]}}],"collection":[{"href":"https:\/\/www.sdapakuote.lt\/en\/wp-json\/wp\/v2\/pages"}],"about":[{"href":"https:\/\/www.sdapakuote.lt\/en\/wp-json\/wp\/v2\/types\/page"}],"author":[{"embeddable":true,"href":"https:\/\/www.sdapakuote.lt\/en\/wp-json\/wp\/v2\/users\/2"}],"replies":[{"embeddable":true,"href":"https:\/\/www.sdapakuote.lt\/en\/wp-json\/wp\/v2\/comments?post=2013"}],"version-history":[{"count":2,"href":"https:\/\/www.sdapakuote.lt\/en\/wp-json\/wp\/v2\/pages\/2013\/revisions"}],"predecessor-version":[{"id":2076,"href":"https:\/\/www.sdapakuote.lt\/en\/wp-json\/wp\/v2\/pages\/2013\/revisions\/2076"}],"up":[{"embeddable":true,"href":"https:\/\/www.sdapakuote.lt\/en\/wp-json\/wp\/v2\/pages\/2021"}],"wp:featuredmedia":[{"embeddable":true,"href":"https:\/\/www.sdapakuote.lt\/en\/wp-json\/wp\/v2\/media\/1443"}],"wp:attachment":[{"href":"https:\/\/www.sdapakuote.lt\/en\/wp-json\/wp\/v2\/media?parent=2013"}],"curies":[{"name":"wp","href":"https:\/\/api.w.org\/{rel}","templated":true}]}}