{"id":1986,"date":"2021-12-15T08:27:10","date_gmt":"2021-12-15T08:27:10","guid":{"rendered":"https:\/\/www.sdapakuote.lt\/products\/packaging-tools-and-equipment\/mini-stretch-rankena\/"},"modified":"2022-09-07T08:31:43","modified_gmt":"2022-09-07T08:31:43","slug":"film-wrapping-tool-mini-stretch","status":"publish","type":"page","link":"https:\/\/www.sdapakuote.lt\/en\/products\/packaging-tools-and-equipment\/film-wrapping-tool-mini-stretch\/","title":{"rendered":"Film wrapping tool (Mini stretch)"},"content":{"rendered":"<p>&nbsp;<\/p>\n<p id=\"tw-target-text\" class=\"tw-data-text tw-text-large tw-ta\" dir=\"ltr\" data-placeholder=\"Translation\"><span class=\"Y2IQFc\" lang=\"en\">The handle for stretch film wrapping. The handle is plastic, suitable for 10 cm &#8211; 20 cm wide stretch film.<\/span><\/p>\n","protected":false},"excerpt":{"rendered":"<p>&nbsp; The handle for stretch film wrapping. The handle is plastic, suitable for 10 cm &#8211; 20 cm wide stretch film.<\/p>\n","protected":false},"author":2,"featured_media":1395,"parent":1969,"menu_order":0,"comment_status":"closed","ping_status":"closed","template":"page-single-product.php","meta":{"_acf_changed":false,"footnotes":""},"class_list":["post-1986","page","type-page","status-publish","has-post-thumbnail","hentry"],"acf":[],"yoast_head":"<!-- This site is optimized with the Yoast SEO plugin v27.4 - https:\/\/yoast.com\/product\/yoast-seo-wordpress\/ -->\n<title>Film wrapping tool (Mini stretch) - sdapakuote.lt<\/title>\n<meta name=\"description\" content=\"Rankena mini tamprios pl\u0117veles vyniojimui. Rankena plastikin\u0117, tinkanti 10cm - 20cm plo\u010dio tampriai pl\u0117velei.\" \/>\n<meta name=\"robots\" content=\"index, follow, max-snippet:-1, max-image-preview:large, max-video-preview:-1\" \/>\n<link rel=\"canonical\" href=\"https:\/\/www.sdapakuote.lt\/en\/products\/packaging-tools-and-equipment\/film-wrapping-tool-mini-stretch\/\" \/>\n<meta property=\"og:locale\" content=\"en_US\" \/>\n<meta property=\"og:type\" content=\"article\" \/>\n<meta property=\"og:title\" content=\"Film wrapping tool (Mini stretch) - sdapakuote.lt\" \/>\n<meta property=\"og:description\" content=\"Rankena mini tamprios pl\u0117veles vyniojimui. Rankena plastikin\u0117, tinkanti 10cm - 20cm plo\u010dio tampriai pl\u0117velei.\" \/>\n<meta property=\"og:url\" content=\"https:\/\/www.sdapakuote.lt\/en\/products\/packaging-tools-and-equipment\/film-wrapping-tool-mini-stretch\/\" \/>\n<meta property=\"og:site_name\" content=\"sdapakuote.lt\" \/>\n<meta property=\"article:modified_time\" content=\"2022-09-07T08:31:43+00:00\" \/>\n<meta property=\"og:image\" content=\"https:\/\/www.sdapakuote.lt\/wp-content\/uploads\/2021\/12\/Rankena-mini-stretch.jpg\" \/>\n\t<meta property=\"og:image:width\" content=\"2240\" \/>\n\t<meta property=\"og:image:height\" content=\"1442\" \/>\n\t<meta property=\"og:image:type\" content=\"image\/jpeg\" \/>\n<meta name=\"twitter:card\" content=\"summary_large_image\" \/>\n<script type=\"application\/ld+json\" class=\"yoast-schema-graph\">{\"@context\":\"https:\\\/\\\/schema.org\",\"@graph\":[{\"@type\":\"WebPage\",\"@id\":\"https:\\\/\\\/www.sdapakuote.lt\\\/en\\\/products\\\/packaging-tools-and-equipment\\\/film-wrapping-tool-mini-stretch\\\/\",\"url\":\"https:\\\/\\\/www.sdapakuote.lt\\\/en\\\/products\\\/packaging-tools-and-equipment\\\/film-wrapping-tool-mini-stretch\\\/\",\"name\":\"Film wrapping tool (Mini stretch) - sdapakuote.lt\",\"isPartOf\":{\"@id\":\"https:\\\/\\\/www.sdapakuote.lt\\\/en\\\/#website\"},\"primaryImageOfPage\":{\"@id\":\"https:\\\/\\\/www.sdapakuote.lt\\\/en\\\/products\\\/packaging-tools-and-equipment\\\/film-wrapping-tool-mini-stretch\\\/#primaryimage\"},\"image\":{\"@id\":\"https:\\\/\\\/www.sdapakuote.lt\\\/en\\\/products\\\/packaging-tools-and-equipment\\\/film-wrapping-tool-mini-stretch\\\/#primaryimage\"},\"thumbnailUrl\":\"https:\\\/\\\/www.sdapakuote.lt\\\/wp-content\\\/uploads\\\/2021\\\/12\\\/Rankena-mini-stretch.jpg\",\"datePublished\":\"2021-12-15T08:27:10+00:00\",\"dateModified\":\"2022-09-07T08:31:43+00:00\",\"description\":\"Rankena mini tamprios pl\u0117veles vyniojimui. Rankena plastikin\u0117, tinkanti 10cm - 20cm plo\u010dio tampriai pl\u0117velei.\",\"breadcrumb\":{\"@id\":\"https:\\\/\\\/www.sdapakuote.lt\\\/en\\\/products\\\/packaging-tools-and-equipment\\\/film-wrapping-tool-mini-stretch\\\/#breadcrumb\"},\"inLanguage\":\"en-US\",\"potentialAction\":[{\"@type\":\"ReadAction\",\"target\":[\"https:\\\/\\\/www.sdapakuote.lt\\\/en\\\/products\\\/packaging-tools-and-equipment\\\/film-wrapping-tool-mini-stretch\\\/\"]}]},{\"@type\":\"ImageObject\",\"inLanguage\":\"en-US\",\"@id\":\"https:\\\/\\\/www.sdapakuote.lt\\\/en\\\/products\\\/packaging-tools-and-equipment\\\/film-wrapping-tool-mini-stretch\\\/#primaryimage\",\"url\":\"https:\\\/\\\/www.sdapakuote.lt\\\/wp-content\\\/uploads\\\/2021\\\/12\\\/Rankena-mini-stretch.jpg\",\"contentUrl\":\"https:\\\/\\\/www.sdapakuote.lt\\\/wp-content\\\/uploads\\\/2021\\\/12\\\/Rankena-mini-stretch.jpg\",\"width\":2240,\"height\":1442,\"caption\":\"Rankena mini stretch pl\u0117velei\"},{\"@type\":\"BreadcrumbList\",\"@id\":\"https:\\\/\\\/www.sdapakuote.lt\\\/en\\\/products\\\/packaging-tools-and-equipment\\\/film-wrapping-tool-mini-stretch\\\/#breadcrumb\",\"itemListElement\":[{\"@type\":\"ListItem\",\"position\":1,\"name\":\"Home\",\"item\":\"https:\\\/\\\/www.sdapakuote.lt\\\/en\\\/\"},{\"@type\":\"ListItem\",\"position\":2,\"name\":\"Products\",\"item\":\"https:\\\/\\\/www.sdapakuote.lt\\\/en\\\/products\\\/\"},{\"@type\":\"ListItem\",\"position\":3,\"name\":\"Packaging tools and equipment\",\"item\":\"https:\\\/\\\/www.sdapakuote.lt\\\/en\\\/products\\\/packaging-tools-and-equipment\\\/\"},{\"@type\":\"ListItem\",\"position\":4,\"name\":\"Film wrapping tool (Mini stretch)\"}]},{\"@type\":\"WebSite\",\"@id\":\"https:\\\/\\\/www.sdapakuote.lt\\\/en\\\/#website\",\"url\":\"https:\\\/\\\/www.sdapakuote.lt\\\/en\\\/\",\"name\":\"sdapakuote.lt\",\"description\":\"Kol kas tik dar vienas WordPress tinklalapis\",\"potentialAction\":[{\"@type\":\"SearchAction\",\"target\":{\"@type\":\"EntryPoint\",\"urlTemplate\":\"https:\\\/\\\/www.sdapakuote.lt\\\/en\\\/?s={search_term_string}\"},\"query-input\":{\"@type\":\"PropertyValueSpecification\",\"valueRequired\":true,\"valueName\":\"search_term_string\"}}],\"inLanguage\":\"en-US\"}]}<\/script>\n<!-- \/ Yoast SEO plugin. -->","yoast_head_json":{"title":"Film wrapping tool (Mini stretch) - sdapakuote.lt","description":"Rankena mini tamprios pl\u0117veles vyniojimui. Rankena plastikin\u0117, tinkanti 10cm - 20cm plo\u010dio tampriai pl\u0117velei.","robots":{"index":"index","follow":"follow","max-snippet":"max-snippet:-1","max-image-preview":"max-image-preview:large","max-video-preview":"max-video-preview:-1"},"canonical":"https:\/\/www.sdapakuote.lt\/en\/products\/packaging-tools-and-equipment\/film-wrapping-tool-mini-stretch\/","og_locale":"en_US","og_type":"article","og_title":"Film wrapping tool (Mini stretch) - sdapakuote.lt","og_description":"Rankena mini tamprios pl\u0117veles vyniojimui. Rankena plastikin\u0117, tinkanti 10cm - 20cm plo\u010dio tampriai pl\u0117velei.","og_url":"https:\/\/www.sdapakuote.lt\/en\/products\/packaging-tools-and-equipment\/film-wrapping-tool-mini-stretch\/","og_site_name":"sdapakuote.lt","article_modified_time":"2022-09-07T08:31:43+00:00","og_image":[{"width":2240,"height":1442,"url":"https:\/\/www.sdapakuote.lt\/wp-content\/uploads\/2021\/12\/Rankena-mini-stretch.jpg","type":"image\/jpeg"}],"twitter_card":"summary_large_image","schema":{"@context":"https:\/\/schema.org","@graph":[{"@type":"WebPage","@id":"https:\/\/www.sdapakuote.lt\/en\/products\/packaging-tools-and-equipment\/film-wrapping-tool-mini-stretch\/","url":"https:\/\/www.sdapakuote.lt\/en\/products\/packaging-tools-and-equipment\/film-wrapping-tool-mini-stretch\/","name":"Film wrapping tool (Mini stretch) - sdapakuote.lt","isPartOf":{"@id":"https:\/\/www.sdapakuote.lt\/en\/#website"},"primaryImageOfPage":{"@id":"https:\/\/www.sdapakuote.lt\/en\/products\/packaging-tools-and-equipment\/film-wrapping-tool-mini-stretch\/#primaryimage"},"image":{"@id":"https:\/\/www.sdapakuote.lt\/en\/products\/packaging-tools-and-equipment\/film-wrapping-tool-mini-stretch\/#primaryimage"},"thumbnailUrl":"https:\/\/www.sdapakuote.lt\/wp-content\/uploads\/2021\/12\/Rankena-mini-stretch.jpg","datePublished":"2021-12-15T08:27:10+00:00","dateModified":"2022-09-07T08:31:43+00:00","description":"Rankena mini tamprios pl\u0117veles vyniojimui. Rankena plastikin\u0117, tinkanti 10cm - 20cm plo\u010dio tampriai pl\u0117velei.","breadcrumb":{"@id":"https:\/\/www.sdapakuote.lt\/en\/products\/packaging-tools-and-equipment\/film-wrapping-tool-mini-stretch\/#breadcrumb"},"inLanguage":"en-US","potentialAction":[{"@type":"ReadAction","target":["https:\/\/www.sdapakuote.lt\/en\/products\/packaging-tools-and-equipment\/film-wrapping-tool-mini-stretch\/"]}]},{"@type":"ImageObject","inLanguage":"en-US","@id":"https:\/\/www.sdapakuote.lt\/en\/products\/packaging-tools-and-equipment\/film-wrapping-tool-mini-stretch\/#primaryimage","url":"https:\/\/www.sdapakuote.lt\/wp-content\/uploads\/2021\/12\/Rankena-mini-stretch.jpg","contentUrl":"https:\/\/www.sdapakuote.lt\/wp-content\/uploads\/2021\/12\/Rankena-mini-stretch.jpg","width":2240,"height":1442,"caption":"Rankena mini stretch pl\u0117velei"},{"@type":"BreadcrumbList","@id":"https:\/\/www.sdapakuote.lt\/en\/products\/packaging-tools-and-equipment\/film-wrapping-tool-mini-stretch\/#breadcrumb","itemListElement":[{"@type":"ListItem","position":1,"name":"Home","item":"https:\/\/www.sdapakuote.lt\/en\/"},{"@type":"ListItem","position":2,"name":"Products","item":"https:\/\/www.sdapakuote.lt\/en\/products\/"},{"@type":"ListItem","position":3,"name":"Packaging tools and equipment","item":"https:\/\/www.sdapakuote.lt\/en\/products\/packaging-tools-and-equipment\/"},{"@type":"ListItem","position":4,"name":"Film wrapping tool (Mini stretch)"}]},{"@type":"WebSite","@id":"https:\/\/www.sdapakuote.lt\/en\/#website","url":"https:\/\/www.sdapakuote.lt\/en\/","name":"sdapakuote.lt","description":"Kol kas tik dar vienas WordPress tinklalapis","potentialAction":[{"@type":"SearchAction","target":{"@type":"EntryPoint","urlTemplate":"https:\/\/www.sdapakuote.lt\/en\/?s={search_term_string}"},"query-input":{"@type":"PropertyValueSpecification","valueRequired":true,"valueName":"search_term_string"}}],"inLanguage":"en-US"}]}},"_links":{"self":[{"href":"https:\/\/www.sdapakuote.lt\/en\/wp-json\/wp\/v2\/pages\/1986","targetHints":{"allow":["GET"]}}],"collection":[{"href":"https:\/\/www.sdapakuote.lt\/en\/wp-json\/wp\/v2\/pages"}],"about":[{"href":"https:\/\/www.sdapakuote.lt\/en\/wp-json\/wp\/v2\/types\/page"}],"author":[{"embeddable":true,"href":"https:\/\/www.sdapakuote.lt\/en\/wp-json\/wp\/v2\/users\/2"}],"replies":[{"embeddable":true,"href":"https:\/\/www.sdapakuote.lt\/en\/wp-json\/wp\/v2\/comments?post=1986"}],"version-history":[{"count":2,"href":"https:\/\/www.sdapakuote.lt\/en\/wp-json\/wp\/v2\/pages\/1986\/revisions"}],"predecessor-version":[{"id":1988,"href":"https:\/\/www.sdapakuote.lt\/en\/wp-json\/wp\/v2\/pages\/1986\/revisions\/1988"}],"up":[{"embeddable":true,"href":"https:\/\/www.sdapakuote.lt\/en\/wp-json\/wp\/v2\/pages\/1969"}],"wp:featuredmedia":[{"embeddable":true,"href":"https:\/\/www.sdapakuote.lt\/en\/wp-json\/wp\/v2\/media\/1395"}],"wp:attachment":[{"href":"https:\/\/www.sdapakuote.lt\/en\/wp-json\/wp\/v2\/media?parent=1986"}],"curies":[{"name":"wp","href":"https:\/\/api.w.org\/{rel}","templated":true}]}}