{"id":1982,"date":"2021-12-15T09:15:01","date_gmt":"2021-12-15T09:15:01","guid":{"rendered":"https:\/\/www.sdapakuote.lt\/products\/packaging-tools-and-equipment\/maiseliu-uzlydimo-apratas\/"},"modified":"2022-09-07T08:27:22","modified_gmt":"2022-09-07T08:27:22","slug":"sealing-tools-for-plastic-bags","status":"publish","type":"page","link":"https:\/\/www.sdapakuote.lt\/en\/products\/packaging-tools-and-equipment\/sealing-tools-for-plastic-bags\/","title":{"rendered":"Sealing tools for plastic bags"},"content":{"rendered":"<p id=\"tw-target-text\" class=\"tw-data-text tw-text-large tw-ta\" dir=\"ltr\" data-placeholder=\"Translation\"><span class=\"Y2IQFc\" lang=\"en\">We sell impulse bag sealing tools for plastic bags. We have different widths, suitable for bags from 10 mm wide to 600 mm wide bags. Suitable for sealing PP, LDPE, HDPE, MDPE bags. Bag sealing tools are widely used, with non-flammable fabric on the &#8220;knives&#8221; that do not burn the bag, the film does not stick.<\/span><\/p>\n","protected":false},"excerpt":{"rendered":"<p>We sell impulse bag sealing tools for plastic bags. We have different widths, suitable for bags from 10 mm wide to 600 mm wide bags. Suitable for sealing PP, LDPE, HDPE, MDPE bags. Bag sealing tools are widely used, with non-flammable fabric on the &#8220;knives&#8221; that do not burn the bag, the film does not [&hellip;]<\/p>\n","protected":false},"author":2,"featured_media":1405,"parent":1969,"menu_order":0,"comment_status":"closed","ping_status":"closed","template":"page-single-product.php","meta":{"_acf_changed":false,"footnotes":""},"class_list":["post-1982","page","type-page","status-publish","has-post-thumbnail","hentry"],"acf":[],"yoast_head":"<!-- This site is optimized with the Yoast SEO plugin v27.4 - https:\/\/yoast.com\/product\/yoast-seo-wordpress\/ -->\n<title>Sealing tools for plastic bags - sdapakuote.lt<\/title>\n<meta name=\"description\" content=\"Prekiaujame impulsiniais mai\u0161eli\u0173 u\u017elydimo aparatais. Turime \u012fvairi\u0173 plo\u010di\u0173, tinkami mai\u0161eliams nuo 10mm plo\u010dio iki 600mm plo\u010dio mai\u0161ams.\" \/>\n<meta name=\"robots\" content=\"index, follow, max-snippet:-1, max-image-preview:large, max-video-preview:-1\" \/>\n<link rel=\"canonical\" href=\"https:\/\/www.sdapakuote.lt\/en\/products\/packaging-tools-and-equipment\/sealing-tools-for-plastic-bags\/\" \/>\n<meta property=\"og:locale\" content=\"en_US\" \/>\n<meta property=\"og:type\" content=\"article\" \/>\n<meta property=\"og:title\" content=\"Sealing tools for plastic bags - sdapakuote.lt\" \/>\n<meta property=\"og:description\" content=\"Prekiaujame impulsiniais mai\u0161eli\u0173 u\u017elydimo aparatais. Turime \u012fvairi\u0173 plo\u010di\u0173, tinkami mai\u0161eliams nuo 10mm plo\u010dio iki 600mm plo\u010dio mai\u0161ams.\" \/>\n<meta property=\"og:url\" content=\"https:\/\/www.sdapakuote.lt\/en\/products\/packaging-tools-and-equipment\/sealing-tools-for-plastic-bags\/\" \/>\n<meta property=\"og:site_name\" content=\"sdapakuote.lt\" \/>\n<meta property=\"article:modified_time\" content=\"2022-09-07T08:27:22+00:00\" \/>\n<meta property=\"og:image\" content=\"https:\/\/www.sdapakuote.lt\/wp-content\/uploads\/2021\/12\/uzlydimo-aparatai.jpg\" \/>\n\t<meta property=\"og:image:width\" content=\"1000\" \/>\n\t<meta property=\"og:image:height\" content=\"1000\" \/>\n\t<meta property=\"og:image:type\" content=\"image\/jpeg\" \/>\n<meta name=\"twitter:card\" content=\"summary_large_image\" \/>\n<script type=\"application\/ld+json\" class=\"yoast-schema-graph\">{\"@context\":\"https:\\\/\\\/schema.org\",\"@graph\":[{\"@type\":\"WebPage\",\"@id\":\"https:\\\/\\\/www.sdapakuote.lt\\\/en\\\/products\\\/packaging-tools-and-equipment\\\/sealing-tools-for-plastic-bags\\\/\",\"url\":\"https:\\\/\\\/www.sdapakuote.lt\\\/en\\\/products\\\/packaging-tools-and-equipment\\\/sealing-tools-for-plastic-bags\\\/\",\"name\":\"Sealing tools for plastic bags - sdapakuote.lt\",\"isPartOf\":{\"@id\":\"https:\\\/\\\/www.sdapakuote.lt\\\/en\\\/#website\"},\"primaryImageOfPage\":{\"@id\":\"https:\\\/\\\/www.sdapakuote.lt\\\/en\\\/products\\\/packaging-tools-and-equipment\\\/sealing-tools-for-plastic-bags\\\/#primaryimage\"},\"image\":{\"@id\":\"https:\\\/\\\/www.sdapakuote.lt\\\/en\\\/products\\\/packaging-tools-and-equipment\\\/sealing-tools-for-plastic-bags\\\/#primaryimage\"},\"thumbnailUrl\":\"https:\\\/\\\/www.sdapakuote.lt\\\/wp-content\\\/uploads\\\/2021\\\/12\\\/uzlydimo-aparatai.jpg\",\"datePublished\":\"2021-12-15T09:15:01+00:00\",\"dateModified\":\"2022-09-07T08:27:22+00:00\",\"description\":\"Prekiaujame impulsiniais mai\u0161eli\u0173 u\u017elydimo aparatais. Turime \u012fvairi\u0173 plo\u010di\u0173, tinkami mai\u0161eliams nuo 10mm plo\u010dio iki 600mm plo\u010dio mai\u0161ams.\",\"breadcrumb\":{\"@id\":\"https:\\\/\\\/www.sdapakuote.lt\\\/en\\\/products\\\/packaging-tools-and-equipment\\\/sealing-tools-for-plastic-bags\\\/#breadcrumb\"},\"inLanguage\":\"en-US\",\"potentialAction\":[{\"@type\":\"ReadAction\",\"target\":[\"https:\\\/\\\/www.sdapakuote.lt\\\/en\\\/products\\\/packaging-tools-and-equipment\\\/sealing-tools-for-plastic-bags\\\/\"]}]},{\"@type\":\"ImageObject\",\"inLanguage\":\"en-US\",\"@id\":\"https:\\\/\\\/www.sdapakuote.lt\\\/en\\\/products\\\/packaging-tools-and-equipment\\\/sealing-tools-for-plastic-bags\\\/#primaryimage\",\"url\":\"https:\\\/\\\/www.sdapakuote.lt\\\/wp-content\\\/uploads\\\/2021\\\/12\\\/uzlydimo-aparatai.jpg\",\"contentUrl\":\"https:\\\/\\\/www.sdapakuote.lt\\\/wp-content\\\/uploads\\\/2021\\\/12\\\/uzlydimo-aparatai.jpg\",\"width\":1000,\"height\":1000},{\"@type\":\"BreadcrumbList\",\"@id\":\"https:\\\/\\\/www.sdapakuote.lt\\\/en\\\/products\\\/packaging-tools-and-equipment\\\/sealing-tools-for-plastic-bags\\\/#breadcrumb\",\"itemListElement\":[{\"@type\":\"ListItem\",\"position\":1,\"name\":\"Home\",\"item\":\"https:\\\/\\\/www.sdapakuote.lt\\\/en\\\/\"},{\"@type\":\"ListItem\",\"position\":2,\"name\":\"Products\",\"item\":\"https:\\\/\\\/www.sdapakuote.lt\\\/en\\\/products\\\/\"},{\"@type\":\"ListItem\",\"position\":3,\"name\":\"Packaging tools and equipment\",\"item\":\"https:\\\/\\\/www.sdapakuote.lt\\\/en\\\/products\\\/packaging-tools-and-equipment\\\/\"},{\"@type\":\"ListItem\",\"position\":4,\"name\":\"Sealing tools for plastic bags\"}]},{\"@type\":\"WebSite\",\"@id\":\"https:\\\/\\\/www.sdapakuote.lt\\\/en\\\/#website\",\"url\":\"https:\\\/\\\/www.sdapakuote.lt\\\/en\\\/\",\"name\":\"sdapakuote.lt\",\"description\":\"Kol kas tik dar vienas WordPress tinklalapis\",\"potentialAction\":[{\"@type\":\"SearchAction\",\"target\":{\"@type\":\"EntryPoint\",\"urlTemplate\":\"https:\\\/\\\/www.sdapakuote.lt\\\/en\\\/?s={search_term_string}\"},\"query-input\":{\"@type\":\"PropertyValueSpecification\",\"valueRequired\":true,\"valueName\":\"search_term_string\"}}],\"inLanguage\":\"en-US\"}]}<\/script>\n<!-- \/ Yoast SEO plugin. -->","yoast_head_json":{"title":"Sealing tools for plastic bags - sdapakuote.lt","description":"Prekiaujame impulsiniais mai\u0161eli\u0173 u\u017elydimo aparatais. Turime \u012fvairi\u0173 plo\u010di\u0173, tinkami mai\u0161eliams nuo 10mm plo\u010dio iki 600mm plo\u010dio mai\u0161ams.","robots":{"index":"index","follow":"follow","max-snippet":"max-snippet:-1","max-image-preview":"max-image-preview:large","max-video-preview":"max-video-preview:-1"},"canonical":"https:\/\/www.sdapakuote.lt\/en\/products\/packaging-tools-and-equipment\/sealing-tools-for-plastic-bags\/","og_locale":"en_US","og_type":"article","og_title":"Sealing tools for plastic bags - sdapakuote.lt","og_description":"Prekiaujame impulsiniais mai\u0161eli\u0173 u\u017elydimo aparatais. Turime \u012fvairi\u0173 plo\u010di\u0173, tinkami mai\u0161eliams nuo 10mm plo\u010dio iki 600mm plo\u010dio mai\u0161ams.","og_url":"https:\/\/www.sdapakuote.lt\/en\/products\/packaging-tools-and-equipment\/sealing-tools-for-plastic-bags\/","og_site_name":"sdapakuote.lt","article_modified_time":"2022-09-07T08:27:22+00:00","og_image":[{"width":1000,"height":1000,"url":"https:\/\/www.sdapakuote.lt\/wp-content\/uploads\/2021\/12\/uzlydimo-aparatai.jpg","type":"image\/jpeg"}],"twitter_card":"summary_large_image","schema":{"@context":"https:\/\/schema.org","@graph":[{"@type":"WebPage","@id":"https:\/\/www.sdapakuote.lt\/en\/products\/packaging-tools-and-equipment\/sealing-tools-for-plastic-bags\/","url":"https:\/\/www.sdapakuote.lt\/en\/products\/packaging-tools-and-equipment\/sealing-tools-for-plastic-bags\/","name":"Sealing tools for plastic bags - sdapakuote.lt","isPartOf":{"@id":"https:\/\/www.sdapakuote.lt\/en\/#website"},"primaryImageOfPage":{"@id":"https:\/\/www.sdapakuote.lt\/en\/products\/packaging-tools-and-equipment\/sealing-tools-for-plastic-bags\/#primaryimage"},"image":{"@id":"https:\/\/www.sdapakuote.lt\/en\/products\/packaging-tools-and-equipment\/sealing-tools-for-plastic-bags\/#primaryimage"},"thumbnailUrl":"https:\/\/www.sdapakuote.lt\/wp-content\/uploads\/2021\/12\/uzlydimo-aparatai.jpg","datePublished":"2021-12-15T09:15:01+00:00","dateModified":"2022-09-07T08:27:22+00:00","description":"Prekiaujame impulsiniais mai\u0161eli\u0173 u\u017elydimo aparatais. Turime \u012fvairi\u0173 plo\u010di\u0173, tinkami mai\u0161eliams nuo 10mm plo\u010dio iki 600mm plo\u010dio mai\u0161ams.","breadcrumb":{"@id":"https:\/\/www.sdapakuote.lt\/en\/products\/packaging-tools-and-equipment\/sealing-tools-for-plastic-bags\/#breadcrumb"},"inLanguage":"en-US","potentialAction":[{"@type":"ReadAction","target":["https:\/\/www.sdapakuote.lt\/en\/products\/packaging-tools-and-equipment\/sealing-tools-for-plastic-bags\/"]}]},{"@type":"ImageObject","inLanguage":"en-US","@id":"https:\/\/www.sdapakuote.lt\/en\/products\/packaging-tools-and-equipment\/sealing-tools-for-plastic-bags\/#primaryimage","url":"https:\/\/www.sdapakuote.lt\/wp-content\/uploads\/2021\/12\/uzlydimo-aparatai.jpg","contentUrl":"https:\/\/www.sdapakuote.lt\/wp-content\/uploads\/2021\/12\/uzlydimo-aparatai.jpg","width":1000,"height":1000},{"@type":"BreadcrumbList","@id":"https:\/\/www.sdapakuote.lt\/en\/products\/packaging-tools-and-equipment\/sealing-tools-for-plastic-bags\/#breadcrumb","itemListElement":[{"@type":"ListItem","position":1,"name":"Home","item":"https:\/\/www.sdapakuote.lt\/en\/"},{"@type":"ListItem","position":2,"name":"Products","item":"https:\/\/www.sdapakuote.lt\/en\/products\/"},{"@type":"ListItem","position":3,"name":"Packaging tools and equipment","item":"https:\/\/www.sdapakuote.lt\/en\/products\/packaging-tools-and-equipment\/"},{"@type":"ListItem","position":4,"name":"Sealing tools for plastic bags"}]},{"@type":"WebSite","@id":"https:\/\/www.sdapakuote.lt\/en\/#website","url":"https:\/\/www.sdapakuote.lt\/en\/","name":"sdapakuote.lt","description":"Kol kas tik dar vienas WordPress tinklalapis","potentialAction":[{"@type":"SearchAction","target":{"@type":"EntryPoint","urlTemplate":"https:\/\/www.sdapakuote.lt\/en\/?s={search_term_string}"},"query-input":{"@type":"PropertyValueSpecification","valueRequired":true,"valueName":"search_term_string"}}],"inLanguage":"en-US"}]}},"_links":{"self":[{"href":"https:\/\/www.sdapakuote.lt\/en\/wp-json\/wp\/v2\/pages\/1982","targetHints":{"allow":["GET"]}}],"collection":[{"href":"https:\/\/www.sdapakuote.lt\/en\/wp-json\/wp\/v2\/pages"}],"about":[{"href":"https:\/\/www.sdapakuote.lt\/en\/wp-json\/wp\/v2\/types\/page"}],"author":[{"embeddable":true,"href":"https:\/\/www.sdapakuote.lt\/en\/wp-json\/wp\/v2\/users\/2"}],"replies":[{"embeddable":true,"href":"https:\/\/www.sdapakuote.lt\/en\/wp-json\/wp\/v2\/comments?post=1982"}],"version-history":[{"count":2,"href":"https:\/\/www.sdapakuote.lt\/en\/wp-json\/wp\/v2\/pages\/1982\/revisions"}],"predecessor-version":[{"id":1984,"href":"https:\/\/www.sdapakuote.lt\/en\/wp-json\/wp\/v2\/pages\/1982\/revisions\/1984"}],"up":[{"embeddable":true,"href":"https:\/\/www.sdapakuote.lt\/en\/wp-json\/wp\/v2\/pages\/1969"}],"wp:featuredmedia":[{"embeddable":true,"href":"https:\/\/www.sdapakuote.lt\/en\/wp-json\/wp\/v2\/media\/1405"}],"wp:attachment":[{"href":"https:\/\/www.sdapakuote.lt\/en\/wp-json\/wp\/v2\/media?parent=1982"}],"curies":[{"name":"wp","href":"https:\/\/api.w.org\/{rel}","templated":true}]}}