{"id":1978,"date":"2021-09-27T07:09:39","date_gmt":"2021-09-27T07:09:39","guid":{"rendered":"https:\/\/www.sdapakuote.lt\/products\/packaging-tools-and-equipment\/lipniu-juostu-aparatai\/"},"modified":"2022-09-07T08:26:57","modified_gmt":"2022-09-07T08:26:57","slug":"adhesive-tape-tools","status":"publish","type":"page","link":"https:\/\/www.sdapakuote.lt\/en\/products\/packaging-tools-and-equipment\/adhesive-tape-tools\/","title":{"rendered":"Adhesive tape tools"},"content":{"rendered":"<p id=\"tw-target-text\" class=\"tw-data-text tw-text-large tw-ta\" dir=\"ltr\" data-placeholder=\"Translation\"><span class=\"Y2IQFc\" lang=\"en\">We sell tools for adhesive tapes. We currently offer higher quality tape tools to our customers. This tool is equipped with a metal drum and a metal tape elasticity adjustment, it is quite strong, a bit heavier than simpler types of tools. Suitable for 45 mm &#8211; 50 mm wide adhesive tapes.<\/span><\/p>\n","protected":false},"excerpt":{"rendered":"<p>We sell tools for adhesive tapes. We currently offer higher quality tape tools to our customers. This tool is equipped with a metal drum and a metal tape elasticity adjustment, it is quite strong, a bit heavier than simpler types of tools. Suitable for 45 mm &#8211; 50 mm wide adhesive tapes.<\/p>\n","protected":false},"author":1,"featured_media":1149,"parent":1969,"menu_order":0,"comment_status":"closed","ping_status":"closed","template":"page-single-product.php","meta":{"_acf_changed":false,"footnotes":""},"class_list":["post-1978","page","type-page","status-publish","has-post-thumbnail","hentry"],"acf":[],"yoast_head":"<!-- This site is optimized with the Yoast SEO plugin v27.4 - https:\/\/yoast.com\/product\/yoast-seo-wordpress\/ -->\n<title>Adhesive tape tools - sdapakuote.lt<\/title>\n<meta name=\"description\" content=\"Prekiaujame lipnioms juostoms skirtais aparatais. \u0160iuo metu si\u016blome auk\u0161tesnes kokyb\u0117s lipni\u0173 juostu aparatus\" \/>\n<meta name=\"robots\" content=\"index, follow, max-snippet:-1, max-image-preview:large, max-video-preview:-1\" \/>\n<link rel=\"canonical\" href=\"https:\/\/www.sdapakuote.lt\/en\/products\/packaging-tools-and-equipment\/adhesive-tape-tools\/\" \/>\n<meta property=\"og:locale\" content=\"en_US\" \/>\n<meta property=\"og:type\" content=\"article\" \/>\n<meta property=\"og:title\" content=\"Adhesive tape tools - sdapakuote.lt\" \/>\n<meta property=\"og:description\" content=\"Prekiaujame lipnioms juostoms skirtais aparatais. \u0160iuo metu si\u016blome auk\u0161tesnes kokyb\u0117s lipni\u0173 juostu aparatus\" \/>\n<meta property=\"og:url\" content=\"https:\/\/www.sdapakuote.lt\/en\/products\/packaging-tools-and-equipment\/adhesive-tape-tools\/\" \/>\n<meta property=\"og:site_name\" content=\"sdapakuote.lt\" \/>\n<meta property=\"article:modified_time\" content=\"2022-09-07T08:26:57+00:00\" \/>\n<meta property=\"og:image\" content=\"https:\/\/www.sdapakuote.lt\/wp-content\/uploads\/2021\/09\/lipnios-juostos-aparatas.jpg\" \/>\n\t<meta property=\"og:image:width\" content=\"2480\" \/>\n\t<meta property=\"og:image:height\" content=\"1816\" \/>\n\t<meta property=\"og:image:type\" content=\"image\/jpeg\" \/>\n<meta name=\"twitter:card\" content=\"summary_large_image\" \/>\n<script type=\"application\/ld+json\" class=\"yoast-schema-graph\">{\"@context\":\"https:\\\/\\\/schema.org\",\"@graph\":[{\"@type\":\"WebPage\",\"@id\":\"https:\\\/\\\/www.sdapakuote.lt\\\/en\\\/products\\\/packaging-tools-and-equipment\\\/adhesive-tape-tools\\\/\",\"url\":\"https:\\\/\\\/www.sdapakuote.lt\\\/en\\\/products\\\/packaging-tools-and-equipment\\\/adhesive-tape-tools\\\/\",\"name\":\"Adhesive tape tools - sdapakuote.lt\",\"isPartOf\":{\"@id\":\"https:\\\/\\\/www.sdapakuote.lt\\\/en\\\/#website\"},\"primaryImageOfPage\":{\"@id\":\"https:\\\/\\\/www.sdapakuote.lt\\\/en\\\/products\\\/packaging-tools-and-equipment\\\/adhesive-tape-tools\\\/#primaryimage\"},\"image\":{\"@id\":\"https:\\\/\\\/www.sdapakuote.lt\\\/en\\\/products\\\/packaging-tools-and-equipment\\\/adhesive-tape-tools\\\/#primaryimage\"},\"thumbnailUrl\":\"https:\\\/\\\/www.sdapakuote.lt\\\/wp-content\\\/uploads\\\/2021\\\/09\\\/lipnios-juostos-aparatas.jpg\",\"datePublished\":\"2021-09-27T07:09:39+00:00\",\"dateModified\":\"2022-09-07T08:26:57+00:00\",\"description\":\"Prekiaujame lipnioms juostoms skirtais aparatais. \u0160iuo metu si\u016blome auk\u0161tesnes kokyb\u0117s lipni\u0173 juostu aparatus\",\"breadcrumb\":{\"@id\":\"https:\\\/\\\/www.sdapakuote.lt\\\/en\\\/products\\\/packaging-tools-and-equipment\\\/adhesive-tape-tools\\\/#breadcrumb\"},\"inLanguage\":\"en-US\",\"potentialAction\":[{\"@type\":\"ReadAction\",\"target\":[\"https:\\\/\\\/www.sdapakuote.lt\\\/en\\\/products\\\/packaging-tools-and-equipment\\\/adhesive-tape-tools\\\/\"]}]},{\"@type\":\"ImageObject\",\"inLanguage\":\"en-US\",\"@id\":\"https:\\\/\\\/www.sdapakuote.lt\\\/en\\\/products\\\/packaging-tools-and-equipment\\\/adhesive-tape-tools\\\/#primaryimage\",\"url\":\"https:\\\/\\\/www.sdapakuote.lt\\\/wp-content\\\/uploads\\\/2021\\\/09\\\/lipnios-juostos-aparatas.jpg\",\"contentUrl\":\"https:\\\/\\\/www.sdapakuote.lt\\\/wp-content\\\/uploads\\\/2021\\\/09\\\/lipnios-juostos-aparatas.jpg\",\"width\":2480,\"height\":1816,\"caption\":\"Lipnios juostos aparatas\"},{\"@type\":\"BreadcrumbList\",\"@id\":\"https:\\\/\\\/www.sdapakuote.lt\\\/en\\\/products\\\/packaging-tools-and-equipment\\\/adhesive-tape-tools\\\/#breadcrumb\",\"itemListElement\":[{\"@type\":\"ListItem\",\"position\":1,\"name\":\"Home\",\"item\":\"https:\\\/\\\/www.sdapakuote.lt\\\/en\\\/\"},{\"@type\":\"ListItem\",\"position\":2,\"name\":\"Products\",\"item\":\"https:\\\/\\\/www.sdapakuote.lt\\\/en\\\/products\\\/\"},{\"@type\":\"ListItem\",\"position\":3,\"name\":\"Packaging tools and equipment\",\"item\":\"https:\\\/\\\/www.sdapakuote.lt\\\/en\\\/products\\\/packaging-tools-and-equipment\\\/\"},{\"@type\":\"ListItem\",\"position\":4,\"name\":\"Adhesive tape tools\"}]},{\"@type\":\"WebSite\",\"@id\":\"https:\\\/\\\/www.sdapakuote.lt\\\/en\\\/#website\",\"url\":\"https:\\\/\\\/www.sdapakuote.lt\\\/en\\\/\",\"name\":\"sdapakuote.lt\",\"description\":\"Kol kas tik dar vienas WordPress tinklalapis\",\"potentialAction\":[{\"@type\":\"SearchAction\",\"target\":{\"@type\":\"EntryPoint\",\"urlTemplate\":\"https:\\\/\\\/www.sdapakuote.lt\\\/en\\\/?s={search_term_string}\"},\"query-input\":{\"@type\":\"PropertyValueSpecification\",\"valueRequired\":true,\"valueName\":\"search_term_string\"}}],\"inLanguage\":\"en-US\"}]}<\/script>\n<!-- \/ Yoast SEO plugin. -->","yoast_head_json":{"title":"Adhesive tape tools - sdapakuote.lt","description":"Prekiaujame lipnioms juostoms skirtais aparatais. \u0160iuo metu si\u016blome auk\u0161tesnes kokyb\u0117s lipni\u0173 juostu aparatus","robots":{"index":"index","follow":"follow","max-snippet":"max-snippet:-1","max-image-preview":"max-image-preview:large","max-video-preview":"max-video-preview:-1"},"canonical":"https:\/\/www.sdapakuote.lt\/en\/products\/packaging-tools-and-equipment\/adhesive-tape-tools\/","og_locale":"en_US","og_type":"article","og_title":"Adhesive tape tools - sdapakuote.lt","og_description":"Prekiaujame lipnioms juostoms skirtais aparatais. \u0160iuo metu si\u016blome auk\u0161tesnes kokyb\u0117s lipni\u0173 juostu aparatus","og_url":"https:\/\/www.sdapakuote.lt\/en\/products\/packaging-tools-and-equipment\/adhesive-tape-tools\/","og_site_name":"sdapakuote.lt","article_modified_time":"2022-09-07T08:26:57+00:00","og_image":[{"width":2480,"height":1816,"url":"https:\/\/www.sdapakuote.lt\/wp-content\/uploads\/2021\/09\/lipnios-juostos-aparatas.jpg","type":"image\/jpeg"}],"twitter_card":"summary_large_image","schema":{"@context":"https:\/\/schema.org","@graph":[{"@type":"WebPage","@id":"https:\/\/www.sdapakuote.lt\/en\/products\/packaging-tools-and-equipment\/adhesive-tape-tools\/","url":"https:\/\/www.sdapakuote.lt\/en\/products\/packaging-tools-and-equipment\/adhesive-tape-tools\/","name":"Adhesive tape tools - sdapakuote.lt","isPartOf":{"@id":"https:\/\/www.sdapakuote.lt\/en\/#website"},"primaryImageOfPage":{"@id":"https:\/\/www.sdapakuote.lt\/en\/products\/packaging-tools-and-equipment\/adhesive-tape-tools\/#primaryimage"},"image":{"@id":"https:\/\/www.sdapakuote.lt\/en\/products\/packaging-tools-and-equipment\/adhesive-tape-tools\/#primaryimage"},"thumbnailUrl":"https:\/\/www.sdapakuote.lt\/wp-content\/uploads\/2021\/09\/lipnios-juostos-aparatas.jpg","datePublished":"2021-09-27T07:09:39+00:00","dateModified":"2022-09-07T08:26:57+00:00","description":"Prekiaujame lipnioms juostoms skirtais aparatais. \u0160iuo metu si\u016blome auk\u0161tesnes kokyb\u0117s lipni\u0173 juostu aparatus","breadcrumb":{"@id":"https:\/\/www.sdapakuote.lt\/en\/products\/packaging-tools-and-equipment\/adhesive-tape-tools\/#breadcrumb"},"inLanguage":"en-US","potentialAction":[{"@type":"ReadAction","target":["https:\/\/www.sdapakuote.lt\/en\/products\/packaging-tools-and-equipment\/adhesive-tape-tools\/"]}]},{"@type":"ImageObject","inLanguage":"en-US","@id":"https:\/\/www.sdapakuote.lt\/en\/products\/packaging-tools-and-equipment\/adhesive-tape-tools\/#primaryimage","url":"https:\/\/www.sdapakuote.lt\/wp-content\/uploads\/2021\/09\/lipnios-juostos-aparatas.jpg","contentUrl":"https:\/\/www.sdapakuote.lt\/wp-content\/uploads\/2021\/09\/lipnios-juostos-aparatas.jpg","width":2480,"height":1816,"caption":"Lipnios juostos aparatas"},{"@type":"BreadcrumbList","@id":"https:\/\/www.sdapakuote.lt\/en\/products\/packaging-tools-and-equipment\/adhesive-tape-tools\/#breadcrumb","itemListElement":[{"@type":"ListItem","position":1,"name":"Home","item":"https:\/\/www.sdapakuote.lt\/en\/"},{"@type":"ListItem","position":2,"name":"Products","item":"https:\/\/www.sdapakuote.lt\/en\/products\/"},{"@type":"ListItem","position":3,"name":"Packaging tools and equipment","item":"https:\/\/www.sdapakuote.lt\/en\/products\/packaging-tools-and-equipment\/"},{"@type":"ListItem","position":4,"name":"Adhesive tape tools"}]},{"@type":"WebSite","@id":"https:\/\/www.sdapakuote.lt\/en\/#website","url":"https:\/\/www.sdapakuote.lt\/en\/","name":"sdapakuote.lt","description":"Kol kas tik dar vienas WordPress tinklalapis","potentialAction":[{"@type":"SearchAction","target":{"@type":"EntryPoint","urlTemplate":"https:\/\/www.sdapakuote.lt\/en\/?s={search_term_string}"},"query-input":{"@type":"PropertyValueSpecification","valueRequired":true,"valueName":"search_term_string"}}],"inLanguage":"en-US"}]}},"_links":{"self":[{"href":"https:\/\/www.sdapakuote.lt\/en\/wp-json\/wp\/v2\/pages\/1978","targetHints":{"allow":["GET"]}}],"collection":[{"href":"https:\/\/www.sdapakuote.lt\/en\/wp-json\/wp\/v2\/pages"}],"about":[{"href":"https:\/\/www.sdapakuote.lt\/en\/wp-json\/wp\/v2\/types\/page"}],"author":[{"embeddable":true,"href":"https:\/\/www.sdapakuote.lt\/en\/wp-json\/wp\/v2\/users\/1"}],"replies":[{"embeddable":true,"href":"https:\/\/www.sdapakuote.lt\/en\/wp-json\/wp\/v2\/comments?post=1978"}],"version-history":[{"count":2,"href":"https:\/\/www.sdapakuote.lt\/en\/wp-json\/wp\/v2\/pages\/1978\/revisions"}],"predecessor-version":[{"id":1980,"href":"https:\/\/www.sdapakuote.lt\/en\/wp-json\/wp\/v2\/pages\/1978\/revisions\/1980"}],"up":[{"embeddable":true,"href":"https:\/\/www.sdapakuote.lt\/en\/wp-json\/wp\/v2\/pages\/1969"}],"wp:featuredmedia":[{"embeddable":true,"href":"https:\/\/www.sdapakuote.lt\/en\/wp-json\/wp\/v2\/media\/1149"}],"wp:attachment":[{"href":"https:\/\/www.sdapakuote.lt\/en\/wp-json\/wp\/v2\/media?parent=1978"}],"curies":[{"name":"wp","href":"https:\/\/api.w.org\/{rel}","templated":true}]}}