{"id":1965,"date":"2021-10-05T10:13:56","date_gmt":"2021-10-05T10:13:56","guid":{"rendered":"https:\/\/www.sdapakuote.lt\/products\/auxiliary-packing-materials\/vielines-sagteles-risimo-juostai\/"},"modified":"2022-08-24T12:26:44","modified_gmt":"2022-08-24T12:26:44","slug":"wire-buckles-for-strapping-tape","status":"publish","type":"page","link":"https:\/\/www.sdapakuote.lt\/en\/products\/auxiliary-packing-materials\/wire-buckles-for-strapping-tape\/","title":{"rendered":"Wire buckles for strapping tape"},"content":{"rendered":"<p>&nbsp;<\/p>\n<p id=\"tw-target-text\" class=\"tw-data-text tw-text-large tw-ta\" dir=\"ltr\" data-placeholder=\"Translation\"><span class=\"Y2IQFc\" lang=\"en\">We sell wire buckles for strapping tape. In stock, we keep buckles adapted to 12 and 15 mm width binding tape.<\/span><\/p>\n<p>Buckles are 13 or 16 mm width. If you need buckles for a 12 mm width strapping tape, choose the 13 mm buckles, if your tape is 15 mm width, choose the 16 mm buckles.<\/p>\n","protected":false},"excerpt":{"rendered":"<p>&nbsp; We sell wire buckles for strapping tape. In stock, we keep buckles adapted to 12 and 15 mm width binding tape. Buckles are 13 or 16 mm width. If you need buckles for a 12 mm width strapping tape, choose the 13 mm buckles, if your tape is 15 mm width, choose the 16 [&hellip;]<\/p>\n","protected":false},"author":2,"featured_media":1294,"parent":1901,"menu_order":0,"comment_status":"closed","ping_status":"closed","template":"page-single-product.php","meta":{"_acf_changed":false,"footnotes":""},"class_list":["post-1965","page","type-page","status-publish","has-post-thumbnail","hentry"],"acf":[],"yoast_head":"<!-- This site is optimized with the Yoast SEO plugin v27.4 - https:\/\/yoast.com\/product\/yoast-seo-wordpress\/ -->\n<title>Wire buckles for strapping tape - sdapakuote.lt<\/title>\n<meta name=\"description\" content=\"Prekiaujame vielin\u0117mis sagtel\u0117mis ri\u0161imo juostai. Sand\u0117lyje palaikome sagteles pritaikytas 12 ir 15mm plo\u010dio ri\u0161imo juostai.\" \/>\n<meta name=\"robots\" content=\"index, follow, max-snippet:-1, max-image-preview:large, max-video-preview:-1\" \/>\n<link rel=\"canonical\" href=\"https:\/\/www.sdapakuote.lt\/en\/products\/auxiliary-packing-materials\/wire-buckles-for-strapping-tape\/\" \/>\n<meta property=\"og:locale\" content=\"en_US\" \/>\n<meta property=\"og:type\" content=\"article\" \/>\n<meta property=\"og:title\" content=\"Wire buckles for strapping tape - sdapakuote.lt\" \/>\n<meta property=\"og:description\" content=\"Prekiaujame vielin\u0117mis sagtel\u0117mis ri\u0161imo juostai. Sand\u0117lyje palaikome sagteles pritaikytas 12 ir 15mm plo\u010dio ri\u0161imo juostai.\" \/>\n<meta property=\"og:url\" content=\"https:\/\/www.sdapakuote.lt\/en\/products\/auxiliary-packing-materials\/wire-buckles-for-strapping-tape\/\" \/>\n<meta property=\"og:site_name\" content=\"sdapakuote.lt\" \/>\n<meta property=\"article:modified_time\" content=\"2022-08-24T12:26:44+00:00\" \/>\n<meta property=\"og:image\" content=\"https:\/\/www.sdapakuote.lt\/wp-content\/uploads\/2021\/10\/vielines-sagteles-scaled.jpg\" \/>\n\t<meta property=\"og:image:width\" content=\"2560\" \/>\n\t<meta property=\"og:image:height\" content=\"1406\" \/>\n\t<meta property=\"og:image:type\" content=\"image\/jpeg\" \/>\n<meta name=\"twitter:card\" content=\"summary_large_image\" \/>\n<script type=\"application\/ld+json\" class=\"yoast-schema-graph\">{\"@context\":\"https:\\\/\\\/schema.org\",\"@graph\":[{\"@type\":\"WebPage\",\"@id\":\"https:\\\/\\\/www.sdapakuote.lt\\\/en\\\/products\\\/auxiliary-packing-materials\\\/wire-buckles-for-strapping-tape\\\/\",\"url\":\"https:\\\/\\\/www.sdapakuote.lt\\\/en\\\/products\\\/auxiliary-packing-materials\\\/wire-buckles-for-strapping-tape\\\/\",\"name\":\"Wire buckles for strapping tape - sdapakuote.lt\",\"isPartOf\":{\"@id\":\"https:\\\/\\\/www.sdapakuote.lt\\\/en\\\/#website\"},\"primaryImageOfPage\":{\"@id\":\"https:\\\/\\\/www.sdapakuote.lt\\\/en\\\/products\\\/auxiliary-packing-materials\\\/wire-buckles-for-strapping-tape\\\/#primaryimage\"},\"image\":{\"@id\":\"https:\\\/\\\/www.sdapakuote.lt\\\/en\\\/products\\\/auxiliary-packing-materials\\\/wire-buckles-for-strapping-tape\\\/#primaryimage\"},\"thumbnailUrl\":\"https:\\\/\\\/www.sdapakuote.lt\\\/wp-content\\\/uploads\\\/2021\\\/10\\\/vielines-sagteles-scaled.jpg\",\"datePublished\":\"2021-10-05T10:13:56+00:00\",\"dateModified\":\"2022-08-24T12:26:44+00:00\",\"description\":\"Prekiaujame vielin\u0117mis sagtel\u0117mis ri\u0161imo juostai. Sand\u0117lyje palaikome sagteles pritaikytas 12 ir 15mm plo\u010dio ri\u0161imo juostai.\",\"breadcrumb\":{\"@id\":\"https:\\\/\\\/www.sdapakuote.lt\\\/en\\\/products\\\/auxiliary-packing-materials\\\/wire-buckles-for-strapping-tape\\\/#breadcrumb\"},\"inLanguage\":\"en-US\",\"potentialAction\":[{\"@type\":\"ReadAction\",\"target\":[\"https:\\\/\\\/www.sdapakuote.lt\\\/en\\\/products\\\/auxiliary-packing-materials\\\/wire-buckles-for-strapping-tape\\\/\"]}]},{\"@type\":\"ImageObject\",\"inLanguage\":\"en-US\",\"@id\":\"https:\\\/\\\/www.sdapakuote.lt\\\/en\\\/products\\\/auxiliary-packing-materials\\\/wire-buckles-for-strapping-tape\\\/#primaryimage\",\"url\":\"https:\\\/\\\/www.sdapakuote.lt\\\/wp-content\\\/uploads\\\/2021\\\/10\\\/vielines-sagteles-scaled.jpg\",\"contentUrl\":\"https:\\\/\\\/www.sdapakuote.lt\\\/wp-content\\\/uploads\\\/2021\\\/10\\\/vielines-sagteles-scaled.jpg\",\"width\":2560,\"height\":1406,\"caption\":\"Vielin\u0117s sagtel\u0117s\"},{\"@type\":\"BreadcrumbList\",\"@id\":\"https:\\\/\\\/www.sdapakuote.lt\\\/en\\\/products\\\/auxiliary-packing-materials\\\/wire-buckles-for-strapping-tape\\\/#breadcrumb\",\"itemListElement\":[{\"@type\":\"ListItem\",\"position\":1,\"name\":\"Home\",\"item\":\"https:\\\/\\\/www.sdapakuote.lt\\\/en\\\/\"},{\"@type\":\"ListItem\",\"position\":2,\"name\":\"Products\",\"item\":\"https:\\\/\\\/www.sdapakuote.lt\\\/en\\\/products\\\/\"},{\"@type\":\"ListItem\",\"position\":3,\"name\":\"Auxiliary packing materials\",\"item\":\"https:\\\/\\\/www.sdapakuote.lt\\\/en\\\/products\\\/auxiliary-packing-materials\\\/\"},{\"@type\":\"ListItem\",\"position\":4,\"name\":\"Wire buckles for strapping tape\"}]},{\"@type\":\"WebSite\",\"@id\":\"https:\\\/\\\/www.sdapakuote.lt\\\/en\\\/#website\",\"url\":\"https:\\\/\\\/www.sdapakuote.lt\\\/en\\\/\",\"name\":\"sdapakuote.lt\",\"description\":\"Kol kas tik dar vienas WordPress tinklalapis\",\"potentialAction\":[{\"@type\":\"SearchAction\",\"target\":{\"@type\":\"EntryPoint\",\"urlTemplate\":\"https:\\\/\\\/www.sdapakuote.lt\\\/en\\\/?s={search_term_string}\"},\"query-input\":{\"@type\":\"PropertyValueSpecification\",\"valueRequired\":true,\"valueName\":\"search_term_string\"}}],\"inLanguage\":\"en-US\"}]}<\/script>\n<!-- \/ Yoast SEO plugin. -->","yoast_head_json":{"title":"Wire buckles for strapping tape - sdapakuote.lt","description":"Prekiaujame vielin\u0117mis sagtel\u0117mis ri\u0161imo juostai. Sand\u0117lyje palaikome sagteles pritaikytas 12 ir 15mm plo\u010dio ri\u0161imo juostai.","robots":{"index":"index","follow":"follow","max-snippet":"max-snippet:-1","max-image-preview":"max-image-preview:large","max-video-preview":"max-video-preview:-1"},"canonical":"https:\/\/www.sdapakuote.lt\/en\/products\/auxiliary-packing-materials\/wire-buckles-for-strapping-tape\/","og_locale":"en_US","og_type":"article","og_title":"Wire buckles for strapping tape - sdapakuote.lt","og_description":"Prekiaujame vielin\u0117mis sagtel\u0117mis ri\u0161imo juostai. Sand\u0117lyje palaikome sagteles pritaikytas 12 ir 15mm plo\u010dio ri\u0161imo juostai.","og_url":"https:\/\/www.sdapakuote.lt\/en\/products\/auxiliary-packing-materials\/wire-buckles-for-strapping-tape\/","og_site_name":"sdapakuote.lt","article_modified_time":"2022-08-24T12:26:44+00:00","og_image":[{"width":2560,"height":1406,"url":"https:\/\/www.sdapakuote.lt\/wp-content\/uploads\/2021\/10\/vielines-sagteles-scaled.jpg","type":"image\/jpeg"}],"twitter_card":"summary_large_image","schema":{"@context":"https:\/\/schema.org","@graph":[{"@type":"WebPage","@id":"https:\/\/www.sdapakuote.lt\/en\/products\/auxiliary-packing-materials\/wire-buckles-for-strapping-tape\/","url":"https:\/\/www.sdapakuote.lt\/en\/products\/auxiliary-packing-materials\/wire-buckles-for-strapping-tape\/","name":"Wire buckles for strapping tape - sdapakuote.lt","isPartOf":{"@id":"https:\/\/www.sdapakuote.lt\/en\/#website"},"primaryImageOfPage":{"@id":"https:\/\/www.sdapakuote.lt\/en\/products\/auxiliary-packing-materials\/wire-buckles-for-strapping-tape\/#primaryimage"},"image":{"@id":"https:\/\/www.sdapakuote.lt\/en\/products\/auxiliary-packing-materials\/wire-buckles-for-strapping-tape\/#primaryimage"},"thumbnailUrl":"https:\/\/www.sdapakuote.lt\/wp-content\/uploads\/2021\/10\/vielines-sagteles-scaled.jpg","datePublished":"2021-10-05T10:13:56+00:00","dateModified":"2022-08-24T12:26:44+00:00","description":"Prekiaujame vielin\u0117mis sagtel\u0117mis ri\u0161imo juostai. Sand\u0117lyje palaikome sagteles pritaikytas 12 ir 15mm plo\u010dio ri\u0161imo juostai.","breadcrumb":{"@id":"https:\/\/www.sdapakuote.lt\/en\/products\/auxiliary-packing-materials\/wire-buckles-for-strapping-tape\/#breadcrumb"},"inLanguage":"en-US","potentialAction":[{"@type":"ReadAction","target":["https:\/\/www.sdapakuote.lt\/en\/products\/auxiliary-packing-materials\/wire-buckles-for-strapping-tape\/"]}]},{"@type":"ImageObject","inLanguage":"en-US","@id":"https:\/\/www.sdapakuote.lt\/en\/products\/auxiliary-packing-materials\/wire-buckles-for-strapping-tape\/#primaryimage","url":"https:\/\/www.sdapakuote.lt\/wp-content\/uploads\/2021\/10\/vielines-sagteles-scaled.jpg","contentUrl":"https:\/\/www.sdapakuote.lt\/wp-content\/uploads\/2021\/10\/vielines-sagteles-scaled.jpg","width":2560,"height":1406,"caption":"Vielin\u0117s sagtel\u0117s"},{"@type":"BreadcrumbList","@id":"https:\/\/www.sdapakuote.lt\/en\/products\/auxiliary-packing-materials\/wire-buckles-for-strapping-tape\/#breadcrumb","itemListElement":[{"@type":"ListItem","position":1,"name":"Home","item":"https:\/\/www.sdapakuote.lt\/en\/"},{"@type":"ListItem","position":2,"name":"Products","item":"https:\/\/www.sdapakuote.lt\/en\/products\/"},{"@type":"ListItem","position":3,"name":"Auxiliary packing materials","item":"https:\/\/www.sdapakuote.lt\/en\/products\/auxiliary-packing-materials\/"},{"@type":"ListItem","position":4,"name":"Wire buckles for strapping tape"}]},{"@type":"WebSite","@id":"https:\/\/www.sdapakuote.lt\/en\/#website","url":"https:\/\/www.sdapakuote.lt\/en\/","name":"sdapakuote.lt","description":"Kol kas tik dar vienas WordPress tinklalapis","potentialAction":[{"@type":"SearchAction","target":{"@type":"EntryPoint","urlTemplate":"https:\/\/www.sdapakuote.lt\/en\/?s={search_term_string}"},"query-input":{"@type":"PropertyValueSpecification","valueRequired":true,"valueName":"search_term_string"}}],"inLanguage":"en-US"}]}},"_links":{"self":[{"href":"https:\/\/www.sdapakuote.lt\/en\/wp-json\/wp\/v2\/pages\/1965","targetHints":{"allow":["GET"]}}],"collection":[{"href":"https:\/\/www.sdapakuote.lt\/en\/wp-json\/wp\/v2\/pages"}],"about":[{"href":"https:\/\/www.sdapakuote.lt\/en\/wp-json\/wp\/v2\/types\/page"}],"author":[{"embeddable":true,"href":"https:\/\/www.sdapakuote.lt\/en\/wp-json\/wp\/v2\/users\/2"}],"replies":[{"embeddable":true,"href":"https:\/\/www.sdapakuote.lt\/en\/wp-json\/wp\/v2\/comments?post=1965"}],"version-history":[{"count":2,"href":"https:\/\/www.sdapakuote.lt\/en\/wp-json\/wp\/v2\/pages\/1965\/revisions"}],"predecessor-version":[{"id":1967,"href":"https:\/\/www.sdapakuote.lt\/en\/wp-json\/wp\/v2\/pages\/1965\/revisions\/1967"}],"up":[{"embeddable":true,"href":"https:\/\/www.sdapakuote.lt\/en\/wp-json\/wp\/v2\/pages\/1901"}],"wp:featuredmedia":[{"embeddable":true,"href":"https:\/\/www.sdapakuote.lt\/en\/wp-json\/wp\/v2\/media\/1294"}],"wp:attachment":[{"href":"https:\/\/www.sdapakuote.lt\/en\/wp-json\/wp\/v2\/media?parent=1965"}],"curies":[{"name":"wp","href":"https:\/\/api.w.org\/{rel}","templated":true}]}}